{"id":7485,"date":"2021-02-15T13:26:30","date_gmt":"2021-02-15T13:26:30","guid":{"rendered":"https:\/\/www.armaton.com\/?page_id=7485"},"modified":"2023-04-17T08:49:17","modified_gmt":"2023-04-17T08:49:17","slug":"start-page","status":"publish","type":"page","link":"https:\/\/www.armaton.com\/de\/","title":{"rendered":"L\u00f6sungen f\u00fcr leichte Nutzfahrzeuge"},"content":{"rendered":"<div id=\"pl-7485\"  class=\"panel-layout\" ><div id=\"pg-7485-0\"  class=\"panel-grid panel-has-style\" ><div class=\"siteorigin-panels-stretch panel-row-style panel-row-style-for-7485-0\" data-stretch-type=\"full-stretched\" ><div id=\"pgc-7485-0-0\"  class=\"panel-grid-cell\" ><div id=\"panel-7485-0-0-0\" class=\"so-panel widget widget_fa-hero-banner-widget panel-first-child panel-last-child\" data-index=\"0\" ><div class=\"panel-widget-style panel-widget-style-for-7485-0-0-0\" ><div\n\t\t\t\n\t\t\tclass=\"so-widget-fa-hero-banner-widget so-widget-fa-hero-banner-widget-video-1f8c978b3609-7485\"\n\t\t\t\n\t\t><div class=\"forankra-hero-banner\"\n    data-yt-id=\"yRjghNc-2fw\"\n    data-widget-id=\"widget-0-0-0\"\n    data-mobile-breakpoint=\"880\"\n    data-ratio=\"0.5625\">\n\n    <section class=\"cover\">\n            <div class=\"tv\">\n            <div id=\"video-overlay\"><\/div>\n            <div class=\"screen\" id=\"forankra-hero-banner-video-widget-0-0-0\"><\/div>\n            <\/div>\n    <\/section>\n    <section class=\"hero-content\">\n        <div class=\"content\">\n            <span style=\"font-size: 21px;\">ARMATON-L\u00d6SUNGEN<\/span>\n<h1>Determined to Improve*<\/h1>\n<span style=\"font-size: 21px;\">Das versprechen wir. Wir entwickeln unsere L\u00f6sungen kontinuierlich weiter, um den Besitzern von leichten Nutzfahrzeugen stets die beste Funktionalit\u00e4t, Sicherheit und Rentabilit\u00e4t zu bieten.<\/span>\n<br \/>\n<br \/>\n* Wir machen es besser\n<br \/>\n<br \/>            <div class=\"button-container left\"><a href=\"https:\/\/www.armaton.com\/de\/ueber-uns\/\" class=\"forankra-hero-banner-button\">Mehr erfahren &gt;<\/a><\/div>        <\/div>\n    <\/section>\n<\/div>\n<\/div><\/div><\/div><\/div><\/div><\/div><div id=\"pg-7485-1\"  class=\"panel-grid panel-has-style\" ><div class=\"siteorigin-panels-stretch panel-row-style panel-row-style-for-7485-1\" data-stretch-type=\"full-stretched\" ><div id=\"pgc-7485-1-0\"  class=\"panel-grid-cell\" ><div id=\"panel-7485-1-0-0\" class=\"so-panel widget widget_fa-hero-banner-widget panel-first-child panel-last-child\" data-index=\"1\" ><div\n\t\t\t\n\t\t\tclass=\"so-widget-fa-hero-banner-widget so-widget-fa-hero-banner-widget-default-cd1e29ff90d7-7485\"\n\t\t\t\n\t\t><div class=\"forankra-hero-banner\">\n    <img loading=\"lazy\" decoding=\"async\" width=\"2592\" height=\"1010\" src=\"https:\/\/www.armaton.com\/wp-content\/uploads\/sites\/14\/2019\/05\/Start_puff_4.jpg\" class=\"forankra-hero-banner-image\" alt=\"\" srcset=\"https:\/\/www.armaton.com\/wp-content\/uploads\/sites\/14\/2019\/05\/Start_puff_4.jpg 2592w, https:\/\/www.armaton.com\/wp-content\/uploads\/sites\/14\/2019\/05\/Start_puff_4-300x117.jpg 300w, https:\/\/www.armaton.com\/wp-content\/uploads\/sites\/14\/2019\/05\/Start_puff_4-768x299.jpg 768w, https:\/\/www.armaton.com\/wp-content\/uploads\/sites\/14\/2019\/05\/Start_puff_4-1024x399.jpg 1024w, https:\/\/www.armaton.com\/wp-content\/uploads\/sites\/14\/2019\/05\/Start_puff_4-600x234.jpg 600w\" sizes=\"auto, (max-width: 2592px) 100vw, 2592px\" \/>    <section class=\"hero-content\">\n    <div class=\"content\">\n        <h3><strong>Armaton Modular Platform Kit <\/strong><strong>\u2013 passt wie angegossen.<\/strong><\/h3>\n<span style=\"font-size: 18px;\">Damit werden bei Ladepritschen mit Bordwand und Kofferaufbauten f\u00fcr Fahrzeuge bis 3,5\u00a0t die Karten neu gemischt. Die Montage dieses Systems erfordert kein Spezialwerkzeug \u2013 und nur einen Bruchteil der Zeit, die normalerweise f\u00fcr diese Aufbauten ben\u00f6tigt wird. Damit sparen Sie Zeit und Geld.<\/span>\n<br \/>\n<br \/>\n<br \/>        <div class=\"button-container left\"><a href=\"https:\/\/www.armaton.com\/de\/modulare-ladeflaeche-von-armaton\/\" class=\"forankra-hero-banner-button\">Mehr erfahren &gt;<\/a><\/div>    <\/div>\n    <\/section>\n<\/div>\n<\/div><\/div><\/div><\/div><\/div><div id=\"pg-7485-2\"  class=\"panel-grid panel-has-style\" ><div class=\"siteorigin-panels-stretch panel-row-style panel-row-style-for-7485-2\" data-stretch-type=\"full-stretched\" ><div id=\"pgc-7485-2-0\"  class=\"panel-grid-cell\" ><div id=\"panel-7485-2-0-0\" class=\"so-panel widget widget_sow-image panel-first-child panel-last-child\" data-index=\"2\" ><div\n\t\t\t\n\t\t\tclass=\"so-widget-sow-image so-widget-sow-image-default-dbf295114b96-7485\"\n\t\t\t\n\t\t>\n\n<div class=\"sow-image-container\">\n\t\t<img decoding=\"async\" src=\"https:\/\/www.armaton.com\/wp-content\/uploads\/sites\/14\/2019\/06\/Lastsakring_flak1040x644-768x459.png\" width=\"768\" height=\"459\" srcset=\"https:\/\/www.armaton.com\/wp-content\/uploads\/sites\/14\/2019\/06\/Lastsakring_flak1040x644-768x459.png 768w, https:\/\/www.armaton.com\/wp-content\/uploads\/sites\/14\/2019\/06\/Lastsakring_flak1040x644-300x179.png 300w, https:\/\/www.armaton.com\/wp-content\/uploads\/sites\/14\/2019\/06\/Lastsakring_flak1040x644-1024x612.png 1024w, https:\/\/www.armaton.com\/wp-content\/uploads\/sites\/14\/2019\/06\/Lastsakring_flak1040x644-600x359.png 600w, https:\/\/www.armaton.com\/wp-content\/uploads\/sites\/14\/2019\/06\/Lastsakring_flak1040x644.png 1077w\" sizes=\"auto, (max-width: 768px) 100vw, 768px\" title=\"Lastsakring_flak,1040&#215;644\" alt=\" \" loading=\"lazy\" \t\tclass=\"so-widget-image\"\/>\n\t<\/div>\n\n<\/div><\/div><\/div><div id=\"pgc-7485-2-1\"  class=\"panel-grid-cell\" ><div id=\"panel-7485-2-1-0\" class=\"so-panel widget widget_siteorigin-panels-builder panel-first-child panel-last-child\" data-index=\"3\" ><div class=\"panel-widget-style panel-widget-style-for-7485-2-1-0\" ><div id=\"pl-w60354b823fdb5\"  class=\"panel-layout\" ><div id=\"pg-w60354b823fdb5-0\"  class=\"panel-grid panel-no-style\" ><div id=\"pgc-w60354b823fdb5-0-0\"  class=\"panel-grid-cell panel-grid-cell-empty\" ><\/div><div id=\"pgc-w60354b823fdb5-0-1\"  class=\"panel-grid-cell panel-grid-cell-mobile-last\" ><div id=\"panel-w60354b823fdb5-0-1-0\" class=\"so-panel widget widget_sow-editor panel-first-child\" data-index=\"0\" ><div\n\t\t\t\n\t\t\tclass=\"so-widget-sow-editor so-widget-sow-editor-base\"\n\t\t\t\n\t\t>\n<div class=\"siteorigin-widget-tinymce textwidget\">\n\t<h3><span style=\"font-size: 28px;\"><strong><span style=\"font-size: 28px;\">Armaton macht schwere Arbeit leicht. So einfach ist das.<\/span><\/strong><\/span><\/h3>\n<p><span style=\"font-size: 18px;\">Ob Sie die Ladepritsche montieren, sie mieten oder die Ladung bef\u00f6rdern \u2013 die Grundlagen f\u00fcr gute Arbeit sind stets gute Qualit\u00e4t, einfache Handhabung und Funktionalit\u00e4t. <span lang=\"EN-US\" style=\"margin: 0px; font-family: 'Calibri',sans-serif;\"><span style=\"color: #000000;\"><\/span><\/span> Stimmt\u2018s?<\/span><\/p>\n<\/div>\n<\/div><\/div><div id=\"panel-w60354b823fdb5-0-1-1\" class=\"so-panel widget widget_sow-button panel-last-child\" data-index=\"1\" ><div\n\t\t\t\n\t\t\tclass=\"so-widget-sow-button so-widget-sow-button-flat-d23e0acbfdd0\"\n\t\t\t\n\t\t><div class=\"ow-button-base ow-button-align-left\">\n\t<a\n\thref=\"https:\/\/www.armaton.com\/de\/warum-armaton\/\"\n\t\tclass=\"ow-icon-placement-left ow-button-hover\" \t>\n\t\t<span>\n\t\t\t\n\t\t\tMehr erfahren &gt;\t\t<\/span>\n\t<\/a>\n<\/div>\n<\/div><\/div><\/div><div id=\"pgc-w60354b823fdb5-0-2\"  class=\"panel-grid-cell panel-grid-cell-empty\" ><\/div><\/div><\/div><\/div><\/div><\/div><\/div><\/div><div id=\"pg-7485-3\"  class=\"panel-grid panel-has-style\" ><div class=\"siteorigin-panels-stretch panel-row-style panel-row-style-for-7485-3\" data-stretch-type=\"full-stretched\" ><div id=\"pgc-7485-3-0\"  class=\"panel-grid-cell\" ><div id=\"panel-7485-3-0-0\" class=\"so-panel widget widget_siteorigin-panels-builder panel-first-child panel-last-child\" data-index=\"4\" ><div class=\"panel-widget-style panel-widget-style-for-7485-3-0-0\" ><div id=\"pl-w60354b82406ee\"  class=\"panel-layout\" ><div id=\"pg-w60354b82406ee-0\"  class=\"panel-grid panel-no-style\" ><div id=\"pgc-w60354b82406ee-0-0\"  class=\"panel-grid-cell panel-grid-cell-empty\" ><\/div><div id=\"pgc-w60354b82406ee-0-1\"  class=\"panel-grid-cell panel-grid-cell-mobile-last\" ><div id=\"panel-w60354b82406ee-0-1-0\" class=\"so-panel widget widget_sow-editor panel-first-child\" data-index=\"0\" ><div\n\t\t\t\n\t\t\tclass=\"so-widget-sow-editor so-widget-sow-editor-base\"\n\t\t\t\n\t\t>\n<div class=\"siteorigin-widget-tinymce textwidget\">\n\t<h3><strong>Einbaufreundliche und zuverl\u00e4ssige L\u00f6sungen.<\/strong><\/h3>\n<p><span style=\"font-size: 18px;\">Robuste Bordwand- und Rungensysteme aus korrosionsbest\u00e4ndigem Aluminium mit geringen Lebenszykluskosten.<\/span><\/p>\n<\/div>\n<\/div><\/div><div id=\"panel-w60354b82406ee-0-1-1\" class=\"so-panel widget widget_sow-button panel-last-child\" data-index=\"1\" ><div\n\t\t\t\n\t\t\tclass=\"so-widget-sow-button so-widget-sow-button-flat-d23e0acbfdd0\"\n\t\t\t\n\t\t><div class=\"ow-button-base ow-button-align-left\">\n\t<a\n\thref=\"https:\/\/www.armaton.com\/de\/systeme-von-armaton\/\"\n\t\tclass=\"ow-icon-placement-left ow-button-hover\" \t>\n\t\t<span>\n\t\t\t\n\t\t\tMehr erfahren &gt;\t\t<\/span>\n\t<\/a>\n<\/div>\n<\/div><\/div><\/div><div id=\"pgc-w60354b82406ee-0-2\"  class=\"panel-grid-cell panel-grid-cell-empty\" ><\/div><\/div><\/div><\/div><\/div><\/div><div id=\"pgc-7485-3-1\"  class=\"panel-grid-cell panel-grid-cell-mobile-last\" ><div id=\"panel-7485-3-1-0\" class=\"so-panel widget widget_sow-image panel-first-child panel-last-child\" data-index=\"5\" ><div\n\t\t\t\n\t\t\tclass=\"so-widget-sow-image so-widget-sow-image-default-dbf295114b96-7485\"\n\t\t\t\n\t\t>\n\n<div class=\"sow-image-container\">\n\t\t<img decoding=\"async\" src=\"https:\/\/www.armaton.com\/wp-content\/uploads\/sites\/14\/2019\/06\/Collage_3000-4000XF1700x1200-768x528.png\" width=\"768\" height=\"528\" srcset=\"https:\/\/www.armaton.com\/wp-content\/uploads\/sites\/14\/2019\/06\/Collage_3000-4000XF1700x1200-768x528.png 768w, https:\/\/www.armaton.com\/wp-content\/uploads\/sites\/14\/2019\/06\/Collage_3000-4000XF1700x1200-300x206.png 300w, https:\/\/www.armaton.com\/wp-content\/uploads\/sites\/14\/2019\/06\/Collage_3000-4000XF1700x1200-1024x703.png 1024w, https:\/\/www.armaton.com\/wp-content\/uploads\/sites\/14\/2019\/06\/Collage_3000-4000XF1700x1200-600x412.png 600w, https:\/\/www.armaton.com\/wp-content\/uploads\/sites\/14\/2019\/06\/Collage_3000-4000XF1700x1200.png 1747w\" sizes=\"auto, (max-width: 768px) 100vw, 768px\" title=\"Collage_3000-4000XF,1700&#215;1200\" alt=\"\" loading=\"lazy\" \t\tclass=\"so-widget-image\"\/>\n\t<\/div>\n\n<\/div><\/div><\/div><div id=\"pgc-7485-3-2\"  class=\"panel-grid-cell panel-grid-cell-empty\" ><\/div><\/div><\/div><div id=\"pg-7485-4\"  class=\"panel-grid panel-has-style\" ><div class=\"siteorigin-panels-stretch panel-row-style panel-row-style-for-7485-4\" data-stretch-type=\"full-stretched\" ><div id=\"pgc-7485-4-0\"  class=\"panel-grid-cell\" ><div id=\"panel-7485-4-0-0\" class=\"so-panel widget widget_fa-hero-banner-widget panel-first-child panel-last-child\" data-index=\"6\" ><div class=\"panel-widget-style panel-widget-style-for-7485-4-0-0\" ><div\n\t\t\t\n\t\t\tclass=\"so-widget-fa-hero-banner-widget so-widget-fa-hero-banner-widget-default-80680d8cf781-7485\"\n\t\t\t\n\t\t><div class=\"forankra-hero-banner\">\n    <img loading=\"lazy\" decoding=\"async\" width=\"2650\" height=\"1385\" src=\"https:\/\/www.armaton.com\/wp-content\/uploads\/sites\/14\/2019\/06\/Start_puff_5_b.jpg\" class=\"forankra-hero-banner-image\" alt=\"\" srcset=\"https:\/\/www.armaton.com\/wp-content\/uploads\/sites\/14\/2019\/06\/Start_puff_5_b.jpg 2650w, https:\/\/www.armaton.com\/wp-content\/uploads\/sites\/14\/2019\/06\/Start_puff_5_b-300x157.jpg 300w, https:\/\/www.armaton.com\/wp-content\/uploads\/sites\/14\/2019\/06\/Start_puff_5_b-768x401.jpg 768w, https:\/\/www.armaton.com\/wp-content\/uploads\/sites\/14\/2019\/06\/Start_puff_5_b-1024x535.jpg 1024w, https:\/\/www.armaton.com\/wp-content\/uploads\/sites\/14\/2019\/06\/Start_puff_5_b-600x314.jpg 600w\" sizes=\"auto, (max-width: 2650px) 100vw, 2650px\" \/>    <section class=\"hero-content\">\n    <div class=\"content\">\n        <span style=\"color: #ffffff; font-size: 21px;\">GESCHICHTEN VON ARMATON<\/span>\n<h3><span style=\"color: #ffffff;\"><strong><span lang=\"EN-GB\">Die Karosseriebauer.<\/span><\/strong><\/span><\/h3>\n<span style=\"color: #ffffff; font-size: 21px;\">F\u00fcr den Leiter Forschung und Entwicklung in einem Karosseriebauunternehmen sind Flexibilit\u00e4t und Robustheit grundlegende Bausteine in der Entwicklung einer Ladepritsche oder eines Kofferaufbaus. Daher spielen Aluminiumprofile, die sich problemlos in die Gesamtkonstruktion des Karosseriebauers integrieren lassen, eine wichtige Rolle \u2013 ebenso wie Produktionskosten und Leistungsf\u00e4higkeit des Produkts.<\/span>\n\n<span style=\"color: #ffffff;\"><span style=\"font-size: 21px;\">Erkundigen Sie sich einfach bei Autokaross in Floby, einem schwedischen Hersteller von Pritschen- und Kofferaufbauten. <\/span><span style=\"font-size: 18px;\"><span style=\"font-size: 21px;\"><\/span><\/span><\/span>\n<br \/>\n<br \/>\n<br \/>        <div class=\"button-container left\"><a href=\"https:\/\/www.armaton.com\/de\/die-karosseriebauer\/\" class=\"forankra-hero-banner-button\">Mehr erfahren &gt;<\/a><\/div>    <\/div>\n    <\/section>\n<\/div>\n<\/div><\/div><\/div><\/div><\/div><\/div><\/div>","protected":false},"excerpt":{"rendered":"<p>ARMATON-L\u00d6SUNGEN Determined to Improve* Das versprechen wir. Wir entwickeln unsere L\u00f6sungen kontinuierlich weiter, um den Besitzern von leichten Nutzfahrzeugen stets die beste Funktionalit\u00e4t, Sicherheit und Rentabilit\u00e4t zu bieten. * Wir machen es besser Mehr erfahren &gt; Armaton Modular Platform Kit \u2013 passt wie angegossen. Damit werden bei Ladepritschen mit Bordwand und Kofferaufbauten f\u00fcr Fahrzeuge bis [&hellip;]<\/p>\n","protected":false},"author":2,"featured_media":0,"parent":0,"menu_order":0,"comment_status":"closed","ping_status":"closed","template":"","meta":{"footnotes":""},"class_list":["post-7485","page","type-page","status-publish","hentry"],"yoast_head":"<!-- This site is optimized with the Yoast SEO plugin v20.4 - https:\/\/yoast.com\/wordpress\/plugins\/seo\/ -->\n<title>L\u00f6sungen f\u00fcr leichte Nutzfahrzeuge - Armaton<\/title>\n<meta name=\"description\" content=\"Seit 1986 baut Armaton funktionelle und gewichtsoptimierte Rungensysteme f\u00fcr leichte Nutzfahrzeuge, die einerseits die maximale Aussch\u00f6pfung der Nutzlast und andererseits auch sichere und rentable Transporte gew\u00e4hrleisten.\" \/>\n<meta name=\"robots\" content=\"index, follow, max-snippet:-1, max-image-preview:large, max-video-preview:-1\" \/>\n<link rel=\"canonical\" href=\"https:\/\/www.armaton.com\/de\/\" \/>\n<meta property=\"og:locale\" content=\"de_DE\" \/>\n<meta property=\"og:type\" content=\"article\" \/>\n<meta property=\"og:title\" content=\"L\u00f6sungen f\u00fcr leichte Nutzfahrzeuge - Armaton\" \/>\n<meta property=\"og:description\" content=\"Seit 1986 baut Armaton funktionelle und gewichtsoptimierte Rungensysteme f\u00fcr leichte Nutzfahrzeuge, die einerseits die maximale Aussch\u00f6pfung der Nutzlast und andererseits auch sichere und rentable Transporte gew\u00e4hrleisten.\" \/>\n<meta property=\"og:url\" content=\"https:\/\/www.armaton.com\/de\/\" \/>\n<meta property=\"og:site_name\" content=\"Armaton\" \/>\n<meta property=\"article:modified_time\" content=\"2023-04-17T08:49:17+00:00\" \/>\n<meta name=\"twitter:card\" content=\"summary_large_image\" \/>\n<meta name=\"twitter:label1\" content=\"Gesch\u00e4tzte Lesezeit\" \/>\n\t<meta name=\"twitter:data1\" content=\"1\u00a0Minute\" \/>\n<script type=\"application\/ld+json\" class=\"yoast-schema-graph\">{\"@context\":\"https:\/\/schema.org\",\"@graph\":[{\"@type\":\"WebPage\",\"@id\":\"https:\/\/www.armaton.com\/de\/\",\"url\":\"https:\/\/www.armaton.com\/de\/\",\"name\":\"L\u00f6sungen f\u00fcr leichte Nutzfahrzeuge - Armaton\",\"isPartOf\":{\"@id\":\"https:\/\/www.armaton.com\/#website\"},\"datePublished\":\"2021-02-15T13:26:30+00:00\",\"dateModified\":\"2023-04-17T08:49:17+00:00\",\"description\":\"Seit 1986 baut Armaton funktionelle und gewichtsoptimierte Rungensysteme f\u00fcr leichte Nutzfahrzeuge, die einerseits die maximale Aussch\u00f6pfung der Nutzlast und andererseits auch sichere und rentable Transporte gew\u00e4hrleisten.\",\"breadcrumb\":{\"@id\":\"https:\/\/www.armaton.com\/de\/#breadcrumb\"},\"inLanguage\":\"de\",\"potentialAction\":[{\"@type\":\"ReadAction\",\"target\":[\"https:\/\/www.armaton.com\/de\/\"]}]},{\"@type\":\"BreadcrumbList\",\"@id\":\"https:\/\/www.armaton.com\/de\/#breadcrumb\",\"itemListElement\":[{\"@type\":\"ListItem\",\"position\":1,\"name\":\"Home\",\"item\":\"https:\/\/www.armaton.com\/de\/\"},{\"@type\":\"ListItem\",\"position\":2,\"name\":\"L\u00f6sungen f\u00fcr leichte Nutzfahrzeuge\"}]},{\"@type\":\"WebSite\",\"@id\":\"https:\/\/www.armaton.com\/#website\",\"url\":\"https:\/\/www.armaton.com\/\",\"name\":\"Armaton\",\"description\":\"Armaton Solutions \u2013 Desire To Improve\",\"potentialAction\":[{\"@type\":\"SearchAction\",\"target\":{\"@type\":\"EntryPoint\",\"urlTemplate\":\"https:\/\/www.armaton.com\/?s={search_term_string}\"},\"query-input\":\"required name=search_term_string\"}],\"inLanguage\":\"de\"}]}<\/script>\n<!-- \/ Yoast SEO plugin. -->","yoast_head_json":{"title":"L\u00f6sungen f\u00fcr leichte Nutzfahrzeuge - Armaton","description":"Seit 1986 baut Armaton funktionelle und gewichtsoptimierte Rungensysteme f\u00fcr leichte Nutzfahrzeuge, die einerseits die maximale Aussch\u00f6pfung der Nutzlast und andererseits auch sichere und rentable Transporte gew\u00e4hrleisten.","robots":{"index":"index","follow":"follow","max-snippet":"max-snippet:-1","max-image-preview":"max-image-preview:large","max-video-preview":"max-video-preview:-1"},"canonical":"https:\/\/www.armaton.com\/de\/","og_locale":"de_DE","og_type":"article","og_title":"L\u00f6sungen f\u00fcr leichte Nutzfahrzeuge - Armaton","og_description":"Seit 1986 baut Armaton funktionelle und gewichtsoptimierte Rungensysteme f\u00fcr leichte Nutzfahrzeuge, die einerseits die maximale Aussch\u00f6pfung der Nutzlast und andererseits auch sichere und rentable Transporte gew\u00e4hrleisten.","og_url":"https:\/\/www.armaton.com\/de\/","og_site_name":"Armaton","article_modified_time":"2023-04-17T08:49:17+00:00","twitter_card":"summary_large_image","twitter_misc":{"Gesch\u00e4tzte Lesezeit":"1\u00a0Minute"},"schema":{"@context":"https:\/\/schema.org","@graph":[{"@type":"WebPage","@id":"https:\/\/www.armaton.com\/de\/","url":"https:\/\/www.armaton.com\/de\/","name":"L\u00f6sungen f\u00fcr leichte Nutzfahrzeuge - Armaton","isPartOf":{"@id":"https:\/\/www.armaton.com\/#website"},"datePublished":"2021-02-15T13:26:30+00:00","dateModified":"2023-04-17T08:49:17+00:00","description":"Seit 1986 baut Armaton funktionelle und gewichtsoptimierte Rungensysteme f\u00fcr leichte Nutzfahrzeuge, die einerseits die maximale Aussch\u00f6pfung der Nutzlast und andererseits auch sichere und rentable Transporte gew\u00e4hrleisten.","breadcrumb":{"@id":"https:\/\/www.armaton.com\/de\/#breadcrumb"},"inLanguage":"de","potentialAction":[{"@type":"ReadAction","target":["https:\/\/www.armaton.com\/de\/"]}]},{"@type":"BreadcrumbList","@id":"https:\/\/www.armaton.com\/de\/#breadcrumb","itemListElement":[{"@type":"ListItem","position":1,"name":"Home","item":"https:\/\/www.armaton.com\/de\/"},{"@type":"ListItem","position":2,"name":"L\u00f6sungen f\u00fcr leichte Nutzfahrzeuge"}]},{"@type":"WebSite","@id":"https:\/\/www.armaton.com\/#website","url":"https:\/\/www.armaton.com\/","name":"Armaton","description":"Armaton Solutions \u2013 Desire To Improve","potentialAction":[{"@type":"SearchAction","target":{"@type":"EntryPoint","urlTemplate":"https:\/\/www.armaton.com\/?s={search_term_string}"},"query-input":"required name=search_term_string"}],"inLanguage":"de"}]}},"_links":{"self":[{"href":"https:\/\/www.armaton.com\/de\/wp-json\/wp\/v2\/pages\/7485","targetHints":{"allow":["GET"]}}],"collection":[{"href":"https:\/\/www.armaton.com\/de\/wp-json\/wp\/v2\/pages"}],"about":[{"href":"https:\/\/www.armaton.com\/de\/wp-json\/wp\/v2\/types\/page"}],"author":[{"embeddable":true,"href":"https:\/\/www.armaton.com\/de\/wp-json\/wp\/v2\/users\/2"}],"replies":[{"embeddable":true,"href":"https:\/\/www.armaton.com\/de\/wp-json\/wp\/v2\/comments?post=7485"}],"version-history":[{"count":22,"href":"https:\/\/www.armaton.com\/de\/wp-json\/wp\/v2\/pages\/7485\/revisions"}],"predecessor-version":[{"id":12077,"href":"https:\/\/www.armaton.com\/de\/wp-json\/wp\/v2\/pages\/7485\/revisions\/12077"}],"wp:attachment":[{"href":"https:\/\/www.armaton.com\/de\/wp-json\/wp\/v2\/media?parent=7485"}],"curies":[{"name":"wp","href":"https:\/\/api.w.org\/{rel}","templated":true}]}}