{"id":7513,"date":"2021-02-15T13:42:58","date_gmt":"2021-02-15T13:42:58","guid":{"rendered":"https:\/\/www.armaton.com\/?page_id=7513"},"modified":"2023-04-25T13:56:09","modified_gmt":"2023-04-25T13:56:09","slug":"warum-armaton","status":"publish","type":"page","link":"https:\/\/www.armaton.com\/de\/warum-armaton\/","title":{"rendered":"Warum Armaton"},"content":{"rendered":"<div id=\"pl-7513\"  class=\"panel-layout\" ><div id=\"pg-7513-0\"  class=\"panel-grid panel-has-style\" ><div class=\"siteorigin-panels-stretch panel-row-style panel-row-style-for-7513-0\" data-stretch-type=\"full-stretched\" ><div id=\"pgc-7513-0-0\"  class=\"panel-grid-cell\" ><div id=\"panel-7513-0-0-0\" class=\"so-panel widget widget_fa-hero-banner-widget panel-first-child panel-last-child\" data-index=\"0\" ><div class=\"panel-widget-style panel-widget-style-for-7513-0-0-0\" ><div\n\t\t\t\n\t\t\tclass=\"so-widget-fa-hero-banner-widget so-widget-fa-hero-banner-widget-default-dd55af4e85f0-7513\"\n\t\t\t\n\t\t><div class=\"forankra-hero-banner\">\n    <img loading=\"lazy\" decoding=\"async\" width=\"2000\" height=\"830\" src=\"https:\/\/www.armaton.com\/wp-content\/uploads\/sites\/14\/2019\/06\/RagnvaldA2650x1100.png\" class=\"forankra-hero-banner-image\" alt=\"\" srcset=\"https:\/\/www.armaton.com\/wp-content\/uploads\/sites\/14\/2019\/06\/RagnvaldA2650x1100.png 2000w, https:\/\/www.armaton.com\/wp-content\/uploads\/sites\/14\/2019\/06\/RagnvaldA2650x1100-300x125.png 300w, https:\/\/www.armaton.com\/wp-content\/uploads\/sites\/14\/2019\/06\/RagnvaldA2650x1100-768x319.png 768w, https:\/\/www.armaton.com\/wp-content\/uploads\/sites\/14\/2019\/06\/RagnvaldA2650x1100-1024x425.png 1024w, https:\/\/www.armaton.com\/wp-content\/uploads\/sites\/14\/2019\/06\/RagnvaldA2650x1100-600x249.png 600w\" sizes=\"auto, (max-width: 2000px) 100vw, 2000px\" \/>    <section class=\"hero-content\">\n    <div class=\"content\">\n        <span style=\"color: #ffffff; font-size: 21px;\">ARMATON<\/span>\n<h1><span style=\"color: #ffffff;\">Wir machen schwere Arbeit leicht. So einfach ist das.<\/span><\/h1>\n<span lang=\"EN-GB\" style=\"color: #ffffff; font-size: 21px;\"> Jeder Nutzer von Bordwand- und Rungensystemen hat spezielle Anforderungen und Bed\u00fcrfnisse. Die Systeme von Armaton haben aber etwas zu bieten, das jeder Nutzer w\u00fcnscht: Verl\u00e4sslichkeit. Die Produkte sind sicher. Die Produkte funktionieren.\u00a0<\/span>            <\/div>\n    <\/section>\n<\/div>\n<\/div><\/div><\/div><\/div><\/div><\/div><div id=\"pg-7513-1\"  class=\"panel-grid panel-has-style\" ><div class=\"siteorigin-panels-stretch panel-row-style panel-row-style-for-7513-1\" data-stretch-type=\"full-stretched\" ><div id=\"pgc-7513-1-0\"  class=\"panel-grid-cell\" ><div id=\"panel-7513-1-0-0\" class=\"so-panel widget widget_siteorigin-panels-builder panel-first-child panel-last-child\" data-index=\"1\" ><div class=\"panel-widget-style panel-widget-style-for-7513-1-0-0\" ><div id=\"pl-w60354d198a61e\"  class=\"panel-layout\" ><div id=\"pg-w60354d198a61e-0\"  class=\"panel-grid panel-no-style\" ><div id=\"pgc-w60354d198a61e-0-0\"  class=\"panel-grid-cell panel-grid-cell-empty\" ><\/div><div id=\"pgc-w60354d198a61e-0-1\"  class=\"panel-grid-cell panel-grid-cell-mobile-last\" ><div id=\"panel-w60354d198a61e-0-1-0\" class=\"so-panel widget widget_sow-editor panel-first-child\" data-index=\"0\" ><div\n\t\t\t\n\t\t\tclass=\"so-widget-sow-editor so-widget-sow-editor-base\"\n\t\t\t\n\t\t>\n<div class=\"siteorigin-widget-tinymce textwidget\">\n\t<p>&nbsp;<\/p>\n<h3><strong>Die Ladung ist immer gut aufgehoben<\/strong><\/h3>\n<p><span style=\"font-size: 18px;\">Seit 1986 baut Armaton funktionelle und gewichtsoptimierte Rungensysteme f\u00fcr leichte Nutzfahrzeuge, die einerseits die maximale Aussch\u00f6pfung der Nutzlast und andererseits auch sichere und rentable Transporte gew\u00e4hrleisten.<\/span><\/p>\n<\/div>\n<\/div><\/div><div id=\"panel-w60354d198a61e-0-1-1\" class=\"so-panel widget widget_sow-button panel-last-child\" data-index=\"1\" ><div\n\t\t\t\n\t\t\tclass=\"so-widget-sow-button so-widget-sow-button-flat-d23e0acbfdd0\"\n\t\t\t\n\t\t><div class=\"ow-button-base ow-button-align-left\">\n\t<a\n\thref=\"https:\/\/www.armaton.com\/de\/systeme-von-armaton\/\"\n\t\tclass=\"ow-icon-placement-left ow-button-hover\" \t>\n\t\t<span>\n\t\t\t\n\t\t\tMehr erfahren &gt;  \t\t<\/span>\n\t<\/a>\n<\/div>\n<\/div><\/div><\/div><div id=\"pgc-w60354d198a61e-0-2\"  class=\"panel-grid-cell panel-grid-cell-empty\" ><\/div><\/div><\/div><\/div><\/div><\/div><div id=\"pgc-7513-1-1\"  class=\"panel-grid-cell\" ><div id=\"panel-7513-1-1-0\" class=\"so-panel widget widget_sow-image panel-first-child panel-last-child\" data-index=\"2\" ><div\n\t\t\t\n\t\t\tclass=\"so-widget-sow-image so-widget-sow-image-default-dbf295114b96-7513\"\n\t\t\t\n\t\t>\n\n<div class=\"sow-image-container\">\n\t\t<img decoding=\"async\" src=\"https:\/\/www.armaton.com\/wp-content\/uploads\/sites\/14\/2019\/05\/Start_Bodybuilder800x525-768x504.jpg\" width=\"768\" height=\"504\" srcset=\"https:\/\/www.armaton.com\/wp-content\/uploads\/sites\/14\/2019\/05\/Start_Bodybuilder800x525-768x504.jpg 768w, https:\/\/www.armaton.com\/wp-content\/uploads\/sites\/14\/2019\/05\/Start_Bodybuilder800x525-300x197.jpg 300w, https:\/\/www.armaton.com\/wp-content\/uploads\/sites\/14\/2019\/05\/Start_Bodybuilder800x525-600x394.jpg 600w, https:\/\/www.armaton.com\/wp-content\/uploads\/sites\/14\/2019\/05\/Start_Bodybuilder800x525.jpg 800w\" sizes=\"auto, (max-width: 768px) 100vw, 768px\" title=\"Start_Bodybuilder,800&#215;525\" alt=\"\" loading=\"lazy\" \t\tclass=\"so-widget-image\"\/>\n\t<\/div>\n\n<\/div><\/div><\/div><\/div><\/div><div id=\"pg-7513-2\"  class=\"panel-grid panel-has-style\" ><div class=\"siteorigin-panels-stretch panel-row-style panel-row-style-for-7513-2\" data-stretch-type=\"full-stretched\" ><div id=\"pgc-7513-2-0\"  class=\"panel-grid-cell\" ><div id=\"panel-7513-2-0-0\" class=\"so-panel widget widget_sow-image panel-first-child panel-last-child\" data-index=\"3\" ><div\n\t\t\t\n\t\t\tclass=\"so-widget-sow-image so-widget-sow-image-default-dbf295114b96-7513\"\n\t\t\t\n\t\t>\n\n<div class=\"sow-image-container\">\n\t\t<img decoding=\"async\" src=\"https:\/\/www.armaton.com\/wp-content\/uploads\/sites\/14\/2019\/05\/Handtag_ENG746x490.jpg\" width=\"746\" height=\"490\" srcset=\"https:\/\/www.armaton.com\/wp-content\/uploads\/sites\/14\/2019\/05\/Handtag_ENG746x490.jpg 746w, https:\/\/www.armaton.com\/wp-content\/uploads\/sites\/14\/2019\/05\/Handtag_ENG746x490-300x197.jpg 300w, https:\/\/www.armaton.com\/wp-content\/uploads\/sites\/14\/2019\/05\/Handtag_ENG746x490-600x394.jpg 600w\" sizes=\"auto, (max-width: 746px) 100vw, 746px\" title=\"Handtag_ENG,746&#215;490\" alt=\"\" loading=\"lazy\" \t\tclass=\"so-widget-image\"\/>\n\t<\/div>\n\n<\/div><\/div><\/div><div id=\"pgc-7513-2-1\"  class=\"panel-grid-cell\" ><div id=\"panel-7513-2-1-0\" class=\"so-panel widget widget_siteorigin-panels-builder panel-first-child panel-last-child\" data-index=\"4\" ><div class=\"panel-widget-style panel-widget-style-for-7513-2-1-0\" ><div id=\"pl-w602a7bf6254f8\"  class=\"panel-layout\" ><div id=\"pg-w602a7bf6254f8-0\"  class=\"panel-grid panel-no-style\" ><div id=\"pgc-w602a7bf6254f8-0-0\"  class=\"panel-grid-cell panel-grid-cell-empty\" ><\/div><div id=\"pgc-w602a7bf6254f8-0-1\"  class=\"panel-grid-cell panel-grid-cell-mobile-last\" ><div id=\"panel-w602a7bf6254f8-0-1-0\" class=\"so-panel widget widget_sow-editor panel-first-child panel-last-child\" data-index=\"0\" ><div\n\t\t\t\n\t\t\tclass=\"so-widget-sow-editor so-widget-sow-editor-base\"\n\t\t\t\n\t\t>\n<div class=\"siteorigin-widget-tinymce textwidget\">\n\t<p>&nbsp;<\/p>\n<h3><strong>Funktionalit\u00e4t erleichtert Ihnen die Arbeit<\/strong><\/h3>\n<p><span style=\"font-size: 18px;\">Frachtgut sollte immer problemlos auf- und abgeladen werden k\u00f6nnen. Genau daf\u00fcr haben wir einen ergonomisch geformten Bedienhebel mit einem Schwenkradius von 160\u00a0Grad konstruiert.<\/span><\/p>\n<\/div>\n<\/div><\/div><\/div><div id=\"pgc-w602a7bf6254f8-0-2\"  class=\"panel-grid-cell panel-grid-cell-empty\" ><\/div><\/div><\/div><\/div><\/div><\/div><\/div><\/div><div id=\"pg-7513-3\"  class=\"panel-grid panel-has-style\" ><div class=\"siteorigin-panels-stretch panel-row-style panel-row-style-for-7513-3\" data-stretch-type=\"full-stretched\" ><div id=\"pgc-7513-3-0\"  class=\"panel-grid-cell\" ><div id=\"panel-7513-3-0-0\" class=\"so-panel widget widget_siteorigin-panels-builder panel-first-child panel-last-child\" data-index=\"5\" ><div class=\"panel-widget-style panel-widget-style-for-7513-3-0-0\" ><div id=\"pl-w60354d198acc0\"  class=\"panel-layout\" ><div id=\"pg-w60354d198acc0-0\"  class=\"panel-grid panel-no-style\" ><div id=\"pgc-w60354d198acc0-0-0\"  class=\"panel-grid-cell panel-grid-cell-empty\" ><\/div><div id=\"pgc-w60354d198acc0-0-1\"  class=\"panel-grid-cell panel-grid-cell-mobile-last\" ><div id=\"panel-w60354d198acc0-0-1-0\" class=\"so-panel widget widget_sow-editor panel-first-child\" data-index=\"0\" ><div\n\t\t\t\n\t\t\tclass=\"so-widget-sow-editor so-widget-sow-editor-base\"\n\t\t\t\n\t\t>\n<div class=\"siteorigin-widget-tinymce textwidget\">\n\t<p>&nbsp;<\/p>\n<h3><strong>Qualit\u00e4t steigert die Einsatzzeit<\/strong><\/h3>\n<p><span style=\"font-size: 18px;\">Es spielt keine Rolle, auf welchem Gebiet Sie t\u00e4tig sind \u2013 Einsatzzeit steht immer an erster Stelle. Transporter geh\u00f6ren auf die Stra\u00dfe, nicht in die Werkstatt. Produkte aus eloxiertem Aluminium korrodieren nicht und halten einfach l\u00e4nger. <\/span><\/p>\n<\/div>\n<\/div><\/div><div id=\"panel-w60354d198acc0-0-1-1\" class=\"so-panel widget widget_sow-button panel-last-child\" data-index=\"1\" ><div\n\t\t\t\n\t\t\tclass=\"so-widget-sow-button so-widget-sow-button-flat-d23e0acbfdd0\"\n\t\t\t\n\t\t><div class=\"ow-button-base ow-button-align-left\">\n\t<a\n\thref=\"https:\/\/www.armaton.com\/de\/modulare-ladeflaeche-von-armaton\/\"\n\t\tclass=\"ow-icon-placement-left ow-button-hover\" \t>\n\t\t<span>\n\t\t\t\n\t\t\tMehr erfahren &gt;   \t\t<\/span>\n\t<\/a>\n<\/div>\n<\/div><\/div><\/div><div id=\"pgc-w60354d198acc0-0-2\"  class=\"panel-grid-cell panel-grid-cell-empty\" ><\/div><\/div><\/div><\/div><\/div><\/div><div id=\"pgc-7513-3-1\"  class=\"panel-grid-cell\" ><div id=\"panel-7513-3-1-0\" class=\"so-panel widget widget_sow-image panel-first-child panel-last-child\" data-index=\"6\" ><div\n\t\t\t\n\t\t\tclass=\"so-widget-sow-image so-widget-sow-image-default-dbf295114b96-7513\"\n\t\t\t\n\t\t>\n\n<div class=\"sow-image-container\">\n\t\t<img decoding=\"async\" src=\"https:\/\/www.armaton.com\/wp-content\/uploads\/sites\/14\/2019\/05\/Why_puff_4-768x605.jpg\" width=\"768\" height=\"605\" srcset=\"https:\/\/www.armaton.com\/wp-content\/uploads\/sites\/14\/2019\/05\/Why_puff_4-768x605.jpg 768w, https:\/\/www.armaton.com\/wp-content\/uploads\/sites\/14\/2019\/05\/Why_puff_4-300x236.jpg 300w, https:\/\/www.armaton.com\/wp-content\/uploads\/sites\/14\/2019\/05\/Why_puff_4-1024x807.jpg 1024w, https:\/\/www.armaton.com\/wp-content\/uploads\/sites\/14\/2019\/05\/Why_puff_4-600x473.jpg 600w, https:\/\/www.armaton.com\/wp-content\/uploads\/sites\/14\/2019\/05\/Why_puff_4.jpg 1282w\" sizes=\"auto, (max-width: 768px) 100vw, 768px\" alt=\"\" loading=\"lazy\" \t\tclass=\"so-widget-image\"\/>\n\t<\/div>\n\n<\/div><\/div><\/div><\/div><\/div><\/div>","protected":false},"excerpt":{"rendered":"<p>ARMATON Wir machen schwere Arbeit leicht. So einfach ist das. Jeder Nutzer von Bordwand- und Rungensystemen hat spezielle Anforderungen und Bed\u00fcrfnisse. Die Systeme von Armaton haben aber etwas zu bieten, das jeder Nutzer w\u00fcnscht: Verl\u00e4sslichkeit. Die Produkte sind sicher. Die Produkte funktionieren.\u00a0 &nbsp; Die Ladung ist immer gut aufgehoben Seit 1986 baut Armaton funktionelle und [&hellip;]<\/p>\n","protected":false},"author":2,"featured_media":0,"parent":0,"menu_order":0,"comment_status":"closed","ping_status":"closed","template":"","meta":{"footnotes":""},"class_list":["post-7513","page","type-page","status-publish","hentry"],"yoast_head":"<!-- This site is optimized with the Yoast SEO plugin v20.4 - https:\/\/yoast.com\/wordpress\/plugins\/seo\/ -->\n<title>Warum Armaton - Armaton<\/title>\n<meta name=\"description\" content=\"Jeder Nutzer von Bordwand- und Rungensystemen hat spezielle Anforderungen und Bed\u00fcrfnisse. Die Systeme von Armaton haben aber etwas zu bieten, das jeder Nutzer w\u00fcnscht: Verl\u00e4sslichkeit. Die Produkte sind sicher. Die Produkte funktionieren.\" \/>\n<meta name=\"robots\" content=\"index, follow, max-snippet:-1, max-image-preview:large, max-video-preview:-1\" \/>\n<link rel=\"canonical\" href=\"https:\/\/www.armaton.com\/de\/warum-armaton\/\" \/>\n<meta property=\"og:locale\" content=\"de_DE\" \/>\n<meta property=\"og:type\" content=\"article\" \/>\n<meta property=\"og:title\" content=\"Warum Armaton - Armaton\" \/>\n<meta property=\"og:description\" content=\"Jeder Nutzer von Bordwand- und Rungensystemen hat spezielle Anforderungen und Bed\u00fcrfnisse. Die Systeme von Armaton haben aber etwas zu bieten, das jeder Nutzer w\u00fcnscht: Verl\u00e4sslichkeit. Die Produkte sind sicher. Die Produkte funktionieren.\" \/>\n<meta property=\"og:url\" content=\"https:\/\/www.armaton.com\/de\/warum-armaton\/\" \/>\n<meta property=\"og:site_name\" content=\"Armaton\" \/>\n<meta property=\"article:modified_time\" content=\"2023-04-25T13:56:09+00:00\" \/>\n<meta name=\"twitter:card\" content=\"summary_large_image\" \/>\n<meta name=\"twitter:label1\" content=\"Gesch\u00e4tzte Lesezeit\" \/>\n\t<meta name=\"twitter:data1\" content=\"1\u00a0Minute\" \/>\n<script type=\"application\/ld+json\" class=\"yoast-schema-graph\">{\"@context\":\"https:\/\/schema.org\",\"@graph\":[{\"@type\":\"WebPage\",\"@id\":\"https:\/\/www.armaton.com\/de\/warum-armaton\/\",\"url\":\"https:\/\/www.armaton.com\/de\/warum-armaton\/\",\"name\":\"Warum Armaton - Armaton\",\"isPartOf\":{\"@id\":\"https:\/\/www.armaton.com\/#website\"},\"datePublished\":\"2021-02-15T13:42:58+00:00\",\"dateModified\":\"2023-04-25T13:56:09+00:00\",\"description\":\"Jeder Nutzer von Bordwand- und Rungensystemen hat spezielle Anforderungen und Bed\u00fcrfnisse. Die Systeme von Armaton haben aber etwas zu bieten, das jeder Nutzer w\u00fcnscht: Verl\u00e4sslichkeit. Die Produkte sind sicher. Die Produkte funktionieren.\",\"breadcrumb\":{\"@id\":\"https:\/\/www.armaton.com\/de\/warum-armaton\/#breadcrumb\"},\"inLanguage\":\"de\",\"potentialAction\":[{\"@type\":\"ReadAction\",\"target\":[\"https:\/\/www.armaton.com\/de\/warum-armaton\/\"]}]},{\"@type\":\"BreadcrumbList\",\"@id\":\"https:\/\/www.armaton.com\/de\/warum-armaton\/#breadcrumb\",\"itemListElement\":[{\"@type\":\"ListItem\",\"position\":1,\"name\":\"Home\",\"item\":\"https:\/\/www.armaton.com\/de\/\"},{\"@type\":\"ListItem\",\"position\":2,\"name\":\"Warum Armaton\"}]},{\"@type\":\"WebSite\",\"@id\":\"https:\/\/www.armaton.com\/#website\",\"url\":\"https:\/\/www.armaton.com\/\",\"name\":\"Armaton\",\"description\":\"Armaton Solutions \u2013 Desire To Improve\",\"potentialAction\":[{\"@type\":\"SearchAction\",\"target\":{\"@type\":\"EntryPoint\",\"urlTemplate\":\"https:\/\/www.armaton.com\/?s={search_term_string}\"},\"query-input\":\"required name=search_term_string\"}],\"inLanguage\":\"de\"}]}<\/script>\n<!-- \/ Yoast SEO plugin. -->","yoast_head_json":{"title":"Warum Armaton - Armaton","description":"Jeder Nutzer von Bordwand- und Rungensystemen hat spezielle Anforderungen und Bed\u00fcrfnisse. Die Systeme von Armaton haben aber etwas zu bieten, das jeder Nutzer w\u00fcnscht: Verl\u00e4sslichkeit. Die Produkte sind sicher. Die Produkte funktionieren.","robots":{"index":"index","follow":"follow","max-snippet":"max-snippet:-1","max-image-preview":"max-image-preview:large","max-video-preview":"max-video-preview:-1"},"canonical":"https:\/\/www.armaton.com\/de\/warum-armaton\/","og_locale":"de_DE","og_type":"article","og_title":"Warum Armaton - Armaton","og_description":"Jeder Nutzer von Bordwand- und Rungensystemen hat spezielle Anforderungen und Bed\u00fcrfnisse. Die Systeme von Armaton haben aber etwas zu bieten, das jeder Nutzer w\u00fcnscht: Verl\u00e4sslichkeit. Die Produkte sind sicher. Die Produkte funktionieren.","og_url":"https:\/\/www.armaton.com\/de\/warum-armaton\/","og_site_name":"Armaton","article_modified_time":"2023-04-25T13:56:09+00:00","twitter_card":"summary_large_image","twitter_misc":{"Gesch\u00e4tzte Lesezeit":"1\u00a0Minute"},"schema":{"@context":"https:\/\/schema.org","@graph":[{"@type":"WebPage","@id":"https:\/\/www.armaton.com\/de\/warum-armaton\/","url":"https:\/\/www.armaton.com\/de\/warum-armaton\/","name":"Warum Armaton - Armaton","isPartOf":{"@id":"https:\/\/www.armaton.com\/#website"},"datePublished":"2021-02-15T13:42:58+00:00","dateModified":"2023-04-25T13:56:09+00:00","description":"Jeder Nutzer von Bordwand- und Rungensystemen hat spezielle Anforderungen und Bed\u00fcrfnisse. Die Systeme von Armaton haben aber etwas zu bieten, das jeder Nutzer w\u00fcnscht: Verl\u00e4sslichkeit. Die Produkte sind sicher. Die Produkte funktionieren.","breadcrumb":{"@id":"https:\/\/www.armaton.com\/de\/warum-armaton\/#breadcrumb"},"inLanguage":"de","potentialAction":[{"@type":"ReadAction","target":["https:\/\/www.armaton.com\/de\/warum-armaton\/"]}]},{"@type":"BreadcrumbList","@id":"https:\/\/www.armaton.com\/de\/warum-armaton\/#breadcrumb","itemListElement":[{"@type":"ListItem","position":1,"name":"Home","item":"https:\/\/www.armaton.com\/de\/"},{"@type":"ListItem","position":2,"name":"Warum Armaton"}]},{"@type":"WebSite","@id":"https:\/\/www.armaton.com\/#website","url":"https:\/\/www.armaton.com\/","name":"Armaton","description":"Armaton Solutions \u2013 Desire To Improve","potentialAction":[{"@type":"SearchAction","target":{"@type":"EntryPoint","urlTemplate":"https:\/\/www.armaton.com\/?s={search_term_string}"},"query-input":"required name=search_term_string"}],"inLanguage":"de"}]}},"_links":{"self":[{"href":"https:\/\/www.armaton.com\/de\/wp-json\/wp\/v2\/pages\/7513","targetHints":{"allow":["GET"]}}],"collection":[{"href":"https:\/\/www.armaton.com\/de\/wp-json\/wp\/v2\/pages"}],"about":[{"href":"https:\/\/www.armaton.com\/de\/wp-json\/wp\/v2\/types\/page"}],"author":[{"embeddable":true,"href":"https:\/\/www.armaton.com\/de\/wp-json\/wp\/v2\/users\/2"}],"replies":[{"embeddable":true,"href":"https:\/\/www.armaton.com\/de\/wp-json\/wp\/v2\/comments?post=7513"}],"version-history":[{"count":10,"href":"https:\/\/www.armaton.com\/de\/wp-json\/wp\/v2\/pages\/7513\/revisions"}],"predecessor-version":[{"id":12487,"href":"https:\/\/www.armaton.com\/de\/wp-json\/wp\/v2\/pages\/7513\/revisions\/12487"}],"wp:attachment":[{"href":"https:\/\/www.armaton.com\/de\/wp-json\/wp\/v2\/media?parent=7513"}],"curies":[{"name":"wp","href":"https:\/\/api.w.org\/{rel}","templated":true}]}}