{"id":7590,"date":"2021-02-15T15:30:06","date_gmt":"2021-02-15T15:30:06","guid":{"rendered":"https:\/\/www.armaton.com\/?page_id=7590"},"modified":"2024-01-16T09:52:04","modified_gmt":"2024-01-16T09:52:04","slug":"fahrzeugverleiher","status":"publish","type":"page","link":"https:\/\/www.armaton.com\/de\/fahrzeugverleiher\/","title":{"rendered":"Fahrzeugverleiher"},"content":{"rendered":"<div id=\"pl-7590\"  class=\"panel-layout\" ><div id=\"pg-7590-0\"  class=\"panel-grid panel-has-style\" ><div class=\"siteorigin-panels-stretch panel-row-style panel-row-style-for-7590-0\" data-stretch-type=\"full-stretched\" ><div id=\"pgc-7590-0-0\"  class=\"panel-grid-cell\" ><div id=\"panel-7590-0-0-0\" class=\"so-panel widget widget_fa-hero-banner-widget panel-first-child panel-last-child\" data-index=\"0\" ><div class=\"panel-widget-style panel-widget-style-for-7590-0-0-0\" ><div\n\t\t\t\n\t\t\tclass=\"so-widget-fa-hero-banner-widget so-widget-fa-hero-banner-widget-default-2d51e5be1a5c-7590\"\n\t\t\t\n\t\t><div class=\"forankra-hero-banner\">\n    <img loading=\"lazy\" decoding=\"async\" width=\"2650\" height=\"1385\" src=\"https:\/\/www.armaton.com\/wp-content\/uploads\/sites\/14\/2019\/06\/Knowledge_Case_Vehicle_puff_1b.jpg\" class=\"forankra-hero-banner-image\" alt=\"\" srcset=\"https:\/\/www.armaton.com\/wp-content\/uploads\/sites\/14\/2019\/06\/Knowledge_Case_Vehicle_puff_1b.jpg 2650w, https:\/\/www.armaton.com\/wp-content\/uploads\/sites\/14\/2019\/06\/Knowledge_Case_Vehicle_puff_1b-300x157.jpg 300w, https:\/\/www.armaton.com\/wp-content\/uploads\/sites\/14\/2019\/06\/Knowledge_Case_Vehicle_puff_1b-768x401.jpg 768w, https:\/\/www.armaton.com\/wp-content\/uploads\/sites\/14\/2019\/06\/Knowledge_Case_Vehicle_puff_1b-1024x535.jpg 1024w, https:\/\/www.armaton.com\/wp-content\/uploads\/sites\/14\/2019\/06\/Knowledge_Case_Vehicle_puff_1b-600x314.jpg 600w\" sizes=\"auto, (max-width: 2650px) 100vw, 2650px\" \/>    <section class=\"hero-content\">\n    <div class=\"content\">\n        <span style=\"font-size: 21px;\">GESCHICHTEN VON ARMATON<\/span>\n<h1><span lang=\"EN-GB\">Die Fahrzeugverleiher. <\/span><\/h1>\n<span lang=\"EN-GB\" style=\"font-size: 21px;\">Wenn Sie f\u00fcr einen lokalen Vermieter oder eine gro\u00dfe Vermietung mit vielen Filialen Nutzfahrzeuge mit Pritschen- oder Kofferaufbau vermieten, m\u00fcssen diese f\u00fcr die Kunden unkompliziert zu verwenden sein. Nach der R\u00fcckgabe kommt es auf Reinigungs- und Wartungsfreundlichkeit an \u2013 so l\u00e4sst sich sp\u00e4ter ein h\u00f6herer Wiederverkaufspreis erzielen.<\/span>            <\/div>\n    <\/section>\n<\/div>\n<\/div><\/div><\/div><\/div><\/div><\/div><div id=\"pg-7590-1\"  class=\"panel-grid panel-has-style\" ><div class=\"siteorigin-panels-stretch panel-row-style panel-row-style-for-7590-1\" data-stretch-type=\"full-stretched\" ><div id=\"pgc-7590-1-0\"  class=\"panel-grid-cell panel-grid-cell-empty\" ><\/div><div id=\"pgc-7590-1-1\"  class=\"panel-grid-cell\" ><div id=\"panel-7590-1-1-0\" class=\"so-panel widget widget_sow-image panel-first-child panel-last-child\" data-index=\"1\" ><div\n\t\t\t\n\t\t\tclass=\"so-widget-sow-image so-widget-sow-image-default-dbf295114b96-7590\"\n\t\t\t\n\t\t>\n\n<div class=\"sow-image-container\">\n\t\t<img decoding=\"async\" src=\"https:\/\/www.armaton.com\/wp-content\/uploads\/sites\/14\/2019\/05\/Knowledge_bodybuilders_puff_2-768x605.jpg\" width=\"768\" height=\"605\" srcset=\"https:\/\/www.armaton.com\/wp-content\/uploads\/sites\/14\/2019\/05\/Knowledge_bodybuilders_puff_2-768x605.jpg 768w, https:\/\/www.armaton.com\/wp-content\/uploads\/sites\/14\/2019\/05\/Knowledge_bodybuilders_puff_2-300x236.jpg 300w, https:\/\/www.armaton.com\/wp-content\/uploads\/sites\/14\/2019\/05\/Knowledge_bodybuilders_puff_2-1024x807.jpg 1024w, https:\/\/www.armaton.com\/wp-content\/uploads\/sites\/14\/2019\/05\/Knowledge_bodybuilders_puff_2-600x473.jpg 600w, https:\/\/www.armaton.com\/wp-content\/uploads\/sites\/14\/2019\/05\/Knowledge_bodybuilders_puff_2.jpg 1282w\" sizes=\"auto, (max-width: 768px) 100vw, 768px\" alt=\"\" loading=\"lazy\" \t\tclass=\"so-widget-image\"\/>\n\t<\/div>\n\n<\/div><\/div><\/div><div id=\"pgc-7590-1-2\"  class=\"panel-grid-cell\" ><div id=\"panel-7590-1-2-0\" class=\"so-panel widget widget_siteorigin-panels-builder panel-first-child panel-last-child\" data-index=\"2\" ><div class=\"panel-widget-style panel-widget-style-for-7590-1-2-0\" ><div id=\"pl-w60354f43c5305\"  class=\"panel-layout\" ><div id=\"pg-w60354f43c5305-0\"  class=\"panel-grid panel-no-style\" ><div id=\"pgc-w60354f43c5305-0-0\"  class=\"panel-grid-cell panel-grid-cell-empty\" ><\/div><div id=\"pgc-w60354f43c5305-0-1\"  class=\"panel-grid-cell panel-grid-cell-mobile-last\" ><div id=\"panel-w60354f43c5305-0-1-0\" class=\"so-panel widget widget_sow-editor panel-first-child\" data-index=\"0\" ><div\n\t\t\t\n\t\t\tclass=\"so-widget-sow-editor so-widget-sow-editor-base\"\n\t\t\t\n\t\t>\n<div class=\"siteorigin-widget-tinymce textwidget\">\n\t<h3><strong>Benutzerfreundlich, haltbar und wirtschaftlich<\/strong><\/h3>\n<p><span lang=\"EN-GB\"><span style=\"font-size: 18px;\">Durch das gewichtsoptimierte Rungensystem kann bei Lastwagen mit einer Nutzlast von bis zu 6\u00a0t die Zuladung voll ausgesch\u00f6pft werden. Die Rungen sind leicht zu montieren, haltbar und wirtschaftlich \u2013 die erste Wahl f\u00fcr jeden, der alle Vorteile eines Rungensystems nutzen m\u00f6chte, das sich stabil und flexibel zu einem Koffer- oder Planenaufbau erweitern l\u00e4sst. <\/span> <\/span><\/p>\n<\/div>\n<\/div><\/div><div id=\"panel-w60354f43c5305-0-1-1\" class=\"so-panel widget widget_sow-button panel-last-child\" data-index=\"1\" ><div\n\t\t\t\n\t\t\tclass=\"so-widget-sow-button so-widget-sow-button-flat-d23e0acbfdd0\"\n\t\t\t\n\t\t><div class=\"ow-button-base ow-button-align-left\">\n\t<a\n\thref=\"https:\/\/www.armaton.com\/de\/armaton-4000xf\/\"\n\t\tclass=\"ow-icon-placement-left ow-button-hover\" \t>\n\t\t<span>\n\t\t\t\n\t\t\tMehr erfahren &gt;\t\t<\/span>\n\t<\/a>\n<\/div>\n<\/div><\/div><\/div><div id=\"pgc-w60354f43c5305-0-2\"  class=\"panel-grid-cell panel-grid-cell-empty\" ><\/div><\/div><\/div><\/div><\/div><\/div><\/div><\/div><div id=\"pg-7590-2\"  class=\"panel-grid panel-has-style\" ><div class=\"siteorigin-panels-stretch panel-row-style panel-row-style-for-7590-2\" data-stretch-type=\"full-stretched\" ><div id=\"pgc-7590-2-0\"  class=\"panel-grid-cell\" ><div id=\"panel-7590-2-0-0\" class=\"so-panel widget widget_siteorigin-panels-builder panel-first-child panel-last-child\" data-index=\"3\" ><div class=\"panel-widget-style panel-widget-style-for-7590-2-0-0\" ><div id=\"pl-w602a95e9edfc5\"  class=\"panel-layout\" ><div id=\"pg-w602a95e9edfc5-0\"  class=\"panel-grid panel-no-style\" ><div id=\"pgc-w602a95e9edfc5-0-0\"  class=\"panel-grid-cell panel-grid-cell-empty\" ><\/div><div id=\"pgc-w602a95e9edfc5-0-1\"  class=\"panel-grid-cell panel-grid-cell-mobile-last\" ><div id=\"panel-w602a95e9edfc5-0-1-0\" class=\"so-panel widget widget_sow-editor panel-first-child panel-last-child\" data-index=\"0\" ><div class=\"panel-widget-style panel-widget-style-for-w602a95e9edfc5-0-1-0\" ><div\n\t\t\t\n\t\t\tclass=\"so-widget-sow-editor so-widget-sow-editor-base\"\n\t\t\t\n\t\t>\n<div class=\"siteorigin-widget-tinymce textwidget\">\n\t<p>&nbsp;<\/p>\n<h3><strong>Stabile und sichere Befestigun<\/strong><\/h3>\n<p><span style=\"font-size: 18px;\">Die Rungen an Seiten und Heck k\u00f6nnen bei Bedarf in ge\u00f6ffneter Stellung problemlos aus der Halterung genommen werden. Wenn sie geschlossen sind, sitzen sie fest.<\/span><\/p>\n<\/div>\n<\/div><\/div><\/div><\/div><div id=\"pgc-w602a95e9edfc5-0-2\"  class=\"panel-grid-cell panel-grid-cell-empty\" ><\/div><\/div><\/div><\/div><\/div><\/div><div id=\"pgc-7590-2-1\"  class=\"panel-grid-cell\" ><div id=\"panel-7590-2-1-0\" class=\"so-panel widget widget_sow-image panel-first-child panel-last-child\" data-index=\"4\" ><div\n\t\t\t\n\t\t\tclass=\"so-widget-sow-image so-widget-sow-image-default-dbf295114b96-7590\"\n\t\t\t\n\t\t>\n\n<div class=\"sow-image-container\">\n\t\t<img decoding=\"async\" src=\"https:\/\/www.armaton.com\/wp-content\/uploads\/sites\/14\/2019\/06\/Knowledge_Case_Vehicle_puff_6b-768x605.png\" width=\"768\" height=\"605\" srcset=\"https:\/\/www.armaton.com\/wp-content\/uploads\/sites\/14\/2019\/06\/Knowledge_Case_Vehicle_puff_6b-768x605.png 768w, https:\/\/www.armaton.com\/wp-content\/uploads\/sites\/14\/2019\/06\/Knowledge_Case_Vehicle_puff_6b-300x236.png 300w, https:\/\/www.armaton.com\/wp-content\/uploads\/sites\/14\/2019\/06\/Knowledge_Case_Vehicle_puff_6b-1024x807.png 1024w, https:\/\/www.armaton.com\/wp-content\/uploads\/sites\/14\/2019\/06\/Knowledge_Case_Vehicle_puff_6b-600x473.png 600w, https:\/\/www.armaton.com\/wp-content\/uploads\/sites\/14\/2019\/06\/Knowledge_Case_Vehicle_puff_6b.png 1282w\" sizes=\"auto, (max-width: 768px) 100vw, 768px\" alt=\"\" loading=\"lazy\" \t\tclass=\"so-widget-image\"\/>\n\t<\/div>\n\n<\/div><\/div><\/div><\/div><\/div><div id=\"pg-7590-3\"  class=\"panel-grid panel-has-style\" ><div class=\"siteorigin-panels-stretch panel-row-style panel-row-style-for-7590-3\" data-stretch-type=\"full-stretched\" ><div id=\"pgc-7590-3-0\"  class=\"panel-grid-cell\" ><div id=\"panel-7590-3-0-0\" class=\"so-panel widget widget_sow-image panel-first-child panel-last-child\" data-index=\"5\" ><div\n\t\t\t\n\t\t\tclass=\"so-widget-sow-image so-widget-sow-image-default-dbf295114b96-7590\"\n\t\t\t\n\t\t>\n\n<div class=\"sow-image-container\">\n\t\t<img decoding=\"async\" src=\"https:\/\/www.armaton.com\/wp-content\/uploads\/sites\/14\/2019\/05\/Handtag_ENG746x490.jpg\" width=\"746\" height=\"490\" srcset=\"https:\/\/www.armaton.com\/wp-content\/uploads\/sites\/14\/2019\/05\/Handtag_ENG746x490.jpg 746w, https:\/\/www.armaton.com\/wp-content\/uploads\/sites\/14\/2019\/05\/Handtag_ENG746x490-300x197.jpg 300w, https:\/\/www.armaton.com\/wp-content\/uploads\/sites\/14\/2019\/05\/Handtag_ENG746x490-600x394.jpg 600w\" sizes=\"auto, (max-width: 746px) 100vw, 746px\" title=\"Handtag_ENG,746&#215;490\" alt=\"\" loading=\"lazy\" \t\tclass=\"so-widget-image\"\/>\n\t<\/div>\n\n<\/div><\/div><\/div><div id=\"pgc-7590-3-1\"  class=\"panel-grid-cell\" ><div id=\"panel-7590-3-1-0\" class=\"so-panel widget widget_siteorigin-panels-builder panel-first-child panel-last-child\" data-index=\"6\" ><div class=\"panel-widget-style panel-widget-style-for-7590-3-1-0\" ><div id=\"pl-w602a95e9ee44b\"  class=\"panel-layout\" ><div id=\"pg-w602a95e9ee44b-0\"  class=\"panel-grid panel-no-style\" ><div id=\"pgc-w602a95e9ee44b-0-0\"  class=\"panel-grid-cell panel-grid-cell-empty\" ><\/div><div id=\"pgc-w602a95e9ee44b-0-1\"  class=\"panel-grid-cell panel-grid-cell-mobile-last\" ><div id=\"panel-w602a95e9ee44b-0-1-0\" class=\"so-panel widget widget_sow-editor panel-first-child panel-last-child\" data-index=\"0\" ><div\n\t\t\t\n\t\t\tclass=\"so-widget-sow-editor so-widget-sow-editor-base\"\n\t\t\t\n\t\t>\n<div class=\"siteorigin-widget-tinymce textwidget\">\n\t<p>&nbsp;<\/p>\n<h3><strong><span lang=\"EN-US\">Reinigungs- und wartungsfreundlich<\/span><\/strong><\/h3>\n<p><span lang=\"EN-US\"><span style=\"font-size: 18px;\">F\u00fcr einen Fahrzeugverleiher ist es entscheidend, dass Fahrzeuge mit Pritschen- oder Kofferaufbau in der Vermietstation schnell gereinigt und problemlos gewartet werden k\u00f6nnen. <\/span> <\/span><\/p>\n<\/div>\n<\/div><\/div><\/div><div id=\"pgc-w602a95e9ee44b-0-2\"  class=\"panel-grid-cell panel-grid-cell-empty\" ><\/div><\/div><\/div><\/div><\/div><\/div><\/div><\/div><div id=\"pg-7590-4\"  class=\"panel-grid panel-has-style\" ><div class=\"siteorigin-panels-stretch panel-row-style panel-row-style-for-7590-4\" data-stretch-type=\"full-stretched\" ><div id=\"pgc-7590-4-0\"  class=\"panel-grid-cell\" ><div id=\"panel-7590-4-0-0\" class=\"so-panel widget widget_fa-hero-banner-widget panel-first-child panel-last-child\" data-index=\"7\" ><div class=\"panel-widget-style panel-widget-style-for-7590-4-0-0\" ><div\n\t\t\t\n\t\t\tclass=\"so-widget-fa-hero-banner-widget so-widget-fa-hero-banner-widget-default-cd1e29ff90d7-7590\"\n\t\t\t\n\t\t><div class=\"forankra-hero-banner\">\n    <img loading=\"lazy\" decoding=\"async\" width=\"2592\" height=\"1010\" src=\"https:\/\/www.armaton.com\/wp-content\/uploads\/sites\/14\/2019\/05\/Start_puff_4.jpg\" class=\"forankra-hero-banner-image\" alt=\"\" srcset=\"https:\/\/www.armaton.com\/wp-content\/uploads\/sites\/14\/2019\/05\/Start_puff_4.jpg 2592w, https:\/\/www.armaton.com\/wp-content\/uploads\/sites\/14\/2019\/05\/Start_puff_4-300x117.jpg 300w, https:\/\/www.armaton.com\/wp-content\/uploads\/sites\/14\/2019\/05\/Start_puff_4-768x299.jpg 768w, https:\/\/www.armaton.com\/wp-content\/uploads\/sites\/14\/2019\/05\/Start_puff_4-1024x399.jpg 1024w, https:\/\/www.armaton.com\/wp-content\/uploads\/sites\/14\/2019\/05\/Start_puff_4-600x234.jpg 600w\" sizes=\"auto, (max-width: 2592px) 100vw, 2592px\" \/>    <section class=\"hero-content\">\n    <div class=\"content\">\n        <h3><strong>Armaton Modular Platform Kit <\/strong><strong>\u2013 passt wie angegossen.<\/strong><\/h3>\n<span style=\"font-size: 18px;\">Damit werden bei Ladepritschen mit Bordwand und Kofferaufbauten f\u00fcr Fahrzeuge bis 3,5\u00a0t die Karten neu gemischt. Die Montage dieses Systems erfordert kein Spezialwerkzeug \u2013 und nur einen Bruchteil der Zeit, die normalerweise f\u00fcr diese Aufbauten ben\u00f6tigt wird. Damit sparen Sie Zeit und Geld.<\/span>\n<br \/>\n<br \/>\n<br \/>        <div class=\"button-container left\"><a href=\"https:\/\/www.armaton.com\/de\/modulare-ladeflaeche-von-armaton\/\" class=\"forankra-hero-banner-button\">Mehr erfahren &gt;<\/a><\/div>    <\/div>\n    <\/section>\n<\/div>\n<\/div><\/div><\/div><\/div><\/div><\/div><div id=\"pg-7590-5\"  class=\"panel-grid panel-has-style\" ><div class=\"siteorigin-panels-stretch panel-row-style panel-row-style-for-7590-5\" data-stretch-type=\"full-stretched\" ><div id=\"pgc-7590-5-0\"  class=\"panel-grid-cell\" ><div id=\"panel-7590-5-0-0\" class=\"so-panel widget widget_siteorigin-panels-builder panel-first-child panel-last-child\" data-index=\"8\" ><div class=\"panel-widget-style panel-widget-style-for-7590-5-0-0\" ><div id=\"pl-w602a95e9eeea7\"  class=\"panel-layout\" ><div id=\"pg-w602a95e9eeea7-0\"  class=\"panel-grid panel-no-style\" ><div id=\"pgc-w602a95e9eeea7-0-0\"  class=\"panel-grid-cell panel-grid-cell-empty\" ><\/div><div id=\"pgc-w602a95e9eeea7-0-1\"  class=\"panel-grid-cell panel-grid-cell-mobile-last\" ><div id=\"panel-w602a95e9eeea7-0-1-0\" class=\"so-panel widget widget_sow-editor panel-first-child panel-last-child\" data-index=\"0\" ><div class=\"panel-widget-style panel-widget-style-for-w602a95e9eeea7-0-1-0\" ><div\n\t\t\t\n\t\t\tclass=\"so-widget-sow-editor so-widget-sow-editor-base\"\n\t\t\t\n\t\t>\n<div class=\"siteorigin-widget-tinymce textwidget\">\n\t<p>&nbsp;<\/p>\n<h3><strong>Garantie<\/strong><\/h3>\n<p><span style=\"font-size: 18px;\">Armaton garantiert die hohe Qualit\u00e4t und Leistungsf\u00e4higkeit seiner Produkte und Ersatzteile.<\/span><\/p>\n<\/div>\n<\/div><\/div><\/div><\/div><div id=\"pgc-w602a95e9eeea7-0-2\"  class=\"panel-grid-cell panel-grid-cell-empty\" ><\/div><\/div><\/div><\/div><\/div><\/div><div id=\"pgc-7590-5-1\"  class=\"panel-grid-cell\" ><div id=\"panel-7590-5-1-0\" class=\"so-panel widget widget_sow-image panel-first-child panel-last-child\" data-index=\"9\" ><div\n\t\t\t\n\t\t\tclass=\"so-widget-sow-image so-widget-sow-image-default-dbf295114b96-7590\"\n\t\t\t\n\t\t>\n\n<div class=\"sow-image-container\">\n\t\t<img decoding=\"async\" src=\"https:\/\/www.armaton.com\/wp-content\/uploads\/sites\/14\/2019\/05\/Modular_Kit_drawing_2_1100x610-768x426.jpg\" width=\"768\" height=\"426\" srcset=\"https:\/\/www.armaton.com\/wp-content\/uploads\/sites\/14\/2019\/05\/Modular_Kit_drawing_2_1100x610-768x426.jpg 768w, https:\/\/www.armaton.com\/wp-content\/uploads\/sites\/14\/2019\/05\/Modular_Kit_drawing_2_1100x610-300x166.jpg 300w, https:\/\/www.armaton.com\/wp-content\/uploads\/sites\/14\/2019\/05\/Modular_Kit_drawing_2_1100x610-1024x568.jpg 1024w, https:\/\/www.armaton.com\/wp-content\/uploads\/sites\/14\/2019\/05\/Modular_Kit_drawing_2_1100x610-600x333.jpg 600w, https:\/\/www.armaton.com\/wp-content\/uploads\/sites\/14\/2019\/05\/Modular_Kit_drawing_2_1100x610.jpg 1100w\" sizes=\"auto, (max-width: 768px) 100vw, 768px\" alt=\"\" loading=\"lazy\" \t\tclass=\"so-widget-image\"\/>\n\t<\/div>\n\n<\/div><\/div><\/div><\/div><\/div><div id=\"pg-7590-6\"  class=\"panel-grid panel-has-style\" ><div class=\"siteorigin-panels-stretch panel-row-style panel-row-style-for-7590-6\" data-stretch-type=\"full-stretched\" ><div id=\"pgc-7590-6-0\"  class=\"panel-grid-cell\" ><div id=\"panel-7590-6-0-0\" class=\"so-panel widget widget_sow-image panel-first-child panel-last-child\" data-index=\"10\" ><div\n\t\t\t\n\t\t\tclass=\"so-widget-sow-image so-widget-sow-image-default-a258e6bfa2d8-7590\"\n\t\t\t\n\t\t>\n\n<div class=\"sow-image-container\">\n\t\t<img decoding=\"async\" src=\"https:\/\/www.armaton.com\/wp-content\/uploads\/sites\/14\/2020\/06\/Stepless_3_1282x1010-768x605.jpg\" width=\"768\" height=\"605\" srcset=\"https:\/\/www.armaton.com\/wp-content\/uploads\/sites\/14\/2020\/06\/Stepless_3_1282x1010-768x605.jpg 768w, https:\/\/www.armaton.com\/wp-content\/uploads\/sites\/14\/2020\/06\/Stepless_3_1282x1010-300x236.jpg 300w, https:\/\/www.armaton.com\/wp-content\/uploads\/sites\/14\/2020\/06\/Stepless_3_1282x1010-1024x807.jpg 1024w, https:\/\/www.armaton.com\/wp-content\/uploads\/sites\/14\/2020\/06\/Stepless_3_1282x1010-600x473.jpg 600w, https:\/\/www.armaton.com\/wp-content\/uploads\/sites\/14\/2020\/06\/Stepless_3_1282x1010.jpg 1262w\" sizes=\"auto, (max-width: 768px) 100vw, 768px\" alt=\"\" loading=\"lazy\" \t\tclass=\"so-widget-image\"\/>\n\t<\/div>\n\n<\/div><\/div><\/div><div id=\"pgc-7590-6-1\"  class=\"panel-grid-cell\" ><div id=\"panel-7590-6-1-0\" class=\"so-panel widget widget_siteorigin-panels-builder panel-first-child panel-last-child\" data-index=\"11\" ><div class=\"panel-widget-style panel-widget-style-for-7590-6-1-0\" ><div id=\"pl-w602d14146e2b8\"  class=\"panel-layout\" ><div id=\"pg-w602d14146e2b8-0\"  class=\"panel-grid panel-no-style\" ><div id=\"pgc-w602d14146e2b8-0-0\"  class=\"panel-grid-cell panel-grid-cell-empty\" ><\/div><div id=\"pgc-w602d14146e2b8-0-1\"  class=\"panel-grid-cell panel-grid-cell-mobile-last\" ><div id=\"panel-w602d14146e2b8-0-1-0\" class=\"so-panel widget widget_sow-editor panel-first-child panel-last-child\" data-index=\"0\" ><div class=\"panel-widget-style panel-widget-style-for-w602d14146e2b8-0-1-0\" ><div\n\t\t\t\n\t\t\tclass=\"so-widget-sow-editor so-widget-sow-editor-base\"\n\t\t\t\n\t\t>\n<div class=\"siteorigin-widget-tinymce textwidget\">\n\t<p>&nbsp;<\/p>\n<h3><strong><span lang=\"EN-GB\">360\u00b0 Rundum-Sicherung der Ladung<\/span><\/strong><\/h3>\n<p><span style=\"font-size: 18px;\"><span lang=\"EN-GB\">Die Spanngurte zum Verzurren der Ladung k\u00f6nnen an jeder Stelle des Pritschenrands eingeh\u00e4ngt werden und beanspruchen keinerlei Raum auf der Ladefl\u00e4che.<\/span><\/span><\/p>\n<\/div>\n<\/div><\/div><\/div><\/div><div id=\"pgc-w602d14146e2b8-0-2\"  class=\"panel-grid-cell panel-grid-cell-empty\" ><\/div><\/div><\/div><\/div><\/div><\/div><\/div><\/div><\/div>","protected":false},"excerpt":{"rendered":"<p>GESCHICHTEN VON ARMATON Die Fahrzeugverleiher. Wenn Sie f\u00fcr einen lokalen Vermieter oder eine gro\u00dfe Vermietung mit vielen Filialen Nutzfahrzeuge mit Pritschen- oder Kofferaufbau vermieten, m\u00fcssen diese f\u00fcr die Kunden unkompliziert zu verwenden sein. Nach der R\u00fcckgabe kommt es auf Reinigungs- und Wartungsfreundlichkeit an \u2013 so l\u00e4sst sich sp\u00e4ter ein h\u00f6herer Wiederverkaufspreis erzielen. Benutzerfreundlich, haltbar und [&hellip;]<\/p>\n","protected":false},"author":2,"featured_media":0,"parent":0,"menu_order":0,"comment_status":"closed","ping_status":"closed","template":"","meta":{"footnotes":""},"class_list":["post-7590","page","type-page","status-publish","hentry"],"yoast_head":"<!-- This site is optimized with the Yoast SEO plugin v20.4 - https:\/\/yoast.com\/wordpress\/plugins\/seo\/ -->\n<title>Fahrzeugverleiher - Armaton<\/title>\n<meta name=\"description\" content=\"Wenn Sie f\u00fcr einen lokalen Vermieter oder eine gro\u00dfe Vermietung mit vielen Filialen Nutzfahrzeuge mit Pritschen- oder Kofferaufbau vermieten, m\u00fcssen diese f\u00fcr die Kunden unkompliziert zu verwenden sein. Nach der R\u00fcckgabe kommt es auf Reinigungs- und Wartungsfreundlichkeit an \u2013 so l\u00e4sst sich sp\u00e4ter ein h\u00f6herer Wiederverkaufspreis erzielen.\" \/>\n<meta name=\"robots\" content=\"index, follow, max-snippet:-1, max-image-preview:large, max-video-preview:-1\" \/>\n<link rel=\"canonical\" href=\"https:\/\/www.armaton.com\/de\/fahrzeugverleiher\/\" \/>\n<meta property=\"og:locale\" content=\"de_DE\" \/>\n<meta property=\"og:type\" content=\"article\" \/>\n<meta property=\"og:title\" content=\"Fahrzeugverleiher - Armaton\" \/>\n<meta property=\"og:description\" content=\"Wenn Sie f\u00fcr einen lokalen Vermieter oder eine gro\u00dfe Vermietung mit vielen Filialen Nutzfahrzeuge mit Pritschen- oder Kofferaufbau vermieten, m\u00fcssen diese f\u00fcr die Kunden unkompliziert zu verwenden sein. Nach der R\u00fcckgabe kommt es auf Reinigungs- und Wartungsfreundlichkeit an \u2013 so l\u00e4sst sich sp\u00e4ter ein h\u00f6herer Wiederverkaufspreis erzielen.\" \/>\n<meta property=\"og:url\" content=\"https:\/\/www.armaton.com\/de\/fahrzeugverleiher\/\" \/>\n<meta property=\"og:site_name\" content=\"Armaton\" \/>\n<meta property=\"article:modified_time\" content=\"2024-01-16T09:52:04+00:00\" \/>\n<meta name=\"twitter:card\" content=\"summary_large_image\" \/>\n<meta name=\"twitter:label1\" content=\"Gesch\u00e4tzte Lesezeit\" \/>\n\t<meta name=\"twitter:data1\" content=\"1\u00a0Minute\" \/>\n<script type=\"application\/ld+json\" class=\"yoast-schema-graph\">{\"@context\":\"https:\/\/schema.org\",\"@graph\":[{\"@type\":\"WebPage\",\"@id\":\"https:\/\/www.armaton.com\/de\/fahrzeugverleiher\/\",\"url\":\"https:\/\/www.armaton.com\/de\/fahrzeugverleiher\/\",\"name\":\"Fahrzeugverleiher - Armaton\",\"isPartOf\":{\"@id\":\"https:\/\/www.armaton.com\/#website\"},\"datePublished\":\"2021-02-15T15:30:06+00:00\",\"dateModified\":\"2024-01-16T09:52:04+00:00\",\"description\":\"Wenn Sie f\u00fcr einen lokalen Vermieter oder eine gro\u00dfe Vermietung mit vielen Filialen Nutzfahrzeuge mit Pritschen- oder Kofferaufbau vermieten, m\u00fcssen diese f\u00fcr die Kunden unkompliziert zu verwenden sein. Nach der R\u00fcckgabe kommt es auf Reinigungs- und Wartungsfreundlichkeit an \u2013 so l\u00e4sst sich sp\u00e4ter ein h\u00f6herer Wiederverkaufspreis erzielen.\",\"breadcrumb\":{\"@id\":\"https:\/\/www.armaton.com\/de\/fahrzeugverleiher\/#breadcrumb\"},\"inLanguage\":\"de\",\"potentialAction\":[{\"@type\":\"ReadAction\",\"target\":[\"https:\/\/www.armaton.com\/de\/fahrzeugverleiher\/\"]}]},{\"@type\":\"BreadcrumbList\",\"@id\":\"https:\/\/www.armaton.com\/de\/fahrzeugverleiher\/#breadcrumb\",\"itemListElement\":[{\"@type\":\"ListItem\",\"position\":1,\"name\":\"Home\",\"item\":\"https:\/\/www.armaton.com\/de\/\"},{\"@type\":\"ListItem\",\"position\":2,\"name\":\"Fahrzeugverleiher\"}]},{\"@type\":\"WebSite\",\"@id\":\"https:\/\/www.armaton.com\/#website\",\"url\":\"https:\/\/www.armaton.com\/\",\"name\":\"Armaton\",\"description\":\"Armaton Solutions \u2013 Desire To Improve\",\"potentialAction\":[{\"@type\":\"SearchAction\",\"target\":{\"@type\":\"EntryPoint\",\"urlTemplate\":\"https:\/\/www.armaton.com\/?s={search_term_string}\"},\"query-input\":\"required name=search_term_string\"}],\"inLanguage\":\"de\"}]}<\/script>\n<!-- \/ Yoast SEO plugin. -->","yoast_head_json":{"title":"Fahrzeugverleiher - Armaton","description":"Wenn Sie f\u00fcr einen lokalen Vermieter oder eine gro\u00dfe Vermietung mit vielen Filialen Nutzfahrzeuge mit Pritschen- oder Kofferaufbau vermieten, m\u00fcssen diese f\u00fcr die Kunden unkompliziert zu verwenden sein. Nach der R\u00fcckgabe kommt es auf Reinigungs- und Wartungsfreundlichkeit an \u2013 so l\u00e4sst sich sp\u00e4ter ein h\u00f6herer Wiederverkaufspreis erzielen.","robots":{"index":"index","follow":"follow","max-snippet":"max-snippet:-1","max-image-preview":"max-image-preview:large","max-video-preview":"max-video-preview:-1"},"canonical":"https:\/\/www.armaton.com\/de\/fahrzeugverleiher\/","og_locale":"de_DE","og_type":"article","og_title":"Fahrzeugverleiher - Armaton","og_description":"Wenn Sie f\u00fcr einen lokalen Vermieter oder eine gro\u00dfe Vermietung mit vielen Filialen Nutzfahrzeuge mit Pritschen- oder Kofferaufbau vermieten, m\u00fcssen diese f\u00fcr die Kunden unkompliziert zu verwenden sein. Nach der R\u00fcckgabe kommt es auf Reinigungs- und Wartungsfreundlichkeit an \u2013 so l\u00e4sst sich sp\u00e4ter ein h\u00f6herer Wiederverkaufspreis erzielen.","og_url":"https:\/\/www.armaton.com\/de\/fahrzeugverleiher\/","og_site_name":"Armaton","article_modified_time":"2024-01-16T09:52:04+00:00","twitter_card":"summary_large_image","twitter_misc":{"Gesch\u00e4tzte Lesezeit":"1\u00a0Minute"},"schema":{"@context":"https:\/\/schema.org","@graph":[{"@type":"WebPage","@id":"https:\/\/www.armaton.com\/de\/fahrzeugverleiher\/","url":"https:\/\/www.armaton.com\/de\/fahrzeugverleiher\/","name":"Fahrzeugverleiher - Armaton","isPartOf":{"@id":"https:\/\/www.armaton.com\/#website"},"datePublished":"2021-02-15T15:30:06+00:00","dateModified":"2024-01-16T09:52:04+00:00","description":"Wenn Sie f\u00fcr einen lokalen Vermieter oder eine gro\u00dfe Vermietung mit vielen Filialen Nutzfahrzeuge mit Pritschen- oder Kofferaufbau vermieten, m\u00fcssen diese f\u00fcr die Kunden unkompliziert zu verwenden sein. Nach der R\u00fcckgabe kommt es auf Reinigungs- und Wartungsfreundlichkeit an \u2013 so l\u00e4sst sich sp\u00e4ter ein h\u00f6herer Wiederverkaufspreis erzielen.","breadcrumb":{"@id":"https:\/\/www.armaton.com\/de\/fahrzeugverleiher\/#breadcrumb"},"inLanguage":"de","potentialAction":[{"@type":"ReadAction","target":["https:\/\/www.armaton.com\/de\/fahrzeugverleiher\/"]}]},{"@type":"BreadcrumbList","@id":"https:\/\/www.armaton.com\/de\/fahrzeugverleiher\/#breadcrumb","itemListElement":[{"@type":"ListItem","position":1,"name":"Home","item":"https:\/\/www.armaton.com\/de\/"},{"@type":"ListItem","position":2,"name":"Fahrzeugverleiher"}]},{"@type":"WebSite","@id":"https:\/\/www.armaton.com\/#website","url":"https:\/\/www.armaton.com\/","name":"Armaton","description":"Armaton Solutions \u2013 Desire To Improve","potentialAction":[{"@type":"SearchAction","target":{"@type":"EntryPoint","urlTemplate":"https:\/\/www.armaton.com\/?s={search_term_string}"},"query-input":"required name=search_term_string"}],"inLanguage":"de"}]}},"_links":{"self":[{"href":"https:\/\/www.armaton.com\/de\/wp-json\/wp\/v2\/pages\/7590","targetHints":{"allow":["GET"]}}],"collection":[{"href":"https:\/\/www.armaton.com\/de\/wp-json\/wp\/v2\/pages"}],"about":[{"href":"https:\/\/www.armaton.com\/de\/wp-json\/wp\/v2\/types\/page"}],"author":[{"embeddable":true,"href":"https:\/\/www.armaton.com\/de\/wp-json\/wp\/v2\/users\/2"}],"replies":[{"embeddable":true,"href":"https:\/\/www.armaton.com\/de\/wp-json\/wp\/v2\/comments?post=7590"}],"version-history":[{"count":16,"href":"https:\/\/www.armaton.com\/de\/wp-json\/wp\/v2\/pages\/7590\/revisions"}],"predecessor-version":[{"id":13394,"href":"https:\/\/www.armaton.com\/de\/wp-json\/wp\/v2\/pages\/7590\/revisions\/13394"}],"wp:attachment":[{"href":"https:\/\/www.armaton.com\/de\/wp-json\/wp\/v2\/media?parent=7590"}],"curies":[{"name":"wp","href":"https:\/\/api.w.org\/{rel}","templated":true}]}}