{"id":7602,"date":"2021-02-15T15:43:47","date_gmt":"2021-02-15T15:43:47","guid":{"rendered":"https:\/\/www.armaton.com\/?page_id=7602"},"modified":"2023-04-25T13:56:36","modified_gmt":"2023-04-25T13:56:36","slug":"systeme-von-armaton","status":"publish","type":"page","link":"https:\/\/www.armaton.com\/de\/systeme-von-armaton\/","title":{"rendered":"Systeme von Armaton"},"content":{"rendered":"<div id=\"pl-7602\"  class=\"panel-layout\" ><div id=\"pg-7602-0\"  class=\"panel-grid panel-has-style\" ><div class=\"siteorigin-panels-stretch panel-row-style panel-row-style-for-7602-0\" data-stretch-type=\"full-stretched\" ><div id=\"pgc-7602-0-0\"  class=\"panel-grid-cell\" ><div id=\"panel-7602-0-0-0\" class=\"so-panel widget widget_fa-hero-banner-widget panel-first-child panel-last-child\" data-index=\"0\" ><div class=\"panel-widget-style panel-widget-style-for-7602-0-0-0\" ><div\n\t\t\t\n\t\t\tclass=\"so-widget-fa-hero-banner-widget so-widget-fa-hero-banner-widget-default-c88eb9a566b1-7602\"\n\t\t\t\n\t\t><div class=\"forankra-hero-banner\">\n    <img loading=\"lazy\" decoding=\"async\" width=\"2650\" height=\"1385\" src=\"https:\/\/www.armaton.com\/wp-content\/uploads\/sites\/14\/2019\/05\/Systems_puff_1.jpg\" class=\"forankra-hero-banner-image\" alt=\"\" srcset=\"https:\/\/www.armaton.com\/wp-content\/uploads\/sites\/14\/2019\/05\/Systems_puff_1.jpg 2650w, https:\/\/www.armaton.com\/wp-content\/uploads\/sites\/14\/2019\/05\/Systems_puff_1-300x157.jpg 300w, https:\/\/www.armaton.com\/wp-content\/uploads\/sites\/14\/2019\/05\/Systems_puff_1-768x401.jpg 768w, https:\/\/www.armaton.com\/wp-content\/uploads\/sites\/14\/2019\/05\/Systems_puff_1-1024x535.jpg 1024w, https:\/\/www.armaton.com\/wp-content\/uploads\/sites\/14\/2019\/05\/Systems_puff_1-600x314.jpg 600w\" sizes=\"auto, (max-width: 2650px) 100vw, 2650px\" \/>    <section class=\"hero-content\">\n    <div class=\"content\">\n        <h1><span style=\"color: #ffffff;\">Systeme von Armaton<\/span><\/h1>\n<span lang=\"EN-GB\" style=\"color: #ffffff; font-size: 21px;\">Systeme von Armaton zeichnen sich durch eine sehr aufger\u00e4umte und geradlinige Optik sowie eine leichte Bauweise aus. Die Konzepte sind hochwertig, ergonomisch durchdacht und mit zahlreichen einzigartigen Funktionen ausgestattet.<\/span>            <\/div>\n    <\/section>\n<\/div>\n<\/div><\/div><\/div><\/div><\/div><\/div><div id=\"pg-7602-1\"  class=\"panel-grid panel-has-style\" ><div class=\"siteorigin-panels-stretch panel-row-style panel-row-style-for-7602-1\" data-stretch-type=\"full-stretched\" ><div id=\"pgc-7602-1-0\"  class=\"panel-grid-cell\" ><div id=\"panel-7602-1-0-0\" class=\"so-panel widget widget_fa-hero-banner-widget panel-first-child panel-last-child\" data-index=\"1\" ><div class=\"panel-widget-style panel-widget-style-for-7602-1-0-0\" ><div\n\t\t\t\n\t\t\tclass=\"so-widget-fa-hero-banner-widget so-widget-fa-hero-banner-widget-default-cd1e29ff90d7-7602\"\n\t\t\t\n\t\t><div class=\"forankra-hero-banner\">\n    <img loading=\"lazy\" decoding=\"async\" width=\"2592\" height=\"1010\" src=\"https:\/\/www.armaton.com\/wp-content\/uploads\/sites\/14\/2019\/05\/Start_puff_4.jpg\" class=\"forankra-hero-banner-image\" alt=\"\" srcset=\"https:\/\/www.armaton.com\/wp-content\/uploads\/sites\/14\/2019\/05\/Start_puff_4.jpg 2592w, https:\/\/www.armaton.com\/wp-content\/uploads\/sites\/14\/2019\/05\/Start_puff_4-300x117.jpg 300w, https:\/\/www.armaton.com\/wp-content\/uploads\/sites\/14\/2019\/05\/Start_puff_4-768x299.jpg 768w, https:\/\/www.armaton.com\/wp-content\/uploads\/sites\/14\/2019\/05\/Start_puff_4-1024x399.jpg 1024w, https:\/\/www.armaton.com\/wp-content\/uploads\/sites\/14\/2019\/05\/Start_puff_4-600x234.jpg 600w\" sizes=\"auto, (max-width: 2592px) 100vw, 2592px\" \/>    <section class=\"hero-content\">\n    <div class=\"content\">\n        <h3><strong>Armaton Modular Platform Kit<\/strong><\/h3>\n<span style=\"font-size: 18px;\">Damit werden bei Ladepritschen mit Bordwand und Kofferaufbauten f\u00fcr Fahrzeuge bis 3,5\u00a0t die Karten neu gemischt. Die Montage dieses Systems erfordert kein Spezialwerkzeug \u2013 und nur einen Bruchteil der Zeit, die normalerweise f\u00fcr diese Aufbauten ben\u00f6tigt wird. Damit sparen Sie Zeit und Geld.<\/span>\n<br \/>\n<br \/>\n<br \/>        <div class=\"button-container left\"><a href=\"https:\/\/www.armaton.com\/de\/modulare-ladeflaeche-von-armaton\/\" class=\"forankra-hero-banner-button\">Mehr erfahren &gt;<\/a><\/div>    <\/div>\n    <\/section>\n<\/div>\n<\/div><\/div><\/div><\/div><\/div><\/div><div id=\"pg-7602-2\"  class=\"panel-grid panel-has-style\" ><div class=\"siteorigin-panels-stretch panel-row-style panel-row-style-for-7602-2\" data-stretch-type=\"full-stretched\" ><div id=\"pgc-7602-2-0\"  class=\"panel-grid-cell panel-grid-cell-empty\" ><\/div><div id=\"pgc-7602-2-1\"  class=\"panel-grid-cell\" ><div id=\"panel-7602-2-1-0\" class=\"so-panel widget widget_sow-image panel-first-child panel-last-child\" data-index=\"2\" ><div\n\t\t\t\n\t\t\tclass=\"so-widget-sow-image so-widget-sow-image-default-dbf295114b96-7602\"\n\t\t\t\n\t\t>\n\n<div class=\"sow-image-container\">\n\t\t<img decoding=\"async\" src=\"https:\/\/www.armaton.com\/wp-content\/uploads\/sites\/14\/2019\/05\/Start_puff_2_b-768x605.jpg\" width=\"768\" height=\"605\" srcset=\"https:\/\/www.armaton.com\/wp-content\/uploads\/sites\/14\/2019\/05\/Start_puff_2_b-768x605.jpg 768w, https:\/\/www.armaton.com\/wp-content\/uploads\/sites\/14\/2019\/05\/Start_puff_2_b-300x236.jpg 300w, https:\/\/www.armaton.com\/wp-content\/uploads\/sites\/14\/2019\/05\/Start_puff_2_b-1024x806.jpg 1024w, https:\/\/www.armaton.com\/wp-content\/uploads\/sites\/14\/2019\/05\/Start_puff_2_b-600x472.jpg 600w, https:\/\/www.armaton.com\/wp-content\/uploads\/sites\/14\/2019\/05\/Start_puff_2_b.jpg 1256w\" sizes=\"auto, (max-width: 768px) 100vw, 768px\" alt=\"\" loading=\"lazy\" \t\tclass=\"so-widget-image\"\/>\n\t<\/div>\n\n<\/div><\/div><\/div><div id=\"pgc-7602-2-2\"  class=\"panel-grid-cell panel-grid-cell-empty\" ><\/div><div id=\"pgc-7602-2-3\"  class=\"panel-grid-cell\" ><div id=\"panel-7602-2-3-0\" class=\"so-panel widget widget_siteorigin-panels-builder panel-first-child panel-last-child\" data-index=\"3\" ><div class=\"panel-widget-style panel-widget-style-for-7602-2-3-0\" ><div id=\"pl-w60354fb765244\"  class=\"panel-layout\" ><div id=\"pg-w60354fb765244-0\"  class=\"panel-grid panel-no-style\" ><div id=\"pgc-w60354fb765244-0-0\"  class=\"panel-grid-cell panel-grid-cell-empty\" ><\/div><div id=\"pgc-w60354fb765244-0-1\"  class=\"panel-grid-cell panel-grid-cell-mobile-last\" ><div id=\"panel-w60354fb765244-0-1-0\" class=\"so-panel widget widget_sow-editor panel-first-child\" data-index=\"0\" ><div class=\"panel-widget-style panel-widget-style-for-w60354fb765244-0-1-0\" ><div\n\t\t\t\n\t\t\tclass=\"so-widget-sow-editor so-widget-sow-editor-base\"\n\t\t\t\n\t\t>\n<div class=\"siteorigin-widget-tinymce textwidget\">\n\t<p>&nbsp;<\/p>\n<h3><span lang=\"EN-GB\" style=\"font-size: 28px;\"><strong>Armaton 4000XF<\/strong> <\/span><\/h3>\n<p><span style=\"font-size: 18px;\"><span lang=\"EN-GB\">Durch das gewichtsoptimierte Rungensystem kann bei Lastwagen mit einer Nutzlast von bis zu 6\u00a0t die Zuladung voll ausgesch\u00f6pft werden. Die Rungen sind leicht zu montieren, haltbar und wirtschaftlich \u2013 die erste Wahl f\u00fcr jeden, der alle Vorteile eines Rungensystems nutzen m\u00f6chte, das sich stabil und flexibel zu einem Koffer- oder Planenaufbau erweitern l\u00e4sst. Das Produkt ist aus eloxiertem Aluminium gefertigt und damit praktisch wartungsfrei.<\/span><\/span><\/p>\n<\/div>\n<\/div><\/div><\/div><div id=\"panel-w60354fb765244-0-1-1\" class=\"so-panel widget widget_sow-button panel-last-child\" data-index=\"1\" ><div\n\t\t\t\n\t\t\tclass=\"so-widget-sow-button so-widget-sow-button-flat-d23e0acbfdd0\"\n\t\t\t\n\t\t><div class=\"ow-button-base ow-button-align-left\">\n\t<a\n\thref=\"https:\/\/www.armaton.com\/de\/armaton-4000xf\/\"\n\t\tclass=\"ow-icon-placement-left ow-button-hover\" \t>\n\t\t<span>\n\t\t\t\n\t\t\tMehr erfahren &gt;\t\t<\/span>\n\t<\/a>\n<\/div>\n<\/div><\/div><\/div><div id=\"pgc-w60354fb765244-0-2\"  class=\"panel-grid-cell panel-grid-cell-empty\" ><\/div><\/div><\/div><\/div><\/div><\/div><\/div><\/div><div id=\"pg-7602-3\"  class=\"panel-grid panel-has-style\" ><div class=\"siteorigin-panels-stretch panel-row-style panel-row-style-for-7602-3\" data-stretch-type=\"full-stretched\" ><div id=\"pgc-7602-3-0\"  class=\"panel-grid-cell panel-grid-cell-empty\" ><\/div><div id=\"pgc-7602-3-1\"  class=\"panel-grid-cell\" ><div id=\"panel-7602-3-1-0\" class=\"so-panel widget widget_sow-image panel-first-child panel-last-child\" data-index=\"4\" ><div\n\t\t\t\n\t\t\tclass=\"so-widget-sow-image so-widget-sow-image-default-dbf295114b96-7602\"\n\t\t\t\n\t\t>\n\n<div class=\"sow-image-container\">\n\t\t<img decoding=\"async\" src=\"https:\/\/www.armaton.com\/wp-content\/uploads\/sites\/14\/2019\/05\/Systems_puff_4-768x605.jpg\" width=\"768\" height=\"605\" srcset=\"https:\/\/www.armaton.com\/wp-content\/uploads\/sites\/14\/2019\/05\/Systems_puff_4-768x605.jpg 768w, https:\/\/www.armaton.com\/wp-content\/uploads\/sites\/14\/2019\/05\/Systems_puff_4-300x236.jpg 300w, https:\/\/www.armaton.com\/wp-content\/uploads\/sites\/14\/2019\/05\/Systems_puff_4-1024x807.jpg 1024w, https:\/\/www.armaton.com\/wp-content\/uploads\/sites\/14\/2019\/05\/Systems_puff_4-600x473.jpg 600w, https:\/\/www.armaton.com\/wp-content\/uploads\/sites\/14\/2019\/05\/Systems_puff_4.jpg 1282w\" sizes=\"auto, (max-width: 768px) 100vw, 768px\" alt=\"\" loading=\"lazy\" \t\tclass=\"so-widget-image\"\/>\n\t<\/div>\n\n<\/div><\/div><\/div><div id=\"pgc-7602-3-2\"  class=\"panel-grid-cell panel-grid-cell-empty\" ><\/div><div id=\"pgc-7602-3-3\"  class=\"panel-grid-cell\" ><div id=\"panel-7602-3-3-0\" class=\"so-panel widget widget_siteorigin-panels-builder panel-first-child panel-last-child\" data-index=\"5\" ><div class=\"panel-widget-style panel-widget-style-for-7602-3-3-0\" ><div id=\"pl-w60354fb7657c8\"  class=\"panel-layout\" ><div id=\"pg-w60354fb7657c8-0\"  class=\"panel-grid panel-no-style\" ><div id=\"pgc-w60354fb7657c8-0-0\"  class=\"panel-grid-cell panel-grid-cell-empty\" ><\/div><div id=\"pgc-w60354fb7657c8-0-1\"  class=\"panel-grid-cell panel-grid-cell-mobile-last\" ><div id=\"panel-w60354fb7657c8-0-1-0\" class=\"so-panel widget widget_sow-editor panel-first-child\" data-index=\"0\" ><div class=\"panel-widget-style panel-widget-style-for-w60354fb7657c8-0-1-0\" ><div\n\t\t\t\n\t\t\tclass=\"so-widget-sow-editor so-widget-sow-editor-base\"\n\t\t\t\n\t\t>\n<div class=\"siteorigin-widget-tinymce textwidget\">\n\t<p>&nbsp;<\/p>\n<h3><span style=\"color: #7d7d7d;\"><strong>Armaton 3000XF<\/strong><\/span><\/h3>\n<p><span style=\"color: #7d7d7d; font-size: 18px;\">Durch die gewichtsoptimierten Bordwands\u00e4ulen kann bei Lastwagen mit einer Nutzlast von bis zu 6\u00a0t die Zuladung voll ausgesch\u00f6pft werden. Die S\u00e4ulen sind einfach in der Handhabung, robust und ergonomisch g\u00fcnstig.<\/span><\/p>\n<\/div>\n<\/div><\/div><\/div><div id=\"panel-w60354fb7657c8-0-1-1\" class=\"so-panel widget widget_sow-button panel-last-child\" data-index=\"1\" ><div\n\t\t\t\n\t\t\tclass=\"so-widget-sow-button so-widget-sow-button-flat-d23e0acbfdd0\"\n\t\t\t\n\t\t><div class=\"ow-button-base ow-button-align-left\">\n\t<a\n\thref=\"https:\/\/www.armaton.com\/de\/armaton-3000xf\/\"\n\t\tclass=\"ow-icon-placement-left ow-button-hover\" \t>\n\t\t<span>\n\t\t\t\n\t\t\tMehr erfahren &gt;\t\t<\/span>\n\t<\/a>\n<\/div>\n<\/div><\/div><\/div><div id=\"pgc-w60354fb7657c8-0-2\"  class=\"panel-grid-cell panel-grid-cell-empty\" ><\/div><\/div><\/div><\/div><\/div><\/div><\/div><\/div><\/div>","protected":false},"excerpt":{"rendered":"<p>Systeme von Armaton Systeme von Armaton zeichnen sich durch eine sehr aufger\u00e4umte und geradlinige Optik sowie eine leichte Bauweise aus. Die Konzepte sind hochwertig, ergonomisch durchdacht und mit zahlreichen einzigartigen Funktionen ausgestattet. Armaton Modular Platform Kit Damit werden bei Ladepritschen mit Bordwand und Kofferaufbauten f\u00fcr Fahrzeuge bis 3,5\u00a0t die Karten neu gemischt. Die Montage dieses [&hellip;]<\/p>\n","protected":false},"author":2,"featured_media":0,"parent":0,"menu_order":0,"comment_status":"closed","ping_status":"closed","template":"","meta":{"footnotes":""},"class_list":["post-7602","page","type-page","status-publish","hentry"],"yoast_head":"<!-- This site is optimized with the Yoast SEO plugin v20.4 - https:\/\/yoast.com\/wordpress\/plugins\/seo\/ -->\n<title>Systeme von Armaton - Armaton<\/title>\n<meta name=\"description\" content=\"Systeme von Armaton zeichnen sich durch eine sehr aufger\u00e4umte und geradlinige Optik sowie eine leichte Bauweise aus. Die Konzepte sind hochwertig, ergonomisch durchdacht und mit zahlreichen einzigartigen Funktionen ausgestattet.\" \/>\n<meta name=\"robots\" content=\"index, follow, max-snippet:-1, max-image-preview:large, max-video-preview:-1\" \/>\n<link rel=\"canonical\" href=\"https:\/\/www.armaton.com\/de\/systeme-von-armaton\/\" \/>\n<meta property=\"og:locale\" content=\"de_DE\" \/>\n<meta property=\"og:type\" content=\"article\" \/>\n<meta property=\"og:title\" content=\"Systeme von Armaton - Armaton\" \/>\n<meta property=\"og:description\" content=\"Systeme von Armaton zeichnen sich durch eine sehr aufger\u00e4umte und geradlinige Optik sowie eine leichte Bauweise aus. Die Konzepte sind hochwertig, ergonomisch durchdacht und mit zahlreichen einzigartigen Funktionen ausgestattet.\" \/>\n<meta property=\"og:url\" content=\"https:\/\/www.armaton.com\/de\/systeme-von-armaton\/\" \/>\n<meta property=\"og:site_name\" content=\"Armaton\" \/>\n<meta property=\"article:modified_time\" content=\"2023-04-25T13:56:36+00:00\" \/>\n<meta name=\"twitter:card\" content=\"summary_large_image\" \/>\n<meta name=\"twitter:label1\" content=\"Gesch\u00e4tzte Lesezeit\" \/>\n\t<meta name=\"twitter:data1\" content=\"1\u00a0Minute\" \/>\n<script type=\"application\/ld+json\" class=\"yoast-schema-graph\">{\"@context\":\"https:\/\/schema.org\",\"@graph\":[{\"@type\":\"WebPage\",\"@id\":\"https:\/\/www.armaton.com\/de\/systeme-von-armaton\/\",\"url\":\"https:\/\/www.armaton.com\/de\/systeme-von-armaton\/\",\"name\":\"Systeme von Armaton - Armaton\",\"isPartOf\":{\"@id\":\"https:\/\/www.armaton.com\/#website\"},\"datePublished\":\"2021-02-15T15:43:47+00:00\",\"dateModified\":\"2023-04-25T13:56:36+00:00\",\"description\":\"Systeme von Armaton zeichnen sich durch eine sehr aufger\u00e4umte und geradlinige Optik sowie eine leichte Bauweise aus. Die Konzepte sind hochwertig, ergonomisch durchdacht und mit zahlreichen einzigartigen Funktionen ausgestattet.\",\"breadcrumb\":{\"@id\":\"https:\/\/www.armaton.com\/de\/systeme-von-armaton\/#breadcrumb\"},\"inLanguage\":\"de\",\"potentialAction\":[{\"@type\":\"ReadAction\",\"target\":[\"https:\/\/www.armaton.com\/de\/systeme-von-armaton\/\"]}]},{\"@type\":\"BreadcrumbList\",\"@id\":\"https:\/\/www.armaton.com\/de\/systeme-von-armaton\/#breadcrumb\",\"itemListElement\":[{\"@type\":\"ListItem\",\"position\":1,\"name\":\"Home\",\"item\":\"https:\/\/www.armaton.com\/de\/\"},{\"@type\":\"ListItem\",\"position\":2,\"name\":\"Systeme von Armaton\"}]},{\"@type\":\"WebSite\",\"@id\":\"https:\/\/www.armaton.com\/#website\",\"url\":\"https:\/\/www.armaton.com\/\",\"name\":\"Armaton\",\"description\":\"Armaton Solutions \u2013 Desire To Improve\",\"potentialAction\":[{\"@type\":\"SearchAction\",\"target\":{\"@type\":\"EntryPoint\",\"urlTemplate\":\"https:\/\/www.armaton.com\/?s={search_term_string}\"},\"query-input\":\"required name=search_term_string\"}],\"inLanguage\":\"de\"}]}<\/script>\n<!-- \/ Yoast SEO plugin. -->","yoast_head_json":{"title":"Systeme von Armaton - Armaton","description":"Systeme von Armaton zeichnen sich durch eine sehr aufger\u00e4umte und geradlinige Optik sowie eine leichte Bauweise aus. Die Konzepte sind hochwertig, ergonomisch durchdacht und mit zahlreichen einzigartigen Funktionen ausgestattet.","robots":{"index":"index","follow":"follow","max-snippet":"max-snippet:-1","max-image-preview":"max-image-preview:large","max-video-preview":"max-video-preview:-1"},"canonical":"https:\/\/www.armaton.com\/de\/systeme-von-armaton\/","og_locale":"de_DE","og_type":"article","og_title":"Systeme von Armaton - Armaton","og_description":"Systeme von Armaton zeichnen sich durch eine sehr aufger\u00e4umte und geradlinige Optik sowie eine leichte Bauweise aus. Die Konzepte sind hochwertig, ergonomisch durchdacht und mit zahlreichen einzigartigen Funktionen ausgestattet.","og_url":"https:\/\/www.armaton.com\/de\/systeme-von-armaton\/","og_site_name":"Armaton","article_modified_time":"2023-04-25T13:56:36+00:00","twitter_card":"summary_large_image","twitter_misc":{"Gesch\u00e4tzte Lesezeit":"1\u00a0Minute"},"schema":{"@context":"https:\/\/schema.org","@graph":[{"@type":"WebPage","@id":"https:\/\/www.armaton.com\/de\/systeme-von-armaton\/","url":"https:\/\/www.armaton.com\/de\/systeme-von-armaton\/","name":"Systeme von Armaton - Armaton","isPartOf":{"@id":"https:\/\/www.armaton.com\/#website"},"datePublished":"2021-02-15T15:43:47+00:00","dateModified":"2023-04-25T13:56:36+00:00","description":"Systeme von Armaton zeichnen sich durch eine sehr aufger\u00e4umte und geradlinige Optik sowie eine leichte Bauweise aus. Die Konzepte sind hochwertig, ergonomisch durchdacht und mit zahlreichen einzigartigen Funktionen ausgestattet.","breadcrumb":{"@id":"https:\/\/www.armaton.com\/de\/systeme-von-armaton\/#breadcrumb"},"inLanguage":"de","potentialAction":[{"@type":"ReadAction","target":["https:\/\/www.armaton.com\/de\/systeme-von-armaton\/"]}]},{"@type":"BreadcrumbList","@id":"https:\/\/www.armaton.com\/de\/systeme-von-armaton\/#breadcrumb","itemListElement":[{"@type":"ListItem","position":1,"name":"Home","item":"https:\/\/www.armaton.com\/de\/"},{"@type":"ListItem","position":2,"name":"Systeme von Armaton"}]},{"@type":"WebSite","@id":"https:\/\/www.armaton.com\/#website","url":"https:\/\/www.armaton.com\/","name":"Armaton","description":"Armaton Solutions \u2013 Desire To Improve","potentialAction":[{"@type":"SearchAction","target":{"@type":"EntryPoint","urlTemplate":"https:\/\/www.armaton.com\/?s={search_term_string}"},"query-input":"required name=search_term_string"}],"inLanguage":"de"}]}},"_links":{"self":[{"href":"https:\/\/www.armaton.com\/de\/wp-json\/wp\/v2\/pages\/7602","targetHints":{"allow":["GET"]}}],"collection":[{"href":"https:\/\/www.armaton.com\/de\/wp-json\/wp\/v2\/pages"}],"about":[{"href":"https:\/\/www.armaton.com\/de\/wp-json\/wp\/v2\/types\/page"}],"author":[{"embeddable":true,"href":"https:\/\/www.armaton.com\/de\/wp-json\/wp\/v2\/users\/2"}],"replies":[{"embeddable":true,"href":"https:\/\/www.armaton.com\/de\/wp-json\/wp\/v2\/comments?post=7602"}],"version-history":[{"count":14,"href":"https:\/\/www.armaton.com\/de\/wp-json\/wp\/v2\/pages\/7602\/revisions"}],"predecessor-version":[{"id":12489,"href":"https:\/\/www.armaton.com\/de\/wp-json\/wp\/v2\/pages\/7602\/revisions\/12489"}],"wp:attachment":[{"href":"https:\/\/www.armaton.com\/de\/wp-json\/wp\/v2\/media?parent=7602"}],"curies":[{"name":"wp","href":"https:\/\/api.w.org\/{rel}","templated":true}]}}