{"id":7745,"date":"2021-02-16T13:31:20","date_gmt":"2021-02-16T13:31:20","guid":{"rendered":"https:\/\/www.armaton.com\/?page_id=7745"},"modified":"2024-01-16T09:54:46","modified_gmt":"2024-01-16T09:54:46","slug":"ersatzteile-armaton-3000xf","status":"publish","type":"page","link":"https:\/\/www.armaton.com\/de\/ersatzteile-armaton-3000xf\/","title":{"rendered":"Ersatzteile \u2013 Armaton 3000XF"},"content":{"rendered":"<div id=\"pl-7745\"  class=\"panel-layout\" ><div id=\"pg-7745-0\"  class=\"panel-grid panel-has-style\" ><div class=\"siteorigin-panels-stretch panel-row-style panel-row-style-for-7745-0\" data-stretch-type=\"full-stretched\" ><div id=\"pgc-7745-0-0\"  class=\"panel-grid-cell\" ><div id=\"panel-7745-0-0-0\" class=\"so-panel widget widget_siteorigin-panels-builder panel-first-child panel-last-child\" data-index=\"0\" ><div class=\"panel-widget-style panel-widget-style-for-7745-0-0-0\" ><div id=\"pl-w602bca94ae19c\"  class=\"panel-layout\" ><div id=\"pg-w602bca94ae19c-0\"  class=\"panel-grid panel-no-style\" ><div id=\"pgc-w602bca94ae19c-0-0\"  class=\"panel-grid-cell panel-grid-cell-empty\" ><\/div><div id=\"pgc-w602bca94ae19c-0-1\"  class=\"panel-grid-cell panel-grid-cell-mobile-last\" ><div id=\"panel-w602bca94ae19c-0-1-0\" class=\"so-panel widget widget_sow-editor panel-first-child panel-last-child\" data-index=\"0\" ><div class=\"panel-widget-style panel-widget-style-for-w602bca94ae19c-0-1-0\" ><div\n\t\t\t\n\t\t\tclass=\"so-widget-sow-editor so-widget-sow-editor-base\"\n\t\t\t\n\t\t>\n<div class=\"siteorigin-widget-tinymce textwidget\">\n\t<p>&nbsp;<\/p>\n<h2><span style=\"font-size: 36px;\">Ersatzteile \u2013 Armaton 3000XF<span style=\"margin: 0px; font-family: 'Calibri',sans-serif;\"><span style=\"color: #000000;\">\u00a0<\/span><\/span><\/span><\/h2>\n<p>&nbsp;<\/p>\n<table style=\"border-style: hidden; width: 106.85%; height: 182px; border-collapse: collapse;\">\n<tbody>\n<tr style=\"height: 44px;\">\n<td style=\"width: 19.56%; height: 44px; text-align: center;\" width=\"147\"><span style=\"font-size: 18px;\"><strong>Nummer<\/strong><\/span><\/td>\n<td style=\"width: 25.76%; height: 44px; text-align: center;\" width=\"118\"><span style=\"font-size: 18px;\"><strong>Teilenummer<\/strong><\/span><\/td>\n<td style=\"width: 61.51%; height: 44px; text-align: center;\" width=\"114\"><span style=\"font-size: 18px;\"><strong>Beschreibung<\/strong><\/span><\/td>\n<\/tr>\n<tr style=\"height: 23px;\">\n<td style=\"width: 19.56%; height: 23px; text-align: center;\" align=\"right\" width=\"64\" height=\"20\"><span style=\"color: #000000; font-family: Calibri; font-size: 18px;\">1<\/span><\/td>\n<td style=\"width: 25.76%; text-align: center;\" width=\"303\"><span style=\"font-size: 18px;\">510410001<\/span><\/td>\n<td style=\"width: 61.51%; text-align: center;\" width=\"233\"><span style=\"font-size: 18px;\">Bedienhebelsatz*, f\u00fcr Bordwandh\u00f6he 400\u00a0mm<\/span><\/td>\n<\/tr>\n<tr style=\"height: 23px;\">\n<td style=\"width: 19.56%; height: 23px; text-align: center;\" align=\"right\" height=\"20\"><span style=\"color: #000000; font-family: Calibri; font-size: 18px;\">2<\/span><\/td>\n<td style=\"width: 25.76%; text-align: center;\"><span style=\"font-size: 18px;\">510210009<\/span><\/td>\n<td style=\"width: 61.51%; text-align: center;\"><span style=\"font-size: 18px;\">Bedienhebelsatz*, f\u00fcr Bordwandh\u00f6he 300 und 350\u00a0mm<\/span><\/td>\n<\/tr>\n<tr style=\"height: 23px;\">\n<td style=\"width: 19.56%; height: 23px; text-align: center;\" align=\"right\" height=\"20\"><span style=\"color: #000000; font-family: Calibri; font-size: 18px;\">3<\/span><\/td>\n<td style=\"width: 25.76%; text-align: center;\"><span style=\"font-size: 18px;\">510210014<\/span><\/td>\n<td style=\"width: 61.51%; text-align: center;\"><span style=\"font-size: 18px;\">Verschlei\u00dfpl\u00e4ttchen<\/span><\/td>\n<\/tr>\n<tr style=\"height: 23px;\">\n<td style=\"width: 19.56%; height: 23px; text-align: center;\" align=\"right\" height=\"20\"><span style=\"color: #000000; font-family: Calibri; font-size: 18px;\">4<\/span><\/td>\n<td style=\"width: 25.76%; text-align: center;\"><span style=\"font-size: 18px;\">510210001<\/span><\/td>\n<td style=\"width: 61.51%; text-align: center;\"><span style=\"font-size: 18px;\">Abdeckkappe, Runge links\/rechts<\/span><\/td>\n<\/tr>\n<tr style=\"height: 23px;\">\n<td style=\"width: 19.56%; height: 23px; text-align: center;\" align=\"right\" height=\"20\"><span style=\"color: #000000; font-family: Calibri; font-size: 18px;\">5<\/span><\/td>\n<td style=\"width: 25.76%; text-align: center;\"><span style=\"font-size: 18px;\">510210002<\/span><\/td>\n<td style=\"width: 61.51%; text-align: center;\"><span style=\"font-size: 18px;\">Abdeckkappe, Kantenschutz links<\/span><\/td>\n<\/tr>\n<tr style=\"height: 23px;\">\n<td style=\"width: 19.56%; height: 23px; text-align: center;\" align=\"right\" height=\"20\"><span style=\"color: #000000; font-family: Calibri; font-size: 18px;\">6<\/span><\/td>\n<td style=\"width: 25.76%; text-align: center;\"><span style=\"font-size: 18px;\">510210003<\/span><\/td>\n<td style=\"width: 61.51%; text-align: center;\"><span style=\"font-size: 18px;\">Abdeckkappe, Kantenschutz rechts<\/span><\/td>\n<\/tr>\n<\/tbody>\n<\/table>\n<p>&nbsp;<\/p>\n<p>*Der Bedienhebelsatz umfasst Bedienhebel, Splint und Werkzeug zur Demontage des defekten Bedienhebels. <\/p>\n<\/div>\n<\/div><\/div><\/div><\/div><div id=\"pgc-w602bca94ae19c-0-2\"  class=\"panel-grid-cell panel-grid-cell-empty\" ><\/div><\/div><\/div><\/div><\/div><\/div><div id=\"pgc-7745-0-1\"  class=\"panel-grid-cell panel-grid-cell-mobile-last\" ><div id=\"panel-7745-0-1-0\" class=\"so-panel widget widget_sow-image panel-first-child panel-last-child\" data-index=\"1\" ><div\n\t\t\t\n\t\t\tclass=\"so-widget-sow-image so-widget-sow-image-default-dbf295114b96-7745\"\n\t\t\t\n\t\t>\n\n<div class=\"sow-image-container\">\n\t\t<img decoding=\"async\" src=\"https:\/\/www.armaton.com\/wp-content\/uploads\/sites\/14\/2019\/06\/Armaton_Spare_parts_3000XF_1282x1010-768x605.png\" width=\"768\" height=\"605\" srcset=\"https:\/\/www.armaton.com\/wp-content\/uploads\/sites\/14\/2019\/06\/Armaton_Spare_parts_3000XF_1282x1010-768x605.png 768w, https:\/\/www.armaton.com\/wp-content\/uploads\/sites\/14\/2019\/06\/Armaton_Spare_parts_3000XF_1282x1010-300x237.png 300w, https:\/\/www.armaton.com\/wp-content\/uploads\/sites\/14\/2019\/06\/Armaton_Spare_parts_3000XF_1282x1010-1024x807.png 1024w, https:\/\/www.armaton.com\/wp-content\/uploads\/sites\/14\/2019\/06\/Armaton_Spare_parts_3000XF_1282x1010-600x473.png 600w, https:\/\/www.armaton.com\/wp-content\/uploads\/sites\/14\/2019\/06\/Armaton_Spare_parts_3000XF_1282x1010.png 1819w\" sizes=\"auto, (max-width: 768px) 100vw, 768px\" alt=\"\" loading=\"lazy\" \t\tclass=\"so-widget-image\"\/>\n\t<\/div>\n\n<\/div><\/div><\/div><div id=\"pgc-7745-0-2\"  class=\"panel-grid-cell panel-grid-cell-empty\" ><\/div><\/div><\/div><\/div>","protected":false},"excerpt":{"rendered":"<p>&nbsp; Ersatzteile \u2013 Armaton 3000XF\u00a0 &nbsp; Nummer Teilenummer Beschreibung 1 510410001 Bedienhebelsatz*, f\u00fcr Bordwandh\u00f6he 400\u00a0mm 2 510210009 Bedienhebelsatz*, f\u00fcr Bordwandh\u00f6he 300 und 350\u00a0mm 3 510210014 Verschlei\u00dfpl\u00e4ttchen 4 510210001 Abdeckkappe, Runge links\/rechts 5 510210002 Abdeckkappe, Kantenschutz links 6 510210003 Abdeckkappe, Kantenschutz rechts &nbsp; *Der Bedienhebelsatz umfasst Bedienhebel, Splint und Werkzeug zur Demontage des defekten Bedienhebels.<\/p>\n","protected":false},"author":2,"featured_media":0,"parent":0,"menu_order":0,"comment_status":"closed","ping_status":"closed","template":"","meta":{"footnotes":""},"class_list":["post-7745","page","type-page","status-publish","hentry"],"yoast_head":"<!-- This site is optimized with the Yoast SEO plugin v20.4 - https:\/\/yoast.com\/wordpress\/plugins\/seo\/ -->\n<title>Ersatzteile \u2013 Armaton 3000XF - Armaton<\/title>\n<meta name=\"description\" content=\"F\u00fcr den Armaton 3000XF sind viele verschiedene Ersatzteile erh\u00e4ltlich. Sehen Sie hier, was verf\u00fcgbar ist.\" \/>\n<meta name=\"robots\" content=\"index, follow, max-snippet:-1, max-image-preview:large, max-video-preview:-1\" \/>\n<link rel=\"canonical\" href=\"https:\/\/www.armaton.com\/de\/ersatzteile-armaton-3000xf\/\" \/>\n<meta property=\"og:locale\" content=\"de_DE\" \/>\n<meta property=\"og:type\" content=\"article\" \/>\n<meta property=\"og:title\" content=\"Ersatzteile \u2013 Armaton 3000XF - Armaton\" \/>\n<meta property=\"og:description\" content=\"F\u00fcr den Armaton 3000XF sind viele verschiedene Ersatzteile erh\u00e4ltlich. Sehen Sie hier, was verf\u00fcgbar ist.\" \/>\n<meta property=\"og:url\" content=\"https:\/\/www.armaton.com\/de\/ersatzteile-armaton-3000xf\/\" \/>\n<meta property=\"og:site_name\" content=\"Armaton\" \/>\n<meta property=\"article:modified_time\" content=\"2024-01-16T09:54:46+00:00\" \/>\n<meta name=\"twitter:card\" content=\"summary_large_image\" \/>\n<meta name=\"twitter:label1\" content=\"Gesch\u00e4tzte Lesezeit\" \/>\n\t<meta name=\"twitter:data1\" content=\"1\u00a0Minute\" \/>\n<script type=\"application\/ld+json\" class=\"yoast-schema-graph\">{\"@context\":\"https:\/\/schema.org\",\"@graph\":[{\"@type\":\"WebPage\",\"@id\":\"https:\/\/www.armaton.com\/de\/ersatzteile-armaton-3000xf\/\",\"url\":\"https:\/\/www.armaton.com\/de\/ersatzteile-armaton-3000xf\/\",\"name\":\"Ersatzteile \u2013 Armaton 3000XF - Armaton\",\"isPartOf\":{\"@id\":\"https:\/\/www.armaton.com\/#website\"},\"datePublished\":\"2021-02-16T13:31:20+00:00\",\"dateModified\":\"2024-01-16T09:54:46+00:00\",\"description\":\"F\u00fcr den Armaton 3000XF sind viele verschiedene Ersatzteile erh\u00e4ltlich. Sehen Sie hier, was verf\u00fcgbar ist.\",\"breadcrumb\":{\"@id\":\"https:\/\/www.armaton.com\/de\/ersatzteile-armaton-3000xf\/#breadcrumb\"},\"inLanguage\":\"de\",\"potentialAction\":[{\"@type\":\"ReadAction\",\"target\":[\"https:\/\/www.armaton.com\/de\/ersatzteile-armaton-3000xf\/\"]}]},{\"@type\":\"BreadcrumbList\",\"@id\":\"https:\/\/www.armaton.com\/de\/ersatzteile-armaton-3000xf\/#breadcrumb\",\"itemListElement\":[{\"@type\":\"ListItem\",\"position\":1,\"name\":\"Home\",\"item\":\"https:\/\/www.armaton.com\/de\/\"},{\"@type\":\"ListItem\",\"position\":2,\"name\":\"Ersatzteile \u2013 Armaton 3000XF\"}]},{\"@type\":\"WebSite\",\"@id\":\"https:\/\/www.armaton.com\/#website\",\"url\":\"https:\/\/www.armaton.com\/\",\"name\":\"Armaton\",\"description\":\"Armaton Solutions \u2013 Desire To Improve\",\"potentialAction\":[{\"@type\":\"SearchAction\",\"target\":{\"@type\":\"EntryPoint\",\"urlTemplate\":\"https:\/\/www.armaton.com\/?s={search_term_string}\"},\"query-input\":\"required name=search_term_string\"}],\"inLanguage\":\"de\"}]}<\/script>\n<!-- \/ Yoast SEO plugin. -->","yoast_head_json":{"title":"Ersatzteile \u2013 Armaton 3000XF - Armaton","description":"F\u00fcr den Armaton 3000XF sind viele verschiedene Ersatzteile erh\u00e4ltlich. Sehen Sie hier, was verf\u00fcgbar ist.","robots":{"index":"index","follow":"follow","max-snippet":"max-snippet:-1","max-image-preview":"max-image-preview:large","max-video-preview":"max-video-preview:-1"},"canonical":"https:\/\/www.armaton.com\/de\/ersatzteile-armaton-3000xf\/","og_locale":"de_DE","og_type":"article","og_title":"Ersatzteile \u2013 Armaton 3000XF - Armaton","og_description":"F\u00fcr den Armaton 3000XF sind viele verschiedene Ersatzteile erh\u00e4ltlich. Sehen Sie hier, was verf\u00fcgbar ist.","og_url":"https:\/\/www.armaton.com\/de\/ersatzteile-armaton-3000xf\/","og_site_name":"Armaton","article_modified_time":"2024-01-16T09:54:46+00:00","twitter_card":"summary_large_image","twitter_misc":{"Gesch\u00e4tzte Lesezeit":"1\u00a0Minute"},"schema":{"@context":"https:\/\/schema.org","@graph":[{"@type":"WebPage","@id":"https:\/\/www.armaton.com\/de\/ersatzteile-armaton-3000xf\/","url":"https:\/\/www.armaton.com\/de\/ersatzteile-armaton-3000xf\/","name":"Ersatzteile \u2013 Armaton 3000XF - Armaton","isPartOf":{"@id":"https:\/\/www.armaton.com\/#website"},"datePublished":"2021-02-16T13:31:20+00:00","dateModified":"2024-01-16T09:54:46+00:00","description":"F\u00fcr den Armaton 3000XF sind viele verschiedene Ersatzteile erh\u00e4ltlich. Sehen Sie hier, was verf\u00fcgbar ist.","breadcrumb":{"@id":"https:\/\/www.armaton.com\/de\/ersatzteile-armaton-3000xf\/#breadcrumb"},"inLanguage":"de","potentialAction":[{"@type":"ReadAction","target":["https:\/\/www.armaton.com\/de\/ersatzteile-armaton-3000xf\/"]}]},{"@type":"BreadcrumbList","@id":"https:\/\/www.armaton.com\/de\/ersatzteile-armaton-3000xf\/#breadcrumb","itemListElement":[{"@type":"ListItem","position":1,"name":"Home","item":"https:\/\/www.armaton.com\/de\/"},{"@type":"ListItem","position":2,"name":"Ersatzteile \u2013 Armaton 3000XF"}]},{"@type":"WebSite","@id":"https:\/\/www.armaton.com\/#website","url":"https:\/\/www.armaton.com\/","name":"Armaton","description":"Armaton Solutions \u2013 Desire To Improve","potentialAction":[{"@type":"SearchAction","target":{"@type":"EntryPoint","urlTemplate":"https:\/\/www.armaton.com\/?s={search_term_string}"},"query-input":"required name=search_term_string"}],"inLanguage":"de"}]}},"_links":{"self":[{"href":"https:\/\/www.armaton.com\/de\/wp-json\/wp\/v2\/pages\/7745","targetHints":{"allow":["GET"]}}],"collection":[{"href":"https:\/\/www.armaton.com\/de\/wp-json\/wp\/v2\/pages"}],"about":[{"href":"https:\/\/www.armaton.com\/de\/wp-json\/wp\/v2\/types\/page"}],"author":[{"embeddable":true,"href":"https:\/\/www.armaton.com\/de\/wp-json\/wp\/v2\/users\/2"}],"replies":[{"embeddable":true,"href":"https:\/\/www.armaton.com\/de\/wp-json\/wp\/v2\/comments?post=7745"}],"version-history":[{"count":8,"href":"https:\/\/www.armaton.com\/de\/wp-json\/wp\/v2\/pages\/7745\/revisions"}],"predecessor-version":[{"id":13400,"href":"https:\/\/www.armaton.com\/de\/wp-json\/wp\/v2\/pages\/7745\/revisions\/13400"}],"wp:attachment":[{"href":"https:\/\/www.armaton.com\/de\/wp-json\/wp\/v2\/media?parent=7745"}],"curies":[{"name":"wp","href":"https:\/\/api.w.org\/{rel}","templated":true}]}}