{"id":7762,"date":"2021-02-16T13:43:36","date_gmt":"2021-02-16T13:43:36","guid":{"rendered":"https:\/\/www.armaton.com\/?page_id=7762"},"modified":"2024-01-16T09:55:30","modified_gmt":"2024-01-16T09:55:30","slug":"rundum-verzurren-der-ladung","status":"publish","type":"page","link":"https:\/\/www.armaton.com\/de\/rundum-verzurren-der-ladung\/","title":{"rendered":"Rundum-Verzurren der Ladung"},"content":{"rendered":"<div id=\"pl-7762\"  class=\"panel-layout\" ><div id=\"pg-7762-0\"  class=\"panel-grid panel-has-style\" ><div class=\"siteorigin-panels-stretch panel-row-style panel-row-style-for-7762-0\" data-stretch-type=\"full-stretched\" ><div id=\"pgc-7762-0-0\"  class=\"panel-grid-cell\" ><div id=\"panel-7762-0-0-0\" class=\"so-panel widget widget_sow-image panel-first-child panel-last-child\" data-index=\"0\" ><div\n\t\t\t\n\t\t\tclass=\"so-widget-sow-image so-widget-sow-image-default-dbf295114b96-7762\"\n\t\t\t\n\t\t>\n\n<div class=\"sow-image-container\">\n\t\t<img decoding=\"async\" src=\"https:\/\/www.armaton.com\/wp-content\/uploads\/sites\/14\/2019\/05\/Knowledge_Case_Homogo_puff_7-768x605.jpg\" width=\"768\" height=\"605\" srcset=\"https:\/\/www.armaton.com\/wp-content\/uploads\/sites\/14\/2019\/05\/Knowledge_Case_Homogo_puff_7-768x605.jpg 768w, https:\/\/www.armaton.com\/wp-content\/uploads\/sites\/14\/2019\/05\/Knowledge_Case_Homogo_puff_7-300x236.jpg 300w, https:\/\/www.armaton.com\/wp-content\/uploads\/sites\/14\/2019\/05\/Knowledge_Case_Homogo_puff_7-1024x807.jpg 1024w, https:\/\/www.armaton.com\/wp-content\/uploads\/sites\/14\/2019\/05\/Knowledge_Case_Homogo_puff_7-600x473.jpg 600w, https:\/\/www.armaton.com\/wp-content\/uploads\/sites\/14\/2019\/05\/Knowledge_Case_Homogo_puff_7.jpg 1282w\" sizes=\"auto, (max-width: 768px) 100vw, 768px\" alt=\"\" loading=\"lazy\" \t\tclass=\"so-widget-image\"\/>\n\t<\/div>\n\n<\/div><\/div><\/div><div id=\"pgc-7762-0-1\"  class=\"panel-grid-cell\" ><div id=\"panel-7762-0-1-0\" class=\"so-panel widget widget_siteorigin-panels-builder panel-first-child panel-last-child\" data-index=\"1\" ><div class=\"panel-widget-style panel-widget-style-for-7762-0-1-0\" ><div id=\"pl-w643ff2b185a5f\"  class=\"panel-layout\" ><div id=\"pg-w643ff2b185a5f-0\"  class=\"panel-grid panel-no-style\" ><div id=\"pgc-w643ff2b185a5f-0-0\"  class=\"panel-grid-cell panel-grid-cell-empty\" ><\/div><div id=\"pgc-w643ff2b185a5f-0-1\"  class=\"panel-grid-cell panel-grid-cell-mobile-last\" ><div id=\"panel-w643ff2b185a5f-0-1-0\" class=\"so-panel widget widget_sow-editor panel-first-child panel-last-child\" data-index=\"0\" ><div\n\t\t\t\n\t\t\tclass=\"so-widget-sow-editor so-widget-sow-editor-base\"\n\t\t\t\n\t\t>\n<div class=\"siteorigin-widget-tinymce textwidget\">\n\t<h2><span lang=\"EN-GB\">Rundum-Verzurren der Ladung<\/span><\/h2>\n<p><span style=\"font-size: 18px;\">Der Gurt ist Bestandteil des 360\u00b0 Rundum-Sicherungssystems zum Verzurren der Ladung f\u00fcr das modulare Ladefl\u00e4chensystem von Armaton. Die einzigartigen Spanngurte von Armaton k\u00f6nnen an jeder Stelle des Pritschenrands eingeh\u00e4ngt werden, ohne Raum auf der Ladefl\u00e4che zu beanspruchen. Sie erm\u00f6glichen so die maximale Ausnutzung der Ladefl\u00e4che.<\/span><\/p>\n<p>&nbsp;<\/p>\n<h3>Armaton-Zurrgurt\u00a035, zweiteilig<\/h3>\n<table style=\"width: 96.47%; border-collapse: collapse;\" border=\"1\">\n<tbody>\n<tr>\n<td style=\"width: 23.41%;\"><span style=\"font-size: 18px;\">\u00a0Teilenummer<\/span><\/td>\n<td style=\"width: 73.04%;\"><span style=\"font-size: 18px;\">\u00a0 130510011<\/span><\/td>\n<\/tr>\n<tr>\n<td style=\"width: 23.41%;\"><span style=\"font-size: 18px;\">\u00a0Breite<\/span><\/td>\n<td style=\"width: 73.04%;\"><span style=\"font-size: 18px;\">\u00a0 35 mm<\/span><\/td>\n<\/tr>\n<tr>\n<td style=\"width: 23.41%;\"><span style=\"font-size: 18px;\">\u00a0LC<\/span><\/td>\n<td style=\"width: 73.04%;\"><span style=\"font-size: 18px;\">\u00a0 1000 daN<\/span><\/td>\n<\/tr>\n<tr>\n<td style=\"width: 23.41%;\"><span style=\"font-size: 18px;\">\u00a0Kurzes Teil<\/span><\/td>\n<td style=\"width: 73.04%;\"><span style=\"font-size: 18px;\">\u00a0 0,55m mit Armaton-Flachhaken<\/span><\/td>\n<\/tr>\n<tr>\n<td style=\"width: 23.41%;\"><span style=\"font-size: 18px;\">\u00a0Langes Teil<\/span><\/td>\n<td style=\"width: 73.04%;\"><span style=\"font-size: 18px;\">\u00a0 5,45m mit Armaton-Flachhaken<\/span><\/td>\n<\/tr>\n<\/tbody>\n<\/table>\n<p>&nbsp;<\/p>\n<p>&nbsp;<\/p>\n<p>&nbsp;<\/p>\n<\/div>\n<\/div><\/div><\/div><div id=\"pgc-w643ff2b185a5f-0-2\"  class=\"panel-grid-cell panel-grid-cell-empty\" ><\/div><\/div><\/div><\/div><\/div><\/div><\/div><\/div><div id=\"pg-7762-1\"  class=\"panel-grid panel-has-style\" ><div class=\"siteorigin-panels-stretch panel-row-style panel-row-style-for-7762-1\" data-stretch-type=\"full-stretched\" ><div id=\"pgc-7762-1-0\"  class=\"panel-grid-cell\" ><div id=\"panel-7762-1-0-0\" class=\"so-panel widget widget_siteorigin-panels-builder panel-first-child panel-last-child\" data-index=\"2\" ><div class=\"panel-widget-style panel-widget-style-for-7762-1-0-0\" ><div id=\"pl-w69f0d869083d9\"  class=\"panel-layout\" ><div id=\"pg-w69f0d869083d9-0\"  class=\"panel-grid panel-no-style\" ><div id=\"pgc-w69f0d869083d9-0-0\"  class=\"panel-grid-cell\" ><div id=\"panel-w69f0d869083d9-0-0-0\" class=\"so-panel widget widget_sow-image panel-first-child panel-last-child\" data-index=\"0\" ><div\n\t\t\t\n\t\t\tclass=\"so-widget-sow-image so-widget-sow-image-default-8b5b6f678277\"\n\t\t\t\n\t\t>\n\n<div class=\"sow-image-container\">\n\t\t<img decoding=\"async\" src=\"https:\/\/www.armaton.com\/wp-content\/uploads\/sites\/14\/2020\/06\/Stepless_3_1282x1010.jpg\" width=\"1262\" height=\"994\" srcset=\"https:\/\/www.armaton.com\/wp-content\/uploads\/sites\/14\/2020\/06\/Stepless_3_1282x1010.jpg 1262w, https:\/\/www.armaton.com\/wp-content\/uploads\/sites\/14\/2020\/06\/Stepless_3_1282x1010-300x236.jpg 300w, https:\/\/www.armaton.com\/wp-content\/uploads\/sites\/14\/2020\/06\/Stepless_3_1282x1010-768x605.jpg 768w, https:\/\/www.armaton.com\/wp-content\/uploads\/sites\/14\/2020\/06\/Stepless_3_1282x1010-1024x807.jpg 1024w, https:\/\/www.armaton.com\/wp-content\/uploads\/sites\/14\/2020\/06\/Stepless_3_1282x1010-600x473.jpg 600w\" sizes=\"auto, (max-width: 1262px) 100vw, 1262px\" alt=\"\" loading=\"lazy\" \t\tclass=\"so-widget-image\"\/>\n\t<\/div>\n\n<\/div><\/div><\/div><\/div><\/div><\/div><\/div><\/div><div id=\"pgc-7762-1-1\"  class=\"panel-grid-cell\" ><div id=\"panel-7762-1-1-0\" class=\"so-panel widget widget_siteorigin-panels-builder panel-first-child panel-last-child\" data-index=\"3\" ><div class=\"panel-widget-style panel-widget-style-for-7762-1-1-0\" ><div id=\"pl-w643ff228b1be4\"  class=\"panel-layout\" ><div id=\"pg-w643ff228b1be4-0\"  class=\"panel-grid panel-no-style\" ><div id=\"pgc-w643ff228b1be4-0-0\"  class=\"panel-grid-cell panel-grid-cell-empty\" ><\/div><div id=\"pgc-w643ff228b1be4-0-1\"  class=\"panel-grid-cell panel-grid-cell-mobile-last\" ><div id=\"panel-w643ff228b1be4-0-1-0\" class=\"so-panel widget widget_sow-editor panel-first-child panel-last-child\" data-index=\"0\" ><div\n\t\t\t\n\t\t\tclass=\"so-widget-sow-editor so-widget-sow-editor-base\"\n\t\t\t\n\t\t>\n<div class=\"siteorigin-widget-tinymce textwidget\">\n\t<h3>Armaton-Zurrgurt\u00a035, Langes Teil<\/h3>\n<table style=\"width: 96.47%; border-collapse: collapse;\" border=\"1\">\n<tbody>\n<tr>\n<td style=\"width: 23.41%;\"><span style=\"font-size: 18px;\">\u00a0Teilenummer<\/span><\/td>\n<td style=\"width: 73.04%;\"><span style=\"font-size: 18px;\">\u00a0 131310013<\/span><\/td>\n<\/tr>\n<tr>\n<td style=\"width: 23.41%;\"><span style=\"font-size: 18px;\">\u00a0Breite<\/span><\/td>\n<td style=\"width: 73.04%;\"><span style=\"font-size: 18px;\">\u00a0 35 mm<\/span><\/td>\n<\/tr>\n<tr>\n<td style=\"width: 23.41%;\"><span style=\"font-size: 18px;\">\u00a0LC<\/span><\/td>\n<td style=\"width: 73.04%;\"><span style=\"font-size: 18px;\">\u00a0 1000 daN<\/span><\/td>\n<\/tr>\n<tr>\n<td style=\"width: 23.41%;\"><span style=\"font-size: 18px;\">\u00a0Langes Teil<\/span><\/td>\n<td style=\"width: 73.04%;\"><span style=\"font-size: 18px;\">\u00a0 5,45m with Armaton flat hook<\/span><\/td>\n<\/tr>\n<\/tbody>\n<\/table>\n<p>&nbsp;<\/p>\n<p>&nbsp;<\/p>\n<h3>Armaton-Zurrgurt\u00a035, Kurzes Teil<\/h3>\n<table style=\"width: 96.47%; border-collapse: collapse;\" border=\"1\">\n<tbody>\n<tr>\n<td style=\"width: 23.41%;\"><span style=\"font-size: 18px;\">\u00a0Teilenummer<\/span><\/td>\n<td style=\"width: 73.04%;\"><span style=\"font-size: 18px;\">\u00a0 130910008<\/span><\/td>\n<\/tr>\n<tr>\n<td style=\"width: 23.41%;\"><span style=\"font-size: 18px;\">\u00a0Breite<\/span><\/td>\n<td style=\"width: 73.04%;\"><span style=\"font-size: 18px;\">\u00a0 35 mm<\/span><\/td>\n<\/tr>\n<tr>\n<td style=\"width: 23.41%;\"><span style=\"font-size: 18px;\">\u00a0LC<\/span><\/td>\n<td style=\"width: 73.04%;\"><span style=\"font-size: 18px;\">\u00a0 1000 daN<\/span><\/td>\n<\/tr>\n<tr>\n<td style=\"width: 23.41%;\"><span style=\"font-size: 18px;\">\u00a0Kurzes Teil<\/span><\/td>\n<td style=\"width: 73.04%;\"><span style=\"font-size: 18px;\">\u00a0 0,55m with Armaton flat hook<\/span><\/td>\n<\/tr>\n<\/tbody>\n<\/table>\n<h3><\/h3>\n<\/div>\n<\/div><\/div><\/div><div id=\"pgc-w643ff228b1be4-0-2\"  class=\"panel-grid-cell panel-grid-cell-empty\" ><\/div><\/div><\/div><\/div><\/div><\/div><\/div><\/div><\/div>","protected":false},"excerpt":{"rendered":"<p>Rundum-Verzurren der Ladung Der Gurt ist Bestandteil des 360\u00b0 Rundum-Sicherungssystems zum Verzurren der Ladung f\u00fcr das modulare Ladefl\u00e4chensystem von Armaton. Die einzigartigen Spanngurte von Armaton k\u00f6nnen an jeder Stelle des Pritschenrands eingeh\u00e4ngt werden, ohne Raum auf der Ladefl\u00e4che zu beanspruchen. Sie erm\u00f6glichen so die maximale Ausnutzung der Ladefl\u00e4che. &nbsp; Armaton-Zurrgurt\u00a035, zweiteilig \u00a0Teilenummer \u00a0 130510011 \u00a0Breite [&hellip;]<\/p>\n","protected":false},"author":2,"featured_media":0,"parent":0,"menu_order":0,"comment_status":"closed","ping_status":"closed","template":"","meta":{"footnotes":""},"class_list":["post-7762","page","type-page","status-publish","hentry"],"yoast_head":"<!-- This site is optimized with the Yoast SEO plugin v20.4 - https:\/\/yoast.com\/wordpress\/plugins\/seo\/ -->\n<title>Rundum-Verzurren der Ladung - Armaton<\/title>\n<meta name=\"description\" content=\"Der Gurt ist Bestandteil des 360\u00b0 Rundum-Sicherungssystems zum Verzurren der Ladung f\u00fcr das modulare Ladefl\u00e4chensystem von Armaton. Die einzigartigen Spanngurte von Armaton k\u00f6nnen an jeder Stelle des Pritschenrands eingeh\u00e4ngt werden, ohne Raum auf der Ladefl\u00e4che zu beanspruchen. Sie erm\u00f6glichen so die maximale Ausnutzung der Ladefl\u00e4che.\" \/>\n<meta name=\"robots\" content=\"index, follow, max-snippet:-1, max-image-preview:large, max-video-preview:-1\" \/>\n<link rel=\"canonical\" href=\"https:\/\/www.armaton.com\/de\/rundum-verzurren-der-ladung\/\" \/>\n<meta property=\"og:locale\" content=\"de_DE\" \/>\n<meta property=\"og:type\" content=\"article\" \/>\n<meta property=\"og:title\" content=\"Rundum-Verzurren der Ladung - Armaton\" \/>\n<meta property=\"og:description\" content=\"Der Gurt ist Bestandteil des 360\u00b0 Rundum-Sicherungssystems zum Verzurren der Ladung f\u00fcr das modulare Ladefl\u00e4chensystem von Armaton. Die einzigartigen Spanngurte von Armaton k\u00f6nnen an jeder Stelle des Pritschenrands eingeh\u00e4ngt werden, ohne Raum auf der Ladefl\u00e4che zu beanspruchen. Sie erm\u00f6glichen so die maximale Ausnutzung der Ladefl\u00e4che.\" \/>\n<meta property=\"og:url\" content=\"https:\/\/www.armaton.com\/de\/rundum-verzurren-der-ladung\/\" \/>\n<meta property=\"og:site_name\" content=\"Armaton\" \/>\n<meta property=\"article:modified_time\" content=\"2024-01-16T09:55:30+00:00\" \/>\n<meta name=\"twitter:card\" content=\"summary_large_image\" \/>\n<meta name=\"twitter:label1\" content=\"Gesch\u00e4tzte Lesezeit\" \/>\n\t<meta name=\"twitter:data1\" content=\"1\u00a0Minute\" \/>\n<script type=\"application\/ld+json\" class=\"yoast-schema-graph\">{\"@context\":\"https:\/\/schema.org\",\"@graph\":[{\"@type\":\"WebPage\",\"@id\":\"https:\/\/www.armaton.com\/de\/rundum-verzurren-der-ladung\/\",\"url\":\"https:\/\/www.armaton.com\/de\/rundum-verzurren-der-ladung\/\",\"name\":\"Rundum-Verzurren der Ladung - Armaton\",\"isPartOf\":{\"@id\":\"https:\/\/www.armaton.com\/#website\"},\"datePublished\":\"2021-02-16T13:43:36+00:00\",\"dateModified\":\"2024-01-16T09:55:30+00:00\",\"description\":\"Der Gurt ist Bestandteil des 360\u00b0 Rundum-Sicherungssystems zum Verzurren der Ladung f\u00fcr das modulare Ladefl\u00e4chensystem von Armaton. Die einzigartigen Spanngurte von Armaton k\u00f6nnen an jeder Stelle des Pritschenrands eingeh\u00e4ngt werden, ohne Raum auf der Ladefl\u00e4che zu beanspruchen. Sie erm\u00f6glichen so die maximale Ausnutzung der Ladefl\u00e4che.\",\"breadcrumb\":{\"@id\":\"https:\/\/www.armaton.com\/de\/rundum-verzurren-der-ladung\/#breadcrumb\"},\"inLanguage\":\"de\",\"potentialAction\":[{\"@type\":\"ReadAction\",\"target\":[\"https:\/\/www.armaton.com\/de\/rundum-verzurren-der-ladung\/\"]}]},{\"@type\":\"BreadcrumbList\",\"@id\":\"https:\/\/www.armaton.com\/de\/rundum-verzurren-der-ladung\/#breadcrumb\",\"itemListElement\":[{\"@type\":\"ListItem\",\"position\":1,\"name\":\"Home\",\"item\":\"https:\/\/www.armaton.com\/de\/\"},{\"@type\":\"ListItem\",\"position\":2,\"name\":\"Rundum-Verzurren der Ladung\"}]},{\"@type\":\"WebSite\",\"@id\":\"https:\/\/www.armaton.com\/#website\",\"url\":\"https:\/\/www.armaton.com\/\",\"name\":\"Armaton\",\"description\":\"Armaton Solutions \u2013 Desire To Improve\",\"potentialAction\":[{\"@type\":\"SearchAction\",\"target\":{\"@type\":\"EntryPoint\",\"urlTemplate\":\"https:\/\/www.armaton.com\/?s={search_term_string}\"},\"query-input\":\"required name=search_term_string\"}],\"inLanguage\":\"de\"}]}<\/script>\n<!-- \/ Yoast SEO plugin. -->","yoast_head_json":{"title":"Rundum-Verzurren der Ladung - Armaton","description":"Der Gurt ist Bestandteil des 360\u00b0 Rundum-Sicherungssystems zum Verzurren der Ladung f\u00fcr das modulare Ladefl\u00e4chensystem von Armaton. Die einzigartigen Spanngurte von Armaton k\u00f6nnen an jeder Stelle des Pritschenrands eingeh\u00e4ngt werden, ohne Raum auf der Ladefl\u00e4che zu beanspruchen. Sie erm\u00f6glichen so die maximale Ausnutzung der Ladefl\u00e4che.","robots":{"index":"index","follow":"follow","max-snippet":"max-snippet:-1","max-image-preview":"max-image-preview:large","max-video-preview":"max-video-preview:-1"},"canonical":"https:\/\/www.armaton.com\/de\/rundum-verzurren-der-ladung\/","og_locale":"de_DE","og_type":"article","og_title":"Rundum-Verzurren der Ladung - Armaton","og_description":"Der Gurt ist Bestandteil des 360\u00b0 Rundum-Sicherungssystems zum Verzurren der Ladung f\u00fcr das modulare Ladefl\u00e4chensystem von Armaton. Die einzigartigen Spanngurte von Armaton k\u00f6nnen an jeder Stelle des Pritschenrands eingeh\u00e4ngt werden, ohne Raum auf der Ladefl\u00e4che zu beanspruchen. Sie erm\u00f6glichen so die maximale Ausnutzung der Ladefl\u00e4che.","og_url":"https:\/\/www.armaton.com\/de\/rundum-verzurren-der-ladung\/","og_site_name":"Armaton","article_modified_time":"2024-01-16T09:55:30+00:00","twitter_card":"summary_large_image","twitter_misc":{"Gesch\u00e4tzte Lesezeit":"1\u00a0Minute"},"schema":{"@context":"https:\/\/schema.org","@graph":[{"@type":"WebPage","@id":"https:\/\/www.armaton.com\/de\/rundum-verzurren-der-ladung\/","url":"https:\/\/www.armaton.com\/de\/rundum-verzurren-der-ladung\/","name":"Rundum-Verzurren der Ladung - Armaton","isPartOf":{"@id":"https:\/\/www.armaton.com\/#website"},"datePublished":"2021-02-16T13:43:36+00:00","dateModified":"2024-01-16T09:55:30+00:00","description":"Der Gurt ist Bestandteil des 360\u00b0 Rundum-Sicherungssystems zum Verzurren der Ladung f\u00fcr das modulare Ladefl\u00e4chensystem von Armaton. Die einzigartigen Spanngurte von Armaton k\u00f6nnen an jeder Stelle des Pritschenrands eingeh\u00e4ngt werden, ohne Raum auf der Ladefl\u00e4che zu beanspruchen. Sie erm\u00f6glichen so die maximale Ausnutzung der Ladefl\u00e4che.","breadcrumb":{"@id":"https:\/\/www.armaton.com\/de\/rundum-verzurren-der-ladung\/#breadcrumb"},"inLanguage":"de","potentialAction":[{"@type":"ReadAction","target":["https:\/\/www.armaton.com\/de\/rundum-verzurren-der-ladung\/"]}]},{"@type":"BreadcrumbList","@id":"https:\/\/www.armaton.com\/de\/rundum-verzurren-der-ladung\/#breadcrumb","itemListElement":[{"@type":"ListItem","position":1,"name":"Home","item":"https:\/\/www.armaton.com\/de\/"},{"@type":"ListItem","position":2,"name":"Rundum-Verzurren der Ladung"}]},{"@type":"WebSite","@id":"https:\/\/www.armaton.com\/#website","url":"https:\/\/www.armaton.com\/","name":"Armaton","description":"Armaton Solutions \u2013 Desire To Improve","potentialAction":[{"@type":"SearchAction","target":{"@type":"EntryPoint","urlTemplate":"https:\/\/www.armaton.com\/?s={search_term_string}"},"query-input":"required name=search_term_string"}],"inLanguage":"de"}]}},"_links":{"self":[{"href":"https:\/\/www.armaton.com\/de\/wp-json\/wp\/v2\/pages\/7762","targetHints":{"allow":["GET"]}}],"collection":[{"href":"https:\/\/www.armaton.com\/de\/wp-json\/wp\/v2\/pages"}],"about":[{"href":"https:\/\/www.armaton.com\/de\/wp-json\/wp\/v2\/types\/page"}],"author":[{"embeddable":true,"href":"https:\/\/www.armaton.com\/de\/wp-json\/wp\/v2\/users\/2"}],"replies":[{"embeddable":true,"href":"https:\/\/www.armaton.com\/de\/wp-json\/wp\/v2\/comments?post=7762"}],"version-history":[{"count":22,"href":"https:\/\/www.armaton.com\/de\/wp-json\/wp\/v2\/pages\/7762\/revisions"}],"predecessor-version":[{"id":13404,"href":"https:\/\/www.armaton.com\/de\/wp-json\/wp\/v2\/pages\/7762\/revisions\/13404"}],"wp:attachment":[{"href":"https:\/\/www.armaton.com\/de\/wp-json\/wp\/v2\/media?parent=7762"}],"curies":[{"name":"wp","href":"https:\/\/api.w.org\/{rel}","templated":true}]}}