{"id":7776,"date":"2021-02-16T14:52:03","date_gmt":"2021-02-16T14:52:03","guid":{"rendered":"https:\/\/www.armaton.com\/?page_id=7776"},"modified":"2025-09-15T09:45:02","modified_gmt":"2025-09-15T09:45:02","slug":"downloads","status":"publish","type":"page","link":"https:\/\/www.armaton.com\/de\/downloads\/","title":{"rendered":"Downloads"},"content":{"rendered":"<div id=\"pl-7776\"  class=\"panel-layout\" ><div id=\"pg-7776-0\"  class=\"panel-grid panel-has-style\" ><div class=\"siteorigin-panels-stretch panel-row-style panel-row-style-for-7776-0\" data-stretch-type=\"full-stretched\" ><div id=\"pgc-7776-0-0\"  class=\"panel-grid-cell panel-grid-cell-empty\" ><\/div><div id=\"pgc-7776-0-1\"  class=\"panel-grid-cell panel-grid-cell-mobile-last\" ><div id=\"panel-7776-0-1-0\" class=\"so-panel widget widget_siteorigin-panels-builder panel-first-child\" data-index=\"0\" ><div class=\"panel-widget-style panel-widget-style-for-7776-0-1-0\" ><div id=\"pl-w602bde7c984be\"  class=\"panel-layout\" ><div id=\"pg-w602bde7c984be-0\"  class=\"panel-grid panel-no-style\" ><div id=\"pgc-w602bde7c984be-0-0\"  class=\"panel-grid-cell\" ><div id=\"panel-w602bde7c984be-0-0-0\" class=\"so-panel widget widget_sow-editor panel-first-child panel-last-child\" data-index=\"0\" ><div\n\t\t\t\n\t\t\tclass=\"so-widget-sow-editor so-widget-sow-editor-base\"\n\t\t\t\n\t\t>\n<div class=\"siteorigin-widget-tinymce textwidget\">\n\t<p>&nbsp;<\/p>\n<h1>Downloads<\/h1>\n<p><span style=\"font-size: 18px;\">Hier k\u00f6nnen Sie Produktinformationen und Montageanleitungen herunterladen.<\/span><\/p>\n<\/div>\n<\/div><\/div><\/div><\/div><\/div><\/div><\/div><div id=\"panel-7776-0-1-1\" class=\"so-panel widget widget_siteorigin-panels-builder panel-last-child\" data-index=\"1\" ><div class=\"panel-widget-style panel-widget-style-for-7776-0-1-1\" ><div id=\"pl-w68c7e01e756cc\"  class=\"panel-layout\" ><div id=\"pg-w68c7e01e756cc-0\"  class=\"panel-grid panel-no-style\" ><div id=\"pgc-w68c7e01e756cc-0-0\"  class=\"panel-grid-cell\" ><div id=\"panel-w68c7e01e756cc-0-0-0\" class=\"so-panel widget widget_sow-editor panel-first-child panel-last-child\" data-index=\"0\" ><div\n\t\t\t\n\t\t\tclass=\"so-widget-sow-editor so-widget-sow-editor-base\"\n\t\t\t\n\t\t>\n<div class=\"siteorigin-widget-tinymce textwidget\">\n\t<h3><strong>Produktinformationen<\/strong><\/h3>\n<ul>\n<li style=\"list-style-type: none\">\n<ul>\n<li><span style=\"font-size: 18px\"><a href=\"https:\/\/forankra.bynder.com\/m\/5819e92eb873fde6\/original\/510810016_Armaton_4000XF_ENG.pdf\" target=\"_blank\" rel=\"noopener noreferrer\">Armaton 4000XF<\/a><\/span><\/li>\n<li><span style=\"font-size: 18px\"><a href=\"https:\/\/forankra.bynder.com\/m\/1631b081d096c4cf\/original\/510810014_Armaton_3000XF_ENG.pdf\" target=\"_blank\" rel=\"noopener noreferrer\">Armaton 3000XF<\/a><\/span><\/li>\n<li><span style=\"font-size: 18px\"><a href=\"https:\/\/forankra.bynder.com\/m\/1077fc33d13a39a1\/original\/510810019_Armaton_Profiles_Attachments_ENG.pdf\" target=\"_blank\" rel=\"noopener noreferrer\">Profile und Anbauteile<\/a><\/span><\/li>\n<li><span style=\"font-size: 18px\"><a href=\"https:\/\/forankra.bynder.com\/m\/54aebb7c4393e5e9\/original\/510810020_Armaton_Spare_Parts_3000_4000XF_ENG.pdf\" target=\"_blank\" rel=\"noopener noreferrer\">Ersatzteile - Armaton 4000XF and 3000XF<\/a><\/span><\/li>\n<li><a href=\"https:\/\/forankra.bynder.com\/m\/ecac2c0dd4fa6f3\/original\/Armaton-MP-OneStep_GERMAN.pdf\" target=\"_blank\" rel=\"noopener\"><span style=\"font-size: 18px\">Armaton MP OneStep<\/span><\/a><\/li>\n<li><a href=\"https:\/\/forankra.bynder.com\/m\/2eb64bb584f48f7c\/original\/Armaton-MP-LongGoods_GERMAN.pdf\" target=\"_blank\" rel=\"noopener\"><span style=\"font-size: 18px\">Armaton MP LongGoods<\/span><\/a><\/li>\n<li><a href=\"https:\/\/forankra.bynder.com\/m\/7d2190085ea4ae67\/original\/Armaton-Tyska.pdf\"><span style=\"font-size: 18px\">Armaton Nachrichten und Produktinformationen 2024<\/span><\/a><\/li>\n<\/ul>\n<\/li>\n<\/ul>\n<p>&nbsp;<\/p>\n<p>&nbsp;<\/p>\n<p>&nbsp;<\/p>\n<p>&nbsp;<\/p>\n<\/div>\n<\/div><\/div><\/div><div id=\"pgc-w68c7e01e756cc-0-1\"  class=\"panel-grid-cell\" ><div id=\"panel-w68c7e01e756cc-0-1-0\" class=\"so-panel widget widget_sow-editor panel-first-child panel-last-child\" data-index=\"1\" ><div\n\t\t\t\n\t\t\tclass=\"so-widget-sow-editor so-widget-sow-editor-base\"\n\t\t\t\n\t\t>\n<div class=\"siteorigin-widget-tinymce textwidget\">\n\t<h3><strong>Montageanleitungen<\/strong><\/h3>\n<ul>\n<li><span style=\"font-size: 18px;\"><a href=\"https:\/\/forankra.bynder.com\/m\/62f9aebdbd34c412\/original\/510810017_Mount_Instr_4000XF.pdf\" target=\"_blank\" rel=\"noopener noreferrer\">Armaton 4000XF \u2013 Montage<\/a><\/span><\/li>\n<li><a href=\"https:\/\/forankra.bynder.com\/m\/4d8bccaf41ce8237\/original\/510810015_Mount_Instr_3000XF.pdf\" target=\"_blank\" rel=\"noopener\"><span style=\"font-size: 18px;\">Armaton 3000XF \u2013 Montage<\/span><\/a><\/li>\n<li><a href=\"https:\/\/forankra.bynder.com\/m\/6b36641494ee4934\/original\/510810018_Mount_Instr_Handle_replacement.pdf\" target=\"_blank\" rel=\"noopener\"><span style=\"font-size: 18px;\">Bedienhebel austauschen \u2013 Armaton 4000XF and 3000XF<\/span><\/a><\/li>\n<li><a href=\"https:\/\/forankra.bynder.com\/m\/1d3e45619fea19a0\/original\/510810011_Mount_Instr_Modular_Platform.pdf\" target=\"_blank\" rel=\"noopener\"><span style=\"font-size: 18px;\">Armaton Modular Platform \u2013 Montage<\/span><\/a><\/li>\n<li><a href=\"https:\/\/forankra.bynder.com\/m\/1d1a2f7d984004ba\/original\/510810026_Mount_Instr_Rear_Dropside_Support.pdf\" target=\"_blank\" rel=\"noopener\"><span style=\"font-size: 18px;\">Armaton hintere Bordwand Verst\u00e4rkung <\/span><span style=\"font-size: 18px;\">\u2013 Montage<\/span><\/a><\/li>\n<li><a href=\"https:\/\/forankra.bynder.com\/m\/2f11287444bc3132\/original\/510810030_Mount_Instr_OneStep.pdf\" target=\"_blank\" rel=\"noopener\"><span style=\"font-size: 18px;\">Armaton MP OneStep <\/span><span style=\"font-size: 18px;\">\u2013 Montage<\/span><\/a><\/li>\n<\/ul>\n<\/div>\n<\/div><\/div><\/div><div id=\"pgc-w68c7e01e756cc-0-2\"  class=\"panel-grid-cell\" ><div id=\"panel-w68c7e01e756cc-0-2-0\" class=\"so-panel widget widget_sow-editor panel-first-child panel-last-child\" data-index=\"2\" ><div\n\t\t\t\n\t\t\tclass=\"so-widget-sow-editor so-widget-sow-editor-base\"\n\t\t\t\n\t\t>\n<div class=\"siteorigin-widget-tinymce textwidget\">\n\t<h3 style=\"text-align: left;\"><strong>Bestellen Sie hier Ihre Modular Platform<\/strong><\/h3>\n<p style=\"text-align: left;\"><span style=\"font-size: 16px;\">Wenn Sie eine Bestellung aufgeben oder ein Angebot f\u00fcr die modulare Ladefl\u00e4che anfordern m\u00f6chten, so brauchen Sie lediglich mit der Schaltfl\u00e4che unten das Formular herunterzuladen, es auszuf\u00fcllen und an den am Ende des Dokuments angegebenen Ansprechpartner zu schicken.<\/span><\/p>\n<p><a href=\"https:\/\/forankra.bynder.com\/m\/5a1a7fd23b9c811\/original\/Inquiry-and-order-form-Armaton-Modular-Platform-Kit.pdf\" target=\"_blank\" rel=\"noopener noreferrer\"><span style=\"font-size: 18px;\">Formular \u2013 Bestellen Sie hier Ihre Modular Platform<\/span><\/a><\/p>\n<\/div>\n<\/div><\/div><\/div><\/div><\/div><\/div><\/div><\/div><div id=\"pgc-7776-0-2\"  class=\"panel-grid-cell panel-grid-cell-empty\" ><\/div><\/div><\/div><div id=\"pg-7776-1\"  class=\"panel-grid panel-has-style\" ><div class=\"siteorigin-panels-stretch panel-row-style panel-row-style-for-7776-1\" data-stretch-type=\"full\" ><div id=\"pgc-7776-1-0\"  class=\"panel-grid-cell panel-grid-cell-empty\" ><\/div><div id=\"pgc-7776-1-1\"  class=\"panel-grid-cell panel-grid-cell-empty panel-grid-cell-mobile-last\" ><\/div><div id=\"pgc-7776-1-2\"  class=\"panel-grid-cell panel-grid-cell-empty\" ><\/div><\/div><\/div><\/div>","protected":false},"excerpt":{"rendered":"<p>&nbsp; Downloads Hier k\u00f6nnen Sie Produktinformationen und Montageanleitungen herunterladen. Produktinformationen Armaton 4000XF Armaton 3000XF Profile und Anbauteile Ersatzteile &#8211; Armaton 4000XF and 3000XF Armaton MP OneStep Armaton MP LongGoods Armaton Nachrichten und Produktinformationen 2024 &nbsp; &nbsp; &nbsp; &nbsp; Montageanleitungen Armaton 4000XF \u2013 Montage Armaton 3000XF \u2013 Montage Bedienhebel austauschen \u2013 Armaton 4000XF and 3000XF Armaton [&hellip;]<\/p>\n","protected":false},"author":2,"featured_media":0,"parent":0,"menu_order":0,"comment_status":"closed","ping_status":"closed","template":"","meta":{"footnotes":""},"class_list":["post-7776","page","type-page","status-publish","hentry"],"yoast_head":"<!-- This site is optimized with the Yoast SEO plugin v20.4 - https:\/\/yoast.com\/wordpress\/plugins\/seo\/ -->\n<title>Downloads - Armaton<\/title>\n<meta name=\"description\" content=\"Hier k\u00f6nnen Sie Produktinformationen und Montageanleitungen herunterladen.\" \/>\n<meta name=\"robots\" content=\"index, follow, max-snippet:-1, max-image-preview:large, max-video-preview:-1\" \/>\n<link rel=\"canonical\" href=\"https:\/\/www.armaton.com\/de\/downloads\/\" \/>\n<meta property=\"og:locale\" content=\"de_DE\" \/>\n<meta property=\"og:type\" content=\"article\" \/>\n<meta property=\"og:title\" content=\"Downloads - Armaton\" \/>\n<meta property=\"og:description\" content=\"Hier k\u00f6nnen Sie Produktinformationen und Montageanleitungen herunterladen.\" \/>\n<meta property=\"og:url\" content=\"https:\/\/www.armaton.com\/de\/downloads\/\" \/>\n<meta property=\"og:site_name\" content=\"Armaton\" \/>\n<meta property=\"article:modified_time\" content=\"2025-09-15T09:45:02+00:00\" \/>\n<meta name=\"twitter:card\" content=\"summary_large_image\" \/>\n<meta name=\"twitter:label1\" content=\"Gesch\u00e4tzte Lesezeit\" \/>\n\t<meta name=\"twitter:data1\" content=\"1\u00a0Minute\" \/>\n<script type=\"application\/ld+json\" class=\"yoast-schema-graph\">{\"@context\":\"https:\/\/schema.org\",\"@graph\":[{\"@type\":\"WebPage\",\"@id\":\"https:\/\/www.armaton.com\/de\/downloads\/\",\"url\":\"https:\/\/www.armaton.com\/de\/downloads\/\",\"name\":\"Downloads - Armaton\",\"isPartOf\":{\"@id\":\"https:\/\/www.armaton.com\/#website\"},\"datePublished\":\"2021-02-16T14:52:03+00:00\",\"dateModified\":\"2025-09-15T09:45:02+00:00\",\"description\":\"Hier k\u00f6nnen Sie Produktinformationen und Montageanleitungen herunterladen.\",\"breadcrumb\":{\"@id\":\"https:\/\/www.armaton.com\/de\/downloads\/#breadcrumb\"},\"inLanguage\":\"de\",\"potentialAction\":[{\"@type\":\"ReadAction\",\"target\":[\"https:\/\/www.armaton.com\/de\/downloads\/\"]}]},{\"@type\":\"BreadcrumbList\",\"@id\":\"https:\/\/www.armaton.com\/de\/downloads\/#breadcrumb\",\"itemListElement\":[{\"@type\":\"ListItem\",\"position\":1,\"name\":\"Home\",\"item\":\"https:\/\/www.armaton.com\/de\/\"},{\"@type\":\"ListItem\",\"position\":2,\"name\":\"Downloads\"}]},{\"@type\":\"WebSite\",\"@id\":\"https:\/\/www.armaton.com\/#website\",\"url\":\"https:\/\/www.armaton.com\/\",\"name\":\"Armaton\",\"description\":\"Armaton Solutions \u2013 Desire To Improve\",\"potentialAction\":[{\"@type\":\"SearchAction\",\"target\":{\"@type\":\"EntryPoint\",\"urlTemplate\":\"https:\/\/www.armaton.com\/?s={search_term_string}\"},\"query-input\":\"required name=search_term_string\"}],\"inLanguage\":\"de\"}]}<\/script>\n<!-- \/ Yoast SEO plugin. -->","yoast_head_json":{"title":"Downloads - Armaton","description":"Hier k\u00f6nnen Sie Produktinformationen und Montageanleitungen herunterladen.","robots":{"index":"index","follow":"follow","max-snippet":"max-snippet:-1","max-image-preview":"max-image-preview:large","max-video-preview":"max-video-preview:-1"},"canonical":"https:\/\/www.armaton.com\/de\/downloads\/","og_locale":"de_DE","og_type":"article","og_title":"Downloads - Armaton","og_description":"Hier k\u00f6nnen Sie Produktinformationen und Montageanleitungen herunterladen.","og_url":"https:\/\/www.armaton.com\/de\/downloads\/","og_site_name":"Armaton","article_modified_time":"2025-09-15T09:45:02+00:00","twitter_card":"summary_large_image","twitter_misc":{"Gesch\u00e4tzte Lesezeit":"1\u00a0Minute"},"schema":{"@context":"https:\/\/schema.org","@graph":[{"@type":"WebPage","@id":"https:\/\/www.armaton.com\/de\/downloads\/","url":"https:\/\/www.armaton.com\/de\/downloads\/","name":"Downloads - Armaton","isPartOf":{"@id":"https:\/\/www.armaton.com\/#website"},"datePublished":"2021-02-16T14:52:03+00:00","dateModified":"2025-09-15T09:45:02+00:00","description":"Hier k\u00f6nnen Sie Produktinformationen und Montageanleitungen herunterladen.","breadcrumb":{"@id":"https:\/\/www.armaton.com\/de\/downloads\/#breadcrumb"},"inLanguage":"de","potentialAction":[{"@type":"ReadAction","target":["https:\/\/www.armaton.com\/de\/downloads\/"]}]},{"@type":"BreadcrumbList","@id":"https:\/\/www.armaton.com\/de\/downloads\/#breadcrumb","itemListElement":[{"@type":"ListItem","position":1,"name":"Home","item":"https:\/\/www.armaton.com\/de\/"},{"@type":"ListItem","position":2,"name":"Downloads"}]},{"@type":"WebSite","@id":"https:\/\/www.armaton.com\/#website","url":"https:\/\/www.armaton.com\/","name":"Armaton","description":"Armaton Solutions \u2013 Desire To Improve","potentialAction":[{"@type":"SearchAction","target":{"@type":"EntryPoint","urlTemplate":"https:\/\/www.armaton.com\/?s={search_term_string}"},"query-input":"required name=search_term_string"}],"inLanguage":"de"}]}},"_links":{"self":[{"href":"https:\/\/www.armaton.com\/de\/wp-json\/wp\/v2\/pages\/7776","targetHints":{"allow":["GET"]}}],"collection":[{"href":"https:\/\/www.armaton.com\/de\/wp-json\/wp\/v2\/pages"}],"about":[{"href":"https:\/\/www.armaton.com\/de\/wp-json\/wp\/v2\/types\/page"}],"author":[{"embeddable":true,"href":"https:\/\/www.armaton.com\/de\/wp-json\/wp\/v2\/users\/2"}],"replies":[{"embeddable":true,"href":"https:\/\/www.armaton.com\/de\/wp-json\/wp\/v2\/comments?post=7776"}],"version-history":[{"count":48,"href":"https:\/\/www.armaton.com\/de\/wp-json\/wp\/v2\/pages\/7776\/revisions"}],"predecessor-version":[{"id":14044,"href":"https:\/\/www.armaton.com\/de\/wp-json\/wp\/v2\/pages\/7776\/revisions\/14044"}],"wp:attachment":[{"href":"https:\/\/www.armaton.com\/de\/wp-json\/wp\/v2\/media?parent=7776"}],"curies":[{"name":"wp","href":"https:\/\/api.w.org\/{rel}","templated":true}]}}