{"id":7785,"date":"2021-02-16T15:03:59","date_gmt":"2021-02-16T15:03:59","guid":{"rendered":"https:\/\/www.armaton.com\/?page_id=7785"},"modified":"2023-04-25T14:00:15","modified_gmt":"2023-04-25T14:00:15","slug":"ueber-uns","status":"publish","type":"page","link":"https:\/\/www.armaton.com\/de\/ueber-uns\/","title":{"rendered":"\u00dcber uns"},"content":{"rendered":"<div id=\"pl-7785\"  class=\"panel-layout\" ><div id=\"pg-7785-0\"  class=\"panel-grid panel-has-style\" ><div class=\"siteorigin-panels-stretch panel-row-style panel-row-style-for-7785-0\" data-stretch-type=\"full-stretched\" ><div id=\"pgc-7785-0-0\"  class=\"panel-grid-cell\" ><div id=\"panel-7785-0-0-0\" class=\"so-panel widget widget_fa-hero-banner-widget panel-first-child panel-last-child\" data-index=\"0\" ><div class=\"panel-widget-style panel-widget-style-for-7785-0-0-0\" ><div\n\t\t\t\n\t\t\tclass=\"so-widget-fa-hero-banner-widget so-widget-fa-hero-banner-widget-default-e6338645a523-7785\"\n\t\t\t\n\t\t><div class=\"forankra-hero-banner\">\n    <img loading=\"lazy\" decoding=\"async\" width=\"2650\" height=\"1100\" src=\"https:\/\/www.armaton.com\/wp-content\/uploads\/sites\/14\/2019\/06\/About_puff_1_b.jpg\" class=\"forankra-hero-banner-image\" alt=\"\" srcset=\"https:\/\/www.armaton.com\/wp-content\/uploads\/sites\/14\/2019\/06\/About_puff_1_b.jpg 2650w, https:\/\/www.armaton.com\/wp-content\/uploads\/sites\/14\/2019\/06\/About_puff_1_b-300x125.jpg 300w, https:\/\/www.armaton.com\/wp-content\/uploads\/sites\/14\/2019\/06\/About_puff_1_b-768x319.jpg 768w, https:\/\/www.armaton.com\/wp-content\/uploads\/sites\/14\/2019\/06\/About_puff_1_b-1024x425.jpg 1024w, https:\/\/www.armaton.com\/wp-content\/uploads\/sites\/14\/2019\/06\/About_puff_1_b-600x249.jpg 600w\" sizes=\"auto, (max-width: 2650px) 100vw, 2650px\" \/>    <section class=\"hero-content\">\n    <div class=\"content\">\n        <h1><span style=\"color: #ffffff;\">Determined to improve*<\/span><\/h1>\n<span style=\"color: #ffffff; font-size: 21px;\"> Wir konstruieren und produzieren hochwertige Systeme f\u00fcr leichte Nutzfahrzeuge, aber unser Markenversprechen reicht \u00fcber Rungen und Bordwands\u00e4ulen hinaus. \u201eWir machen es besser\u201c hat seinen Ursprung in der Philosophie, dass bei allem, was wir entwickeln und bauen, die Verbesserung f\u00fcr den Kunden und damit die Erleichterung seiner Arbeit im Vordergrund steht.<\/span>\n<br \/>\n<br \/>\n<span style=\"font-size: 16px;\">* Wir machen es besser<\/span>            <\/div>\n    <\/section>\n<\/div>\n<\/div><\/div><\/div><\/div><\/div><\/div><div id=\"pg-7785-1\"  class=\"panel-grid panel-has-style\" ><div class=\"siteorigin-panels-stretch panel-row-style panel-row-style-for-7785-1\" data-stretch-type=\"full-stretched\" ><div id=\"pgc-7785-1-0\"  class=\"panel-grid-cell\" ><div id=\"panel-7785-1-0-0\" class=\"so-panel widget widget_siteorigin-panels-builder panel-first-child panel-last-child\" data-index=\"1\" ><div class=\"panel-widget-style panel-widget-style-for-7785-1-0-0\" ><div id=\"pl-w61d5783e686de\"  class=\"panel-layout\" ><div id=\"pg-w61d5783e686de-0\"  class=\"panel-grid panel-no-style\" ><div id=\"pgc-w61d5783e686de-0-0\"  class=\"panel-grid-cell panel-grid-cell-empty\" ><\/div><div id=\"pgc-w61d5783e686de-0-1\"  class=\"panel-grid-cell panel-grid-cell-mobile-last\" ><div id=\"panel-w61d5783e686de-0-1-0\" class=\"so-panel widget widget_sow-editor panel-first-child panel-last-child\" data-index=\"0\" ><div\n\t\t\t\n\t\t\tclass=\"so-widget-sow-editor so-widget-sow-editor-base\"\n\t\t\t\n\t\t>\n<div class=\"siteorigin-widget-tinymce textwidget\">\n\t<p>&nbsp;<\/p>\n<h2><strong>Wie alles begann<\/strong><\/h2>\n<p><span style=\"font-size: 18px;\">Die Geschichte von Armaton beginnt im Jahr 1986, als der schwedische Ingenieur Ragnvald Andersson seine selbst entwickelten Rungen f\u00fcr Bordw\u00e4nde patentieren l\u00e4sst. Nur kurze Zeit sp\u00e4ter, 1990, wurde Armaton von der VBG-Gruppe \u00fcbernommen. <\/span><\/p>\n<p><span style=\"font-size: 18px;\"> Damals wurden Rungen und Bordwands\u00e4ulen vor allem f\u00fcr schwere Lkw entwickelt, aber mit der \u00fcber die Jahre zunehmenden Konzentration auf leichte Nutzfahrzeuge beschloss die VBG-Gruppe 2014, Armaton an seinen jetzigen Eigent\u00fcmer Forankra zu verkaufen, den gr\u00f6\u00dften Zulieferer f\u00fcr Ladungssicherung im Bereich Nutzfahrzeuge in Europa. <\/span><\/p>\n<p>&nbsp;<\/p>\n<p><span style=\"font-size: 18px;\"> P.S. Ragnvald Andersson (im Bild links) spielt immer noch eine gro\u00dfe Rolle bei Armaton und hat vor kurzem das patentierte modulare Ladefl\u00e4chensystem f\u00fcr leichte Nutzfahrzeuge mit Pritschen- oder Kofferaufbau entwickelt.<\/span><\/p>\n<\/div>\n<\/div><\/div><\/div><div id=\"pgc-w61d5783e686de-0-2\"  class=\"panel-grid-cell panel-grid-cell-empty\" ><\/div><\/div><\/div><\/div><\/div><\/div><div id=\"pgc-7785-1-1\"  class=\"panel-grid-cell\" ><div id=\"panel-7785-1-1-0\" class=\"so-panel widget widget_sow-image panel-first-child panel-last-child\" data-index=\"2\" ><div\n\t\t\t\n\t\t\tclass=\"so-widget-sow-image so-widget-sow-image-default-dbf295114b96-7785\"\n\t\t\t\n\t\t>\n\n<div class=\"sow-image-container\">\n\t\t<img decoding=\"async\" src=\"https:\/\/www.armaton.com\/wp-content\/uploads\/sites\/14\/2019\/05\/About_puff_2-768x605.jpg\" width=\"768\" height=\"605\" srcset=\"https:\/\/www.armaton.com\/wp-content\/uploads\/sites\/14\/2019\/05\/About_puff_2-768x605.jpg 768w, https:\/\/www.armaton.com\/wp-content\/uploads\/sites\/14\/2019\/05\/About_puff_2-300x236.jpg 300w, https:\/\/www.armaton.com\/wp-content\/uploads\/sites\/14\/2019\/05\/About_puff_2-1024x807.jpg 1024w, https:\/\/www.armaton.com\/wp-content\/uploads\/sites\/14\/2019\/05\/About_puff_2-600x473.jpg 600w, https:\/\/www.armaton.com\/wp-content\/uploads\/sites\/14\/2019\/05\/About_puff_2.jpg 1282w\" sizes=\"auto, (max-width: 768px) 100vw, 768px\" title=\"To the Left Ragnvald Andersson, the inventor, and  Lennart Klingzell KAM Armaton.\" alt=\"\" loading=\"lazy\" \t\tclass=\"so-widget-image\"\/>\n\t<\/div>\n\n<\/div><\/div><\/div><\/div><\/div><\/div>","protected":false},"excerpt":{"rendered":"<p>Determined to improve* Wir konstruieren und produzieren hochwertige Systeme f\u00fcr leichte Nutzfahrzeuge, aber unser Markenversprechen reicht \u00fcber Rungen und Bordwands\u00e4ulen hinaus. \u201eWir machen es besser\u201c hat seinen Ursprung in der Philosophie, dass bei allem, was wir entwickeln und bauen, die Verbesserung f\u00fcr den Kunden und damit die Erleichterung seiner Arbeit im Vordergrund steht. * Wir [&hellip;]<\/p>\n","protected":false},"author":2,"featured_media":0,"parent":0,"menu_order":0,"comment_status":"closed","ping_status":"closed","template":"","meta":{"footnotes":""},"class_list":["post-7785","page","type-page","status-publish","hentry"],"yoast_head":"<!-- This site is optimized with the Yoast SEO plugin v20.4 - https:\/\/yoast.com\/wordpress\/plugins\/seo\/ -->\n<title>\u00dcber uns - Armaton<\/title>\n<meta name=\"description\" content=\"Wir konstruieren und produzieren hochwertige Systeme f\u00fcr leichte Nutzfahrzeuge, aber unser Markenversprechen reicht \u00fcber Rungen und Bordwands\u00e4ulen hinaus. \u201eWir machen es besser\u201c hat seinen Ursprung in der Philosophie, dass bei allem, was wir entwickeln und bauen, die Verbesserung f\u00fcr den Kunden und damit die Erleichterung seiner Arbeit im Vordergrund steht.\" \/>\n<meta name=\"robots\" content=\"index, follow, max-snippet:-1, max-image-preview:large, max-video-preview:-1\" \/>\n<link rel=\"canonical\" href=\"https:\/\/www.armaton.com\/de\/ueber-uns\/\" \/>\n<meta property=\"og:locale\" content=\"de_DE\" \/>\n<meta property=\"og:type\" content=\"article\" \/>\n<meta property=\"og:title\" content=\"\u00dcber uns - Armaton\" \/>\n<meta property=\"og:description\" content=\"Wir konstruieren und produzieren hochwertige Systeme f\u00fcr leichte Nutzfahrzeuge, aber unser Markenversprechen reicht \u00fcber Rungen und Bordwands\u00e4ulen hinaus. \u201eWir machen es besser\u201c hat seinen Ursprung in der Philosophie, dass bei allem, was wir entwickeln und bauen, die Verbesserung f\u00fcr den Kunden und damit die Erleichterung seiner Arbeit im Vordergrund steht.\" \/>\n<meta property=\"og:url\" content=\"https:\/\/www.armaton.com\/de\/ueber-uns\/\" \/>\n<meta property=\"og:site_name\" content=\"Armaton\" \/>\n<meta property=\"article:modified_time\" content=\"2023-04-25T14:00:15+00:00\" \/>\n<meta name=\"twitter:card\" content=\"summary_large_image\" \/>\n<meta name=\"twitter:label1\" content=\"Gesch\u00e4tzte Lesezeit\" \/>\n\t<meta name=\"twitter:data1\" content=\"1\u00a0Minute\" \/>\n<script type=\"application\/ld+json\" class=\"yoast-schema-graph\">{\"@context\":\"https:\/\/schema.org\",\"@graph\":[{\"@type\":\"WebPage\",\"@id\":\"https:\/\/www.armaton.com\/de\/ueber-uns\/\",\"url\":\"https:\/\/www.armaton.com\/de\/ueber-uns\/\",\"name\":\"\u00dcber uns - Armaton\",\"isPartOf\":{\"@id\":\"https:\/\/www.armaton.com\/#website\"},\"datePublished\":\"2021-02-16T15:03:59+00:00\",\"dateModified\":\"2023-04-25T14:00:15+00:00\",\"description\":\"Wir konstruieren und produzieren hochwertige Systeme f\u00fcr leichte Nutzfahrzeuge, aber unser Markenversprechen reicht \u00fcber Rungen und Bordwands\u00e4ulen hinaus. \u201eWir machen es besser\u201c hat seinen Ursprung in der Philosophie, dass bei allem, was wir entwickeln und bauen, die Verbesserung f\u00fcr den Kunden und damit die Erleichterung seiner Arbeit im Vordergrund steht.\",\"breadcrumb\":{\"@id\":\"https:\/\/www.armaton.com\/de\/ueber-uns\/#breadcrumb\"},\"inLanguage\":\"de\",\"potentialAction\":[{\"@type\":\"ReadAction\",\"target\":[\"https:\/\/www.armaton.com\/de\/ueber-uns\/\"]}]},{\"@type\":\"BreadcrumbList\",\"@id\":\"https:\/\/www.armaton.com\/de\/ueber-uns\/#breadcrumb\",\"itemListElement\":[{\"@type\":\"ListItem\",\"position\":1,\"name\":\"Home\",\"item\":\"https:\/\/www.armaton.com\/de\/\"},{\"@type\":\"ListItem\",\"position\":2,\"name\":\"\u00dcber uns\"}]},{\"@type\":\"WebSite\",\"@id\":\"https:\/\/www.armaton.com\/#website\",\"url\":\"https:\/\/www.armaton.com\/\",\"name\":\"Armaton\",\"description\":\"Armaton Solutions \u2013 Desire To Improve\",\"potentialAction\":[{\"@type\":\"SearchAction\",\"target\":{\"@type\":\"EntryPoint\",\"urlTemplate\":\"https:\/\/www.armaton.com\/?s={search_term_string}\"},\"query-input\":\"required name=search_term_string\"}],\"inLanguage\":\"de\"}]}<\/script>\n<!-- \/ Yoast SEO plugin. -->","yoast_head_json":{"title":"\u00dcber uns - Armaton","description":"Wir konstruieren und produzieren hochwertige Systeme f\u00fcr leichte Nutzfahrzeuge, aber unser Markenversprechen reicht \u00fcber Rungen und Bordwands\u00e4ulen hinaus. \u201eWir machen es besser\u201c hat seinen Ursprung in der Philosophie, dass bei allem, was wir entwickeln und bauen, die Verbesserung f\u00fcr den Kunden und damit die Erleichterung seiner Arbeit im Vordergrund steht.","robots":{"index":"index","follow":"follow","max-snippet":"max-snippet:-1","max-image-preview":"max-image-preview:large","max-video-preview":"max-video-preview:-1"},"canonical":"https:\/\/www.armaton.com\/de\/ueber-uns\/","og_locale":"de_DE","og_type":"article","og_title":"\u00dcber uns - Armaton","og_description":"Wir konstruieren und produzieren hochwertige Systeme f\u00fcr leichte Nutzfahrzeuge, aber unser Markenversprechen reicht \u00fcber Rungen und Bordwands\u00e4ulen hinaus. \u201eWir machen es besser\u201c hat seinen Ursprung in der Philosophie, dass bei allem, was wir entwickeln und bauen, die Verbesserung f\u00fcr den Kunden und damit die Erleichterung seiner Arbeit im Vordergrund steht.","og_url":"https:\/\/www.armaton.com\/de\/ueber-uns\/","og_site_name":"Armaton","article_modified_time":"2023-04-25T14:00:15+00:00","twitter_card":"summary_large_image","twitter_misc":{"Gesch\u00e4tzte Lesezeit":"1\u00a0Minute"},"schema":{"@context":"https:\/\/schema.org","@graph":[{"@type":"WebPage","@id":"https:\/\/www.armaton.com\/de\/ueber-uns\/","url":"https:\/\/www.armaton.com\/de\/ueber-uns\/","name":"\u00dcber uns - Armaton","isPartOf":{"@id":"https:\/\/www.armaton.com\/#website"},"datePublished":"2021-02-16T15:03:59+00:00","dateModified":"2023-04-25T14:00:15+00:00","description":"Wir konstruieren und produzieren hochwertige Systeme f\u00fcr leichte Nutzfahrzeuge, aber unser Markenversprechen reicht \u00fcber Rungen und Bordwands\u00e4ulen hinaus. \u201eWir machen es besser\u201c hat seinen Ursprung in der Philosophie, dass bei allem, was wir entwickeln und bauen, die Verbesserung f\u00fcr den Kunden und damit die Erleichterung seiner Arbeit im Vordergrund steht.","breadcrumb":{"@id":"https:\/\/www.armaton.com\/de\/ueber-uns\/#breadcrumb"},"inLanguage":"de","potentialAction":[{"@type":"ReadAction","target":["https:\/\/www.armaton.com\/de\/ueber-uns\/"]}]},{"@type":"BreadcrumbList","@id":"https:\/\/www.armaton.com\/de\/ueber-uns\/#breadcrumb","itemListElement":[{"@type":"ListItem","position":1,"name":"Home","item":"https:\/\/www.armaton.com\/de\/"},{"@type":"ListItem","position":2,"name":"\u00dcber uns"}]},{"@type":"WebSite","@id":"https:\/\/www.armaton.com\/#website","url":"https:\/\/www.armaton.com\/","name":"Armaton","description":"Armaton Solutions \u2013 Desire To Improve","potentialAction":[{"@type":"SearchAction","target":{"@type":"EntryPoint","urlTemplate":"https:\/\/www.armaton.com\/?s={search_term_string}"},"query-input":"required name=search_term_string"}],"inLanguage":"de"}]}},"_links":{"self":[{"href":"https:\/\/www.armaton.com\/de\/wp-json\/wp\/v2\/pages\/7785","targetHints":{"allow":["GET"]}}],"collection":[{"href":"https:\/\/www.armaton.com\/de\/wp-json\/wp\/v2\/pages"}],"about":[{"href":"https:\/\/www.armaton.com\/de\/wp-json\/wp\/v2\/types\/page"}],"author":[{"embeddable":true,"href":"https:\/\/www.armaton.com\/de\/wp-json\/wp\/v2\/users\/2"}],"replies":[{"embeddable":true,"href":"https:\/\/www.armaton.com\/de\/wp-json\/wp\/v2\/comments?post=7785"}],"version-history":[{"count":15,"href":"https:\/\/www.armaton.com\/de\/wp-json\/wp\/v2\/pages\/7785\/revisions"}],"predecessor-version":[{"id":12496,"href":"https:\/\/www.armaton.com\/de\/wp-json\/wp\/v2\/pages\/7785\/revisions\/12496"}],"wp:attachment":[{"href":"https:\/\/www.armaton.com\/de\/wp-json\/wp\/v2\/media?parent=7785"}],"curies":[{"name":"wp","href":"https:\/\/api.w.org\/{rel}","templated":true}]}}