{"id":9101,"date":"2021-11-10T10:24:20","date_gmt":"2021-11-10T10:24:20","guid":{"rendered":"https:\/\/www.armaton.com\/?page_id=9101"},"modified":"2025-09-15T09:34:03","modified_gmt":"2025-09-15T09:34:03","slug":"accessories-modular-platform","status":"publish","type":"page","link":"https:\/\/www.armaton.com\/de\/accessories-modular-platform\/","title":{"rendered":"Accessories Modular Platform"},"content":{"rendered":"<div id=\"pl-9101\"  class=\"panel-layout\" ><div id=\"pg-9101-0\"  class=\"panel-grid panel-has-style\" ><div class=\"siteorigin-panels-stretch panel-row-style panel-row-style-for-9101-0\" data-stretch-type=\"full-stretched\" ><div id=\"pgc-9101-0-0\"  class=\"panel-grid-cell\" ><div id=\"panel-9101-0-0-0\" class=\"so-panel widget widget_sow-image panel-first-child panel-last-child\" data-index=\"0\" ><div\n\t\t\t\n\t\t\tclass=\"so-widget-sow-image so-widget-sow-image-default-dbf295114b96-9101\"\n\t\t\t\n\t\t>\n\n<div class=\"sow-image-container\">\n\t\t<img decoding=\"async\" src=\"https:\/\/www.armaton.com\/wp-content\/uploads\/sites\/14\/2021\/11\/DSC01354700x550-768x603.jpg\" width=\"768\" height=\"603\" srcset=\"https:\/\/www.armaton.com\/wp-content\/uploads\/sites\/14\/2021\/11\/DSC01354700x550-768x603.jpg 768w, https:\/\/www.armaton.com\/wp-content\/uploads\/sites\/14\/2021\/11\/DSC01354700x550-300x236.jpg 300w, https:\/\/www.armaton.com\/wp-content\/uploads\/sites\/14\/2021\/11\/DSC01354700x550-1024x805.jpg 1024w, https:\/\/www.armaton.com\/wp-content\/uploads\/sites\/14\/2021\/11\/DSC01354700x550-600x471.jpg 600w\" sizes=\"auto, (max-width: 768px) 100vw, 768px\" title=\"DSC01354,700&#215;550\" alt=\"\" loading=\"lazy\" \t\tclass=\"so-widget-image\"\/>\n\t<\/div>\n\n<\/div><\/div><\/div><div id=\"pgc-9101-0-1\"  class=\"panel-grid-cell\" ><div id=\"panel-9101-0-1-0\" class=\"so-panel widget widget_siteorigin-panels-builder panel-first-child panel-last-child\" data-index=\"1\" ><div class=\"panel-widget-style panel-widget-style-for-9101-0-1-0\" ><div id=\"pl-w65ca3b807b285\"  class=\"panel-layout\" ><div id=\"pg-w65ca3b807b285-0\"  class=\"panel-grid panel-no-style\" ><div id=\"pgc-w65ca3b807b285-0-0\"  class=\"panel-grid-cell panel-grid-cell-empty\" ><\/div><div id=\"pgc-w65ca3b807b285-0-1\"  class=\"panel-grid-cell panel-grid-cell-mobile-last\" ><div id=\"panel-w65ca3b807b285-0-1-0\" class=\"so-panel widget widget_sow-editor panel-first-child\" data-index=\"0\" ><div\n\t\t\t\n\t\t\tclass=\"so-widget-sow-editor so-widget-sow-editor-base\"\n\t\t\t\n\t\t>\n<div class=\"siteorigin-widget-tinymce textwidget\">\n\t<p>&nbsp;<\/p>\n<h2>Armaton MP OneStep<\/h2>\n<p><span style=\"font-size: 18px;\">Der Armaton MP OneStep ist eine leicht in die Bordwand integrierbare Trittstufe. Das einzigartige Design bietet eine L\u00f6sung ohne Beeintr\u00e4chtigung der Ladefl\u00e4che und eine benutzerfreundliche Funktion f\u00fcr verbesserte Arbeitsbedingungen.<br \/>\n<a href=\"https:\/\/forankra.bynder.com\/m\/ecac2c0dd4fa6f3\/original\/Armaton-MP-OneStep_GERMAN.pdf\" target=\"_blank\" rel=\"noopener noreferrer\">Mehr erfahren &gt;&gt;<\/a><\/span><\/p>\n<\/div>\n<\/div><\/div><div id=\"panel-w65ca3b807b285-0-1-1\" class=\"so-panel widget widget_forankra-lightbox-widget panel-last-child\" data-index=\"1\" ><div\n\t\t\t\n\t\t\tclass=\"so-widget-forankra-lightbox-widget so-widget-forankra-lightbox-widget-default-d3709d59ff57\"\n\t\t\t\n\t\t><div id=\"icon-container\" class=\"center\">\n            <a class=\"trigger\" id=\"toggle-lightbox\" href=\"#lightbox\"><span class=\"sow-icon-fontawesome sow-far\" data-sow-icon=\"&#xf152;\"\n\t\t \n\t\taria-hidden=\"true\"><\/span><\/a>\n    <\/div>\n<div id=\"lightbox\">\n    <a href=\"#toggle-lightbox\" class=\"close-lightbox close-link\">\n        <div class=\"content\"><\/div>\n    <\/a>\n<\/div>\n\n<script>\n    const link = '<a href=\"#toggle-lightbox\" class=\"close close-link\"><span class=\"fa fa-close\"><\/span><\/a>';\n    const content = '<iframe id=\"video-player\" src=\"https:\/\/www.youtube.com\/embed\/eZehDGUwBNw?loop=1&playlist=eZehDGUwBNw&rel=0\"'; \n    document.querySelector('.trigger').addEventListener('click', ()=>{\n        document.querySelector('#lightbox .content').innerHTML = content + link;\n        document.querySelector('.close').addEventListener('click', ()=>{\n            document.querySelector('#lightbox  .content').innerHTML = '';\n        });\n    });\n\n    var closeLinks = document.querySelectorAll('.close-link');\n    closeLinks.forEach((link)=>{\n        link.addEventListener('click',()=>{\n            document.querySelector('#lightbox  .content').innerHTML = '';\n        })\n    });\n<\/script><\/div><\/div><\/div><div id=\"pgc-w65ca3b807b285-0-2\"  class=\"panel-grid-cell panel-grid-cell-empty\" ><\/div><\/div><\/div><\/div><\/div><\/div><\/div><\/div><div id=\"pg-9101-1\"  class=\"panel-grid panel-has-style\" ><div class=\"siteorigin-panels-stretch panel-row-style panel-row-style-for-9101-1\" data-stretch-type=\"full-stretched\" ><div id=\"pgc-9101-1-0\"  class=\"panel-grid-cell\" ><div id=\"panel-9101-1-0-0\" class=\"so-panel widget widget_siteorigin-panels-builder panel-first-child panel-last-child\" data-index=\"2\" ><div class=\"panel-widget-style panel-widget-style-for-9101-1-0-0\" ><div id=\"pl-w65ca480c98311\"  class=\"panel-layout\" ><div id=\"pg-w65ca480c98311-0\"  class=\"panel-grid panel-no-style\" ><div id=\"pgc-w65ca480c98311-0-0\"  class=\"panel-grid-cell panel-grid-cell-empty\" ><\/div><div id=\"pgc-w65ca480c98311-0-1\"  class=\"panel-grid-cell panel-grid-cell-mobile-last\" ><div id=\"panel-w65ca480c98311-0-1-0\" class=\"so-panel widget widget_sow-editor panel-first-child panel-last-child\" data-index=\"0\" ><div\n\t\t\t\n\t\t\tclass=\"so-widget-sow-editor so-widget-sow-editor-base\"\n\t\t\t\n\t\t>\n<div class=\"siteorigin-widget-tinymce textwidget\">\n\t<h2>Armaton MP LongGoods*<\/h2>\n<p><span style=\"font-size: 14px;\">* Armaton MP hinterer Leitertr\u00e4ger<\/span><\/p>\n<p><span style=\"font-size: 18px;\">Armaton MP LongGoods erm\u00f6glicht den sicheren Transport von Langg\u00fctern auf leichten Nutzfahrzeugen (LCV). Der hintere Leitertr\u00e4ger wird in die hinteren Rungen der Armaton Modular Platform montiert und bildet zusammen mit der Vorderwand eine Komplettl\u00f6sung f\u00fcr das Langmaterialhandling.<br \/>\n<a href=\"https:\/\/forankra.bynder.com\/m\/2eb64bb584f48f7c\/original\/Armaton-MP-LongGoods_GERMAN.pdf\" target=\"_blank\" rel=\"noopener\">Mehr erfahren&gt;&gt;<\/a><\/span><\/p>\n<\/div>\n<\/div><\/div><\/div><div id=\"pgc-w65ca480c98311-0-2\"  class=\"panel-grid-cell panel-grid-cell-empty\" ><\/div><\/div><\/div><\/div><\/div><\/div><div id=\"pgc-9101-1-1\"  class=\"panel-grid-cell\" ><div id=\"panel-9101-1-1-0\" class=\"so-panel widget widget_sow-image panel-first-child panel-last-child\" data-index=\"3\" ><div\n\t\t\t\n\t\t\tclass=\"so-widget-sow-image so-widget-sow-image-default-dbf295114b96-9101\"\n\t\t\t\n\t\t>\n\n<div class=\"sow-image-container\">\n\t\t<img decoding=\"async\" src=\"https:\/\/www.armaton.com\/wp-content\/uploads\/sites\/14\/2023\/11\/Long-goods_1700x500.jpg\" width=\"700\" height=\"500\" srcset=\"https:\/\/www.armaton.com\/wp-content\/uploads\/sites\/14\/2023\/11\/Long-goods_1700x500.jpg 700w, https:\/\/www.armaton.com\/wp-content\/uploads\/sites\/14\/2023\/11\/Long-goods_1700x500-300x214.jpg 300w, https:\/\/www.armaton.com\/wp-content\/uploads\/sites\/14\/2023\/11\/Long-goods_1700x500-600x429.jpg 600w\" sizes=\"auto, (max-width: 700px) 100vw, 700px\" title=\"Long goods_1,700&#215;500\" alt=\"\" loading=\"lazy\" \t\tclass=\"so-widget-image\"\/>\n\t<\/div>\n\n<\/div><\/div><\/div><\/div><\/div><\/div>","protected":false},"excerpt":{"rendered":"<p>&nbsp; Armaton MP OneStep Der Armaton MP OneStep ist eine leicht in die Bordwand integrierbare Trittstufe. Das einzigartige Design bietet eine L\u00f6sung ohne Beeintr\u00e4chtigung der Ladefl\u00e4che und eine benutzerfreundliche Funktion f\u00fcr verbesserte Arbeitsbedingungen. Mehr erfahren &gt;&gt; Armaton MP LongGoods* * Armaton MP hinterer Leitertr\u00e4ger Armaton MP LongGoods erm\u00f6glicht den sicheren Transport von Langg\u00fctern auf leichten [&hellip;]<\/p>\n","protected":false},"author":2,"featured_media":0,"parent":0,"menu_order":0,"comment_status":"closed","ping_status":"closed","template":"","meta":{"footnotes":""},"class_list":["post-9101","page","type-page","status-publish","hentry"],"yoast_head":"<!-- This site is optimized with the Yoast SEO plugin v20.4 - https:\/\/yoast.com\/wordpress\/plugins\/seo\/ -->\n<title>Accessories Modular Platform - Armaton<\/title>\n<meta name=\"description\" content=\"F\u00fcr den Armaton Modular Platform sind viele verschiedene Ersatzteile erh\u00e4ltlich. Sehen Sie hier, was verf\u00fcgbar ist.\" \/>\n<meta name=\"robots\" content=\"index, follow, max-snippet:-1, max-image-preview:large, max-video-preview:-1\" \/>\n<link rel=\"canonical\" href=\"https:\/\/www.armaton.com\/de\/accessories-modular-platform\/\" \/>\n<meta property=\"og:locale\" content=\"de_DE\" \/>\n<meta property=\"og:type\" content=\"article\" \/>\n<meta property=\"og:title\" content=\"Accessories Modular Platform - Armaton\" \/>\n<meta property=\"og:description\" content=\"F\u00fcr den Armaton Modular Platform sind viele verschiedene Ersatzteile erh\u00e4ltlich. Sehen Sie hier, was verf\u00fcgbar ist.\" \/>\n<meta property=\"og:url\" content=\"https:\/\/www.armaton.com\/de\/accessories-modular-platform\/\" \/>\n<meta property=\"og:site_name\" content=\"Armaton\" \/>\n<meta property=\"article:modified_time\" content=\"2025-09-15T09:34:03+00:00\" \/>\n<meta name=\"twitter:card\" content=\"summary_large_image\" \/>\n<meta name=\"twitter:label1\" content=\"Gesch\u00e4tzte Lesezeit\" \/>\n\t<meta name=\"twitter:data1\" content=\"1\u00a0Minute\" \/>\n<script type=\"application\/ld+json\" class=\"yoast-schema-graph\">{\"@context\":\"https:\/\/schema.org\",\"@graph\":[{\"@type\":\"WebPage\",\"@id\":\"https:\/\/www.armaton.com\/de\/accessories-modular-platform\/\",\"url\":\"https:\/\/www.armaton.com\/de\/accessories-modular-platform\/\",\"name\":\"Accessories Modular Platform - Armaton\",\"isPartOf\":{\"@id\":\"https:\/\/www.armaton.com\/#website\"},\"datePublished\":\"2021-11-10T10:24:20+00:00\",\"dateModified\":\"2025-09-15T09:34:03+00:00\",\"description\":\"F\u00fcr den Armaton Modular Platform sind viele verschiedene Ersatzteile erh\u00e4ltlich. Sehen Sie hier, was verf\u00fcgbar ist.\",\"breadcrumb\":{\"@id\":\"https:\/\/www.armaton.com\/de\/accessories-modular-platform\/#breadcrumb\"},\"inLanguage\":\"de\",\"potentialAction\":[{\"@type\":\"ReadAction\",\"target\":[\"https:\/\/www.armaton.com\/de\/accessories-modular-platform\/\"]}]},{\"@type\":\"BreadcrumbList\",\"@id\":\"https:\/\/www.armaton.com\/de\/accessories-modular-platform\/#breadcrumb\",\"itemListElement\":[{\"@type\":\"ListItem\",\"position\":1,\"name\":\"Home\",\"item\":\"https:\/\/www.armaton.com\/de\/\"},{\"@type\":\"ListItem\",\"position\":2,\"name\":\"Accessories Modular Platform\"}]},{\"@type\":\"WebSite\",\"@id\":\"https:\/\/www.armaton.com\/#website\",\"url\":\"https:\/\/www.armaton.com\/\",\"name\":\"Armaton\",\"description\":\"Armaton Solutions \u2013 Desire To Improve\",\"potentialAction\":[{\"@type\":\"SearchAction\",\"target\":{\"@type\":\"EntryPoint\",\"urlTemplate\":\"https:\/\/www.armaton.com\/?s={search_term_string}\"},\"query-input\":\"required name=search_term_string\"}],\"inLanguage\":\"de\"}]}<\/script>\n<!-- \/ Yoast SEO plugin. -->","yoast_head_json":{"title":"Accessories Modular Platform - Armaton","description":"F\u00fcr den Armaton Modular Platform sind viele verschiedene Ersatzteile erh\u00e4ltlich. Sehen Sie hier, was verf\u00fcgbar ist.","robots":{"index":"index","follow":"follow","max-snippet":"max-snippet:-1","max-image-preview":"max-image-preview:large","max-video-preview":"max-video-preview:-1"},"canonical":"https:\/\/www.armaton.com\/de\/accessories-modular-platform\/","og_locale":"de_DE","og_type":"article","og_title":"Accessories Modular Platform - Armaton","og_description":"F\u00fcr den Armaton Modular Platform sind viele verschiedene Ersatzteile erh\u00e4ltlich. Sehen Sie hier, was verf\u00fcgbar ist.","og_url":"https:\/\/www.armaton.com\/de\/accessories-modular-platform\/","og_site_name":"Armaton","article_modified_time":"2025-09-15T09:34:03+00:00","twitter_card":"summary_large_image","twitter_misc":{"Gesch\u00e4tzte Lesezeit":"1\u00a0Minute"},"schema":{"@context":"https:\/\/schema.org","@graph":[{"@type":"WebPage","@id":"https:\/\/www.armaton.com\/de\/accessories-modular-platform\/","url":"https:\/\/www.armaton.com\/de\/accessories-modular-platform\/","name":"Accessories Modular Platform - Armaton","isPartOf":{"@id":"https:\/\/www.armaton.com\/#website"},"datePublished":"2021-11-10T10:24:20+00:00","dateModified":"2025-09-15T09:34:03+00:00","description":"F\u00fcr den Armaton Modular Platform sind viele verschiedene Ersatzteile erh\u00e4ltlich. Sehen Sie hier, was verf\u00fcgbar ist.","breadcrumb":{"@id":"https:\/\/www.armaton.com\/de\/accessories-modular-platform\/#breadcrumb"},"inLanguage":"de","potentialAction":[{"@type":"ReadAction","target":["https:\/\/www.armaton.com\/de\/accessories-modular-platform\/"]}]},{"@type":"BreadcrumbList","@id":"https:\/\/www.armaton.com\/de\/accessories-modular-platform\/#breadcrumb","itemListElement":[{"@type":"ListItem","position":1,"name":"Home","item":"https:\/\/www.armaton.com\/de\/"},{"@type":"ListItem","position":2,"name":"Accessories Modular Platform"}]},{"@type":"WebSite","@id":"https:\/\/www.armaton.com\/#website","url":"https:\/\/www.armaton.com\/","name":"Armaton","description":"Armaton Solutions \u2013 Desire To Improve","potentialAction":[{"@type":"SearchAction","target":{"@type":"EntryPoint","urlTemplate":"https:\/\/www.armaton.com\/?s={search_term_string}"},"query-input":"required name=search_term_string"}],"inLanguage":"de"}]}},"_links":{"self":[{"href":"https:\/\/www.armaton.com\/de\/wp-json\/wp\/v2\/pages\/9101","targetHints":{"allow":["GET"]}}],"collection":[{"href":"https:\/\/www.armaton.com\/de\/wp-json\/wp\/v2\/pages"}],"about":[{"href":"https:\/\/www.armaton.com\/de\/wp-json\/wp\/v2\/types\/page"}],"author":[{"embeddable":true,"href":"https:\/\/www.armaton.com\/de\/wp-json\/wp\/v2\/users\/2"}],"replies":[{"embeddable":true,"href":"https:\/\/www.armaton.com\/de\/wp-json\/wp\/v2\/comments?post=9101"}],"version-history":[{"count":38,"href":"https:\/\/www.armaton.com\/de\/wp-json\/wp\/v2\/pages\/9101\/revisions"}],"predecessor-version":[{"id":14031,"href":"https:\/\/www.armaton.com\/de\/wp-json\/wp\/v2\/pages\/9101\/revisions\/14031"}],"wp:attachment":[{"href":"https:\/\/www.armaton.com\/de\/wp-json\/wp\/v2\/media?parent=9101"}],"curies":[{"name":"wp","href":"https:\/\/api.w.org\/{rel}","templated":true}]}}