{"id":4195,"date":"2018-05-04T14:54:13","date_gmt":"2018-05-04T14:54:13","guid":{"rendered":"https:\/\/www.armaton.com\/start-page\/"},"modified":"2023-04-17T08:48:22","modified_gmt":"2023-04-17T08:48:22","slug":"start-page","status":"publish","type":"page","link":"https:\/\/www.armaton.com\/es\/","title":{"rendered":"Soluciones para veh\u00edculos comerciales ligeros"},"content":{"rendered":"<div id=\"pl-4195\"  class=\"panel-layout\" ><div id=\"pg-4195-0\"  class=\"panel-grid panel-has-style\" ><div class=\"siteorigin-panels-stretch panel-row-style panel-row-style-for-4195-0\" data-stretch-type=\"full-stretched\" ><div id=\"pgc-4195-0-0\"  class=\"panel-grid-cell\" ><div id=\"panel-4195-0-0-0\" class=\"so-panel widget widget_fa-hero-banner-widget panel-first-child panel-last-child\" data-index=\"0\" ><div class=\"panel-widget-style panel-widget-style-for-4195-0-0-0\" ><div\n\t\t\t\n\t\t\tclass=\"so-widget-fa-hero-banner-widget so-widget-fa-hero-banner-widget-video-1f8c978b3609-4195\"\n\t\t\t\n\t\t><div class=\"forankra-hero-banner\"\n    data-yt-id=\"yRjghNc-2fw\"\n    data-widget-id=\"widget-0-0-0\"\n    data-mobile-breakpoint=\"880\"\n    data-ratio=\"0.5625\">\n\n    <section class=\"cover\">\n            <div class=\"tv\">\n            <div id=\"video-overlay\"><\/div>\n            <div class=\"screen\" id=\"forankra-hero-banner-video-widget-0-0-0\"><\/div>\n            <\/div>\n    <\/section>\n    <section class=\"hero-content\">\n        <div class=\"content\">\n            <p><span style=\"font-size: 21px;\">SOLUCIONES ARMATON<\/span><\/p>\n<h1>Determined to Improve*<\/h1>\n<p><span style=\"font-size: 21px;\">Esta es nuestra promesa. Mejorar continuamente con soluciones que garanticen una mejor funcionalidad, seguridad y rentabilidad para los usuarios de transporte en veh\u00edculos ligeros.<\/span><\/p>\n<p>* Decididos a Mejorar<\/p>\n<p>&nbsp;<\/p>\n            <div class=\"button-container left\"><a href=\"https:\/\/www.armaton.com\/es\/acerca-de-nosotros\/\" class=\"forankra-hero-banner-button\">Leer m\u00e1s &gt;<\/a><\/div>        <\/div>\n    <\/section>\n<\/div>\n<\/div><\/div><\/div><\/div><\/div><\/div><div id=\"pg-4195-1\"  class=\"panel-grid panel-has-style\" ><div class=\"siteorigin-panels-stretch panel-row-style panel-row-style-for-4195-1\" data-stretch-type=\"full-stretched\" ><div id=\"pgc-4195-1-0\"  class=\"panel-grid-cell\" ><div id=\"panel-4195-1-0-0\" class=\"so-panel widget widget_fa-hero-banner-widget panel-first-child panel-last-child\" data-index=\"1\" ><div\n\t\t\t\n\t\t\tclass=\"so-widget-fa-hero-banner-widget so-widget-fa-hero-banner-widget-default-cd1e29ff90d7-4195\"\n\t\t\t\n\t\t><div class=\"forankra-hero-banner\">\n    <img loading=\"lazy\" decoding=\"async\" width=\"2592\" height=\"1010\" src=\"https:\/\/www.armaton.com\/wp-content\/uploads\/sites\/14\/2019\/05\/Start_puff_4.jpg\" class=\"forankra-hero-banner-image\" alt=\"\" srcset=\"https:\/\/www.armaton.com\/wp-content\/uploads\/sites\/14\/2019\/05\/Start_puff_4.jpg 2592w, https:\/\/www.armaton.com\/wp-content\/uploads\/sites\/14\/2019\/05\/Start_puff_4-300x117.jpg 300w, https:\/\/www.armaton.com\/wp-content\/uploads\/sites\/14\/2019\/05\/Start_puff_4-768x299.jpg 768w, https:\/\/www.armaton.com\/wp-content\/uploads\/sites\/14\/2019\/05\/Start_puff_4-1024x399.jpg 1024w, https:\/\/www.armaton.com\/wp-content\/uploads\/sites\/14\/2019\/05\/Start_puff_4-600x234.jpg 600w\" sizes=\"auto, (max-width: 2592px) 100vw, 2592px\" \/>    <section class=\"hero-content\">\n    <div class=\"content\">\n        <h3><strong>Armaton Modular Platform Kit <\/strong><strong>\u2013\u00a0<\/strong><strong>el ajuste perfecto.<\/strong><\/h3>\n<p><span style=\"font-size: 18px;\">Soluci\u00f3n \u00fanica y especial para veh\u00edculos ligeros de plataforma de hasta 3,5 toneladas. El sistema se atornilla sin herramientas especiales y en un tiempo r\u00e9cord. Ahorra tiempo y dinero.<\/span><\/p>\n<p>&nbsp;<\/p>\n        <div class=\"button-container left\"><a href=\"https:\/\/www.armaton.com\/es\/kit-de-plataforma-modular\/\" class=\"forankra-hero-banner-button\">Leer m\u00e1s &gt;<\/a><\/div>    <\/div>\n    <\/section>\n<\/div>\n<\/div><\/div><\/div><\/div><\/div><div id=\"pg-4195-2\"  class=\"panel-grid panel-has-style\" ><div class=\"siteorigin-panels-stretch panel-row-style panel-row-style-for-4195-2\" data-stretch-type=\"full-stretched\" ><div id=\"pgc-4195-2-0\"  class=\"panel-grid-cell\" ><div id=\"panel-4195-2-0-0\" class=\"so-panel widget widget_sow-image panel-first-child panel-last-child\" data-index=\"2\" ><div\n\t\t\t\n\t\t\tclass=\"so-widget-sow-image so-widget-sow-image-default-dbf295114b96-4195\"\n\t\t\t\n\t\t>\n\n<div class=\"sow-image-container\">\n\t\t<img decoding=\"async\" src=\"https:\/\/www.armaton.com\/wp-content\/uploads\/sites\/14\/2019\/06\/Lastsakring_flak1040x644-768x459.png\" width=\"768\" height=\"459\" srcset=\"https:\/\/www.armaton.com\/wp-content\/uploads\/sites\/14\/2019\/06\/Lastsakring_flak1040x644-768x459.png 768w, https:\/\/www.armaton.com\/wp-content\/uploads\/sites\/14\/2019\/06\/Lastsakring_flak1040x644-300x179.png 300w, https:\/\/www.armaton.com\/wp-content\/uploads\/sites\/14\/2019\/06\/Lastsakring_flak1040x644-1024x612.png 1024w, https:\/\/www.armaton.com\/wp-content\/uploads\/sites\/14\/2019\/06\/Lastsakring_flak1040x644-600x359.png 600w, https:\/\/www.armaton.com\/wp-content\/uploads\/sites\/14\/2019\/06\/Lastsakring_flak1040x644.png 1077w\" sizes=\"auto, (max-width: 768px) 100vw, 768px\" title=\"Lastsakring_flak,1040&#215;644\" alt=\"  \" loading=\"lazy\" \t\tclass=\"so-widget-image\"\/>\n\t<\/div>\n\n<\/div><\/div><\/div><div id=\"pgc-4195-2-1\"  class=\"panel-grid-cell\" ><div id=\"panel-4195-2-1-0\" class=\"so-panel widget widget_siteorigin-panels-builder panel-first-child panel-last-child\" data-index=\"3\" ><div class=\"panel-widget-style panel-widget-style-for-4195-2-1-0\" ><div id=\"pl-w5e5649b56f571\"  class=\"panel-layout\" ><div id=\"pg-w5e5649b56f571-0\"  class=\"panel-grid panel-no-style\" ><div id=\"pgc-w5e5649b56f571-0-0\"  class=\"panel-grid-cell panel-grid-cell-empty\" ><\/div><div id=\"pgc-w5e5649b56f571-0-1\"  class=\"panel-grid-cell panel-grid-cell-mobile-last\" ><div id=\"panel-w5e5649b56f571-0-1-0\" class=\"so-panel widget widget_sow-editor panel-first-child\" data-index=\"0\" ><div\n\t\t\t\n\t\t\tclass=\"so-widget-sow-editor so-widget-sow-editor-base\"\n\t\t\t\n\t\t>\n<div class=\"siteorigin-widget-tinymce textwidget\">\n\t<h3><span style=\"font-size: 28px;\"><strong><span style=\"font-size: 28px;\">Armaton simplifica el trabajo duro. Es as\u00ed de simple.<\/span><\/strong><\/span><\/h3>\n<p><span style=\"font-size: 18px;\">Sea usted el montador del sistema, el usuario, el transportista de la carga, etc... la calidad, la simplicidad y la funcionalidad son fundamentales para acabar cualquier tarea. \u00bfVerdad?\u00a0<\/span><\/p>\n<\/div>\n<\/div><\/div><div id=\"panel-w5e5649b56f571-0-1-1\" class=\"so-panel widget widget_sow-button panel-last-child\" data-index=\"1\" ><div\n\t\t\t\n\t\t\tclass=\"so-widget-sow-button so-widget-sow-button-flat-d23e0acbfdd0\"\n\t\t\t\n\t\t><div class=\"ow-button-base ow-button-align-left\">\n\t<a\n\thref=\"https:\/\/www.armaton.com\/es\/por-que-armaton\/\"\n\t\tclass=\"ow-icon-placement-left ow-button-hover\" \t>\n\t\t<span>\n\t\t\t\n\t\t\tLeer m\u00e1s  &gt;\t\t<\/span>\n\t<\/a>\n<\/div>\n<\/div><\/div><\/div><div id=\"pgc-w5e5649b56f571-0-2\"  class=\"panel-grid-cell panel-grid-cell-empty\" ><\/div><\/div><\/div><\/div><\/div><\/div><\/div><\/div><div id=\"pg-4195-3\"  class=\"panel-grid panel-has-style\" ><div class=\"siteorigin-panels-stretch panel-row-style panel-row-style-for-4195-3\" data-stretch-type=\"full-stretched\" ><div id=\"pgc-4195-3-0\"  class=\"panel-grid-cell\" ><div id=\"panel-4195-3-0-0\" class=\"so-panel widget widget_siteorigin-panels-builder panel-first-child panel-last-child\" data-index=\"4\" ><div class=\"panel-widget-style panel-widget-style-for-4195-3-0-0\" ><div id=\"pl-w64380f7fca8b4\"  class=\"panel-layout\" ><div id=\"pg-w64380f7fca8b4-0\"  class=\"panel-grid panel-no-style\" ><div id=\"pgc-w64380f7fca8b4-0-0\"  class=\"panel-grid-cell panel-grid-cell-empty\" ><\/div><div id=\"pgc-w64380f7fca8b4-0-1\"  class=\"panel-grid-cell panel-grid-cell-mobile-last\" ><div id=\"panel-w64380f7fca8b4-0-1-0\" class=\"so-panel widget widget_sow-editor panel-first-child\" data-index=\"0\" ><div\n\t\t\t\n\t\t\tclass=\"so-widget-sow-editor so-widget-sow-editor-base\"\n\t\t\t\n\t\t>\n<div class=\"siteorigin-widget-tinymce textwidget\">\n\t<h3><strong>Soluciones fiables y f\u00e1ciles de instalar<\/strong><\/h3>\n<p><span style=\"font-size: 18px;\">Robustos sistemas de bloqueo y pilares de aluminio sin corrosi\u00f3n a un bajo coste y un largo ciclo de vida.\u00a0<\/span><\/p>\n<\/div>\n<\/div><\/div><div id=\"panel-w64380f7fca8b4-0-1-1\" class=\"so-panel widget widget_sow-button panel-last-child\" data-index=\"1\" ><div\n\t\t\t\n\t\t\tclass=\"so-widget-sow-button so-widget-sow-button-flat-d23e0acbfdd0\"\n\t\t\t\n\t\t><div class=\"ow-button-base ow-button-align-left\">\n\t<a\n\thref=\"https:\/\/www.armaton.com\/es\/sistemas-armaton\/\"\n\t\tclass=\"ow-icon-placement-left ow-button-hover\" \t>\n\t\t<span>\n\t\t\t\n\t\t\tLeer m\u00e1s &gt;\t\t<\/span>\n\t<\/a>\n<\/div>\n<\/div><\/div><\/div><div id=\"pgc-w64380f7fca8b4-0-2\"  class=\"panel-grid-cell panel-grid-cell-empty\" ><\/div><\/div><\/div><\/div><\/div><\/div><div id=\"pgc-4195-3-1\"  class=\"panel-grid-cell panel-grid-cell-mobile-last\" ><div id=\"panel-4195-3-1-0\" class=\"so-panel widget widget_sow-image panel-first-child panel-last-child\" data-index=\"5\" ><div\n\t\t\t\n\t\t\tclass=\"so-widget-sow-image so-widget-sow-image-default-dbf295114b96-4195\"\n\t\t\t\n\t\t>\n\n<div class=\"sow-image-container\">\n\t\t<img decoding=\"async\" src=\"https:\/\/www.armaton.com\/wp-content\/uploads\/sites\/14\/2019\/06\/Collage_3000-4000XF1700x1200-768x528.png\" width=\"768\" height=\"528\" srcset=\"https:\/\/www.armaton.com\/wp-content\/uploads\/sites\/14\/2019\/06\/Collage_3000-4000XF1700x1200-768x528.png 768w, https:\/\/www.armaton.com\/wp-content\/uploads\/sites\/14\/2019\/06\/Collage_3000-4000XF1700x1200-300x206.png 300w, https:\/\/www.armaton.com\/wp-content\/uploads\/sites\/14\/2019\/06\/Collage_3000-4000XF1700x1200-1024x703.png 1024w, https:\/\/www.armaton.com\/wp-content\/uploads\/sites\/14\/2019\/06\/Collage_3000-4000XF1700x1200-600x412.png 600w, https:\/\/www.armaton.com\/wp-content\/uploads\/sites\/14\/2019\/06\/Collage_3000-4000XF1700x1200.png 1747w\" sizes=\"auto, (max-width: 768px) 100vw, 768px\" title=\"Collage_3000-4000XF,1700&#215;1200\" alt=\"\" loading=\"lazy\" \t\tclass=\"so-widget-image\"\/>\n\t<\/div>\n\n<\/div><\/div><\/div><div id=\"pgc-4195-3-2\"  class=\"panel-grid-cell panel-grid-cell-empty\" ><\/div><\/div><\/div><div id=\"pg-4195-4\"  class=\"panel-grid panel-has-style\" ><div class=\"siteorigin-panels-stretch panel-row-style panel-row-style-for-4195-4\" data-stretch-type=\"full-stretched\" ><div id=\"pgc-4195-4-0\"  class=\"panel-grid-cell\" ><div id=\"panel-4195-4-0-0\" class=\"so-panel widget widget_fa-hero-banner-widget panel-first-child panel-last-child\" data-index=\"6\" ><div class=\"panel-widget-style panel-widget-style-for-4195-4-0-0\" ><div\n\t\t\t\n\t\t\tclass=\"so-widget-fa-hero-banner-widget so-widget-fa-hero-banner-widget-default-c7338376c3a6-4195\"\n\t\t\t\n\t\t><div class=\"forankra-hero-banner\">\n    <img loading=\"lazy\" decoding=\"async\" width=\"2650\" height=\"1385\" src=\"https:\/\/www.armaton.com\/wp-content\/uploads\/sites\/14\/2019\/06\/Start_puff_5_b.jpg\" class=\"forankra-hero-banner-image\" alt=\"\" srcset=\"https:\/\/www.armaton.com\/wp-content\/uploads\/sites\/14\/2019\/06\/Start_puff_5_b.jpg 2650w, https:\/\/www.armaton.com\/wp-content\/uploads\/sites\/14\/2019\/06\/Start_puff_5_b-300x157.jpg 300w, https:\/\/www.armaton.com\/wp-content\/uploads\/sites\/14\/2019\/06\/Start_puff_5_b-768x401.jpg 768w, https:\/\/www.armaton.com\/wp-content\/uploads\/sites\/14\/2019\/06\/Start_puff_5_b-1024x535.jpg 1024w, https:\/\/www.armaton.com\/wp-content\/uploads\/sites\/14\/2019\/06\/Start_puff_5_b-600x314.jpg 600w\" sizes=\"auto, (max-width: 2650px) 100vw, 2650px\" \/>    <section class=\"hero-content\">\n    <div class=\"content\">\n        <span style=\"color: #ffffff; font-size: 21px;\">HISTORIAS ARMATON<\/span>\n<h3><span style=\"color: #ffffff;\"><strong><span lang=\"EN-GB\">Los carroceros.<\/span><\/strong><\/span><\/h3>\n<span style=\"color: #ffffff; font-size: 21px;\">Para un Jefe de I+D de carrocer\u00edas, la flexibilidad y la robustez son fundamentales en la construcci\u00f3n de cualquier plataforma. Los perfiles de aluminio f\u00e1cilmente integrables son fundamentales en la construcci\u00f3n de la carrocer\u00eda, al igual que el coste de producci\u00f3n y el rendimiento del producto.<\/span>\n\n<span style=\"color: #ffffff;\"><span style=\"font-size: 21px;\">Pregunte al carrocero Autokaross en Floby, Suecia.<\/span><span style=\"font-size: 18px;\"><span style=\"font-size: 21px;\">Autokaross in Floby, Sweden.<\/span><\/span><\/span>\n\n<br \/>\n<br \/>\n<br \/>\n        <div class=\"button-container left\"><a href=\"https:\/\/www.armaton.com\/es\/carroceros\/\" class=\"forankra-hero-banner-button\">Leer m\u00e1s &gt;<\/a><\/div>    <\/div>\n    <\/section>\n<\/div>\n<\/div><\/div><\/div><\/div><\/div><\/div><\/div>","protected":false},"excerpt":{"rendered":"<p>SOLUCIONES ARMATON Determined to Improve* Esta es nuestra promesa. Mejorar continuamente con soluciones que garanticen una mejor funcionalidad, seguridad y rentabilidad para los usuarios de transporte en veh\u00edculos ligeros. * Decididos a Mejorar &nbsp; Leer m\u00e1s &gt; Armaton Modular Platform Kit \u2013\u00a0el ajuste perfecto. Soluci\u00f3n \u00fanica y especial para veh\u00edculos ligeros de plataforma de hasta [&hellip;]<\/p>\n","protected":false},"author":1,"featured_media":0,"parent":0,"menu_order":0,"comment_status":"closed","ping_status":"closed","template":"","meta":{"footnotes":""},"class_list":["post-4195","page","type-page","status-publish","hentry"],"yoast_head":"<!-- This site is optimized with the Yoast SEO plugin v20.4 - https:\/\/yoast.com\/wordpress\/plugins\/seo\/ -->\n<title>Soluciones para veh\u00edculos comerciales ligeros - Armaton<\/title>\n<meta name=\"description\" content=\"Desde 1986, Armaton ha estado fabricando sistemas de pilares funcionales y optimizados al peso y la tara garantizando la m\u00e1xima carga \u00fatil y ofreciendo transportes seguros y rentables.\" \/>\n<meta name=\"robots\" content=\"index, follow, max-snippet:-1, max-image-preview:large, max-video-preview:-1\" \/>\n<link rel=\"canonical\" href=\"https:\/\/www.armaton.com\/es\/\" \/>\n<meta property=\"og:locale\" content=\"es_ES\" \/>\n<meta property=\"og:type\" content=\"article\" \/>\n<meta property=\"og:title\" content=\"Soluciones para veh\u00edculos comerciales ligeros - Armaton\" \/>\n<meta property=\"og:description\" content=\"Desde 1986, Armaton ha estado fabricando sistemas de pilares funcionales y optimizados al peso y la tara garantizando la m\u00e1xima carga \u00fatil y ofreciendo transportes seguros y rentables.\" \/>\n<meta property=\"og:url\" content=\"https:\/\/www.armaton.com\/es\/\" \/>\n<meta property=\"og:site_name\" content=\"Armaton\" \/>\n<meta property=\"article:modified_time\" content=\"2023-04-17T08:48:22+00:00\" \/>\n<meta name=\"twitter:card\" content=\"summary_large_image\" \/>\n<meta name=\"twitter:label1\" content=\"Tiempo de lectura\" \/>\n\t<meta name=\"twitter:data1\" content=\"1 minuto\" \/>\n<script type=\"application\/ld+json\" class=\"yoast-schema-graph\">{\"@context\":\"https:\/\/schema.org\",\"@graph\":[{\"@type\":\"WebPage\",\"@id\":\"https:\/\/www.armaton.com\/es\/\",\"url\":\"https:\/\/www.armaton.com\/es\/\",\"name\":\"Soluciones para veh\u00edculos comerciales ligeros - Armaton\",\"isPartOf\":{\"@id\":\"https:\/\/www.armaton.com\/#website\"},\"datePublished\":\"2018-05-04T14:54:13+00:00\",\"dateModified\":\"2023-04-17T08:48:22+00:00\",\"description\":\"Desde 1986, Armaton ha estado fabricando sistemas de pilares funcionales y optimizados al peso y la tara garantizando la m\u00e1xima carga \u00fatil y ofreciendo transportes seguros y rentables.\",\"breadcrumb\":{\"@id\":\"https:\/\/www.armaton.com\/es\/#breadcrumb\"},\"inLanguage\":\"es\",\"potentialAction\":[{\"@type\":\"ReadAction\",\"target\":[\"https:\/\/www.armaton.com\/es\/\"]}]},{\"@type\":\"BreadcrumbList\",\"@id\":\"https:\/\/www.armaton.com\/es\/#breadcrumb\",\"itemListElement\":[{\"@type\":\"ListItem\",\"position\":1,\"name\":\"Home\",\"item\":\"https:\/\/www.armaton.com\/es\/\"},{\"@type\":\"ListItem\",\"position\":2,\"name\":\"Soluciones para veh\u00edculos comerciales ligeros\"}]},{\"@type\":\"WebSite\",\"@id\":\"https:\/\/www.armaton.com\/#website\",\"url\":\"https:\/\/www.armaton.com\/\",\"name\":\"Armaton\",\"description\":\"Armaton Solutions \u2013 Desire To Improve\",\"potentialAction\":[{\"@type\":\"SearchAction\",\"target\":{\"@type\":\"EntryPoint\",\"urlTemplate\":\"https:\/\/www.armaton.com\/?s={search_term_string}\"},\"query-input\":\"required name=search_term_string\"}],\"inLanguage\":\"es\"}]}<\/script>\n<!-- \/ Yoast SEO plugin. -->","yoast_head_json":{"title":"Soluciones para veh\u00edculos comerciales ligeros - Armaton","description":"Desde 1986, Armaton ha estado fabricando sistemas de pilares funcionales y optimizados al peso y la tara garantizando la m\u00e1xima carga \u00fatil y ofreciendo transportes seguros y rentables.","robots":{"index":"index","follow":"follow","max-snippet":"max-snippet:-1","max-image-preview":"max-image-preview:large","max-video-preview":"max-video-preview:-1"},"canonical":"https:\/\/www.armaton.com\/es\/","og_locale":"es_ES","og_type":"article","og_title":"Soluciones para veh\u00edculos comerciales ligeros - Armaton","og_description":"Desde 1986, Armaton ha estado fabricando sistemas de pilares funcionales y optimizados al peso y la tara garantizando la m\u00e1xima carga \u00fatil y ofreciendo transportes seguros y rentables.","og_url":"https:\/\/www.armaton.com\/es\/","og_site_name":"Armaton","article_modified_time":"2023-04-17T08:48:22+00:00","twitter_card":"summary_large_image","twitter_misc":{"Tiempo de lectura":"1 minuto"},"schema":{"@context":"https:\/\/schema.org","@graph":[{"@type":"WebPage","@id":"https:\/\/www.armaton.com\/es\/","url":"https:\/\/www.armaton.com\/es\/","name":"Soluciones para veh\u00edculos comerciales ligeros - Armaton","isPartOf":{"@id":"https:\/\/www.armaton.com\/#website"},"datePublished":"2018-05-04T14:54:13+00:00","dateModified":"2023-04-17T08:48:22+00:00","description":"Desde 1986, Armaton ha estado fabricando sistemas de pilares funcionales y optimizados al peso y la tara garantizando la m\u00e1xima carga \u00fatil y ofreciendo transportes seguros y rentables.","breadcrumb":{"@id":"https:\/\/www.armaton.com\/es\/#breadcrumb"},"inLanguage":"es","potentialAction":[{"@type":"ReadAction","target":["https:\/\/www.armaton.com\/es\/"]}]},{"@type":"BreadcrumbList","@id":"https:\/\/www.armaton.com\/es\/#breadcrumb","itemListElement":[{"@type":"ListItem","position":1,"name":"Home","item":"https:\/\/www.armaton.com\/es\/"},{"@type":"ListItem","position":2,"name":"Soluciones para veh\u00edculos comerciales ligeros"}]},{"@type":"WebSite","@id":"https:\/\/www.armaton.com\/#website","url":"https:\/\/www.armaton.com\/","name":"Armaton","description":"Armaton Solutions \u2013 Desire To Improve","potentialAction":[{"@type":"SearchAction","target":{"@type":"EntryPoint","urlTemplate":"https:\/\/www.armaton.com\/?s={search_term_string}"},"query-input":"required name=search_term_string"}],"inLanguage":"es"}]}},"_links":{"self":[{"href":"https:\/\/www.armaton.com\/es\/wp-json\/wp\/v2\/pages\/4195","targetHints":{"allow":["GET"]}}],"collection":[{"href":"https:\/\/www.armaton.com\/es\/wp-json\/wp\/v2\/pages"}],"about":[{"href":"https:\/\/www.armaton.com\/es\/wp-json\/wp\/v2\/types\/page"}],"author":[{"embeddable":true,"href":"https:\/\/www.armaton.com\/es\/wp-json\/wp\/v2\/users\/1"}],"replies":[{"embeddable":true,"href":"https:\/\/www.armaton.com\/es\/wp-json\/wp\/v2\/comments?post=4195"}],"version-history":[{"count":39,"href":"https:\/\/www.armaton.com\/es\/wp-json\/wp\/v2\/pages\/4195\/revisions"}],"predecessor-version":[{"id":12075,"href":"https:\/\/www.armaton.com\/es\/wp-json\/wp\/v2\/pages\/4195\/revisions\/12075"}],"wp:attachment":[{"href":"https:\/\/www.armaton.com\/es\/wp-json\/wp\/v2\/media?parent=4195"}],"curies":[{"name":"wp","href":"https:\/\/api.w.org\/{rel}","templated":true}]}}