{"id":6003,"date":"2020-02-25T08:16:27","date_gmt":"2020-02-25T08:16:27","guid":{"rendered":"https:\/\/www.armaton.com\/?page_id=6003"},"modified":"2023-04-25T13:47:10","modified_gmt":"2023-04-25T13:47:10","slug":"sistemas-armaton","status":"publish","type":"page","link":"https:\/\/www.armaton.com\/es\/sistemas-armaton\/","title":{"rendered":"Sistemas Armaton"},"content":{"rendered":"<div id=\"pl-6003\"  class=\"panel-layout\" ><div id=\"pg-6003-0\"  class=\"panel-grid panel-has-style\" ><div class=\"siteorigin-panels-stretch panel-row-style panel-row-style-for-6003-0\" data-stretch-type=\"full-stretched\" ><div id=\"pgc-6003-0-0\"  class=\"panel-grid-cell\" ><div id=\"panel-6003-0-0-0\" class=\"so-panel widget widget_fa-hero-banner-widget panel-first-child panel-last-child\" data-index=\"0\" ><div class=\"panel-widget-style panel-widget-style-for-6003-0-0-0\" ><div\n\t\t\t\n\t\t\tclass=\"so-widget-fa-hero-banner-widget so-widget-fa-hero-banner-widget-default-c88eb9a566b1-6003\"\n\t\t\t\n\t\t><div class=\"forankra-hero-banner\">\n    <img loading=\"lazy\" decoding=\"async\" width=\"2650\" height=\"1385\" src=\"https:\/\/www.armaton.com\/wp-content\/uploads\/sites\/14\/2019\/05\/Systems_puff_1.jpg\" class=\"forankra-hero-banner-image\" alt=\"\" srcset=\"https:\/\/www.armaton.com\/wp-content\/uploads\/sites\/14\/2019\/05\/Systems_puff_1.jpg 2650w, https:\/\/www.armaton.com\/wp-content\/uploads\/sites\/14\/2019\/05\/Systems_puff_1-300x157.jpg 300w, https:\/\/www.armaton.com\/wp-content\/uploads\/sites\/14\/2019\/05\/Systems_puff_1-768x401.jpg 768w, https:\/\/www.armaton.com\/wp-content\/uploads\/sites\/14\/2019\/05\/Systems_puff_1-1024x535.jpg 1024w, https:\/\/www.armaton.com\/wp-content\/uploads\/sites\/14\/2019\/05\/Systems_puff_1-600x314.jpg 600w\" sizes=\"auto, (max-width: 2650px) 100vw, 2650px\" \/>    <section class=\"hero-content\">\n    <div class=\"content\">\n        <h1><span style=\"color: #ffffff\">Sistemas Armaton<\/span><\/h1>\n<span lang=\"EN-GB\" style=\"color: #ffffff;font-size: 21px\">Los sistemas Armaton se caracterizan por un dise\u00f1o limpio, aerodin\u00e1mico y ligero. Calidad premium con ergonom\u00eda son varias de sus caracter\u00edsticas \u00fanicas.<\/span>            <\/div>\n    <\/section>\n<\/div>\n<\/div><\/div><\/div><\/div><\/div><\/div><div id=\"pg-6003-1\"  class=\"panel-grid panel-has-style\" ><div class=\"siteorigin-panels-stretch panel-row-style panel-row-style-for-6003-1\" data-stretch-type=\"full-stretched\" ><div id=\"pgc-6003-1-0\"  class=\"panel-grid-cell\" ><div id=\"panel-6003-1-0-0\" class=\"so-panel widget widget_fa-hero-banner-widget panel-first-child panel-last-child\" data-index=\"1\" ><div class=\"panel-widget-style panel-widget-style-for-6003-1-0-0\" ><div\n\t\t\t\n\t\t\tclass=\"so-widget-fa-hero-banner-widget so-widget-fa-hero-banner-widget-default-eeffc624529f-6003\"\n\t\t\t\n\t\t><div class=\"forankra-hero-banner\">\n    <img loading=\"lazy\" decoding=\"async\" width=\"2592\" height=\"1010\" src=\"https:\/\/www.armaton.com\/wp-content\/uploads\/sites\/14\/2019\/05\/Start_puff_4.jpg\" class=\"forankra-hero-banner-image\" alt=\"\" srcset=\"https:\/\/www.armaton.com\/wp-content\/uploads\/sites\/14\/2019\/05\/Start_puff_4.jpg 2592w, https:\/\/www.armaton.com\/wp-content\/uploads\/sites\/14\/2019\/05\/Start_puff_4-300x117.jpg 300w, https:\/\/www.armaton.com\/wp-content\/uploads\/sites\/14\/2019\/05\/Start_puff_4-768x299.jpg 768w, https:\/\/www.armaton.com\/wp-content\/uploads\/sites\/14\/2019\/05\/Start_puff_4-1024x399.jpg 1024w, https:\/\/www.armaton.com\/wp-content\/uploads\/sites\/14\/2019\/05\/Start_puff_4-600x234.jpg 600w\" sizes=\"auto, (max-width: 2592px) 100vw, 2592px\" \/>    <section class=\"hero-content\">\n    <div class=\"content\">\n        <h3><span style=\"color: #7d7d7d;\"><strong><span lang=\"EN-GB\">Armaton Modular Platform Kit<\/span><\/strong><\/span><\/h3>\n<p><span lang=\"EN-GB\" style=\"color: #7d7d7d; font-size: 18px;\">Un producto ligero, funcional y de alta calidad que es f\u00e1cil y r\u00e1pido de montar. Fiable, seguro y c\u00f3modo de usar, capaz de mantener su propio valor y el valor del veh\u00edculo a largo plazo. Utiliza la misma plataforma para cajas cerradas y abiertas.<\/span><\/p>\n<p>&nbsp;<\/p>\n        <div class=\"button-container left\"><a href=\"https:\/\/www.armaton.com\/es\/kit-de-plataforma-modular\/\" class=\"forankra-hero-banner-button\">Leer m\u00e1s &gt;<\/a><\/div>    <\/div>\n    <\/section>\n<\/div>\n<\/div><\/div><\/div><\/div><\/div><\/div><div id=\"pg-6003-2\"  class=\"panel-grid panel-has-style\" ><div class=\"siteorigin-panels-stretch panel-row-style panel-row-style-for-6003-2\" data-stretch-type=\"full-stretched\" ><div id=\"pgc-6003-2-0\"  class=\"panel-grid-cell panel-grid-cell-empty\" ><\/div><div id=\"pgc-6003-2-1\"  class=\"panel-grid-cell\" ><div id=\"panel-6003-2-1-0\" class=\"so-panel widget widget_sow-image panel-first-child panel-last-child\" data-index=\"2\" ><div\n\t\t\t\n\t\t\tclass=\"so-widget-sow-image so-widget-sow-image-default-dbf295114b96-6003\"\n\t\t\t\n\t\t>\n\n<div class=\"sow-image-container\">\n\t\t<img decoding=\"async\" src=\"https:\/\/www.armaton.com\/wp-content\/uploads\/sites\/14\/2019\/05\/Start_puff_2_b-768x605.jpg\" width=\"768\" height=\"605\" srcset=\"https:\/\/www.armaton.com\/wp-content\/uploads\/sites\/14\/2019\/05\/Start_puff_2_b-768x605.jpg 768w, https:\/\/www.armaton.com\/wp-content\/uploads\/sites\/14\/2019\/05\/Start_puff_2_b-300x236.jpg 300w, https:\/\/www.armaton.com\/wp-content\/uploads\/sites\/14\/2019\/05\/Start_puff_2_b-1024x806.jpg 1024w, https:\/\/www.armaton.com\/wp-content\/uploads\/sites\/14\/2019\/05\/Start_puff_2_b-600x472.jpg 600w, https:\/\/www.armaton.com\/wp-content\/uploads\/sites\/14\/2019\/05\/Start_puff_2_b.jpg 1256w\" sizes=\"auto, (max-width: 768px) 100vw, 768px\" alt=\"\" loading=\"lazy\" \t\tclass=\"so-widget-image\"\/>\n\t<\/div>\n\n<\/div><\/div><\/div><div id=\"pgc-6003-2-2\"  class=\"panel-grid-cell panel-grid-cell-empty\" ><\/div><div id=\"pgc-6003-2-3\"  class=\"panel-grid-cell\" ><div id=\"panel-6003-2-3-0\" class=\"so-panel widget widget_siteorigin-panels-builder panel-first-child panel-last-child\" data-index=\"3\" ><div class=\"panel-widget-style panel-widget-style-for-6003-2-3-0\" ><div id=\"pl-w5e564cf9568ff\"  class=\"panel-layout\" ><div id=\"pg-w5e564cf9568ff-0\"  class=\"panel-grid panel-no-style\" ><div id=\"pgc-w5e564cf9568ff-0-0\"  class=\"panel-grid-cell panel-grid-cell-empty\" ><\/div><div id=\"pgc-w5e564cf9568ff-0-1\"  class=\"panel-grid-cell panel-grid-cell-mobile-last\" ><div id=\"panel-w5e564cf9568ff-0-1-0\" class=\"so-panel widget widget_sow-editor panel-first-child\" data-index=\"0\" ><div class=\"panel-widget-style panel-widget-style-for-w5e564cf9568ff-0-1-0\" ><div\n\t\t\t\n\t\t\tclass=\"so-widget-sow-editor so-widget-sow-editor-base\"\n\t\t\t\n\t\t>\n<div class=\"siteorigin-widget-tinymce textwidget\">\n\t<p>&nbsp;<\/p>\n<h3><span lang=\"EN-GB\" style=\"font-size: 28px;\"><strong>Armaton 4000XF<\/strong> <\/span><\/h3>\n<p><span style=\"font-size: 18px;\"><span lang=\"EN-GB\">Un sistema de pilares optimizado que proporciona la m\u00e1xima carga \u00fatil para veh\u00edculos con una capacidad de carga de hasta 6000 kg. Los pilares son f\u00e1ciles de manejar, duraderos y ergon\u00f3micos, una excelente opci\u00f3n para aquellos que necesitan todas las ventajas de un pilar con flexibilidad y estabilidad a la hora de fijar cajas o cubiertas. Fabricado en aluminio anodizado, el producto est\u00e1 pr\u00e1cticamente libre de mantenimiento.\u00a0<\/span><\/span><\/p>\n<\/div>\n<\/div><\/div><\/div><div id=\"panel-w5e564cf9568ff-0-1-1\" class=\"so-panel widget widget_sow-button panel-last-child\" data-index=\"1\" ><div\n\t\t\t\n\t\t\tclass=\"so-widget-sow-button so-widget-sow-button-flat-d23e0acbfdd0\"\n\t\t\t\n\t\t><div class=\"ow-button-base ow-button-align-left\">\n\t<a\n\thref=\"https:\/\/www.armaton.com\/es\/armaton-4000xf\/\"\n\t\tclass=\"ow-icon-placement-left ow-button-hover\" \t>\n\t\t<span>\n\t\t\t\n\t\t\tLeer m\u00e1s &gt;\t\t<\/span>\n\t<\/a>\n<\/div>\n<\/div><\/div><\/div><div id=\"pgc-w5e564cf9568ff-0-2\"  class=\"panel-grid-cell panel-grid-cell-empty\" ><\/div><\/div><\/div><\/div><\/div><\/div><\/div><\/div><div id=\"pg-6003-3\"  class=\"panel-grid panel-has-style\" ><div class=\"siteorigin-panels-stretch panel-row-style panel-row-style-for-6003-3\" data-stretch-type=\"full-stretched\" ><div id=\"pgc-6003-3-0\"  class=\"panel-grid-cell panel-grid-cell-empty\" ><\/div><div id=\"pgc-6003-3-1\"  class=\"panel-grid-cell\" ><div id=\"panel-6003-3-1-0\" class=\"so-panel widget widget_sow-image panel-first-child panel-last-child\" data-index=\"4\" ><div\n\t\t\t\n\t\t\tclass=\"so-widget-sow-image so-widget-sow-image-default-dbf295114b96-6003\"\n\t\t\t\n\t\t>\n\n<div class=\"sow-image-container\">\n\t\t<img decoding=\"async\" src=\"https:\/\/www.armaton.com\/wp-content\/uploads\/sites\/14\/2019\/05\/Systems_puff_4-768x605.jpg\" width=\"768\" height=\"605\" srcset=\"https:\/\/www.armaton.com\/wp-content\/uploads\/sites\/14\/2019\/05\/Systems_puff_4-768x605.jpg 768w, https:\/\/www.armaton.com\/wp-content\/uploads\/sites\/14\/2019\/05\/Systems_puff_4-300x236.jpg 300w, https:\/\/www.armaton.com\/wp-content\/uploads\/sites\/14\/2019\/05\/Systems_puff_4-1024x807.jpg 1024w, https:\/\/www.armaton.com\/wp-content\/uploads\/sites\/14\/2019\/05\/Systems_puff_4-600x473.jpg 600w, https:\/\/www.armaton.com\/wp-content\/uploads\/sites\/14\/2019\/05\/Systems_puff_4.jpg 1282w\" sizes=\"auto, (max-width: 768px) 100vw, 768px\" alt=\"\" loading=\"lazy\" \t\tclass=\"so-widget-image\"\/>\n\t<\/div>\n\n<\/div><\/div><\/div><div id=\"pgc-6003-3-2\"  class=\"panel-grid-cell panel-grid-cell-empty\" ><\/div><div id=\"pgc-6003-3-3\"  class=\"panel-grid-cell\" ><div id=\"panel-6003-3-3-0\" class=\"so-panel widget widget_siteorigin-panels-builder panel-first-child panel-last-child\" data-index=\"5\" ><div class=\"panel-widget-style panel-widget-style-for-6003-3-3-0\" ><div id=\"pl-w5e564cf956ebb\"  class=\"panel-layout\" ><div id=\"pg-w5e564cf956ebb-0\"  class=\"panel-grid panel-no-style\" ><div id=\"pgc-w5e564cf956ebb-0-0\"  class=\"panel-grid-cell panel-grid-cell-empty\" ><\/div><div id=\"pgc-w5e564cf956ebb-0-1\"  class=\"panel-grid-cell panel-grid-cell-mobile-last\" ><div id=\"panel-w5e564cf956ebb-0-1-0\" class=\"so-panel widget widget_sow-editor panel-first-child\" data-index=\"0\" ><div class=\"panel-widget-style panel-widget-style-for-w5e564cf956ebb-0-1-0\" ><div\n\t\t\t\n\t\t\tclass=\"so-widget-sow-editor so-widget-sow-editor-base\"\n\t\t\t\n\t\t>\n<div class=\"siteorigin-widget-tinymce textwidget\">\n\t<p>&nbsp;<\/p>\n<h3><span style=\"color: #7d7d7d;\"><strong>Armaton 3000XF<\/strong><\/span><\/h3>\n<p><span style=\"color: #7d7d7d; font-size: 18px;\">Sistema optimizado con bloqueo que proporciona la m\u00e1xima carga \u00fatil para veh\u00edculos con una capadida de carga de hasta 6 toneladas. Los cierres son f\u00e1ciles de manejar, duraderos y ergon\u00f3micos.\u00a0<\/span><\/p>\n<\/div>\n<\/div><\/div><\/div><div id=\"panel-w5e564cf956ebb-0-1-1\" class=\"so-panel widget widget_sow-button panel-last-child\" data-index=\"1\" ><div\n\t\t\t\n\t\t\tclass=\"so-widget-sow-button so-widget-sow-button-flat-d23e0acbfdd0\"\n\t\t\t\n\t\t><div class=\"ow-button-base ow-button-align-left\">\n\t<a\n\thref=\"https:\/\/www.armaton.com\/es\/armaton-3000xf\/\"\n\t\tclass=\"ow-icon-placement-left ow-button-hover\" \t>\n\t\t<span>\n\t\t\t\n\t\t\tLeer m\u00e1s &gt;\t\t<\/span>\n\t<\/a>\n<\/div>\n<\/div><\/div><\/div><div id=\"pgc-w5e564cf956ebb-0-2\"  class=\"panel-grid-cell panel-grid-cell-empty\" ><\/div><\/div><\/div><\/div><\/div><\/div><\/div><\/div><\/div>","protected":false},"excerpt":{"rendered":"<p>Sistemas Armaton Los sistemas Armaton se caracterizan por un dise\u00f1o limpio, aerodin\u00e1mico y ligero. Calidad premium con ergonom\u00eda son varias de sus caracter\u00edsticas \u00fanicas. Armaton Modular Platform Kit Un producto ligero, funcional y de alta calidad que es f\u00e1cil y r\u00e1pido de montar. Fiable, seguro y c\u00f3modo de usar, capaz de mantener su propio valor [&hellip;]<\/p>\n","protected":false},"author":2,"featured_media":0,"parent":0,"menu_order":0,"comment_status":"closed","ping_status":"closed","template":"","meta":{"footnotes":""},"class_list":["post-6003","page","type-page","status-publish","hentry"],"yoast_head":"<!-- This site is optimized with the Yoast SEO plugin v20.4 - https:\/\/yoast.com\/wordpress\/plugins\/seo\/ -->\n<title>Sistemas Armaton - Armaton<\/title>\n<meta name=\"description\" content=\"Los sistemas Armaton se caracterizan por un dise\u00f1o limpio, aerodin\u00e1mico y ligero. Calidad premium con ergonom\u00eda son varias de sus caracter\u00edsticas \u00fanicas.\" \/>\n<meta name=\"robots\" content=\"index, follow, max-snippet:-1, max-image-preview:large, max-video-preview:-1\" \/>\n<link rel=\"canonical\" href=\"https:\/\/www.armaton.com\/es\/sistemas-armaton\/\" \/>\n<meta property=\"og:locale\" content=\"es_ES\" \/>\n<meta property=\"og:type\" content=\"article\" \/>\n<meta property=\"og:title\" content=\"Sistemas Armaton - Armaton\" \/>\n<meta property=\"og:description\" content=\"Los sistemas Armaton se caracterizan por un dise\u00f1o limpio, aerodin\u00e1mico y ligero. Calidad premium con ergonom\u00eda son varias de sus caracter\u00edsticas \u00fanicas.\" \/>\n<meta property=\"og:url\" content=\"https:\/\/www.armaton.com\/es\/sistemas-armaton\/\" \/>\n<meta property=\"og:site_name\" content=\"Armaton\" \/>\n<meta property=\"article:modified_time\" content=\"2023-04-25T13:47:10+00:00\" \/>\n<meta name=\"twitter:card\" content=\"summary_large_image\" \/>\n<meta name=\"twitter:label1\" content=\"Tiempo de lectura\" \/>\n\t<meta name=\"twitter:data1\" content=\"1 minuto\" \/>\n<script type=\"application\/ld+json\" class=\"yoast-schema-graph\">{\"@context\":\"https:\/\/schema.org\",\"@graph\":[{\"@type\":\"WebPage\",\"@id\":\"https:\/\/www.armaton.com\/es\/sistemas-armaton\/\",\"url\":\"https:\/\/www.armaton.com\/es\/sistemas-armaton\/\",\"name\":\"Sistemas Armaton - Armaton\",\"isPartOf\":{\"@id\":\"https:\/\/www.armaton.com\/#website\"},\"datePublished\":\"2020-02-25T08:16:27+00:00\",\"dateModified\":\"2023-04-25T13:47:10+00:00\",\"description\":\"Los sistemas Armaton se caracterizan por un dise\u00f1o limpio, aerodin\u00e1mico y ligero. Calidad premium con ergonom\u00eda son varias de sus caracter\u00edsticas \u00fanicas.\",\"breadcrumb\":{\"@id\":\"https:\/\/www.armaton.com\/es\/sistemas-armaton\/#breadcrumb\"},\"inLanguage\":\"es\",\"potentialAction\":[{\"@type\":\"ReadAction\",\"target\":[\"https:\/\/www.armaton.com\/es\/sistemas-armaton\/\"]}]},{\"@type\":\"BreadcrumbList\",\"@id\":\"https:\/\/www.armaton.com\/es\/sistemas-armaton\/#breadcrumb\",\"itemListElement\":[{\"@type\":\"ListItem\",\"position\":1,\"name\":\"Home\",\"item\":\"https:\/\/www.armaton.com\/es\/\"},{\"@type\":\"ListItem\",\"position\":2,\"name\":\"Sistemas Armaton\"}]},{\"@type\":\"WebSite\",\"@id\":\"https:\/\/www.armaton.com\/#website\",\"url\":\"https:\/\/www.armaton.com\/\",\"name\":\"Armaton\",\"description\":\"Armaton Solutions \u2013 Desire To Improve\",\"potentialAction\":[{\"@type\":\"SearchAction\",\"target\":{\"@type\":\"EntryPoint\",\"urlTemplate\":\"https:\/\/www.armaton.com\/?s={search_term_string}\"},\"query-input\":\"required name=search_term_string\"}],\"inLanguage\":\"es\"}]}<\/script>\n<!-- \/ Yoast SEO plugin. -->","yoast_head_json":{"title":"Sistemas Armaton - Armaton","description":"Los sistemas Armaton se caracterizan por un dise\u00f1o limpio, aerodin\u00e1mico y ligero. Calidad premium con ergonom\u00eda son varias de sus caracter\u00edsticas \u00fanicas.","robots":{"index":"index","follow":"follow","max-snippet":"max-snippet:-1","max-image-preview":"max-image-preview:large","max-video-preview":"max-video-preview:-1"},"canonical":"https:\/\/www.armaton.com\/es\/sistemas-armaton\/","og_locale":"es_ES","og_type":"article","og_title":"Sistemas Armaton - Armaton","og_description":"Los sistemas Armaton se caracterizan por un dise\u00f1o limpio, aerodin\u00e1mico y ligero. Calidad premium con ergonom\u00eda son varias de sus caracter\u00edsticas \u00fanicas.","og_url":"https:\/\/www.armaton.com\/es\/sistemas-armaton\/","og_site_name":"Armaton","article_modified_time":"2023-04-25T13:47:10+00:00","twitter_card":"summary_large_image","twitter_misc":{"Tiempo de lectura":"1 minuto"},"schema":{"@context":"https:\/\/schema.org","@graph":[{"@type":"WebPage","@id":"https:\/\/www.armaton.com\/es\/sistemas-armaton\/","url":"https:\/\/www.armaton.com\/es\/sistemas-armaton\/","name":"Sistemas Armaton - Armaton","isPartOf":{"@id":"https:\/\/www.armaton.com\/#website"},"datePublished":"2020-02-25T08:16:27+00:00","dateModified":"2023-04-25T13:47:10+00:00","description":"Los sistemas Armaton se caracterizan por un dise\u00f1o limpio, aerodin\u00e1mico y ligero. Calidad premium con ergonom\u00eda son varias de sus caracter\u00edsticas \u00fanicas.","breadcrumb":{"@id":"https:\/\/www.armaton.com\/es\/sistemas-armaton\/#breadcrumb"},"inLanguage":"es","potentialAction":[{"@type":"ReadAction","target":["https:\/\/www.armaton.com\/es\/sistemas-armaton\/"]}]},{"@type":"BreadcrumbList","@id":"https:\/\/www.armaton.com\/es\/sistemas-armaton\/#breadcrumb","itemListElement":[{"@type":"ListItem","position":1,"name":"Home","item":"https:\/\/www.armaton.com\/es\/"},{"@type":"ListItem","position":2,"name":"Sistemas Armaton"}]},{"@type":"WebSite","@id":"https:\/\/www.armaton.com\/#website","url":"https:\/\/www.armaton.com\/","name":"Armaton","description":"Armaton Solutions \u2013 Desire To Improve","potentialAction":[{"@type":"SearchAction","target":{"@type":"EntryPoint","urlTemplate":"https:\/\/www.armaton.com\/?s={search_term_string}"},"query-input":"required name=search_term_string"}],"inLanguage":"es"}]}},"_links":{"self":[{"href":"https:\/\/www.armaton.com\/es\/wp-json\/wp\/v2\/pages\/6003","targetHints":{"allow":["GET"]}}],"collection":[{"href":"https:\/\/www.armaton.com\/es\/wp-json\/wp\/v2\/pages"}],"about":[{"href":"https:\/\/www.armaton.com\/es\/wp-json\/wp\/v2\/types\/page"}],"author":[{"embeddable":true,"href":"https:\/\/www.armaton.com\/es\/wp-json\/wp\/v2\/users\/2"}],"replies":[{"embeddable":true,"href":"https:\/\/www.armaton.com\/es\/wp-json\/wp\/v2\/comments?post=6003"}],"version-history":[{"count":18,"href":"https:\/\/www.armaton.com\/es\/wp-json\/wp\/v2\/pages\/6003\/revisions"}],"predecessor-version":[{"id":12457,"href":"https:\/\/www.armaton.com\/es\/wp-json\/wp\/v2\/pages\/6003\/revisions\/12457"}],"wp:attachment":[{"href":"https:\/\/www.armaton.com\/es\/wp-json\/wp\/v2\/media?parent=6003"}],"curies":[{"name":"wp","href":"https:\/\/api.w.org\/{rel}","templated":true}]}}