{"id":6146,"date":"2020-02-25T14:08:26","date_gmt":"2020-02-25T14:08:26","guid":{"rendered":"https:\/\/www.armaton.com\/?page_id=6146"},"modified":"2025-09-15T09:43:57","modified_gmt":"2025-09-15T09:43:57","slug":"descargas","status":"publish","type":"page","link":"https:\/\/www.armaton.com\/es\/descargas\/","title":{"rendered":"Descargas"},"content":{"rendered":"<div id=\"pl-6146\"  class=\"panel-layout\" ><div id=\"pg-6146-0\"  class=\"panel-grid panel-has-style\" ><div class=\"siteorigin-panels-stretch panel-row-style panel-row-style-for-6146-0\" data-stretch-type=\"full-stretched\" ><div id=\"pgc-6146-0-0\"  class=\"panel-grid-cell panel-grid-cell-empty\" ><\/div><div id=\"pgc-6146-0-1\"  class=\"panel-grid-cell panel-grid-cell-mobile-last\" ><div id=\"panel-6146-0-1-0\" class=\"so-panel widget widget_siteorigin-panels-builder panel-first-child\" data-index=\"0\" ><div class=\"panel-widget-style panel-widget-style-for-6146-0-1-0\" ><div id=\"pl-w5e552ce305f54\"  class=\"panel-layout\" ><div id=\"pg-w5e552ce305f54-0\"  class=\"panel-grid panel-no-style\" ><div id=\"pgc-w5e552ce305f54-0-0\"  class=\"panel-grid-cell\" ><div id=\"panel-w5e552ce305f54-0-0-0\" class=\"so-panel widget widget_sow-editor panel-first-child panel-last-child\" data-index=\"0\" ><div\n\t\t\t\n\t\t\tclass=\"so-widget-sow-editor so-widget-sow-editor-base\"\n\t\t\t\n\t\t>\n<div class=\"siteorigin-widget-tinymce textwidget\">\n\t<p>&nbsp;<\/p>\n<h1>Descargas<\/h1>\n<p><span style=\"font-size: 18px;\">Descargue aqu\u00ed la infomaci\u00f3n del producto Armaton y las instrucciones de montaje.<\/span><\/p>\n<\/div>\n<\/div><\/div><\/div><\/div><\/div><\/div><\/div><div id=\"panel-6146-0-1-1\" class=\"so-panel widget widget_siteorigin-panels-builder panel-last-child\" data-index=\"1\" ><div class=\"panel-widget-style panel-widget-style-for-6146-0-1-1\" ><div id=\"pl-w68c7dfdd3939e\"  class=\"panel-layout\" ><div id=\"pg-w68c7dfdd3939e-0\"  class=\"panel-grid panel-no-style\" ><div id=\"pgc-w68c7dfdd3939e-0-0\"  class=\"panel-grid-cell\" ><div id=\"panel-w68c7dfdd3939e-0-0-0\" class=\"so-panel widget widget_sow-editor panel-first-child panel-last-child\" data-index=\"0\" ><div\n\t\t\t\n\t\t\tclass=\"so-widget-sow-editor so-widget-sow-editor-base\"\n\t\t\t\n\t\t>\n<div class=\"siteorigin-widget-tinymce textwidget\">\n\t<p>&nbsp;<\/p>\n<h3><strong>Infomaci\u00f3n del producto\u00a0<\/strong><\/h3>\n<ul>\n<li><span style=\"font-size: 18px\"><a href=\"https:\/\/forankra.bynder.com\/m\/5819e92eb873fde6\/original\/510810016_Armaton_4000XF_ENG.pdf\" target=\"_blank\" rel=\"noopener noreferrer\">Armaton 4000XF<\/a><\/span><\/li>\n<li><span style=\"font-size: 18px\"><a href=\"https:\/\/forankra.bynder.com\/m\/1631b081d096c4cf\/original\/510810014_Armaton_3000XF_ENG.pdf\" target=\"_blank\" rel=\"noopener noreferrer\">Armaton 3000XF<\/a><\/span><\/li>\n<li><span style=\"font-size: 18px\"><a href=\"https:\/\/forankra.bynder.com\/m\/1077fc33d13a39a1\/original\/510810019_Armaton_Profiles_Attachments_ENG.pdf\" target=\"_blank\" rel=\"noopener noreferrer\">Perfiles y Accesorios<\/a><\/span><\/li>\n<li><span style=\"font-size: 18px\"><a href=\"http:\/\/forankra.sites.zc.zitac.net\/A\/Forankra+Mediabank\/3179?encoding=UTF-8\" target=\"_blank\" rel=\"noopener noreferrer\">Repuestos - Armaton 4000XF y 3000XF<\/a><\/span><\/li>\n<li><a href=\"https:\/\/forankra.bynder.com\/m\/5b88f93702ba55d6\/original\/Armaton-MP-OneStep_ENG.pdf\" target=\"_blank\" rel=\"noopener\"><span style=\"font-size: 18px\">Armaton MP OneStep<\/span><\/a><\/li>\n<li><a href=\"https:\/\/forankra.bynder.com\/m\/699798b2cd2a06b3\/original\/Armaton-MP-LongGoods_ENG.pdf\" target=\"_blank\" rel=\"noopener\"><span style=\"font-size: 18px\">Armaton MP LongGoods<\/span><\/a><\/li>\n<\/ul>\n<p>&nbsp;<\/p>\n<p>&nbsp;<\/p>\n<\/div>\n<\/div><\/div><\/div><div id=\"pgc-w68c7dfdd3939e-0-1\"  class=\"panel-grid-cell\" ><div id=\"panel-w68c7dfdd3939e-0-1-0\" class=\"so-panel widget widget_sow-editor panel-first-child panel-last-child\" data-index=\"1\" ><div\n\t\t\t\n\t\t\tclass=\"so-widget-sow-editor so-widget-sow-editor-base\"\n\t\t\t\n\t\t>\n<div class=\"siteorigin-widget-tinymce textwidget\">\n\t<p>&nbsp;<\/p>\n<h3><strong>Instrucciones de montaje<\/strong><\/h3>\n<ul>\n<li><span style=\"font-size: 18px;\"><a href=\"https:\/\/forankra.bynder.com\/m\/62f9aebdbd34c412\/original\/510810017_Mount_Instr_4000XF.pdf\" target=\"_blank\" rel=\"noopener noreferrer\">Armaton 4000XF \u2013 Montaje<\/a><\/span><\/li>\n<li><a href=\"https:\/\/forankra.bynder.com\/m\/4d8bccaf41ce8237\/original\/510810015_Mount_Instr_3000XF.pdf\" target=\"_blank\" rel=\"noopener\"><span style=\"font-size: 18px;\">Armaton 3000XF \u2013 Montaje<\/span><\/a><\/li>\n<li><a href=\"https:\/\/forankra.bynder.com\/m\/6b36641494ee4934\/original\/510810018_Mount_Instr_Handle_replacement.pdf\" target=\"_blank\" rel=\"noopener\"><span style=\"font-size: 18px;\">Maneta de repuesto- Armaton 4000XF y 3000XF \u2013 Montaje<\/span><\/a><\/li>\n<li><a href=\"https:\/\/forankra.bynder.com\/m\/1d3e45619fea19a0\/original\/510810011_Mount_Instr_Modular_Platform.pdf\" target=\"_blank\" rel=\"noopener\"><span style=\"font-size: 18px;\">Armaton Modular Platform Kit \u2013 Montaje<\/span><\/a><\/li>\n<li><a href=\"https:\/\/forankra.bynder.com\/m\/1d1a2f7d984004ba\/original\/510810026_Mount_Instr_Rear_Dropside_Support.pdf\" target=\"_blank\" rel=\"noopener\"><span style=\"font-size: 18px;\">Armaton Rear Dropside Support \u2013 Montaje<\/span><\/a><\/li>\n<li><a href=\"http:\/\/forankra.sites.zc.zitac.net\/A\/Forankra+Mediabank\/20810?encoding=UTF-8\" target=\"_blank\" rel=\"noopener\"><span style=\"font-size: 18px;\">Armaton MP OneStep \u2013 Montaje<\/span><\/a><\/li>\n<\/ul>\n<\/div>\n<\/div><\/div><\/div><div id=\"pgc-w68c7dfdd3939e-0-2\"  class=\"panel-grid-cell\" ><div id=\"panel-w68c7dfdd3939e-0-2-0\" class=\"so-panel widget widget_sow-editor panel-first-child panel-last-child\" data-index=\"2\" ><div\n\t\t\t\n\t\t\tclass=\"so-widget-sow-editor so-widget-sow-editor-base\"\n\t\t\t\n\t\t>\n<div class=\"siteorigin-widget-tinymce textwidget\">\n\t<p>&nbsp;<\/p>\n<h3 style=\"text-align: left;\"><strong><span lang=\"EN-US\"><strong>\u00a0<\/strong><\/span><\/strong><strong><span lang=\"EN-US\">\u00a1Pida su plataforma modular aqu\u00ed!<\/span><\/strong><\/h3>\n<p style=\"text-align: left;\"><span style=\"font-size: 16px;\">Si desea realizar un pedido o desea que le enviemos una oferta para el Kit de Plataforma Modular, pro favor, descargue y rellene el siguiente formulario y env\u00edelo a la persona de contacto que aparece en la parte inferior del documento.<\/span><\/p>\n<p><a href=\"https:\/\/forankra.bynder.com\/m\/5a1a7fd23b9c811\/original\/Inquiry-and-order-form-Armaton-Modular-Platform-Kit.pdf\" target=\"_blank\" rel=\"noopener noreferrer\"><span style=\"font-size: 18px;\">Formulario de pedido - Armaton Kit de Plataforma Modular<\/span><\/a><\/p>\n<\/div>\n<\/div><\/div><\/div><\/div><\/div><\/div><\/div><\/div><div id=\"pgc-6146-0-2\"  class=\"panel-grid-cell panel-grid-cell-empty\" ><\/div><\/div><\/div><div id=\"pg-6146-1\"  class=\"panel-grid panel-has-style\" ><div class=\"siteorigin-panels-stretch panel-row-style panel-row-style-for-6146-1\" data-stretch-type=\"full\" ><div id=\"pgc-6146-1-0\"  class=\"panel-grid-cell panel-grid-cell-empty\" ><\/div><div id=\"pgc-6146-1-1\"  class=\"panel-grid-cell panel-grid-cell-empty panel-grid-cell-mobile-last\" ><\/div><div id=\"pgc-6146-1-2\"  class=\"panel-grid-cell panel-grid-cell-empty\" ><\/div><\/div><\/div><\/div>","protected":false},"excerpt":{"rendered":"<p>&nbsp; Descargas Descargue aqu\u00ed la infomaci\u00f3n del producto Armaton y las instrucciones de montaje. &nbsp; Infomaci\u00f3n del producto\u00a0 Armaton 4000XF Armaton 3000XF Perfiles y Accesorios Repuestos &#8211; Armaton 4000XF y 3000XF Armaton MP OneStep Armaton MP LongGoods &nbsp; &nbsp; &nbsp; Instrucciones de montaje Armaton 4000XF \u2013 Montaje Armaton 3000XF \u2013 Montaje Maneta de repuesto- Armaton [&hellip;]<\/p>\n","protected":false},"author":2,"featured_media":0,"parent":0,"menu_order":0,"comment_status":"closed","ping_status":"closed","template":"","meta":{"footnotes":""},"class_list":["post-6146","page","type-page","status-publish","hentry"],"yoast_head":"<!-- This site is optimized with the Yoast SEO plugin v20.4 - https:\/\/yoast.com\/wordpress\/plugins\/seo\/ -->\n<title>Descargas - Armaton<\/title>\n<meta name=\"description\" content=\"Descargue aqu\u00ed la infomaci\u00f3n del producto Armaton y las instrucciones de montaje.\" \/>\n<meta name=\"robots\" content=\"index, follow, max-snippet:-1, max-image-preview:large, max-video-preview:-1\" \/>\n<link rel=\"canonical\" href=\"https:\/\/www.armaton.com\/es\/descargas\/\" \/>\n<meta property=\"og:locale\" content=\"es_ES\" \/>\n<meta property=\"og:type\" content=\"article\" \/>\n<meta property=\"og:title\" content=\"Descargas - Armaton\" \/>\n<meta property=\"og:description\" content=\"Descargue aqu\u00ed la infomaci\u00f3n del producto Armaton y las instrucciones de montaje.\" \/>\n<meta property=\"og:url\" content=\"https:\/\/www.armaton.com\/es\/descargas\/\" \/>\n<meta property=\"og:site_name\" content=\"Armaton\" \/>\n<meta property=\"article:modified_time\" content=\"2025-09-15T09:43:57+00:00\" \/>\n<meta name=\"twitter:card\" content=\"summary_large_image\" \/>\n<meta name=\"twitter:label1\" content=\"Tiempo de lectura\" \/>\n\t<meta name=\"twitter:data1\" content=\"1 minuto\" \/>\n<script type=\"application\/ld+json\" class=\"yoast-schema-graph\">{\"@context\":\"https:\/\/schema.org\",\"@graph\":[{\"@type\":\"WebPage\",\"@id\":\"https:\/\/www.armaton.com\/es\/descargas\/\",\"url\":\"https:\/\/www.armaton.com\/es\/descargas\/\",\"name\":\"Descargas - Armaton\",\"isPartOf\":{\"@id\":\"https:\/\/www.armaton.com\/#website\"},\"datePublished\":\"2020-02-25T14:08:26+00:00\",\"dateModified\":\"2025-09-15T09:43:57+00:00\",\"description\":\"Descargue aqu\u00ed la infomaci\u00f3n del producto Armaton y las instrucciones de montaje.\",\"breadcrumb\":{\"@id\":\"https:\/\/www.armaton.com\/es\/descargas\/#breadcrumb\"},\"inLanguage\":\"es\",\"potentialAction\":[{\"@type\":\"ReadAction\",\"target\":[\"https:\/\/www.armaton.com\/es\/descargas\/\"]}]},{\"@type\":\"BreadcrumbList\",\"@id\":\"https:\/\/www.armaton.com\/es\/descargas\/#breadcrumb\",\"itemListElement\":[{\"@type\":\"ListItem\",\"position\":1,\"name\":\"Home\",\"item\":\"https:\/\/www.armaton.com\/es\/\"},{\"@type\":\"ListItem\",\"position\":2,\"name\":\"Descargas\"}]},{\"@type\":\"WebSite\",\"@id\":\"https:\/\/www.armaton.com\/#website\",\"url\":\"https:\/\/www.armaton.com\/\",\"name\":\"Armaton\",\"description\":\"Armaton Solutions \u2013 Desire To Improve\",\"potentialAction\":[{\"@type\":\"SearchAction\",\"target\":{\"@type\":\"EntryPoint\",\"urlTemplate\":\"https:\/\/www.armaton.com\/?s={search_term_string}\"},\"query-input\":\"required name=search_term_string\"}],\"inLanguage\":\"es\"}]}<\/script>\n<!-- \/ Yoast SEO plugin. -->","yoast_head_json":{"title":"Descargas - Armaton","description":"Descargue aqu\u00ed la infomaci\u00f3n del producto Armaton y las instrucciones de montaje.","robots":{"index":"index","follow":"follow","max-snippet":"max-snippet:-1","max-image-preview":"max-image-preview:large","max-video-preview":"max-video-preview:-1"},"canonical":"https:\/\/www.armaton.com\/es\/descargas\/","og_locale":"es_ES","og_type":"article","og_title":"Descargas - Armaton","og_description":"Descargue aqu\u00ed la infomaci\u00f3n del producto Armaton y las instrucciones de montaje.","og_url":"https:\/\/www.armaton.com\/es\/descargas\/","og_site_name":"Armaton","article_modified_time":"2025-09-15T09:43:57+00:00","twitter_card":"summary_large_image","twitter_misc":{"Tiempo de lectura":"1 minuto"},"schema":{"@context":"https:\/\/schema.org","@graph":[{"@type":"WebPage","@id":"https:\/\/www.armaton.com\/es\/descargas\/","url":"https:\/\/www.armaton.com\/es\/descargas\/","name":"Descargas - Armaton","isPartOf":{"@id":"https:\/\/www.armaton.com\/#website"},"datePublished":"2020-02-25T14:08:26+00:00","dateModified":"2025-09-15T09:43:57+00:00","description":"Descargue aqu\u00ed la infomaci\u00f3n del producto Armaton y las instrucciones de montaje.","breadcrumb":{"@id":"https:\/\/www.armaton.com\/es\/descargas\/#breadcrumb"},"inLanguage":"es","potentialAction":[{"@type":"ReadAction","target":["https:\/\/www.armaton.com\/es\/descargas\/"]}]},{"@type":"BreadcrumbList","@id":"https:\/\/www.armaton.com\/es\/descargas\/#breadcrumb","itemListElement":[{"@type":"ListItem","position":1,"name":"Home","item":"https:\/\/www.armaton.com\/es\/"},{"@type":"ListItem","position":2,"name":"Descargas"}]},{"@type":"WebSite","@id":"https:\/\/www.armaton.com\/#website","url":"https:\/\/www.armaton.com\/","name":"Armaton","description":"Armaton Solutions \u2013 Desire To Improve","potentialAction":[{"@type":"SearchAction","target":{"@type":"EntryPoint","urlTemplate":"https:\/\/www.armaton.com\/?s={search_term_string}"},"query-input":"required name=search_term_string"}],"inLanguage":"es"}]}},"_links":{"self":[{"href":"https:\/\/www.armaton.com\/es\/wp-json\/wp\/v2\/pages\/6146","targetHints":{"allow":["GET"]}}],"collection":[{"href":"https:\/\/www.armaton.com\/es\/wp-json\/wp\/v2\/pages"}],"about":[{"href":"https:\/\/www.armaton.com\/es\/wp-json\/wp\/v2\/types\/page"}],"author":[{"embeddable":true,"href":"https:\/\/www.armaton.com\/es\/wp-json\/wp\/v2\/users\/2"}],"replies":[{"embeddable":true,"href":"https:\/\/www.armaton.com\/es\/wp-json\/wp\/v2\/comments?post=6146"}],"version-history":[{"count":39,"href":"https:\/\/www.armaton.com\/es\/wp-json\/wp\/v2\/pages\/6146\/revisions"}],"predecessor-version":[{"id":14041,"href":"https:\/\/www.armaton.com\/es\/wp-json\/wp\/v2\/pages\/6146\/revisions\/14041"}],"wp:attachment":[{"href":"https:\/\/www.armaton.com\/es\/wp-json\/wp\/v2\/media?parent=6146"}],"curies":[{"name":"wp","href":"https:\/\/api.w.org\/{rel}","templated":true}]}}