{"id":6171,"date":"2020-02-25T14:49:32","date_gmt":"2020-02-25T14:49:32","guid":{"rendered":"https:\/\/www.armaton.com\/?page_id=6171"},"modified":"2026-04-28T11:47:39","modified_gmt":"2026-04-28T11:47:39","slug":"contactenos","status":"publish","type":"page","link":"https:\/\/www.armaton.com\/es\/contactenos\/","title":{"rendered":"Cont\u00e1ctenos"},"content":{"rendered":"<div id=\"pl-6171\"  class=\"panel-layout\" ><div id=\"pg-6171-0\"  class=\"panel-grid panel-has-style\" ><div class=\"siteorigin-panels-stretch panel-row-style panel-row-style-for-6171-0\" data-stretch-type=\"full-stretched\" ><div id=\"pgc-6171-0-0\"  class=\"panel-grid-cell panel-grid-cell-empty\" ><\/div><div id=\"pgc-6171-0-1\"  class=\"panel-grid-cell\" ><div id=\"panel-6171-0-1-0\" class=\"so-panel widget widget_sow-editor panel-first-child panel-last-child\" data-index=\"0\" ><div class=\"panel-widget-style panel-widget-style-for-6171-0-1-0\" ><div\n\t\t\t\n\t\t\tclass=\"so-widget-sow-editor so-widget-sow-editor-base\"\n\t\t\t\n\t\t>\n<div class=\"siteorigin-widget-tinymce textwidget\">\n\t<h1><span style=\"color: #ffffff;\">Cont\u00e1ctenos<\/span><\/h1>\n<\/div>\n<\/div><\/div><\/div><\/div><\/div><\/div><div id=\"pg-6171-1\"  class=\"panel-grid panel-has-style\" ><div class=\"siteorigin-panels-stretch panel-row-style panel-row-style-for-6171-1\" data-stretch-type=\"full-stretched\" ><div id=\"pgc-6171-1-0\"  class=\"panel-grid-cell panel-grid-cell-empty\" ><\/div><div id=\"pgc-6171-1-1\"  class=\"panel-grid-cell panel-grid-cell-mobile-last\" ><div id=\"panel-6171-1-1-0\" class=\"so-panel widget widget_sow-editor panel-first-child\" data-index=\"1\" ><div class=\"panel-widget-style panel-widget-style-for-6171-1-1-0\" ><div\n\t\t\t\n\t\t\tclass=\"so-widget-sow-editor so-widget-sow-editor-base\"\n\t\t\t\n\t\t>\n<div class=\"siteorigin-widget-tinymce textwidget\">\n\t<h3><strong>Partners\u00a0<\/strong><\/h3>\n<p><span style=\"font-size: 18px;\">Armaton es una marca de Forankra AB con oficinas en la ciudad Sueca de V\u00e5rg\u00e5rda. Puede encontrar su distribuidor a continuaci\u00f3n.<\/span><\/p>\n<p><span style=\"font-size: 18px;\">Si falta informaci\u00f3n de contacto para su mercado, p\u00f3ngase en contacto con Forankra AB, Suecia.<\/span><\/p>\n<\/div>\n<\/div><\/div><\/div><div id=\"panel-6171-1-1-1\" class=\"so-panel widget widget_sow-editor\" data-index=\"2\" ><div class=\"panel-widget-style panel-widget-style-for-6171-1-1-1\" ><div\n\t\t\t\n\t\t\tclass=\"so-widget-sow-editor so-widget-sow-editor-base\"\n\t\t\t\n\t\t>\n<div class=\"siteorigin-widget-tinymce textwidget\">\n\t<h3><strong>Piezas de repuesto<\/strong><\/h3>\n<p><span style=\"font-size: 18px;\">Armaton suministra productos a carroceros en Europa. Si necesita piezas de repuesto para los sistemas producidos por estos, por favor p\u00f3ngase en contacto con el carrocero para aseguar el suministro de la pieza correcta.<\/span><\/p>\n<p><span style=\"font-size: 18px;\">Como identificar al carrocero:<\/span><\/p>\n<ol>\n<li><span style=\"font-size: 18px;\">La informaci\u00f3n sobre el fabricante se encuentra normalmente en una placa en la parte posterior de la pared frontal.<\/span><\/li>\n<li><span style=\"font-size: 18px;\">Si falta informaci\u00f3n de contacto para su mercado, p\u00f3ngase en contacto con Forankra AB, Suecia.\u00a0<\/span><\/li>\n<li><span style=\"font-size: 18px;\">Para facilitar la identificaci\u00f3n, adjunte una fotograf\u00eda.<\/span><\/li>\n<\/ol>\n<\/div>\n<\/div><\/div><\/div><div id=\"panel-6171-1-1-2\" class=\"so-panel widget widget_sow-image panel-last-child\" data-index=\"3\" ><div\n\t\t\t\n\t\t\tclass=\"so-widget-sow-image so-widget-sow-image-default-8b5b6f678277-6171\"\n\t\t\t\n\t\t>\n\n<div class=\"sow-image-container\">\n\t\t<img decoding=\"async\" src=\"https:\/\/www.armaton.com\/wp-content\/uploads\/sites\/14\/2019\/08\/IDplate1000x331.jpg\" width=\"1000\" height=\"331\" srcset=\"https:\/\/www.armaton.com\/wp-content\/uploads\/sites\/14\/2019\/08\/IDplate1000x331.jpg 1000w, https:\/\/www.armaton.com\/wp-content\/uploads\/sites\/14\/2019\/08\/IDplate1000x331-300x99.jpg 300w, https:\/\/www.armaton.com\/wp-content\/uploads\/sites\/14\/2019\/08\/IDplate1000x331-768x254.jpg 768w, https:\/\/www.armaton.com\/wp-content\/uploads\/sites\/14\/2019\/08\/IDplate1000x331-600x199.jpg 600w\" sizes=\"auto, (max-width: 1000px) 100vw, 1000px\" title=\"IDplate,1000&#215;331\" alt=\"\" loading=\"lazy\" \t\tclass=\"so-widget-image\"\/>\n\t<\/div>\n\n<\/div><\/div><\/div><div id=\"pgc-6171-1-2\"  class=\"panel-grid-cell panel-grid-cell-empty\" ><\/div><\/div><\/div><div id=\"pg-6171-2\"  class=\"panel-grid panel-has-style\" ><div class=\"siteorigin-panels-stretch panel-row-style panel-row-style-for-6171-2\" data-stretch-type=\"full-stretched\" ><div id=\"pgc-6171-2-0\"  class=\"panel-grid-cell panel-grid-cell-empty\" ><\/div><div id=\"pgc-6171-2-1\"  class=\"panel-grid-cell panel-grid-cell-mobile-last\" ><div id=\"panel-6171-2-1-0\" class=\"so-panel widget widget_sow-editor panel-first-child panel-last-child\" data-index=\"4\" ><div class=\"panel-widget-style panel-widget-style-for-6171-2-1-0\" ><div\n\t\t\t\n\t\t\tclass=\"so-widget-sow-editor so-widget-sow-editor-base\"\n\t\t\t\n\t\t>\n<div class=\"siteorigin-widget-tinymce textwidget\">\n\t<p>____________________________________________________________________________________________________________________________________________________________________________<\/p>\n<p>&nbsp;<\/p>\n<h2><strong>Nuestros partners\u00a0<\/strong><\/h2>\n<\/div>\n<\/div><\/div><\/div><\/div><div id=\"pgc-6171-2-2\"  class=\"panel-grid-cell panel-grid-cell-empty\" ><\/div><\/div><\/div><div id=\"pg-6171-3\"  class=\"panel-grid panel-has-style\" ><div class=\"siteorigin-panels-stretch panel-row-style panel-row-style-for-6171-3\" data-stretch-type=\"full-stretched\" ><div id=\"pgc-6171-3-0\"  class=\"panel-grid-cell panel-grid-cell-empty\" ><\/div><div id=\"pgc-6171-3-1\"  class=\"panel-grid-cell\" ><div id=\"panel-6171-3-1-0\" class=\"so-panel widget widget_sow-editor panel-first-child\" data-index=\"5\" ><div class=\"panel-widget-style panel-widget-style-for-6171-3-1-0\" ><div\n\t\t\t\n\t\t\tclass=\"so-widget-sow-editor so-widget-sow-editor-base\"\n\t\t\t\n\t\t>\n<div class=\"siteorigin-widget-tinymce textwidget\">\n\t<h3><strong>Suecia<\/strong><\/h3>\n<p><span style=\"font-size: 21px;\"><strong>Forankra AB<\/strong><\/span><br \/>\n<span style=\"font-size: 18px;\">Verkstadsgatan 2<\/span><br \/>\n<span style=\"font-size: 18px;\">447 37 V\u00e5rg\u00e5rda<\/span><br \/>\n<span style=\"font-size: 18px;\"><span lang=\"EN-US\">Tel: +46 322 66 78 00<br \/>\n<\/span><span lang=\"EN-US\"><a href=\"mailto:info@forankra.se\">info@forankra.se<\/a><br \/>\n<\/span><span lang=\"EN-US\"><a href=\"https:\/\/www.forankra.se\/en\/contact-us\/sales-contacts\/\" target=\"_blank\" rel=\"noopener noreferrer\">www.forankra.se<\/a><\/span><\/span><span lang=\"EN-US\"><span style=\"color: #000000;\"><br \/>\n<\/span><\/span><\/p>\n<p>&nbsp;<\/p>\n<\/div>\n<\/div><\/div><\/div><div id=\"panel-6171-3-1-1\" class=\"so-panel widget widget_sow-editor\" data-index=\"6\" ><div class=\"panel-widget-style panel-widget-style-for-6171-3-1-1\" ><div\n\t\t\t\n\t\t\tclass=\"so-widget-sow-editor so-widget-sow-editor-base\"\n\t\t\t\n\t\t>\n<div class=\"siteorigin-widget-tinymce textwidget\">\n\t<h3><strong><span lang=\"EN-US\">Polonia<\/span><\/strong><\/h3>\n<p><strong><span style=\"color: #7d7d7d;\"><span style=\"font-size: 21px;\">Forankra Pol Sp. z o.o.<\/span><br \/>\n<\/span><\/strong><span style=\"font-size: 18px;\">ul. Lubczy\u0144ska 6c<\/span><br \/>\n<span style=\"font-size: 18px;\">70-895 Szczecin<span style=\"color: #7d7d7d;\"><br \/>\n<\/span><span style=\"color: #7d7d7d;\">Tel.+48 91 418 25 91\u00a0<\/span><span style=\"color: #7d7d7d;\"><br \/>\n<\/span><span style=\"color: #7d7d7d;\"><a href=\"mailto:office@forankra.pl\"><span lang=\"EN-US\">office@forankra.pl<\/span><\/a><a><span lang=\"EN-US\"><br \/>\n<\/span><\/a><\/span><span lang=\"EN-US\"><span style=\"color: #7d7d7d;\"><a href=\"https:\/\/www.forankra.pl\/kontakt\/\" target=\"_blank\" rel=\"noopener noreferrer\">www.forankra.pl<\/a><\/span><\/span><\/span><\/p>\n<\/div>\n<\/div><\/div><\/div><div id=\"panel-6171-3-1-2\" class=\"so-panel widget widget_sow-editor panel-last-child\" data-index=\"7\" ><div class=\"panel-widget-style panel-widget-style-for-6171-3-1-2\" ><div\n\t\t\t\n\t\t\tclass=\"so-widget-sow-editor so-widget-sow-editor-base\"\n\t\t\t\n\t\t>\n<div class=\"siteorigin-widget-tinymce textwidget\">\n\t<p>&nbsp;<br \/>\n&nbsp;<\/p>\n<h3><strong>Pa\u00edses Bajos<\/strong><\/h3>\n<p><span style=\"font-size: 21px;\"><strong>Verstappen Metaal &amp; Carrosseriebouw B.V.\u00a0<\/strong><\/span><br \/>\n<span style=\"font-size: 18px;\">Dukaat 4\u00a0<\/span><br \/>\n<span style=\"font-size: 18px;\">5751 PW Deurne\u00a0\u00a0\u00a0\u00a0\u00a0\u00a0\u00a0\u00a0<\/span><br \/>\n<span style=\"font-size: 18px;\"><span lang=\"EN-US\">Tel: +31 493311888<br \/>\n<\/span><span lang=\"EN-US\"><a href=\"mailto:info@verstappenmetaal.nl\" target=\"_blank\" rel=\"noopener\">info@verstappenmetaal.nl<\/a><br \/>\n<\/span><span lang=\"EN-US\"><a href=\"https:\/\/www.verstappenmetaal.nl\/\" target=\"_blank\" rel=\"noopener noreferrer\">www.verstappenmetaal.nl<\/a><\/span><\/span><span lang=\"EN-US\"><span style=\"color: #000000;\"><br \/>\n<\/span><\/span><\/p>\n<p>&nbsp;<\/p>\n<\/div>\n<\/div><\/div><\/div><\/div><div id=\"pgc-6171-3-2\"  class=\"panel-grid-cell\" ><div id=\"panel-6171-3-2-0\" class=\"so-panel widget widget_sow-editor panel-first-child\" data-index=\"8\" ><div class=\"panel-widget-style panel-widget-style-for-6171-3-2-0\" ><div\n\t\t\t\n\t\t\tclass=\"so-widget-sow-editor so-widget-sow-editor-base\"\n\t\t\t\n\t\t>\n<div class=\"siteorigin-widget-tinymce textwidget\">\n\t<h3><strong>Finlandia<\/strong><\/h3>\n<p><span style=\"font-size: 18px\"><strong><span style=\"color: #7d7d7d\"><span style=\"font-size: 21px\">TMT Widni Oy<\/span><br \/>\n<\/span><\/strong><span style=\"color: #7d7d7d\">Vanhatie 16<br \/>\n<\/span><span style=\"color: #7d7d7d\">15210 LAHTI<br \/>\n<\/span><span style=\"color: #7d7d7d\">Tel. +358 3 882 0500<br \/>\n<a href=\"mailto:info@tmt.fi\">info@tmtwidni.fi<\/a><\/span><\/span><br \/>\n<span style=\"font-size: 18px\"><a href=\"https:\/\/www.tmt.fi\/cms\/en\/tmt-malinen-oy\/contact\" target=\"_blank\" rel=\"noopener\">www.tmtwidni.fi<\/a><\/span><\/p>\n<p>&nbsp;<\/p>\n<p>&nbsp;<\/p>\n<\/div>\n<\/div><\/div><\/div><div id=\"panel-6171-3-2-1\" class=\"so-panel widget widget_sow-editor panel-last-child\" data-index=\"9\" ><div class=\"panel-widget-style panel-widget-style-for-6171-3-2-1\" ><div\n\t\t\t\n\t\t\tclass=\"so-widget-sow-editor so-widget-sow-editor-base\"\n\t\t\t\n\t\t>\n<div class=\"siteorigin-widget-tinymce textwidget\">\n\t<h3><strong><span lang=\"EN-US\">Espa\u00f1a<\/span><\/strong><\/h3>\n<p><span style=\"color: #7d7d7d;\"><span style=\"font-size: 21px;\"><strong>Forankra Espa<span style=\"margin: 0px; line-height: 107%; font-family: 'Calibri',sans-serif;\">\u00f1<\/span>a, S.L.U.<\/strong><\/span><br \/>\n<\/span><span style=\"font-size: 18px;\"><span style=\"color: #7d7d7d;\">Av.Universidad Aut\u00f3noma,15<br \/>\nParque Tecnol\u00f3gico del Vall\u00e9s<br \/>\n<\/span><span style=\"color: #7d7d7d;\">08290 - Cerdanyola del Vall\u00e9s<br \/>\n<\/span><span style=\"color: #7d7d7d;\">Barcelona<br \/>\nTel.<\/span><span style=\"color: #7d7d7d;\"> +34 93 580 06 60\u00a0<\/span><span lang=\"EN-US\"><span style=\"color: #7d7d7d;\"><br \/>\n<\/span><\/span><span style=\"color: #7d7d7d;\"><a href=\"mailto:info@forankra.es\"><span lang=\"EN-US\">info@forankra.es<\/span><\/a><a><span lang=\"EN-US\"><br \/>\n<\/span><\/a><\/span><a href=\"https:\/\/www.forankra.es\/contacto-general\/\" target=\"_blank\" rel=\"noopener noreferrer\">www.forankra.es<\/a><\/span><\/p>\n<\/div>\n<\/div><\/div><\/div><\/div><div id=\"pgc-6171-3-3\"  class=\"panel-grid-cell panel-grid-cell-mobile-last\" ><div id=\"panel-6171-3-3-0\" class=\"so-panel widget widget_sow-editor panel-first-child\" data-index=\"10\" ><div class=\"panel-widget-style panel-widget-style-for-6171-3-3-0\" ><div\n\t\t\t\n\t\t\tclass=\"so-widget-sow-editor so-widget-sow-editor-base\"\n\t\t\t\n\t\t>\n<div class=\"siteorigin-widget-tinymce textwidget\">\n\t<h3><strong>Francia<\/strong><\/h3>\n<p><span style=\"font-size: 18px;\"><span style=\"color: #7d7d7d;\"><span style=\"font-size: 21px;\"><strong>Forankra ACK SAS<\/strong><\/span><br \/>\n<\/span><span style=\"color: #7d7d7d;\">8 rue J. de Vaucanson<br \/>\nZA de la Pesseli\u00e8re<br \/>\n69780 MIONS - LYON<br \/>\nTel.<\/span><span lang=\"EN-US\"><span style=\"color: #7d7d7d;\"> +33 4 72 45 01 20\u00a0<\/span><\/span><span lang=\"EN-US\"><span style=\"color: #7d7d7d;\"><br \/>\n<\/span><\/span><\/span><span lang=\"EN-US\"><span style=\"color: #7d7d7d;\"><span style=\"font-size: 18px;\"><a href=\"mailto:info@forankra.fr\"> info@forankra.fr<\/a><\/span><br \/>\n<span style=\"font-size: 18px;\"><a href=\"https:\/\/www.forankra.fr\/contact-us\/\" target=\"_blank\" rel=\"noopener noreferrer\">www.forankra.fr<\/a><\/span><br \/>\n<\/span><\/span><\/p>\n<\/div>\n<\/div><\/div><\/div><div id=\"panel-6171-3-3-1\" class=\"so-panel widget widget_sow-editor panel-last-child\" data-index=\"11\" ><div class=\"panel-widget-style panel-widget-style-for-6171-3-3-1\" ><div\n\t\t\t\n\t\t\tclass=\"so-widget-sow-editor so-widget-sow-editor-base\"\n\t\t\t\n\t\t>\n<div class=\"siteorigin-widget-tinymce textwidget\">\n\t<h3><strong>Alemania<\/strong><\/h3>\n<p><span style=\"font-size: 18px;\"><span style=\"color: #7d7d7d;\"><span style=\"font-size: 21px;\"><strong>J\u00f6rg De Bondt Fahrzeugaufbauten<\/strong><\/span><br \/>\n<\/span><span style=\"color: #7d7d7d;\">Ahlener Stra\u00dfe 172<br \/>\n59073 HAMM<br \/>\nTel.<\/span><span lang=\"EN-US\"><span style=\"color: #7d7d7d;\"> +49 2381 97 224 0\u00a0<\/span><\/span><span lang=\"EN-US\"><span style=\"color: #7d7d7d;\"><br \/>\n<\/span><\/span><\/span><span lang=\"EN-US\"><span style=\"color: #7d7d7d;\"><span style=\"font-size: 18px;\"><a href=\"mailto:mail@fahrzeugaufbauten.info\"> mail@fahrzeugaufbauten.info<\/a><\/span><br \/>\n<span style=\"font-size: 18px;\"><a href=\"http:\/\/www.fahrzeugaufbauten.info\" target=\"_blank\" rel=\"noopener\">www.fahrzeugaufbauten.info<\/a><\/span><br \/>\n<\/span><\/span><\/p>\n<\/div>\n<\/div><\/div><\/div><\/div><div id=\"pgc-6171-3-4\"  class=\"panel-grid-cell panel-grid-cell-empty\" ><\/div><\/div><\/div><div id=\"pg-6171-4\"  class=\"panel-grid panel-has-style\" ><div class=\"siteorigin-panels-stretch panel-row-style panel-row-style-for-6171-4\" data-stretch-type=\"full-stretched\" ><div id=\"pgc-6171-4-0\"  class=\"panel-grid-cell panel-grid-cell-empty\" ><\/div><div id=\"pgc-6171-4-1\"  class=\"panel-grid-cell panel-grid-cell-mobile-last\" ><div id=\"panel-6171-4-1-0\" class=\"so-panel widget widget_sow-editor panel-first-child panel-last-child\" data-index=\"12\" ><div\n\t\t\t\n\t\t\tclass=\"so-widget-sow-editor so-widget-sow-editor-base\"\n\t\t\t\n\t\t>\n<div class=\"siteorigin-widget-tinymce textwidget\">\n\t<p>&nbsp;<\/p>\n<\/div>\n<\/div><\/div><\/div><div id=\"pgc-6171-4-2\"  class=\"panel-grid-cell panel-grid-cell-empty\" ><\/div><\/div><\/div><\/div>","protected":false},"excerpt":{"rendered":"<p>Cont\u00e1ctenos Partners\u00a0 Armaton es una marca de Forankra AB con oficinas en la ciudad Sueca de V\u00e5rg\u00e5rda. Puede encontrar su distribuidor a continuaci\u00f3n. Si falta informaci\u00f3n de contacto para su mercado, p\u00f3ngase en contacto con Forankra AB, Suecia. Piezas de repuesto Armaton suministra productos a carroceros en Europa. Si necesita piezas de repuesto para los [&hellip;]<\/p>\n","protected":false},"author":2,"featured_media":0,"parent":0,"menu_order":0,"comment_status":"closed","ping_status":"closed","template":"","meta":{"footnotes":""},"class_list":["post-6171","page","type-page","status-publish","hentry"],"yoast_head":"<!-- This site is optimized with the Yoast SEO plugin v20.4 - https:\/\/yoast.com\/wordpress\/plugins\/seo\/ -->\n<title>Cont\u00e1ctenos - Armaton<\/title>\n<meta name=\"description\" content=\"Dise\u00f1amos y fabricamos sistemas de alta calidad para veh\u00edculos comerciales ligeros, pero nuestro compromiso de marca es mucho m\u00e1s que pilares y cerramientos laterales. \u00a1Por favor cont\u00e1ctenos para m\u00e1s informaci\u00f3n!\" \/>\n<meta name=\"robots\" content=\"index, follow, max-snippet:-1, max-image-preview:large, max-video-preview:-1\" \/>\n<link rel=\"canonical\" href=\"https:\/\/www.armaton.com\/es\/contactenos\/\" \/>\n<meta property=\"og:locale\" content=\"es_ES\" \/>\n<meta property=\"og:type\" content=\"article\" \/>\n<meta property=\"og:title\" content=\"Cont\u00e1ctenos - Armaton\" \/>\n<meta property=\"og:description\" content=\"Dise\u00f1amos y fabricamos sistemas de alta calidad para veh\u00edculos comerciales ligeros, pero nuestro compromiso de marca es mucho m\u00e1s que pilares y cerramientos laterales. \u00a1Por favor cont\u00e1ctenos para m\u00e1s informaci\u00f3n!\" \/>\n<meta property=\"og:url\" content=\"https:\/\/www.armaton.com\/es\/contactenos\/\" \/>\n<meta property=\"og:site_name\" content=\"Armaton\" \/>\n<meta property=\"article:modified_time\" content=\"2026-04-28T11:47:39+00:00\" \/>\n<meta name=\"twitter:card\" content=\"summary_large_image\" \/>\n<meta name=\"twitter:label1\" content=\"Tiempo de lectura\" \/>\n\t<meta name=\"twitter:data1\" content=\"2 minutos\" \/>\n<script type=\"application\/ld+json\" class=\"yoast-schema-graph\">{\"@context\":\"https:\/\/schema.org\",\"@graph\":[{\"@type\":\"WebPage\",\"@id\":\"https:\/\/www.armaton.com\/es\/contactenos\/\",\"url\":\"https:\/\/www.armaton.com\/es\/contactenos\/\",\"name\":\"Cont\u00e1ctenos - Armaton\",\"isPartOf\":{\"@id\":\"https:\/\/www.armaton.com\/#website\"},\"datePublished\":\"2020-02-25T14:49:32+00:00\",\"dateModified\":\"2026-04-28T11:47:39+00:00\",\"description\":\"Dise\u00f1amos y fabricamos sistemas de alta calidad para veh\u00edculos comerciales ligeros, pero nuestro compromiso de marca es mucho m\u00e1s que pilares y cerramientos laterales. \u00a1Por favor cont\u00e1ctenos para m\u00e1s informaci\u00f3n!\",\"breadcrumb\":{\"@id\":\"https:\/\/www.armaton.com\/es\/contactenos\/#breadcrumb\"},\"inLanguage\":\"es\",\"potentialAction\":[{\"@type\":\"ReadAction\",\"target\":[\"https:\/\/www.armaton.com\/es\/contactenos\/\"]}]},{\"@type\":\"BreadcrumbList\",\"@id\":\"https:\/\/www.armaton.com\/es\/contactenos\/#breadcrumb\",\"itemListElement\":[{\"@type\":\"ListItem\",\"position\":1,\"name\":\"Home\",\"item\":\"https:\/\/www.armaton.com\/es\/\"},{\"@type\":\"ListItem\",\"position\":2,\"name\":\"Cont\u00e1ctenos\"}]},{\"@type\":\"WebSite\",\"@id\":\"https:\/\/www.armaton.com\/#website\",\"url\":\"https:\/\/www.armaton.com\/\",\"name\":\"Armaton\",\"description\":\"Armaton Solutions \u2013 Desire To Improve\",\"potentialAction\":[{\"@type\":\"SearchAction\",\"target\":{\"@type\":\"EntryPoint\",\"urlTemplate\":\"https:\/\/www.armaton.com\/?s={search_term_string}\"},\"query-input\":\"required name=search_term_string\"}],\"inLanguage\":\"es\"}]}<\/script>\n<!-- \/ Yoast SEO plugin. -->","yoast_head_json":{"title":"Cont\u00e1ctenos - Armaton","description":"Dise\u00f1amos y fabricamos sistemas de alta calidad para veh\u00edculos comerciales ligeros, pero nuestro compromiso de marca es mucho m\u00e1s que pilares y cerramientos laterales. \u00a1Por favor cont\u00e1ctenos para m\u00e1s informaci\u00f3n!","robots":{"index":"index","follow":"follow","max-snippet":"max-snippet:-1","max-image-preview":"max-image-preview:large","max-video-preview":"max-video-preview:-1"},"canonical":"https:\/\/www.armaton.com\/es\/contactenos\/","og_locale":"es_ES","og_type":"article","og_title":"Cont\u00e1ctenos - Armaton","og_description":"Dise\u00f1amos y fabricamos sistemas de alta calidad para veh\u00edculos comerciales ligeros, pero nuestro compromiso de marca es mucho m\u00e1s que pilares y cerramientos laterales. \u00a1Por favor cont\u00e1ctenos para m\u00e1s informaci\u00f3n!","og_url":"https:\/\/www.armaton.com\/es\/contactenos\/","og_site_name":"Armaton","article_modified_time":"2026-04-28T11:47:39+00:00","twitter_card":"summary_large_image","twitter_misc":{"Tiempo de lectura":"2 minutos"},"schema":{"@context":"https:\/\/schema.org","@graph":[{"@type":"WebPage","@id":"https:\/\/www.armaton.com\/es\/contactenos\/","url":"https:\/\/www.armaton.com\/es\/contactenos\/","name":"Cont\u00e1ctenos - Armaton","isPartOf":{"@id":"https:\/\/www.armaton.com\/#website"},"datePublished":"2020-02-25T14:49:32+00:00","dateModified":"2026-04-28T11:47:39+00:00","description":"Dise\u00f1amos y fabricamos sistemas de alta calidad para veh\u00edculos comerciales ligeros, pero nuestro compromiso de marca es mucho m\u00e1s que pilares y cerramientos laterales. \u00a1Por favor cont\u00e1ctenos para m\u00e1s informaci\u00f3n!","breadcrumb":{"@id":"https:\/\/www.armaton.com\/es\/contactenos\/#breadcrumb"},"inLanguage":"es","potentialAction":[{"@type":"ReadAction","target":["https:\/\/www.armaton.com\/es\/contactenos\/"]}]},{"@type":"BreadcrumbList","@id":"https:\/\/www.armaton.com\/es\/contactenos\/#breadcrumb","itemListElement":[{"@type":"ListItem","position":1,"name":"Home","item":"https:\/\/www.armaton.com\/es\/"},{"@type":"ListItem","position":2,"name":"Cont\u00e1ctenos"}]},{"@type":"WebSite","@id":"https:\/\/www.armaton.com\/#website","url":"https:\/\/www.armaton.com\/","name":"Armaton","description":"Armaton Solutions \u2013 Desire To Improve","potentialAction":[{"@type":"SearchAction","target":{"@type":"EntryPoint","urlTemplate":"https:\/\/www.armaton.com\/?s={search_term_string}"},"query-input":"required name=search_term_string"}],"inLanguage":"es"}]}},"_links":{"self":[{"href":"https:\/\/www.armaton.com\/es\/wp-json\/wp\/v2\/pages\/6171","targetHints":{"allow":["GET"]}}],"collection":[{"href":"https:\/\/www.armaton.com\/es\/wp-json\/wp\/v2\/pages"}],"about":[{"href":"https:\/\/www.armaton.com\/es\/wp-json\/wp\/v2\/types\/page"}],"author":[{"embeddable":true,"href":"https:\/\/www.armaton.com\/es\/wp-json\/wp\/v2\/users\/2"}],"replies":[{"embeddable":true,"href":"https:\/\/www.armaton.com\/es\/wp-json\/wp\/v2\/comments?post=6171"}],"version-history":[{"count":21,"href":"https:\/\/www.armaton.com\/es\/wp-json\/wp\/v2\/pages\/6171\/revisions"}],"predecessor-version":[{"id":14119,"href":"https:\/\/www.armaton.com\/es\/wp-json\/wp\/v2\/pages\/6171\/revisions\/14119"}],"wp:attachment":[{"href":"https:\/\/www.armaton.com\/es\/wp-json\/wp\/v2\/media?parent=6171"}],"curies":[{"name":"wp","href":"https:\/\/api.w.org\/{rel}","templated":true}]}}