{"id":7335,"date":"2020-10-27T10:37:24","date_gmt":"2020-10-27T10:37:24","guid":{"rendered":"https:\/\/www.armaton.com\/?page_id=7335"},"modified":"2024-01-16T09:22:15","modified_gmt":"2024-01-16T09:22:15","slug":"fijacion-de-carga-continua","status":"publish","type":"page","link":"https:\/\/www.armaton.com\/es\/fijacion-de-carga-continua\/","title":{"rendered":"Fijaci\u00f3n de carga continua"},"content":{"rendered":"<div id=\"pl-7335\"  class=\"panel-layout\" ><div id=\"pg-7335-0\"  class=\"panel-grid panel-has-style\" ><div class=\"siteorigin-panels-stretch panel-row-style panel-row-style-for-7335-0\" data-stretch-type=\"full-stretched\" ><div id=\"pgc-7335-0-0\"  class=\"panel-grid-cell\" ><div id=\"panel-7335-0-0-0\" class=\"so-panel widget widget_sow-image panel-first-child panel-last-child\" data-index=\"0\" ><div\n\t\t\t\n\t\t\tclass=\"so-widget-sow-image so-widget-sow-image-default-dbf295114b96-7335\"\n\t\t\t\n\t\t>\n\n<div class=\"sow-image-container\">\n\t\t<img decoding=\"async\" src=\"https:\/\/www.armaton.com\/wp-content\/uploads\/sites\/14\/2019\/05\/Knowledge_Case_Homogo_puff_7-768x605.jpg\" width=\"768\" height=\"605\" srcset=\"https:\/\/www.armaton.com\/wp-content\/uploads\/sites\/14\/2019\/05\/Knowledge_Case_Homogo_puff_7-768x605.jpg 768w, https:\/\/www.armaton.com\/wp-content\/uploads\/sites\/14\/2019\/05\/Knowledge_Case_Homogo_puff_7-300x236.jpg 300w, https:\/\/www.armaton.com\/wp-content\/uploads\/sites\/14\/2019\/05\/Knowledge_Case_Homogo_puff_7-1024x807.jpg 1024w, https:\/\/www.armaton.com\/wp-content\/uploads\/sites\/14\/2019\/05\/Knowledge_Case_Homogo_puff_7-600x473.jpg 600w, https:\/\/www.armaton.com\/wp-content\/uploads\/sites\/14\/2019\/05\/Knowledge_Case_Homogo_puff_7.jpg 1282w\" sizes=\"auto, (max-width: 768px) 100vw, 768px\" alt=\"\" loading=\"lazy\" \t\tclass=\"so-widget-image\"\/>\n\t<\/div>\n\n<\/div><\/div><\/div><div id=\"pgc-7335-0-1\"  class=\"panel-grid-cell\" ><div id=\"panel-7335-0-1-0\" class=\"so-panel widget widget_siteorigin-panels-builder panel-first-child panel-last-child\" data-index=\"1\" ><div class=\"panel-widget-style panel-widget-style-for-7335-0-1-0\" ><div id=\"pl-w643ff320a3ef8\"  class=\"panel-layout\" ><div id=\"pg-w643ff320a3ef8-0\"  class=\"panel-grid panel-no-style\" ><div id=\"pgc-w643ff320a3ef8-0-0\"  class=\"panel-grid-cell panel-grid-cell-empty\" ><\/div><div id=\"pgc-w643ff320a3ef8-0-1\"  class=\"panel-grid-cell panel-grid-cell-mobile-last\" ><div id=\"panel-w643ff320a3ef8-0-1-0\" class=\"so-panel widget widget_sow-editor panel-first-child panel-last-child\" data-index=\"0\" ><div\n\t\t\t\n\t\t\tclass=\"so-widget-sow-editor so-widget-sow-editor-base\"\n\t\t\t\n\t\t>\n<div class=\"siteorigin-widget-tinymce textwidget\">\n\t<p>&nbsp;<\/p>\n<h2>Fijaci\u00f3n de carga continua<\/h2>\n<p><span style=\"font-size: 18px;\">El amarre de Armaton es parte del sistema de amarre de carga continuo de 360 \u200b\u200bgrados de Armaton para la plataforma modular. El amarre \u00fanico de Armaton est\u00e1 integrado en el perfil lateral y no interfiere con el \u00e1rea de carga. El amarre se puede colocar en cualquier lugar a lo largo del perfil lateral, creando as\u00ed el m\u00e1ximo espacio de carga en la plataforma.<\/span><\/p>\n<p>&nbsp;<\/p>\n<h3>Amarre de 35 Armaton en 2 partes<\/h3>\n<table style=\"width: 96.47%; border-collapse: collapse;\" border=\"1\">\n<tbody>\n<tr>\n<td style=\"width: 23.41%;\"><span style=\"font-size: 18px;\">\u00a0Referencia<\/span><\/td>\n<td style=\"width: 73.04%;\"><span style=\"font-size: 18px;\">\u00a0 130510011<\/span><\/td>\n<\/tr>\n<tr>\n<td style=\"width: 23.41%;\"><span style=\"font-size: 18px;\">\u00a0Ancho<\/span><\/td>\n<td style=\"width: 73.04%;\"><span style=\"font-size: 18px;\">\u00a0 35 mm<\/span><\/td>\n<\/tr>\n<tr>\n<td style=\"width: 23.41%;\"><span style=\"font-size: 18px;\">\u00a0LC<\/span><\/td>\n<td style=\"width: 73.04%;\"><span style=\"font-size: 18px;\">\u00a0 1000 daN<\/span><\/td>\n<\/tr>\n<tr>\n<td style=\"width: 23.41%;\"><span style=\"font-size: 18px;\">\u00a0Parte corta<\/span><\/td>\n<td style=\"width: 73.04%;\"><span style=\"font-size: 18px;\">\u00a0 0,55 m con gancho plano Armaton<\/span><\/td>\n<\/tr>\n<tr>\n<td style=\"width: 23.41%;\"><span style=\"font-size: 18px;\">\u00a0Parte larga<\/span><\/td>\n<td style=\"width: 73.04%;\"><span style=\"font-size: 18px;\">\u00a0 5,45 m\u00a0con gancho plano Armaton<\/span><\/td>\n<\/tr>\n<\/tbody>\n<\/table>\n<p>&nbsp;<\/p>\n<p>&nbsp;<\/p>\n<p>&nbsp;<\/p>\n<\/div>\n<\/div><\/div><\/div><div id=\"pgc-w643ff320a3ef8-0-2\"  class=\"panel-grid-cell panel-grid-cell-empty\" ><\/div><\/div><\/div><\/div><\/div><\/div><\/div><\/div><div id=\"pg-7335-1\"  class=\"panel-grid panel-has-style\" ><div class=\"siteorigin-panels-stretch panel-row-style panel-row-style-for-7335-1\" data-stretch-type=\"full-stretched\" ><div id=\"pgc-7335-1-0\"  class=\"panel-grid-cell\" ><div id=\"panel-7335-1-0-0\" class=\"so-panel widget widget_siteorigin-panels-builder panel-first-child panel-last-child\" data-index=\"2\" ><div class=\"panel-widget-style panel-widget-style-for-7335-1-0-0\" ><div id=\"pl-w6a091985ad727\"  class=\"panel-layout\" ><div id=\"pg-w6a091985ad727-0\"  class=\"panel-grid panel-no-style\" ><div id=\"pgc-w6a091985ad727-0-0\"  class=\"panel-grid-cell\" ><div id=\"panel-w6a091985ad727-0-0-0\" class=\"so-panel widget widget_sow-image panel-first-child panel-last-child\" data-index=\"0\" ><div\n\t\t\t\n\t\t\tclass=\"so-widget-sow-image so-widget-sow-image-default-8b5b6f678277\"\n\t\t\t\n\t\t>\n\n<div class=\"sow-image-container\">\n\t\t<img decoding=\"async\" src=\"https:\/\/www.armaton.com\/wp-content\/uploads\/sites\/14\/2020\/06\/Stepless_3_1282x1010.jpg\" width=\"1262\" height=\"994\" srcset=\"https:\/\/www.armaton.com\/wp-content\/uploads\/sites\/14\/2020\/06\/Stepless_3_1282x1010.jpg 1262w, https:\/\/www.armaton.com\/wp-content\/uploads\/sites\/14\/2020\/06\/Stepless_3_1282x1010-300x236.jpg 300w, https:\/\/www.armaton.com\/wp-content\/uploads\/sites\/14\/2020\/06\/Stepless_3_1282x1010-768x605.jpg 768w, https:\/\/www.armaton.com\/wp-content\/uploads\/sites\/14\/2020\/06\/Stepless_3_1282x1010-1024x807.jpg 1024w, https:\/\/www.armaton.com\/wp-content\/uploads\/sites\/14\/2020\/06\/Stepless_3_1282x1010-600x473.jpg 600w\" sizes=\"auto, (max-width: 1262px) 100vw, 1262px\" alt=\"\" loading=\"lazy\" \t\tclass=\"so-widget-image\"\/>\n\t<\/div>\n\n<\/div><\/div><\/div><\/div><\/div><\/div><\/div><\/div><div id=\"pgc-7335-1-1\"  class=\"panel-grid-cell\" ><div id=\"panel-7335-1-1-0\" class=\"so-panel widget widget_siteorigin-panels-builder panel-first-child panel-last-child\" data-index=\"3\" ><div class=\"panel-widget-style panel-widget-style-for-7335-1-1-0\" ><div id=\"pl-w643ff01035d99\"  class=\"panel-layout\" ><div id=\"pg-w643ff01035d99-0\"  class=\"panel-grid panel-no-style\" ><div id=\"pgc-w643ff01035d99-0-0\"  class=\"panel-grid-cell panel-grid-cell-empty\" ><\/div><div id=\"pgc-w643ff01035d99-0-1\"  class=\"panel-grid-cell panel-grid-cell-mobile-last\" ><div id=\"panel-w643ff01035d99-0-1-0\" class=\"so-panel widget widget_sow-editor panel-first-child panel-last-child\" data-index=\"0\" ><div\n\t\t\t\n\t\t\tclass=\"so-widget-sow-editor so-widget-sow-editor-base\"\n\t\t\t\n\t\t>\n<div class=\"siteorigin-widget-tinymce textwidget\">\n\t<h3>Amarre de 35 Armaton, parte larga<\/h3>\n<table style=\"width: 96.47%; border-collapse: collapse;\" border=\"1\">\n<tbody>\n<tr>\n<td style=\"width: 23.41%;\"><span style=\"font-size: 18px;\">\u00a0Referencia<\/span><\/td>\n<td style=\"width: 73.04%;\"><span style=\"font-size: 18px;\">\u00a0 131310013<\/span><\/td>\n<\/tr>\n<tr>\n<td style=\"width: 23.41%;\"><span style=\"font-size: 18px;\">\u00a0Ancho<\/span><\/td>\n<td style=\"width: 73.04%;\"><span style=\"font-size: 18px;\">\u00a0 35 mm<\/span><\/td>\n<\/tr>\n<tr>\n<td style=\"width: 23.41%;\"><span style=\"font-size: 18px;\">\u00a0LC<\/span><\/td>\n<td style=\"width: 73.04%;\"><span style=\"font-size: 18px;\">\u00a0 1000 daN<\/span><\/td>\n<\/tr>\n<tr>\n<td style=\"width: 23.41%;\"><span style=\"font-size: 18px;\">\u00a0Parte larga<\/span><\/td>\n<td style=\"width: 73.04%;\"><span style=\"font-size: 18px;\">\u00a0 5,45 m con gancho plano Armaton<\/span><\/td>\n<\/tr>\n<\/tbody>\n<\/table>\n<p>&nbsp;<\/p>\n<p>&nbsp;<\/p>\n<h3>Amarre de 35 Armaton, parte corta<\/h3>\n<table style=\"width: 96.47%; border-collapse: collapse;\" border=\"1\">\n<tbody>\n<tr>\n<td style=\"width: 23.41%;\"><span style=\"font-size: 18px;\">\u00a0Referencia<\/span><\/td>\n<td style=\"width: 73.04%;\"><span style=\"font-size: 18px;\">\u00a0 130910008<\/span><\/td>\n<\/tr>\n<tr>\n<td style=\"width: 23.41%;\"><span style=\"font-size: 18px;\">\u00a0Ancho<\/span><\/td>\n<td style=\"width: 73.04%;\"><span style=\"font-size: 18px;\">\u00a0 35 mm<\/span><\/td>\n<\/tr>\n<tr>\n<td style=\"width: 23.41%;\">\u00a0LC<\/td>\n<td style=\"width: 73.04%;\">\u00a0 1000 daN<\/td>\n<\/tr>\n<tr>\n<td style=\"width: 23.41%;\">\u00a0Parte corta<\/td>\n<td style=\"width: 73.04%;\">\u00a0 0,55 m con gancho plano Armaton<\/td>\n<\/tr>\n<\/tbody>\n<\/table>\n<h3><\/h3>\n<\/div>\n<\/div><\/div><\/div><div id=\"pgc-w643ff01035d99-0-2\"  class=\"panel-grid-cell panel-grid-cell-empty\" ><\/div><\/div><\/div><\/div><\/div><\/div><\/div><\/div><\/div>","protected":false},"excerpt":{"rendered":"<p>&nbsp; Fijaci\u00f3n de carga continua El amarre de Armaton es parte del sistema de amarre de carga continuo de 360 \u200b\u200bgrados de Armaton para la plataforma modular. El amarre \u00fanico de Armaton est\u00e1 integrado en el perfil lateral y no interfiere con el \u00e1rea de carga. El amarre se puede colocar en cualquier lugar a [&hellip;]<\/p>\n","protected":false},"author":2,"featured_media":0,"parent":0,"menu_order":0,"comment_status":"closed","ping_status":"closed","template":"","meta":{"footnotes":""},"class_list":["post-7335","page","type-page","status-publish","hentry"],"yoast_head":"<!-- This site is optimized with the Yoast SEO plugin v20.4 - https:\/\/yoast.com\/wordpress\/plugins\/seo\/ -->\n<title>Fijaci\u00f3n de carga continua - Armaton<\/title>\n<meta name=\"description\" content=\"El amarre de Armaton es parte del sistema de amarre de carga continuo de 360 \u200b\u200bgrados de Armaton para la plataforma modular. El amarre \u00fanico de Armaton est\u00e1 integrado en el perfil lateral y no interfiere con el \u00e1rea de carga. El amarre se puede colocar en cualquier lugar a lo largo del perfil lateral, creando as\u00ed el m\u00e1ximo espacio de carga en la plataforma.\" \/>\n<meta name=\"robots\" content=\"index, follow, max-snippet:-1, max-image-preview:large, max-video-preview:-1\" \/>\n<link rel=\"canonical\" href=\"https:\/\/www.armaton.com\/es\/fijacion-de-carga-continua\/\" \/>\n<meta property=\"og:locale\" content=\"es_ES\" \/>\n<meta property=\"og:type\" content=\"article\" \/>\n<meta property=\"og:title\" content=\"Fijaci\u00f3n de carga continua - Armaton\" \/>\n<meta property=\"og:description\" content=\"El amarre de Armaton es parte del sistema de amarre de carga continuo de 360 \u200b\u200bgrados de Armaton para la plataforma modular. El amarre \u00fanico de Armaton est\u00e1 integrado en el perfil lateral y no interfiere con el \u00e1rea de carga. El amarre se puede colocar en cualquier lugar a lo largo del perfil lateral, creando as\u00ed el m\u00e1ximo espacio de carga en la plataforma.\" \/>\n<meta property=\"og:url\" content=\"https:\/\/www.armaton.com\/es\/fijacion-de-carga-continua\/\" \/>\n<meta property=\"og:site_name\" content=\"Armaton\" \/>\n<meta property=\"article:modified_time\" content=\"2024-01-16T09:22:15+00:00\" \/>\n<meta name=\"twitter:card\" content=\"summary_large_image\" \/>\n<meta name=\"twitter:label1\" content=\"Tiempo de lectura\" \/>\n\t<meta name=\"twitter:data1\" content=\"1 minuto\" \/>\n<script type=\"application\/ld+json\" class=\"yoast-schema-graph\">{\"@context\":\"https:\/\/schema.org\",\"@graph\":[{\"@type\":\"WebPage\",\"@id\":\"https:\/\/www.armaton.com\/es\/fijacion-de-carga-continua\/\",\"url\":\"https:\/\/www.armaton.com\/es\/fijacion-de-carga-continua\/\",\"name\":\"Fijaci\u00f3n de carga continua - Armaton\",\"isPartOf\":{\"@id\":\"https:\/\/www.armaton.com\/#website\"},\"datePublished\":\"2020-10-27T10:37:24+00:00\",\"dateModified\":\"2024-01-16T09:22:15+00:00\",\"description\":\"El amarre de Armaton es parte del sistema de amarre de carga continuo de 360 \u200b\u200bgrados de Armaton para la plataforma modular. El amarre \u00fanico de Armaton est\u00e1 integrado en el perfil lateral y no interfiere con el \u00e1rea de carga. El amarre se puede colocar en cualquier lugar a lo largo del perfil lateral, creando as\u00ed el m\u00e1ximo espacio de carga en la plataforma.\",\"breadcrumb\":{\"@id\":\"https:\/\/www.armaton.com\/es\/fijacion-de-carga-continua\/#breadcrumb\"},\"inLanguage\":\"es\",\"potentialAction\":[{\"@type\":\"ReadAction\",\"target\":[\"https:\/\/www.armaton.com\/es\/fijacion-de-carga-continua\/\"]}]},{\"@type\":\"BreadcrumbList\",\"@id\":\"https:\/\/www.armaton.com\/es\/fijacion-de-carga-continua\/#breadcrumb\",\"itemListElement\":[{\"@type\":\"ListItem\",\"position\":1,\"name\":\"Home\",\"item\":\"https:\/\/www.armaton.com\/es\/\"},{\"@type\":\"ListItem\",\"position\":2,\"name\":\"Fijaci\u00f3n de carga continua\"}]},{\"@type\":\"WebSite\",\"@id\":\"https:\/\/www.armaton.com\/#website\",\"url\":\"https:\/\/www.armaton.com\/\",\"name\":\"Armaton\",\"description\":\"Armaton Solutions \u2013 Desire To Improve\",\"potentialAction\":[{\"@type\":\"SearchAction\",\"target\":{\"@type\":\"EntryPoint\",\"urlTemplate\":\"https:\/\/www.armaton.com\/?s={search_term_string}\"},\"query-input\":\"required name=search_term_string\"}],\"inLanguage\":\"es\"}]}<\/script>\n<!-- \/ Yoast SEO plugin. -->","yoast_head_json":{"title":"Fijaci\u00f3n de carga continua - Armaton","description":"El amarre de Armaton es parte del sistema de amarre de carga continuo de 360 \u200b\u200bgrados de Armaton para la plataforma modular. El amarre \u00fanico de Armaton est\u00e1 integrado en el perfil lateral y no interfiere con el \u00e1rea de carga. El amarre se puede colocar en cualquier lugar a lo largo del perfil lateral, creando as\u00ed el m\u00e1ximo espacio de carga en la plataforma.","robots":{"index":"index","follow":"follow","max-snippet":"max-snippet:-1","max-image-preview":"max-image-preview:large","max-video-preview":"max-video-preview:-1"},"canonical":"https:\/\/www.armaton.com\/es\/fijacion-de-carga-continua\/","og_locale":"es_ES","og_type":"article","og_title":"Fijaci\u00f3n de carga continua - Armaton","og_description":"El amarre de Armaton es parte del sistema de amarre de carga continuo de 360 \u200b\u200bgrados de Armaton para la plataforma modular. El amarre \u00fanico de Armaton est\u00e1 integrado en el perfil lateral y no interfiere con el \u00e1rea de carga. El amarre se puede colocar en cualquier lugar a lo largo del perfil lateral, creando as\u00ed el m\u00e1ximo espacio de carga en la plataforma.","og_url":"https:\/\/www.armaton.com\/es\/fijacion-de-carga-continua\/","og_site_name":"Armaton","article_modified_time":"2024-01-16T09:22:15+00:00","twitter_card":"summary_large_image","twitter_misc":{"Tiempo de lectura":"1 minuto"},"schema":{"@context":"https:\/\/schema.org","@graph":[{"@type":"WebPage","@id":"https:\/\/www.armaton.com\/es\/fijacion-de-carga-continua\/","url":"https:\/\/www.armaton.com\/es\/fijacion-de-carga-continua\/","name":"Fijaci\u00f3n de carga continua - Armaton","isPartOf":{"@id":"https:\/\/www.armaton.com\/#website"},"datePublished":"2020-10-27T10:37:24+00:00","dateModified":"2024-01-16T09:22:15+00:00","description":"El amarre de Armaton es parte del sistema de amarre de carga continuo de 360 \u200b\u200bgrados de Armaton para la plataforma modular. El amarre \u00fanico de Armaton est\u00e1 integrado en el perfil lateral y no interfiere con el \u00e1rea de carga. El amarre se puede colocar en cualquier lugar a lo largo del perfil lateral, creando as\u00ed el m\u00e1ximo espacio de carga en la plataforma.","breadcrumb":{"@id":"https:\/\/www.armaton.com\/es\/fijacion-de-carga-continua\/#breadcrumb"},"inLanguage":"es","potentialAction":[{"@type":"ReadAction","target":["https:\/\/www.armaton.com\/es\/fijacion-de-carga-continua\/"]}]},{"@type":"BreadcrumbList","@id":"https:\/\/www.armaton.com\/es\/fijacion-de-carga-continua\/#breadcrumb","itemListElement":[{"@type":"ListItem","position":1,"name":"Home","item":"https:\/\/www.armaton.com\/es\/"},{"@type":"ListItem","position":2,"name":"Fijaci\u00f3n de carga continua"}]},{"@type":"WebSite","@id":"https:\/\/www.armaton.com\/#website","url":"https:\/\/www.armaton.com\/","name":"Armaton","description":"Armaton Solutions \u2013 Desire To Improve","potentialAction":[{"@type":"SearchAction","target":{"@type":"EntryPoint","urlTemplate":"https:\/\/www.armaton.com\/?s={search_term_string}"},"query-input":"required name=search_term_string"}],"inLanguage":"es"}]}},"_links":{"self":[{"href":"https:\/\/www.armaton.com\/es\/wp-json\/wp\/v2\/pages\/7335","targetHints":{"allow":["GET"]}}],"collection":[{"href":"https:\/\/www.armaton.com\/es\/wp-json\/wp\/v2\/pages"}],"about":[{"href":"https:\/\/www.armaton.com\/es\/wp-json\/wp\/v2\/types\/page"}],"author":[{"embeddable":true,"href":"https:\/\/www.armaton.com\/es\/wp-json\/wp\/v2\/users\/2"}],"replies":[{"embeddable":true,"href":"https:\/\/www.armaton.com\/es\/wp-json\/wp\/v2\/comments?post=7335"}],"version-history":[{"count":29,"href":"https:\/\/www.armaton.com\/es\/wp-json\/wp\/v2\/pages\/7335\/revisions"}],"predecessor-version":[{"id":13336,"href":"https:\/\/www.armaton.com\/es\/wp-json\/wp\/v2\/pages\/7335\/revisions\/13336"}],"wp:attachment":[{"href":"https:\/\/www.armaton.com\/es\/wp-json\/wp\/v2\/media?parent=7335"}],"curies":[{"name":"wp","href":"https:\/\/api.w.org\/{rel}","templated":true}]}}