{"id":10062,"date":"2022-01-04T13:22:54","date_gmt":"2022-01-04T13:22:54","guid":{"rendered":"https:\/\/www.armaton.com\/?page_id=10062"},"modified":"2024-01-16T09:46:06","modified_gmt":"2024-01-16T09:46:06","slug":"armaton-3000xf-varaosat","status":"publish","type":"page","link":"https:\/\/www.armaton.com\/fi\/armaton-3000xf-varaosat\/","title":{"rendered":"Armaton 3000XF\u00a0\u2013 Varaosat"},"content":{"rendered":"<div id=\"pl-10062\"  class=\"panel-layout\" ><div id=\"pg-10062-0\"  class=\"panel-grid panel-has-style\" ><div class=\"siteorigin-panels-stretch panel-row-style panel-row-style-for-10062-0\" data-stretch-type=\"full-stretched\" ><div id=\"pgc-10062-0-0\"  class=\"panel-grid-cell\" ><div id=\"panel-10062-0-0-0\" class=\"so-panel widget widget_siteorigin-panels-builder panel-first-child panel-last-child\" data-index=\"0\" ><div class=\"panel-widget-style panel-widget-style-for-10062-0-0-0\" ><div id=\"pl-w61d44b71955e9\"  class=\"panel-layout\" ><div id=\"pg-w61d44b71955e9-0\"  class=\"panel-grid panel-no-style\" ><div id=\"pgc-w61d44b71955e9-0-0\"  class=\"panel-grid-cell panel-grid-cell-empty\" ><\/div><div id=\"pgc-w61d44b71955e9-0-1\"  class=\"panel-grid-cell panel-grid-cell-mobile-last\" ><div id=\"panel-w61d44b71955e9-0-1-0\" class=\"so-panel widget widget_sow-editor panel-first-child panel-last-child\" data-index=\"0\" ><div class=\"panel-widget-style panel-widget-style-for-w61d44b71955e9-0-1-0\" ><div\n\t\t\t\n\t\t\tclass=\"so-widget-sow-editor so-widget-sow-editor-base\"\n\t\t\t\n\t\t>\n<div class=\"siteorigin-widget-tinymce textwidget\">\n\t<p>&nbsp;<\/p>\n<h2><span style=\"font-size: 36px;\">Varaosat <\/span>\u2013 <span style=\"font-size: 36px;\">Armaton 3000XF<span style=\"margin: 0px; font-family: 'Calibri',sans-serif;\"><span style=\"color: #000000;\">\u00a0<\/span><\/span><\/span><\/h2>\n<p>&nbsp;<\/p>\n<table style=\"border-style: hidden; width: 106.85%; height: 182px; border-collapse: collapse;\">\n<tbody>\n<tr style=\"height: 44px;\">\n<td style=\"width: 19.56%; height: 44px; text-align: center;\" width=\"147\"><span style=\"font-size: 18px;\"><strong>Positio<\/strong><\/span><\/td>\n<td style=\"width: 25.76%; height: 44px; text-align: center;\" width=\"118\"><span style=\"font-size: 18px;\"><strong>Osa no<\/strong><\/span><\/td>\n<td style=\"width: 61.51%; height: 44px; text-align: center;\" width=\"114\"><span style=\"font-size: 18px;\"><strong>Kuvaus<\/strong><\/span><\/td>\n<\/tr>\n<tr style=\"height: 23px;\">\n<td style=\"width: 19.56%; height: 23px; text-align: center;\" align=\"right\" width=\"64\" height=\"20\"><span style=\"color: #000000; font-family: Calibri; font-size: 18px;\">1<\/span><\/td>\n<td style=\"width: 25.76%; text-align: center;\" width=\"303\"><span style=\"font-size: 18px;\">510410001<\/span><\/td>\n<td style=\"width: 61.51%; text-align: center;\" width=\"233\"><span style=\"font-size: 18px;\">Kahvasarja*, sopii 400mm laidalle<\/span><\/td>\n<\/tr>\n<tr style=\"height: 23px;\">\n<td style=\"width: 19.56%; height: 23px; text-align: center;\" align=\"right\" height=\"20\"><span style=\"color: #000000; font-family: Calibri; font-size: 18px;\">2<\/span><\/td>\n<td style=\"width: 25.76%; text-align: center;\"><span style=\"font-size: 18px;\">510210009<\/span><\/td>\n<td style=\"width: 61.51%; text-align: center;\"><span style=\"font-size: 18px;\">Kahvasarja*, sopii 300 ja 350mm laidalle<\/span><\/td>\n<\/tr>\n<tr style=\"height: 23px;\">\n<td style=\"width: 19.56%; height: 23px; text-align: center;\" align=\"right\" height=\"20\"><span style=\"color: #000000; font-family: Calibri; font-size: 18px;\">3<\/span><\/td>\n<td style=\"width: 25.76%; text-align: center;\"><span style=\"font-size: 18px;\">510210014<\/span><\/td>\n<td style=\"width: 61.51%; text-align: center;\"><span style=\"font-size: 18px;\">Kulutusklipsi<\/span><\/td>\n<\/tr>\n<tr style=\"height: 23px;\">\n<td style=\"width: 19.56%; height: 23px; text-align: center;\" align=\"right\" height=\"20\"><span style=\"color: #000000; font-family: Calibri; font-size: 18px;\">4<\/span><\/td>\n<td style=\"width: 25.76%; text-align: center;\"><span style=\"font-size: 18px;\">510210001<\/span><\/td>\n<td style=\"width: 61.51%; text-align: center;\"><span style=\"font-size: 18px;\">Muovitulppa, tolppa O\/V<\/span><\/td>\n<\/tr>\n<tr style=\"height: 23px;\">\n<td style=\"width: 19.56%; height: 23px; text-align: center;\" align=\"right\" height=\"20\"><span style=\"color: #000000; font-family: Calibri; font-size: 18px;\">5<\/span><\/td>\n<td style=\"width: 25.76%; text-align: center;\"><span style=\"font-size: 18px;\">510210002<\/span><\/td>\n<td style=\"width: 61.51%; text-align: center;\"><span style=\"font-size: 18px;\">Muovitulppa, kulma V<\/span><\/td>\n<\/tr>\n<tr style=\"height: 23px;\">\n<td style=\"width: 19.56%; height: 23px; text-align: center;\" align=\"right\" height=\"20\"><span style=\"color: #000000; font-family: Calibri; font-size: 18px;\">6<\/span><\/td>\n<td style=\"width: 25.76%; text-align: center;\"><span style=\"font-size: 18px;\">510210003<\/span><\/td>\n<td style=\"width: 61.51%; text-align: center;\"><span style=\"font-size: 18px;\">Muovitulppa, kulma O<\/span><\/td>\n<\/tr>\n<\/tbody>\n<\/table>\n<p>&nbsp;<\/p>\n<p>*Kahvasarjaan kuuluu kahva, sokka ja sen poistoty\u00f6kalu.<\/p>\n<\/div>\n<\/div><\/div><\/div><\/div><div id=\"pgc-w61d44b71955e9-0-2\"  class=\"panel-grid-cell panel-grid-cell-empty\" ><\/div><\/div><\/div><\/div><\/div><\/div><div id=\"pgc-10062-0-1\"  class=\"panel-grid-cell panel-grid-cell-mobile-last\" ><div id=\"panel-10062-0-1-0\" class=\"so-panel widget widget_sow-image panel-first-child panel-last-child\" data-index=\"1\" ><div\n\t\t\t\n\t\t\tclass=\"so-widget-sow-image so-widget-sow-image-default-dbf295114b96-10062\"\n\t\t\t\n\t\t>\n\n<div class=\"sow-image-container\">\n\t\t<img decoding=\"async\" src=\"https:\/\/www.armaton.com\/wp-content\/uploads\/sites\/14\/2019\/06\/Armaton_Spare_parts_3000XF_1282x1010-768x605.png\" width=\"768\" height=\"605\" srcset=\"https:\/\/www.armaton.com\/wp-content\/uploads\/sites\/14\/2019\/06\/Armaton_Spare_parts_3000XF_1282x1010-768x605.png 768w, https:\/\/www.armaton.com\/wp-content\/uploads\/sites\/14\/2019\/06\/Armaton_Spare_parts_3000XF_1282x1010-300x237.png 300w, https:\/\/www.armaton.com\/wp-content\/uploads\/sites\/14\/2019\/06\/Armaton_Spare_parts_3000XF_1282x1010-1024x807.png 1024w, https:\/\/www.armaton.com\/wp-content\/uploads\/sites\/14\/2019\/06\/Armaton_Spare_parts_3000XF_1282x1010-600x473.png 600w, https:\/\/www.armaton.com\/wp-content\/uploads\/sites\/14\/2019\/06\/Armaton_Spare_parts_3000XF_1282x1010.png 1819w\" sizes=\"auto, (max-width: 768px) 100vw, 768px\" alt=\"\" loading=\"lazy\" \t\tclass=\"so-widget-image\"\/>\n\t<\/div>\n\n<\/div><\/div><\/div><div id=\"pgc-10062-0-2\"  class=\"panel-grid-cell panel-grid-cell-empty\" ><\/div><\/div><\/div><\/div>","protected":false},"excerpt":{"rendered":"<p>&nbsp; Varaosat \u2013 Armaton 3000XF\u00a0 &nbsp; Positio Osa no Kuvaus 1 510410001 Kahvasarja*, sopii 400mm laidalle 2 510210009 Kahvasarja*, sopii 300 ja 350mm laidalle 3 510210014 Kulutusklipsi 4 510210001 Muovitulppa, tolppa O\/V 5 510210002 Muovitulppa, kulma V 6 510210003 Muovitulppa, kulma O &nbsp; *Kahvasarjaan kuuluu kahva, sokka ja sen poistoty\u00f6kalu.<\/p>\n","protected":false},"author":2,"featured_media":0,"parent":0,"menu_order":0,"comment_status":"closed","ping_status":"closed","template":"","meta":{"footnotes":""},"class_list":["post-10062","page","type-page","status-publish","hentry"],"yoast_head":"<!-- This site is optimized with the Yoast SEO plugin v20.4 - https:\/\/yoast.com\/wordpress\/plugins\/seo\/ -->\n<title>Armaton 3000XF\u00a0\u2013 Varaosat - Armaton<\/title>\n<meta name=\"description\" content=\"Armaton 3000XF:lle on saatavilla monia erilaisia varaosia. Katso mit\u00e4 t\u00e4\u00e4lt\u00e4 l\u00f6ytyy.\" \/>\n<meta name=\"robots\" content=\"index, follow, max-snippet:-1, max-image-preview:large, max-video-preview:-1\" \/>\n<link rel=\"canonical\" href=\"https:\/\/www.armaton.com\/fi\/armaton-3000xf-varaosat\/\" \/>\n<meta property=\"og:locale\" content=\"fi_FI\" \/>\n<meta property=\"og:type\" content=\"article\" \/>\n<meta property=\"og:title\" content=\"Armaton 3000XF\u00a0\u2013 Varaosat - Armaton\" \/>\n<meta property=\"og:description\" content=\"Armaton 3000XF:lle on saatavilla monia erilaisia varaosia. Katso mit\u00e4 t\u00e4\u00e4lt\u00e4 l\u00f6ytyy.\" \/>\n<meta property=\"og:url\" content=\"https:\/\/www.armaton.com\/fi\/armaton-3000xf-varaosat\/\" \/>\n<meta property=\"og:site_name\" content=\"Armaton\" \/>\n<meta property=\"article:modified_time\" content=\"2024-01-16T09:46:06+00:00\" \/>\n<meta name=\"twitter:card\" content=\"summary_large_image\" \/>\n<meta name=\"twitter:label1\" content=\"Arvioitu lukuaika\" \/>\n\t<meta name=\"twitter:data1\" content=\"1 minuutti\" \/>\n<script type=\"application\/ld+json\" class=\"yoast-schema-graph\">{\"@context\":\"https:\/\/schema.org\",\"@graph\":[{\"@type\":\"WebPage\",\"@id\":\"https:\/\/www.armaton.com\/fi\/armaton-3000xf-varaosat\/\",\"url\":\"https:\/\/www.armaton.com\/fi\/armaton-3000xf-varaosat\/\",\"name\":\"Armaton 3000XF\u00a0\u2013 Varaosat - Armaton\",\"isPartOf\":{\"@id\":\"https:\/\/www.armaton.com\/#website\"},\"datePublished\":\"2022-01-04T13:22:54+00:00\",\"dateModified\":\"2024-01-16T09:46:06+00:00\",\"description\":\"Armaton 3000XF:lle on saatavilla monia erilaisia varaosia. Katso mit\u00e4 t\u00e4\u00e4lt\u00e4 l\u00f6ytyy.\",\"breadcrumb\":{\"@id\":\"https:\/\/www.armaton.com\/fi\/armaton-3000xf-varaosat\/#breadcrumb\"},\"inLanguage\":\"fi\",\"potentialAction\":[{\"@type\":\"ReadAction\",\"target\":[\"https:\/\/www.armaton.com\/fi\/armaton-3000xf-varaosat\/\"]}]},{\"@type\":\"BreadcrumbList\",\"@id\":\"https:\/\/www.armaton.com\/fi\/armaton-3000xf-varaosat\/#breadcrumb\",\"itemListElement\":[{\"@type\":\"ListItem\",\"position\":1,\"name\":\"Home\",\"item\":\"https:\/\/www.armaton.com\/fi\/\"},{\"@type\":\"ListItem\",\"position\":2,\"name\":\"Armaton 3000XF\u00a0\u2013 Varaosat\"}]},{\"@type\":\"WebSite\",\"@id\":\"https:\/\/www.armaton.com\/#website\",\"url\":\"https:\/\/www.armaton.com\/\",\"name\":\"Armaton\",\"description\":\"Armaton Solutions \u2013 Desire To Improve\",\"potentialAction\":[{\"@type\":\"SearchAction\",\"target\":{\"@type\":\"EntryPoint\",\"urlTemplate\":\"https:\/\/www.armaton.com\/?s={search_term_string}\"},\"query-input\":\"required name=search_term_string\"}],\"inLanguage\":\"fi\"}]}<\/script>\n<!-- \/ Yoast SEO plugin. -->","yoast_head_json":{"title":"Armaton 3000XF\u00a0\u2013 Varaosat - Armaton","description":"Armaton 3000XF:lle on saatavilla monia erilaisia varaosia. Katso mit\u00e4 t\u00e4\u00e4lt\u00e4 l\u00f6ytyy.","robots":{"index":"index","follow":"follow","max-snippet":"max-snippet:-1","max-image-preview":"max-image-preview:large","max-video-preview":"max-video-preview:-1"},"canonical":"https:\/\/www.armaton.com\/fi\/armaton-3000xf-varaosat\/","og_locale":"fi_FI","og_type":"article","og_title":"Armaton 3000XF\u00a0\u2013 Varaosat - Armaton","og_description":"Armaton 3000XF:lle on saatavilla monia erilaisia varaosia. Katso mit\u00e4 t\u00e4\u00e4lt\u00e4 l\u00f6ytyy.","og_url":"https:\/\/www.armaton.com\/fi\/armaton-3000xf-varaosat\/","og_site_name":"Armaton","article_modified_time":"2024-01-16T09:46:06+00:00","twitter_card":"summary_large_image","twitter_misc":{"Arvioitu lukuaika":"1 minuutti"},"schema":{"@context":"https:\/\/schema.org","@graph":[{"@type":"WebPage","@id":"https:\/\/www.armaton.com\/fi\/armaton-3000xf-varaosat\/","url":"https:\/\/www.armaton.com\/fi\/armaton-3000xf-varaosat\/","name":"Armaton 3000XF\u00a0\u2013 Varaosat - Armaton","isPartOf":{"@id":"https:\/\/www.armaton.com\/#website"},"datePublished":"2022-01-04T13:22:54+00:00","dateModified":"2024-01-16T09:46:06+00:00","description":"Armaton 3000XF:lle on saatavilla monia erilaisia varaosia. Katso mit\u00e4 t\u00e4\u00e4lt\u00e4 l\u00f6ytyy.","breadcrumb":{"@id":"https:\/\/www.armaton.com\/fi\/armaton-3000xf-varaosat\/#breadcrumb"},"inLanguage":"fi","potentialAction":[{"@type":"ReadAction","target":["https:\/\/www.armaton.com\/fi\/armaton-3000xf-varaosat\/"]}]},{"@type":"BreadcrumbList","@id":"https:\/\/www.armaton.com\/fi\/armaton-3000xf-varaosat\/#breadcrumb","itemListElement":[{"@type":"ListItem","position":1,"name":"Home","item":"https:\/\/www.armaton.com\/fi\/"},{"@type":"ListItem","position":2,"name":"Armaton 3000XF\u00a0\u2013 Varaosat"}]},{"@type":"WebSite","@id":"https:\/\/www.armaton.com\/#website","url":"https:\/\/www.armaton.com\/","name":"Armaton","description":"Armaton Solutions \u2013 Desire To Improve","potentialAction":[{"@type":"SearchAction","target":{"@type":"EntryPoint","urlTemplate":"https:\/\/www.armaton.com\/?s={search_term_string}"},"query-input":"required name=search_term_string"}],"inLanguage":"fi"}]}},"_links":{"self":[{"href":"https:\/\/www.armaton.com\/fi\/wp-json\/wp\/v2\/pages\/10062","targetHints":{"allow":["GET"]}}],"collection":[{"href":"https:\/\/www.armaton.com\/fi\/wp-json\/wp\/v2\/pages"}],"about":[{"href":"https:\/\/www.armaton.com\/fi\/wp-json\/wp\/v2\/types\/page"}],"author":[{"embeddable":true,"href":"https:\/\/www.armaton.com\/fi\/wp-json\/wp\/v2\/users\/2"}],"replies":[{"embeddable":true,"href":"https:\/\/www.armaton.com\/fi\/wp-json\/wp\/v2\/comments?post=10062"}],"version-history":[{"count":8,"href":"https:\/\/www.armaton.com\/fi\/wp-json\/wp\/v2\/pages\/10062\/revisions"}],"predecessor-version":[{"id":13382,"href":"https:\/\/www.armaton.com\/fi\/wp-json\/wp\/v2\/pages\/10062\/revisions\/13382"}],"wp:attachment":[{"href":"https:\/\/www.armaton.com\/fi\/wp-json\/wp\/v2\/media?parent=10062"}],"curies":[{"name":"wp","href":"https:\/\/api.w.org\/{rel}","templated":true}]}}