{"id":10126,"date":"2022-01-04T14:35:23","date_gmt":"2022-01-04T14:35:23","guid":{"rendered":"https:\/\/www.armaton.com\/?page_id=10126"},"modified":"2025-09-15T09:44:39","modified_gmt":"2025-09-15T09:44:39","slug":"lataukset","status":"publish","type":"page","link":"https:\/\/www.armaton.com\/fi\/lataukset\/","title":{"rendered":"Lataukset"},"content":{"rendered":"<div id=\"pl-10126\"  class=\"panel-layout\" ><div id=\"pg-10126-0\"  class=\"panel-grid panel-has-style\" ><div class=\"siteorigin-panels-stretch panel-row-style panel-row-style-for-10126-0\" data-stretch-type=\"full-stretched\" ><div id=\"pgc-10126-0-0\"  class=\"panel-grid-cell panel-grid-cell-empty\" ><\/div><div id=\"pgc-10126-0-1\"  class=\"panel-grid-cell panel-grid-cell-mobile-last\" ><div id=\"panel-10126-0-1-0\" class=\"so-panel widget widget_siteorigin-panels-builder panel-first-child\" data-index=\"0\" ><div class=\"panel-widget-style panel-widget-style-for-10126-0-1-0\" ><div id=\"pl-w61d45cac14a8d\"  class=\"panel-layout\" ><div id=\"pg-w61d45cac14a8d-0\"  class=\"panel-grid panel-no-style\" ><div id=\"pgc-w61d45cac14a8d-0-0\"  class=\"panel-grid-cell\" ><div id=\"panel-w61d45cac14a8d-0-0-0\" class=\"so-panel widget widget_sow-editor panel-first-child panel-last-child\" data-index=\"0\" ><div\n\t\t\t\n\t\t\tclass=\"so-widget-sow-editor so-widget-sow-editor-base\"\n\t\t\t\n\t\t>\n<div class=\"siteorigin-widget-tinymce textwidget\">\n\t<h1>Lataukset<\/h1>\n<p><span style=\"font-size: 18px;\">Armaton tuotetiedot ja asennusohjeet ladattavissa t\u00e4\u00e4lt\u00e4.<\/span><\/p>\n<\/div>\n<\/div><\/div><\/div><\/div><\/div><\/div><\/div><div id=\"panel-10126-0-1-1\" class=\"so-panel widget widget_siteorigin-panels-builder panel-last-child\" data-index=\"1\" ><div class=\"panel-widget-style panel-widget-style-for-10126-0-1-1\" ><div id=\"pl-w68c7e007df10d\"  class=\"panel-layout\" ><div id=\"pg-w68c7e007df10d-0\"  class=\"panel-grid panel-no-style\" ><div id=\"pgc-w68c7e007df10d-0-0\"  class=\"panel-grid-cell\" ><div id=\"panel-w68c7e007df10d-0-0-0\" class=\"so-panel widget widget_sow-editor panel-first-child panel-last-child\" data-index=\"0\" ><div\n\t\t\t\n\t\t\tclass=\"so-widget-sow-editor so-widget-sow-editor-base\"\n\t\t\t\n\t\t>\n<div class=\"siteorigin-widget-tinymce textwidget\">\n\t<h3><strong>Tuotetiedot<\/strong><\/h3>\n<ul>\n<li><span style=\"font-size: 18px\"><a href=\"https:\/\/forankra.bynder.com\/m\/5819e92eb873fde6\/original\/510810016_Armaton_4000XF_ENG.pdf\" target=\"_blank\" rel=\"noopener noreferrer\">Armaton 4000XF<\/a><\/span><\/li>\n<li><span style=\"font-size: 18px\"><a href=\"https:\/\/forankra.bynder.com\/m\/1631b081d096c4cf\/original\/510810014_Armaton_3000XF_ENG.pdf\" target=\"_blank\" rel=\"noopener noreferrer\">Armaton 3000XF<\/a><\/span><\/li>\n<li><span style=\"font-size: 18px\"><a href=\"https:\/\/forankra.bynder.com\/m\/1077fc33d13a39a1\/original\/510810019_Armaton_Profiles_Attachments_ENG.pdf\" target=\"_blank\" rel=\"noopener noreferrer\">Profiilit ja osakomponentit<\/a><\/span><\/li>\n<li><span style=\"font-size: 18px\"><a href=\"https:\/\/forankra.bynder.com\/m\/54aebb7c4393e5e9\/original\/510810020_Armaton_Spare_Parts_3000_4000XF_ENG.pdf\" target=\"_blank\" rel=\"noopener noreferrer\">Varaosat \u2013 Armaton 4000XF ja 3000XF<\/a><\/span><\/li>\n<li><a href=\"https:\/\/forankra.bynder.com\/m\/55efb122ac3975c4\/original\/Armaton-MP-OneStep_FIN.pdf\" target=\"_blank\" rel=\"noopener noreferrer\"><span style=\"font-size: 18px\">Armaton MP OneStep<\/span><\/a><\/li>\n<li><a href=\"https:\/\/forankra.bynder.com\/m\/1f100b16988976c8\/original\/Armaton-MP-LongGoods_FINNISH.pdf\" target=\"_blank\" rel=\"noopener\"><span style=\"font-size: 18px\">Armaton MP LongGoods<\/span><\/a><\/li>\n<\/ul>\n<p>&nbsp;<\/p>\n<p>&nbsp;<\/p>\n<p>&nbsp;<\/p>\n<\/div>\n<\/div><\/div><\/div><div id=\"pgc-w68c7e007df10d-0-1\"  class=\"panel-grid-cell\" ><div id=\"panel-w68c7e007df10d-0-1-0\" class=\"so-panel widget widget_sow-editor panel-first-child panel-last-child\" data-index=\"1\" ><div\n\t\t\t\n\t\t\tclass=\"so-widget-sow-editor so-widget-sow-editor-base\"\n\t\t\t\n\t\t>\n<div class=\"siteorigin-widget-tinymce textwidget\">\n\t<h3><strong>Asennusohjeet<\/strong><\/h3>\n<ul>\n<li><span style=\"font-size: 18px;\"><a href=\"https:\/\/forankra.bynder.com\/m\/62f9aebdbd34c412\/original\/510810017_Mount_Instr_4000XF.pdf\" target=\"_blank\" rel=\"noopener noreferrer\">Armaton 4000XF \u2013 Asennusohjeet<\/a><\/span><\/li>\n<li><span style=\"font-size: 18px;\"><a href=\"https:\/\/forankra.bynder.com\/m\/4d8bccaf41ce8237\/original\/510810015_Mount_Instr_3000XF.pdf\" target=\"_blank\" rel=\"noopener noreferrer\">Armaton 3000XF \u2013 Asennusohjeet<\/a><\/span><\/li>\n<li><a href=\"https:\/\/forankra.bynder.com\/m\/6b36641494ee4934\/original\/510810018_Mount_Instr_Handle_replacement.pdf\" target=\"_blank\" rel=\"noopener\"><span style=\"font-size: 18px;\">Kahvan vaihto \u2013 Armaton 4000XF ja 3000XF<\/span><\/a><\/li>\n<li><a href=\"https:\/\/forankra.bynder.com\/m\/1d3e45619fea19a0\/original\/510810011_Mount_Instr_Modular_Platform.pdf\" target=\"_blank\" rel=\"noopener\"><span style=\"font-size: 18px;\">Armaton Modular Platform \u2013 Asennusohjeet<\/span><\/a><\/li>\n<li><a href=\"http:\/\/forankra.sites.zc.zitac.net\/A\/Forankra+Mediabank\/19148?encoding=UTF-8\" target=\"_blank\" rel=\"noopener noreferrer\"><span style=\"font-size: 18px;\">Armaton takalaidan kannatin \u2013 Asennusohjeet<\/span><\/a><\/li>\n<li><a href=\"https:\/\/forankra.bynder.com\/m\/2f11287444bc3132\/original\/510810030_Mount_Instr_OneStep.pdf\" target=\"_blank\" rel=\"noopener noreferrer\"><span style=\"font-size: 18px;\">Armaton MP OneStep \u2013 Asennusohjeet<\/span><\/a><\/li>\n<\/ul>\n<\/div>\n<\/div><\/div><\/div><div id=\"pgc-w68c7e007df10d-0-2\"  class=\"panel-grid-cell\" ><div id=\"panel-w68c7e007df10d-0-2-0\" class=\"so-panel widget widget_sow-editor panel-first-child panel-last-child\" data-index=\"2\" ><div\n\t\t\t\n\t\t\tclass=\"so-widget-sow-editor so-widget-sow-editor-base\"\n\t\t\t\n\t\t>\n<div class=\"siteorigin-widget-tinymce textwidget\">\n\t<h3 style=\"text-align: left;\"><strong><span lang=\"EN-US\"><strong>Tilaa Modular Platform t\u00e4\u00e4lt\u00e4!<\/strong><\/span><\/strong><\/h3>\n<p style=\"text-align: left;\"><span style=\"font-size: 16px;\"><span lang=\"EN-US\">Mik\u00e4li haluat tilata tai haluat meilt\u00e4 Modular Kit tarjouksen, lataa ja t\u00e4yt\u00e4 allaoleva lomake ja toimita se sivun alareunassa mainitulle yhteyshenkil\u00f6llesi.<\/span><\/span><\/p>\n<p><a href=\"https:\/\/forankra.bynder.com\/m\/5a1a7fd23b9c811\/original\/Inquiry-and-order-form-Armaton-Modular-Platform-Kit.pdf\" target=\"_blank\" rel=\"noopener noreferrer\"><span style=\"font-size: 18px;\">Armaton Modular Platform tilauslomake<\/span><\/a><\/p>\n<\/div>\n<\/div><\/div><\/div><\/div><\/div><\/div><\/div><\/div><div id=\"pgc-10126-0-2\"  class=\"panel-grid-cell panel-grid-cell-empty\" ><\/div><\/div><\/div><div id=\"pg-10126-1\"  class=\"panel-grid panel-has-style\" ><div class=\"siteorigin-panels-stretch panel-row-style panel-row-style-for-10126-1\" data-stretch-type=\"full\" ><div id=\"pgc-10126-1-0\"  class=\"panel-grid-cell panel-grid-cell-empty\" ><\/div><div id=\"pgc-10126-1-1\"  class=\"panel-grid-cell panel-grid-cell-empty panel-grid-cell-mobile-last\" ><\/div><div id=\"pgc-10126-1-2\"  class=\"panel-grid-cell panel-grid-cell-empty\" ><\/div><\/div><\/div><\/div>","protected":false},"excerpt":{"rendered":"<p>Lataukset Armaton tuotetiedot ja asennusohjeet ladattavissa t\u00e4\u00e4lt\u00e4. Tuotetiedot Armaton 4000XF Armaton 3000XF Profiilit ja osakomponentit Varaosat \u2013 Armaton 4000XF ja 3000XF Armaton MP OneStep Armaton MP LongGoods &nbsp; &nbsp; &nbsp; Asennusohjeet Armaton 4000XF \u2013 Asennusohjeet Armaton 3000XF \u2013 Asennusohjeet Kahvan vaihto \u2013 Armaton 4000XF ja 3000XF Armaton Modular Platform \u2013 Asennusohjeet Armaton takalaidan kannatin \u2013 [&hellip;]<\/p>\n","protected":false},"author":2,"featured_media":0,"parent":0,"menu_order":0,"comment_status":"closed","ping_status":"closed","template":"","meta":{"footnotes":""},"class_list":["post-10126","page","type-page","status-publish","hentry"],"yoast_head":"<!-- This site is optimized with the Yoast SEO plugin v20.4 - https:\/\/yoast.com\/wordpress\/plugins\/seo\/ -->\n<title>Lataukset - Armaton<\/title>\n<meta name=\"description\" content=\"Armaton tuotetiedot ja asennusohjeet ladattavissa t\u00e4\u00e4lt\u00e4.\" \/>\n<meta name=\"robots\" content=\"index, follow, max-snippet:-1, max-image-preview:large, max-video-preview:-1\" \/>\n<link rel=\"canonical\" href=\"https:\/\/www.armaton.com\/fi\/lataukset\/\" \/>\n<meta property=\"og:locale\" content=\"fi_FI\" \/>\n<meta property=\"og:type\" content=\"article\" \/>\n<meta property=\"og:title\" content=\"Lataukset - Armaton\" \/>\n<meta property=\"og:description\" content=\"Armaton tuotetiedot ja asennusohjeet ladattavissa t\u00e4\u00e4lt\u00e4.\" \/>\n<meta property=\"og:url\" content=\"https:\/\/www.armaton.com\/fi\/lataukset\/\" \/>\n<meta property=\"og:site_name\" content=\"Armaton\" \/>\n<meta property=\"article:modified_time\" content=\"2025-09-15T09:44:39+00:00\" \/>\n<meta name=\"twitter:card\" content=\"summary_large_image\" \/>\n<meta name=\"twitter:label1\" content=\"Arvioitu lukuaika\" \/>\n\t<meta name=\"twitter:data1\" content=\"1 minuutti\" \/>\n<script type=\"application\/ld+json\" class=\"yoast-schema-graph\">{\"@context\":\"https:\/\/schema.org\",\"@graph\":[{\"@type\":\"WebPage\",\"@id\":\"https:\/\/www.armaton.com\/fi\/lataukset\/\",\"url\":\"https:\/\/www.armaton.com\/fi\/lataukset\/\",\"name\":\"Lataukset - Armaton\",\"isPartOf\":{\"@id\":\"https:\/\/www.armaton.com\/#website\"},\"datePublished\":\"2022-01-04T14:35:23+00:00\",\"dateModified\":\"2025-09-15T09:44:39+00:00\",\"description\":\"Armaton tuotetiedot ja asennusohjeet ladattavissa t\u00e4\u00e4lt\u00e4.\",\"breadcrumb\":{\"@id\":\"https:\/\/www.armaton.com\/fi\/lataukset\/#breadcrumb\"},\"inLanguage\":\"fi\",\"potentialAction\":[{\"@type\":\"ReadAction\",\"target\":[\"https:\/\/www.armaton.com\/fi\/lataukset\/\"]}]},{\"@type\":\"BreadcrumbList\",\"@id\":\"https:\/\/www.armaton.com\/fi\/lataukset\/#breadcrumb\",\"itemListElement\":[{\"@type\":\"ListItem\",\"position\":1,\"name\":\"Home\",\"item\":\"https:\/\/www.armaton.com\/fi\/\"},{\"@type\":\"ListItem\",\"position\":2,\"name\":\"Lataukset\"}]},{\"@type\":\"WebSite\",\"@id\":\"https:\/\/www.armaton.com\/#website\",\"url\":\"https:\/\/www.armaton.com\/\",\"name\":\"Armaton\",\"description\":\"Armaton Solutions \u2013 Desire To Improve\",\"potentialAction\":[{\"@type\":\"SearchAction\",\"target\":{\"@type\":\"EntryPoint\",\"urlTemplate\":\"https:\/\/www.armaton.com\/?s={search_term_string}\"},\"query-input\":\"required name=search_term_string\"}],\"inLanguage\":\"fi\"}]}<\/script>\n<!-- \/ Yoast SEO plugin. -->","yoast_head_json":{"title":"Lataukset - Armaton","description":"Armaton tuotetiedot ja asennusohjeet ladattavissa t\u00e4\u00e4lt\u00e4.","robots":{"index":"index","follow":"follow","max-snippet":"max-snippet:-1","max-image-preview":"max-image-preview:large","max-video-preview":"max-video-preview:-1"},"canonical":"https:\/\/www.armaton.com\/fi\/lataukset\/","og_locale":"fi_FI","og_type":"article","og_title":"Lataukset - Armaton","og_description":"Armaton tuotetiedot ja asennusohjeet ladattavissa t\u00e4\u00e4lt\u00e4.","og_url":"https:\/\/www.armaton.com\/fi\/lataukset\/","og_site_name":"Armaton","article_modified_time":"2025-09-15T09:44:39+00:00","twitter_card":"summary_large_image","twitter_misc":{"Arvioitu lukuaika":"1 minuutti"},"schema":{"@context":"https:\/\/schema.org","@graph":[{"@type":"WebPage","@id":"https:\/\/www.armaton.com\/fi\/lataukset\/","url":"https:\/\/www.armaton.com\/fi\/lataukset\/","name":"Lataukset - Armaton","isPartOf":{"@id":"https:\/\/www.armaton.com\/#website"},"datePublished":"2022-01-04T14:35:23+00:00","dateModified":"2025-09-15T09:44:39+00:00","description":"Armaton tuotetiedot ja asennusohjeet ladattavissa t\u00e4\u00e4lt\u00e4.","breadcrumb":{"@id":"https:\/\/www.armaton.com\/fi\/lataukset\/#breadcrumb"},"inLanguage":"fi","potentialAction":[{"@type":"ReadAction","target":["https:\/\/www.armaton.com\/fi\/lataukset\/"]}]},{"@type":"BreadcrumbList","@id":"https:\/\/www.armaton.com\/fi\/lataukset\/#breadcrumb","itemListElement":[{"@type":"ListItem","position":1,"name":"Home","item":"https:\/\/www.armaton.com\/fi\/"},{"@type":"ListItem","position":2,"name":"Lataukset"}]},{"@type":"WebSite","@id":"https:\/\/www.armaton.com\/#website","url":"https:\/\/www.armaton.com\/","name":"Armaton","description":"Armaton Solutions \u2013 Desire To Improve","potentialAction":[{"@type":"SearchAction","target":{"@type":"EntryPoint","urlTemplate":"https:\/\/www.armaton.com\/?s={search_term_string}"},"query-input":"required name=search_term_string"}],"inLanguage":"fi"}]}},"_links":{"self":[{"href":"https:\/\/www.armaton.com\/fi\/wp-json\/wp\/v2\/pages\/10126","targetHints":{"allow":["GET"]}}],"collection":[{"href":"https:\/\/www.armaton.com\/fi\/wp-json\/wp\/v2\/pages"}],"about":[{"href":"https:\/\/www.armaton.com\/fi\/wp-json\/wp\/v2\/types\/page"}],"author":[{"embeddable":true,"href":"https:\/\/www.armaton.com\/fi\/wp-json\/wp\/v2\/users\/2"}],"replies":[{"embeddable":true,"href":"https:\/\/www.armaton.com\/fi\/wp-json\/wp\/v2\/comments?post=10126"}],"version-history":[{"count":28,"href":"https:\/\/www.armaton.com\/fi\/wp-json\/wp\/v2\/pages\/10126\/revisions"}],"predecessor-version":[{"id":14043,"href":"https:\/\/www.armaton.com\/fi\/wp-json\/wp\/v2\/pages\/10126\/revisions\/14043"}],"wp:attachment":[{"href":"https:\/\/www.armaton.com\/fi\/wp-json\/wp\/v2\/media?parent=10126"}],"curies":[{"name":"wp","href":"https:\/\/api.w.org\/{rel}","templated":true}]}}