{"id":10436,"date":"2022-01-27T12:01:06","date_gmt":"2022-01-27T12:01:06","guid":{"rendered":"https:\/\/www.armaton.com\/?page_id=10436"},"modified":"2026-04-28T11:45:51","modified_gmt":"2026-04-28T11:45:51","slug":"yhteystiedot","status":"publish","type":"page","link":"https:\/\/www.armaton.com\/fi\/yhteystiedot\/","title":{"rendered":"Yhteystiedot"},"content":{"rendered":"<div id=\"pl-10436\"  class=\"panel-layout\" ><div id=\"pg-10436-0\"  class=\"panel-grid panel-has-style\" ><div class=\"siteorigin-panels-stretch panel-row-style panel-row-style-for-10436-0\" data-stretch-type=\"full-stretched\" ><div id=\"pgc-10436-0-0\"  class=\"panel-grid-cell panel-grid-cell-empty\" ><\/div><div id=\"pgc-10436-0-1\"  class=\"panel-grid-cell\" ><div id=\"panel-10436-0-1-0\" class=\"so-panel widget widget_sow-editor panel-first-child panel-last-child\" data-index=\"0\" ><div class=\"panel-widget-style panel-widget-style-for-10436-0-1-0\" ><div\n\t\t\t\n\t\t\tclass=\"so-widget-sow-editor so-widget-sow-editor-base\"\n\t\t\t\n\t\t>\n<div class=\"siteorigin-widget-tinymce textwidget\">\n\t<h1><span style=\"color: #ffffff;\">Yhteystiedot<\/span><\/h1>\n<\/div>\n<\/div><\/div><\/div><\/div><\/div><\/div><div id=\"pg-10436-1\"  class=\"panel-grid panel-has-style\" ><div class=\"siteorigin-panels-stretch panel-row-style panel-row-style-for-10436-1\" data-stretch-type=\"full-stretched\" ><div id=\"pgc-10436-1-0\"  class=\"panel-grid-cell panel-grid-cell-empty\" ><\/div><div id=\"pgc-10436-1-1\"  class=\"panel-grid-cell panel-grid-cell-mobile-last\" ><div id=\"panel-10436-1-1-0\" class=\"so-panel widget widget_sow-editor panel-first-child\" data-index=\"1\" ><div class=\"panel-widget-style panel-widget-style-for-10436-1-1-0\" ><div\n\t\t\t\n\t\t\tclass=\"so-widget-sow-editor so-widget-sow-editor-base\"\n\t\t\t\n\t\t>\n<div class=\"siteorigin-widget-tinymce textwidget\">\n\t<p>&nbsp;<\/p>\n<h2><strong>Ratkaisuja kevyille hy\u00f6tyajoneuvoille<\/strong><\/h2>\n<p><span style=\"font-size: 18px;\"> Armaton valmistaa lukkotolppia ja modulaarisia alumiinilavoja kevyisiin hy\u00f6tyajoneuvoihin, joilla taataan maksimi hy\u00f6tykuorma sek\u00e4 turvallinen ja kannattava kuljetus.<\/span><\/p>\n<\/div>\n<\/div><\/div><\/div><div id=\"panel-10436-1-1-1\" class=\"so-panel widget widget_sow-editor\" data-index=\"2\" ><div class=\"panel-widget-style panel-widget-style-for-10436-1-1-1\" ><div\n\t\t\t\n\t\t\tclass=\"so-widget-sow-editor so-widget-sow-editor-base\"\n\t\t\t\n\t\t>\n<div class=\"siteorigin-widget-tinymce textwidget\">\n\t<h3><strong>Yhteisty\u00f6kumppanit<\/strong><\/h3>\n<p><span style=\"font-size: 18px;\">Armaton on Forankra AB:n tavaramerkki ja toimipaikka V\u00e5rg\u00e5rdassa, Ruotsissa. Yhteisty\u00f6kumppanimme on lueteltu alla.<\/span><\/p>\n<p><span style=\"font-size: 18px;\">Mik\u00e4li alueesi edustajan yhteystiedot puuttuvat, ota yhteys Forankra AB, Ruotsi.<\/span><\/p>\n<\/div>\n<\/div><\/div><\/div><div id=\"panel-10436-1-1-2\" class=\"so-panel widget widget_sow-editor\" data-index=\"3\" ><div class=\"panel-widget-style panel-widget-style-for-10436-1-1-2\" ><div\n\t\t\t\n\t\t\tclass=\"so-widget-sow-editor so-widget-sow-editor-base\"\n\t\t\t\n\t\t>\n<div class=\"siteorigin-widget-tinymce textwidget\">\n\t<h3><strong>Varaosat<\/strong><\/h3>\n<p><span style=\"font-size: 18px;\">Armaton toimittaa tuotteita monelle p\u00e4\u00e4llirakentajalle Euroopassa. Jos tarvitset varaosia heid\u00e4n valmistamille tuotteille, ota yhteys suoraan heihin saadaksesi oikean varaosan.<\/span><\/p>\n<p><span style=\"font-size: 18px;\">Miten tunnistaa p\u00e4\u00e4llirakentaja:<\/span><\/p>\n<ol>\n<li><span style=\"font-size: 18px;\">Valmistajan tiedot ovat yleens\u00e4 n\u00e4ht\u00e4viss\u00e4 ohjaamosuojan takana olevasta laatasta.\u00a0<\/span><\/li>\n<li><span style=\"font-size: 18px;\">Jos tiedot puuttuvat tai ovat vaikeat tunnistaa, ota yhteys Forankra AB, Ruotsi.<\/span><\/li>\n<li><span style=\"font-size: 18px;\">Tunnistamisen helpottamiseksi, liit\u00e4 mukaan valokuva lavasta.\u00a0<\/span><\/li>\n<\/ol>\n<\/div>\n<\/div><\/div><\/div><div id=\"panel-10436-1-1-3\" class=\"so-panel widget widget_sow-image panel-last-child\" data-index=\"4\" ><div\n\t\t\t\n\t\t\tclass=\"so-widget-sow-image so-widget-sow-image-default-8b5b6f678277-10436\"\n\t\t\t\n\t\t>\n\n<div class=\"sow-image-container\">\n\t\t<img decoding=\"async\" src=\"https:\/\/www.armaton.com\/wp-content\/uploads\/sites\/14\/2019\/08\/IDplate1000x331.jpg\" width=\"1000\" height=\"331\" srcset=\"https:\/\/www.armaton.com\/wp-content\/uploads\/sites\/14\/2019\/08\/IDplate1000x331.jpg 1000w, https:\/\/www.armaton.com\/wp-content\/uploads\/sites\/14\/2019\/08\/IDplate1000x331-300x99.jpg 300w, https:\/\/www.armaton.com\/wp-content\/uploads\/sites\/14\/2019\/08\/IDplate1000x331-768x254.jpg 768w, https:\/\/www.armaton.com\/wp-content\/uploads\/sites\/14\/2019\/08\/IDplate1000x331-600x199.jpg 600w\" sizes=\"auto, (max-width: 1000px) 100vw, 1000px\" title=\"IDplate,1000&#215;331\" alt=\"\" loading=\"lazy\" \t\tclass=\"so-widget-image\"\/>\n\t<\/div>\n\n<\/div><\/div><\/div><div id=\"pgc-10436-1-2\"  class=\"panel-grid-cell panel-grid-cell-empty\" ><\/div><\/div><\/div><div id=\"pg-10436-2\"  class=\"panel-grid panel-has-style\" ><div class=\"siteorigin-panels-stretch panel-row-style panel-row-style-for-10436-2\" data-stretch-type=\"full-stretched\" ><div id=\"pgc-10436-2-0\"  class=\"panel-grid-cell panel-grid-cell-empty\" ><\/div><div id=\"pgc-10436-2-1\"  class=\"panel-grid-cell panel-grid-cell-mobile-last\" ><div id=\"panel-10436-2-1-0\" class=\"so-panel widget widget_sow-editor panel-first-child panel-last-child\" data-index=\"5\" ><div class=\"panel-widget-style panel-widget-style-for-10436-2-1-0\" ><div\n\t\t\t\n\t\t\tclass=\"so-widget-sow-editor so-widget-sow-editor-base\"\n\t\t\t\n\t\t>\n<div class=\"siteorigin-widget-tinymce textwidget\">\n\t<p>____________________________________________________________________________________________________________________________________________________________________________<\/p>\n<p>&nbsp;<\/p>\n<h2><strong>Yhteisty\u00f6kumppanimme<\/strong><\/h2>\n<\/div>\n<\/div><\/div><\/div><\/div><div id=\"pgc-10436-2-2\"  class=\"panel-grid-cell panel-grid-cell-empty\" ><\/div><\/div><\/div><div id=\"pg-10436-3\"  class=\"panel-grid panel-has-style\" ><div class=\"siteorigin-panels-stretch panel-row-style panel-row-style-for-10436-3\" data-stretch-type=\"full-stretched\" ><div id=\"pgc-10436-3-0\"  class=\"panel-grid-cell panel-grid-cell-empty\" ><\/div><div id=\"pgc-10436-3-1\"  class=\"panel-grid-cell\" ><div id=\"panel-10436-3-1-0\" class=\"so-panel widget widget_sow-editor panel-first-child\" data-index=\"6\" ><div class=\"panel-widget-style panel-widget-style-for-10436-3-1-0\" ><div\n\t\t\t\n\t\t\tclass=\"so-widget-sow-editor so-widget-sow-editor-base\"\n\t\t\t\n\t\t>\n<div class=\"siteorigin-widget-tinymce textwidget\">\n\t<h3><strong>Ruotsi<\/strong><\/h3>\n<p><span style=\"font-size: 21px;\"><strong>Forankra AB<\/strong><\/span><br \/>\n<span style=\"font-size: 18px;\">Verkstadsgatan 2<\/span><br \/>\n<span style=\"font-size: 18px;\">447 37 V\u00e5rg\u00e5rda<\/span><br \/>\n<span style=\"font-size: 18px;\"><span lang=\"EN-US\">Tel: +46 322 66 78 00<br \/>\n<\/span><span lang=\"EN-US\"><a href=\"mailto:info@forankra.se\">info@forankra.se<\/a><br \/>\n<\/span><span lang=\"EN-US\"><a href=\"https:\/\/www.forankra.se\/en\/contact-us\/sales-contacts\/\" target=\"_blank\" rel=\"noopener noreferrer\">www.forankra.se<\/a><\/span><\/span><span lang=\"EN-US\"><span style=\"color: #000000;\"><br \/>\n<\/span><\/span><\/p>\n<p>&nbsp;<\/p>\n<\/div>\n<\/div><\/div><\/div><div id=\"panel-10436-3-1-1\" class=\"so-panel widget widget_sow-editor\" data-index=\"7\" ><div class=\"panel-widget-style panel-widget-style-for-10436-3-1-1\" ><div\n\t\t\t\n\t\t\tclass=\"so-widget-sow-editor so-widget-sow-editor-base\"\n\t\t\t\n\t\t>\n<div class=\"siteorigin-widget-tinymce textwidget\">\n\t<h3><strong><span lang=\"EN-US\">Puola<\/span><\/strong><\/h3>\n<p><strong><span style=\"color: #7d7d7d;\"><span style=\"font-size: 21px;\">Forankra Pol Sp. z o.o.<\/span><br \/>\n<\/span><\/strong><span style=\"font-size: 18px;\">ul. Lubczy\u0144ska 6c<\/span><br \/>\n<span style=\"font-size: 18px;\">70-895 Szczecin<span style=\"color: #7d7d7d;\"><br \/>\n<\/span><span style=\"color: #7d7d7d;\">Tel.+48 91 418 25 91\u00a0<\/span><span style=\"color: #7d7d7d;\"><br \/>\n<\/span><span style=\"color: #7d7d7d;\"><a href=\"mailto:office@forankra.pl\"><span lang=\"EN-US\">office@forankra.pl<\/span><\/a><a><span lang=\"EN-US\"><br \/>\n<\/span><\/a><\/span><span lang=\"EN-US\"><span style=\"color: #7d7d7d;\"><a href=\"https:\/\/www.forankra.pl\/kontakt\/\" target=\"_blank\" rel=\"noopener noreferrer\">www.forankra.pl<\/a><\/span><\/span><\/span><\/p>\n<\/div>\n<\/div><\/div><\/div><div id=\"panel-10436-3-1-2\" class=\"so-panel widget widget_sow-editor panel-last-child\" data-index=\"8\" ><div class=\"panel-widget-style panel-widget-style-for-10436-3-1-2\" ><div\n\t\t\t\n\t\t\tclass=\"so-widget-sow-editor so-widget-sow-editor-base\"\n\t\t\t\n\t\t>\n<div class=\"siteorigin-widget-tinymce textwidget\">\n\t<p>&nbsp;<br \/>\n&nbsp;<\/p>\n<h3><strong>Alankomaat<\/strong><\/h3>\n<p><span style=\"font-size: 21px;\"><strong>Verstappen Metaal &amp; Carrosseriebouw B.V.\u00a0<\/strong><\/span><br \/>\n<span style=\"font-size: 18px;\">Dukaat 4\u00a0<\/span><br \/>\n<span style=\"font-size: 18px;\">5751 PW Deurne\u00a0\u00a0\u00a0\u00a0\u00a0\u00a0\u00a0\u00a0<\/span><br \/>\n<span style=\"font-size: 18px;\"><span lang=\"EN-US\">Tel: +31 493311888<br \/>\n<\/span><span lang=\"EN-US\"><a href=\"mailto:info@verstappenmetaal.nl\" target=\"_blank\" rel=\"noopener\">info@verstappenmetaal.nl<\/a><br \/>\n<\/span><span lang=\"EN-US\"><a href=\"https:\/\/www.verstappenmetaal.nl\/\" target=\"_blank\" rel=\"noopener noreferrer\">www.verstappenmetaal.nl<\/a><\/span><\/span><span lang=\"EN-US\"><span style=\"color: #000000;\"><br \/>\n<\/span><\/span><\/p>\n<p>&nbsp;<\/p>\n<\/div>\n<\/div><\/div><\/div><\/div><div id=\"pgc-10436-3-2\"  class=\"panel-grid-cell\" ><div id=\"panel-10436-3-2-0\" class=\"so-panel widget widget_sow-editor panel-first-child\" data-index=\"9\" ><div class=\"panel-widget-style panel-widget-style-for-10436-3-2-0\" ><div\n\t\t\t\n\t\t\tclass=\"so-widget-sow-editor so-widget-sow-editor-base\"\n\t\t\t\n\t\t>\n<div class=\"siteorigin-widget-tinymce textwidget\">\n\t<h3><strong>Suomi<\/strong><\/h3>\n<p><span style=\"font-size: 18px\"><strong><span style=\"color: #7d7d7d\"><span style=\"font-size: 21px\">TMT Widni Oy<\/span><br \/>\n<\/span><\/strong><span style=\"color: #7d7d7d\">Vanhatie 16<br \/>\n<\/span><span style=\"color: #7d7d7d\">15210 LAHTI<br \/>\n<\/span><span style=\"color: #7d7d7d\">Tel. +358 3 882 0500<br \/>\n<a href=\"mailto:info@tmt.fi\">info@tmtwidni.fi<\/a><\/span><\/span><br \/>\n<span style=\"font-size: 18px\"><a href=\"https:\/\/www.tmt.fi\/cms\/en\/tmt-malinen-oy\/contact\" target=\"_blank\" rel=\"noopener noreferrer\">www.tmtwidni.fi<\/a><\/span><\/p>\n<p>&nbsp;<\/p>\n<\/div>\n<\/div><\/div><\/div><div id=\"panel-10436-3-2-1\" class=\"so-panel widget widget_sow-editor panel-last-child\" data-index=\"10\" ><div class=\"panel-widget-style panel-widget-style-for-10436-3-2-1\" ><div\n\t\t\t\n\t\t\tclass=\"so-widget-sow-editor so-widget-sow-editor-base\"\n\t\t\t\n\t\t>\n<div class=\"siteorigin-widget-tinymce textwidget\">\n\t<h3><strong><span lang=\"EN-US\">Espanja<\/span><\/strong><\/h3>\n<p><span style=\"color: #7d7d7d;\"><span style=\"font-size: 21px;\"><strong>Forankra Espa<span style=\"margin: 0px; line-height: 107%; font-family: 'Calibri',sans-serif;\">\u00f1<\/span>a, S.L.U.<\/strong><\/span><br \/>\n<\/span><span style=\"font-size: 18px;\"><span style=\"color: #7d7d7d;\">Av.Universidad Aut\u00f3noma,15<br \/>\nParque Tecnol\u00f3gico del Vall\u00e9s<br \/>\n<\/span><span style=\"color: #7d7d7d;\">08290 - Cerdanyola del Vall\u00e9s<br \/>\n<\/span><span style=\"color: #7d7d7d;\">Barcelona<br \/>\nTel.<\/span><span style=\"color: #7d7d7d;\"> +34 93 580 06 60\u00a0<\/span><span lang=\"EN-US\"><span style=\"color: #7d7d7d;\"><br \/>\n<\/span><\/span><span style=\"color: #7d7d7d;\"><a href=\"mailto:info@forankra.es\"><span lang=\"EN-US\">info@forankra.es<\/span><\/a><a><span lang=\"EN-US\"><br \/>\n<\/span><\/a><\/span><a href=\"https:\/\/www.forankra.es\/contacto-general\/\" target=\"_blank\" rel=\"noopener noreferrer\">www.forankra.es<\/a><\/span><\/p>\n<\/div>\n<\/div><\/div><\/div><\/div><div id=\"pgc-10436-3-3\"  class=\"panel-grid-cell panel-grid-cell-mobile-last\" ><div id=\"panel-10436-3-3-0\" class=\"so-panel widget widget_sow-editor panel-first-child\" data-index=\"11\" ><div class=\"panel-widget-style panel-widget-style-for-10436-3-3-0\" ><div\n\t\t\t\n\t\t\tclass=\"so-widget-sow-editor so-widget-sow-editor-base\"\n\t\t\t\n\t\t>\n<div class=\"siteorigin-widget-tinymce textwidget\">\n\t<h3><strong>Ranska<\/strong><\/h3>\n<p><span style=\"font-size: 18px;\"><span style=\"color: #7d7d7d;\"><span style=\"font-size: 21px;\"><strong>Forankra ACK SAS<\/strong><\/span><br \/>\n<\/span><span style=\"color: #7d7d7d;\">8 rue J. de Vaucanson<br \/>\nZA de la Pesseli\u00e8re<br \/>\n69780 MIONS - LYON<br \/>\nTel.<\/span><span lang=\"EN-US\"><span style=\"color: #7d7d7d;\"> +33 4 72 45 01 20\u00a0<\/span><\/span><span lang=\"EN-US\"><span style=\"color: #7d7d7d;\"><br \/>\n<\/span><\/span><\/span><span lang=\"EN-US\"><span style=\"color: #7d7d7d;\"><span style=\"font-size: 18px;\"><a href=\"mailto:info@forankra.fr\"> info@forankra.fr<\/a><\/span><br \/>\n<span style=\"font-size: 18px;\"><a href=\"https:\/\/www.forankra.fr\/contact-us\/\" target=\"_blank\" rel=\"noopener noreferrer\">www.forankra.fr<\/a><\/span><br \/>\n<\/span><\/span><\/p>\n<\/div>\n<\/div><\/div><\/div><div id=\"panel-10436-3-3-1\" class=\"so-panel widget widget_sow-editor panel-last-child\" data-index=\"12\" ><div class=\"panel-widget-style panel-widget-style-for-10436-3-3-1\" ><div\n\t\t\t\n\t\t\tclass=\"so-widget-sow-editor so-widget-sow-editor-base\"\n\t\t\t\n\t\t>\n<div class=\"siteorigin-widget-tinymce textwidget\">\n\t<h3><strong>Saksa<\/strong><\/h3>\n<p><span style=\"font-size: 18px;\"><span style=\"color: #7d7d7d;\"><span style=\"font-size: 21px;\"><strong>J\u00f6rg De Bondt Fahrzeugaufbauten<\/strong><\/span><br \/>\n<\/span><span style=\"color: #7d7d7d;\">Ahlener Stra\u00dfe 172<br \/>\n59073 HAMM<br \/>\nTel.<\/span><span lang=\"EN-US\"><span style=\"color: #7d7d7d;\"> +49 2381 97 224 0\u00a0<\/span><\/span><span lang=\"EN-US\"><span style=\"color: #7d7d7d;\"><br \/>\n<\/span><\/span><\/span><span lang=\"EN-US\"><span style=\"color: #7d7d7d;\"><span style=\"font-size: 18px;\"><a href=\"mailto:mail@fahrzeugaufbauten.info\"> mail@fahrzeugaufbauten.info<\/a><\/span><br \/>\n<span style=\"font-size: 18px;\"><a href=\"http:\/\/www.fahrzeugaufbauten.info\" target=\"_blank\" rel=\"noopener noreferrer\">www.fahrzeugaufbauten.info<\/a><\/span><br \/>\n<\/span><\/span><\/p>\n<\/div>\n<\/div><\/div><\/div><\/div><div id=\"pgc-10436-3-4\"  class=\"panel-grid-cell panel-grid-cell-empty\" ><\/div><\/div><\/div><div id=\"pg-10436-4\"  class=\"panel-grid panel-has-style\" ><div class=\"siteorigin-panels-stretch panel-row-style panel-row-style-for-10436-4\" data-stretch-type=\"full-stretched\" ><div id=\"pgc-10436-4-0\"  class=\"panel-grid-cell panel-grid-cell-empty\" ><\/div><div id=\"pgc-10436-4-1\"  class=\"panel-grid-cell panel-grid-cell-mobile-last\" ><div id=\"panel-10436-4-1-0\" class=\"so-panel widget widget_sow-editor panel-first-child panel-last-child\" data-index=\"13\" ><div\n\t\t\t\n\t\t\tclass=\"so-widget-sow-editor so-widget-sow-editor-base\"\n\t\t\t\n\t\t>\n<div class=\"siteorigin-widget-tinymce textwidget\">\n\t<p>&nbsp;<\/p>\n<\/div>\n<\/div><\/div><\/div><div id=\"pgc-10436-4-2\"  class=\"panel-grid-cell panel-grid-cell-empty\" ><\/div><\/div><\/div><\/div>","protected":false},"excerpt":{"rendered":"<p>Yhteystiedot &nbsp; Ratkaisuja kevyille hy\u00f6tyajoneuvoille Armaton valmistaa lukkotolppia ja modulaarisia alumiinilavoja kevyisiin hy\u00f6tyajoneuvoihin, joilla taataan maksimi hy\u00f6tykuorma sek\u00e4 turvallinen ja kannattava kuljetus. Yhteisty\u00f6kumppanit Armaton on Forankra AB:n tavaramerkki ja toimipaikka V\u00e5rg\u00e5rdassa, Ruotsissa. Yhteisty\u00f6kumppanimme on lueteltu alla. Mik\u00e4li alueesi edustajan yhteystiedot puuttuvat, ota yhteys Forankra AB, Ruotsi. Varaosat Armaton toimittaa tuotteita monelle p\u00e4\u00e4llirakentajalle Euroopassa. Jos tarvitset [&hellip;]<\/p>\n","protected":false},"author":1,"featured_media":0,"parent":0,"menu_order":0,"comment_status":"closed","ping_status":"closed","template":"","meta":{"footnotes":""},"class_list":["post-10436","page","type-page","status-publish","hentry"],"yoast_head":"<!-- This site is optimized with the Yoast SEO plugin v20.4 - https:\/\/yoast.com\/wordpress\/plugins\/seo\/ -->\n<title>Yhteystiedot - Armaton<\/title>\n<meta name=\"description\" content=\"Armaton valmistaa lukkotolppia ja modulaarisia alumiinilavoja kevyisiin hy\u00f6tyajoneuvoihin, joilla taataan maksimi hy\u00f6tykuorma sek\u00e4 turvallinen ja kannattava kuljetus. Ole hyv\u00e4 ja ota meihin yhteytt\u00e4 saadaksesi lis\u00e4tietoja!\" \/>\n<meta name=\"robots\" content=\"index, follow, max-snippet:-1, max-image-preview:large, max-video-preview:-1\" \/>\n<link rel=\"canonical\" href=\"https:\/\/www.armaton.com\/fi\/yhteystiedot\/\" \/>\n<meta property=\"og:locale\" content=\"fi_FI\" \/>\n<meta property=\"og:type\" content=\"article\" \/>\n<meta property=\"og:title\" content=\"Yhteystiedot - Armaton\" \/>\n<meta property=\"og:description\" content=\"Armaton valmistaa lukkotolppia ja modulaarisia alumiinilavoja kevyisiin hy\u00f6tyajoneuvoihin, joilla taataan maksimi hy\u00f6tykuorma sek\u00e4 turvallinen ja kannattava kuljetus. Ole hyv\u00e4 ja ota meihin yhteytt\u00e4 saadaksesi lis\u00e4tietoja!\" \/>\n<meta property=\"og:url\" content=\"https:\/\/www.armaton.com\/fi\/yhteystiedot\/\" \/>\n<meta property=\"og:site_name\" content=\"Armaton\" \/>\n<meta property=\"article:modified_time\" content=\"2026-04-28T11:45:51+00:00\" \/>\n<meta name=\"twitter:card\" content=\"summary_large_image\" \/>\n<meta name=\"twitter:label1\" content=\"Arvioitu lukuaika\" \/>\n\t<meta name=\"twitter:data1\" content=\"2 minuuttia\" \/>\n<script type=\"application\/ld+json\" class=\"yoast-schema-graph\">{\"@context\":\"https:\/\/schema.org\",\"@graph\":[{\"@type\":\"WebPage\",\"@id\":\"https:\/\/www.armaton.com\/fi\/yhteystiedot\/\",\"url\":\"https:\/\/www.armaton.com\/fi\/yhteystiedot\/\",\"name\":\"Yhteystiedot - Armaton\",\"isPartOf\":{\"@id\":\"https:\/\/www.armaton.com\/#website\"},\"datePublished\":\"2022-01-27T12:01:06+00:00\",\"dateModified\":\"2026-04-28T11:45:51+00:00\",\"description\":\"Armaton valmistaa lukkotolppia ja modulaarisia alumiinilavoja kevyisiin hy\u00f6tyajoneuvoihin, joilla taataan maksimi hy\u00f6tykuorma sek\u00e4 turvallinen ja kannattava kuljetus. Ole hyv\u00e4 ja ota meihin yhteytt\u00e4 saadaksesi lis\u00e4tietoja!\",\"breadcrumb\":{\"@id\":\"https:\/\/www.armaton.com\/fi\/yhteystiedot\/#breadcrumb\"},\"inLanguage\":\"fi\",\"potentialAction\":[{\"@type\":\"ReadAction\",\"target\":[\"https:\/\/www.armaton.com\/fi\/yhteystiedot\/\"]}]},{\"@type\":\"BreadcrumbList\",\"@id\":\"https:\/\/www.armaton.com\/fi\/yhteystiedot\/#breadcrumb\",\"itemListElement\":[{\"@type\":\"ListItem\",\"position\":1,\"name\":\"Home\",\"item\":\"https:\/\/www.armaton.com\/fi\/\"},{\"@type\":\"ListItem\",\"position\":2,\"name\":\"Yhteystiedot\"}]},{\"@type\":\"WebSite\",\"@id\":\"https:\/\/www.armaton.com\/#website\",\"url\":\"https:\/\/www.armaton.com\/\",\"name\":\"Armaton\",\"description\":\"Armaton Solutions \u2013 Desire To Improve\",\"potentialAction\":[{\"@type\":\"SearchAction\",\"target\":{\"@type\":\"EntryPoint\",\"urlTemplate\":\"https:\/\/www.armaton.com\/?s={search_term_string}\"},\"query-input\":\"required name=search_term_string\"}],\"inLanguage\":\"fi\"}]}<\/script>\n<!-- \/ Yoast SEO plugin. -->","yoast_head_json":{"title":"Yhteystiedot - Armaton","description":"Armaton valmistaa lukkotolppia ja modulaarisia alumiinilavoja kevyisiin hy\u00f6tyajoneuvoihin, joilla taataan maksimi hy\u00f6tykuorma sek\u00e4 turvallinen ja kannattava kuljetus. Ole hyv\u00e4 ja ota meihin yhteytt\u00e4 saadaksesi lis\u00e4tietoja!","robots":{"index":"index","follow":"follow","max-snippet":"max-snippet:-1","max-image-preview":"max-image-preview:large","max-video-preview":"max-video-preview:-1"},"canonical":"https:\/\/www.armaton.com\/fi\/yhteystiedot\/","og_locale":"fi_FI","og_type":"article","og_title":"Yhteystiedot - Armaton","og_description":"Armaton valmistaa lukkotolppia ja modulaarisia alumiinilavoja kevyisiin hy\u00f6tyajoneuvoihin, joilla taataan maksimi hy\u00f6tykuorma sek\u00e4 turvallinen ja kannattava kuljetus. Ole hyv\u00e4 ja ota meihin yhteytt\u00e4 saadaksesi lis\u00e4tietoja!","og_url":"https:\/\/www.armaton.com\/fi\/yhteystiedot\/","og_site_name":"Armaton","article_modified_time":"2026-04-28T11:45:51+00:00","twitter_card":"summary_large_image","twitter_misc":{"Arvioitu lukuaika":"2 minuuttia"},"schema":{"@context":"https:\/\/schema.org","@graph":[{"@type":"WebPage","@id":"https:\/\/www.armaton.com\/fi\/yhteystiedot\/","url":"https:\/\/www.armaton.com\/fi\/yhteystiedot\/","name":"Yhteystiedot - Armaton","isPartOf":{"@id":"https:\/\/www.armaton.com\/#website"},"datePublished":"2022-01-27T12:01:06+00:00","dateModified":"2026-04-28T11:45:51+00:00","description":"Armaton valmistaa lukkotolppia ja modulaarisia alumiinilavoja kevyisiin hy\u00f6tyajoneuvoihin, joilla taataan maksimi hy\u00f6tykuorma sek\u00e4 turvallinen ja kannattava kuljetus. Ole hyv\u00e4 ja ota meihin yhteytt\u00e4 saadaksesi lis\u00e4tietoja!","breadcrumb":{"@id":"https:\/\/www.armaton.com\/fi\/yhteystiedot\/#breadcrumb"},"inLanguage":"fi","potentialAction":[{"@type":"ReadAction","target":["https:\/\/www.armaton.com\/fi\/yhteystiedot\/"]}]},{"@type":"BreadcrumbList","@id":"https:\/\/www.armaton.com\/fi\/yhteystiedot\/#breadcrumb","itemListElement":[{"@type":"ListItem","position":1,"name":"Home","item":"https:\/\/www.armaton.com\/fi\/"},{"@type":"ListItem","position":2,"name":"Yhteystiedot"}]},{"@type":"WebSite","@id":"https:\/\/www.armaton.com\/#website","url":"https:\/\/www.armaton.com\/","name":"Armaton","description":"Armaton Solutions \u2013 Desire To Improve","potentialAction":[{"@type":"SearchAction","target":{"@type":"EntryPoint","urlTemplate":"https:\/\/www.armaton.com\/?s={search_term_string}"},"query-input":"required name=search_term_string"}],"inLanguage":"fi"}]}},"_links":{"self":[{"href":"https:\/\/www.armaton.com\/fi\/wp-json\/wp\/v2\/pages\/10436","targetHints":{"allow":["GET"]}}],"collection":[{"href":"https:\/\/www.armaton.com\/fi\/wp-json\/wp\/v2\/pages"}],"about":[{"href":"https:\/\/www.armaton.com\/fi\/wp-json\/wp\/v2\/types\/page"}],"author":[{"embeddable":true,"href":"https:\/\/www.armaton.com\/fi\/wp-json\/wp\/v2\/users\/1"}],"replies":[{"embeddable":true,"href":"https:\/\/www.armaton.com\/fi\/wp-json\/wp\/v2\/comments?post=10436"}],"version-history":[{"count":14,"href":"https:\/\/www.armaton.com\/fi\/wp-json\/wp\/v2\/pages\/10436\/revisions"}],"predecessor-version":[{"id":14115,"href":"https:\/\/www.armaton.com\/fi\/wp-json\/wp\/v2\/pages\/10436\/revisions\/14115"}],"wp:attachment":[{"href":"https:\/\/www.armaton.com\/fi\/wp-json\/wp\/v2\/media?parent=10436"}],"curies":[{"name":"wp","href":"https:\/\/api.w.org\/{rel}","templated":true}]}}