{"id":4257,"date":"2018-05-04T14:54:13","date_gmt":"2018-05-04T14:54:13","guid":{"rendered":"https:\/\/www.armaton.com\/start-page\/"},"modified":"2023-04-26T12:48:16","modified_gmt":"2023-04-26T12:48:16","slug":"start-page","status":"publish","type":"page","link":"https:\/\/www.armaton.com\/fi\/","title":{"rendered":"Ratkaisuja kevyille hy\u00f6tyajoneuvoille"},"content":{"rendered":"<div id=\"pl-4257\"  class=\"panel-layout\" ><div id=\"pg-4257-0\"  class=\"panel-grid panel-has-style\" ><div class=\"siteorigin-panels-stretch panel-row-style panel-row-style-for-4257-0\" data-stretch-type=\"full-stretched\" ><div id=\"pgc-4257-0-0\"  class=\"panel-grid-cell\" ><div id=\"panel-4257-0-0-0\" class=\"so-panel widget widget_fa-hero-banner-widget panel-first-child panel-last-child\" data-index=\"0\" ><div class=\"panel-widget-style panel-widget-style-for-4257-0-0-0\" ><div\n\t\t\t\n\t\t\tclass=\"so-widget-fa-hero-banner-widget so-widget-fa-hero-banner-widget-video-1f8c978b3609-4257\"\n\t\t\t\n\t\t><div class=\"forankra-hero-banner\"\n    data-yt-id=\"yRjghNc-2fw\"\n    data-widget-id=\"widget-0-0-0\"\n    data-mobile-breakpoint=\"880\"\n    data-ratio=\"0.5625\">\n\n    <section class=\"cover\">\n            <div class=\"tv\">\n            <div id=\"video-overlay\"><\/div>\n            <div class=\"screen\" id=\"forankra-hero-banner-video-widget-0-0-0\"><\/div>\n            <\/div>\n    <\/section>\n    <section class=\"hero-content\">\n        <div class=\"content\">\n            <p><span style=\"font-size: 21px;\">ARMATON RATKAISUT<\/span><\/p>\n<h1>Determined to Improve*<\/h1>\n<p><span style=\"font-size: 21px;\">T\u00e4m\u00e4 on lupauksemme. Jatkuvasti kehitt\u00e4\u00e4 ratkaisuja toimivuuden, turvallisuuden ja tuottavuuden lis\u00e4\u00e4miseksi kevyiden kuljetusajoneuvojen k\u00e4ytt\u00e4jille.<\/span><\/p>\n<p>* Jatkuva parantaminen<\/p>\n<p>&nbsp;<\/p>\n            <div class=\"button-container left\"><a href=\"https:\/\/www.armaton.com\/fi\/meista\/\" class=\"forankra-hero-banner-button\">Lue lis\u00e4\u00e4 &gt;<\/a><\/div>        <\/div>\n    <\/section>\n<\/div>\n<\/div><\/div><\/div><\/div><\/div><\/div><div id=\"pg-4257-1\"  class=\"panel-grid panel-has-style\" ><div class=\"siteorigin-panels-stretch panel-row-style panel-row-style-for-4257-1\" data-stretch-type=\"full-stretched\" ><div id=\"pgc-4257-1-0\"  class=\"panel-grid-cell\" ><div id=\"panel-4257-1-0-0\" class=\"so-panel widget widget_fa-hero-banner-widget panel-first-child panel-last-child\" data-index=\"1\" ><div\n\t\t\t\n\t\t\tclass=\"so-widget-fa-hero-banner-widget so-widget-fa-hero-banner-widget-default-cd1e29ff90d7-4257\"\n\t\t\t\n\t\t><div class=\"forankra-hero-banner\">\n    <img loading=\"lazy\" decoding=\"async\" width=\"2592\" height=\"1010\" src=\"https:\/\/www.armaton.com\/wp-content\/uploads\/sites\/14\/2019\/05\/Start_puff_4.jpg\" class=\"forankra-hero-banner-image\" alt=\"\" srcset=\"https:\/\/www.armaton.com\/wp-content\/uploads\/sites\/14\/2019\/05\/Start_puff_4.jpg 2592w, https:\/\/www.armaton.com\/wp-content\/uploads\/sites\/14\/2019\/05\/Start_puff_4-300x117.jpg 300w, https:\/\/www.armaton.com\/wp-content\/uploads\/sites\/14\/2019\/05\/Start_puff_4-768x299.jpg 768w, https:\/\/www.armaton.com\/wp-content\/uploads\/sites\/14\/2019\/05\/Start_puff_4-1024x399.jpg 1024w, https:\/\/www.armaton.com\/wp-content\/uploads\/sites\/14\/2019\/05\/Start_puff_4-600x234.jpg 600w\" sizes=\"auto, (max-width: 2592px) 100vw, 2592px\" \/>    <section class=\"hero-content\">\n    <div class=\"content\">\n        <h3><strong>Armaton Modular Platform Kit <\/strong><strong>\u2013 the perfect fit.<\/strong><\/h3>\n<span style=\"font-size: 18px;\">K\u00e4\u00e4nteentekev\u00e4 ratkaisu max 3,5t lava- ja pakettiautoille. Kokoamiseen ei tarvita erikoisty\u00f6kaluja ja aikaa kuluu vain murto-osa tavanomaisesta, jolloin s\u00e4\u00e4styy aikaa ja rahaa. <\/span>\n<br \/>\n<br \/>\n<br \/>        <div class=\"button-container left\"><a href=\"https:\/\/www.armaton.com\/fi\/modular-platform-kit\/\" class=\"forankra-hero-banner-button\">Lue lis\u00e4\u00e4 &gt;<\/a><\/div>    <\/div>\n    <\/section>\n<\/div>\n<\/div><\/div><\/div><\/div><\/div><div id=\"pg-4257-2\"  class=\"panel-grid panel-has-style\" ><div class=\"siteorigin-panels-stretch panel-row-style panel-row-style-for-4257-2\" data-stretch-type=\"full-stretched\" ><div id=\"pgc-4257-2-0\"  class=\"panel-grid-cell\" ><div id=\"panel-4257-2-0-0\" class=\"so-panel widget widget_sow-image panel-first-child panel-last-child\" data-index=\"2\" ><div\n\t\t\t\n\t\t\tclass=\"so-widget-sow-image so-widget-sow-image-default-dbf295114b96-4257\"\n\t\t\t\n\t\t>\n\n<div class=\"sow-image-container\">\n\t\t<img decoding=\"async\" src=\"https:\/\/www.armaton.com\/wp-content\/uploads\/sites\/14\/2019\/06\/Lastsakring_flak1040x644-768x459.png\" width=\"768\" height=\"459\" srcset=\"https:\/\/www.armaton.com\/wp-content\/uploads\/sites\/14\/2019\/06\/Lastsakring_flak1040x644-768x459.png 768w, https:\/\/www.armaton.com\/wp-content\/uploads\/sites\/14\/2019\/06\/Lastsakring_flak1040x644-300x179.png 300w, https:\/\/www.armaton.com\/wp-content\/uploads\/sites\/14\/2019\/06\/Lastsakring_flak1040x644-1024x612.png 1024w, https:\/\/www.armaton.com\/wp-content\/uploads\/sites\/14\/2019\/06\/Lastsakring_flak1040x644-600x359.png 600w, https:\/\/www.armaton.com\/wp-content\/uploads\/sites\/14\/2019\/06\/Lastsakring_flak1040x644.png 1077w\" sizes=\"auto, (max-width: 768px) 100vw, 768px\" title=\"Lastsakring_flak,1040&#215;644\" alt=\"  \" loading=\"lazy\" \t\tclass=\"so-widget-image\"\/>\n\t<\/div>\n\n<\/div><\/div><\/div><div id=\"pgc-4257-2-1\"  class=\"panel-grid-cell\" ><div id=\"panel-4257-2-1-0\" class=\"so-panel widget widget_siteorigin-panels-builder panel-first-child panel-last-child\" data-index=\"3\" ><div class=\"panel-widget-style panel-widget-style-for-4257-2-1-0\" ><div id=\"pl-w61d55e51eb87d\"  class=\"panel-layout\" ><div id=\"pg-w61d55e51eb87d-0\"  class=\"panel-grid panel-no-style\" ><div id=\"pgc-w61d55e51eb87d-0-0\"  class=\"panel-grid-cell panel-grid-cell-empty\" ><\/div><div id=\"pgc-w61d55e51eb87d-0-1\"  class=\"panel-grid-cell panel-grid-cell-mobile-last\" ><div id=\"panel-w61d55e51eb87d-0-1-0\" class=\"so-panel widget widget_sow-editor panel-first-child\" data-index=\"0\" ><div\n\t\t\t\n\t\t\tclass=\"so-widget-sow-editor so-widget-sow-editor-base\"\n\t\t\t\n\t\t>\n<div class=\"siteorigin-widget-tinymce textwidget\">\n\t<h3><span style=\"font-size: 28px;\"><strong><span style=\"font-size: 28px;\">Armaton kevent\u00e4\u00e4 raskaita ty\u00f6vaiheita. Yksinkertaista.<\/span><\/strong><\/span><\/h3>\n<p><span style=\"font-size: 18px;\">Oletpa sitten p\u00e4\u00e4llirakentaja, autovuokraaja tai auton kuljettaja, niin ty\u00f6st\u00e4 suoriutuminen edellytt\u00e4\u00e4 laatua, helppok\u00e4ytt\u00f6isyytt\u00e4 ja laitteiden toimivuutta. Eik\u00f6?<\/span><\/p>\n<\/div>\n<\/div><\/div><div id=\"panel-w61d55e51eb87d-0-1-1\" class=\"so-panel widget widget_sow-button panel-last-child\" data-index=\"1\" ><div\n\t\t\t\n\t\t\tclass=\"so-widget-sow-button so-widget-sow-button-flat-d23e0acbfdd0\"\n\t\t\t\n\t\t><div class=\"ow-button-base ow-button-align-left\">\n\t<a\n\thref=\"https:\/\/www.armaton.com\/fi\/miksi-armaton\/\"\n\t\tclass=\"ow-icon-placement-left ow-button-hover\" \t>\n\t\t<span>\n\t\t\t\n\t\t\tLue lis\u00e4\u00e4  &gt;\t\t<\/span>\n\t<\/a>\n<\/div>\n<\/div><\/div><\/div><div id=\"pgc-w61d55e51eb87d-0-2\"  class=\"panel-grid-cell panel-grid-cell-empty\" ><\/div><\/div><\/div><\/div><\/div><\/div><\/div><\/div><div id=\"pg-4257-3\"  class=\"panel-grid panel-has-style\" ><div class=\"siteorigin-panels-stretch panel-row-style panel-row-style-for-4257-3\" data-stretch-type=\"full-stretched\" ><div id=\"pgc-4257-3-0\"  class=\"panel-grid-cell\" ><div id=\"panel-4257-3-0-0\" class=\"so-panel widget widget_siteorigin-panels-builder panel-first-child panel-last-child\" data-index=\"4\" ><div class=\"panel-widget-style panel-widget-style-for-4257-3-0-0\" ><div id=\"pl-w61d55e51ebd58\"  class=\"panel-layout\" ><div id=\"pg-w61d55e51ebd58-0\"  class=\"panel-grid panel-no-style\" ><div id=\"pgc-w61d55e51ebd58-0-0\"  class=\"panel-grid-cell panel-grid-cell-empty\" ><\/div><div id=\"pgc-w61d55e51ebd58-0-1\"  class=\"panel-grid-cell panel-grid-cell-mobile-last\" ><div id=\"panel-w61d55e51ebd58-0-1-0\" class=\"so-panel widget widget_sow-editor panel-first-child\" data-index=\"0\" ><div\n\t\t\t\n\t\t\tclass=\"so-widget-sow-editor so-widget-sow-editor-base\"\n\t\t\t\n\t\t>\n<div class=\"siteorigin-widget-tinymce textwidget\">\n\t<h3><strong>Helppo asentaa ja luotettava k\u00e4ytt\u00e4\u00e4.<\/strong><\/h3>\n<p><span style=\"font-size: 18px;\">Luja ja korroosiovapaa matalan elinkaarikustannuksen lukko- ja tolppaj\u00e4rjestelm\u00e4 alumiinilaidoille.<\/span><\/p>\n<\/div>\n<\/div><\/div><div id=\"panel-w61d55e51ebd58-0-1-1\" class=\"so-panel widget widget_sow-button panel-last-child\" data-index=\"1\" ><div\n\t\t\t\n\t\t\tclass=\"so-widget-sow-button so-widget-sow-button-flat-d23e0acbfdd0\"\n\t\t\t\n\t\t><div class=\"ow-button-base ow-button-align-left\">\n\t<a\n\thref=\"https:\/\/www.armaton.com\/fi\/armaton-jarjestelmat\/\"\n\t\tclass=\"ow-icon-placement-left ow-button-hover\" \t>\n\t\t<span>\n\t\t\t\n\t\t\tLue lis\u00e4\u00e4 &gt;\t\t<\/span>\n\t<\/a>\n<\/div>\n<\/div><\/div><\/div><div id=\"pgc-w61d55e51ebd58-0-2\"  class=\"panel-grid-cell panel-grid-cell-empty\" ><\/div><\/div><\/div><\/div><\/div><\/div><div id=\"pgc-4257-3-1\"  class=\"panel-grid-cell panel-grid-cell-mobile-last\" ><div id=\"panel-4257-3-1-0\" class=\"so-panel widget widget_sow-image panel-first-child panel-last-child\" data-index=\"5\" ><div\n\t\t\t\n\t\t\tclass=\"so-widget-sow-image so-widget-sow-image-default-dbf295114b96-4257\"\n\t\t\t\n\t\t>\n\n<div class=\"sow-image-container\">\n\t\t<img decoding=\"async\" src=\"https:\/\/www.armaton.com\/wp-content\/uploads\/sites\/14\/2019\/06\/Collage_3000-4000XF1700x1200-768x528.png\" width=\"768\" height=\"528\" srcset=\"https:\/\/www.armaton.com\/wp-content\/uploads\/sites\/14\/2019\/06\/Collage_3000-4000XF1700x1200-768x528.png 768w, https:\/\/www.armaton.com\/wp-content\/uploads\/sites\/14\/2019\/06\/Collage_3000-4000XF1700x1200-300x206.png 300w, https:\/\/www.armaton.com\/wp-content\/uploads\/sites\/14\/2019\/06\/Collage_3000-4000XF1700x1200-1024x703.png 1024w, https:\/\/www.armaton.com\/wp-content\/uploads\/sites\/14\/2019\/06\/Collage_3000-4000XF1700x1200-600x412.png 600w, https:\/\/www.armaton.com\/wp-content\/uploads\/sites\/14\/2019\/06\/Collage_3000-4000XF1700x1200.png 1747w\" sizes=\"auto, (max-width: 768px) 100vw, 768px\" title=\"Collage_3000-4000XF,1700&#215;1200\" alt=\"\" loading=\"lazy\" \t\tclass=\"so-widget-image\"\/>\n\t<\/div>\n\n<\/div><\/div><\/div><div id=\"pgc-4257-3-2\"  class=\"panel-grid-cell panel-grid-cell-empty\" ><\/div><\/div><\/div><div id=\"pg-4257-4\"  class=\"panel-grid panel-has-style\" ><div class=\"siteorigin-panels-stretch panel-row-style panel-row-style-for-4257-4\" data-stretch-type=\"full-stretched\" ><div id=\"pgc-4257-4-0\"  class=\"panel-grid-cell\" ><div id=\"panel-4257-4-0-0\" class=\"so-panel widget widget_fa-hero-banner-widget panel-first-child panel-last-child\" data-index=\"6\" ><div class=\"panel-widget-style panel-widget-style-for-4257-4-0-0\" ><div\n\t\t\t\n\t\t\tclass=\"so-widget-fa-hero-banner-widget so-widget-fa-hero-banner-widget-default-c7338376c3a6-4257\"\n\t\t\t\n\t\t><div class=\"forankra-hero-banner\">\n    <img loading=\"lazy\" decoding=\"async\" width=\"2650\" height=\"1385\" src=\"https:\/\/www.armaton.com\/wp-content\/uploads\/sites\/14\/2019\/06\/Start_puff_5_b.jpg\" class=\"forankra-hero-banner-image\" alt=\"\" srcset=\"https:\/\/www.armaton.com\/wp-content\/uploads\/sites\/14\/2019\/06\/Start_puff_5_b.jpg 2650w, https:\/\/www.armaton.com\/wp-content\/uploads\/sites\/14\/2019\/06\/Start_puff_5_b-300x157.jpg 300w, https:\/\/www.armaton.com\/wp-content\/uploads\/sites\/14\/2019\/06\/Start_puff_5_b-768x401.jpg 768w, https:\/\/www.armaton.com\/wp-content\/uploads\/sites\/14\/2019\/06\/Start_puff_5_b-1024x535.jpg 1024w, https:\/\/www.armaton.com\/wp-content\/uploads\/sites\/14\/2019\/06\/Start_puff_5_b-600x314.jpg 600w\" sizes=\"auto, (max-width: 2650px) 100vw, 2650px\" \/>    <section class=\"hero-content\">\n    <div class=\"content\">\n        <span style=\"color: #ffffff; font-size: 21px;\">ARMATON TARINOITA<\/span>\n<h3><span style=\"color: #ffffff;\"><strong><span lang=\"EN-GB\">P\u00e4\u00e4llirakentajat.<\/span><\/strong><\/span><\/h3>\n<span style=\"color: #ffffff; font-size: 21px;\">P\u00e4\u00e4llirakentajan T&K :lle on t\u00e4rke\u00e4\u00e4 ett\u00e4 lava- ja pakettiautoissa k\u00e4ytet\u00e4\u00e4n monik\u00e4ytt\u00f6isi\u00e4 ja tukevia rakenneosia, joten p\u00e4\u00e4lirakentajan konstruktioon helposti integroitavien alumiiniprofiilien k\u00e4ytt\u00f6 on olennaista \u2013 t\u00e4rkeit\u00e4 ovat my\u00f6s tuotantokustannusten hallinta ja suoritusarvojen saavuttaminen.<\/span>\n\n<span style=\"color: #ffffff;\"><span style=\"font-size: 21px;\">Tiedustele lava- ja pakettiautoja p\u00e4\u00e4llirakentajaltasi., <\/span><span style=\"font-size: 18px;\"><span style=\"font-size: 21px;\">Autokaross i Floby, Ruotsi<\/span><\/span><\/span>\n<br \/>\n<br \/>\n<br \/>        <div class=\"button-container left\"><a href=\"https:\/\/www.armaton.com\/fi\/paallirakentajat\/\" class=\"forankra-hero-banner-button\">Lue lis\u00e4\u00e4 &gt;<\/a><\/div>    <\/div>\n    <\/section>\n<\/div>\n<\/div><\/div><\/div><\/div><\/div><\/div><\/div>","protected":false},"excerpt":{"rendered":"<p>ARMATON RATKAISUT Determined to Improve* T\u00e4m\u00e4 on lupauksemme. Jatkuvasti kehitt\u00e4\u00e4 ratkaisuja toimivuuden, turvallisuuden ja tuottavuuden lis\u00e4\u00e4miseksi kevyiden kuljetusajoneuvojen k\u00e4ytt\u00e4jille. * Jatkuva parantaminen &nbsp; Lue lis\u00e4\u00e4 &gt; Armaton Modular Platform Kit \u2013 the perfect fit. K\u00e4\u00e4nteentekev\u00e4 ratkaisu max 3,5t lava- ja pakettiautoille. Kokoamiseen ei tarvita erikoisty\u00f6kaluja ja aikaa kuluu vain murto-osa tavanomaisesta, jolloin s\u00e4\u00e4styy aikaa ja [&hellip;]<\/p>\n","protected":false},"author":1,"featured_media":0,"parent":0,"menu_order":0,"comment_status":"closed","ping_status":"closed","template":"","meta":{"footnotes":""},"class_list":["post-4257","page","type-page","status-publish","hentry"],"yoast_head":"<!-- This site is optimized with the Yoast SEO plugin v20.4 - https:\/\/yoast.com\/wordpress\/plugins\/seo\/ -->\n<title>Ratkaisuja kevyille hy\u00f6tyajoneuvoille - Armaton<\/title>\n<meta name=\"description\" content=\"Armaton valmistaa lukkotolppia ja modulaarisia alumiinilavoja kevyisiin hy\u00f6tyajoneuvoihin, joilla taataan maksimi hy\u00f6tykuorma sek\u00e4 turvallinen ja kannattava kuljetus.\" \/>\n<meta name=\"robots\" content=\"index, follow, max-snippet:-1, max-image-preview:large, max-video-preview:-1\" \/>\n<link rel=\"canonical\" href=\"https:\/\/www.armaton.com\/fi\/\" \/>\n<meta property=\"og:locale\" content=\"fi_FI\" \/>\n<meta property=\"og:type\" content=\"article\" \/>\n<meta property=\"og:title\" content=\"Ratkaisuja kevyille hy\u00f6tyajoneuvoille - Armaton\" \/>\n<meta property=\"og:description\" content=\"Armaton valmistaa lukkotolppia ja modulaarisia alumiinilavoja kevyisiin hy\u00f6tyajoneuvoihin, joilla taataan maksimi hy\u00f6tykuorma sek\u00e4 turvallinen ja kannattava kuljetus.\" \/>\n<meta property=\"og:url\" content=\"https:\/\/www.armaton.com\/fi\/\" \/>\n<meta property=\"og:site_name\" content=\"Armaton\" \/>\n<meta property=\"article:modified_time\" content=\"2023-04-26T12:48:16+00:00\" \/>\n<meta name=\"twitter:card\" content=\"summary_large_image\" \/>\n<meta name=\"twitter:label1\" content=\"Arvioitu lukuaika\" \/>\n\t<meta name=\"twitter:data1\" content=\"1 minuutti\" \/>\n<script type=\"application\/ld+json\" class=\"yoast-schema-graph\">{\"@context\":\"https:\/\/schema.org\",\"@graph\":[{\"@type\":\"WebPage\",\"@id\":\"https:\/\/www.armaton.com\/fi\/\",\"url\":\"https:\/\/www.armaton.com\/fi\/\",\"name\":\"Ratkaisuja kevyille hy\u00f6tyajoneuvoille - Armaton\",\"isPartOf\":{\"@id\":\"https:\/\/www.armaton.com\/#website\"},\"datePublished\":\"2018-05-04T14:54:13+00:00\",\"dateModified\":\"2023-04-26T12:48:16+00:00\",\"description\":\"Armaton valmistaa lukkotolppia ja modulaarisia alumiinilavoja kevyisiin hy\u00f6tyajoneuvoihin, joilla taataan maksimi hy\u00f6tykuorma sek\u00e4 turvallinen ja kannattava kuljetus.\",\"breadcrumb\":{\"@id\":\"https:\/\/www.armaton.com\/fi\/#breadcrumb\"},\"inLanguage\":\"fi\",\"potentialAction\":[{\"@type\":\"ReadAction\",\"target\":[\"https:\/\/www.armaton.com\/fi\/\"]}]},{\"@type\":\"BreadcrumbList\",\"@id\":\"https:\/\/www.armaton.com\/fi\/#breadcrumb\",\"itemListElement\":[{\"@type\":\"ListItem\",\"position\":1,\"name\":\"Home\",\"item\":\"https:\/\/www.armaton.com\/fi\/\"},{\"@type\":\"ListItem\",\"position\":2,\"name\":\"Ratkaisuja kevyille hy\u00f6tyajoneuvoille\"}]},{\"@type\":\"WebSite\",\"@id\":\"https:\/\/www.armaton.com\/#website\",\"url\":\"https:\/\/www.armaton.com\/\",\"name\":\"Armaton\",\"description\":\"Armaton Solutions \u2013 Desire To Improve\",\"potentialAction\":[{\"@type\":\"SearchAction\",\"target\":{\"@type\":\"EntryPoint\",\"urlTemplate\":\"https:\/\/www.armaton.com\/?s={search_term_string}\"},\"query-input\":\"required name=search_term_string\"}],\"inLanguage\":\"fi\"}]}<\/script>\n<!-- \/ Yoast SEO plugin. -->","yoast_head_json":{"title":"Ratkaisuja kevyille hy\u00f6tyajoneuvoille - Armaton","description":"Armaton valmistaa lukkotolppia ja modulaarisia alumiinilavoja kevyisiin hy\u00f6tyajoneuvoihin, joilla taataan maksimi hy\u00f6tykuorma sek\u00e4 turvallinen ja kannattava kuljetus.","robots":{"index":"index","follow":"follow","max-snippet":"max-snippet:-1","max-image-preview":"max-image-preview:large","max-video-preview":"max-video-preview:-1"},"canonical":"https:\/\/www.armaton.com\/fi\/","og_locale":"fi_FI","og_type":"article","og_title":"Ratkaisuja kevyille hy\u00f6tyajoneuvoille - Armaton","og_description":"Armaton valmistaa lukkotolppia ja modulaarisia alumiinilavoja kevyisiin hy\u00f6tyajoneuvoihin, joilla taataan maksimi hy\u00f6tykuorma sek\u00e4 turvallinen ja kannattava kuljetus.","og_url":"https:\/\/www.armaton.com\/fi\/","og_site_name":"Armaton","article_modified_time":"2023-04-26T12:48:16+00:00","twitter_card":"summary_large_image","twitter_misc":{"Arvioitu lukuaika":"1 minuutti"},"schema":{"@context":"https:\/\/schema.org","@graph":[{"@type":"WebPage","@id":"https:\/\/www.armaton.com\/fi\/","url":"https:\/\/www.armaton.com\/fi\/","name":"Ratkaisuja kevyille hy\u00f6tyajoneuvoille - Armaton","isPartOf":{"@id":"https:\/\/www.armaton.com\/#website"},"datePublished":"2018-05-04T14:54:13+00:00","dateModified":"2023-04-26T12:48:16+00:00","description":"Armaton valmistaa lukkotolppia ja modulaarisia alumiinilavoja kevyisiin hy\u00f6tyajoneuvoihin, joilla taataan maksimi hy\u00f6tykuorma sek\u00e4 turvallinen ja kannattava kuljetus.","breadcrumb":{"@id":"https:\/\/www.armaton.com\/fi\/#breadcrumb"},"inLanguage":"fi","potentialAction":[{"@type":"ReadAction","target":["https:\/\/www.armaton.com\/fi\/"]}]},{"@type":"BreadcrumbList","@id":"https:\/\/www.armaton.com\/fi\/#breadcrumb","itemListElement":[{"@type":"ListItem","position":1,"name":"Home","item":"https:\/\/www.armaton.com\/fi\/"},{"@type":"ListItem","position":2,"name":"Ratkaisuja kevyille hy\u00f6tyajoneuvoille"}]},{"@type":"WebSite","@id":"https:\/\/www.armaton.com\/#website","url":"https:\/\/www.armaton.com\/","name":"Armaton","description":"Armaton Solutions \u2013 Desire To Improve","potentialAction":[{"@type":"SearchAction","target":{"@type":"EntryPoint","urlTemplate":"https:\/\/www.armaton.com\/?s={search_term_string}"},"query-input":"required name=search_term_string"}],"inLanguage":"fi"}]}},"_links":{"self":[{"href":"https:\/\/www.armaton.com\/fi\/wp-json\/wp\/v2\/pages\/4257","targetHints":{"allow":["GET"]}}],"collection":[{"href":"https:\/\/www.armaton.com\/fi\/wp-json\/wp\/v2\/pages"}],"about":[{"href":"https:\/\/www.armaton.com\/fi\/wp-json\/wp\/v2\/types\/page"}],"author":[{"embeddable":true,"href":"https:\/\/www.armaton.com\/fi\/wp-json\/wp\/v2\/users\/1"}],"replies":[{"embeddable":true,"href":"https:\/\/www.armaton.com\/fi\/wp-json\/wp\/v2\/comments?post=4257"}],"version-history":[{"count":22,"href":"https:\/\/www.armaton.com\/fi\/wp-json\/wp\/v2\/pages\/4257\/revisions"}],"predecessor-version":[{"id":12081,"href":"https:\/\/www.armaton.com\/fi\/wp-json\/wp\/v2\/pages\/4257\/revisions\/12081"}],"wp:attachment":[{"href":"https:\/\/www.armaton.com\/fi\/wp-json\/wp\/v2\/media?parent=4257"}],"curies":[{"name":"wp","href":"https:\/\/api.w.org\/{rel}","templated":true}]}}