{"id":9768,"date":"2022-01-03T14:22:34","date_gmt":"2022-01-03T14:22:34","guid":{"rendered":"https:\/\/www.armaton.com\/?page_id=9768"},"modified":"2023-04-25T13:53:08","modified_gmt":"2023-04-25T13:53:08","slug":"miksi-armaton","status":"publish","type":"page","link":"https:\/\/www.armaton.com\/fi\/miksi-armaton\/","title":{"rendered":"Miksi Armaton"},"content":{"rendered":"<div id=\"pl-9768\"  class=\"panel-layout\" ><div id=\"pg-9768-0\"  class=\"panel-grid panel-has-style\" ><div class=\"siteorigin-panels-stretch panel-row-style panel-row-style-for-9768-0\" data-stretch-type=\"full-stretched\" ><div id=\"pgc-9768-0-0\"  class=\"panel-grid-cell\" ><div id=\"panel-9768-0-0-0\" class=\"so-panel widget widget_fa-hero-banner-widget panel-first-child panel-last-child\" data-index=\"0\" ><div class=\"panel-widget-style panel-widget-style-for-9768-0-0-0\" ><div\n\t\t\t\n\t\t\tclass=\"so-widget-fa-hero-banner-widget so-widget-fa-hero-banner-widget-default-dd55af4e85f0-9768\"\n\t\t\t\n\t\t><div class=\"forankra-hero-banner\">\n    <img loading=\"lazy\" decoding=\"async\" width=\"2000\" height=\"830\" src=\"https:\/\/www.armaton.com\/wp-content\/uploads\/sites\/14\/2019\/06\/RagnvaldA2650x1100.png\" class=\"forankra-hero-banner-image\" alt=\"\" srcset=\"https:\/\/www.armaton.com\/wp-content\/uploads\/sites\/14\/2019\/06\/RagnvaldA2650x1100.png 2000w, https:\/\/www.armaton.com\/wp-content\/uploads\/sites\/14\/2019\/06\/RagnvaldA2650x1100-300x125.png 300w, https:\/\/www.armaton.com\/wp-content\/uploads\/sites\/14\/2019\/06\/RagnvaldA2650x1100-768x319.png 768w, https:\/\/www.armaton.com\/wp-content\/uploads\/sites\/14\/2019\/06\/RagnvaldA2650x1100-1024x425.png 1024w, https:\/\/www.armaton.com\/wp-content\/uploads\/sites\/14\/2019\/06\/RagnvaldA2650x1100-600x249.png 600w\" sizes=\"auto, (max-width: 2000px) 100vw, 2000px\" \/>    <section class=\"hero-content\">\n    <div class=\"content\">\n        <span style=\"color: #ffffff; font-size: 21px;\">ARMATON<\/span>\n<h1><span style=\"color: #ffffff;\">Kevenn\u00e4mme raskaita ty\u00f6vaiheita. Yksinkertaista.<\/span><\/h1>\n<span lang=\"EN-GB\" style=\"color: #ffffff; font-size: 21px;\">Jokaisella k\u00e4ytt\u00e4j\u00e4ll\u00e4 on erilaisia laitalukituksiin ja tolppaj\u00e4rjestelmiin liittyvi\u00e4 tarpeita ja vaatimuksia. \nMutta Armaton tarjoaa kaikille k\u00e4ytt\u00e4jille yhden yhteisen ominaisuuden: Mielenrauhan, ett\u00e4 tuotteet ovat turvalliset ja toimivat.\u00a0<\/span>            <\/div>\n    <\/section>\n<\/div>\n<\/div><\/div><\/div><\/div><\/div><\/div><div id=\"pg-9768-1\"  class=\"panel-grid panel-has-style\" ><div class=\"siteorigin-panels-stretch panel-row-style panel-row-style-for-9768-1\" data-stretch-type=\"full-stretched\" ><div id=\"pgc-9768-1-0\"  class=\"panel-grid-cell\" ><div id=\"panel-9768-1-0-0\" class=\"so-panel widget widget_siteorigin-panels-builder panel-first-child panel-last-child\" data-index=\"1\" ><div class=\"panel-widget-style panel-widget-style-for-9768-1-0-0\" ><div id=\"pl-w61d56252c4786\"  class=\"panel-layout\" ><div id=\"pg-w61d56252c4786-0\"  class=\"panel-grid panel-no-style\" ><div id=\"pgc-w61d56252c4786-0-0\"  class=\"panel-grid-cell panel-grid-cell-empty\" ><\/div><div id=\"pgc-w61d56252c4786-0-1\"  class=\"panel-grid-cell panel-grid-cell-mobile-last\" ><div id=\"panel-w61d56252c4786-0-1-0\" class=\"so-panel widget widget_sow-editor panel-first-child\" data-index=\"0\" ><div\n\t\t\t\n\t\t\tclass=\"so-widget-sow-editor so-widget-sow-editor-base\"\n\t\t\t\n\t\t>\n<div class=\"siteorigin-widget-tinymce textwidget\">\n\t<p>&nbsp;<\/p>\n<h3><strong>Kuorma on aina turvassa ja varmistettu<\/strong><\/h3>\n<p><span style=\"font-size: 18px;\">Vuodesta 1986 on Armaton valmistanut toimintavarmoja ja painoltaan optimoituja lukkotolppaj\u00e4rjestelmi\u00e4 kevyelle kuljetuskalustolle, maksimaalisten kuormien sek\u00e4 turvallisten ja tuottavien kuljetusten varmistamiseksi.<\/span><\/p>\n<\/div>\n<\/div><\/div><div id=\"panel-w61d56252c4786-0-1-1\" class=\"so-panel widget widget_sow-button panel-last-child\" data-index=\"1\" ><div\n\t\t\t\n\t\t\tclass=\"so-widget-sow-button so-widget-sow-button-flat-d23e0acbfdd0\"\n\t\t\t\n\t\t><div class=\"ow-button-base ow-button-align-left\">\n\t<a\n\thref=\"https:\/\/www.armaton.com\/fi\/armaton-jarjestelmat\/\"\n\t\tclass=\"ow-icon-placement-left ow-button-hover\" \t>\n\t\t<span>\n\t\t\t\n\t\t\tLue lis\u00e4\u00e4 &gt;  \t\t<\/span>\n\t<\/a>\n<\/div>\n<\/div><\/div><\/div><div id=\"pgc-w61d56252c4786-0-2\"  class=\"panel-grid-cell panel-grid-cell-empty\" ><\/div><\/div><\/div><\/div><\/div><\/div><div id=\"pgc-9768-1-1\"  class=\"panel-grid-cell\" ><div id=\"panel-9768-1-1-0\" class=\"so-panel widget widget_sow-image panel-first-child panel-last-child\" data-index=\"2\" ><div\n\t\t\t\n\t\t\tclass=\"so-widget-sow-image so-widget-sow-image-default-dbf295114b96-9768\"\n\t\t\t\n\t\t>\n\n<div class=\"sow-image-container\">\n\t\t<img decoding=\"async\" src=\"https:\/\/www.armaton.com\/wp-content\/uploads\/sites\/14\/2019\/05\/Start_Bodybuilder800x525-768x504.jpg\" width=\"768\" height=\"504\" srcset=\"https:\/\/www.armaton.com\/wp-content\/uploads\/sites\/14\/2019\/05\/Start_Bodybuilder800x525-768x504.jpg 768w, https:\/\/www.armaton.com\/wp-content\/uploads\/sites\/14\/2019\/05\/Start_Bodybuilder800x525-300x197.jpg 300w, https:\/\/www.armaton.com\/wp-content\/uploads\/sites\/14\/2019\/05\/Start_Bodybuilder800x525-600x394.jpg 600w, https:\/\/www.armaton.com\/wp-content\/uploads\/sites\/14\/2019\/05\/Start_Bodybuilder800x525.jpg 800w\" sizes=\"auto, (max-width: 768px) 100vw, 768px\" title=\"Start_Bodybuilder,800&#215;525\" alt=\"\" loading=\"lazy\" \t\tclass=\"so-widget-image\"\/>\n\t<\/div>\n\n<\/div><\/div><\/div><\/div><\/div><div id=\"pg-9768-2\"  class=\"panel-grid panel-has-style\" ><div class=\"siteorigin-panels-stretch panel-row-style panel-row-style-for-9768-2\" data-stretch-type=\"full-stretched\" ><div id=\"pgc-9768-2-0\"  class=\"panel-grid-cell\" ><div id=\"panel-9768-2-0-0\" class=\"so-panel widget widget_sow-image panel-first-child panel-last-child\" data-index=\"3\" ><div\n\t\t\t\n\t\t\tclass=\"so-widget-sow-image so-widget-sow-image-default-dbf295114b96-9768\"\n\t\t\t\n\t\t>\n\n<div class=\"sow-image-container\">\n\t\t<img decoding=\"async\" src=\"https:\/\/www.armaton.com\/wp-content\/uploads\/sites\/14\/2019\/05\/Handtag_ENG746x490.jpg\" width=\"746\" height=\"490\" srcset=\"https:\/\/www.armaton.com\/wp-content\/uploads\/sites\/14\/2019\/05\/Handtag_ENG746x490.jpg 746w, https:\/\/www.armaton.com\/wp-content\/uploads\/sites\/14\/2019\/05\/Handtag_ENG746x490-300x197.jpg 300w, https:\/\/www.armaton.com\/wp-content\/uploads\/sites\/14\/2019\/05\/Handtag_ENG746x490-600x394.jpg 600w\" sizes=\"auto, (max-width: 746px) 100vw, 746px\" title=\"Handtag_ENG,746&#215;490\" alt=\"\" loading=\"lazy\" \t\tclass=\"so-widget-image\"\/>\n\t<\/div>\n\n<\/div><\/div><\/div><div id=\"pgc-9768-2-1\"  class=\"panel-grid-cell\" ><div id=\"panel-9768-2-1-0\" class=\"so-panel widget widget_siteorigin-panels-builder panel-first-child panel-last-child\" data-index=\"4\" ><div class=\"panel-widget-style panel-widget-style-for-9768-2-1-0\" ><div id=\"pl-w61d30856c3247\"  class=\"panel-layout\" ><div id=\"pg-w61d30856c3247-0\"  class=\"panel-grid panel-no-style\" ><div id=\"pgc-w61d30856c3247-0-0\"  class=\"panel-grid-cell panel-grid-cell-empty\" ><\/div><div id=\"pgc-w61d30856c3247-0-1\"  class=\"panel-grid-cell panel-grid-cell-mobile-last\" ><div id=\"panel-w61d30856c3247-0-1-0\" class=\"so-panel widget widget_sow-editor panel-first-child panel-last-child\" data-index=\"0\" ><div\n\t\t\t\n\t\t\tclass=\"so-widget-sow-editor so-widget-sow-editor-base\"\n\t\t\t\n\t\t>\n<div class=\"siteorigin-widget-tinymce textwidget\">\n\t<p>&nbsp;<\/p>\n<h3><strong>Toimivuus helpottaa ty\u00f6p\u00e4iv\u00e4\u00e4si<\/strong><\/h3>\n<p><span style=\"font-size: 18px;\">Tavaran kuormaamisen ja sen purkamisen tulisi aina olla helppoa. T\u00e4m\u00e4n mahdollistaa ergonominen kahva ja sen 160 asteen liikerata.<\/span><\/p>\n<\/div>\n<\/div><\/div><\/div><div id=\"pgc-w61d30856c3247-0-2\"  class=\"panel-grid-cell panel-grid-cell-empty\" ><\/div><\/div><\/div><\/div><\/div><\/div><\/div><\/div><div id=\"pg-9768-3\"  class=\"panel-grid panel-has-style\" ><div class=\"siteorigin-panels-stretch panel-row-style panel-row-style-for-9768-3\" data-stretch-type=\"full-stretched\" ><div id=\"pgc-9768-3-0\"  class=\"panel-grid-cell\" ><div id=\"panel-9768-3-0-0\" class=\"so-panel widget widget_siteorigin-panels-builder panel-first-child panel-last-child\" data-index=\"5\" ><div class=\"panel-widget-style panel-widget-style-for-9768-3-0-0\" ><div id=\"pl-w61d56252c4e3a\"  class=\"panel-layout\" ><div id=\"pg-w61d56252c4e3a-0\"  class=\"panel-grid panel-no-style\" ><div id=\"pgc-w61d56252c4e3a-0-0\"  class=\"panel-grid-cell panel-grid-cell-empty\" ><\/div><div id=\"pgc-w61d56252c4e3a-0-1\"  class=\"panel-grid-cell panel-grid-cell-mobile-last\" ><div id=\"panel-w61d56252c4e3a-0-1-0\" class=\"so-panel widget widget_sow-editor panel-first-child\" data-index=\"0\" ><div\n\t\t\t\n\t\t\tclass=\"so-widget-sow-editor so-widget-sow-editor-base\"\n\t\t\t\n\t\t>\n<div class=\"siteorigin-widget-tinymce textwidget\">\n\t<p>&nbsp;<\/p>\n<h3><strong>Laatu lis\u00e4\u00e4 k\u00e4ytt\u00f6aikaa<\/strong><\/h3>\n<p><span style=\"font-size: 18px;\">Kaikissa toiminnan muodoissa k\u00e4ytt\u00f6aika on ensiarvoisen t\u00e4rke\u00e4\u00e4. Ajoneuvojen tulee olla liikkeell\u00e4, ei korjaamolla. Anodisoidusta alumiinista valmistetut tuotteet ovat korroosionkest\u00e4vi\u00e4 ja yksinkertaisesti kest\u00e4v\u00e4mpi\u00e4.<\/span><\/p>\n<\/div>\n<\/div><\/div><div id=\"panel-w61d56252c4e3a-0-1-1\" class=\"so-panel widget widget_sow-button panel-last-child\" data-index=\"1\" ><div\n\t\t\t\n\t\t\tclass=\"so-widget-sow-button so-widget-sow-button-flat-d23e0acbfdd0\"\n\t\t\t\n\t\t><div class=\"ow-button-base ow-button-align-left\">\n\t<a\n\thref=\"https:\/\/www.armaton.com\/fi\/modular-platform-kit\/\"\n\t\tclass=\"ow-icon-placement-left ow-button-hover\" \t>\n\t\t<span>\n\t\t\t\n\t\t\tLue lis\u00e4\u00e4 &gt;   \t\t<\/span>\n\t<\/a>\n<\/div>\n<\/div><\/div><\/div><div id=\"pgc-w61d56252c4e3a-0-2\"  class=\"panel-grid-cell panel-grid-cell-empty\" ><\/div><\/div><\/div><\/div><\/div><\/div><div id=\"pgc-9768-3-1\"  class=\"panel-grid-cell\" ><div id=\"panel-9768-3-1-0\" class=\"so-panel widget widget_sow-image panel-first-child panel-last-child\" data-index=\"6\" ><div\n\t\t\t\n\t\t\tclass=\"so-widget-sow-image so-widget-sow-image-default-dbf295114b96-9768\"\n\t\t\t\n\t\t>\n\n<div class=\"sow-image-container\">\n\t\t<img decoding=\"async\" src=\"https:\/\/www.armaton.com\/wp-content\/uploads\/sites\/14\/2019\/05\/Why_puff_4-768x605.jpg\" width=\"768\" height=\"605\" srcset=\"https:\/\/www.armaton.com\/wp-content\/uploads\/sites\/14\/2019\/05\/Why_puff_4-768x605.jpg 768w, https:\/\/www.armaton.com\/wp-content\/uploads\/sites\/14\/2019\/05\/Why_puff_4-300x236.jpg 300w, https:\/\/www.armaton.com\/wp-content\/uploads\/sites\/14\/2019\/05\/Why_puff_4-1024x807.jpg 1024w, https:\/\/www.armaton.com\/wp-content\/uploads\/sites\/14\/2019\/05\/Why_puff_4-600x473.jpg 600w, https:\/\/www.armaton.com\/wp-content\/uploads\/sites\/14\/2019\/05\/Why_puff_4.jpg 1282w\" sizes=\"auto, (max-width: 768px) 100vw, 768px\" alt=\"\" loading=\"lazy\" \t\tclass=\"so-widget-image\"\/>\n\t<\/div>\n\n<\/div><\/div><\/div><\/div><\/div><\/div>","protected":false},"excerpt":{"rendered":"<p>ARMATON Kevenn\u00e4mme raskaita ty\u00f6vaiheita. Yksinkertaista. Jokaisella k\u00e4ytt\u00e4j\u00e4ll\u00e4 on erilaisia laitalukituksiin ja tolppaj\u00e4rjestelmiin liittyvi\u00e4 tarpeita ja vaatimuksia. Mutta Armaton tarjoaa kaikille k\u00e4ytt\u00e4jille yhden yhteisen ominaisuuden: Mielenrauhan, ett\u00e4 tuotteet ovat turvalliset ja toimivat.\u00a0 &nbsp; Kuorma on aina turvassa ja varmistettu Vuodesta 1986 on Armaton valmistanut toimintavarmoja ja painoltaan optimoituja lukkotolppaj\u00e4rjestelmi\u00e4 kevyelle kuljetuskalustolle, maksimaalisten kuormien sek\u00e4 turvallisten ja [&hellip;]<\/p>\n","protected":false},"author":2,"featured_media":0,"parent":0,"menu_order":0,"comment_status":"closed","ping_status":"closed","template":"","meta":{"footnotes":""},"class_list":["post-9768","page","type-page","status-publish","hentry"],"yoast_head":"<!-- This site is optimized with the Yoast SEO plugin v20.4 - https:\/\/yoast.com\/wordpress\/plugins\/seo\/ -->\n<title>Miksi Armaton - Armaton<\/title>\n<meta name=\"description\" content=\"Jokaisella k\u00e4ytt\u00e4j\u00e4ll\u00e4 on erilaisia laitalukituksiin ja tolppaj\u00e4rjestelmiin liittyvi\u00e4 tarpeita ja vaatimuksia. Mutta Armaton tarjoaa kaikille k\u00e4ytt\u00e4jille yhden yhteisen ominaisuuden: Mielenrauhan, ett\u00e4 tuotteet ovat turvalliset ja toimivat.\" \/>\n<meta name=\"robots\" content=\"index, follow, max-snippet:-1, max-image-preview:large, max-video-preview:-1\" \/>\n<link rel=\"canonical\" href=\"https:\/\/www.armaton.com\/fi\/miksi-armaton\/\" \/>\n<meta property=\"og:locale\" content=\"fi_FI\" \/>\n<meta property=\"og:type\" content=\"article\" \/>\n<meta property=\"og:title\" content=\"Miksi Armaton - Armaton\" \/>\n<meta property=\"og:description\" content=\"Jokaisella k\u00e4ytt\u00e4j\u00e4ll\u00e4 on erilaisia laitalukituksiin ja tolppaj\u00e4rjestelmiin liittyvi\u00e4 tarpeita ja vaatimuksia. Mutta Armaton tarjoaa kaikille k\u00e4ytt\u00e4jille yhden yhteisen ominaisuuden: Mielenrauhan, ett\u00e4 tuotteet ovat turvalliset ja toimivat.\" \/>\n<meta property=\"og:url\" content=\"https:\/\/www.armaton.com\/fi\/miksi-armaton\/\" \/>\n<meta property=\"og:site_name\" content=\"Armaton\" \/>\n<meta property=\"article:modified_time\" content=\"2023-04-25T13:53:08+00:00\" \/>\n<meta name=\"twitter:card\" content=\"summary_large_image\" \/>\n<meta name=\"twitter:label1\" content=\"Arvioitu lukuaika\" \/>\n\t<meta name=\"twitter:data1\" content=\"1 minuutti\" \/>\n<script type=\"application\/ld+json\" class=\"yoast-schema-graph\">{\"@context\":\"https:\/\/schema.org\",\"@graph\":[{\"@type\":\"WebPage\",\"@id\":\"https:\/\/www.armaton.com\/fi\/miksi-armaton\/\",\"url\":\"https:\/\/www.armaton.com\/fi\/miksi-armaton\/\",\"name\":\"Miksi Armaton - Armaton\",\"isPartOf\":{\"@id\":\"https:\/\/www.armaton.com\/#website\"},\"datePublished\":\"2022-01-03T14:22:34+00:00\",\"dateModified\":\"2023-04-25T13:53:08+00:00\",\"description\":\"Jokaisella k\u00e4ytt\u00e4j\u00e4ll\u00e4 on erilaisia laitalukituksiin ja tolppaj\u00e4rjestelmiin liittyvi\u00e4 tarpeita ja vaatimuksia. Mutta Armaton tarjoaa kaikille k\u00e4ytt\u00e4jille yhden yhteisen ominaisuuden: Mielenrauhan, ett\u00e4 tuotteet ovat turvalliset ja toimivat.\",\"breadcrumb\":{\"@id\":\"https:\/\/www.armaton.com\/fi\/miksi-armaton\/#breadcrumb\"},\"inLanguage\":\"fi\",\"potentialAction\":[{\"@type\":\"ReadAction\",\"target\":[\"https:\/\/www.armaton.com\/fi\/miksi-armaton\/\"]}]},{\"@type\":\"BreadcrumbList\",\"@id\":\"https:\/\/www.armaton.com\/fi\/miksi-armaton\/#breadcrumb\",\"itemListElement\":[{\"@type\":\"ListItem\",\"position\":1,\"name\":\"Home\",\"item\":\"https:\/\/www.armaton.com\/fi\/\"},{\"@type\":\"ListItem\",\"position\":2,\"name\":\"Miksi Armaton\"}]},{\"@type\":\"WebSite\",\"@id\":\"https:\/\/www.armaton.com\/#website\",\"url\":\"https:\/\/www.armaton.com\/\",\"name\":\"Armaton\",\"description\":\"Armaton Solutions \u2013 Desire To Improve\",\"potentialAction\":[{\"@type\":\"SearchAction\",\"target\":{\"@type\":\"EntryPoint\",\"urlTemplate\":\"https:\/\/www.armaton.com\/?s={search_term_string}\"},\"query-input\":\"required name=search_term_string\"}],\"inLanguage\":\"fi\"}]}<\/script>\n<!-- \/ Yoast SEO plugin. -->","yoast_head_json":{"title":"Miksi Armaton - Armaton","description":"Jokaisella k\u00e4ytt\u00e4j\u00e4ll\u00e4 on erilaisia laitalukituksiin ja tolppaj\u00e4rjestelmiin liittyvi\u00e4 tarpeita ja vaatimuksia. Mutta Armaton tarjoaa kaikille k\u00e4ytt\u00e4jille yhden yhteisen ominaisuuden: Mielenrauhan, ett\u00e4 tuotteet ovat turvalliset ja toimivat.","robots":{"index":"index","follow":"follow","max-snippet":"max-snippet:-1","max-image-preview":"max-image-preview:large","max-video-preview":"max-video-preview:-1"},"canonical":"https:\/\/www.armaton.com\/fi\/miksi-armaton\/","og_locale":"fi_FI","og_type":"article","og_title":"Miksi Armaton - Armaton","og_description":"Jokaisella k\u00e4ytt\u00e4j\u00e4ll\u00e4 on erilaisia laitalukituksiin ja tolppaj\u00e4rjestelmiin liittyvi\u00e4 tarpeita ja vaatimuksia. Mutta Armaton tarjoaa kaikille k\u00e4ytt\u00e4jille yhden yhteisen ominaisuuden: Mielenrauhan, ett\u00e4 tuotteet ovat turvalliset ja toimivat.","og_url":"https:\/\/www.armaton.com\/fi\/miksi-armaton\/","og_site_name":"Armaton","article_modified_time":"2023-04-25T13:53:08+00:00","twitter_card":"summary_large_image","twitter_misc":{"Arvioitu lukuaika":"1 minuutti"},"schema":{"@context":"https:\/\/schema.org","@graph":[{"@type":"WebPage","@id":"https:\/\/www.armaton.com\/fi\/miksi-armaton\/","url":"https:\/\/www.armaton.com\/fi\/miksi-armaton\/","name":"Miksi Armaton - Armaton","isPartOf":{"@id":"https:\/\/www.armaton.com\/#website"},"datePublished":"2022-01-03T14:22:34+00:00","dateModified":"2023-04-25T13:53:08+00:00","description":"Jokaisella k\u00e4ytt\u00e4j\u00e4ll\u00e4 on erilaisia laitalukituksiin ja tolppaj\u00e4rjestelmiin liittyvi\u00e4 tarpeita ja vaatimuksia. Mutta Armaton tarjoaa kaikille k\u00e4ytt\u00e4jille yhden yhteisen ominaisuuden: Mielenrauhan, ett\u00e4 tuotteet ovat turvalliset ja toimivat.","breadcrumb":{"@id":"https:\/\/www.armaton.com\/fi\/miksi-armaton\/#breadcrumb"},"inLanguage":"fi","potentialAction":[{"@type":"ReadAction","target":["https:\/\/www.armaton.com\/fi\/miksi-armaton\/"]}]},{"@type":"BreadcrumbList","@id":"https:\/\/www.armaton.com\/fi\/miksi-armaton\/#breadcrumb","itemListElement":[{"@type":"ListItem","position":1,"name":"Home","item":"https:\/\/www.armaton.com\/fi\/"},{"@type":"ListItem","position":2,"name":"Miksi Armaton"}]},{"@type":"WebSite","@id":"https:\/\/www.armaton.com\/#website","url":"https:\/\/www.armaton.com\/","name":"Armaton","description":"Armaton Solutions \u2013 Desire To Improve","potentialAction":[{"@type":"SearchAction","target":{"@type":"EntryPoint","urlTemplate":"https:\/\/www.armaton.com\/?s={search_term_string}"},"query-input":"required name=search_term_string"}],"inLanguage":"fi"}]}},"_links":{"self":[{"href":"https:\/\/www.armaton.com\/fi\/wp-json\/wp\/v2\/pages\/9768","targetHints":{"allow":["GET"]}}],"collection":[{"href":"https:\/\/www.armaton.com\/fi\/wp-json\/wp\/v2\/pages"}],"about":[{"href":"https:\/\/www.armaton.com\/fi\/wp-json\/wp\/v2\/types\/page"}],"author":[{"embeddable":true,"href":"https:\/\/www.armaton.com\/fi\/wp-json\/wp\/v2\/users\/2"}],"replies":[{"embeddable":true,"href":"https:\/\/www.armaton.com\/fi\/wp-json\/wp\/v2\/comments?post=9768"}],"version-history":[{"count":19,"href":"https:\/\/www.armaton.com\/fi\/wp-json\/wp\/v2\/pages\/9768\/revisions"}],"predecessor-version":[{"id":12477,"href":"https:\/\/www.armaton.com\/fi\/wp-json\/wp\/v2\/pages\/9768\/revisions\/12477"}],"wp:attachment":[{"href":"https:\/\/www.armaton.com\/fi\/wp-json\/wp\/v2\/media?parent=9768"}],"curies":[{"name":"wp","href":"https:\/\/api.w.org\/{rel}","templated":true}]}}