{"id":9870,"date":"2022-01-03T15:48:13","date_gmt":"2022-01-03T15:48:13","guid":{"rendered":"https:\/\/www.armaton.com\/?page_id=9870"},"modified":"2024-01-16T09:42:52","modified_gmt":"2024-01-16T09:42:52","slug":"ajoneuvovastaavat","status":"publish","type":"page","link":"https:\/\/www.armaton.com\/fi\/ajoneuvovastaavat\/","title":{"rendered":"Ajoneuvovastaavat"},"content":{"rendered":"<div id=\"pl-9870\"  class=\"panel-layout\" ><div id=\"pg-9870-0\"  class=\"panel-grid panel-has-style\" ><div class=\"siteorigin-panels-stretch panel-row-style panel-row-style-for-9870-0\" data-stretch-type=\"full-stretched\" ><div id=\"pgc-9870-0-0\"  class=\"panel-grid-cell\" ><div id=\"panel-9870-0-0-0\" class=\"so-panel widget widget_fa-hero-banner-widget panel-first-child panel-last-child\" data-index=\"0\" ><div class=\"panel-widget-style panel-widget-style-for-9870-0-0-0\" ><div\n\t\t\t\n\t\t\tclass=\"so-widget-fa-hero-banner-widget so-widget-fa-hero-banner-widget-default-2d51e5be1a5c-9870\"\n\t\t\t\n\t\t><div class=\"forankra-hero-banner\">\n    <img loading=\"lazy\" decoding=\"async\" width=\"2650\" height=\"1385\" src=\"https:\/\/www.armaton.com\/wp-content\/uploads\/sites\/14\/2019\/06\/Knowledge_Case_Vehicle_puff_1b.jpg\" class=\"forankra-hero-banner-image\" alt=\"\" srcset=\"https:\/\/www.armaton.com\/wp-content\/uploads\/sites\/14\/2019\/06\/Knowledge_Case_Vehicle_puff_1b.jpg 2650w, https:\/\/www.armaton.com\/wp-content\/uploads\/sites\/14\/2019\/06\/Knowledge_Case_Vehicle_puff_1b-300x157.jpg 300w, https:\/\/www.armaton.com\/wp-content\/uploads\/sites\/14\/2019\/06\/Knowledge_Case_Vehicle_puff_1b-768x401.jpg 768w, https:\/\/www.armaton.com\/wp-content\/uploads\/sites\/14\/2019\/06\/Knowledge_Case_Vehicle_puff_1b-1024x535.jpg 1024w, https:\/\/www.armaton.com\/wp-content\/uploads\/sites\/14\/2019\/06\/Knowledge_Case_Vehicle_puff_1b-600x314.jpg 600w\" sizes=\"auto, (max-width: 2650px) 100vw, 2650px\" \/>    <section class=\"hero-content\">\n    <div class=\"content\">\n        <span style=\"font-size: 21px;\">ARMATON TARINOITA<\/span>\n<h1><span lang=\"EN-GB\">Ajoneuvovastaavat.<\/span><\/h1>\n<span lang=\"EN-GB\" style=\"font-size: 21px;\">Vastaatpa lava- ja pakettiautojen vuokraamisesta paikallisella huoltoasemalla tai auotovuokraamolla, on tarjoamasi ajoneuvojen oltava asiakkaillesi helppok\u00e4ytt\u00f6isi\u00e4, ja palautettaessa helposti huollettavia ja puhdistettavia \u2013 t\u00e4m\u00e4 varmistaa korkeamman j\u00e4lleenmyyntiarvon.<\/span>            <\/div>\n    <\/section>\n<\/div>\n<\/div><\/div><\/div><\/div><\/div><\/div><div id=\"pg-9870-1\"  class=\"panel-grid panel-has-style\" ><div class=\"siteorigin-panels-stretch panel-row-style panel-row-style-for-9870-1\" data-stretch-type=\"full-stretched\" ><div id=\"pgc-9870-1-0\"  class=\"panel-grid-cell panel-grid-cell-empty\" ><\/div><div id=\"pgc-9870-1-1\"  class=\"panel-grid-cell\" ><div id=\"panel-9870-1-1-0\" class=\"so-panel widget widget_sow-image panel-first-child panel-last-child\" data-index=\"1\" ><div\n\t\t\t\n\t\t\tclass=\"so-widget-sow-image so-widget-sow-image-default-dbf295114b96-9870\"\n\t\t\t\n\t\t>\n\n<div class=\"sow-image-container\">\n\t\t<img decoding=\"async\" src=\"https:\/\/www.armaton.com\/wp-content\/uploads\/sites\/14\/2019\/05\/Knowledge_bodybuilders_puff_2-768x605.jpg\" width=\"768\" height=\"605\" srcset=\"https:\/\/www.armaton.com\/wp-content\/uploads\/sites\/14\/2019\/05\/Knowledge_bodybuilders_puff_2-768x605.jpg 768w, https:\/\/www.armaton.com\/wp-content\/uploads\/sites\/14\/2019\/05\/Knowledge_bodybuilders_puff_2-300x236.jpg 300w, https:\/\/www.armaton.com\/wp-content\/uploads\/sites\/14\/2019\/05\/Knowledge_bodybuilders_puff_2-1024x807.jpg 1024w, https:\/\/www.armaton.com\/wp-content\/uploads\/sites\/14\/2019\/05\/Knowledge_bodybuilders_puff_2-600x473.jpg 600w, https:\/\/www.armaton.com\/wp-content\/uploads\/sites\/14\/2019\/05\/Knowledge_bodybuilders_puff_2.jpg 1282w\" sizes=\"auto, (max-width: 768px) 100vw, 768px\" alt=\"\" loading=\"lazy\" \t\tclass=\"so-widget-image\"\/>\n\t<\/div>\n\n<\/div><\/div><\/div><div id=\"pgc-9870-1-2\"  class=\"panel-grid-cell\" ><div id=\"panel-9870-1-2-0\" class=\"so-panel widget widget_siteorigin-panels-builder panel-first-child panel-last-child\" data-index=\"2\" ><div class=\"panel-widget-style panel-widget-style-for-9870-1-2-0\" ><div id=\"pl-w61d564c2dea66\"  class=\"panel-layout\" ><div id=\"pg-w61d564c2dea66-0\"  class=\"panel-grid panel-no-style\" ><div id=\"pgc-w61d564c2dea66-0-0\"  class=\"panel-grid-cell panel-grid-cell-empty\" ><\/div><div id=\"pgc-w61d564c2dea66-0-1\"  class=\"panel-grid-cell panel-grid-cell-mobile-last\" ><div id=\"panel-w61d564c2dea66-0-1-0\" class=\"so-panel widget widget_sow-editor panel-first-child\" data-index=\"0\" ><div\n\t\t\t\n\t\t\tclass=\"so-widget-sow-editor so-widget-sow-editor-base\"\n\t\t\t\n\t\t>\n<div class=\"siteorigin-widget-tinymce textwidget\">\n\t<p>&nbsp;<\/p>\n<h3><strong>Helppok\u00e4ytt\u00f6inen, kest\u00e4v\u00e4 ja taloudellinen.<br \/>\n<\/strong><\/h3>\n<p><span lang=\"EN-GB\"><span style=\"font-size: 18px;\">Lukitusj\u00e4rjestelm\u00e4 on optimoitu kantamaan maksimaalisen kuorman ajoneuvon 6t kokonaispainoon asti. Lukkotolpat ovat helppok\u00e4ytt\u00f6isi\u00e4, kest\u00e4vi\u00e4 ja ergonomisia \u2013 luonnollinen valinta kun tolpilta edellytet\u00e4\u00e4n monik\u00e4ytt\u00f6isyytt\u00e4 ja tukevuutta kiinnitett\u00e4ess\u00e4 lavakuomuja tai -peitteit\u00e4.<\/span> <\/span><\/p>\n<\/div>\n<\/div><\/div><div id=\"panel-w61d564c2dea66-0-1-1\" class=\"so-panel widget widget_sow-button panel-last-child\" data-index=\"1\" ><div\n\t\t\t\n\t\t\tclass=\"so-widget-sow-button so-widget-sow-button-flat-d23e0acbfdd0\"\n\t\t\t\n\t\t><div class=\"ow-button-base ow-button-align-left\">\n\t<a\n\thref=\"https:\/\/www.armaton.com\/fi\/armaton-4000xf\/\"\n\t\tclass=\"ow-icon-placement-left ow-button-hover\" \t>\n\t\t<span>\n\t\t\t\n\t\t\tLue lis\u00e4\u00e4 &gt;\t\t<\/span>\n\t<\/a>\n<\/div>\n<\/div><\/div><\/div><div id=\"pgc-w61d564c2dea66-0-2\"  class=\"panel-grid-cell panel-grid-cell-empty\" ><\/div><\/div><\/div><\/div><\/div><\/div><\/div><\/div><div id=\"pg-9870-2\"  class=\"panel-grid panel-has-style\" ><div class=\"siteorigin-panels-stretch panel-row-style panel-row-style-for-9870-2\" data-stretch-type=\"full-stretched\" ><div id=\"pgc-9870-2-0\"  class=\"panel-grid-cell\" ><div id=\"panel-9870-2-0-0\" class=\"so-panel widget widget_siteorigin-panels-builder panel-first-child panel-last-child\" data-index=\"3\" ><div class=\"panel-widget-style panel-widget-style-for-9870-2-0-0\" ><div id=\"pl-w61d31c31876b6\"  class=\"panel-layout\" ><div id=\"pg-w61d31c31876b6-0\"  class=\"panel-grid panel-no-style\" ><div id=\"pgc-w61d31c31876b6-0-0\"  class=\"panel-grid-cell panel-grid-cell-empty\" ><\/div><div id=\"pgc-w61d31c31876b6-0-1\"  class=\"panel-grid-cell panel-grid-cell-mobile-last\" ><div id=\"panel-w61d31c31876b6-0-1-0\" class=\"so-panel widget widget_sow-editor panel-first-child panel-last-child\" data-index=\"0\" ><div class=\"panel-widget-style panel-widget-style-for-w61d31c31876b6-0-1-0\" ><div\n\t\t\t\n\t\t\tclass=\"so-widget-sow-editor so-widget-sow-editor-base\"\n\t\t\t\n\t\t>\n<div class=\"siteorigin-widget-tinymce textwidget\">\n\t<p>&nbsp;<\/p>\n<h3><strong>Vakaa ja turvallinen kiinnitys<\/strong><\/h3>\n<p><span style=\"font-size: 18px;\">Sivu- ja takatolpat ovat tarvittaessa helposti irrotettavissa kiinnikkeist\u00e4\u00e4n kahva auki asennossa. Kiinni asennossa tolpat lukittuvat.<\/span><\/p>\n<\/div>\n<\/div><\/div><\/div><\/div><div id=\"pgc-w61d31c31876b6-0-2\"  class=\"panel-grid-cell panel-grid-cell-empty\" ><\/div><\/div><\/div><\/div><\/div><\/div><div id=\"pgc-9870-2-1\"  class=\"panel-grid-cell\" ><div id=\"panel-9870-2-1-0\" class=\"so-panel widget widget_sow-image panel-first-child panel-last-child\" data-index=\"4\" ><div\n\t\t\t\n\t\t\tclass=\"so-widget-sow-image so-widget-sow-image-default-dbf295114b96-9870\"\n\t\t\t\n\t\t>\n\n<div class=\"sow-image-container\">\n\t\t<img decoding=\"async\" src=\"https:\/\/www.armaton.com\/wp-content\/uploads\/sites\/14\/2019\/06\/Knowledge_Case_Vehicle_puff_6b-768x605.png\" width=\"768\" height=\"605\" srcset=\"https:\/\/www.armaton.com\/wp-content\/uploads\/sites\/14\/2019\/06\/Knowledge_Case_Vehicle_puff_6b-768x605.png 768w, https:\/\/www.armaton.com\/wp-content\/uploads\/sites\/14\/2019\/06\/Knowledge_Case_Vehicle_puff_6b-300x236.png 300w, https:\/\/www.armaton.com\/wp-content\/uploads\/sites\/14\/2019\/06\/Knowledge_Case_Vehicle_puff_6b-1024x807.png 1024w, https:\/\/www.armaton.com\/wp-content\/uploads\/sites\/14\/2019\/06\/Knowledge_Case_Vehicle_puff_6b-600x473.png 600w, https:\/\/www.armaton.com\/wp-content\/uploads\/sites\/14\/2019\/06\/Knowledge_Case_Vehicle_puff_6b.png 1282w\" sizes=\"auto, (max-width: 768px) 100vw, 768px\" alt=\"\" loading=\"lazy\" \t\tclass=\"so-widget-image\"\/>\n\t<\/div>\n\n<\/div><\/div><\/div><\/div><\/div><div id=\"pg-9870-3\"  class=\"panel-grid panel-has-style\" ><div class=\"siteorigin-panels-stretch panel-row-style panel-row-style-for-9870-3\" data-stretch-type=\"full-stretched\" ><div id=\"pgc-9870-3-0\"  class=\"panel-grid-cell\" ><div id=\"panel-9870-3-0-0\" class=\"so-panel widget widget_sow-image panel-first-child panel-last-child\" data-index=\"5\" ><div\n\t\t\t\n\t\t\tclass=\"so-widget-sow-image so-widget-sow-image-default-dbf295114b96-9870\"\n\t\t\t\n\t\t>\n\n<div class=\"sow-image-container\">\n\t\t<img decoding=\"async\" src=\"https:\/\/www.armaton.com\/wp-content\/uploads\/sites\/14\/2019\/05\/Handtag_ENG746x490.jpg\" width=\"746\" height=\"490\" srcset=\"https:\/\/www.armaton.com\/wp-content\/uploads\/sites\/14\/2019\/05\/Handtag_ENG746x490.jpg 746w, https:\/\/www.armaton.com\/wp-content\/uploads\/sites\/14\/2019\/05\/Handtag_ENG746x490-300x197.jpg 300w, https:\/\/www.armaton.com\/wp-content\/uploads\/sites\/14\/2019\/05\/Handtag_ENG746x490-600x394.jpg 600w\" sizes=\"auto, (max-width: 746px) 100vw, 746px\" title=\"Handtag_ENG,746&#215;490\" alt=\"\" loading=\"lazy\" \t\tclass=\"so-widget-image\"\/>\n\t<\/div>\n\n<\/div><\/div><\/div><div id=\"pgc-9870-3-1\"  class=\"panel-grid-cell\" ><div id=\"panel-9870-3-1-0\" class=\"so-panel widget widget_siteorigin-panels-builder panel-first-child panel-last-child\" data-index=\"6\" ><div class=\"panel-widget-style panel-widget-style-for-9870-3-1-0\" ><div id=\"pl-w61d31c31879df\"  class=\"panel-layout\" ><div id=\"pg-w61d31c31879df-0\"  class=\"panel-grid panel-no-style\" ><div id=\"pgc-w61d31c31879df-0-0\"  class=\"panel-grid-cell panel-grid-cell-empty\" ><\/div><div id=\"pgc-w61d31c31879df-0-1\"  class=\"panel-grid-cell panel-grid-cell-mobile-last\" ><div id=\"panel-w61d31c31879df-0-1-0\" class=\"so-panel widget widget_sow-editor panel-first-child panel-last-child\" data-index=\"0\" ><div\n\t\t\t\n\t\t\tclass=\"so-widget-sow-editor so-widget-sow-editor-base\"\n\t\t\t\n\t\t>\n<div class=\"siteorigin-widget-tinymce textwidget\">\n\t<p>&nbsp;<\/p>\n<h3><strong><span lang=\"EN-US\">Helppo pit\u00e4\u00e4 puhtaana ja huoltaa<\/span><\/strong><\/h3>\n<p><span lang=\"EN-US\"><span style=\"font-size: 18px;\">Ajoneuvovastaavan tulee pit\u00e4\u00e4 lava- ja pakettiautot jatkuvasti hyv\u00e4ss\u00e4 k\u00e4ytt\u00f6kunnossa joten niiden puhtaanapidon ja huollon tulee sujua helposti.<\/span> <\/span><\/p>\n<\/div>\n<\/div><\/div><\/div><div id=\"pgc-w61d31c31879df-0-2\"  class=\"panel-grid-cell panel-grid-cell-empty\" ><\/div><\/div><\/div><\/div><\/div><\/div><\/div><\/div><div id=\"pg-9870-4\"  class=\"panel-grid panel-has-style\" ><div class=\"siteorigin-panels-stretch panel-row-style panel-row-style-for-9870-4\" data-stretch-type=\"full-stretched\" ><div id=\"pgc-9870-4-0\"  class=\"panel-grid-cell\" ><div id=\"panel-9870-4-0-0\" class=\"so-panel widget widget_fa-hero-banner-widget panel-first-child panel-last-child\" data-index=\"7\" ><div class=\"panel-widget-style panel-widget-style-for-9870-4-0-0\" ><div\n\t\t\t\n\t\t\tclass=\"so-widget-fa-hero-banner-widget so-widget-fa-hero-banner-widget-default-cd1e29ff90d7-9870\"\n\t\t\t\n\t\t><div class=\"forankra-hero-banner\">\n    <img loading=\"lazy\" decoding=\"async\" width=\"2592\" height=\"1010\" src=\"https:\/\/www.armaton.com\/wp-content\/uploads\/sites\/14\/2019\/05\/Start_puff_4.jpg\" class=\"forankra-hero-banner-image\" alt=\"\" srcset=\"https:\/\/www.armaton.com\/wp-content\/uploads\/sites\/14\/2019\/05\/Start_puff_4.jpg 2592w, https:\/\/www.armaton.com\/wp-content\/uploads\/sites\/14\/2019\/05\/Start_puff_4-300x117.jpg 300w, https:\/\/www.armaton.com\/wp-content\/uploads\/sites\/14\/2019\/05\/Start_puff_4-768x299.jpg 768w, https:\/\/www.armaton.com\/wp-content\/uploads\/sites\/14\/2019\/05\/Start_puff_4-1024x399.jpg 1024w, https:\/\/www.armaton.com\/wp-content\/uploads\/sites\/14\/2019\/05\/Start_puff_4-600x234.jpg 600w\" sizes=\"auto, (max-width: 2592px) 100vw, 2592px\" \/>    <section class=\"hero-content\">\n    <div class=\"content\">\n        <h3><strong>Armaton Modular Platform Kit<\/strong>\n<strong>\u2013 the perfect fit.<\/strong><\/h3>\n<span style=\"font-size: 18px;\">K\u00e4\u00e4nteentekev\u00e4 ratkaisu max 3,5t lava- ja pakettiautoille. Kokoamiseen ei tarvita erikoisty\u00f6kaluja ja aikaa kuluu vain murto-osa tavanomaisesta, jolloin s\u00e4\u00e4styy aikaa ja rahaa. <\/span>\n<br \/>\n<br \/>\n<br \/>        <div class=\"button-container left\"><a href=\"https:\/\/www.armaton.com\/fi\/modular-platform-kit\/\" class=\"forankra-hero-banner-button\">Lue lis\u00e4\u00e4 &gt;<\/a><\/div>    <\/div>\n    <\/section>\n<\/div>\n<\/div><\/div><\/div><\/div><\/div><\/div><div id=\"pg-9870-5\"  class=\"panel-grid panel-has-style\" ><div class=\"siteorigin-panels-stretch panel-row-style panel-row-style-for-9870-5\" data-stretch-type=\"full-stretched\" ><div id=\"pgc-9870-5-0\"  class=\"panel-grid-cell\" ><div id=\"panel-9870-5-0-0\" class=\"so-panel widget widget_siteorigin-panels-builder panel-first-child panel-last-child\" data-index=\"8\" ><div class=\"panel-widget-style panel-widget-style-for-9870-5-0-0\" ><div id=\"pl-w61d31c3187de0\"  class=\"panel-layout\" ><div id=\"pg-w61d31c3187de0-0\"  class=\"panel-grid panel-no-style\" ><div id=\"pgc-w61d31c3187de0-0-0\"  class=\"panel-grid-cell panel-grid-cell-empty\" ><\/div><div id=\"pgc-w61d31c3187de0-0-1\"  class=\"panel-grid-cell panel-grid-cell-mobile-last\" ><div id=\"panel-w61d31c3187de0-0-1-0\" class=\"so-panel widget widget_sow-editor panel-first-child panel-last-child\" data-index=\"0\" ><div class=\"panel-widget-style panel-widget-style-for-w61d31c3187de0-0-1-0\" ><div\n\t\t\t\n\t\t\tclass=\"so-widget-sow-editor so-widget-sow-editor-base\"\n\t\t\t\n\t\t>\n<div class=\"siteorigin-widget-tinymce textwidget\">\n\t<p>&nbsp;<\/p>\n<h3><strong>Takuusitoumus<\/strong><\/h3>\n<p><span style=\"font-size: 18px;\">Armaton takaa tuotteidensa ja varaosiensa korkean laadun ja kest\u00e4vyyden.<\/span><\/p>\n<\/div>\n<\/div><\/div><\/div><\/div><div id=\"pgc-w61d31c3187de0-0-2\"  class=\"panel-grid-cell panel-grid-cell-empty\" ><\/div><\/div><\/div><\/div><\/div><\/div><div id=\"pgc-9870-5-1\"  class=\"panel-grid-cell\" ><div id=\"panel-9870-5-1-0\" class=\"so-panel widget widget_sow-image panel-first-child panel-last-child\" data-index=\"9\" ><div\n\t\t\t\n\t\t\tclass=\"so-widget-sow-image so-widget-sow-image-default-dbf295114b96-9870\"\n\t\t\t\n\t\t>\n\n<div class=\"sow-image-container\">\n\t\t<img decoding=\"async\" src=\"https:\/\/www.armaton.com\/wp-content\/uploads\/sites\/14\/2019\/05\/Modular_Kit_drawing_2_1100x610-768x426.jpg\" width=\"768\" height=\"426\" srcset=\"https:\/\/www.armaton.com\/wp-content\/uploads\/sites\/14\/2019\/05\/Modular_Kit_drawing_2_1100x610-768x426.jpg 768w, https:\/\/www.armaton.com\/wp-content\/uploads\/sites\/14\/2019\/05\/Modular_Kit_drawing_2_1100x610-300x166.jpg 300w, https:\/\/www.armaton.com\/wp-content\/uploads\/sites\/14\/2019\/05\/Modular_Kit_drawing_2_1100x610-1024x568.jpg 1024w, https:\/\/www.armaton.com\/wp-content\/uploads\/sites\/14\/2019\/05\/Modular_Kit_drawing_2_1100x610-600x333.jpg 600w, https:\/\/www.armaton.com\/wp-content\/uploads\/sites\/14\/2019\/05\/Modular_Kit_drawing_2_1100x610.jpg 1100w\" sizes=\"auto, (max-width: 768px) 100vw, 768px\" alt=\"\" loading=\"lazy\" \t\tclass=\"so-widget-image\"\/>\n\t<\/div>\n\n<\/div><\/div><\/div><\/div><\/div><div id=\"pg-9870-6\"  class=\"panel-grid panel-has-style\" ><div class=\"siteorigin-panels-stretch panel-row-style panel-row-style-for-9870-6\" data-stretch-type=\"full-stretched\" ><div id=\"pgc-9870-6-0\"  class=\"panel-grid-cell\" ><div id=\"panel-9870-6-0-0\" class=\"so-panel widget widget_sow-image panel-first-child panel-last-child\" data-index=\"10\" ><div\n\t\t\t\n\t\t\tclass=\"so-widget-sow-image so-widget-sow-image-default-a258e6bfa2d8-9870\"\n\t\t\t\n\t\t>\n\n<div class=\"sow-image-container\">\n\t\t<img decoding=\"async\" src=\"https:\/\/www.armaton.com\/wp-content\/uploads\/sites\/14\/2020\/06\/Stepless_3_1282x1010-768x605.jpg\" width=\"768\" height=\"605\" srcset=\"https:\/\/www.armaton.com\/wp-content\/uploads\/sites\/14\/2020\/06\/Stepless_3_1282x1010-768x605.jpg 768w, https:\/\/www.armaton.com\/wp-content\/uploads\/sites\/14\/2020\/06\/Stepless_3_1282x1010-300x236.jpg 300w, https:\/\/www.armaton.com\/wp-content\/uploads\/sites\/14\/2020\/06\/Stepless_3_1282x1010-1024x807.jpg 1024w, https:\/\/www.armaton.com\/wp-content\/uploads\/sites\/14\/2020\/06\/Stepless_3_1282x1010-600x473.jpg 600w, https:\/\/www.armaton.com\/wp-content\/uploads\/sites\/14\/2020\/06\/Stepless_3_1282x1010.jpg 1262w\" sizes=\"auto, (max-width: 768px) 100vw, 768px\" alt=\"\" loading=\"lazy\" \t\tclass=\"so-widget-image\"\/>\n\t<\/div>\n\n<\/div><\/div><\/div><div id=\"pgc-9870-6-1\"  class=\"panel-grid-cell\" ><div id=\"panel-9870-6-1-0\" class=\"so-panel widget widget_siteorigin-panels-builder panel-first-child panel-last-child\" data-index=\"11\" ><div class=\"panel-widget-style panel-widget-style-for-9870-6-1-0\" ><div id=\"pl-w61d31c3188145\"  class=\"panel-layout\" ><div id=\"pg-w61d31c3188145-0\"  class=\"panel-grid panel-no-style\" ><div id=\"pgc-w61d31c3188145-0-0\"  class=\"panel-grid-cell panel-grid-cell-empty\" ><\/div><div id=\"pgc-w61d31c3188145-0-1\"  class=\"panel-grid-cell panel-grid-cell-mobile-last\" ><div id=\"panel-w61d31c3188145-0-1-0\" class=\"so-panel widget widget_sow-editor panel-first-child panel-last-child\" data-index=\"0\" ><div class=\"panel-widget-style panel-widget-style-for-w61d31c3188145-0-1-0\" ><div\n\t\t\t\n\t\t\tclass=\"so-widget-sow-editor so-widget-sow-editor-base\"\n\t\t\t\n\t\t>\n<div class=\"siteorigin-widget-tinymce textwidget\">\n\t<p>&nbsp;<\/p>\n<h3><strong><span lang=\"EN-GB\">360 asteen portaaton kuormansidonta<\/span><\/strong><\/h3>\n<p><span style=\"font-size: 18px;\"><span lang=\"EN-GB\">Portaaton kuormansidonta on integroitu sivuprofiiliin, eik\u00e4 vaadi kuormatilassa erikoisj\u00e4rjestelyj\u00e4.<\/span><\/span><\/p>\n<\/div>\n<\/div><\/div><\/div><\/div><div id=\"pgc-w61d31c3188145-0-2\"  class=\"panel-grid-cell panel-grid-cell-empty\" ><\/div><\/div><\/div><\/div><\/div><\/div><\/div><\/div><\/div>","protected":false},"excerpt":{"rendered":"<p>ARMATON TARINOITA Ajoneuvovastaavat. Vastaatpa lava- ja pakettiautojen vuokraamisesta paikallisella huoltoasemalla tai auotovuokraamolla, on tarjoamasi ajoneuvojen oltava asiakkaillesi helppok\u00e4ytt\u00f6isi\u00e4, ja palautettaessa helposti huollettavia ja puhdistettavia \u2013 t\u00e4m\u00e4 varmistaa korkeamman j\u00e4lleenmyyntiarvon. &nbsp; Helppok\u00e4ytt\u00f6inen, kest\u00e4v\u00e4 ja taloudellinen. Lukitusj\u00e4rjestelm\u00e4 on optimoitu kantamaan maksimaalisen kuorman ajoneuvon 6t kokonaispainoon asti. Lukkotolpat ovat helppok\u00e4ytt\u00f6isi\u00e4, kest\u00e4vi\u00e4 ja ergonomisia \u2013 luonnollinen valinta kun tolpilta [&hellip;]<\/p>\n","protected":false},"author":2,"featured_media":0,"parent":0,"menu_order":0,"comment_status":"closed","ping_status":"closed","template":"","meta":{"footnotes":""},"class_list":["post-9870","page","type-page","status-publish","hentry"],"yoast_head":"<!-- This site is optimized with the Yoast SEO plugin v20.4 - https:\/\/yoast.com\/wordpress\/plugins\/seo\/ -->\n<title>Ajoneuvovastaavat - Armaton<\/title>\n<meta name=\"description\" content=\"Vastaatpa lava- ja pakettiautojen vuokraamisesta paikallisella huoltoasemalla tai auotovuokraamolla, on tarjoamasi ajoneuvojen oltava asiakkaillesi helppok\u00e4ytt\u00f6isi\u00e4, ja palautettaessa helposti huollettavia ja puhdistettavia \u2013 t\u00e4m\u00e4 varmistaa korkeamman j\u00e4lleenmyyntiarvon.\" \/>\n<meta name=\"robots\" content=\"index, follow, max-snippet:-1, max-image-preview:large, max-video-preview:-1\" \/>\n<link rel=\"canonical\" href=\"https:\/\/www.armaton.com\/fi\/ajoneuvovastaavat\/\" \/>\n<meta property=\"og:locale\" content=\"fi_FI\" \/>\n<meta property=\"og:type\" content=\"article\" \/>\n<meta property=\"og:title\" content=\"Ajoneuvovastaavat - Armaton\" \/>\n<meta property=\"og:description\" content=\"Vastaatpa lava- ja pakettiautojen vuokraamisesta paikallisella huoltoasemalla tai auotovuokraamolla, on tarjoamasi ajoneuvojen oltava asiakkaillesi helppok\u00e4ytt\u00f6isi\u00e4, ja palautettaessa helposti huollettavia ja puhdistettavia \u2013 t\u00e4m\u00e4 varmistaa korkeamman j\u00e4lleenmyyntiarvon.\" \/>\n<meta property=\"og:url\" content=\"https:\/\/www.armaton.com\/fi\/ajoneuvovastaavat\/\" \/>\n<meta property=\"og:site_name\" content=\"Armaton\" \/>\n<meta property=\"article:modified_time\" content=\"2024-01-16T09:42:52+00:00\" \/>\n<meta name=\"twitter:card\" content=\"summary_large_image\" \/>\n<meta name=\"twitter:label1\" content=\"Arvioitu lukuaika\" \/>\n\t<meta name=\"twitter:data1\" content=\"1 minuutti\" \/>\n<script type=\"application\/ld+json\" class=\"yoast-schema-graph\">{\"@context\":\"https:\/\/schema.org\",\"@graph\":[{\"@type\":\"WebPage\",\"@id\":\"https:\/\/www.armaton.com\/fi\/ajoneuvovastaavat\/\",\"url\":\"https:\/\/www.armaton.com\/fi\/ajoneuvovastaavat\/\",\"name\":\"Ajoneuvovastaavat - Armaton\",\"isPartOf\":{\"@id\":\"https:\/\/www.armaton.com\/#website\"},\"datePublished\":\"2022-01-03T15:48:13+00:00\",\"dateModified\":\"2024-01-16T09:42:52+00:00\",\"description\":\"Vastaatpa lava- ja pakettiautojen vuokraamisesta paikallisella huoltoasemalla tai auotovuokraamolla, on tarjoamasi ajoneuvojen oltava asiakkaillesi helppok\u00e4ytt\u00f6isi\u00e4, ja palautettaessa helposti huollettavia ja puhdistettavia \u2013 t\u00e4m\u00e4 varmistaa korkeamman j\u00e4lleenmyyntiarvon.\",\"breadcrumb\":{\"@id\":\"https:\/\/www.armaton.com\/fi\/ajoneuvovastaavat\/#breadcrumb\"},\"inLanguage\":\"fi\",\"potentialAction\":[{\"@type\":\"ReadAction\",\"target\":[\"https:\/\/www.armaton.com\/fi\/ajoneuvovastaavat\/\"]}]},{\"@type\":\"BreadcrumbList\",\"@id\":\"https:\/\/www.armaton.com\/fi\/ajoneuvovastaavat\/#breadcrumb\",\"itemListElement\":[{\"@type\":\"ListItem\",\"position\":1,\"name\":\"Home\",\"item\":\"https:\/\/www.armaton.com\/fi\/\"},{\"@type\":\"ListItem\",\"position\":2,\"name\":\"Ajoneuvovastaavat\"}]},{\"@type\":\"WebSite\",\"@id\":\"https:\/\/www.armaton.com\/#website\",\"url\":\"https:\/\/www.armaton.com\/\",\"name\":\"Armaton\",\"description\":\"Armaton Solutions \u2013 Desire To Improve\",\"potentialAction\":[{\"@type\":\"SearchAction\",\"target\":{\"@type\":\"EntryPoint\",\"urlTemplate\":\"https:\/\/www.armaton.com\/?s={search_term_string}\"},\"query-input\":\"required name=search_term_string\"}],\"inLanguage\":\"fi\"}]}<\/script>\n<!-- \/ Yoast SEO plugin. -->","yoast_head_json":{"title":"Ajoneuvovastaavat - Armaton","description":"Vastaatpa lava- ja pakettiautojen vuokraamisesta paikallisella huoltoasemalla tai auotovuokraamolla, on tarjoamasi ajoneuvojen oltava asiakkaillesi helppok\u00e4ytt\u00f6isi\u00e4, ja palautettaessa helposti huollettavia ja puhdistettavia \u2013 t\u00e4m\u00e4 varmistaa korkeamman j\u00e4lleenmyyntiarvon.","robots":{"index":"index","follow":"follow","max-snippet":"max-snippet:-1","max-image-preview":"max-image-preview:large","max-video-preview":"max-video-preview:-1"},"canonical":"https:\/\/www.armaton.com\/fi\/ajoneuvovastaavat\/","og_locale":"fi_FI","og_type":"article","og_title":"Ajoneuvovastaavat - Armaton","og_description":"Vastaatpa lava- ja pakettiautojen vuokraamisesta paikallisella huoltoasemalla tai auotovuokraamolla, on tarjoamasi ajoneuvojen oltava asiakkaillesi helppok\u00e4ytt\u00f6isi\u00e4, ja palautettaessa helposti huollettavia ja puhdistettavia \u2013 t\u00e4m\u00e4 varmistaa korkeamman j\u00e4lleenmyyntiarvon.","og_url":"https:\/\/www.armaton.com\/fi\/ajoneuvovastaavat\/","og_site_name":"Armaton","article_modified_time":"2024-01-16T09:42:52+00:00","twitter_card":"summary_large_image","twitter_misc":{"Arvioitu lukuaika":"1 minuutti"},"schema":{"@context":"https:\/\/schema.org","@graph":[{"@type":"WebPage","@id":"https:\/\/www.armaton.com\/fi\/ajoneuvovastaavat\/","url":"https:\/\/www.armaton.com\/fi\/ajoneuvovastaavat\/","name":"Ajoneuvovastaavat - Armaton","isPartOf":{"@id":"https:\/\/www.armaton.com\/#website"},"datePublished":"2022-01-03T15:48:13+00:00","dateModified":"2024-01-16T09:42:52+00:00","description":"Vastaatpa lava- ja pakettiautojen vuokraamisesta paikallisella huoltoasemalla tai auotovuokraamolla, on tarjoamasi ajoneuvojen oltava asiakkaillesi helppok\u00e4ytt\u00f6isi\u00e4, ja palautettaessa helposti huollettavia ja puhdistettavia \u2013 t\u00e4m\u00e4 varmistaa korkeamman j\u00e4lleenmyyntiarvon.","breadcrumb":{"@id":"https:\/\/www.armaton.com\/fi\/ajoneuvovastaavat\/#breadcrumb"},"inLanguage":"fi","potentialAction":[{"@type":"ReadAction","target":["https:\/\/www.armaton.com\/fi\/ajoneuvovastaavat\/"]}]},{"@type":"BreadcrumbList","@id":"https:\/\/www.armaton.com\/fi\/ajoneuvovastaavat\/#breadcrumb","itemListElement":[{"@type":"ListItem","position":1,"name":"Home","item":"https:\/\/www.armaton.com\/fi\/"},{"@type":"ListItem","position":2,"name":"Ajoneuvovastaavat"}]},{"@type":"WebSite","@id":"https:\/\/www.armaton.com\/#website","url":"https:\/\/www.armaton.com\/","name":"Armaton","description":"Armaton Solutions \u2013 Desire To Improve","potentialAction":[{"@type":"SearchAction","target":{"@type":"EntryPoint","urlTemplate":"https:\/\/www.armaton.com\/?s={search_term_string}"},"query-input":"required name=search_term_string"}],"inLanguage":"fi"}]}},"_links":{"self":[{"href":"https:\/\/www.armaton.com\/fi\/wp-json\/wp\/v2\/pages\/9870","targetHints":{"allow":["GET"]}}],"collection":[{"href":"https:\/\/www.armaton.com\/fi\/wp-json\/wp\/v2\/pages"}],"about":[{"href":"https:\/\/www.armaton.com\/fi\/wp-json\/wp\/v2\/types\/page"}],"author":[{"embeddable":true,"href":"https:\/\/www.armaton.com\/fi\/wp-json\/wp\/v2\/users\/2"}],"replies":[{"embeddable":true,"href":"https:\/\/www.armaton.com\/fi\/wp-json\/wp\/v2\/comments?post=9870"}],"version-history":[{"count":15,"href":"https:\/\/www.armaton.com\/fi\/wp-json\/wp\/v2\/pages\/9870\/revisions"}],"predecessor-version":[{"id":13372,"href":"https:\/\/www.armaton.com\/fi\/wp-json\/wp\/v2\/pages\/9870\/revisions\/13372"}],"wp:attachment":[{"href":"https:\/\/www.armaton.com\/fi\/wp-json\/wp\/v2\/media?parent=9870"}],"curies":[{"name":"wp","href":"https:\/\/api.w.org\/{rel}","templated":true}]}}