{"id":9884,"date":"2022-01-03T15:57:10","date_gmt":"2022-01-03T15:57:10","guid":{"rendered":"https:\/\/www.armaton.com\/?page_id=9884"},"modified":"2022-01-05T11:57:33","modified_gmt":"2022-01-05T11:57:33","slug":"armaton-jarjestelmat","status":"publish","type":"page","link":"https:\/\/www.armaton.com\/fi\/armaton-jarjestelmat\/","title":{"rendered":"Armaton j\u00e4rjestelm\u00e4t"},"content":{"rendered":"<div id=\"pl-9884\"  class=\"panel-layout\" ><div id=\"pg-9884-0\"  class=\"panel-grid panel-has-style\" ><div class=\"siteorigin-panels-stretch panel-row-style panel-row-style-for-9884-0\" data-stretch-type=\"full-stretched\" ><div id=\"pgc-9884-0-0\"  class=\"panel-grid-cell\" ><div id=\"panel-9884-0-0-0\" class=\"so-panel widget widget_fa-hero-banner-widget panel-first-child panel-last-child\" data-index=\"0\" ><div class=\"panel-widget-style panel-widget-style-for-9884-0-0-0\" ><div\n\t\t\t\n\t\t\tclass=\"so-widget-fa-hero-banner-widget so-widget-fa-hero-banner-widget-default-c88eb9a566b1-9884\"\n\t\t\t\n\t\t><div class=\"forankra-hero-banner\">\n    <img loading=\"lazy\" decoding=\"async\" width=\"2650\" height=\"1385\" src=\"https:\/\/www.armaton.com\/wp-content\/uploads\/sites\/14\/2019\/05\/Systems_puff_1.jpg\" class=\"forankra-hero-banner-image\" alt=\"\" srcset=\"https:\/\/www.armaton.com\/wp-content\/uploads\/sites\/14\/2019\/05\/Systems_puff_1.jpg 2650w, https:\/\/www.armaton.com\/wp-content\/uploads\/sites\/14\/2019\/05\/Systems_puff_1-300x157.jpg 300w, https:\/\/www.armaton.com\/wp-content\/uploads\/sites\/14\/2019\/05\/Systems_puff_1-768x401.jpg 768w, https:\/\/www.armaton.com\/wp-content\/uploads\/sites\/14\/2019\/05\/Systems_puff_1-1024x535.jpg 1024w, https:\/\/www.armaton.com\/wp-content\/uploads\/sites\/14\/2019\/05\/Systems_puff_1-600x314.jpg 600w\" sizes=\"auto, (max-width: 2650px) 100vw, 2650px\" \/>    <section class=\"hero-content\">\n    <div class=\"content\">\n        <h1><span style=\"color: #ffffff;\">Armaton j\u00e4rjestelm\u00e4t<\/span><\/h1>\n<span lang=\"EN-GB\" style=\"color: #ffffff; font-size: 21px;\">Armaton j\u00e4rjestelm\u00e4lle on luonteenomaista suoraviivainen ja kevyt muotoilu. K\u00e4sittein\u00e4 korkealuokkaisuus ja ergonomisuus monilla ainutkertaisilla piirteill\u00e4 lis\u00e4ttyn\u00e4.<\/span>            <\/div>\n    <\/section>\n<\/div>\n<\/div><\/div><\/div><\/div><\/div><\/div><div id=\"pg-9884-1\"  class=\"panel-grid panel-has-style\" ><div class=\"siteorigin-panels-stretch panel-row-style panel-row-style-for-9884-1\" data-stretch-type=\"full-stretched\" ><div id=\"pgc-9884-1-0\"  class=\"panel-grid-cell\" ><div id=\"panel-9884-1-0-0\" class=\"so-panel widget widget_fa-hero-banner-widget panel-first-child panel-last-child\" data-index=\"1\" ><div class=\"panel-widget-style panel-widget-style-for-9884-1-0-0\" ><div\n\t\t\t\n\t\t\tclass=\"so-widget-fa-hero-banner-widget so-widget-fa-hero-banner-widget-default-cd1e29ff90d7-9884\"\n\t\t\t\n\t\t><div class=\"forankra-hero-banner\">\n    <img loading=\"lazy\" decoding=\"async\" width=\"2592\" height=\"1010\" src=\"https:\/\/www.armaton.com\/wp-content\/uploads\/sites\/14\/2019\/05\/Start_puff_4.jpg\" class=\"forankra-hero-banner-image\" alt=\"\" srcset=\"https:\/\/www.armaton.com\/wp-content\/uploads\/sites\/14\/2019\/05\/Start_puff_4.jpg 2592w, https:\/\/www.armaton.com\/wp-content\/uploads\/sites\/14\/2019\/05\/Start_puff_4-300x117.jpg 300w, https:\/\/www.armaton.com\/wp-content\/uploads\/sites\/14\/2019\/05\/Start_puff_4-768x299.jpg 768w, https:\/\/www.armaton.com\/wp-content\/uploads\/sites\/14\/2019\/05\/Start_puff_4-1024x399.jpg 1024w, https:\/\/www.armaton.com\/wp-content\/uploads\/sites\/14\/2019\/05\/Start_puff_4-600x234.jpg 600w\" sizes=\"auto, (max-width: 2592px) 100vw, 2592px\" \/>    <section class=\"hero-content\">\n    <div class=\"content\">\n        <h3><strong>Armaton Modular Platform Kit<\/strong><\/h3>\n<span style=\"font-size: 18px;\">K\u00e4\u00e4nteentekev\u00e4 ratkaisu max 3,5t lava- ja pakettiautoille. Kokoamiseen ei tarvita erikoisty\u00f6kaluja ja aikaa kuluu vain murto-osa tavanomaisesta, jolloin s\u00e4\u00e4styy aikaa ja rahaa. <\/span>\n<br \/>\n<br \/>\n<br \/>        <div class=\"button-container left\"><a href=\"https:\/\/www.armaton.com\/fi\/modular-platform-kit\/\" class=\"forankra-hero-banner-button\">Lue lis\u00e4\u00e4 &gt;<\/a><\/div>    <\/div>\n    <\/section>\n<\/div>\n<\/div><\/div><\/div><\/div><\/div><\/div><div id=\"pg-9884-2\"  class=\"panel-grid panel-has-style\" ><div class=\"siteorigin-panels-stretch panel-row-style panel-row-style-for-9884-2\" data-stretch-type=\"full-stretched\" ><div id=\"pgc-9884-2-0\"  class=\"panel-grid-cell panel-grid-cell-empty\" ><\/div><div id=\"pgc-9884-2-1\"  class=\"panel-grid-cell\" ><div id=\"panel-9884-2-1-0\" class=\"so-panel widget widget_sow-image panel-first-child panel-last-child\" data-index=\"2\" ><div\n\t\t\t\n\t\t\tclass=\"so-widget-sow-image so-widget-sow-image-default-dbf295114b96-9884\"\n\t\t\t\n\t\t>\n\n<div class=\"sow-image-container\">\n\t\t<img decoding=\"async\" src=\"https:\/\/www.armaton.com\/wp-content\/uploads\/sites\/14\/2019\/05\/Start_puff_2_b-768x605.jpg\" width=\"768\" height=\"605\" srcset=\"https:\/\/www.armaton.com\/wp-content\/uploads\/sites\/14\/2019\/05\/Start_puff_2_b-768x605.jpg 768w, https:\/\/www.armaton.com\/wp-content\/uploads\/sites\/14\/2019\/05\/Start_puff_2_b-300x236.jpg 300w, https:\/\/www.armaton.com\/wp-content\/uploads\/sites\/14\/2019\/05\/Start_puff_2_b-1024x806.jpg 1024w, https:\/\/www.armaton.com\/wp-content\/uploads\/sites\/14\/2019\/05\/Start_puff_2_b-600x472.jpg 600w, https:\/\/www.armaton.com\/wp-content\/uploads\/sites\/14\/2019\/05\/Start_puff_2_b.jpg 1256w\" sizes=\"auto, (max-width: 768px) 100vw, 768px\" alt=\"\" loading=\"lazy\" \t\tclass=\"so-widget-image\"\/>\n\t<\/div>\n\n<\/div><\/div><\/div><div id=\"pgc-9884-2-2\"  class=\"panel-grid-cell panel-grid-cell-empty\" ><\/div><div id=\"pgc-9884-2-3\"  class=\"panel-grid-cell\" ><div id=\"panel-9884-2-3-0\" class=\"so-panel widget widget_siteorigin-panels-builder panel-first-child panel-last-child\" data-index=\"3\" ><div class=\"panel-widget-style panel-widget-style-for-9884-2-3-0\" ><div id=\"pl-w61d565338dfdb\"  class=\"panel-layout\" ><div id=\"pg-w61d565338dfdb-0\"  class=\"panel-grid panel-no-style\" ><div id=\"pgc-w61d565338dfdb-0-0\"  class=\"panel-grid-cell panel-grid-cell-empty\" ><\/div><div id=\"pgc-w61d565338dfdb-0-1\"  class=\"panel-grid-cell panel-grid-cell-mobile-last\" ><div id=\"panel-w61d565338dfdb-0-1-0\" class=\"so-panel widget widget_sow-editor panel-first-child\" data-index=\"0\" ><div class=\"panel-widget-style panel-widget-style-for-w61d565338dfdb-0-1-0\" ><div\n\t\t\t\n\t\t\tclass=\"so-widget-sow-editor so-widget-sow-editor-base\"\n\t\t\t\n\t\t>\n<div class=\"siteorigin-widget-tinymce textwidget\">\n\t<p>&nbsp;<\/p>\n<h3><span lang=\"EN-GB\" style=\"font-size: 28px;\"><strong>Armaton 4000XF<\/strong> <\/span><\/h3>\n<p><span style=\"font-size: 18px;\"><span lang=\"EN-GB\">Lukitusj\u00e4rjestelm\u00e4 on optimoitu kantamaan maksimaalisen kuorman ajoneuvon 6t kokonaispainoon asti. Lukkotolpat ovat helppok\u00e4ytt\u00f6isi\u00e4, kest\u00e4vi\u00e4 ja ergonomisia \u2013 luonnollinen valinta kun tolpilta edellytet\u00e4\u00e4n monik\u00e4ytt\u00f6isyytt\u00e4 ja tukevuutta kiinnitett\u00e4ess\u00e4 lavakuomuja tai -peitteit\u00e4. Anodisoidusta alumiinista valmistettu tuote on l\u00e4hes huoltovapaa.<\/span><\/span><\/p>\n<\/div>\n<\/div><\/div><\/div><div id=\"panel-w61d565338dfdb-0-1-1\" class=\"so-panel widget widget_sow-button panel-last-child\" data-index=\"1\" ><div\n\t\t\t\n\t\t\tclass=\"so-widget-sow-button so-widget-sow-button-flat-d23e0acbfdd0\"\n\t\t\t\n\t\t><div class=\"ow-button-base ow-button-align-left\">\n\t<a\n\thref=\"https:\/\/www.armaton.com\/fi\/armaton-4000xf\/\"\n\t\tclass=\"ow-icon-placement-left ow-button-hover\" \t>\n\t\t<span>\n\t\t\t\n\t\t\tLue lis\u00e4\u00e4 &gt;\t\t<\/span>\n\t<\/a>\n<\/div>\n<\/div><\/div><\/div><div id=\"pgc-w61d565338dfdb-0-2\"  class=\"panel-grid-cell panel-grid-cell-empty\" ><\/div><\/div><\/div><\/div><\/div><\/div><\/div><\/div><div id=\"pg-9884-3\"  class=\"panel-grid panel-has-style\" ><div class=\"siteorigin-panels-stretch panel-row-style panel-row-style-for-9884-3\" data-stretch-type=\"full-stretched\" ><div id=\"pgc-9884-3-0\"  class=\"panel-grid-cell panel-grid-cell-empty\" ><\/div><div id=\"pgc-9884-3-1\"  class=\"panel-grid-cell\" ><div id=\"panel-9884-3-1-0\" class=\"so-panel widget widget_sow-image panel-first-child panel-last-child\" data-index=\"4\" ><div\n\t\t\t\n\t\t\tclass=\"so-widget-sow-image so-widget-sow-image-default-dbf295114b96-9884\"\n\t\t\t\n\t\t>\n\n<div class=\"sow-image-container\">\n\t\t<img decoding=\"async\" src=\"https:\/\/www.armaton.com\/wp-content\/uploads\/sites\/14\/2019\/05\/Systems_puff_4-768x605.jpg\" width=\"768\" height=\"605\" srcset=\"https:\/\/www.armaton.com\/wp-content\/uploads\/sites\/14\/2019\/05\/Systems_puff_4-768x605.jpg 768w, https:\/\/www.armaton.com\/wp-content\/uploads\/sites\/14\/2019\/05\/Systems_puff_4-300x236.jpg 300w, https:\/\/www.armaton.com\/wp-content\/uploads\/sites\/14\/2019\/05\/Systems_puff_4-1024x807.jpg 1024w, https:\/\/www.armaton.com\/wp-content\/uploads\/sites\/14\/2019\/05\/Systems_puff_4-600x473.jpg 600w, https:\/\/www.armaton.com\/wp-content\/uploads\/sites\/14\/2019\/05\/Systems_puff_4.jpg 1282w\" sizes=\"auto, (max-width: 768px) 100vw, 768px\" alt=\"\" loading=\"lazy\" \t\tclass=\"so-widget-image\"\/>\n\t<\/div>\n\n<\/div><\/div><\/div><div id=\"pgc-9884-3-2\"  class=\"panel-grid-cell panel-grid-cell-empty\" ><\/div><div id=\"pgc-9884-3-3\"  class=\"panel-grid-cell\" ><div id=\"panel-9884-3-3-0\" class=\"so-panel widget widget_siteorigin-panels-builder panel-first-child panel-last-child\" data-index=\"5\" ><div class=\"panel-widget-style panel-widget-style-for-9884-3-3-0\" ><div id=\"pl-w61d565338e5a5\"  class=\"panel-layout\" ><div id=\"pg-w61d565338e5a5-0\"  class=\"panel-grid panel-no-style\" ><div id=\"pgc-w61d565338e5a5-0-0\"  class=\"panel-grid-cell panel-grid-cell-empty\" ><\/div><div id=\"pgc-w61d565338e5a5-0-1\"  class=\"panel-grid-cell panel-grid-cell-mobile-last\" ><div id=\"panel-w61d565338e5a5-0-1-0\" class=\"so-panel widget widget_sow-editor panel-first-child\" data-index=\"0\" ><div class=\"panel-widget-style panel-widget-style-for-w61d565338e5a5-0-1-0\" ><div\n\t\t\t\n\t\t\tclass=\"so-widget-sow-editor so-widget-sow-editor-base\"\n\t\t\t\n\t\t>\n<div class=\"siteorigin-widget-tinymce textwidget\">\n\t<p>&nbsp;<\/p>\n<h3><span style=\"color: #7d7d7d;\"><strong>Armaton 3000XF<\/strong><\/span><\/h3>\n<p><span style=\"color: #7d7d7d; font-size: 18px;\">Lukitusj\u00e4rjestelm\u00e4 on optimoitu kantamaan maksimaalisen kuorman 6t kokonaispainoon asti. Lukot ovat helppok\u00e4ytt\u00f6iset, kest\u00e4v\u00e4t ja ergonomiset.<\/span><\/p>\n<\/div>\n<\/div><\/div><\/div><div id=\"panel-w61d565338e5a5-0-1-1\" class=\"so-panel widget widget_sow-button panel-last-child\" data-index=\"1\" ><div\n\t\t\t\n\t\t\tclass=\"so-widget-sow-button so-widget-sow-button-flat-d23e0acbfdd0\"\n\t\t\t\n\t\t><div class=\"ow-button-base ow-button-align-left\">\n\t<a\n\thref=\"https:\/\/www.armaton.com\/fi\/armaton-3000xf\/\"\n\t\tclass=\"ow-icon-placement-left ow-button-hover\" \t>\n\t\t<span>\n\t\t\t\n\t\t\tLue lis\u00e4\u00e4 &gt;\t\t<\/span>\n\t<\/a>\n<\/div>\n<\/div><\/div><\/div><div id=\"pgc-w61d565338e5a5-0-2\"  class=\"panel-grid-cell panel-grid-cell-empty\" ><\/div><\/div><\/div><\/div><\/div><\/div><\/div><\/div><\/div>","protected":false},"excerpt":{"rendered":"<p>Armaton j\u00e4rjestelm\u00e4t Armaton j\u00e4rjestelm\u00e4lle on luonteenomaista suoraviivainen ja kevyt muotoilu. K\u00e4sittein\u00e4 korkealuokkaisuus ja ergonomisuus monilla ainutkertaisilla piirteill\u00e4 lis\u00e4ttyn\u00e4. Armaton Modular Platform Kit K\u00e4\u00e4nteentekev\u00e4 ratkaisu max 3,5t lava- ja pakettiautoille. Kokoamiseen ei tarvita erikoisty\u00f6kaluja ja aikaa kuluu vain murto-osa tavanomaisesta, jolloin s\u00e4\u00e4styy aikaa ja rahaa. Lue lis\u00e4\u00e4 &gt; &nbsp; Armaton 4000XF Lukitusj\u00e4rjestelm\u00e4 on optimoitu kantamaan maksimaalisen [&hellip;]<\/p>\n","protected":false},"author":2,"featured_media":0,"parent":0,"menu_order":0,"comment_status":"closed","ping_status":"closed","template":"","meta":{"footnotes":""},"class_list":["post-9884","page","type-page","status-publish","hentry"],"yoast_head":"<!-- This site is optimized with the Yoast SEO plugin v20.4 - https:\/\/yoast.com\/wordpress\/plugins\/seo\/ -->\n<title>Armaton j\u00e4rjestelm\u00e4t - Armaton<\/title>\n<meta name=\"robots\" content=\"index, follow, max-snippet:-1, max-image-preview:large, max-video-preview:-1\" \/>\n<link rel=\"canonical\" href=\"https:\/\/www.armaton.com\/fi\/armaton-jarjestelmat\/\" \/>\n<meta property=\"og:locale\" content=\"fi_FI\" \/>\n<meta property=\"og:type\" content=\"article\" \/>\n<meta property=\"og:title\" content=\"Armaton j\u00e4rjestelm\u00e4t - Armaton\" \/>\n<meta property=\"og:description\" content=\"Armaton j\u00e4rjestelm\u00e4t Armaton j\u00e4rjestelm\u00e4lle on luonteenomaista suoraviivainen ja kevyt muotoilu. K\u00e4sittein\u00e4 korkealuokkaisuus ja ergonomisuus monilla ainutkertaisilla piirteill\u00e4 lis\u00e4ttyn\u00e4. Armaton Modular Platform Kit K\u00e4\u00e4nteentekev\u00e4 ratkaisu max 3,5t lava- ja pakettiautoille. Kokoamiseen ei tarvita erikoisty\u00f6kaluja ja aikaa kuluu vain murto-osa tavanomaisesta, jolloin s\u00e4\u00e4styy aikaa ja rahaa. Lue lis\u00e4\u00e4 &gt; &nbsp; Armaton 4000XF Lukitusj\u00e4rjestelm\u00e4 on optimoitu kantamaan maksimaalisen [&hellip;]\" \/>\n<meta property=\"og:url\" content=\"https:\/\/www.armaton.com\/fi\/armaton-jarjestelmat\/\" \/>\n<meta property=\"og:site_name\" content=\"Armaton\" \/>\n<meta property=\"article:modified_time\" content=\"2022-01-05T11:57:33+00:00\" \/>\n<meta name=\"twitter:card\" content=\"summary_large_image\" \/>\n<meta name=\"twitter:label1\" content=\"Arvioitu lukuaika\" \/>\n\t<meta name=\"twitter:data1\" content=\"1 minuutti\" \/>\n<script type=\"application\/ld+json\" class=\"yoast-schema-graph\">{\"@context\":\"https:\/\/schema.org\",\"@graph\":[{\"@type\":\"WebPage\",\"@id\":\"https:\/\/www.armaton.com\/fi\/armaton-jarjestelmat\/\",\"url\":\"https:\/\/www.armaton.com\/fi\/armaton-jarjestelmat\/\",\"name\":\"Armaton j\u00e4rjestelm\u00e4t - Armaton\",\"isPartOf\":{\"@id\":\"https:\/\/www.armaton.com\/#website\"},\"datePublished\":\"2022-01-03T15:57:10+00:00\",\"dateModified\":\"2022-01-05T11:57:33+00:00\",\"breadcrumb\":{\"@id\":\"https:\/\/www.armaton.com\/fi\/armaton-jarjestelmat\/#breadcrumb\"},\"inLanguage\":\"fi\",\"potentialAction\":[{\"@type\":\"ReadAction\",\"target\":[\"https:\/\/www.armaton.com\/fi\/armaton-jarjestelmat\/\"]}]},{\"@type\":\"BreadcrumbList\",\"@id\":\"https:\/\/www.armaton.com\/fi\/armaton-jarjestelmat\/#breadcrumb\",\"itemListElement\":[{\"@type\":\"ListItem\",\"position\":1,\"name\":\"Home\",\"item\":\"https:\/\/www.armaton.com\/fi\/\"},{\"@type\":\"ListItem\",\"position\":2,\"name\":\"Armaton j\u00e4rjestelm\u00e4t\"}]},{\"@type\":\"WebSite\",\"@id\":\"https:\/\/www.armaton.com\/#website\",\"url\":\"https:\/\/www.armaton.com\/\",\"name\":\"Armaton\",\"description\":\"Armaton Solutions \u2013 Desire To Improve\",\"potentialAction\":[{\"@type\":\"SearchAction\",\"target\":{\"@type\":\"EntryPoint\",\"urlTemplate\":\"https:\/\/www.armaton.com\/?s={search_term_string}\"},\"query-input\":\"required name=search_term_string\"}],\"inLanguage\":\"fi\"}]}<\/script>\n<!-- \/ Yoast SEO plugin. -->","yoast_head_json":{"title":"Armaton j\u00e4rjestelm\u00e4t - Armaton","robots":{"index":"index","follow":"follow","max-snippet":"max-snippet:-1","max-image-preview":"max-image-preview:large","max-video-preview":"max-video-preview:-1"},"canonical":"https:\/\/www.armaton.com\/fi\/armaton-jarjestelmat\/","og_locale":"fi_FI","og_type":"article","og_title":"Armaton j\u00e4rjestelm\u00e4t - Armaton","og_description":"Armaton j\u00e4rjestelm\u00e4t Armaton j\u00e4rjestelm\u00e4lle on luonteenomaista suoraviivainen ja kevyt muotoilu. K\u00e4sittein\u00e4 korkealuokkaisuus ja ergonomisuus monilla ainutkertaisilla piirteill\u00e4 lis\u00e4ttyn\u00e4. Armaton Modular Platform Kit K\u00e4\u00e4nteentekev\u00e4 ratkaisu max 3,5t lava- ja pakettiautoille. Kokoamiseen ei tarvita erikoisty\u00f6kaluja ja aikaa kuluu vain murto-osa tavanomaisesta, jolloin s\u00e4\u00e4styy aikaa ja rahaa. Lue lis\u00e4\u00e4 &gt; &nbsp; Armaton 4000XF Lukitusj\u00e4rjestelm\u00e4 on optimoitu kantamaan maksimaalisen [&hellip;]","og_url":"https:\/\/www.armaton.com\/fi\/armaton-jarjestelmat\/","og_site_name":"Armaton","article_modified_time":"2022-01-05T11:57:33+00:00","twitter_card":"summary_large_image","twitter_misc":{"Arvioitu lukuaika":"1 minuutti"},"schema":{"@context":"https:\/\/schema.org","@graph":[{"@type":"WebPage","@id":"https:\/\/www.armaton.com\/fi\/armaton-jarjestelmat\/","url":"https:\/\/www.armaton.com\/fi\/armaton-jarjestelmat\/","name":"Armaton j\u00e4rjestelm\u00e4t - Armaton","isPartOf":{"@id":"https:\/\/www.armaton.com\/#website"},"datePublished":"2022-01-03T15:57:10+00:00","dateModified":"2022-01-05T11:57:33+00:00","breadcrumb":{"@id":"https:\/\/www.armaton.com\/fi\/armaton-jarjestelmat\/#breadcrumb"},"inLanguage":"fi","potentialAction":[{"@type":"ReadAction","target":["https:\/\/www.armaton.com\/fi\/armaton-jarjestelmat\/"]}]},{"@type":"BreadcrumbList","@id":"https:\/\/www.armaton.com\/fi\/armaton-jarjestelmat\/#breadcrumb","itemListElement":[{"@type":"ListItem","position":1,"name":"Home","item":"https:\/\/www.armaton.com\/fi\/"},{"@type":"ListItem","position":2,"name":"Armaton j\u00e4rjestelm\u00e4t"}]},{"@type":"WebSite","@id":"https:\/\/www.armaton.com\/#website","url":"https:\/\/www.armaton.com\/","name":"Armaton","description":"Armaton Solutions \u2013 Desire To Improve","potentialAction":[{"@type":"SearchAction","target":{"@type":"EntryPoint","urlTemplate":"https:\/\/www.armaton.com\/?s={search_term_string}"},"query-input":"required name=search_term_string"}],"inLanguage":"fi"}]}},"_links":{"self":[{"href":"https:\/\/www.armaton.com\/fi\/wp-json\/wp\/v2\/pages\/9884","targetHints":{"allow":["GET"]}}],"collection":[{"href":"https:\/\/www.armaton.com\/fi\/wp-json\/wp\/v2\/pages"}],"about":[{"href":"https:\/\/www.armaton.com\/fi\/wp-json\/wp\/v2\/types\/page"}],"author":[{"embeddable":true,"href":"https:\/\/www.armaton.com\/fi\/wp-json\/wp\/v2\/users\/2"}],"replies":[{"embeddable":true,"href":"https:\/\/www.armaton.com\/fi\/wp-json\/wp\/v2\/comments?post=9884"}],"version-history":[{"count":11,"href":"https:\/\/www.armaton.com\/fi\/wp-json\/wp\/v2\/pages\/9884\/revisions"}],"predecessor-version":[{"id":10332,"href":"https:\/\/www.armaton.com\/fi\/wp-json\/wp\/v2\/pages\/9884\/revisions\/10332"}],"wp:attachment":[{"href":"https:\/\/www.armaton.com\/fi\/wp-json\/wp\/v2\/media?parent=9884"}],"curies":[{"name":"wp","href":"https:\/\/api.w.org\/{rel}","templated":true}]}}