{"id":4229,"date":"2018-05-04T14:54:13","date_gmt":"2018-05-04T14:54:13","guid":{"rendered":"https:\/\/www.armaton.com\/start-page\/"},"modified":"2023-04-25T13:38:03","modified_gmt":"2023-04-25T13:38:03","slug":"start-page","status":"publish","type":"page","link":"https:\/\/www.armaton.com\/fr\/","title":{"rendered":"Solutions pour V\u00e9hicules Utilitaires L\u00e9gers"},"content":{"rendered":"<div id=\"pl-4229\"  class=\"panel-layout\" ><div id=\"pg-4229-0\"  class=\"panel-grid panel-has-style\" ><div class=\"siteorigin-panels-stretch panel-row-style panel-row-style-for-4229-0\" data-stretch-type=\"full-stretched\" ><div id=\"pgc-4229-0-0\"  class=\"panel-grid-cell\" ><div id=\"panel-4229-0-0-0\" class=\"so-panel widget widget_fa-hero-banner-widget panel-first-child panel-last-child\" data-index=\"0\" ><div class=\"panel-widget-style panel-widget-style-for-4229-0-0-0\" ><div\n\t\t\t\n\t\t\tclass=\"so-widget-fa-hero-banner-widget so-widget-fa-hero-banner-widget-video-1f8c978b3609-4229\"\n\t\t\t\n\t\t><div class=\"forankra-hero-banner\"\n    data-yt-id=\"yRjghNc-2fw\"\n    data-widget-id=\"widget-0-0-0\"\n    data-mobile-breakpoint=\"880\"\n    data-ratio=\"0.5625\">\n\n    <section class=\"cover\">\n            <div class=\"tv\">\n            <div id=\"video-overlay\"><\/div>\n            <div class=\"screen\" id=\"forankra-hero-banner-video-widget-0-0-0\"><\/div>\n            <\/div>\n    <\/section>\n    <section class=\"hero-content\">\n        <div class=\"content\">\n            <p><span style=\"font-size: 21px;\">ARMATON SOLUTIONS<\/span><\/p>\n<h1>Determined to Improve*<\/h1>\n<p><span style=\"font-size: 21px;\">Notre engagement : am\u00e9liorer continuellement les solutions qui garantissent une meilleure fonctionnalit\u00e9\/ergonomie, s\u00e9curit\u00e9 et rentabilit\u00e9 pour les utilisateurs de v\u00e9hicules l\u00e9gers.<\/span><\/p>\n<p>*Objectif innovation\n<\/p>\n<p>&nbsp;<\/p>\n            <div class=\"button-container left\"><a href=\"https:\/\/www.armaton.com\/fr\/a-propos-darmaton\/\" class=\"forankra-hero-banner-button\">En savoir plus &gt;<\/a><\/div>        <\/div>\n    <\/section>\n<\/div>\n<\/div><\/div><\/div><\/div><\/div><\/div><div id=\"pg-4229-1\"  class=\"panel-grid panel-has-style\" ><div class=\"siteorigin-panels-stretch panel-row-style panel-row-style-for-4229-1\" data-stretch-type=\"full-stretched\" ><div id=\"pgc-4229-1-0\"  class=\"panel-grid-cell\" ><div id=\"panel-4229-1-0-0\" class=\"so-panel widget widget_fa-hero-banner-widget panel-first-child panel-last-child\" data-index=\"1\" ><div\n\t\t\t\n\t\t\tclass=\"so-widget-fa-hero-banner-widget so-widget-fa-hero-banner-widget-default-cd1e29ff90d7-4229\"\n\t\t\t\n\t\t><div class=\"forankra-hero-banner\">\n    <img loading=\"lazy\" decoding=\"async\" width=\"2592\" height=\"1010\" src=\"https:\/\/www.armaton.com\/wp-content\/uploads\/sites\/14\/2019\/05\/Start_puff_4.jpg\" class=\"forankra-hero-banner-image\" alt=\"\" srcset=\"https:\/\/www.armaton.com\/wp-content\/uploads\/sites\/14\/2019\/05\/Start_puff_4.jpg 2592w, https:\/\/www.armaton.com\/wp-content\/uploads\/sites\/14\/2019\/05\/Start_puff_4-300x117.jpg 300w, https:\/\/www.armaton.com\/wp-content\/uploads\/sites\/14\/2019\/05\/Start_puff_4-768x299.jpg 768w, https:\/\/www.armaton.com\/wp-content\/uploads\/sites\/14\/2019\/05\/Start_puff_4-1024x399.jpg 1024w, https:\/\/www.armaton.com\/wp-content\/uploads\/sites\/14\/2019\/05\/Start_puff_4-600x234.jpg 600w\" sizes=\"auto, (max-width: 2592px) 100vw, 2592px\" \/>    <section class=\"hero-content\">\n    <div class=\"content\">\n        <h3><strong>Armaton Modular Platform Kit <\/strong><strong>\u2013 l\u2019ajustement parfait.<\/strong><\/h3>\n<p><span style=\"font-size: 18px;\">C\u2019est une nouvelle fa\u00e7on de concevoir le plateau ridelles pour les v\u00e9hicules utilitaires l\u00e9gers. Toutes les pi\u00e8ces du plateau sont viss\u00e9es ensemble rapidement sans outils sp\u00e9ciaux, permettant un gain de temps et d\u2019argent.\u00a0<\/span><\/p>\n<p>&nbsp;<\/p>\n        <div class=\"button-container left\"><a href=\"https:\/\/www.armaton.com\/fr\/kit-plateau-ridelles-modulable\/\" class=\"forankra-hero-banner-button\">En savoir plus &gt;<\/a><\/div>    <\/div>\n    <\/section>\n<\/div>\n<\/div><\/div><\/div><\/div><\/div><div id=\"pg-4229-2\"  class=\"panel-grid panel-has-style\" ><div class=\"siteorigin-panels-stretch panel-row-style panel-row-style-for-4229-2\" data-stretch-type=\"full-stretched\" ><div id=\"pgc-4229-2-0\"  class=\"panel-grid-cell\" ><div id=\"panel-4229-2-0-0\" class=\"so-panel widget widget_sow-image panel-first-child panel-last-child\" data-index=\"2\" ><div\n\t\t\t\n\t\t\tclass=\"so-widget-sow-image so-widget-sow-image-default-dbf295114b96-4229\"\n\t\t\t\n\t\t>\n\n<div class=\"sow-image-container\">\n\t\t<img decoding=\"async\" src=\"https:\/\/www.armaton.com\/wp-content\/uploads\/sites\/14\/2019\/06\/Lastsakring_flak1040x644-768x459.png\" width=\"768\" height=\"459\" srcset=\"https:\/\/www.armaton.com\/wp-content\/uploads\/sites\/14\/2019\/06\/Lastsakring_flak1040x644-768x459.png 768w, https:\/\/www.armaton.com\/wp-content\/uploads\/sites\/14\/2019\/06\/Lastsakring_flak1040x644-300x179.png 300w, https:\/\/www.armaton.com\/wp-content\/uploads\/sites\/14\/2019\/06\/Lastsakring_flak1040x644-1024x612.png 1024w, https:\/\/www.armaton.com\/wp-content\/uploads\/sites\/14\/2019\/06\/Lastsakring_flak1040x644-600x359.png 600w, https:\/\/www.armaton.com\/wp-content\/uploads\/sites\/14\/2019\/06\/Lastsakring_flak1040x644.png 1077w\" sizes=\"auto, (max-width: 768px) 100vw, 768px\" title=\"Lastsakring_flak,1040&#215;644\" alt=\"  \" loading=\"lazy\" \t\tclass=\"so-widget-image\"\/>\n\t<\/div>\n\n<\/div><\/div><\/div><div id=\"pgc-4229-2-1\"  class=\"panel-grid-cell\" ><div id=\"panel-4229-2-1-0\" class=\"so-panel widget widget_siteorigin-panels-builder panel-first-child panel-last-child\" data-index=\"3\" ><div class=\"panel-widget-style panel-widget-style-for-4229-2-1-0\" ><div id=\"pl-w5dce6bb3676de\"  class=\"panel-layout\" ><div id=\"pg-w5dce6bb3676de-0\"  class=\"panel-grid panel-no-style\" ><div id=\"pgc-w5dce6bb3676de-0-0\"  class=\"panel-grid-cell panel-grid-cell-empty\" ><\/div><div id=\"pgc-w5dce6bb3676de-0-1\"  class=\"panel-grid-cell panel-grid-cell-mobile-last\" ><div id=\"panel-w5dce6bb3676de-0-1-0\" class=\"so-panel widget widget_sow-editor panel-first-child\" data-index=\"0\" ><div\n\t\t\t\n\t\t\tclass=\"so-widget-sow-editor so-widget-sow-editor-base\"\n\t\t\t\n\t\t>\n<div class=\"siteorigin-widget-tinymce textwidget\">\n\t<h3><span style=\"font-size: 28px\"><strong><span style=\"font-size: 28px\">Armaton simplifie le travail. C\u2019est aussi simple que \u00e7a.<\/span><\/strong><\/span><\/h3>\n<p><span style=\"font-size: 18px\">Que vous soyez carrossier, loueur ou utilisateur ; la qualit\u00e9, la simplicit\u00e9 et la fonctionnalit\u00e9 sont essentielles pour mener \u00e0 bien votre mission. N'est-ce pas?\u00a0<\/span><\/p>\n<p>&nbsp;<\/p>\n<\/div>\n<\/div><\/div><div id=\"panel-w5dce6bb3676de-0-1-1\" class=\"so-panel widget widget_sow-button panel-last-child\" data-index=\"1\" ><div\n\t\t\t\n\t\t\tclass=\"so-widget-sow-button so-widget-sow-button-flat-d23e0acbfdd0\"\n\t\t\t\n\t\t><div class=\"ow-button-base ow-button-align-left\">\n\t<a\n\thref=\"https:\/\/www.armaton.com\/fr\/pourquoi-armaton\/\"\n\t\tclass=\"ow-icon-placement-left ow-button-hover\" \t>\n\t\t<span>\n\t\t\t\n\t\t\tEn savoir plus &gt;\t\t<\/span>\n\t<\/a>\n<\/div>\n<\/div><\/div><\/div><div id=\"pgc-w5dce6bb3676de-0-2\"  class=\"panel-grid-cell panel-grid-cell-empty\" ><\/div><\/div><\/div><\/div><\/div><\/div><\/div><\/div><div id=\"pg-4229-3\"  class=\"panel-grid panel-has-style\" ><div class=\"siteorigin-panels-stretch panel-row-style panel-row-style-for-4229-3\" data-stretch-type=\"full-stretched\" ><div id=\"pgc-4229-3-0\"  class=\"panel-grid-cell\" ><div id=\"panel-4229-3-0-0\" class=\"so-panel widget widget_siteorigin-panels-builder panel-first-child panel-last-child\" data-index=\"4\" ><div class=\"panel-widget-style panel-widget-style-for-4229-3-0-0\" ><div id=\"pl-w5dcd18b1028c8\"  class=\"panel-layout\" ><div id=\"pg-w5dcd18b1028c8-0\"  class=\"panel-grid panel-no-style\" ><div id=\"pgc-w5dcd18b1028c8-0-0\"  class=\"panel-grid-cell panel-grid-cell-empty\" ><\/div><div id=\"pgc-w5dcd18b1028c8-0-1\"  class=\"panel-grid-cell panel-grid-cell-mobile-last\" ><div id=\"panel-w5dcd18b1028c8-0-1-0\" class=\"so-panel widget widget_sow-editor panel-first-child\" data-index=\"0\" ><div\n\t\t\t\n\t\t\tclass=\"so-widget-sow-editor so-widget-sow-editor-base\"\n\t\t\t\n\t\t>\n<div class=\"siteorigin-widget-tinymce textwidget\">\n\t<h3><strong>Des solutions fiables et faciles \u00e0 installer.\u00a0<\/strong><\/h3>\n<p><span style=\"font-size: 18px;\">Nos produits fabriqu\u00e9s en aluminium anodis\u00e9 r\u00e9sistent \u00e0 la corrosion et sont con\u00e7us pour durer plus longtemps.\u00a0<\/span><\/p>\n<\/div>\n<\/div><\/div><div id=\"panel-w5dcd18b1028c8-0-1-1\" class=\"so-panel widget widget_sow-button panel-last-child\" data-index=\"1\" ><div\n\t\t\t\n\t\t\tclass=\"so-widget-sow-button so-widget-sow-button-flat-d23e0acbfdd0\"\n\t\t\t\n\t\t><div class=\"ow-button-base ow-button-align-left\">\n\t<a\n\thref=\"https:\/\/www.armaton.com\/fr\/systeme-armaton\/\"\n\t\tclass=\"ow-icon-placement-left ow-button-hover\" \t>\n\t\t<span>\n\t\t\t\n\t\t\tEn savoir plus &gt;\t\t<\/span>\n\t<\/a>\n<\/div>\n<\/div><\/div><\/div><div id=\"pgc-w5dcd18b1028c8-0-2\"  class=\"panel-grid-cell panel-grid-cell-empty\" ><\/div><\/div><\/div><\/div><\/div><\/div><div id=\"pgc-4229-3-1\"  class=\"panel-grid-cell panel-grid-cell-mobile-last\" ><div id=\"panel-4229-3-1-0\" class=\"so-panel widget widget_sow-image panel-first-child panel-last-child\" data-index=\"5\" ><div\n\t\t\t\n\t\t\tclass=\"so-widget-sow-image so-widget-sow-image-default-dbf295114b96-4229\"\n\t\t\t\n\t\t>\n\n<div class=\"sow-image-container\">\n\t\t<img decoding=\"async\" src=\"https:\/\/www.armaton.com\/wp-content\/uploads\/sites\/14\/2019\/06\/Collage_3000-4000XF1700x1200-768x528.png\" width=\"768\" height=\"528\" srcset=\"https:\/\/www.armaton.com\/wp-content\/uploads\/sites\/14\/2019\/06\/Collage_3000-4000XF1700x1200-768x528.png 768w, https:\/\/www.armaton.com\/wp-content\/uploads\/sites\/14\/2019\/06\/Collage_3000-4000XF1700x1200-300x206.png 300w, https:\/\/www.armaton.com\/wp-content\/uploads\/sites\/14\/2019\/06\/Collage_3000-4000XF1700x1200-1024x703.png 1024w, https:\/\/www.armaton.com\/wp-content\/uploads\/sites\/14\/2019\/06\/Collage_3000-4000XF1700x1200-600x412.png 600w, https:\/\/www.armaton.com\/wp-content\/uploads\/sites\/14\/2019\/06\/Collage_3000-4000XF1700x1200.png 1747w\" sizes=\"auto, (max-width: 768px) 100vw, 768px\" title=\"Collage_3000-4000XF,1700&#215;1200\" alt=\"\" loading=\"lazy\" \t\tclass=\"so-widget-image\"\/>\n\t<\/div>\n\n<\/div><\/div><\/div><div id=\"pgc-4229-3-2\"  class=\"panel-grid-cell panel-grid-cell-empty\" ><\/div><\/div><\/div><div id=\"pg-4229-4\"  class=\"panel-grid panel-has-style\" ><div class=\"siteorigin-panels-stretch panel-row-style panel-row-style-for-4229-4\" data-stretch-type=\"full-stretched\" ><div id=\"pgc-4229-4-0\"  class=\"panel-grid-cell\" ><div id=\"panel-4229-4-0-0\" class=\"so-panel widget widget_fa-hero-banner-widget panel-first-child panel-last-child\" data-index=\"6\" ><div class=\"panel-widget-style panel-widget-style-for-4229-4-0-0\" ><div\n\t\t\t\n\t\t\tclass=\"so-widget-fa-hero-banner-widget so-widget-fa-hero-banner-widget-default-c7338376c3a6-4229\"\n\t\t\t\n\t\t><div class=\"forankra-hero-banner\">\n    <img loading=\"lazy\" decoding=\"async\" width=\"2650\" height=\"1385\" src=\"https:\/\/www.armaton.com\/wp-content\/uploads\/sites\/14\/2019\/06\/Start_puff_5_b.jpg\" class=\"forankra-hero-banner-image\" alt=\"\" srcset=\"https:\/\/www.armaton.com\/wp-content\/uploads\/sites\/14\/2019\/06\/Start_puff_5_b.jpg 2650w, https:\/\/www.armaton.com\/wp-content\/uploads\/sites\/14\/2019\/06\/Start_puff_5_b-300x157.jpg 300w, https:\/\/www.armaton.com\/wp-content\/uploads\/sites\/14\/2019\/06\/Start_puff_5_b-768x401.jpg 768w, https:\/\/www.armaton.com\/wp-content\/uploads\/sites\/14\/2019\/06\/Start_puff_5_b-1024x535.jpg 1024w, https:\/\/www.armaton.com\/wp-content\/uploads\/sites\/14\/2019\/06\/Start_puff_5_b-600x314.jpg 600w\" sizes=\"auto, (max-width: 2650px) 100vw, 2650px\" \/>    <section class=\"hero-content\">\n    <div class=\"content\">\n        <span style=\"color: #ffffff; font-size: 21px;\">ARMATON STORIES<\/span>\n<h3><span style=\"color: #ffffff;\"><strong><span lang=\"EN-GB\">Le carrossier.<\/span><\/strong><\/span><\/h3>\n<span style=\"color: #ffffff; font-size: 21px;\">Pour le responsable du bureau d\u2019\u00e9tude d\u2019un carrossier, la flexibilit\u00e9 et la robustesse sont fondamentales pour la fabrication globale d\u2019un plateau ridelles. Afin de rester focalis\u00e9 sur l\u2019essentiel, les profils en aluminium sont facilement assembl\u00e9s et la performance ainsi que les co\u00fbts de production du produit sont optimis\u00e9s. Comme nous le confirme le carrossier Autokaross fabriquant de plateaux ridelles et de fourgons \u00e0 Floby, Su\u00e8de.<\/span>\n\n<br \/>\n<br \/>\n<br \/>\n\n        <div class=\"button-container left\"><a href=\"https:\/\/www.armaton.com\/fr\/carossiers\/\" class=\"forankra-hero-banner-button\">En savoir plus &gt;<\/a><\/div>    <\/div>\n    <\/section>\n<\/div>\n<\/div><\/div><\/div><\/div><\/div><\/div><\/div>","protected":false},"excerpt":{"rendered":"<p>ARMATON SOLUTIONS Determined to Improve* Notre engagement : am\u00e9liorer continuellement les solutions qui garantissent une meilleure fonctionnalit\u00e9\/ergonomie, s\u00e9curit\u00e9 et rentabilit\u00e9 pour les utilisateurs de v\u00e9hicules l\u00e9gers. *Objectif innovation &nbsp; En savoir plus &gt; Armaton Modular Platform Kit \u2013 l\u2019ajustement parfait. C\u2019est une nouvelle fa\u00e7on de concevoir le plateau ridelles pour les v\u00e9hicules utilitaires l\u00e9gers. Toutes [&hellip;]<\/p>\n","protected":false},"author":1,"featured_media":0,"parent":0,"menu_order":0,"comment_status":"closed","ping_status":"closed","template":"","meta":{"footnotes":""},"class_list":["post-4229","page","type-page","status-publish","hentry"],"yoast_head":"<!-- This site is optimized with the Yoast SEO plugin v20.4 - https:\/\/yoast.com\/wordpress\/plugins\/seo\/ -->\n<title>Solutions pour V\u00e9hicules Utilitaires L\u00e9gers - Armaton<\/title>\n<meta name=\"description\" content=\"Armaton fabrique des syst\u00e8mes de ranchers, de fermetures de ridelles et de plateaux ridelles modulables pour les v\u00e9hicules utilitaires l\u00e9gers (VUL) afin d&#039;assurer une charge utile maximale ainsi que des transports s\u00fbrs et optimis\u00e9s.\" \/>\n<meta name=\"robots\" content=\"index, follow, max-snippet:-1, max-image-preview:large, max-video-preview:-1\" \/>\n<link rel=\"canonical\" href=\"https:\/\/www.armaton.com\/fr\/\" \/>\n<meta property=\"og:locale\" content=\"fr_FR\" \/>\n<meta property=\"og:type\" content=\"article\" \/>\n<meta property=\"og:title\" content=\"Solutions pour V\u00e9hicules Utilitaires L\u00e9gers - Armaton\" \/>\n<meta property=\"og:description\" content=\"Armaton fabrique des syst\u00e8mes de ranchers, de fermetures de ridelles et de plateaux ridelles modulables pour les v\u00e9hicules utilitaires l\u00e9gers (VUL) afin d&#039;assurer une charge utile maximale ainsi que des transports s\u00fbrs et optimis\u00e9s.\" \/>\n<meta property=\"og:url\" content=\"https:\/\/www.armaton.com\/fr\/\" \/>\n<meta property=\"og:site_name\" content=\"Armaton\" \/>\n<meta property=\"article:modified_time\" content=\"2023-04-25T13:38:03+00:00\" \/>\n<meta name=\"twitter:card\" content=\"summary_large_image\" \/>\n<meta name=\"twitter:label1\" content=\"Dur\u00e9e de lecture estim\u00e9e\" \/>\n\t<meta name=\"twitter:data1\" content=\"1 minute\" \/>\n<script type=\"application\/ld+json\" class=\"yoast-schema-graph\">{\"@context\":\"https:\/\/schema.org\",\"@graph\":[{\"@type\":\"WebPage\",\"@id\":\"https:\/\/www.armaton.com\/fr\/\",\"url\":\"https:\/\/www.armaton.com\/fr\/\",\"name\":\"Solutions pour V\u00e9hicules Utilitaires L\u00e9gers - Armaton\",\"isPartOf\":{\"@id\":\"https:\/\/www.armaton.com\/#website\"},\"datePublished\":\"2018-05-04T14:54:13+00:00\",\"dateModified\":\"2023-04-25T13:38:03+00:00\",\"description\":\"Armaton fabrique des syst\u00e8mes de ranchers, de fermetures de ridelles et de plateaux ridelles modulables pour les v\u00e9hicules utilitaires l\u00e9gers (VUL) afin d'assurer une charge utile maximale ainsi que des transports s\u00fbrs et optimis\u00e9s.\",\"breadcrumb\":{\"@id\":\"https:\/\/www.armaton.com\/fr\/#breadcrumb\"},\"inLanguage\":\"fr-FR\",\"potentialAction\":[{\"@type\":\"ReadAction\",\"target\":[\"https:\/\/www.armaton.com\/fr\/\"]}]},{\"@type\":\"BreadcrumbList\",\"@id\":\"https:\/\/www.armaton.com\/fr\/#breadcrumb\",\"itemListElement\":[{\"@type\":\"ListItem\",\"position\":1,\"name\":\"Home\",\"item\":\"https:\/\/www.armaton.com\/fr\/\"},{\"@type\":\"ListItem\",\"position\":2,\"name\":\"Solutions pour V\u00e9hicules Utilitaires L\u00e9gers\"}]},{\"@type\":\"WebSite\",\"@id\":\"https:\/\/www.armaton.com\/#website\",\"url\":\"https:\/\/www.armaton.com\/\",\"name\":\"Armaton\",\"description\":\"Armaton Solutions \u2013 Desire To Improve\",\"potentialAction\":[{\"@type\":\"SearchAction\",\"target\":{\"@type\":\"EntryPoint\",\"urlTemplate\":\"https:\/\/www.armaton.com\/?s={search_term_string}\"},\"query-input\":\"required name=search_term_string\"}],\"inLanguage\":\"fr-FR\"}]}<\/script>\n<!-- \/ Yoast SEO plugin. -->","yoast_head_json":{"title":"Solutions pour V\u00e9hicules Utilitaires L\u00e9gers - Armaton","description":"Armaton fabrique des syst\u00e8mes de ranchers, de fermetures de ridelles et de plateaux ridelles modulables pour les v\u00e9hicules utilitaires l\u00e9gers (VUL) afin d'assurer une charge utile maximale ainsi que des transports s\u00fbrs et optimis\u00e9s.","robots":{"index":"index","follow":"follow","max-snippet":"max-snippet:-1","max-image-preview":"max-image-preview:large","max-video-preview":"max-video-preview:-1"},"canonical":"https:\/\/www.armaton.com\/fr\/","og_locale":"fr_FR","og_type":"article","og_title":"Solutions pour V\u00e9hicules Utilitaires L\u00e9gers - Armaton","og_description":"Armaton fabrique des syst\u00e8mes de ranchers, de fermetures de ridelles et de plateaux ridelles modulables pour les v\u00e9hicules utilitaires l\u00e9gers (VUL) afin d'assurer une charge utile maximale ainsi que des transports s\u00fbrs et optimis\u00e9s.","og_url":"https:\/\/www.armaton.com\/fr\/","og_site_name":"Armaton","article_modified_time":"2023-04-25T13:38:03+00:00","twitter_card":"summary_large_image","twitter_misc":{"Dur\u00e9e de lecture estim\u00e9e":"1 minute"},"schema":{"@context":"https:\/\/schema.org","@graph":[{"@type":"WebPage","@id":"https:\/\/www.armaton.com\/fr\/","url":"https:\/\/www.armaton.com\/fr\/","name":"Solutions pour V\u00e9hicules Utilitaires L\u00e9gers - Armaton","isPartOf":{"@id":"https:\/\/www.armaton.com\/#website"},"datePublished":"2018-05-04T14:54:13+00:00","dateModified":"2023-04-25T13:38:03+00:00","description":"Armaton fabrique des syst\u00e8mes de ranchers, de fermetures de ridelles et de plateaux ridelles modulables pour les v\u00e9hicules utilitaires l\u00e9gers (VUL) afin d'assurer une charge utile maximale ainsi que des transports s\u00fbrs et optimis\u00e9s.","breadcrumb":{"@id":"https:\/\/www.armaton.com\/fr\/#breadcrumb"},"inLanguage":"fr-FR","potentialAction":[{"@type":"ReadAction","target":["https:\/\/www.armaton.com\/fr\/"]}]},{"@type":"BreadcrumbList","@id":"https:\/\/www.armaton.com\/fr\/#breadcrumb","itemListElement":[{"@type":"ListItem","position":1,"name":"Home","item":"https:\/\/www.armaton.com\/fr\/"},{"@type":"ListItem","position":2,"name":"Solutions pour V\u00e9hicules Utilitaires L\u00e9gers"}]},{"@type":"WebSite","@id":"https:\/\/www.armaton.com\/#website","url":"https:\/\/www.armaton.com\/","name":"Armaton","description":"Armaton Solutions \u2013 Desire To Improve","potentialAction":[{"@type":"SearchAction","target":{"@type":"EntryPoint","urlTemplate":"https:\/\/www.armaton.com\/?s={search_term_string}"},"query-input":"required name=search_term_string"}],"inLanguage":"fr-FR"}]}},"_links":{"self":[{"href":"https:\/\/www.armaton.com\/fr\/wp-json\/wp\/v2\/pages\/4229","targetHints":{"allow":["GET"]}}],"collection":[{"href":"https:\/\/www.armaton.com\/fr\/wp-json\/wp\/v2\/pages"}],"about":[{"href":"https:\/\/www.armaton.com\/fr\/wp-json\/wp\/v2\/types\/page"}],"author":[{"embeddable":true,"href":"https:\/\/www.armaton.com\/fr\/wp-json\/wp\/v2\/users\/1"}],"replies":[{"embeddable":true,"href":"https:\/\/www.armaton.com\/fr\/wp-json\/wp\/v2\/comments?post=4229"}],"version-history":[{"count":40,"href":"https:\/\/www.armaton.com\/fr\/wp-json\/wp\/v2\/pages\/4229\/revisions"}],"predecessor-version":[{"id":12441,"href":"https:\/\/www.armaton.com\/fr\/wp-json\/wp\/v2\/pages\/4229\/revisions\/12441"}],"wp:attachment":[{"href":"https:\/\/www.armaton.com\/fr\/wp-json\/wp\/v2\/media?parent=4229"}],"curies":[{"name":"wp","href":"https:\/\/api.w.org\/{rel}","templated":true}]}}