{"id":4323,"date":"2019-05-08T07:29:51","date_gmt":"2019-05-08T07:29:51","guid":{"rendered":"https:\/\/www.armaton.com\/why-armaton\/"},"modified":"2023-04-25T13:42:55","modified_gmt":"2023-04-25T13:42:55","slug":"pourquoi-armaton","status":"publish","type":"page","link":"https:\/\/www.armaton.com\/fr\/pourquoi-armaton\/","title":{"rendered":"Pourquoi Armaton"},"content":{"rendered":"<div id=\"pl-4323\"  class=\"panel-layout\" ><div id=\"pg-4323-0\"  class=\"panel-grid panel-has-style\" ><div class=\"siteorigin-panels-stretch panel-row-style panel-row-style-for-4323-0\" data-stretch-type=\"full-stretched\" ><div id=\"pgc-4323-0-0\"  class=\"panel-grid-cell\" ><div id=\"panel-4323-0-0-0\" class=\"so-panel widget widget_fa-hero-banner-widget panel-first-child panel-last-child\" data-index=\"0\" ><div class=\"panel-widget-style panel-widget-style-for-4323-0-0-0\" ><div\n\t\t\t\n\t\t\tclass=\"so-widget-fa-hero-banner-widget so-widget-fa-hero-banner-widget-default-dd55af4e85f0-4323\"\n\t\t\t\n\t\t><div class=\"forankra-hero-banner\">\n    <img loading=\"lazy\" decoding=\"async\" width=\"2000\" height=\"830\" src=\"https:\/\/www.armaton.com\/wp-content\/uploads\/sites\/14\/2019\/06\/RagnvaldA2650x1100.png\" class=\"forankra-hero-banner-image\" alt=\"\" srcset=\"https:\/\/www.armaton.com\/wp-content\/uploads\/sites\/14\/2019\/06\/RagnvaldA2650x1100.png 2000w, https:\/\/www.armaton.com\/wp-content\/uploads\/sites\/14\/2019\/06\/RagnvaldA2650x1100-300x125.png 300w, https:\/\/www.armaton.com\/wp-content\/uploads\/sites\/14\/2019\/06\/RagnvaldA2650x1100-768x319.png 768w, https:\/\/www.armaton.com\/wp-content\/uploads\/sites\/14\/2019\/06\/RagnvaldA2650x1100-1024x425.png 1024w, https:\/\/www.armaton.com\/wp-content\/uploads\/sites\/14\/2019\/06\/RagnvaldA2650x1100-600x249.png 600w\" sizes=\"auto, (max-width: 2000px) 100vw, 2000px\" \/>    <section class=\"hero-content\">\n    <div class=\"content\">\n        <span style=\"color: #ffffff; font-size: 21px;\">ARMATON<\/span>\n<h1><span style=\"color: #ffffff;\">Armaton vous simplifie le travail. C\u2019est aussi simple que \u00e7a.<\/span><\/h1>\n<span lang=\"EN-GB\" style=\"color: #ffffff; font-size: 21px;\">Les demandes et les challenges de chaque utilisateur de plateaux ridelles sont tous diff\u00e9rents. Mais le syst\u00e8me Armaton offre une valeur commune \u00e0 tous : la tranquillit\u00e9 d\u2019esprit gr\u00e2ce \u00e0 des produits s\u00fbrs et fonctionnels.\u00a0<\/span>            <\/div>\n    <\/section>\n<\/div>\n<\/div><\/div><\/div><\/div><\/div><\/div><div id=\"pg-4323-1\"  class=\"panel-grid panel-has-style\" ><div class=\"siteorigin-panels-stretch panel-row-style panel-row-style-for-4323-1\" data-stretch-type=\"full-stretched\" ><div id=\"pgc-4323-1-0\"  class=\"panel-grid-cell\" ><div id=\"panel-4323-1-0-0\" class=\"so-panel widget widget_siteorigin-panels-builder panel-first-child panel-last-child\" data-index=\"1\" ><div class=\"panel-widget-style panel-widget-style-for-4323-1-0-0\" ><div id=\"pl-w5dcd194e1b11a\"  class=\"panel-layout\" ><div id=\"pg-w5dcd194e1b11a-0\"  class=\"panel-grid panel-no-style\" ><div id=\"pgc-w5dcd194e1b11a-0-0\"  class=\"panel-grid-cell panel-grid-cell-empty\" ><\/div><div id=\"pgc-w5dcd194e1b11a-0-1\"  class=\"panel-grid-cell panel-grid-cell-mobile-last\" ><div id=\"panel-w5dcd194e1b11a-0-1-0\" class=\"so-panel widget widget_sow-editor panel-first-child\" data-index=\"0\" ><div\n\t\t\t\n\t\t\tclass=\"so-widget-sow-editor so-widget-sow-editor-base\"\n\t\t\t\n\t\t>\n<div class=\"siteorigin-widget-tinymce textwidget\">\n\t<h3><strong>Un chargement toujours s\u00fbr et s\u00e9curis\u00e9<\/strong><\/h3>\n<p><span style=\"font-size: 18px;\">Depuis 1986, Armaton fabrique des syst\u00e8mes de poteaux fonctionnels et au poids optimis\u00e9 pour les v\u00e9hicules utilitaires l\u00e9gers afin d\u2019assurer une charge utile maximale ainsi qu\u2019un transport s\u00fbr et rentable.<\/span><\/p>\n<\/div>\n<\/div><\/div><div id=\"panel-w5dcd194e1b11a-0-1-1\" class=\"so-panel widget widget_sow-button panel-last-child\" data-index=\"1\" ><div\n\t\t\t\n\t\t\tclass=\"so-widget-sow-button so-widget-sow-button-flat-d23e0acbfdd0\"\n\t\t\t\n\t\t><div class=\"ow-button-base ow-button-align-left\">\n\t<a\n\thref=\"https:\/\/www.armaton.com\/fr\/systeme-armaton\/\"\n\t\tclass=\"ow-icon-placement-left ow-button-hover\" \t>\n\t\t<span>\n\t\t\t\n\t\t\tEn savoir plus &gt;  \t\t<\/span>\n\t<\/a>\n<\/div>\n<\/div><\/div><\/div><div id=\"pgc-w5dcd194e1b11a-0-2\"  class=\"panel-grid-cell panel-grid-cell-empty\" ><\/div><\/div><\/div><\/div><\/div><\/div><div id=\"pgc-4323-1-1\"  class=\"panel-grid-cell\" ><div id=\"panel-4323-1-1-0\" class=\"so-panel widget widget_sow-image panel-first-child panel-last-child\" data-index=\"2\" ><div\n\t\t\t\n\t\t\tclass=\"so-widget-sow-image so-widget-sow-image-default-dbf295114b96-4323\"\n\t\t\t\n\t\t>\n\n<div class=\"sow-image-container\">\n\t\t<img decoding=\"async\" src=\"https:\/\/www.armaton.com\/wp-content\/uploads\/sites\/14\/2019\/05\/Start_Bodybuilder800x525-768x504.jpg\" width=\"768\" height=\"504\" srcset=\"https:\/\/www.armaton.com\/wp-content\/uploads\/sites\/14\/2019\/05\/Start_Bodybuilder800x525-768x504.jpg 768w, https:\/\/www.armaton.com\/wp-content\/uploads\/sites\/14\/2019\/05\/Start_Bodybuilder800x525-300x197.jpg 300w, https:\/\/www.armaton.com\/wp-content\/uploads\/sites\/14\/2019\/05\/Start_Bodybuilder800x525-600x394.jpg 600w, https:\/\/www.armaton.com\/wp-content\/uploads\/sites\/14\/2019\/05\/Start_Bodybuilder800x525.jpg 800w\" sizes=\"auto, (max-width: 768px) 100vw, 768px\" title=\"Start_Bodybuilder,800&#215;525\" alt=\"\" loading=\"lazy\" \t\tclass=\"so-widget-image\"\/>\n\t<\/div>\n\n<\/div><\/div><\/div><\/div><\/div><div id=\"pg-4323-2\"  class=\"panel-grid panel-has-style\" ><div class=\"siteorigin-panels-stretch panel-row-style panel-row-style-for-4323-2\" data-stretch-type=\"full-stretched\" ><div id=\"pgc-4323-2-0\"  class=\"panel-grid-cell\" ><div id=\"panel-4323-2-0-0\" class=\"so-panel widget widget_sow-image panel-first-child panel-last-child\" data-index=\"3\" ><div\n\t\t\t\n\t\t\tclass=\"so-widget-sow-image so-widget-sow-image-default-dbf295114b96-4323\"\n\t\t\t\n\t\t>\n\n<div class=\"sow-image-container\">\n\t\t<img decoding=\"async\" src=\"https:\/\/www.armaton.com\/wp-content\/uploads\/sites\/14\/2019\/05\/Handtag_ENG746x490.jpg\" width=\"746\" height=\"490\" srcset=\"https:\/\/www.armaton.com\/wp-content\/uploads\/sites\/14\/2019\/05\/Handtag_ENG746x490.jpg 746w, https:\/\/www.armaton.com\/wp-content\/uploads\/sites\/14\/2019\/05\/Handtag_ENG746x490-300x197.jpg 300w, https:\/\/www.armaton.com\/wp-content\/uploads\/sites\/14\/2019\/05\/Handtag_ENG746x490-600x394.jpg 600w\" sizes=\"auto, (max-width: 746px) 100vw, 746px\" title=\"Handtag_ENG,746&#215;490\" alt=\"\" loading=\"lazy\" \t\tclass=\"so-widget-image\"\/>\n\t<\/div>\n\n<\/div><\/div><\/div><div id=\"pgc-4323-2-1\"  class=\"panel-grid-cell\" ><div id=\"panel-4323-2-1-0\" class=\"so-panel widget widget_siteorigin-panels-builder panel-first-child panel-last-child\" data-index=\"4\" ><div class=\"panel-widget-style panel-widget-style-for-4323-2-1-0\" ><div id=\"pl-w5dcac504e6807\"  class=\"panel-layout\" ><div id=\"pg-w5dcac504e6807-0\"  class=\"panel-grid panel-no-style\" ><div id=\"pgc-w5dcac504e6807-0-0\"  class=\"panel-grid-cell panel-grid-cell-empty\" ><\/div><div id=\"pgc-w5dcac504e6807-0-1\"  class=\"panel-grid-cell panel-grid-cell-mobile-last\" ><div id=\"panel-w5dcac504e6807-0-1-0\" class=\"so-panel widget widget_sow-editor panel-first-child panel-last-child\" data-index=\"0\" ><div\n\t\t\t\n\t\t\tclass=\"so-widget-sow-editor so-widget-sow-editor-base\"\n\t\t\t\n\t\t>\n<div class=\"siteorigin-widget-tinymce textwidget\">\n\t<h3><strong>Une fonctionnalit\u00e9 optimis\u00e9e pour un travail simplifi\u00e9\u00a0<\/strong><\/h3>\n<p><span style=\"font-size: 18px;\">Le chargement et le d\u00e9chargement sont facilit\u00e9s gr\u00e2ce \u00e0 une poign\u00e9e de d\u00e9verrouillage ergonomique ayant une port\u00e9e de mouvement de 160 degr\u00e9s.\u00a0<\/span><\/p>\n<\/div>\n<\/div><\/div><\/div><div id=\"pgc-w5dcac504e6807-0-2\"  class=\"panel-grid-cell panel-grid-cell-empty\" ><\/div><\/div><\/div><\/div><\/div><\/div><\/div><\/div><div id=\"pg-4323-3\"  class=\"panel-grid panel-has-style\" ><div class=\"siteorigin-panels-stretch panel-row-style panel-row-style-for-4323-3\" data-stretch-type=\"full-stretched\" ><div id=\"pgc-4323-3-0\"  class=\"panel-grid-cell\" ><div id=\"panel-4323-3-0-0\" class=\"so-panel widget widget_siteorigin-panels-builder panel-first-child panel-last-child\" data-index=\"5\" ><div class=\"panel-widget-style panel-widget-style-for-4323-3-0-0\" ><div id=\"pl-w5dcd194e1b75c\"  class=\"panel-layout\" ><div id=\"pg-w5dcd194e1b75c-0\"  class=\"panel-grid panel-no-style\" ><div id=\"pgc-w5dcd194e1b75c-0-0\"  class=\"panel-grid-cell panel-grid-cell-empty\" ><\/div><div id=\"pgc-w5dcd194e1b75c-0-1\"  class=\"panel-grid-cell panel-grid-cell-mobile-last\" ><div id=\"panel-w5dcd194e1b75c-0-1-0\" class=\"so-panel widget widget_sow-editor panel-first-child\" data-index=\"0\" ><div\n\t\t\t\n\t\t\tclass=\"so-widget-sow-editor so-widget-sow-editor-base\"\n\t\t\t\n\t\t>\n<div class=\"siteorigin-widget-tinymce textwidget\">\n\t<h3><strong>Une qualit\u00e9 qui vous fait gagner du temps\u00a0<\/strong><\/h3>\n<p><span style=\"font-size: 18px;\">Quelle que soit votre activit\u00e9, la disponibilit\u00e9 est toujours la priorit\u00e9 absolue. Les v\u00e9hicules sont cens\u00e9s \u00eatre sur la route et non dans les ateliers. Nos produits fabriqu\u00e9s en aluminium anodis\u00e9 r\u00e9sistent \u00e0 la corrosion et durent tout simplement plus longtemps.\u00a0<\/span><\/p>\n<\/div>\n<\/div><\/div><div id=\"panel-w5dcd194e1b75c-0-1-1\" class=\"so-panel widget widget_sow-button panel-last-child\" data-index=\"1\" ><div\n\t\t\t\n\t\t\tclass=\"so-widget-sow-button so-widget-sow-button-flat-d23e0acbfdd0\"\n\t\t\t\n\t\t><div class=\"ow-button-base ow-button-align-left\">\n\t<a\n\thref=\"https:\/\/www.armaton.com\/fr\/kit-plateau-ridelles-modulable\/\"\n\t\tclass=\"ow-icon-placement-left ow-button-hover\" \t>\n\t\t<span>\n\t\t\t\n\t\t\tEn savoir plus &gt;   \t\t<\/span>\n\t<\/a>\n<\/div>\n<\/div><\/div><\/div><div id=\"pgc-w5dcd194e1b75c-0-2\"  class=\"panel-grid-cell panel-grid-cell-empty\" ><\/div><\/div><\/div><\/div><\/div><\/div><div id=\"pgc-4323-3-1\"  class=\"panel-grid-cell\" ><div id=\"panel-4323-3-1-0\" class=\"so-panel widget widget_sow-image panel-first-child panel-last-child\" data-index=\"6\" ><div\n\t\t\t\n\t\t\tclass=\"so-widget-sow-image so-widget-sow-image-default-dbf295114b96-4323\"\n\t\t\t\n\t\t>\n\n<div class=\"sow-image-container\">\n\t\t<img decoding=\"async\" src=\"https:\/\/www.armaton.com\/wp-content\/uploads\/sites\/14\/2019\/05\/Why_puff_4-768x605.jpg\" width=\"768\" height=\"605\" srcset=\"https:\/\/www.armaton.com\/wp-content\/uploads\/sites\/14\/2019\/05\/Why_puff_4-768x605.jpg 768w, https:\/\/www.armaton.com\/wp-content\/uploads\/sites\/14\/2019\/05\/Why_puff_4-300x236.jpg 300w, https:\/\/www.armaton.com\/wp-content\/uploads\/sites\/14\/2019\/05\/Why_puff_4-1024x807.jpg 1024w, https:\/\/www.armaton.com\/wp-content\/uploads\/sites\/14\/2019\/05\/Why_puff_4-600x473.jpg 600w, https:\/\/www.armaton.com\/wp-content\/uploads\/sites\/14\/2019\/05\/Why_puff_4.jpg 1282w\" sizes=\"auto, (max-width: 768px) 100vw, 768px\" alt=\"\" loading=\"lazy\" \t\tclass=\"so-widget-image\"\/>\n\t<\/div>\n\n<\/div><\/div><\/div><\/div><\/div><\/div>","protected":false},"excerpt":{"rendered":"<p>ARMATON Armaton vous simplifie le travail. C\u2019est aussi simple que \u00e7a. Les demandes et les challenges de chaque utilisateur de plateaux ridelles sont tous diff\u00e9rents. Mais le syst\u00e8me Armaton offre une valeur commune \u00e0 tous : la tranquillit\u00e9 d\u2019esprit gr\u00e2ce \u00e0 des produits s\u00fbrs et fonctionnels.\u00a0 Un chargement toujours s\u00fbr et s\u00e9curis\u00e9 Depuis 1986, Armaton [&hellip;]<\/p>\n","protected":false},"author":2,"featured_media":0,"parent":0,"menu_order":0,"comment_status":"closed","ping_status":"closed","template":"","meta":{"footnotes":""},"class_list":["post-4323","page","type-page","status-publish","hentry"],"yoast_head":"<!-- This site is optimized with the Yoast SEO plugin v20.4 - https:\/\/yoast.com\/wordpress\/plugins\/seo\/ -->\n<title>Pourquoi Armaton - Armaton<\/title>\n<meta name=\"description\" content=\"Les demandes et les challenges de chaque utilisateur de plateaux ridelles sont tous diff\u00e9rents. Mais le syst\u00e8me Armaton offre une valeur commune \u00e0 tous : la tranquillit\u00e9 d\u2019esprit gr\u00e2ce \u00e0 des produits s\u00fbrs et fonctionnels.\" \/>\n<meta name=\"robots\" content=\"index, follow, max-snippet:-1, max-image-preview:large, max-video-preview:-1\" \/>\n<link rel=\"canonical\" href=\"https:\/\/www.armaton.com\/fr\/pourquoi-armaton\/\" \/>\n<meta property=\"og:locale\" content=\"fr_FR\" \/>\n<meta property=\"og:type\" content=\"article\" \/>\n<meta property=\"og:title\" content=\"Pourquoi Armaton - Armaton\" \/>\n<meta property=\"og:description\" content=\"Les demandes et les challenges de chaque utilisateur de plateaux ridelles sont tous diff\u00e9rents. Mais le syst\u00e8me Armaton offre une valeur commune \u00e0 tous : la tranquillit\u00e9 d\u2019esprit gr\u00e2ce \u00e0 des produits s\u00fbrs et fonctionnels.\" \/>\n<meta property=\"og:url\" content=\"https:\/\/www.armaton.com\/fr\/pourquoi-armaton\/\" \/>\n<meta property=\"og:site_name\" content=\"Armaton\" \/>\n<meta property=\"article:modified_time\" content=\"2023-04-25T13:42:55+00:00\" \/>\n<meta name=\"twitter:card\" content=\"summary_large_image\" \/>\n<meta name=\"twitter:label1\" content=\"Dur\u00e9e de lecture estim\u00e9e\" \/>\n\t<meta name=\"twitter:data1\" content=\"1 minute\" \/>\n<script type=\"application\/ld+json\" class=\"yoast-schema-graph\">{\"@context\":\"https:\/\/schema.org\",\"@graph\":[{\"@type\":\"WebPage\",\"@id\":\"https:\/\/www.armaton.com\/fr\/pourquoi-armaton\/\",\"url\":\"https:\/\/www.armaton.com\/fr\/pourquoi-armaton\/\",\"name\":\"Pourquoi Armaton - Armaton\",\"isPartOf\":{\"@id\":\"https:\/\/www.armaton.com\/#website\"},\"datePublished\":\"2019-05-08T07:29:51+00:00\",\"dateModified\":\"2023-04-25T13:42:55+00:00\",\"description\":\"Les demandes et les challenges de chaque utilisateur de plateaux ridelles sont tous diff\u00e9rents. Mais le syst\u00e8me Armaton offre une valeur commune \u00e0 tous : la tranquillit\u00e9 d\u2019esprit gr\u00e2ce \u00e0 des produits s\u00fbrs et fonctionnels.\",\"breadcrumb\":{\"@id\":\"https:\/\/www.armaton.com\/fr\/pourquoi-armaton\/#breadcrumb\"},\"inLanguage\":\"fr-FR\",\"potentialAction\":[{\"@type\":\"ReadAction\",\"target\":[\"https:\/\/www.armaton.com\/fr\/pourquoi-armaton\/\"]}]},{\"@type\":\"BreadcrumbList\",\"@id\":\"https:\/\/www.armaton.com\/fr\/pourquoi-armaton\/#breadcrumb\",\"itemListElement\":[{\"@type\":\"ListItem\",\"position\":1,\"name\":\"Home\",\"item\":\"https:\/\/www.armaton.com\/fr\/\"},{\"@type\":\"ListItem\",\"position\":2,\"name\":\"Pourquoi Armaton\"}]},{\"@type\":\"WebSite\",\"@id\":\"https:\/\/www.armaton.com\/#website\",\"url\":\"https:\/\/www.armaton.com\/\",\"name\":\"Armaton\",\"description\":\"Armaton Solutions \u2013 Desire To Improve\",\"potentialAction\":[{\"@type\":\"SearchAction\",\"target\":{\"@type\":\"EntryPoint\",\"urlTemplate\":\"https:\/\/www.armaton.com\/?s={search_term_string}\"},\"query-input\":\"required name=search_term_string\"}],\"inLanguage\":\"fr-FR\"}]}<\/script>\n<!-- \/ Yoast SEO plugin. -->","yoast_head_json":{"title":"Pourquoi Armaton - Armaton","description":"Les demandes et les challenges de chaque utilisateur de plateaux ridelles sont tous diff\u00e9rents. Mais le syst\u00e8me Armaton offre une valeur commune \u00e0 tous : la tranquillit\u00e9 d\u2019esprit gr\u00e2ce \u00e0 des produits s\u00fbrs et fonctionnels.","robots":{"index":"index","follow":"follow","max-snippet":"max-snippet:-1","max-image-preview":"max-image-preview:large","max-video-preview":"max-video-preview:-1"},"canonical":"https:\/\/www.armaton.com\/fr\/pourquoi-armaton\/","og_locale":"fr_FR","og_type":"article","og_title":"Pourquoi Armaton - Armaton","og_description":"Les demandes et les challenges de chaque utilisateur de plateaux ridelles sont tous diff\u00e9rents. Mais le syst\u00e8me Armaton offre une valeur commune \u00e0 tous : la tranquillit\u00e9 d\u2019esprit gr\u00e2ce \u00e0 des produits s\u00fbrs et fonctionnels.","og_url":"https:\/\/www.armaton.com\/fr\/pourquoi-armaton\/","og_site_name":"Armaton","article_modified_time":"2023-04-25T13:42:55+00:00","twitter_card":"summary_large_image","twitter_misc":{"Dur\u00e9e de lecture estim\u00e9e":"1 minute"},"schema":{"@context":"https:\/\/schema.org","@graph":[{"@type":"WebPage","@id":"https:\/\/www.armaton.com\/fr\/pourquoi-armaton\/","url":"https:\/\/www.armaton.com\/fr\/pourquoi-armaton\/","name":"Pourquoi Armaton - Armaton","isPartOf":{"@id":"https:\/\/www.armaton.com\/#website"},"datePublished":"2019-05-08T07:29:51+00:00","dateModified":"2023-04-25T13:42:55+00:00","description":"Les demandes et les challenges de chaque utilisateur de plateaux ridelles sont tous diff\u00e9rents. Mais le syst\u00e8me Armaton offre une valeur commune \u00e0 tous : la tranquillit\u00e9 d\u2019esprit gr\u00e2ce \u00e0 des produits s\u00fbrs et fonctionnels.","breadcrumb":{"@id":"https:\/\/www.armaton.com\/fr\/pourquoi-armaton\/#breadcrumb"},"inLanguage":"fr-FR","potentialAction":[{"@type":"ReadAction","target":["https:\/\/www.armaton.com\/fr\/pourquoi-armaton\/"]}]},{"@type":"BreadcrumbList","@id":"https:\/\/www.armaton.com\/fr\/pourquoi-armaton\/#breadcrumb","itemListElement":[{"@type":"ListItem","position":1,"name":"Home","item":"https:\/\/www.armaton.com\/fr\/"},{"@type":"ListItem","position":2,"name":"Pourquoi Armaton"}]},{"@type":"WebSite","@id":"https:\/\/www.armaton.com\/#website","url":"https:\/\/www.armaton.com\/","name":"Armaton","description":"Armaton Solutions \u2013 Desire To Improve","potentialAction":[{"@type":"SearchAction","target":{"@type":"EntryPoint","urlTemplate":"https:\/\/www.armaton.com\/?s={search_term_string}"},"query-input":"required name=search_term_string"}],"inLanguage":"fr-FR"}]}},"_links":{"self":[{"href":"https:\/\/www.armaton.com\/fr\/wp-json\/wp\/v2\/pages\/4323","targetHints":{"allow":["GET"]}}],"collection":[{"href":"https:\/\/www.armaton.com\/fr\/wp-json\/wp\/v2\/pages"}],"about":[{"href":"https:\/\/www.armaton.com\/fr\/wp-json\/wp\/v2\/types\/page"}],"author":[{"embeddable":true,"href":"https:\/\/www.armaton.com\/fr\/wp-json\/wp\/v2\/users\/2"}],"replies":[{"embeddable":true,"href":"https:\/\/www.armaton.com\/fr\/wp-json\/wp\/v2\/comments?post=4323"}],"version-history":[{"count":13,"href":"https:\/\/www.armaton.com\/fr\/wp-json\/wp\/v2\/pages\/4323\/revisions"}],"predecessor-version":[{"id":12443,"href":"https:\/\/www.armaton.com\/fr\/wp-json\/wp\/v2\/pages\/4323\/revisions\/12443"}],"wp:attachment":[{"href":"https:\/\/www.armaton.com\/fr\/wp-json\/wp\/v2\/media?parent=4323"}],"curies":[{"name":"wp","href":"https:\/\/api.w.org\/{rel}","templated":true}]}}