{"id":4406,"date":"2019-05-22T08:45:57","date_gmt":"2019-05-22T08:45:57","guid":{"rendered":"https:\/\/www.armaton.com\/armaton-systems\/"},"modified":"2023-04-25T13:43:31","modified_gmt":"2023-04-25T13:43:31","slug":"systeme-armaton","status":"publish","type":"page","link":"https:\/\/www.armaton.com\/fr\/systeme-armaton\/","title":{"rendered":"Le syst\u00e8me Armaton"},"content":{"rendered":"<div id=\"pl-4406\"  class=\"panel-layout\" ><div id=\"pg-4406-0\"  class=\"panel-grid panel-has-style\" ><div class=\"siteorigin-panels-stretch panel-row-style panel-row-style-for-4406-0\" data-stretch-type=\"full-stretched\" ><div id=\"pgc-4406-0-0\"  class=\"panel-grid-cell\" ><div id=\"panel-4406-0-0-0\" class=\"so-panel widget widget_fa-hero-banner-widget panel-first-child panel-last-child\" data-index=\"0\" ><div class=\"panel-widget-style panel-widget-style-for-4406-0-0-0\" ><div\n\t\t\t\n\t\t\tclass=\"so-widget-fa-hero-banner-widget so-widget-fa-hero-banner-widget-default-c88eb9a566b1-4406\"\n\t\t\t\n\t\t><div class=\"forankra-hero-banner\">\n    <img loading=\"lazy\" decoding=\"async\" width=\"2650\" height=\"1385\" src=\"https:\/\/www.armaton.com\/wp-content\/uploads\/sites\/14\/2019\/05\/Systems_puff_1.jpg\" class=\"forankra-hero-banner-image\" alt=\"\" srcset=\"https:\/\/www.armaton.com\/wp-content\/uploads\/sites\/14\/2019\/05\/Systems_puff_1.jpg 2650w, https:\/\/www.armaton.com\/wp-content\/uploads\/sites\/14\/2019\/05\/Systems_puff_1-300x157.jpg 300w, https:\/\/www.armaton.com\/wp-content\/uploads\/sites\/14\/2019\/05\/Systems_puff_1-768x401.jpg 768w, https:\/\/www.armaton.com\/wp-content\/uploads\/sites\/14\/2019\/05\/Systems_puff_1-1024x535.jpg 1024w, https:\/\/www.armaton.com\/wp-content\/uploads\/sites\/14\/2019\/05\/Systems_puff_1-600x314.jpg 600w\" sizes=\"auto, (max-width: 2650px) 100vw, 2650px\" \/>    <section class=\"hero-content\">\n    <div class=\"content\">\n        <h1><span style=\"color: #ffffff;\">Le syst\u00e8me Armaton <\/span><\/h1>\n<p><span lang=\"EN-GB\" style=\"color: #ffffff; font-size: 21px;\">Le syst\u00e8me Armaton se caract\u00e9rise par un design tr\u00e8s propre, \u00e9pur\u00e9 et l\u00e9ger. Ce produit haut de gamme est ergonomique et poss\u00e8de des innovations uniques.<\/span><\/p>\n            <\/div>\n    <\/section>\n<\/div>\n<\/div><\/div><\/div><\/div><\/div><\/div><div id=\"pg-4406-1\"  class=\"panel-grid panel-has-style\" ><div class=\"siteorigin-panels-stretch panel-row-style panel-row-style-for-4406-1\" data-stretch-type=\"full-stretched\" ><div id=\"pgc-4406-1-0\"  class=\"panel-grid-cell\" ><div id=\"panel-4406-1-0-0\" class=\"so-panel widget widget_fa-hero-banner-widget panel-first-child panel-last-child\" data-index=\"1\" ><div class=\"panel-widget-style panel-widget-style-for-4406-1-0-0\" ><div\n\t\t\t\n\t\t\tclass=\"so-widget-fa-hero-banner-widget so-widget-fa-hero-banner-widget-default-eeffc624529f-4406\"\n\t\t\t\n\t\t><div class=\"forankra-hero-banner\">\n    <img loading=\"lazy\" decoding=\"async\" width=\"2592\" height=\"1010\" src=\"https:\/\/www.armaton.com\/wp-content\/uploads\/sites\/14\/2019\/05\/Start_puff_4.jpg\" class=\"forankra-hero-banner-image\" alt=\"\" srcset=\"https:\/\/www.armaton.com\/wp-content\/uploads\/sites\/14\/2019\/05\/Start_puff_4.jpg 2592w, https:\/\/www.armaton.com\/wp-content\/uploads\/sites\/14\/2019\/05\/Start_puff_4-300x117.jpg 300w, https:\/\/www.armaton.com\/wp-content\/uploads\/sites\/14\/2019\/05\/Start_puff_4-768x299.jpg 768w, https:\/\/www.armaton.com\/wp-content\/uploads\/sites\/14\/2019\/05\/Start_puff_4-1024x399.jpg 1024w, https:\/\/www.armaton.com\/wp-content\/uploads\/sites\/14\/2019\/05\/Start_puff_4-600x234.jpg 600w\" sizes=\"auto, (max-width: 2592px) 100vw, 2592px\" \/>    <section class=\"hero-content\">\n    <div class=\"content\">\n        <h3><span style=\"color: #7d7d7d;\"><strong><span lang=\"EN-GB\">Armaton Modular Platform Kit<\/span><\/strong><\/span><\/h3>\n<p><span lang=\"EN-GB\" style=\"color: #7d7d7d; font-size: 18px;\">Un plateau l\u00e9ger, fonctionnel et de haute qualit\u00e9; facile, rapide \u00e0 monter et \u00e0 entretenir. L\u2019utilisation est sure et s\u00e9curis\u00e9e permettant de garder \u00e0 long terme la valeur du v\u00e9hicule.<\/span><\/p>\n<p>&nbsp;<\/p>\n        <div class=\"button-container left\"><a href=\"https:\/\/www.armaton.com\/fr\/kit-plateau-ridelles-modulable\/\" class=\"forankra-hero-banner-button\">En savoir plus &gt;<\/a><\/div>    <\/div>\n    <\/section>\n<\/div>\n<\/div><\/div><\/div><\/div><\/div><\/div><div id=\"pg-4406-2\"  class=\"panel-grid panel-has-style\" ><div class=\"siteorigin-panels-stretch panel-row-style panel-row-style-for-4406-2\" data-stretch-type=\"full-stretched\" ><div id=\"pgc-4406-2-0\"  class=\"panel-grid-cell panel-grid-cell-empty\" ><\/div><div id=\"pgc-4406-2-1\"  class=\"panel-grid-cell\" ><div id=\"panel-4406-2-1-0\" class=\"so-panel widget widget_sow-image panel-first-child panel-last-child\" data-index=\"2\" ><div\n\t\t\t\n\t\t\tclass=\"so-widget-sow-image so-widget-sow-image-default-dbf295114b96-4406\"\n\t\t\t\n\t\t>\n\n<div class=\"sow-image-container\">\n\t\t<img decoding=\"async\" src=\"https:\/\/www.armaton.com\/wp-content\/uploads\/sites\/14\/2019\/05\/Start_puff_2_b-768x605.jpg\" width=\"768\" height=\"605\" srcset=\"https:\/\/www.armaton.com\/wp-content\/uploads\/sites\/14\/2019\/05\/Start_puff_2_b-768x605.jpg 768w, https:\/\/www.armaton.com\/wp-content\/uploads\/sites\/14\/2019\/05\/Start_puff_2_b-300x236.jpg 300w, https:\/\/www.armaton.com\/wp-content\/uploads\/sites\/14\/2019\/05\/Start_puff_2_b-1024x806.jpg 1024w, https:\/\/www.armaton.com\/wp-content\/uploads\/sites\/14\/2019\/05\/Start_puff_2_b-600x472.jpg 600w, https:\/\/www.armaton.com\/wp-content\/uploads\/sites\/14\/2019\/05\/Start_puff_2_b.jpg 1256w\" sizes=\"auto, (max-width: 768px) 100vw, 768px\" alt=\"\" loading=\"lazy\" \t\tclass=\"so-widget-image\"\/>\n\t<\/div>\n\n<\/div><\/div><\/div><div id=\"pgc-4406-2-2\"  class=\"panel-grid-cell panel-grid-cell-empty\" ><\/div><div id=\"pgc-4406-2-3\"  class=\"panel-grid-cell\" ><div id=\"panel-4406-2-3-0\" class=\"so-panel widget widget_siteorigin-panels-builder panel-first-child panel-last-child\" data-index=\"3\" ><div class=\"panel-widget-style panel-widget-style-for-4406-2-3-0\" ><div id=\"pl-w5dce650e7b383\"  class=\"panel-layout\" ><div id=\"pg-w5dce650e7b383-0\"  class=\"panel-grid panel-no-style\" ><div id=\"pgc-w5dce650e7b383-0-0\"  class=\"panel-grid-cell panel-grid-cell-empty\" ><\/div><div id=\"pgc-w5dce650e7b383-0-1\"  class=\"panel-grid-cell panel-grid-cell-mobile-last\" ><div id=\"panel-w5dce650e7b383-0-1-0\" class=\"so-panel widget widget_sow-editor panel-first-child\" data-index=\"0\" ><div class=\"panel-widget-style panel-widget-style-for-w5dce650e7b383-0-1-0\" ><div\n\t\t\t\n\t\t\tclass=\"so-widget-sow-editor so-widget-sow-editor-base\"\n\t\t\t\n\t\t>\n<div class=\"siteorigin-widget-tinymce textwidget\">\n\t<h3><span lang=\"EN-GB\" style=\"font-size: 28px\"><strong>Armaton 4000XF<\/strong> <\/span><\/h3>\n<p><span style=\"font-size: 18px\"><span lang=\"EN-GB\">Syst\u00e8me de ranchers l\u00e9gers, test\u00e9s pour une capacit\u00e9 de charge allant jusqu\u2019\u00e0 6 tonnes. Les ranchers sont faciles \u00e0 manipuler et ergonomique. Fabriqu\u00e9s en aluminium anodis\u00e9 ils sont pratiquement sans entretien. <\/span><\/span><\/p>\n<\/div>\n<\/div><\/div><\/div><div id=\"panel-w5dce650e7b383-0-1-1\" class=\"so-panel widget widget_sow-button panel-last-child\" data-index=\"1\" ><div\n\t\t\t\n\t\t\tclass=\"so-widget-sow-button so-widget-sow-button-flat-d23e0acbfdd0\"\n\t\t\t\n\t\t><div class=\"ow-button-base ow-button-align-left\">\n\t<a\n\thref=\"https:\/\/www.armaton.com\/fr\/armaton-4000xf\/\"\n\t\tclass=\"ow-icon-placement-left ow-button-hover\" \t>\n\t\t<span>\n\t\t\t\n\t\t\tEn savoir plus &gt;\t\t<\/span>\n\t<\/a>\n<\/div>\n<\/div><\/div><\/div><div id=\"pgc-w5dce650e7b383-0-2\"  class=\"panel-grid-cell panel-grid-cell-empty\" ><\/div><\/div><\/div><\/div><\/div><\/div><\/div><\/div><div id=\"pg-4406-3\"  class=\"panel-grid panel-has-style\" ><div class=\"siteorigin-panels-stretch panel-row-style panel-row-style-for-4406-3\" data-stretch-type=\"full-stretched\" ><div id=\"pgc-4406-3-0\"  class=\"panel-grid-cell panel-grid-cell-empty\" ><\/div><div id=\"pgc-4406-3-1\"  class=\"panel-grid-cell\" ><div id=\"panel-4406-3-1-0\" class=\"so-panel widget widget_sow-image panel-first-child panel-last-child\" data-index=\"4\" ><div\n\t\t\t\n\t\t\tclass=\"so-widget-sow-image so-widget-sow-image-default-dbf295114b96-4406\"\n\t\t\t\n\t\t>\n\n<div class=\"sow-image-container\">\n\t\t<img decoding=\"async\" src=\"https:\/\/www.armaton.com\/wp-content\/uploads\/sites\/14\/2019\/05\/Systems_puff_4-768x605.jpg\" width=\"768\" height=\"605\" srcset=\"https:\/\/www.armaton.com\/wp-content\/uploads\/sites\/14\/2019\/05\/Systems_puff_4-768x605.jpg 768w, https:\/\/www.armaton.com\/wp-content\/uploads\/sites\/14\/2019\/05\/Systems_puff_4-300x236.jpg 300w, https:\/\/www.armaton.com\/wp-content\/uploads\/sites\/14\/2019\/05\/Systems_puff_4-1024x807.jpg 1024w, https:\/\/www.armaton.com\/wp-content\/uploads\/sites\/14\/2019\/05\/Systems_puff_4-600x473.jpg 600w, https:\/\/www.armaton.com\/wp-content\/uploads\/sites\/14\/2019\/05\/Systems_puff_4.jpg 1282w\" sizes=\"auto, (max-width: 768px) 100vw, 768px\" alt=\"\" loading=\"lazy\" \t\tclass=\"so-widget-image\"\/>\n\t<\/div>\n\n<\/div><\/div><\/div><div id=\"pgc-4406-3-2\"  class=\"panel-grid-cell panel-grid-cell-empty\" ><\/div><div id=\"pgc-4406-3-3\"  class=\"panel-grid-cell\" ><div id=\"panel-4406-3-3-0\" class=\"so-panel widget widget_siteorigin-panels-builder panel-first-child panel-last-child\" data-index=\"5\" ><div class=\"panel-widget-style panel-widget-style-for-4406-3-3-0\" ><div id=\"pl-w5dce650e7b9f2\"  class=\"panel-layout\" ><div id=\"pg-w5dce650e7b9f2-0\"  class=\"panel-grid panel-no-style\" ><div id=\"pgc-w5dce650e7b9f2-0-0\"  class=\"panel-grid-cell panel-grid-cell-empty\" ><\/div><div id=\"pgc-w5dce650e7b9f2-0-1\"  class=\"panel-grid-cell panel-grid-cell-mobile-last\" ><div id=\"panel-w5dce650e7b9f2-0-1-0\" class=\"so-panel widget widget_sow-editor panel-first-child\" data-index=\"0\" ><div class=\"panel-widget-style panel-widget-style-for-w5dce650e7b9f2-0-1-0\" ><div\n\t\t\t\n\t\t\tclass=\"so-widget-sow-editor so-widget-sow-editor-base\"\n\t\t\t\n\t\t>\n<div class=\"siteorigin-widget-tinymce textwidget\">\n\t<h3><span style=\"color: #7d7d7d\"><strong>Armaton 3000XF<\/strong><\/span><\/h3>\n<p><span style=\"color: #7d7d7d;font-size: 18px\">Syst\u00e8me avec fermetures l\u00e9g\u00e8res offrant une capacit\u00e9 de chargement allant jusqu\u2019\u00e0 6 tonnes. Les fermetures sont faciles \u00e0 manipuler, de haute qualit\u00e9 et ergonomiques.\u00a0<\/span><\/p>\n<\/div>\n<\/div><\/div><\/div><div id=\"panel-w5dce650e7b9f2-0-1-1\" class=\"so-panel widget widget_sow-button panel-last-child\" data-index=\"1\" ><div\n\t\t\t\n\t\t\tclass=\"so-widget-sow-button so-widget-sow-button-flat-d23e0acbfdd0\"\n\t\t\t\n\t\t><div class=\"ow-button-base ow-button-align-left\">\n\t<a\n\thref=\"https:\/\/www.armaton.com\/fr\/armaton-3000xf\/\"\n\t\tclass=\"ow-icon-placement-left ow-button-hover\" \t>\n\t\t<span>\n\t\t\t\n\t\t\tEn savoir plus &gt;\t\t<\/span>\n\t<\/a>\n<\/div>\n<\/div><\/div><\/div><div id=\"pgc-w5dce650e7b9f2-0-2\"  class=\"panel-grid-cell panel-grid-cell-empty\" ><\/div><\/div><\/div><\/div><\/div><\/div><\/div><\/div><\/div>","protected":false},"excerpt":{"rendered":"<p>Le syst\u00e8me Armaton Le syst\u00e8me Armaton se caract\u00e9rise par un design tr\u00e8s propre, \u00e9pur\u00e9 et l\u00e9ger. Ce produit haut de gamme est ergonomique et poss\u00e8de des innovations uniques. Armaton Modular Platform Kit Un plateau l\u00e9ger, fonctionnel et de haute qualit\u00e9; facile, rapide \u00e0 monter et \u00e0 entretenir. L\u2019utilisation est sure et s\u00e9curis\u00e9e permettant de garder [&hellip;]<\/p>\n","protected":false},"author":2,"featured_media":0,"parent":0,"menu_order":0,"comment_status":"closed","ping_status":"closed","template":"","meta":{"footnotes":""},"class_list":["post-4406","page","type-page","status-publish","hentry"],"yoast_head":"<!-- This site is optimized with the Yoast SEO plugin v20.4 - https:\/\/yoast.com\/wordpress\/plugins\/seo\/ -->\n<title>Le syst\u00e8me Armaton - Armaton<\/title>\n<meta name=\"description\" content=\"Le syst\u00e8me Armaton se caract\u00e9rise par un design tr\u00e8s propre, \u00e9pur\u00e9 et l\u00e9ger. Ce produit haut de gamme est ergonomique et poss\u00e8de des innovations uniques.\" \/>\n<meta name=\"robots\" content=\"index, follow, max-snippet:-1, max-image-preview:large, max-video-preview:-1\" \/>\n<link rel=\"canonical\" href=\"https:\/\/www.armaton.com\/fr\/systeme-armaton\/\" \/>\n<meta property=\"og:locale\" content=\"fr_FR\" \/>\n<meta property=\"og:type\" content=\"article\" \/>\n<meta property=\"og:title\" content=\"Le syst\u00e8me Armaton - Armaton\" \/>\n<meta property=\"og:description\" content=\"Le syst\u00e8me Armaton se caract\u00e9rise par un design tr\u00e8s propre, \u00e9pur\u00e9 et l\u00e9ger. Ce produit haut de gamme est ergonomique et poss\u00e8de des innovations uniques.\" \/>\n<meta property=\"og:url\" content=\"https:\/\/www.armaton.com\/fr\/systeme-armaton\/\" \/>\n<meta property=\"og:site_name\" content=\"Armaton\" \/>\n<meta property=\"article:modified_time\" content=\"2023-04-25T13:43:31+00:00\" \/>\n<meta name=\"twitter:card\" content=\"summary_large_image\" \/>\n<meta name=\"twitter:label1\" content=\"Dur\u00e9e de lecture estim\u00e9e\" \/>\n\t<meta name=\"twitter:data1\" content=\"1 minute\" \/>\n<script type=\"application\/ld+json\" class=\"yoast-schema-graph\">{\"@context\":\"https:\/\/schema.org\",\"@graph\":[{\"@type\":\"WebPage\",\"@id\":\"https:\/\/www.armaton.com\/fr\/systeme-armaton\/\",\"url\":\"https:\/\/www.armaton.com\/fr\/systeme-armaton\/\",\"name\":\"Le syst\u00e8me Armaton - Armaton\",\"isPartOf\":{\"@id\":\"https:\/\/www.armaton.com\/#website\"},\"datePublished\":\"2019-05-22T08:45:57+00:00\",\"dateModified\":\"2023-04-25T13:43:31+00:00\",\"description\":\"Le syst\u00e8me Armaton se caract\u00e9rise par un design tr\u00e8s propre, \u00e9pur\u00e9 et l\u00e9ger. Ce produit haut de gamme est ergonomique et poss\u00e8de des innovations uniques.\",\"breadcrumb\":{\"@id\":\"https:\/\/www.armaton.com\/fr\/systeme-armaton\/#breadcrumb\"},\"inLanguage\":\"fr-FR\",\"potentialAction\":[{\"@type\":\"ReadAction\",\"target\":[\"https:\/\/www.armaton.com\/fr\/systeme-armaton\/\"]}]},{\"@type\":\"BreadcrumbList\",\"@id\":\"https:\/\/www.armaton.com\/fr\/systeme-armaton\/#breadcrumb\",\"itemListElement\":[{\"@type\":\"ListItem\",\"position\":1,\"name\":\"Home\",\"item\":\"https:\/\/www.armaton.com\/fr\/\"},{\"@type\":\"ListItem\",\"position\":2,\"name\":\"Le syst\u00e8me Armaton\"}]},{\"@type\":\"WebSite\",\"@id\":\"https:\/\/www.armaton.com\/#website\",\"url\":\"https:\/\/www.armaton.com\/\",\"name\":\"Armaton\",\"description\":\"Armaton Solutions \u2013 Desire To Improve\",\"potentialAction\":[{\"@type\":\"SearchAction\",\"target\":{\"@type\":\"EntryPoint\",\"urlTemplate\":\"https:\/\/www.armaton.com\/?s={search_term_string}\"},\"query-input\":\"required name=search_term_string\"}],\"inLanguage\":\"fr-FR\"}]}<\/script>\n<!-- \/ Yoast SEO plugin. -->","yoast_head_json":{"title":"Le syst\u00e8me Armaton - Armaton","description":"Le syst\u00e8me Armaton se caract\u00e9rise par un design tr\u00e8s propre, \u00e9pur\u00e9 et l\u00e9ger. Ce produit haut de gamme est ergonomique et poss\u00e8de des innovations uniques.","robots":{"index":"index","follow":"follow","max-snippet":"max-snippet:-1","max-image-preview":"max-image-preview:large","max-video-preview":"max-video-preview:-1"},"canonical":"https:\/\/www.armaton.com\/fr\/systeme-armaton\/","og_locale":"fr_FR","og_type":"article","og_title":"Le syst\u00e8me Armaton - Armaton","og_description":"Le syst\u00e8me Armaton se caract\u00e9rise par un design tr\u00e8s propre, \u00e9pur\u00e9 et l\u00e9ger. Ce produit haut de gamme est ergonomique et poss\u00e8de des innovations uniques.","og_url":"https:\/\/www.armaton.com\/fr\/systeme-armaton\/","og_site_name":"Armaton","article_modified_time":"2023-04-25T13:43:31+00:00","twitter_card":"summary_large_image","twitter_misc":{"Dur\u00e9e de lecture estim\u00e9e":"1 minute"},"schema":{"@context":"https:\/\/schema.org","@graph":[{"@type":"WebPage","@id":"https:\/\/www.armaton.com\/fr\/systeme-armaton\/","url":"https:\/\/www.armaton.com\/fr\/systeme-armaton\/","name":"Le syst\u00e8me Armaton - Armaton","isPartOf":{"@id":"https:\/\/www.armaton.com\/#website"},"datePublished":"2019-05-22T08:45:57+00:00","dateModified":"2023-04-25T13:43:31+00:00","description":"Le syst\u00e8me Armaton se caract\u00e9rise par un design tr\u00e8s propre, \u00e9pur\u00e9 et l\u00e9ger. Ce produit haut de gamme est ergonomique et poss\u00e8de des innovations uniques.","breadcrumb":{"@id":"https:\/\/www.armaton.com\/fr\/systeme-armaton\/#breadcrumb"},"inLanguage":"fr-FR","potentialAction":[{"@type":"ReadAction","target":["https:\/\/www.armaton.com\/fr\/systeme-armaton\/"]}]},{"@type":"BreadcrumbList","@id":"https:\/\/www.armaton.com\/fr\/systeme-armaton\/#breadcrumb","itemListElement":[{"@type":"ListItem","position":1,"name":"Home","item":"https:\/\/www.armaton.com\/fr\/"},{"@type":"ListItem","position":2,"name":"Le syst\u00e8me Armaton"}]},{"@type":"WebSite","@id":"https:\/\/www.armaton.com\/#website","url":"https:\/\/www.armaton.com\/","name":"Armaton","description":"Armaton Solutions \u2013 Desire To Improve","potentialAction":[{"@type":"SearchAction","target":{"@type":"EntryPoint","urlTemplate":"https:\/\/www.armaton.com\/?s={search_term_string}"},"query-input":"required name=search_term_string"}],"inLanguage":"fr-FR"}]}},"_links":{"self":[{"href":"https:\/\/www.armaton.com\/fr\/wp-json\/wp\/v2\/pages\/4406","targetHints":{"allow":["GET"]}}],"collection":[{"href":"https:\/\/www.armaton.com\/fr\/wp-json\/wp\/v2\/pages"}],"about":[{"href":"https:\/\/www.armaton.com\/fr\/wp-json\/wp\/v2\/types\/page"}],"author":[{"embeddable":true,"href":"https:\/\/www.armaton.com\/fr\/wp-json\/wp\/v2\/users\/2"}],"replies":[{"embeddable":true,"href":"https:\/\/www.armaton.com\/fr\/wp-json\/wp\/v2\/comments?post=4406"}],"version-history":[{"count":18,"href":"https:\/\/www.armaton.com\/fr\/wp-json\/wp\/v2\/pages\/4406\/revisions"}],"predecessor-version":[{"id":12445,"href":"https:\/\/www.armaton.com\/fr\/wp-json\/wp\/v2\/pages\/4406\/revisions\/12445"}],"wp:attachment":[{"href":"https:\/\/www.armaton.com\/fr\/wp-json\/wp\/v2\/media?parent=4406"}],"curies":[{"name":"wp","href":"https:\/\/api.w.org\/{rel}","templated":true}]}}