{"id":4544,"date":"2019-06-03T09:21:43","date_gmt":"2019-06-03T09:21:43","guid":{"rendered":"https:\/\/www.armaton.com\/profiles-attachments\/"},"modified":"2024-02-01T16:00:14","modified_gmt":"2024-02-01T16:00:14","slug":"profils","status":"publish","type":"page","link":"https:\/\/www.armaton.com\/fr\/profils\/","title":{"rendered":"Profils et pi\u00e8ces d\u00e9tach\u00e9es"},"content":{"rendered":"<div id=\"pl-4544\"  class=\"panel-layout\" ><div id=\"pg-4544-0\"  class=\"panel-grid panel-has-style\" ><div class=\"siteorigin-panels-stretch panel-row-style panel-row-style-for-4544-0\" data-stretch-type=\"full-stretched\" ><div id=\"pgc-4544-0-0\"  class=\"panel-grid-cell\" ><div id=\"panel-4544-0-0-0\" class=\"so-panel widget widget_sow-image panel-first-child panel-last-child\" data-index=\"0\" ><div\n\t\t\t\n\t\t\tclass=\"so-widget-sow-image so-widget-sow-image-default-dbf295114b96-4544\"\n\t\t\t\n\t\t>\n\n<div class=\"sow-image-container\">\n\t\t<img decoding=\"async\" src=\"https:\/\/www.armaton.com\/wp-content\/uploads\/sites\/14\/2019\/06\/Armatonprofiler_11282x1010-768x605.png\" width=\"768\" height=\"605\" srcset=\"https:\/\/www.armaton.com\/wp-content\/uploads\/sites\/14\/2019\/06\/Armatonprofiler_11282x1010-768x605.png 768w, https:\/\/www.armaton.com\/wp-content\/uploads\/sites\/14\/2019\/06\/Armatonprofiler_11282x1010-300x236.png 300w, https:\/\/www.armaton.com\/wp-content\/uploads\/sites\/14\/2019\/06\/Armatonprofiler_11282x1010-1024x807.png 1024w, https:\/\/www.armaton.com\/wp-content\/uploads\/sites\/14\/2019\/06\/Armatonprofiler_11282x1010-600x473.png 600w, https:\/\/www.armaton.com\/wp-content\/uploads\/sites\/14\/2019\/06\/Armatonprofiler_11282x1010.png 1278w\" sizes=\"auto, (max-width: 768px) 100vw, 768px\" title=\"Armatonprofiler_1,1282&#215;1010\" alt=\"\" loading=\"lazy\" \t\tclass=\"so-widget-image\"\/>\n\t<\/div>\n\n<\/div><\/div><\/div><div id=\"pgc-4544-0-1\"  class=\"panel-grid-cell\" ><div id=\"panel-4544-0-1-0\" class=\"so-panel widget widget_siteorigin-panels-builder panel-first-child panel-last-child\" data-index=\"1\" ><div class=\"panel-widget-style panel-widget-style-for-4544-0-1-0\" ><div id=\"pl-w65bbc00eec505\"  class=\"panel-layout\" ><div id=\"pg-w65bbc00eec505-0\"  class=\"panel-grid panel-no-style\" ><div id=\"pgc-w65bbc00eec505-0-0\"  class=\"panel-grid-cell panel-grid-cell-empty\" ><\/div><div id=\"pgc-w65bbc00eec505-0-1\"  class=\"panel-grid-cell panel-grid-cell-mobile-last\" ><div id=\"panel-w65bbc00eec505-0-1-0\" class=\"so-panel widget widget_sow-editor panel-first-child\" data-index=\"0\" ><div\n\t\t\t\n\t\t\tclass=\"so-widget-sow-editor so-widget-sow-editor-base\"\n\t\t\t\n\t\t>\n<div class=\"siteorigin-widget-tinymce textwidget\">\n\t<h1>Profils et pi\u00e8ces d\u00e9tach\u00e9es<\/h1>\n<p><span style=\"font-size: 18px\">Nous disposons de diff\u00e9rents profils test\u00e9s ainsi que des pi\u00e8ces d\u00e9tach\u00e9es pour les ranchers et le syst\u00e8me Armaton permettant une carrosserie \u00e9l\u00e9gante et fiable. Toutes les pi\u00e8ces sont fabriqu\u00e9es en aluminium anodis\u00e9 ce qui garanti une l\u00e9g\u00e8ret\u00e9 et un produit sans entretien.\u00a0<\/span><\/p>\n<\/div>\n<\/div><\/div><div id=\"panel-w65bbc00eec505-0-1-1\" class=\"so-panel widget widget_sow-button panel-last-child\" data-index=\"1\" ><div\n\t\t\t\n\t\t\tclass=\"so-widget-sow-button so-widget-sow-button-flat-e8894c0f4b1a\"\n\t\t\t\n\t\t><div class=\"ow-button-base ow-button-align-left\">\n\t<a\n\thref=\"https:\/\/forankra.bynder.com\/m\/1077fc33d13a39a1\/original\/510810019_Armaton_Profiles_Attachments_ENG.pdf\"\n\t\tclass=\"ow-icon-placement-left ow-button-hover\" target=\"_blank\" rel=\"noopener noreferrer\" \t>\n\t\t<span>\n\t\t\t\n\t\t\tEn savoir plus &gt;\t\t<\/span>\n\t<\/a>\n<\/div>\n<\/div><\/div><\/div><div id=\"pgc-w65bbc00eec505-0-2\"  class=\"panel-grid-cell panel-grid-cell-empty\" ><\/div><\/div><\/div><\/div><\/div><\/div><\/div><\/div><\/div>","protected":false},"excerpt":{"rendered":"<p>Profils et pi\u00e8ces d\u00e9tach\u00e9es Nous disposons de diff\u00e9rents profils test\u00e9s ainsi que des pi\u00e8ces d\u00e9tach\u00e9es pour les ranchers et le syst\u00e8me Armaton permettant une carrosserie \u00e9l\u00e9gante et fiable. Toutes les pi\u00e8ces sont fabriqu\u00e9es en aluminium anodis\u00e9 ce qui garanti une l\u00e9g\u00e8ret\u00e9 et un produit sans entretien.\u00a0 En savoir plus &gt;<\/p>\n","protected":false},"author":2,"featured_media":0,"parent":0,"menu_order":0,"comment_status":"closed","ping_status":"closed","template":"","meta":{"footnotes":""},"class_list":["post-4544","page","type-page","status-publish","hentry"],"yoast_head":"<!-- This site is optimized with the Yoast SEO plugin v20.4 - https:\/\/yoast.com\/wordpress\/plugins\/seo\/ -->\n<title>Profils et pi\u00e8ces d\u00e9tach\u00e9es - Armaton<\/title>\n<meta name=\"description\" content=\"Nous disposons de diff\u00e9rents profils test\u00e9s ainsi que des pi\u00e8ces d\u00e9tach\u00e9es pour les ranchers et le syst\u00e8me Armaton permettant une carrosserie \u00e9l\u00e9gante et fiable. Toutes les pi\u00e8ces sont fabriqu\u00e9es en aluminium anodis\u00e9 ce qui garanti une l\u00e9g\u00e8ret\u00e9 et un produit sans entretien.\" \/>\n<meta name=\"robots\" content=\"index, follow, max-snippet:-1, max-image-preview:large, max-video-preview:-1\" \/>\n<link rel=\"canonical\" href=\"https:\/\/www.armaton.com\/fr\/profils\/\" \/>\n<meta property=\"og:locale\" content=\"fr_FR\" \/>\n<meta property=\"og:type\" content=\"article\" \/>\n<meta property=\"og:title\" content=\"Profils et pi\u00e8ces d\u00e9tach\u00e9es - Armaton\" \/>\n<meta property=\"og:description\" content=\"Nous disposons de diff\u00e9rents profils test\u00e9s ainsi que des pi\u00e8ces d\u00e9tach\u00e9es pour les ranchers et le syst\u00e8me Armaton permettant une carrosserie \u00e9l\u00e9gante et fiable. Toutes les pi\u00e8ces sont fabriqu\u00e9es en aluminium anodis\u00e9 ce qui garanti une l\u00e9g\u00e8ret\u00e9 et un produit sans entretien.\" \/>\n<meta property=\"og:url\" content=\"https:\/\/www.armaton.com\/fr\/profils\/\" \/>\n<meta property=\"og:site_name\" content=\"Armaton\" \/>\n<meta property=\"article:modified_time\" content=\"2024-02-01T16:00:14+00:00\" \/>\n<meta name=\"twitter:card\" content=\"summary_large_image\" \/>\n<meta name=\"twitter:label1\" content=\"Dur\u00e9e de lecture estim\u00e9e\" \/>\n\t<meta name=\"twitter:data1\" content=\"1 minute\" \/>\n<script type=\"application\/ld+json\" class=\"yoast-schema-graph\">{\"@context\":\"https:\/\/schema.org\",\"@graph\":[{\"@type\":\"WebPage\",\"@id\":\"https:\/\/www.armaton.com\/fr\/profils\/\",\"url\":\"https:\/\/www.armaton.com\/fr\/profils\/\",\"name\":\"Profils et pi\u00e8ces d\u00e9tach\u00e9es - Armaton\",\"isPartOf\":{\"@id\":\"https:\/\/www.armaton.com\/#website\"},\"datePublished\":\"2019-06-03T09:21:43+00:00\",\"dateModified\":\"2024-02-01T16:00:14+00:00\",\"description\":\"Nous disposons de diff\u00e9rents profils test\u00e9s ainsi que des pi\u00e8ces d\u00e9tach\u00e9es pour les ranchers et le syst\u00e8me Armaton permettant une carrosserie \u00e9l\u00e9gante et fiable. Toutes les pi\u00e8ces sont fabriqu\u00e9es en aluminium anodis\u00e9 ce qui garanti une l\u00e9g\u00e8ret\u00e9 et un produit sans entretien.\",\"breadcrumb\":{\"@id\":\"https:\/\/www.armaton.com\/fr\/profils\/#breadcrumb\"},\"inLanguage\":\"fr-FR\",\"potentialAction\":[{\"@type\":\"ReadAction\",\"target\":[\"https:\/\/www.armaton.com\/fr\/profils\/\"]}]},{\"@type\":\"BreadcrumbList\",\"@id\":\"https:\/\/www.armaton.com\/fr\/profils\/#breadcrumb\",\"itemListElement\":[{\"@type\":\"ListItem\",\"position\":1,\"name\":\"Home\",\"item\":\"https:\/\/www.armaton.com\/fr\/\"},{\"@type\":\"ListItem\",\"position\":2,\"name\":\"Profils et pi\u00e8ces d\u00e9tach\u00e9es\"}]},{\"@type\":\"WebSite\",\"@id\":\"https:\/\/www.armaton.com\/#website\",\"url\":\"https:\/\/www.armaton.com\/\",\"name\":\"Armaton\",\"description\":\"Armaton Solutions \u2013 Desire To Improve\",\"potentialAction\":[{\"@type\":\"SearchAction\",\"target\":{\"@type\":\"EntryPoint\",\"urlTemplate\":\"https:\/\/www.armaton.com\/?s={search_term_string}\"},\"query-input\":\"required name=search_term_string\"}],\"inLanguage\":\"fr-FR\"}]}<\/script>\n<!-- \/ Yoast SEO plugin. -->","yoast_head_json":{"title":"Profils et pi\u00e8ces d\u00e9tach\u00e9es - Armaton","description":"Nous disposons de diff\u00e9rents profils test\u00e9s ainsi que des pi\u00e8ces d\u00e9tach\u00e9es pour les ranchers et le syst\u00e8me Armaton permettant une carrosserie \u00e9l\u00e9gante et fiable. Toutes les pi\u00e8ces sont fabriqu\u00e9es en aluminium anodis\u00e9 ce qui garanti une l\u00e9g\u00e8ret\u00e9 et un produit sans entretien.","robots":{"index":"index","follow":"follow","max-snippet":"max-snippet:-1","max-image-preview":"max-image-preview:large","max-video-preview":"max-video-preview:-1"},"canonical":"https:\/\/www.armaton.com\/fr\/profils\/","og_locale":"fr_FR","og_type":"article","og_title":"Profils et pi\u00e8ces d\u00e9tach\u00e9es - Armaton","og_description":"Nous disposons de diff\u00e9rents profils test\u00e9s ainsi que des pi\u00e8ces d\u00e9tach\u00e9es pour les ranchers et le syst\u00e8me Armaton permettant une carrosserie \u00e9l\u00e9gante et fiable. Toutes les pi\u00e8ces sont fabriqu\u00e9es en aluminium anodis\u00e9 ce qui garanti une l\u00e9g\u00e8ret\u00e9 et un produit sans entretien.","og_url":"https:\/\/www.armaton.com\/fr\/profils\/","og_site_name":"Armaton","article_modified_time":"2024-02-01T16:00:14+00:00","twitter_card":"summary_large_image","twitter_misc":{"Dur\u00e9e de lecture estim\u00e9e":"1 minute"},"schema":{"@context":"https:\/\/schema.org","@graph":[{"@type":"WebPage","@id":"https:\/\/www.armaton.com\/fr\/profils\/","url":"https:\/\/www.armaton.com\/fr\/profils\/","name":"Profils et pi\u00e8ces d\u00e9tach\u00e9es - Armaton","isPartOf":{"@id":"https:\/\/www.armaton.com\/#website"},"datePublished":"2019-06-03T09:21:43+00:00","dateModified":"2024-02-01T16:00:14+00:00","description":"Nous disposons de diff\u00e9rents profils test\u00e9s ainsi que des pi\u00e8ces d\u00e9tach\u00e9es pour les ranchers et le syst\u00e8me Armaton permettant une carrosserie \u00e9l\u00e9gante et fiable. Toutes les pi\u00e8ces sont fabriqu\u00e9es en aluminium anodis\u00e9 ce qui garanti une l\u00e9g\u00e8ret\u00e9 et un produit sans entretien.","breadcrumb":{"@id":"https:\/\/www.armaton.com\/fr\/profils\/#breadcrumb"},"inLanguage":"fr-FR","potentialAction":[{"@type":"ReadAction","target":["https:\/\/www.armaton.com\/fr\/profils\/"]}]},{"@type":"BreadcrumbList","@id":"https:\/\/www.armaton.com\/fr\/profils\/#breadcrumb","itemListElement":[{"@type":"ListItem","position":1,"name":"Home","item":"https:\/\/www.armaton.com\/fr\/"},{"@type":"ListItem","position":2,"name":"Profils et pi\u00e8ces d\u00e9tach\u00e9es"}]},{"@type":"WebSite","@id":"https:\/\/www.armaton.com\/#website","url":"https:\/\/www.armaton.com\/","name":"Armaton","description":"Armaton Solutions \u2013 Desire To Improve","potentialAction":[{"@type":"SearchAction","target":{"@type":"EntryPoint","urlTemplate":"https:\/\/www.armaton.com\/?s={search_term_string}"},"query-input":"required name=search_term_string"}],"inLanguage":"fr-FR"}]}},"_links":{"self":[{"href":"https:\/\/www.armaton.com\/fr\/wp-json\/wp\/v2\/pages\/4544","targetHints":{"allow":["GET"]}}],"collection":[{"href":"https:\/\/www.armaton.com\/fr\/wp-json\/wp\/v2\/pages"}],"about":[{"href":"https:\/\/www.armaton.com\/fr\/wp-json\/wp\/v2\/types\/page"}],"author":[{"embeddable":true,"href":"https:\/\/www.armaton.com\/fr\/wp-json\/wp\/v2\/users\/2"}],"replies":[{"embeddable":true,"href":"https:\/\/www.armaton.com\/fr\/wp-json\/wp\/v2\/comments?post=4544"}],"version-history":[{"count":11,"href":"https:\/\/www.armaton.com\/fr\/wp-json\/wp\/v2\/pages\/4544\/revisions"}],"predecessor-version":[{"id":13534,"href":"https:\/\/www.armaton.com\/fr\/wp-json\/wp\/v2\/pages\/4544\/revisions\/13534"}],"wp:attachment":[{"href":"https:\/\/www.armaton.com\/fr\/wp-json\/wp\/v2\/media?parent=4544"}],"curies":[{"name":"wp","href":"https:\/\/api.w.org\/{rel}","templated":true}]}}