{"id":4549,"date":"2019-04-29T09:45:11","date_gmt":"2019-04-29T09:45:11","guid":{"rendered":"https:\/\/www.armaton.com\/armaton-4000xf-spare-parts\/"},"modified":"2024-01-16T09:10:57","modified_gmt":"2024-01-16T09:10:57","slug":"armaton-4000xf-pieces-detachees","status":"publish","type":"page","link":"https:\/\/www.armaton.com\/fr\/armaton-4000xf-pieces-detachees\/","title":{"rendered":"Armaton 4000XF &#8211; Pi\u00e8ces d\u00e9tach\u00e9es"},"content":{"rendered":"<div id=\"pl-4549\"  class=\"panel-layout\" ><div id=\"pg-4549-0\"  class=\"panel-grid panel-has-style\" ><div class=\"siteorigin-panels-stretch panel-row-style panel-row-style-for-4549-0\" data-stretch-type=\"full-stretched\" ><div id=\"pgc-4549-0-0\"  class=\"panel-grid-cell\" ><div id=\"panel-4549-0-0-0\" class=\"so-panel widget widget_siteorigin-panels-builder panel-first-child panel-last-child\" data-index=\"0\" ><div class=\"panel-widget-style panel-widget-style-for-4549-0-0-0\" ><div id=\"pl-w6017eee4bcbb4\"  class=\"panel-layout\" ><div id=\"pg-w6017eee4bcbb4-0\"  class=\"panel-grid panel-no-style\" ><div id=\"pgc-w6017eee4bcbb4-0-0\"  class=\"panel-grid-cell panel-grid-cell-empty\" ><\/div><div id=\"pgc-w6017eee4bcbb4-0-1\"  class=\"panel-grid-cell panel-grid-cell-mobile-last\" ><div id=\"panel-w6017eee4bcbb4-0-1-0\" class=\"so-panel widget widget_sow-editor panel-first-child panel-last-child\" data-index=\"0\" ><div\n\t\t\t\n\t\t\tclass=\"so-widget-sow-editor so-widget-sow-editor-base\"\n\t\t\t\n\t\t>\n<div class=\"siteorigin-widget-tinymce textwidget\">\n\t<p>&nbsp;<\/p>\n<h2>Pi\u00e8ces d\u00e9tach\u00e9es \u2013 Armaton 4000XF<\/h2>\n<p>&nbsp;<\/p>\n<table style=\"border-style: hidden; width: 94.88%; height: 182px; border-collapse: collapse;\">\n<tbody>\n<tr style=\"height: 44px;\">\n<td style=\"width: 25.94%; height: 44px; text-align: center;\" width=\"147\"><span style=\"font-size: 18px;\"><strong>Position<\/strong><\/span><\/td>\n<td style=\"width: 25.54%; height: 44px; text-align: center;\" width=\"118\"><span style=\"font-size: 18px;\"><strong>R\u00e9f\u00e9rence<\/strong><\/span><\/td>\n<td style=\"width: 55.37%; height: 44px; text-align: center;\" width=\"114\"><span style=\"font-size: 18px;\"><strong>Caract\u00e9ristiques<\/strong><\/span><\/td>\n<\/tr>\n<tr style=\"height: 23px;\">\n<td style=\"width: 25.94%; height: 23px; text-align: center;\" align=\"right\" width=\"64\" height=\"20\"><span style=\"color: #000000; font-family: Calibri; font-size: 18px;\">1<\/span><\/td>\n<td style=\"width: 25.54%; height: 23px; text-align: center;\" width=\"137\"><span style=\"font-size: 18px;\">510410001<\/span><\/td>\n<td style=\"width: 55.37%; height: 23px; text-align: center;\" width=\"189\"><span style=\"font-size: 18px;\">Kit poign\u00e9e *<\/span><\/td>\n<\/tr>\n<tr style=\"height: 23px;\">\n<td style=\"width: 25.94%; height: 23px; text-align: center;\" align=\"right\" height=\"20\"><span style=\"color: #000000; font-family: Calibri; font-size: 18px;\">2<\/span><\/td>\n<td style=\"width: 25.54%; height: 23px; text-align: center;\"><span style=\"font-size: 18px;\">510210014<\/span><\/td>\n<td style=\"width: 55.37%; height: 23px; text-align: center;\"><span style=\"font-size: 18px;\">G\u00e2che<\/span><\/td>\n<\/tr>\n<tr style=\"height: 23px;\">\n<td style=\"width: 25.94%; height: 23px; text-align: center;\" align=\"right\" height=\"20\"><span style=\"color: #000000; font-family: Calibri; font-size: 18px;\">3<\/span><\/td>\n<td style=\"width: 25.54%; height: 23px; text-align: center;\"><span style=\"font-size: 18px;\">510210007<\/span><\/td>\n<td style=\"width: 55.37%; height: 23px; text-align: center;\"><span style=\"font-size: 18px;\">Bouchon rancher arri\u00e8re<\/span><\/td>\n<\/tr>\n<tr style=\"height: 23px;\">\n<td style=\"width: 25.94%; height: 23px; text-align: center;\" align=\"right\" height=\"20\"><span style=\"color: #000000; font-family: Calibri; font-size: 18px;\">4<\/span><\/td>\n<td style=\"width: 25.54%; height: 23px; text-align: center;\"><span style=\"font-size: 18px;\">510210005<\/span><\/td>\n<td style=\"width: 55.37%; height: 23px; text-align: center;\"><span style=\"font-size: 18px;\">Bouchon rancher avant droit<\/span><\/td>\n<\/tr>\n<tr style=\"height: 23px;\">\n<td style=\"width: 25.94%; height: 23px; text-align: center;\" align=\"right\" height=\"20\"><span style=\"color: #000000; font-family: Calibri; font-size: 18px;\">5<\/span><\/td>\n<td style=\"width: 25.54%; height: 23px; text-align: center;\"><span style=\"font-size: 18px;\">510210004<\/span><\/td>\n<td style=\"width: 55.37%; height: 23px; text-align: center;\"><span style=\"font-size: 18px;\">Bouchon rancher avant gauche<\/span><\/td>\n<\/tr>\n<tr style=\"height: 23px;\">\n<td style=\"width: 25.94%; height: 23px; text-align: center;\" align=\"right\" height=\"20\"><span style=\"color: #000000; font-family: Calibri; font-size: 18px;\">6<\/span><\/td>\n<td style=\"width: 25.54%; height: 23px; text-align: center;\"><span style=\"font-size: 18px;\">510210006<\/span><\/td>\n<td style=\"width: 55.37%; height: 23px; text-align: center;\"><span style=\"font-size: 18px;\">Bouchon rancher central<\/span><\/td>\n<\/tr>\n<\/tbody>\n<\/table>\n<p>&nbsp;<\/p>\n<p>*Le kit poign\u00e9e comprend la poign\u00e9e ainsi que l\u2019outil pour retirer la poign\u00e9e d\u00e9fectueuse.<\/p>\n<\/div>\n<\/div><\/div><\/div><div id=\"pgc-w6017eee4bcbb4-0-2\"  class=\"panel-grid-cell panel-grid-cell-empty\" ><\/div><\/div><\/div><\/div><\/div><\/div><div id=\"pgc-4549-0-1\"  class=\"panel-grid-cell panel-grid-cell-mobile-last\" ><div id=\"panel-4549-0-1-0\" class=\"so-panel widget widget_sow-image panel-first-child panel-last-child\" data-index=\"1\" ><div\n\t\t\t\n\t\t\tclass=\"so-widget-sow-image so-widget-sow-image-default-dbf295114b96-4549\"\n\t\t\t\n\t\t>\n\n<div class=\"sow-image-container\">\n\t\t<img decoding=\"async\" src=\"https:\/\/www.armaton.com\/wp-content\/uploads\/sites\/14\/2019\/06\/Armaton_Spare_parts_4000XF1282x1010-768x605.png\" width=\"768\" height=\"605\" srcset=\"https:\/\/www.armaton.com\/wp-content\/uploads\/sites\/14\/2019\/06\/Armaton_Spare_parts_4000XF1282x1010-768x605.png 768w, https:\/\/www.armaton.com\/wp-content\/uploads\/sites\/14\/2019\/06\/Armaton_Spare_parts_4000XF1282x1010-300x236.png 300w, https:\/\/www.armaton.com\/wp-content\/uploads\/sites\/14\/2019\/06\/Armaton_Spare_parts_4000XF1282x1010-1024x806.png 1024w, https:\/\/www.armaton.com\/wp-content\/uploads\/sites\/14\/2019\/06\/Armaton_Spare_parts_4000XF1282x1010-600x473.png 600w, https:\/\/www.armaton.com\/wp-content\/uploads\/sites\/14\/2019\/06\/Armaton_Spare_parts_4000XF1282x1010.png 1713w\" sizes=\"auto, (max-width: 768px) 100vw, 768px\" title=\"Armaton_Spare_parts_4000XF,1282&#215;1010\" alt=\"\" loading=\"lazy\" \t\tclass=\"so-widget-image\"\/>\n\t<\/div>\n\n<\/div><\/div><\/div><div id=\"pgc-4549-0-2\"  class=\"panel-grid-cell panel-grid-cell-empty\" ><\/div><\/div><\/div><div id=\"pg-4549-1\"  class=\"panel-grid panel-has-style\" ><div class=\"siteorigin-panels-stretch panel-row-style panel-row-style-for-4549-1\" data-stretch-type=\"full-stretched\" ><div id=\"pgc-4549-1-0\"  class=\"panel-grid-cell\" ><div id=\"panel-4549-1-0-0\" class=\"so-panel widget widget_siteorigin-panels-builder panel-first-child panel-last-child\" data-index=\"2\" ><div class=\"panel-widget-style panel-widget-style-for-4549-1-0-0\" ><div id=\"pl-w602a5dce8bbfe\"  class=\"panel-layout\" ><div id=\"pg-w602a5dce8bbfe-0\"  class=\"panel-grid panel-no-style\" ><div id=\"pgc-w602a5dce8bbfe-0-0\"  class=\"panel-grid-cell panel-grid-cell-empty\" ><\/div><div id=\"pgc-w602a5dce8bbfe-0-1\"  class=\"panel-grid-cell panel-grid-cell-mobile-last\" ><div id=\"panel-w602a5dce8bbfe-0-1-0\" class=\"so-panel widget widget_sow-editor panel-first-child panel-last-child\" data-index=\"0\" ><div\n\t\t\t\n\t\t\tclass=\"so-widget-sow-editor so-widget-sow-editor-base\"\n\t\t\t\n\t\t>\n<div class=\"siteorigin-widget-tinymce textwidget\">\n\t<p>&nbsp;<\/p>\n<h2>Pi\u00e8ces d\u00e9tach\u00e9es \u2013 Armaton rancher bennes 4000XF<\/h2>\n<p>&nbsp;<\/p>\n<table style=\"border-style: hidden; width: 94.88%; height: 182px; border-collapse: collapse;\">\n<tbody>\n<tr style=\"height: 44px;\">\n<td style=\"width: 25.94%; height: 44px; text-align: center;\" width=\"147\"><span style=\"font-size: 18px;\"><strong>Position<\/strong><\/span><\/td>\n<td style=\"width: 25.54%; height: 44px; text-align: center;\" width=\"118\"><span style=\"font-size: 18px;\"><strong>R\u00e9f\u00e9rence<\/strong><\/span><\/td>\n<td style=\"width: 55.37%; height: 44px; text-align: center;\" width=\"114\"><span style=\"font-size: 18px;\"><strong>Caract\u00e9ristiques<\/strong><\/span><\/td>\n<\/tr>\n<tr style=\"height: 23px;\">\n<td style=\"width: 25.94%; height: 23px; text-align: center;\" align=\"right\" width=\"64\" height=\"20\"><span style=\"color: #000000; font-family: Calibri; font-size: 18px;\">1<\/span><\/td>\n<td style=\"width: 25.54%; height: 23px; text-align: center;\" width=\"137\"><span style=\"font-size: 18px;\">510410002<\/span><\/td>\n<td style=\"width: 55.37%; height: 23px; text-align: center;\" width=\"189\"><span style=\"font-size: 18px;\">Bouchon rancher droit\/gauche<\/span><\/td>\n<\/tr>\n<tr style=\"height: 23px;\">\n<td style=\"width: 25.94%; height: 23px; text-align: center;\" align=\"right\" height=\"20\"><span style=\"color: #000000; font-family: Calibri; font-size: 18px;\">2<\/span><\/td>\n<td style=\"width: 25.54%; height: 23px; text-align: center;\"><span style=\"font-size: 18px;\">510210009<\/span><\/td>\n<td style=\"width: 55.37%; height: 23px; text-align: center;\"><span style=\"font-size: 18px;\">Kit poign\u00e9e*<\/span><\/td>\n<\/tr>\n<tr style=\"height: 23px;\">\n<td style=\"width: 25.94%; height: 23px; text-align: center;\" align=\"right\" height=\"20\"><span style=\"color: #000000; font-family: Calibri; font-size: 18px;\">3<\/span><\/td>\n<td style=\"width: 25.54%; height: 23px; text-align: center;\"><span style=\"font-size: 18px;\">510410001<\/span><\/td>\n<td style=\"width: 55.37%; height: 23px; text-align: center;\"><span style=\"font-size: 18px;\">Kit poign\u00e9e*<\/span><\/td>\n<\/tr>\n<tr style=\"height: 23px;\">\n<td style=\"width: 25.94%; height: 23px; text-align: center;\" align=\"right\" height=\"20\"><span style=\"color: #000000; font-family: Calibri; font-size: 18px;\">4<\/span><\/td>\n<td style=\"width: 25.54%; height: 23px; text-align: center;\"><span style=\"font-size: 18px;\">510210014<\/span><\/td>\n<td style=\"width: 55.37%; height: 23px; text-align: center;\"><span style=\"font-size: 18px;\">G\u00e2che<\/span><\/td>\n<\/tr>\n<tr style=\"height: 23px;\">\n<td style=\"width: 25.94%; height: 23px; text-align: center;\" align=\"right\" height=\"20\"><span style=\"color: #000000; font-family: Calibri; font-size: 18px;\">5<\/span><\/td>\n<td style=\"width: 25.54%; height: 23px; text-align: center;\"><span style=\"font-size: 18px;\">510310033<\/span><\/td>\n<td style=\"width: 55.37%; height: 23px; text-align: center;\"><span style=\"font-size: 18px;\">Console basculante\u00a0<\/span><\/td>\n<\/tr>\n<\/tbody>\n<\/table>\n<p>&nbsp;<\/p>\n<p>*Le kit poign\u00e9e comprend la poign\u00e9e ainsi que l\u2019outil pour retirer la poign\u00e9e d\u00e9fectueuse.<\/p>\n<p>&nbsp;<\/p>\n<p>&nbsp;<\/p>\n<\/div>\n<\/div><\/div><\/div><div id=\"pgc-w602a5dce8bbfe-0-2\"  class=\"panel-grid-cell panel-grid-cell-empty\" ><\/div><\/div><\/div><\/div><\/div><\/div><div id=\"pgc-4549-1-1\"  class=\"panel-grid-cell panel-grid-cell-mobile-last\" ><div id=\"panel-4549-1-1-0\" class=\"so-panel widget widget_sow-image panel-first-child panel-last-child\" data-index=\"3\" ><div\n\t\t\t\n\t\t\tclass=\"so-widget-sow-image so-widget-sow-image-default-dbf295114b96-4549\"\n\t\t\t\n\t\t>\n\n<div class=\"sow-image-container\">\n\t\t<img decoding=\"async\" src=\"https:\/\/www.armaton.com\/wp-content\/uploads\/sites\/14\/2021\/02\/Armaton_Spare_Parts_Tippillar1282x1010-768x605.jpg\" width=\"768\" height=\"605\" srcset=\"https:\/\/www.armaton.com\/wp-content\/uploads\/sites\/14\/2021\/02\/Armaton_Spare_Parts_Tippillar1282x1010-768x605.jpg 768w, https:\/\/www.armaton.com\/wp-content\/uploads\/sites\/14\/2021\/02\/Armaton_Spare_Parts_Tippillar1282x1010-300x236.jpg 300w, https:\/\/www.armaton.com\/wp-content\/uploads\/sites\/14\/2021\/02\/Armaton_Spare_Parts_Tippillar1282x1010-1024x807.jpg 1024w, https:\/\/www.armaton.com\/wp-content\/uploads\/sites\/14\/2021\/02\/Armaton_Spare_Parts_Tippillar1282x1010-600x473.jpg 600w, https:\/\/www.armaton.com\/wp-content\/uploads\/sites\/14\/2021\/02\/Armaton_Spare_Parts_Tippillar1282x1010.jpg 1559w\" sizes=\"auto, (max-width: 768px) 100vw, 768px\" title=\"Armaton_Spare_Parts_Tippillar,1282&#215;1010\" alt=\"\" loading=\"lazy\" \t\tclass=\"so-widget-image\"\/>\n\t<\/div>\n\n<\/div><\/div><\/div><div id=\"pgc-4549-1-2\"  class=\"panel-grid-cell panel-grid-cell-empty\" ><\/div><\/div><\/div><\/div>","protected":false},"excerpt":{"rendered":"<p>&nbsp; Pi\u00e8ces d\u00e9tach\u00e9es \u2013 Armaton 4000XF &nbsp; Position R\u00e9f\u00e9rence Caract\u00e9ristiques 1 510410001 Kit poign\u00e9e * 2 510210014 G\u00e2che 3 510210007 Bouchon rancher arri\u00e8re 4 510210005 Bouchon rancher avant droit 5 510210004 Bouchon rancher avant gauche 6 510210006 Bouchon rancher central &nbsp; *Le kit poign\u00e9e comprend la poign\u00e9e ainsi que l\u2019outil pour retirer la poign\u00e9e d\u00e9fectueuse. [&hellip;]<\/p>\n","protected":false},"author":2,"featured_media":0,"parent":0,"menu_order":0,"comment_status":"closed","ping_status":"closed","template":"","meta":{"footnotes":""},"class_list":["post-4549","page","type-page","status-publish","hentry"],"yoast_head":"<!-- This site is optimized with the Yoast SEO plugin v20.4 - https:\/\/yoast.com\/wordpress\/plugins\/seo\/ -->\n<title>Armaton 4000XF - Pi\u00e8ces d\u00e9tach\u00e9es - Armaton<\/title>\n<meta name=\"description\" content=\"Il existe nombreux pi\u00e8ces d\u00e9tach\u00e9es diff\u00e9rents disponibles pour Armaton 4000XF. D\u00e9couvrez ce qui est disponible ici.\" \/>\n<meta name=\"robots\" content=\"index, follow, max-snippet:-1, max-image-preview:large, max-video-preview:-1\" \/>\n<link rel=\"canonical\" href=\"https:\/\/www.armaton.com\/fr\/armaton-4000xf-pieces-detachees\/\" \/>\n<meta property=\"og:locale\" content=\"fr_FR\" \/>\n<meta property=\"og:type\" content=\"article\" \/>\n<meta property=\"og:title\" content=\"Armaton 4000XF - Pi\u00e8ces d\u00e9tach\u00e9es - Armaton\" \/>\n<meta property=\"og:description\" content=\"Il existe nombreux pi\u00e8ces d\u00e9tach\u00e9es diff\u00e9rents disponibles pour Armaton 4000XF. D\u00e9couvrez ce qui est disponible ici.\" \/>\n<meta property=\"og:url\" content=\"https:\/\/www.armaton.com\/fr\/armaton-4000xf-pieces-detachees\/\" \/>\n<meta property=\"og:site_name\" content=\"Armaton\" \/>\n<meta property=\"article:modified_time\" content=\"2024-01-16T09:10:57+00:00\" \/>\n<meta name=\"twitter:card\" content=\"summary_large_image\" \/>\n<meta name=\"twitter:label1\" content=\"Dur\u00e9e de lecture estim\u00e9e\" \/>\n\t<meta name=\"twitter:data1\" content=\"1 minute\" \/>\n<script type=\"application\/ld+json\" class=\"yoast-schema-graph\">{\"@context\":\"https:\/\/schema.org\",\"@graph\":[{\"@type\":\"WebPage\",\"@id\":\"https:\/\/www.armaton.com\/fr\/armaton-4000xf-pieces-detachees\/\",\"url\":\"https:\/\/www.armaton.com\/fr\/armaton-4000xf-pieces-detachees\/\",\"name\":\"Armaton 4000XF - Pi\u00e8ces d\u00e9tach\u00e9es - Armaton\",\"isPartOf\":{\"@id\":\"https:\/\/www.armaton.com\/#website\"},\"datePublished\":\"2019-04-29T09:45:11+00:00\",\"dateModified\":\"2024-01-16T09:10:57+00:00\",\"description\":\"Il existe nombreux pi\u00e8ces d\u00e9tach\u00e9es diff\u00e9rents disponibles pour Armaton 4000XF. D\u00e9couvrez ce qui est disponible ici.\",\"breadcrumb\":{\"@id\":\"https:\/\/www.armaton.com\/fr\/armaton-4000xf-pieces-detachees\/#breadcrumb\"},\"inLanguage\":\"fr-FR\",\"potentialAction\":[{\"@type\":\"ReadAction\",\"target\":[\"https:\/\/www.armaton.com\/fr\/armaton-4000xf-pieces-detachees\/\"]}]},{\"@type\":\"BreadcrumbList\",\"@id\":\"https:\/\/www.armaton.com\/fr\/armaton-4000xf-pieces-detachees\/#breadcrumb\",\"itemListElement\":[{\"@type\":\"ListItem\",\"position\":1,\"name\":\"Home\",\"item\":\"https:\/\/www.armaton.com\/fr\/\"},{\"@type\":\"ListItem\",\"position\":2,\"name\":\"Armaton 4000XF &#8211; Pi\u00e8ces d\u00e9tach\u00e9es\"}]},{\"@type\":\"WebSite\",\"@id\":\"https:\/\/www.armaton.com\/#website\",\"url\":\"https:\/\/www.armaton.com\/\",\"name\":\"Armaton\",\"description\":\"Armaton Solutions \u2013 Desire To Improve\",\"potentialAction\":[{\"@type\":\"SearchAction\",\"target\":{\"@type\":\"EntryPoint\",\"urlTemplate\":\"https:\/\/www.armaton.com\/?s={search_term_string}\"},\"query-input\":\"required name=search_term_string\"}],\"inLanguage\":\"fr-FR\"}]}<\/script>\n<!-- \/ Yoast SEO plugin. -->","yoast_head_json":{"title":"Armaton 4000XF - Pi\u00e8ces d\u00e9tach\u00e9es - Armaton","description":"Il existe nombreux pi\u00e8ces d\u00e9tach\u00e9es diff\u00e9rents disponibles pour Armaton 4000XF. D\u00e9couvrez ce qui est disponible ici.","robots":{"index":"index","follow":"follow","max-snippet":"max-snippet:-1","max-image-preview":"max-image-preview:large","max-video-preview":"max-video-preview:-1"},"canonical":"https:\/\/www.armaton.com\/fr\/armaton-4000xf-pieces-detachees\/","og_locale":"fr_FR","og_type":"article","og_title":"Armaton 4000XF - Pi\u00e8ces d\u00e9tach\u00e9es - Armaton","og_description":"Il existe nombreux pi\u00e8ces d\u00e9tach\u00e9es diff\u00e9rents disponibles pour Armaton 4000XF. D\u00e9couvrez ce qui est disponible ici.","og_url":"https:\/\/www.armaton.com\/fr\/armaton-4000xf-pieces-detachees\/","og_site_name":"Armaton","article_modified_time":"2024-01-16T09:10:57+00:00","twitter_card":"summary_large_image","twitter_misc":{"Dur\u00e9e de lecture estim\u00e9e":"1 minute"},"schema":{"@context":"https:\/\/schema.org","@graph":[{"@type":"WebPage","@id":"https:\/\/www.armaton.com\/fr\/armaton-4000xf-pieces-detachees\/","url":"https:\/\/www.armaton.com\/fr\/armaton-4000xf-pieces-detachees\/","name":"Armaton 4000XF - Pi\u00e8ces d\u00e9tach\u00e9es - Armaton","isPartOf":{"@id":"https:\/\/www.armaton.com\/#website"},"datePublished":"2019-04-29T09:45:11+00:00","dateModified":"2024-01-16T09:10:57+00:00","description":"Il existe nombreux pi\u00e8ces d\u00e9tach\u00e9es diff\u00e9rents disponibles pour Armaton 4000XF. D\u00e9couvrez ce qui est disponible ici.","breadcrumb":{"@id":"https:\/\/www.armaton.com\/fr\/armaton-4000xf-pieces-detachees\/#breadcrumb"},"inLanguage":"fr-FR","potentialAction":[{"@type":"ReadAction","target":["https:\/\/www.armaton.com\/fr\/armaton-4000xf-pieces-detachees\/"]}]},{"@type":"BreadcrumbList","@id":"https:\/\/www.armaton.com\/fr\/armaton-4000xf-pieces-detachees\/#breadcrumb","itemListElement":[{"@type":"ListItem","position":1,"name":"Home","item":"https:\/\/www.armaton.com\/fr\/"},{"@type":"ListItem","position":2,"name":"Armaton 4000XF &#8211; Pi\u00e8ces d\u00e9tach\u00e9es"}]},{"@type":"WebSite","@id":"https:\/\/www.armaton.com\/#website","url":"https:\/\/www.armaton.com\/","name":"Armaton","description":"Armaton Solutions \u2013 Desire To Improve","potentialAction":[{"@type":"SearchAction","target":{"@type":"EntryPoint","urlTemplate":"https:\/\/www.armaton.com\/?s={search_term_string}"},"query-input":"required name=search_term_string"}],"inLanguage":"fr-FR"}]}},"_links":{"self":[{"href":"https:\/\/www.armaton.com\/fr\/wp-json\/wp\/v2\/pages\/4549","targetHints":{"allow":["GET"]}}],"collection":[{"href":"https:\/\/www.armaton.com\/fr\/wp-json\/wp\/v2\/pages"}],"about":[{"href":"https:\/\/www.armaton.com\/fr\/wp-json\/wp\/v2\/types\/page"}],"author":[{"embeddable":true,"href":"https:\/\/www.armaton.com\/fr\/wp-json\/wp\/v2\/users\/2"}],"replies":[{"embeddable":true,"href":"https:\/\/www.armaton.com\/fr\/wp-json\/wp\/v2\/comments?post=4549"}],"version-history":[{"count":23,"href":"https:\/\/www.armaton.com\/fr\/wp-json\/wp\/v2\/pages\/4549\/revisions"}],"predecessor-version":[{"id":13308,"href":"https:\/\/www.armaton.com\/fr\/wp-json\/wp\/v2\/pages\/4549\/revisions\/13308"}],"wp:attachment":[{"href":"https:\/\/www.armaton.com\/fr\/wp-json\/wp\/v2\/media?parent=4549"}],"curies":[{"name":"wp","href":"https:\/\/api.w.org\/{rel}","templated":true}]}}