{"id":4565,"date":"2019-04-23T07:49:06","date_gmt":"2019-04-23T07:49:06","guid":{"rendered":"https:\/\/www.armaton.com\/armaton-3000xf-spare-parts\/"},"modified":"2024-01-16T09:10:33","modified_gmt":"2024-01-16T09:10:33","slug":"armaton-3000xf-pieces-detachees","status":"publish","type":"page","link":"https:\/\/www.armaton.com\/fr\/armaton-3000xf-pieces-detachees\/","title":{"rendered":"Armaton 3000XF &#8211; Pi\u00e8ces d\u00e9tach\u00e9es"},"content":{"rendered":"<div id=\"pl-4565\"  class=\"panel-layout\" ><div id=\"pg-4565-0\"  class=\"panel-grid panel-has-style\" ><div class=\"siteorigin-panels-stretch panel-row-style panel-row-style-for-4565-0\" data-stretch-type=\"full-stretched\" ><div id=\"pgc-4565-0-0\"  class=\"panel-grid-cell\" ><div id=\"panel-4565-0-0-0\" class=\"so-panel widget widget_siteorigin-panels-builder panel-first-child panel-last-child\" data-index=\"0\" ><div class=\"panel-widget-style panel-widget-style-for-4565-0-0-0\" ><div id=\"pl-w5e7cc62dccd18\"  class=\"panel-layout\" ><div id=\"pg-w5e7cc62dccd18-0\"  class=\"panel-grid panel-no-style\" ><div id=\"pgc-w5e7cc62dccd18-0-0\"  class=\"panel-grid-cell panel-grid-cell-empty\" ><\/div><div id=\"pgc-w5e7cc62dccd18-0-1\"  class=\"panel-grid-cell panel-grid-cell-mobile-last\" ><div id=\"panel-w5e7cc62dccd18-0-1-0\" class=\"so-panel widget widget_sow-editor panel-first-child panel-last-child\" data-index=\"0\" ><div class=\"panel-widget-style panel-widget-style-for-w5e7cc62dccd18-0-1-0\" ><div\n\t\t\t\n\t\t\tclass=\"so-widget-sow-editor so-widget-sow-editor-base\"\n\t\t\t\n\t\t>\n<div class=\"siteorigin-widget-tinymce textwidget\">\n\t<p>&nbsp;<\/p>\n<h2><span style=\"font-size: 36px;\">Pi\u00e8ces d\u00e9tach\u00e9es <\/span>\u2013 <span style=\"font-size: 36px;\">Armaton 3000XF<span style=\"margin: 0px; font-family: 'Calibri',sans-serif;\"><span style=\"color: #000000;\">\u00a0<\/span><\/span><\/span><\/h2>\n<p>&nbsp;<\/p>\n<table style=\"border-style: hidden; width: 106.85%; height: 182px; border-collapse: collapse;\">\n<tbody>\n<tr style=\"height: 44px;\">\n<td style=\"width: 19.56%; height: 44px; text-align: center;\" width=\"147\"><span style=\"font-size: 18px;\"><strong>Position<\/strong><\/span><\/td>\n<td style=\"width: 25.76%; height: 44px; text-align: center;\" width=\"118\"><span style=\"font-size: 18px;\"><strong>R\u00e9f\u00e9rence<\/strong><\/span><\/td>\n<td style=\"width: 61.51%; height: 44px; text-align: center;\" width=\"114\"><span style=\"font-size: 18px;\"><strong>Caract\u00e9ristiques<\/strong><\/span><\/td>\n<\/tr>\n<tr style=\"height: 23px;\">\n<td style=\"width: 19.56%; height: 23px; text-align: center;\" align=\"right\" width=\"64\" height=\"20\"><span style=\"color: #000000; font-family: Calibri; font-size: 18px;\">1<\/span><\/td>\n<td style=\"width: 25.76%; text-align: center;\" width=\"303\"><span style=\"font-size: 18px;\">510410001<\/span><\/td>\n<td style=\"width: 61.51%; text-align: center;\" width=\"233\"><span style=\"font-size: 18px;\">Kit poign\u00e9e*, pour embout H 400 mm<\/span><\/td>\n<\/tr>\n<tr style=\"height: 23px;\">\n<td style=\"width: 19.56%; height: 23px; text-align: center;\" align=\"right\" height=\"20\"><span style=\"color: #000000; font-family: Calibri; font-size: 18px;\">2<\/span><\/td>\n<td style=\"width: 25.76%; text-align: center;\"><span style=\"font-size: 18px;\">510210009<\/span><\/td>\n<td style=\"width: 61.51%; text-align: center;\"><span style=\"font-size: 18px;\">Kit poign\u00e9e*, pour embout H 300 et 350 mm<\/span><\/td>\n<\/tr>\n<tr style=\"height: 23px;\">\n<td style=\"width: 19.56%; height: 23px; text-align: center;\" align=\"right\" height=\"20\"><span style=\"color: #000000; font-family: Calibri; font-size: 18px;\">3<\/span><\/td>\n<td style=\"width: 25.76%; text-align: center;\"><span style=\"font-size: 18px;\">510210014<\/span><\/td>\n<td style=\"width: 61.51%; text-align: center;\"><span style=\"font-size: 18px;\">G\u00e2che<\/span><\/td>\n<\/tr>\n<tr style=\"height: 23px;\">\n<td style=\"width: 19.56%; height: 23px; text-align: center;\" align=\"right\" height=\"20\"><span style=\"color: #000000; font-family: Calibri; font-size: 18px;\">4<\/span><\/td>\n<td style=\"width: 25.76%; text-align: center;\"><span style=\"font-size: 18px;\">510210001<\/span><\/td>\n<td style=\"width: 61.51%; text-align: center;\"><span style=\"font-size: 18px;\">Bouchon<\/span><\/td>\n<\/tr>\n<tr style=\"height: 23px;\">\n<td style=\"width: 19.56%; height: 23px; text-align: center;\" align=\"right\" height=\"20\"><span style=\"color: #000000; font-family: Calibri; font-size: 18px;\">5<\/span><\/td>\n<td style=\"width: 25.76%; text-align: center;\"><span style=\"font-size: 18px;\">510210002<\/span><\/td>\n<td style=\"width: 61.51%; text-align: center;\"><span style=\"font-size: 18px;\">Bouchon pour embout gauche avec g\u00e2che<\/span><\/td>\n<\/tr>\n<tr style=\"height: 23px;\">\n<td style=\"width: 19.56%; height: 23px; text-align: center;\" align=\"right\" height=\"20\"><span style=\"color: #000000; font-family: Calibri; font-size: 18px;\">6<\/span><\/td>\n<td style=\"width: 25.76%; text-align: center;\"><span style=\"font-size: 18px;\">510210003<\/span><\/td>\n<td style=\"width: 61.51%; text-align: center;\"><span style=\"font-size: 18px;\">Bouchon pour embout droit avec g\u00e2che<\/span><\/td>\n<\/tr>\n<\/tbody>\n<\/table>\n<p>&nbsp;<\/p>\n<p>*Le kit poign\u00e9e comprend la poign\u00e9e ainsi que l\u2019outil pour retirer la poign\u00e9e d\u00e9fectueuse.<\/p>\n<\/div>\n<\/div><\/div><\/div><\/div><div id=\"pgc-w5e7cc62dccd18-0-2\"  class=\"panel-grid-cell panel-grid-cell-empty\" ><\/div><\/div><\/div><\/div><\/div><\/div><div id=\"pgc-4565-0-1\"  class=\"panel-grid-cell panel-grid-cell-mobile-last\" ><div id=\"panel-4565-0-1-0\" class=\"so-panel widget widget_sow-image panel-first-child panel-last-child\" data-index=\"1\" ><div\n\t\t\t\n\t\t\tclass=\"so-widget-sow-image so-widget-sow-image-default-dbf295114b96-4565\"\n\t\t\t\n\t\t>\n\n<div class=\"sow-image-container\">\n\t\t<img decoding=\"async\" src=\"https:\/\/www.armaton.com\/wp-content\/uploads\/sites\/14\/2019\/06\/Armaton_Spare_parts_3000XF_1282x1010-768x605.png\" width=\"768\" height=\"605\" srcset=\"https:\/\/www.armaton.com\/wp-content\/uploads\/sites\/14\/2019\/06\/Armaton_Spare_parts_3000XF_1282x1010-768x605.png 768w, https:\/\/www.armaton.com\/wp-content\/uploads\/sites\/14\/2019\/06\/Armaton_Spare_parts_3000XF_1282x1010-300x237.png 300w, https:\/\/www.armaton.com\/wp-content\/uploads\/sites\/14\/2019\/06\/Armaton_Spare_parts_3000XF_1282x1010-1024x807.png 1024w, https:\/\/www.armaton.com\/wp-content\/uploads\/sites\/14\/2019\/06\/Armaton_Spare_parts_3000XF_1282x1010-600x473.png 600w, https:\/\/www.armaton.com\/wp-content\/uploads\/sites\/14\/2019\/06\/Armaton_Spare_parts_3000XF_1282x1010.png 1819w\" sizes=\"auto, (max-width: 768px) 100vw, 768px\" alt=\"\" loading=\"lazy\" \t\tclass=\"so-widget-image\"\/>\n\t<\/div>\n\n<\/div><\/div><\/div><div id=\"pgc-4565-0-2\"  class=\"panel-grid-cell panel-grid-cell-empty\" ><\/div><\/div><\/div><\/div>","protected":false},"excerpt":{"rendered":"<p>&nbsp; Pi\u00e8ces d\u00e9tach\u00e9es \u2013 Armaton 3000XF\u00a0 &nbsp; Position R\u00e9f\u00e9rence Caract\u00e9ristiques 1 510410001 Kit poign\u00e9e*, pour embout H 400 mm 2 510210009 Kit poign\u00e9e*, pour embout H 300 et 350 mm 3 510210014 G\u00e2che 4 510210001 Bouchon 5 510210002 Bouchon pour embout gauche avec g\u00e2che 6 510210003 Bouchon pour embout droit avec g\u00e2che &nbsp; *Le kit [&hellip;]<\/p>\n","protected":false},"author":2,"featured_media":0,"parent":0,"menu_order":0,"comment_status":"closed","ping_status":"closed","template":"","meta":{"footnotes":""},"class_list":["post-4565","page","type-page","status-publish","hentry"],"yoast_head":"<!-- This site is optimized with the Yoast SEO plugin v20.4 - https:\/\/yoast.com\/wordpress\/plugins\/seo\/ -->\n<title>Armaton 3000XF - Pi\u00e8ces d\u00e9tach\u00e9es - Armaton<\/title>\n<meta name=\"description\" content=\"Il existe nombreux pi\u00e8ces d\u00e9tach\u00e9es diff\u00e9rents disponibles pour Armaton 3000XF. D\u00e9couvrez ce qui est disponible ici.\" \/>\n<meta name=\"robots\" content=\"index, follow, max-snippet:-1, max-image-preview:large, max-video-preview:-1\" \/>\n<link rel=\"canonical\" href=\"https:\/\/www.armaton.com\/fr\/armaton-3000xf-pieces-detachees\/\" \/>\n<meta property=\"og:locale\" content=\"fr_FR\" \/>\n<meta property=\"og:type\" content=\"article\" \/>\n<meta property=\"og:title\" content=\"Armaton 3000XF - Pi\u00e8ces d\u00e9tach\u00e9es - Armaton\" \/>\n<meta property=\"og:description\" content=\"Il existe nombreux pi\u00e8ces d\u00e9tach\u00e9es diff\u00e9rents disponibles pour Armaton 3000XF. D\u00e9couvrez ce qui est disponible ici.\" \/>\n<meta property=\"og:url\" content=\"https:\/\/www.armaton.com\/fr\/armaton-3000xf-pieces-detachees\/\" \/>\n<meta property=\"og:site_name\" content=\"Armaton\" \/>\n<meta property=\"article:modified_time\" content=\"2024-01-16T09:10:33+00:00\" \/>\n<meta name=\"twitter:card\" content=\"summary_large_image\" \/>\n<meta name=\"twitter:label1\" content=\"Dur\u00e9e de lecture estim\u00e9e\" \/>\n\t<meta name=\"twitter:data1\" content=\"1 minute\" \/>\n<script type=\"application\/ld+json\" class=\"yoast-schema-graph\">{\"@context\":\"https:\/\/schema.org\",\"@graph\":[{\"@type\":\"WebPage\",\"@id\":\"https:\/\/www.armaton.com\/fr\/armaton-3000xf-pieces-detachees\/\",\"url\":\"https:\/\/www.armaton.com\/fr\/armaton-3000xf-pieces-detachees\/\",\"name\":\"Armaton 3000XF - Pi\u00e8ces d\u00e9tach\u00e9es - Armaton\",\"isPartOf\":{\"@id\":\"https:\/\/www.armaton.com\/#website\"},\"datePublished\":\"2019-04-23T07:49:06+00:00\",\"dateModified\":\"2024-01-16T09:10:33+00:00\",\"description\":\"Il existe nombreux pi\u00e8ces d\u00e9tach\u00e9es diff\u00e9rents disponibles pour Armaton 3000XF. D\u00e9couvrez ce qui est disponible ici.\",\"breadcrumb\":{\"@id\":\"https:\/\/www.armaton.com\/fr\/armaton-3000xf-pieces-detachees\/#breadcrumb\"},\"inLanguage\":\"fr-FR\",\"potentialAction\":[{\"@type\":\"ReadAction\",\"target\":[\"https:\/\/www.armaton.com\/fr\/armaton-3000xf-pieces-detachees\/\"]}]},{\"@type\":\"BreadcrumbList\",\"@id\":\"https:\/\/www.armaton.com\/fr\/armaton-3000xf-pieces-detachees\/#breadcrumb\",\"itemListElement\":[{\"@type\":\"ListItem\",\"position\":1,\"name\":\"Home\",\"item\":\"https:\/\/www.armaton.com\/fr\/\"},{\"@type\":\"ListItem\",\"position\":2,\"name\":\"Armaton 3000XF &#8211; Pi\u00e8ces d\u00e9tach\u00e9es\"}]},{\"@type\":\"WebSite\",\"@id\":\"https:\/\/www.armaton.com\/#website\",\"url\":\"https:\/\/www.armaton.com\/\",\"name\":\"Armaton\",\"description\":\"Armaton Solutions \u2013 Desire To Improve\",\"potentialAction\":[{\"@type\":\"SearchAction\",\"target\":{\"@type\":\"EntryPoint\",\"urlTemplate\":\"https:\/\/www.armaton.com\/?s={search_term_string}\"},\"query-input\":\"required name=search_term_string\"}],\"inLanguage\":\"fr-FR\"}]}<\/script>\n<!-- \/ Yoast SEO plugin. -->","yoast_head_json":{"title":"Armaton 3000XF - Pi\u00e8ces d\u00e9tach\u00e9es - Armaton","description":"Il existe nombreux pi\u00e8ces d\u00e9tach\u00e9es diff\u00e9rents disponibles pour Armaton 3000XF. D\u00e9couvrez ce qui est disponible ici.","robots":{"index":"index","follow":"follow","max-snippet":"max-snippet:-1","max-image-preview":"max-image-preview:large","max-video-preview":"max-video-preview:-1"},"canonical":"https:\/\/www.armaton.com\/fr\/armaton-3000xf-pieces-detachees\/","og_locale":"fr_FR","og_type":"article","og_title":"Armaton 3000XF - Pi\u00e8ces d\u00e9tach\u00e9es - Armaton","og_description":"Il existe nombreux pi\u00e8ces d\u00e9tach\u00e9es diff\u00e9rents disponibles pour Armaton 3000XF. D\u00e9couvrez ce qui est disponible ici.","og_url":"https:\/\/www.armaton.com\/fr\/armaton-3000xf-pieces-detachees\/","og_site_name":"Armaton","article_modified_time":"2024-01-16T09:10:33+00:00","twitter_card":"summary_large_image","twitter_misc":{"Dur\u00e9e de lecture estim\u00e9e":"1 minute"},"schema":{"@context":"https:\/\/schema.org","@graph":[{"@type":"WebPage","@id":"https:\/\/www.armaton.com\/fr\/armaton-3000xf-pieces-detachees\/","url":"https:\/\/www.armaton.com\/fr\/armaton-3000xf-pieces-detachees\/","name":"Armaton 3000XF - Pi\u00e8ces d\u00e9tach\u00e9es - Armaton","isPartOf":{"@id":"https:\/\/www.armaton.com\/#website"},"datePublished":"2019-04-23T07:49:06+00:00","dateModified":"2024-01-16T09:10:33+00:00","description":"Il existe nombreux pi\u00e8ces d\u00e9tach\u00e9es diff\u00e9rents disponibles pour Armaton 3000XF. D\u00e9couvrez ce qui est disponible ici.","breadcrumb":{"@id":"https:\/\/www.armaton.com\/fr\/armaton-3000xf-pieces-detachees\/#breadcrumb"},"inLanguage":"fr-FR","potentialAction":[{"@type":"ReadAction","target":["https:\/\/www.armaton.com\/fr\/armaton-3000xf-pieces-detachees\/"]}]},{"@type":"BreadcrumbList","@id":"https:\/\/www.armaton.com\/fr\/armaton-3000xf-pieces-detachees\/#breadcrumb","itemListElement":[{"@type":"ListItem","position":1,"name":"Home","item":"https:\/\/www.armaton.com\/fr\/"},{"@type":"ListItem","position":2,"name":"Armaton 3000XF &#8211; Pi\u00e8ces d\u00e9tach\u00e9es"}]},{"@type":"WebSite","@id":"https:\/\/www.armaton.com\/#website","url":"https:\/\/www.armaton.com\/","name":"Armaton","description":"Armaton Solutions \u2013 Desire To Improve","potentialAction":[{"@type":"SearchAction","target":{"@type":"EntryPoint","urlTemplate":"https:\/\/www.armaton.com\/?s={search_term_string}"},"query-input":"required name=search_term_string"}],"inLanguage":"fr-FR"}]}},"_links":{"self":[{"href":"https:\/\/www.armaton.com\/fr\/wp-json\/wp\/v2\/pages\/4565","targetHints":{"allow":["GET"]}}],"collection":[{"href":"https:\/\/www.armaton.com\/fr\/wp-json\/wp\/v2\/pages"}],"about":[{"href":"https:\/\/www.armaton.com\/fr\/wp-json\/wp\/v2\/types\/page"}],"author":[{"embeddable":true,"href":"https:\/\/www.armaton.com\/fr\/wp-json\/wp\/v2\/users\/2"}],"replies":[{"embeddable":true,"href":"https:\/\/www.armaton.com\/fr\/wp-json\/wp\/v2\/comments?post=4565"}],"version-history":[{"count":16,"href":"https:\/\/www.armaton.com\/fr\/wp-json\/wp\/v2\/pages\/4565\/revisions"}],"predecessor-version":[{"id":13306,"href":"https:\/\/www.armaton.com\/fr\/wp-json\/wp\/v2\/pages\/4565\/revisions\/13306"}],"wp:attachment":[{"href":"https:\/\/www.armaton.com\/fr\/wp-json\/wp\/v2\/media?parent=4565"}],"curies":[{"name":"wp","href":"https:\/\/api.w.org\/{rel}","templated":true}]}}