{"id":4583,"date":"2019-06-18T16:35:39","date_gmt":"2019-06-18T16:35:39","guid":{"rendered":"https:\/\/www.armaton.com\/downloads\/"},"modified":"2025-09-15T09:43:32","modified_gmt":"2025-09-15T09:43:32","slug":"telecharger","status":"publish","type":"page","link":"https:\/\/www.armaton.com\/fr\/telecharger\/","title":{"rendered":"T\u00e9l\u00e9charger"},"content":{"rendered":"<div id=\"pl-4583\"  class=\"panel-layout\" ><div id=\"pg-4583-0\"  class=\"panel-grid panel-has-style\" ><div class=\"siteorigin-panels-stretch panel-row-style panel-row-style-for-4583-0\" data-stretch-type=\"full-stretched\" ><div id=\"pgc-4583-0-0\"  class=\"panel-grid-cell panel-grid-cell-empty\" ><\/div><div id=\"pgc-4583-0-1\"  class=\"panel-grid-cell panel-grid-cell-mobile-last\" ><div id=\"panel-4583-0-1-0\" class=\"so-panel widget widget_siteorigin-panels-builder panel-first-child\" data-index=\"0\" ><div class=\"panel-widget-style panel-widget-style-for-4583-0-1-0\" ><div id=\"pl-w5dcc313e864b1\"  class=\"panel-layout\" ><div id=\"pg-w5dcc313e864b1-0\"  class=\"panel-grid panel-no-style\" ><div id=\"pgc-w5dcc313e864b1-0-0\"  class=\"panel-grid-cell\" ><div id=\"panel-w5dcc313e864b1-0-0-0\" class=\"so-panel widget widget_sow-editor panel-first-child panel-last-child\" data-index=\"0\" ><div\n\t\t\t\n\t\t\tclass=\"so-widget-sow-editor so-widget-sow-editor-base\"\n\t\t\t\n\t\t>\n<div class=\"siteorigin-widget-tinymce textwidget\">\n\t<h1>T\u00e9l\u00e9charger<\/h1>\n<p><span style=\"font-size: 18px;\">T\u00e9l\u00e9chargez les informations produit et les notices d\u2019assemblage.<\/span><\/p>\n<\/div>\n<\/div><\/div><\/div><\/div><\/div><\/div><\/div><div id=\"panel-4583-0-1-1\" class=\"so-panel widget widget_siteorigin-panels-builder panel-last-child\" data-index=\"1\" ><div class=\"panel-widget-style panel-widget-style-for-4583-0-1-1\" ><div id=\"pl-w68c7dfc4ac123\"  class=\"panel-layout\" ><div id=\"pg-w68c7dfc4ac123-0\"  class=\"panel-grid panel-no-style\" ><div id=\"pgc-w68c7dfc4ac123-0-0\"  class=\"panel-grid-cell\" ><div id=\"panel-w68c7dfc4ac123-0-0-0\" class=\"so-panel widget widget_sow-editor panel-first-child panel-last-child\" data-index=\"0\" ><div\n\t\t\t\n\t\t\tclass=\"so-widget-sow-editor so-widget-sow-editor-base\"\n\t\t\t\n\t\t>\n<div class=\"siteorigin-widget-tinymce textwidget\">\n\t<h3><strong>Information produit<\/strong><\/h3>\n<ul>\n<li><span style=\"font-size: 18px\"><a href=\"https:\/\/forankra.bynder.com\/m\/5819e92eb873fde6\/original\/510810016_Armaton_4000XF_ENG.pdf\" target=\"_blank\" rel=\"noopener\">Armaton 4000XF<\/a><\/span><\/li>\n<li><span style=\"font-size: 18px\"><a href=\"https:\/\/forankra.bynder.com\/m\/1631b081d096c4cf\/original\/510810014_Armaton_3000XF_ENG.pdf\" target=\"_blank\" rel=\"noopener\">Armaton 3000XF<\/a><\/span><\/li>\n<li><span style=\"font-size: 18px\"><a href=\"https:\/\/forankra.bynder.com\/m\/1077fc33d13a39a1\/original\/510810019_Armaton_Profiles_Attachments_ENG.pdf\" target=\"_blank\" rel=\"noopener\">Profils et pi\u00e8ces d\u00e9tach\u00e9es<\/a><\/span><\/li>\n<li><span style=\"font-size: 18px\"><a href=\"https:\/\/forankra.bynder.com\/m\/54aebb7c4393e5e9\/original\/510810020_Armaton_Spare_Parts_3000_4000XF_ENG.pdf\" target=\"_blank\" rel=\"noopener\">Pi\u00e8ces SAV - Armaton 4000XF and 3000XF<\/a><\/span><\/li>\n<li><a href=\"https:\/\/forankra.bynder.com\/m\/67035c31a9d49b3a\/original\/Armaton-MP-OneStep_FRENCH.pdf\" target=\"_blank\" rel=\"noopener\"><span style=\"font-size: 18px\">Armaton MP OneStep<\/span><\/a><\/li>\n<li><span style=\"font-size: 18px\"><a href=\"https:\/\/forankra.bynder.com\/m\/1f231c72710f8fe0\/original\/Armaton-MP-LongGoods_FRENCH.pdf\" target=\"_blank\" rel=\"noopener\">Armaton MP LongGoods<\/a><\/span><\/li>\n<\/ul>\n<p>&nbsp;<\/p>\n<p>&nbsp;<\/p>\n<\/div>\n<\/div><\/div><\/div><div id=\"pgc-w68c7dfc4ac123-0-1\"  class=\"panel-grid-cell\" ><div id=\"panel-w68c7dfc4ac123-0-1-0\" class=\"so-panel widget widget_sow-editor panel-first-child panel-last-child\" data-index=\"1\" ><div\n\t\t\t\n\t\t\tclass=\"so-widget-sow-editor so-widget-sow-editor-base\"\n\t\t\t\n\t\t>\n<div class=\"siteorigin-widget-tinymce textwidget\">\n\t<h3><strong>Instructions de montage<\/strong><\/h3>\n<ul>\n<li><span style=\"font-size: 18px;\"><a href=\"\/\/forankra.bynder.com\/m\/62f9aebdbd34c412\/original\/510810017_Mount_Instr_4000XF.pdf\" target=\"_blank\" rel=\"noopener\">Armaton 4000XF \u2013 Montage<\/a><\/span><\/li>\n<li><span style=\"font-size: 18px;\"><a href=\"https:\/\/forankra.bynder.com\/m\/4d8bccaf41ce8237\/original\/510810015_Mount_Instr_3000XF.pdf\" target=\"_blank\" rel=\"noopener\">Armaton 3000XF \u2013 Montage<\/a><\/span><\/li>\n<li><span style=\"font-size: 18px;\"><a href=\"https:\/\/forankra.bynder.com\/m\/6b36641494ee4934\/original\/510810018_Mount_Instr_Handle_replacement.pdf\" target=\"_blank\" rel=\"noopener\">Poign\u00e9e de rechange - Armaton 4000XF and 3000XF<\/a><\/span><\/li>\n<li><span style=\"font-size: 18px;\"><a href=\"https:\/\/forankra.bynder.com\/m\/1d3e45619fea19a0\/original\/510810011_Mount_Instr_Modular_Platform.pdf\" target=\"_blank\" rel=\"noopener\">Armaton Modular Platform Kit \u2013 Montage<\/a><\/span><\/li>\n<li><a href=\"https:\/\/forankra.bynder.com\/m\/1d1a2f7d984004ba\/original\/510810026_Mount_Instr_Rear_Dropside_Support.pdf\" target=\"_blank\" rel=\"noopener\"><span style=\"font-size: 18px;\">Support de Ridelle Arri\u00e8re Armaton \u2013 Montage<\/span><\/a><\/li>\n<li><a href=\"https:\/\/forankra.bynder.com\/m\/2f11287444bc3132\/original\/510810030_Mount_Instr_OneStep.pdf\" target=\"_blank\" rel=\"noopener\"><span style=\"font-size: 18px;\">Armaton MP OneStep \u2013 Montage<\/span><\/a><\/li>\n<\/ul>\n<\/div>\n<\/div><\/div><\/div><div id=\"pgc-w68c7dfc4ac123-0-2\"  class=\"panel-grid-cell\" ><div id=\"panel-w68c7dfc4ac123-0-2-0\" class=\"so-panel widget widget_sow-editor panel-first-child panel-last-child\" data-index=\"2\" ><div\n\t\t\t\n\t\t\tclass=\"so-widget-sow-editor so-widget-sow-editor-base\"\n\t\t\t\n\t\t>\n<div class=\"siteorigin-widget-tinymce textwidget\">\n\t<h3 style=\"text-align: left;\"><strong><span lang=\"EN-US\"><strong>Commandez votre plateau ici! <\/strong> <\/span><\/strong><\/h3>\n<p style=\"text-align: left;\"><span style=\"font-size: 18px;\">Si vous souhaitez recevoir une offre de prix ou commander un kit plateau ridelles modulable Armaton, t\u00e9l\u00e9chargez le document ci-dessous et envoyez-le au contact en bas de page. <\/span><\/p>\n<p style=\"text-align: left;\"><a href=\"https:\/\/forankra.bynder.com\/m\/5a1a7fd23b9c811\/original\/Inquiry-and-order-form-Armaton-Modular-Platform-Kit.pdf\" target=\"_blank\" rel=\"noopener\"><span style=\"font-size: 18px;\">Formulaire de commande<\/span><\/a><\/p>\n<p>&nbsp;<\/p>\n<p>&nbsp;<\/p>\n<p>&nbsp;<\/p>\n<p>&nbsp;<\/p>\n<\/div>\n<\/div><\/div><\/div><\/div><\/div><\/div><\/div><\/div><div id=\"pgc-4583-0-2\"  class=\"panel-grid-cell panel-grid-cell-empty\" ><\/div><\/div><\/div><\/div>","protected":false},"excerpt":{"rendered":"<p>T\u00e9l\u00e9charger T\u00e9l\u00e9chargez les informations produit et les notices d\u2019assemblage. Information produit Armaton 4000XF Armaton 3000XF Profils et pi\u00e8ces d\u00e9tach\u00e9es Pi\u00e8ces SAV &#8211; Armaton 4000XF and 3000XF Armaton MP OneStep Armaton MP LongGoods &nbsp; &nbsp; Instructions de montage Armaton 4000XF \u2013 Montage Armaton 3000XF \u2013 Montage Poign\u00e9e de rechange &#8211; Armaton 4000XF and 3000XF Armaton Modular [&hellip;]<\/p>\n","protected":false},"author":2,"featured_media":0,"parent":0,"menu_order":0,"comment_status":"closed","ping_status":"closed","template":"","meta":{"footnotes":""},"class_list":["post-4583","page","type-page","status-publish","hentry"],"yoast_head":"<!-- This site is optimized with the Yoast SEO plugin v20.4 - https:\/\/yoast.com\/wordpress\/plugins\/seo\/ -->\n<title>T\u00e9l\u00e9charger - Armaton<\/title>\n<meta name=\"description\" content=\"T\u00e9l\u00e9chargez les informations produit et les notices d\u2019assemblage ici.\" \/>\n<meta name=\"robots\" content=\"index, follow, max-snippet:-1, max-image-preview:large, max-video-preview:-1\" \/>\n<link rel=\"canonical\" href=\"https:\/\/www.armaton.com\/fr\/telecharger\/\" \/>\n<meta property=\"og:locale\" content=\"fr_FR\" \/>\n<meta property=\"og:type\" content=\"article\" \/>\n<meta property=\"og:title\" content=\"T\u00e9l\u00e9charger - Armaton\" \/>\n<meta property=\"og:description\" content=\"T\u00e9l\u00e9chargez les informations produit et les notices d\u2019assemblage ici.\" \/>\n<meta property=\"og:url\" content=\"https:\/\/www.armaton.com\/fr\/telecharger\/\" \/>\n<meta property=\"og:site_name\" content=\"Armaton\" \/>\n<meta property=\"article:modified_time\" content=\"2025-09-15T09:43:32+00:00\" \/>\n<meta name=\"twitter:card\" content=\"summary_large_image\" \/>\n<meta name=\"twitter:label1\" content=\"Dur\u00e9e de lecture estim\u00e9e\" \/>\n\t<meta name=\"twitter:data1\" content=\"1 minute\" \/>\n<script type=\"application\/ld+json\" class=\"yoast-schema-graph\">{\"@context\":\"https:\/\/schema.org\",\"@graph\":[{\"@type\":\"WebPage\",\"@id\":\"https:\/\/www.armaton.com\/fr\/telecharger\/\",\"url\":\"https:\/\/www.armaton.com\/fr\/telecharger\/\",\"name\":\"T\u00e9l\u00e9charger - Armaton\",\"isPartOf\":{\"@id\":\"https:\/\/www.armaton.com\/#website\"},\"datePublished\":\"2019-06-18T16:35:39+00:00\",\"dateModified\":\"2025-09-15T09:43:32+00:00\",\"description\":\"T\u00e9l\u00e9chargez les informations produit et les notices d\u2019assemblage ici.\",\"breadcrumb\":{\"@id\":\"https:\/\/www.armaton.com\/fr\/telecharger\/#breadcrumb\"},\"inLanguage\":\"fr-FR\",\"potentialAction\":[{\"@type\":\"ReadAction\",\"target\":[\"https:\/\/www.armaton.com\/fr\/telecharger\/\"]}]},{\"@type\":\"BreadcrumbList\",\"@id\":\"https:\/\/www.armaton.com\/fr\/telecharger\/#breadcrumb\",\"itemListElement\":[{\"@type\":\"ListItem\",\"position\":1,\"name\":\"Home\",\"item\":\"https:\/\/www.armaton.com\/fr\/\"},{\"@type\":\"ListItem\",\"position\":2,\"name\":\"T\u00e9l\u00e9charger\"}]},{\"@type\":\"WebSite\",\"@id\":\"https:\/\/www.armaton.com\/#website\",\"url\":\"https:\/\/www.armaton.com\/\",\"name\":\"Armaton\",\"description\":\"Armaton Solutions \u2013 Desire To Improve\",\"potentialAction\":[{\"@type\":\"SearchAction\",\"target\":{\"@type\":\"EntryPoint\",\"urlTemplate\":\"https:\/\/www.armaton.com\/?s={search_term_string}\"},\"query-input\":\"required name=search_term_string\"}],\"inLanguage\":\"fr-FR\"}]}<\/script>\n<!-- \/ Yoast SEO plugin. -->","yoast_head_json":{"title":"T\u00e9l\u00e9charger - Armaton","description":"T\u00e9l\u00e9chargez les informations produit et les notices d\u2019assemblage ici.","robots":{"index":"index","follow":"follow","max-snippet":"max-snippet:-1","max-image-preview":"max-image-preview:large","max-video-preview":"max-video-preview:-1"},"canonical":"https:\/\/www.armaton.com\/fr\/telecharger\/","og_locale":"fr_FR","og_type":"article","og_title":"T\u00e9l\u00e9charger - Armaton","og_description":"T\u00e9l\u00e9chargez les informations produit et les notices d\u2019assemblage ici.","og_url":"https:\/\/www.armaton.com\/fr\/telecharger\/","og_site_name":"Armaton","article_modified_time":"2025-09-15T09:43:32+00:00","twitter_card":"summary_large_image","twitter_misc":{"Dur\u00e9e de lecture estim\u00e9e":"1 minute"},"schema":{"@context":"https:\/\/schema.org","@graph":[{"@type":"WebPage","@id":"https:\/\/www.armaton.com\/fr\/telecharger\/","url":"https:\/\/www.armaton.com\/fr\/telecharger\/","name":"T\u00e9l\u00e9charger - Armaton","isPartOf":{"@id":"https:\/\/www.armaton.com\/#website"},"datePublished":"2019-06-18T16:35:39+00:00","dateModified":"2025-09-15T09:43:32+00:00","description":"T\u00e9l\u00e9chargez les informations produit et les notices d\u2019assemblage ici.","breadcrumb":{"@id":"https:\/\/www.armaton.com\/fr\/telecharger\/#breadcrumb"},"inLanguage":"fr-FR","potentialAction":[{"@type":"ReadAction","target":["https:\/\/www.armaton.com\/fr\/telecharger\/"]}]},{"@type":"BreadcrumbList","@id":"https:\/\/www.armaton.com\/fr\/telecharger\/#breadcrumb","itemListElement":[{"@type":"ListItem","position":1,"name":"Home","item":"https:\/\/www.armaton.com\/fr\/"},{"@type":"ListItem","position":2,"name":"T\u00e9l\u00e9charger"}]},{"@type":"WebSite","@id":"https:\/\/www.armaton.com\/#website","url":"https:\/\/www.armaton.com\/","name":"Armaton","description":"Armaton Solutions \u2013 Desire To Improve","potentialAction":[{"@type":"SearchAction","target":{"@type":"EntryPoint","urlTemplate":"https:\/\/www.armaton.com\/?s={search_term_string}"},"query-input":"required name=search_term_string"}],"inLanguage":"fr-FR"}]}},"_links":{"self":[{"href":"https:\/\/www.armaton.com\/fr\/wp-json\/wp\/v2\/pages\/4583","targetHints":{"allow":["GET"]}}],"collection":[{"href":"https:\/\/www.armaton.com\/fr\/wp-json\/wp\/v2\/pages"}],"about":[{"href":"https:\/\/www.armaton.com\/fr\/wp-json\/wp\/v2\/types\/page"}],"author":[{"embeddable":true,"href":"https:\/\/www.armaton.com\/fr\/wp-json\/wp\/v2\/users\/2"}],"replies":[{"embeddable":true,"href":"https:\/\/www.armaton.com\/fr\/wp-json\/wp\/v2\/comments?post=4583"}],"version-history":[{"count":38,"href":"https:\/\/www.armaton.com\/fr\/wp-json\/wp\/v2\/pages\/4583\/revisions"}],"predecessor-version":[{"id":14040,"href":"https:\/\/www.armaton.com\/fr\/wp-json\/wp\/v2\/pages\/4583\/revisions\/14040"}],"wp:attachment":[{"href":"https:\/\/www.armaton.com\/fr\/wp-json\/wp\/v2\/media?parent=4583"}],"curies":[{"name":"wp","href":"https:\/\/api.w.org\/{rel}","templated":true}]}}