{"id":4588,"date":"2019-04-23T08:07:01","date_gmt":"2019-04-23T08:07:01","guid":{"rendered":"https:\/\/www.armaton.com\/about-us\/"},"modified":"2023-04-25T13:45:45","modified_gmt":"2023-04-25T13:45:45","slug":"a-propos-darmaton","status":"publish","type":"page","link":"https:\/\/www.armaton.com\/fr\/a-propos-darmaton\/","title":{"rendered":"A propos d\u2019Armaton"},"content":{"rendered":"<div id=\"pl-4588\"  class=\"panel-layout\" ><div id=\"pg-4588-0\"  class=\"panel-grid panel-has-style\" ><div class=\"siteorigin-panels-stretch panel-row-style panel-row-style-for-4588-0\" data-stretch-type=\"full-stretched\" ><div id=\"pgc-4588-0-0\"  class=\"panel-grid-cell\" ><div id=\"panel-4588-0-0-0\" class=\"so-panel widget widget_fa-hero-banner-widget panel-first-child panel-last-child\" data-index=\"0\" ><div class=\"panel-widget-style panel-widget-style-for-4588-0-0-0\" ><div\n\t\t\t\n\t\t\tclass=\"so-widget-fa-hero-banner-widget so-widget-fa-hero-banner-widget-default-e6338645a523-4588\"\n\t\t\t\n\t\t><div class=\"forankra-hero-banner\">\n    <img loading=\"lazy\" decoding=\"async\" width=\"2650\" height=\"1100\" src=\"https:\/\/www.armaton.com\/wp-content\/uploads\/sites\/14\/2019\/06\/About_puff_1_b.jpg\" class=\"forankra-hero-banner-image\" alt=\"\" srcset=\"https:\/\/www.armaton.com\/wp-content\/uploads\/sites\/14\/2019\/06\/About_puff_1_b.jpg 2650w, https:\/\/www.armaton.com\/wp-content\/uploads\/sites\/14\/2019\/06\/About_puff_1_b-300x125.jpg 300w, https:\/\/www.armaton.com\/wp-content\/uploads\/sites\/14\/2019\/06\/About_puff_1_b-768x319.jpg 768w, https:\/\/www.armaton.com\/wp-content\/uploads\/sites\/14\/2019\/06\/About_puff_1_b-1024x425.jpg 1024w, https:\/\/www.armaton.com\/wp-content\/uploads\/sites\/14\/2019\/06\/About_puff_1_b-600x249.jpg 600w\" sizes=\"auto, (max-width: 2650px) 100vw, 2650px\" \/>    <section class=\"hero-content\">\n    <div class=\"content\">\n        <h1><span style=\"color: #ffffff\">Determined to improve*<\/span><\/h1>\n<p><span style=\"color: #ffffff;font-size: 21px\">Nous concevons et fabriquons des syst\u00e8mes de qualit\u00e9 pour les v\u00e9hicules utilitaires mais notre objectif n\u2019est pas de d\u00e9velopper que des ranchers et des fermetures. \u201dDetermined to improve*\u201d r\u00e9pond \u00e0 nos valeurs et notre souhait de concevoir des syst\u00e8mes permettant d\u2019optimiser le travail de nos clients ainsi que celui du client final.<\/span><\/p>\n<p><span style=\"font-size: 16px\">* Objectif innovation<\/span><\/p>\n            <\/div>\n    <\/section>\n<\/div>\n<\/div><\/div><\/div><\/div><\/div><\/div><div id=\"pg-4588-1\"  class=\"panel-grid panel-has-style\" ><div class=\"siteorigin-panels-stretch panel-row-style panel-row-style-for-4588-1\" data-stretch-type=\"full-stretched\" ><div id=\"pgc-4588-1-0\"  class=\"panel-grid-cell\" ><div id=\"panel-4588-1-0-0\" class=\"so-panel widget widget_siteorigin-panels-builder panel-first-child panel-last-child\" data-index=\"1\" ><div class=\"panel-widget-style panel-widget-style-for-4588-1-0-0\" ><div id=\"pl-w61d574b95ca67\"  class=\"panel-layout\" ><div id=\"pg-w61d574b95ca67-0\"  class=\"panel-grid panel-no-style\" ><div id=\"pgc-w61d574b95ca67-0-0\"  class=\"panel-grid-cell panel-grid-cell-empty\" ><\/div><div id=\"pgc-w61d574b95ca67-0-1\"  class=\"panel-grid-cell panel-grid-cell-mobile-last\" ><div id=\"panel-w61d574b95ca67-0-1-0\" class=\"so-panel widget widget_sow-editor panel-first-child panel-last-child\" data-index=\"0\" ><div\n\t\t\t\n\t\t\tclass=\"so-widget-sow-editor so-widget-sow-editor-base\"\n\t\t\t\n\t\t>\n<div class=\"siteorigin-widget-tinymce textwidget\">\n\t<p>&nbsp;<\/p>\n<h2><strong>Le commencement<\/strong><\/h2>\n<p><span style=\"font-size: 18px;\">L\u2019histoire d\u2019Armaton a commenc\u00e9 en 1986 lorsque l\u2019ing\u00e9nieur su\u00e9dois Ragnvald Andersson a brevet\u00e9 son syst\u00e8me de ranchers et de fermetures. Quelques ann\u00e9es plus tard, en 1990, le groupe VBG acquiert Armaton.<\/span><\/p>\n<p><span style=\"font-size: 18px;\">\u00c0 cette \u00e9poque, les ranchers et les fermetures \u00e9taient destin\u00e9es au march\u00e9 du poids lourd puis au fil des ann\u00e9es, ils ont \u00e9quip\u00e9 les v\u00e9hicules utilitaires l\u00e9gers. En 2014, la soci\u00e9t\u00e9 VBG a vendu Armaton \u00e0 son propri\u00e9taire actuel, Forankra, le plus grand fournisseur europ\u00e9en d\u2019\u00e9quipements de s\u00e9curisation de transport de marchandises.<\/span><\/p>\n<p><span style=\"font-size: 18px;\">Armaton a son si\u00e8ge social dans les locaux de Forankra \u00e0 V\u00e5rg\u00e5rda en Su\u00e8de.<\/span><\/p>\n<p>&nbsp;<\/p>\n<p><span style=\"font-size: 18px;\">Ragnvald Andersson (\u00e0 gauche sur la photo) a toujours une place importante au sein d\u2019Armaton et a d\u00e9velopp\u00e9 le kit plateau ridelles modulable brevet\u00e9 pour les v\u00e9hicules utilitaires l\u00e9gers.<\/span><\/p>\n<\/div>\n<\/div><\/div><\/div><div id=\"pgc-w61d574b95ca67-0-2\"  class=\"panel-grid-cell panel-grid-cell-empty\" ><\/div><\/div><\/div><\/div><\/div><\/div><div id=\"pgc-4588-1-1\"  class=\"panel-grid-cell\" ><div id=\"panel-4588-1-1-0\" class=\"so-panel widget widget_sow-image panel-first-child panel-last-child\" data-index=\"2\" ><div\n\t\t\t\n\t\t\tclass=\"so-widget-sow-image so-widget-sow-image-default-dbf295114b96-4588\"\n\t\t\t\n\t\t>\n\n<div class=\"sow-image-container\">\n\t\t<img decoding=\"async\" src=\"https:\/\/www.armaton.com\/wp-content\/uploads\/sites\/14\/2019\/05\/About_puff_2-768x605.jpg\" width=\"768\" height=\"605\" srcset=\"https:\/\/www.armaton.com\/wp-content\/uploads\/sites\/14\/2019\/05\/About_puff_2-768x605.jpg 768w, https:\/\/www.armaton.com\/wp-content\/uploads\/sites\/14\/2019\/05\/About_puff_2-300x236.jpg 300w, https:\/\/www.armaton.com\/wp-content\/uploads\/sites\/14\/2019\/05\/About_puff_2-1024x807.jpg 1024w, https:\/\/www.armaton.com\/wp-content\/uploads\/sites\/14\/2019\/05\/About_puff_2-600x473.jpg 600w, https:\/\/www.armaton.com\/wp-content\/uploads\/sites\/14\/2019\/05\/About_puff_2.jpg 1282w\" sizes=\"auto, (max-width: 768px) 100vw, 768px\" title=\"To the Left Ragnvald Andersson, the inventor, and  Lennart Klingzell KAM Armaton.\" alt=\"\" loading=\"lazy\" \t\tclass=\"so-widget-image\"\/>\n\t<\/div>\n\n<\/div><\/div><\/div><\/div><\/div><\/div>","protected":false},"excerpt":{"rendered":"<p>Determined to improve* Nous concevons et fabriquons des syst\u00e8mes de qualit\u00e9 pour les v\u00e9hicules utilitaires mais notre objectif n\u2019est pas de d\u00e9velopper que des ranchers et des fermetures. \u201dDetermined to improve*\u201d r\u00e9pond \u00e0 nos valeurs et notre souhait de concevoir des syst\u00e8mes permettant d\u2019optimiser le travail de nos clients ainsi que celui du client final. [&hellip;]<\/p>\n","protected":false},"author":2,"featured_media":0,"parent":0,"menu_order":0,"comment_status":"closed","ping_status":"closed","template":"","meta":{"footnotes":""},"class_list":["post-4588","page","type-page","status-publish","hentry"],"yoast_head":"<!-- This site is optimized with the Yoast SEO plugin v20.4 - https:\/\/yoast.com\/wordpress\/plugins\/seo\/ -->\n<title>A propos d\u2019Armaton - Armaton<\/title>\n<meta name=\"description\" content=\"Nous concevons et fabriquons des syst\u00e8mes de qualit\u00e9 pour les v\u00e9hicules utilitaires mais notre objectif n\u2019est pas de d\u00e9velopper que des ranchers et des fermetures. \u201dDetermined to improve*\u201d r\u00e9pond \u00e0 nos valeurs et notre souhait de concevoir des syst\u00e8mes permettant d\u2019optimiser le travail de nos clients ainsi que celui du client final.\" \/>\n<meta name=\"robots\" content=\"index, follow, max-snippet:-1, max-image-preview:large, max-video-preview:-1\" \/>\n<link rel=\"canonical\" href=\"https:\/\/www.armaton.com\/fr\/a-propos-darmaton\/\" \/>\n<meta property=\"og:locale\" content=\"fr_FR\" \/>\n<meta property=\"og:type\" content=\"article\" \/>\n<meta property=\"og:title\" content=\"A propos d\u2019Armaton - Armaton\" \/>\n<meta property=\"og:description\" content=\"Nous concevons et fabriquons des syst\u00e8mes de qualit\u00e9 pour les v\u00e9hicules utilitaires mais notre objectif n\u2019est pas de d\u00e9velopper que des ranchers et des fermetures. \u201dDetermined to improve*\u201d r\u00e9pond \u00e0 nos valeurs et notre souhait de concevoir des syst\u00e8mes permettant d\u2019optimiser le travail de nos clients ainsi que celui du client final.\" \/>\n<meta property=\"og:url\" content=\"https:\/\/www.armaton.com\/fr\/a-propos-darmaton\/\" \/>\n<meta property=\"og:site_name\" content=\"Armaton\" \/>\n<meta property=\"article:modified_time\" content=\"2023-04-25T13:45:45+00:00\" \/>\n<meta name=\"twitter:card\" content=\"summary_large_image\" \/>\n<meta name=\"twitter:label1\" content=\"Dur\u00e9e de lecture estim\u00e9e\" \/>\n\t<meta name=\"twitter:data1\" content=\"1 minute\" \/>\n<script type=\"application\/ld+json\" class=\"yoast-schema-graph\">{\"@context\":\"https:\/\/schema.org\",\"@graph\":[{\"@type\":\"WebPage\",\"@id\":\"https:\/\/www.armaton.com\/fr\/a-propos-darmaton\/\",\"url\":\"https:\/\/www.armaton.com\/fr\/a-propos-darmaton\/\",\"name\":\"A propos d\u2019Armaton - Armaton\",\"isPartOf\":{\"@id\":\"https:\/\/www.armaton.com\/#website\"},\"datePublished\":\"2019-04-23T08:07:01+00:00\",\"dateModified\":\"2023-04-25T13:45:45+00:00\",\"description\":\"Nous concevons et fabriquons des syst\u00e8mes de qualit\u00e9 pour les v\u00e9hicules utilitaires mais notre objectif n\u2019est pas de d\u00e9velopper que des ranchers et des fermetures. \u201dDetermined to improve*\u201d r\u00e9pond \u00e0 nos valeurs et notre souhait de concevoir des syst\u00e8mes permettant d\u2019optimiser le travail de nos clients ainsi que celui du client final.\",\"breadcrumb\":{\"@id\":\"https:\/\/www.armaton.com\/fr\/a-propos-darmaton\/#breadcrumb\"},\"inLanguage\":\"fr-FR\",\"potentialAction\":[{\"@type\":\"ReadAction\",\"target\":[\"https:\/\/www.armaton.com\/fr\/a-propos-darmaton\/\"]}]},{\"@type\":\"BreadcrumbList\",\"@id\":\"https:\/\/www.armaton.com\/fr\/a-propos-darmaton\/#breadcrumb\",\"itemListElement\":[{\"@type\":\"ListItem\",\"position\":1,\"name\":\"Home\",\"item\":\"https:\/\/www.armaton.com\/fr\/\"},{\"@type\":\"ListItem\",\"position\":2,\"name\":\"A propos d\u2019Armaton\"}]},{\"@type\":\"WebSite\",\"@id\":\"https:\/\/www.armaton.com\/#website\",\"url\":\"https:\/\/www.armaton.com\/\",\"name\":\"Armaton\",\"description\":\"Armaton Solutions \u2013 Desire To Improve\",\"potentialAction\":[{\"@type\":\"SearchAction\",\"target\":{\"@type\":\"EntryPoint\",\"urlTemplate\":\"https:\/\/www.armaton.com\/?s={search_term_string}\"},\"query-input\":\"required name=search_term_string\"}],\"inLanguage\":\"fr-FR\"}]}<\/script>\n<!-- \/ Yoast SEO plugin. -->","yoast_head_json":{"title":"A propos d\u2019Armaton - Armaton","description":"Nous concevons et fabriquons des syst\u00e8mes de qualit\u00e9 pour les v\u00e9hicules utilitaires mais notre objectif n\u2019est pas de d\u00e9velopper que des ranchers et des fermetures. \u201dDetermined to improve*\u201d r\u00e9pond \u00e0 nos valeurs et notre souhait de concevoir des syst\u00e8mes permettant d\u2019optimiser le travail de nos clients ainsi que celui du client final.","robots":{"index":"index","follow":"follow","max-snippet":"max-snippet:-1","max-image-preview":"max-image-preview:large","max-video-preview":"max-video-preview:-1"},"canonical":"https:\/\/www.armaton.com\/fr\/a-propos-darmaton\/","og_locale":"fr_FR","og_type":"article","og_title":"A propos d\u2019Armaton - Armaton","og_description":"Nous concevons et fabriquons des syst\u00e8mes de qualit\u00e9 pour les v\u00e9hicules utilitaires mais notre objectif n\u2019est pas de d\u00e9velopper que des ranchers et des fermetures. \u201dDetermined to improve*\u201d r\u00e9pond \u00e0 nos valeurs et notre souhait de concevoir des syst\u00e8mes permettant d\u2019optimiser le travail de nos clients ainsi que celui du client final.","og_url":"https:\/\/www.armaton.com\/fr\/a-propos-darmaton\/","og_site_name":"Armaton","article_modified_time":"2023-04-25T13:45:45+00:00","twitter_card":"summary_large_image","twitter_misc":{"Dur\u00e9e de lecture estim\u00e9e":"1 minute"},"schema":{"@context":"https:\/\/schema.org","@graph":[{"@type":"WebPage","@id":"https:\/\/www.armaton.com\/fr\/a-propos-darmaton\/","url":"https:\/\/www.armaton.com\/fr\/a-propos-darmaton\/","name":"A propos d\u2019Armaton - Armaton","isPartOf":{"@id":"https:\/\/www.armaton.com\/#website"},"datePublished":"2019-04-23T08:07:01+00:00","dateModified":"2023-04-25T13:45:45+00:00","description":"Nous concevons et fabriquons des syst\u00e8mes de qualit\u00e9 pour les v\u00e9hicules utilitaires mais notre objectif n\u2019est pas de d\u00e9velopper que des ranchers et des fermetures. \u201dDetermined to improve*\u201d r\u00e9pond \u00e0 nos valeurs et notre souhait de concevoir des syst\u00e8mes permettant d\u2019optimiser le travail de nos clients ainsi que celui du client final.","breadcrumb":{"@id":"https:\/\/www.armaton.com\/fr\/a-propos-darmaton\/#breadcrumb"},"inLanguage":"fr-FR","potentialAction":[{"@type":"ReadAction","target":["https:\/\/www.armaton.com\/fr\/a-propos-darmaton\/"]}]},{"@type":"BreadcrumbList","@id":"https:\/\/www.armaton.com\/fr\/a-propos-darmaton\/#breadcrumb","itemListElement":[{"@type":"ListItem","position":1,"name":"Home","item":"https:\/\/www.armaton.com\/fr\/"},{"@type":"ListItem","position":2,"name":"A propos d\u2019Armaton"}]},{"@type":"WebSite","@id":"https:\/\/www.armaton.com\/#website","url":"https:\/\/www.armaton.com\/","name":"Armaton","description":"Armaton Solutions \u2013 Desire To Improve","potentialAction":[{"@type":"SearchAction","target":{"@type":"EntryPoint","urlTemplate":"https:\/\/www.armaton.com\/?s={search_term_string}"},"query-input":"required name=search_term_string"}],"inLanguage":"fr-FR"}]}},"_links":{"self":[{"href":"https:\/\/www.armaton.com\/fr\/wp-json\/wp\/v2\/pages\/4588","targetHints":{"allow":["GET"]}}],"collection":[{"href":"https:\/\/www.armaton.com\/fr\/wp-json\/wp\/v2\/pages"}],"about":[{"href":"https:\/\/www.armaton.com\/fr\/wp-json\/wp\/v2\/types\/page"}],"author":[{"embeddable":true,"href":"https:\/\/www.armaton.com\/fr\/wp-json\/wp\/v2\/users\/2"}],"replies":[{"embeddable":true,"href":"https:\/\/www.armaton.com\/fr\/wp-json\/wp\/v2\/comments?post=4588"}],"version-history":[{"count":19,"href":"https:\/\/www.armaton.com\/fr\/wp-json\/wp\/v2\/pages\/4588\/revisions"}],"predecessor-version":[{"id":12453,"href":"https:\/\/www.armaton.com\/fr\/wp-json\/wp\/v2\/pages\/4588\/revisions\/12453"}],"wp:attachment":[{"href":"https:\/\/www.armaton.com\/fr\/wp-json\/wp\/v2\/media?parent=4588"}],"curies":[{"name":"wp","href":"https:\/\/api.w.org\/{rel}","templated":true}]}}