{"id":7116,"date":"2020-07-02T09:33:27","date_gmt":"2020-07-02T09:33:27","guid":{"rendered":"https:\/\/www.armaton.com\/?page_id=7116"},"modified":"2024-01-16T09:11:30","modified_gmt":"2024-01-16T09:11:30","slug":"arrimage-de-la-charge-en-continu","status":"publish","type":"page","link":"https:\/\/www.armaton.com\/fr\/arrimage-de-la-charge-en-continu\/","title":{"rendered":"Arrimage de la charge en continu"},"content":{"rendered":"<div id=\"pl-7116\"  class=\"panel-layout\" ><div id=\"pg-7116-0\"  class=\"panel-grid panel-has-style\" ><div class=\"siteorigin-panels-stretch panel-row-style panel-row-style-for-7116-0\" data-stretch-type=\"full-stretched\" ><div id=\"pgc-7116-0-0\"  class=\"panel-grid-cell\" ><div id=\"panel-7116-0-0-0\" class=\"so-panel widget widget_sow-image panel-first-child panel-last-child\" data-index=\"0\" ><div\n\t\t\t\n\t\t\tclass=\"so-widget-sow-image so-widget-sow-image-default-dbf295114b96-7116\"\n\t\t\t\n\t\t>\n\n<div class=\"sow-image-container\">\n\t\t<img decoding=\"async\" src=\"https:\/\/www.armaton.com\/wp-content\/uploads\/sites\/14\/2019\/05\/Knowledge_Case_Homogo_puff_7-768x605.jpg\" width=\"768\" height=\"605\" srcset=\"https:\/\/www.armaton.com\/wp-content\/uploads\/sites\/14\/2019\/05\/Knowledge_Case_Homogo_puff_7-768x605.jpg 768w, https:\/\/www.armaton.com\/wp-content\/uploads\/sites\/14\/2019\/05\/Knowledge_Case_Homogo_puff_7-300x236.jpg 300w, https:\/\/www.armaton.com\/wp-content\/uploads\/sites\/14\/2019\/05\/Knowledge_Case_Homogo_puff_7-1024x807.jpg 1024w, https:\/\/www.armaton.com\/wp-content\/uploads\/sites\/14\/2019\/05\/Knowledge_Case_Homogo_puff_7-600x473.jpg 600w, https:\/\/www.armaton.com\/wp-content\/uploads\/sites\/14\/2019\/05\/Knowledge_Case_Homogo_puff_7.jpg 1282w\" sizes=\"auto, (max-width: 768px) 100vw, 768px\" alt=\"\" loading=\"lazy\" \t\tclass=\"so-widget-image\"\/>\n\t<\/div>\n\n<\/div><\/div><\/div><div id=\"pgc-7116-0-1\"  class=\"panel-grid-cell\" ><div id=\"panel-7116-0-1-0\" class=\"so-panel widget widget_siteorigin-panels-builder panel-first-child panel-last-child\" data-index=\"1\" ><div class=\"panel-widget-style panel-widget-style-for-7116-0-1-0\" ><div id=\"pl-w643ff337de00b\"  class=\"panel-layout\" ><div id=\"pg-w643ff337de00b-0\"  class=\"panel-grid panel-no-style\" ><div id=\"pgc-w643ff337de00b-0-0\"  class=\"panel-grid-cell panel-grid-cell-empty\" ><\/div><div id=\"pgc-w643ff337de00b-0-1\"  class=\"panel-grid-cell panel-grid-cell-mobile-last\" ><div id=\"panel-w643ff337de00b-0-1-0\" class=\"so-panel widget widget_sow-editor panel-first-child panel-last-child\" data-index=\"0\" ><div\n\t\t\t\n\t\t\tclass=\"so-widget-sow-editor so-widget-sow-editor-base\"\n\t\t\t\n\t\t>\n<div class=\"siteorigin-widget-tinymce textwidget\">\n\t<p>&nbsp;<\/p>\n<h2>Arrimage de la charge en continu<\/h2>\n<p><span style=\"font-size: 18px;\">La sangle d'arrimage Armaton fait partie du syst\u00e8me d'arrimage de la charge en continu \u00e0 360 degr\u00e9s du plateau modulable Armaton. Ce syst\u00e8me unique est int\u00e9gr\u00e9 dans la rive et n'interf\u00e8re pas avec la zone de chargement. L'arrimage peut \u00eatre plac\u00e9 n'importe o\u00f9 le long de la rive, permettant ainsi un espace de chargement maximal sur le plateau.\u00a0<\/span><\/p>\n<p>&nbsp;<\/p>\n<h3>Sangle d'arrimage Armaton 35, 2 parties<\/h3>\n<table style=\"width: 96.47%; border-collapse: collapse;\" border=\"1\">\n<tbody>\n<tr>\n<td style=\"width: 23.41%;\"><span style=\"font-size: 18px;\">R\u00e9f\u00e9rence<\/span><\/td>\n<td style=\"width: 73.04%;\"><span style=\"font-size: 18px;\">\u00a0 130510011<\/span><\/td>\n<\/tr>\n<tr>\n<td style=\"width: 23.41%;\"><span style=\"font-size: 18px;\">Largeur<\/span><\/td>\n<td style=\"width: 73.04%;\"><span style=\"font-size: 18px;\">\u00a0 35 mm<\/span><\/td>\n<\/tr>\n<tr>\n<td style=\"width: 23.41%;\"><span style=\"font-size: 18px;\">LC<\/span><\/td>\n<td style=\"width: 73.04%;\"><span style=\"font-size: 18px;\">\u00a0 1000 daN<\/span><\/td>\n<\/tr>\n<tr>\n<td style=\"width: 23.41%;\"><span style=\"font-size: 18px;\">Partie fixe<\/span><\/td>\n<td style=\"width: 73.04%;\"><span style=\"font-size: 18px;\">\u00a0 0,55m avec crochet plat Armaton<\/span><\/td>\n<\/tr>\n<tr>\n<td style=\"width: 23.41%;\"><span style=\"font-size: 18px;\">Partie longue<\/span><\/td>\n<td style=\"width: 73.04%;\"><span style=\"font-size: 18px;\">\u00a0 5,45m avec crochet plat Armaton<\/span><\/td>\n<\/tr>\n<\/tbody>\n<\/table>\n<p>&nbsp;<\/p>\n<p>&nbsp;<\/p>\n<p>&nbsp;<\/p>\n<\/div>\n<\/div><\/div><\/div><div id=\"pgc-w643ff337de00b-0-2\"  class=\"panel-grid-cell panel-grid-cell-empty\" ><\/div><\/div><\/div><\/div><\/div><\/div><\/div><\/div><div id=\"pg-7116-1\"  class=\"panel-grid panel-has-style\" ><div class=\"siteorigin-panels-stretch panel-row-style panel-row-style-for-7116-1\" data-stretch-type=\"full-stretched\" ><div id=\"pgc-7116-1-0\"  class=\"panel-grid-cell\" ><div id=\"panel-7116-1-0-0\" class=\"so-panel widget widget_siteorigin-panels-builder panel-first-child panel-last-child\" data-index=\"2\" ><div class=\"panel-widget-style panel-widget-style-for-7116-1-0-0\" ><div id=\"pl-w0c3mt5juz10to\"  class=\"panel-layout\" ><div id=\"pg-w0c3mt5juz10to-0\"  class=\"panel-grid panel-no-style\" ><div id=\"pgc-w0c3mt5juz10to-0-0\"  class=\"panel-grid-cell\" ><div id=\"panel-w0c3mt5juz10to-0-0-0\" class=\"so-panel widget widget_sow-image panel-first-child panel-last-child\" data-index=\"0\" ><div\n\t\t\t\n\t\t\tclass=\"so-widget-sow-image so-widget-sow-image-default-8b5b6f678277\"\n\t\t\t\n\t\t>\n\n<div class=\"sow-image-container\">\n\t\t<img decoding=\"async\" src=\"https:\/\/www.armaton.com\/wp-content\/uploads\/sites\/14\/2020\/06\/Stepless_3_1282x1010.jpg\" width=\"1262\" height=\"994\" srcset=\"https:\/\/www.armaton.com\/wp-content\/uploads\/sites\/14\/2020\/06\/Stepless_3_1282x1010.jpg 1262w, https:\/\/www.armaton.com\/wp-content\/uploads\/sites\/14\/2020\/06\/Stepless_3_1282x1010-300x236.jpg 300w, https:\/\/www.armaton.com\/wp-content\/uploads\/sites\/14\/2020\/06\/Stepless_3_1282x1010-768x605.jpg 768w, https:\/\/www.armaton.com\/wp-content\/uploads\/sites\/14\/2020\/06\/Stepless_3_1282x1010-1024x807.jpg 1024w, https:\/\/www.armaton.com\/wp-content\/uploads\/sites\/14\/2020\/06\/Stepless_3_1282x1010-600x473.jpg 600w\" sizes=\"auto, (max-width: 1262px) 100vw, 1262px\" alt=\"\" loading=\"lazy\" \t\tclass=\"so-widget-image\"\/>\n\t<\/div>\n\n<\/div><\/div><\/div><\/div><\/div><\/div><\/div><\/div><div id=\"pgc-7116-1-1\"  class=\"panel-grid-cell\" ><div id=\"panel-7116-1-1-0\" class=\"so-panel widget widget_siteorigin-panels-builder panel-first-child panel-last-child\" data-index=\"3\" ><div class=\"panel-widget-style panel-widget-style-for-7116-1-1-0\" ><div id=\"pl-w643ff0ced12d0\"  class=\"panel-layout\" ><div id=\"pg-w643ff0ced12d0-0\"  class=\"panel-grid panel-no-style\" ><div id=\"pgc-w643ff0ced12d0-0-0\"  class=\"panel-grid-cell panel-grid-cell-empty\" ><\/div><div id=\"pgc-w643ff0ced12d0-0-1\"  class=\"panel-grid-cell panel-grid-cell-mobile-last\" ><div id=\"panel-w643ff0ced12d0-0-1-0\" class=\"so-panel widget widget_sow-editor panel-first-child panel-last-child\" data-index=\"0\" ><div\n\t\t\t\n\t\t\tclass=\"so-widget-sow-editor so-widget-sow-editor-base\"\n\t\t\t\n\t\t>\n<div class=\"siteorigin-widget-tinymce textwidget\">\n\t<h3>Sangle d'arrimage Armaton 35, partie longue<\/h3>\n<table style=\"width: 96.47%; border-collapse: collapse; height: 91px;\" border=\"1\">\n<tbody>\n<tr style=\"height: 19px;\">\n<td style=\"width: 23.41%; height: 19px;\"><span style=\"font-size: 18px;\">R\u00e9f\u00e9rence<\/span><\/td>\n<td style=\"width: 73.04%; height: 19px;\"><span style=\"font-size: 18px;\">\u00a0 131310013<\/span><\/td>\n<\/tr>\n<tr style=\"height: 24px;\">\n<td style=\"width: 23.41%; height: 24px;\"><span style=\"font-size: 18px;\">Largeur<\/span><\/td>\n<td style=\"width: 73.04%; height: 24px;\"><span style=\"font-size: 18px;\">\u00a0 35 mm<\/span><\/td>\n<\/tr>\n<tr style=\"height: 24px;\">\n<td style=\"width: 23.41%; height: 24px;\"><span style=\"font-size: 18px;\">LC<\/span><\/td>\n<td style=\"width: 73.04%; height: 24px;\"><span style=\"font-size: 18px;\">\u00a0 1000 daN<\/span><\/td>\n<\/tr>\n<tr style=\"height: 24px;\">\n<td style=\"width: 23.41%; height: 24px;\"><span style=\"font-size: 18px;\">Partie longue<\/span><\/td>\n<td style=\"width: 73.04%; height: 24px;\"><span style=\"font-size: 18px;\">\u00a0 5,45m avec crochet plat Armaton<\/span><\/td>\n<\/tr>\n<\/tbody>\n<\/table>\n<p>&nbsp;<\/p>\n<p>&nbsp;<\/p>\n<h3>Sangle d'arrimage Armaton 35, partie fixe<\/h3>\n<table style=\"width: 96.47%; border-collapse: collapse;\" border=\"1\">\n<tbody>\n<tr>\n<td style=\"width: 23.41%;\"><span style=\"font-size: 18px;\">R\u00e9f\u00e9rence<\/span><\/td>\n<td style=\"width: 73.04%;\"><span style=\"font-size: 18px;\">\u00a0 130910008<\/span><\/td>\n<\/tr>\n<tr>\n<td style=\"width: 23.41%;\"><span style=\"font-size: 18px;\">Largeur<\/span><\/td>\n<td style=\"width: 73.04%;\"><span style=\"font-size: 18px;\">\u00a0 35 mm<\/span><\/td>\n<\/tr>\n<tr>\n<td style=\"width: 23.41%;\"><span style=\"font-size: 18px;\">LC<\/span><\/td>\n<td style=\"width: 73.04%;\"><span style=\"font-size: 18px;\">\u00a0 1000 daN<\/span><\/td>\n<\/tr>\n<tr>\n<td style=\"width: 23.41%;\"><span style=\"font-size: 18px;\">Partie fixe<\/span><\/td>\n<td style=\"width: 73.04%;\"><span style=\"font-size: 18px;\">\u00a0 0,55m avec crochet plat Armaton<\/span><\/td>\n<\/tr>\n<\/tbody>\n<\/table>\n<p>&nbsp;<\/p>\n<p>&nbsp;<\/p>\n<\/div>\n<\/div><\/div><\/div><div id=\"pgc-w643ff0ced12d0-0-2\"  class=\"panel-grid-cell panel-grid-cell-empty\" ><\/div><\/div><\/div><\/div><\/div><\/div><\/div><\/div><\/div>","protected":false},"excerpt":{"rendered":"<p>&nbsp; Arrimage de la charge en continu La sangle d&rsquo;arrimage Armaton fait partie du syst\u00e8me d&rsquo;arrimage de la charge en continu \u00e0 360 degr\u00e9s du plateau modulable Armaton. Ce syst\u00e8me unique est int\u00e9gr\u00e9 dans la rive et n&rsquo;interf\u00e8re pas avec la zone de chargement. L&rsquo;arrimage peut \u00eatre plac\u00e9 n&rsquo;importe o\u00f9 le long de la rive, [&hellip;]<\/p>\n","protected":false},"author":2,"featured_media":0,"parent":0,"menu_order":0,"comment_status":"closed","ping_status":"closed","template":"","meta":{"footnotes":""},"class_list":["post-7116","page","type-page","status-publish","hentry"],"yoast_head":"<!-- This site is optimized with the Yoast SEO plugin v20.4 - https:\/\/yoast.com\/wordpress\/plugins\/seo\/ -->\n<title>Arrimage de la charge en continu - Armaton<\/title>\n<meta name=\"description\" content=\"La sangle d&#039;arrimage Armaton fait partie du syst\u00e8me d&#039;arrimage de la charge en continu \u00e0 360 degr\u00e9s du plateau modulable Armaton. Ce syst\u00e8me unique est int\u00e9gr\u00e9 dans la rive et n&#039;interf\u00e8re pas avec la zone de chargement. L&#039;arrimage peut \u00eatre plac\u00e9 n&#039;importe o\u00f9 le long de la rive, permettant ainsi un espace de chargement maximal sur le plateau.\" \/>\n<meta name=\"robots\" content=\"index, follow, max-snippet:-1, max-image-preview:large, max-video-preview:-1\" \/>\n<link rel=\"canonical\" href=\"https:\/\/www.armaton.com\/fr\/arrimage-de-la-charge-en-continu\/\" \/>\n<meta property=\"og:locale\" content=\"fr_FR\" \/>\n<meta property=\"og:type\" content=\"article\" \/>\n<meta property=\"og:title\" content=\"Arrimage de la charge en continu - Armaton\" \/>\n<meta property=\"og:description\" content=\"La sangle d&#039;arrimage Armaton fait partie du syst\u00e8me d&#039;arrimage de la charge en continu \u00e0 360 degr\u00e9s du plateau modulable Armaton. Ce syst\u00e8me unique est int\u00e9gr\u00e9 dans la rive et n&#039;interf\u00e8re pas avec la zone de chargement. L&#039;arrimage peut \u00eatre plac\u00e9 n&#039;importe o\u00f9 le long de la rive, permettant ainsi un espace de chargement maximal sur le plateau.\" \/>\n<meta property=\"og:url\" content=\"https:\/\/www.armaton.com\/fr\/arrimage-de-la-charge-en-continu\/\" \/>\n<meta property=\"og:site_name\" content=\"Armaton\" \/>\n<meta property=\"article:modified_time\" content=\"2024-01-16T09:11:30+00:00\" \/>\n<meta name=\"twitter:card\" content=\"summary_large_image\" \/>\n<meta name=\"twitter:label1\" content=\"Dur\u00e9e de lecture estim\u00e9e\" \/>\n\t<meta name=\"twitter:data1\" content=\"1 minute\" \/>\n<script type=\"application\/ld+json\" class=\"yoast-schema-graph\">{\"@context\":\"https:\/\/schema.org\",\"@graph\":[{\"@type\":\"WebPage\",\"@id\":\"https:\/\/www.armaton.com\/fr\/arrimage-de-la-charge-en-continu\/\",\"url\":\"https:\/\/www.armaton.com\/fr\/arrimage-de-la-charge-en-continu\/\",\"name\":\"Arrimage de la charge en continu - Armaton\",\"isPartOf\":{\"@id\":\"https:\/\/www.armaton.com\/#website\"},\"datePublished\":\"2020-07-02T09:33:27+00:00\",\"dateModified\":\"2024-01-16T09:11:30+00:00\",\"description\":\"La sangle d'arrimage Armaton fait partie du syst\u00e8me d'arrimage de la charge en continu \u00e0 360 degr\u00e9s du plateau modulable Armaton. Ce syst\u00e8me unique est int\u00e9gr\u00e9 dans la rive et n'interf\u00e8re pas avec la zone de chargement. L'arrimage peut \u00eatre plac\u00e9 n'importe o\u00f9 le long de la rive, permettant ainsi un espace de chargement maximal sur le plateau.\",\"breadcrumb\":{\"@id\":\"https:\/\/www.armaton.com\/fr\/arrimage-de-la-charge-en-continu\/#breadcrumb\"},\"inLanguage\":\"fr-FR\",\"potentialAction\":[{\"@type\":\"ReadAction\",\"target\":[\"https:\/\/www.armaton.com\/fr\/arrimage-de-la-charge-en-continu\/\"]}]},{\"@type\":\"BreadcrumbList\",\"@id\":\"https:\/\/www.armaton.com\/fr\/arrimage-de-la-charge-en-continu\/#breadcrumb\",\"itemListElement\":[{\"@type\":\"ListItem\",\"position\":1,\"name\":\"Home\",\"item\":\"https:\/\/www.armaton.com\/fr\/\"},{\"@type\":\"ListItem\",\"position\":2,\"name\":\"Arrimage de la charge en continu\"}]},{\"@type\":\"WebSite\",\"@id\":\"https:\/\/www.armaton.com\/#website\",\"url\":\"https:\/\/www.armaton.com\/\",\"name\":\"Armaton\",\"description\":\"Armaton Solutions \u2013 Desire To Improve\",\"potentialAction\":[{\"@type\":\"SearchAction\",\"target\":{\"@type\":\"EntryPoint\",\"urlTemplate\":\"https:\/\/www.armaton.com\/?s={search_term_string}\"},\"query-input\":\"required name=search_term_string\"}],\"inLanguage\":\"fr-FR\"}]}<\/script>\n<!-- \/ Yoast SEO plugin. -->","yoast_head_json":{"title":"Arrimage de la charge en continu - Armaton","description":"La sangle d'arrimage Armaton fait partie du syst\u00e8me d'arrimage de la charge en continu \u00e0 360 degr\u00e9s du plateau modulable Armaton. Ce syst\u00e8me unique est int\u00e9gr\u00e9 dans la rive et n'interf\u00e8re pas avec la zone de chargement. L'arrimage peut \u00eatre plac\u00e9 n'importe o\u00f9 le long de la rive, permettant ainsi un espace de chargement maximal sur le plateau.","robots":{"index":"index","follow":"follow","max-snippet":"max-snippet:-1","max-image-preview":"max-image-preview:large","max-video-preview":"max-video-preview:-1"},"canonical":"https:\/\/www.armaton.com\/fr\/arrimage-de-la-charge-en-continu\/","og_locale":"fr_FR","og_type":"article","og_title":"Arrimage de la charge en continu - Armaton","og_description":"La sangle d'arrimage Armaton fait partie du syst\u00e8me d'arrimage de la charge en continu \u00e0 360 degr\u00e9s du plateau modulable Armaton. Ce syst\u00e8me unique est int\u00e9gr\u00e9 dans la rive et n'interf\u00e8re pas avec la zone de chargement. L'arrimage peut \u00eatre plac\u00e9 n'importe o\u00f9 le long de la rive, permettant ainsi un espace de chargement maximal sur le plateau.","og_url":"https:\/\/www.armaton.com\/fr\/arrimage-de-la-charge-en-continu\/","og_site_name":"Armaton","article_modified_time":"2024-01-16T09:11:30+00:00","twitter_card":"summary_large_image","twitter_misc":{"Dur\u00e9e de lecture estim\u00e9e":"1 minute"},"schema":{"@context":"https:\/\/schema.org","@graph":[{"@type":"WebPage","@id":"https:\/\/www.armaton.com\/fr\/arrimage-de-la-charge-en-continu\/","url":"https:\/\/www.armaton.com\/fr\/arrimage-de-la-charge-en-continu\/","name":"Arrimage de la charge en continu - Armaton","isPartOf":{"@id":"https:\/\/www.armaton.com\/#website"},"datePublished":"2020-07-02T09:33:27+00:00","dateModified":"2024-01-16T09:11:30+00:00","description":"La sangle d'arrimage Armaton fait partie du syst\u00e8me d'arrimage de la charge en continu \u00e0 360 degr\u00e9s du plateau modulable Armaton. Ce syst\u00e8me unique est int\u00e9gr\u00e9 dans la rive et n'interf\u00e8re pas avec la zone de chargement. L'arrimage peut \u00eatre plac\u00e9 n'importe o\u00f9 le long de la rive, permettant ainsi un espace de chargement maximal sur le plateau.","breadcrumb":{"@id":"https:\/\/www.armaton.com\/fr\/arrimage-de-la-charge-en-continu\/#breadcrumb"},"inLanguage":"fr-FR","potentialAction":[{"@type":"ReadAction","target":["https:\/\/www.armaton.com\/fr\/arrimage-de-la-charge-en-continu\/"]}]},{"@type":"BreadcrumbList","@id":"https:\/\/www.armaton.com\/fr\/arrimage-de-la-charge-en-continu\/#breadcrumb","itemListElement":[{"@type":"ListItem","position":1,"name":"Home","item":"https:\/\/www.armaton.com\/fr\/"},{"@type":"ListItem","position":2,"name":"Arrimage de la charge en continu"}]},{"@type":"WebSite","@id":"https:\/\/www.armaton.com\/#website","url":"https:\/\/www.armaton.com\/","name":"Armaton","description":"Armaton Solutions \u2013 Desire To Improve","potentialAction":[{"@type":"SearchAction","target":{"@type":"EntryPoint","urlTemplate":"https:\/\/www.armaton.com\/?s={search_term_string}"},"query-input":"required name=search_term_string"}],"inLanguage":"fr-FR"}]}},"_links":{"self":[{"href":"https:\/\/www.armaton.com\/fr\/wp-json\/wp\/v2\/pages\/7116","targetHints":{"allow":["GET"]}}],"collection":[{"href":"https:\/\/www.armaton.com\/fr\/wp-json\/wp\/v2\/pages"}],"about":[{"href":"https:\/\/www.armaton.com\/fr\/wp-json\/wp\/v2\/types\/page"}],"author":[{"embeddable":true,"href":"https:\/\/www.armaton.com\/fr\/wp-json\/wp\/v2\/users\/2"}],"replies":[{"embeddable":true,"href":"https:\/\/www.armaton.com\/fr\/wp-json\/wp\/v2\/comments?post=7116"}],"version-history":[{"count":30,"href":"https:\/\/www.armaton.com\/fr\/wp-json\/wp\/v2\/pages\/7116\/revisions"}],"predecessor-version":[{"id":13310,"href":"https:\/\/www.armaton.com\/fr\/wp-json\/wp\/v2\/pages\/7116\/revisions\/13310"}],"wp:attachment":[{"href":"https:\/\/www.armaton.com\/fr\/wp-json\/wp\/v2\/media?parent=7116"}],"curies":[{"name":"wp","href":"https:\/\/api.w.org\/{rel}","templated":true}]}}