{"id":9035,"date":"2021-11-10T10:11:49","date_gmt":"2021-11-10T10:11:49","guid":{"rendered":"https:\/\/www.armaton.com\/?page_id=9035"},"modified":"2025-09-15T09:32:36","modified_gmt":"2025-09-15T09:32:36","slug":"accessories-modular-platform","status":"publish","type":"page","link":"https:\/\/www.armaton.com\/fr\/accessories-modular-platform\/","title":{"rendered":"Accessoires Modular Platform"},"content":{"rendered":"<div id=\"pl-9035\"  class=\"panel-layout\" ><div id=\"pg-9035-0\"  class=\"panel-grid panel-has-style\" ><div class=\"siteorigin-panels-stretch panel-row-style panel-row-style-for-9035-0\" data-stretch-type=\"full-stretched\" ><div id=\"pgc-9035-0-0\"  class=\"panel-grid-cell\" ><div id=\"panel-9035-0-0-0\" class=\"so-panel widget widget_sow-image panel-first-child panel-last-child\" data-index=\"0\" ><div\n\t\t\t\n\t\t\tclass=\"so-widget-sow-image so-widget-sow-image-default-dbf295114b96-9035\"\n\t\t\t\n\t\t>\n\n<div class=\"sow-image-container\">\n\t\t<img decoding=\"async\" src=\"https:\/\/www.armaton.com\/wp-content\/uploads\/sites\/14\/2021\/11\/DSC01354700x550-768x603.jpg\" width=\"768\" height=\"603\" srcset=\"https:\/\/www.armaton.com\/wp-content\/uploads\/sites\/14\/2021\/11\/DSC01354700x550-768x603.jpg 768w, https:\/\/www.armaton.com\/wp-content\/uploads\/sites\/14\/2021\/11\/DSC01354700x550-300x236.jpg 300w, https:\/\/www.armaton.com\/wp-content\/uploads\/sites\/14\/2021\/11\/DSC01354700x550-1024x805.jpg 1024w, https:\/\/www.armaton.com\/wp-content\/uploads\/sites\/14\/2021\/11\/DSC01354700x550-600x471.jpg 600w\" sizes=\"auto, (max-width: 768px) 100vw, 768px\" title=\"DSC01354,700&#215;550\" alt=\"\" loading=\"lazy\" \t\tclass=\"so-widget-image\"\/>\n\t<\/div>\n\n<\/div><\/div><\/div><div id=\"pgc-9035-0-1\"  class=\"panel-grid-cell\" ><div id=\"panel-9035-0-1-0\" class=\"so-panel widget widget_siteorigin-panels-builder panel-first-child panel-last-child\" data-index=\"1\" ><div class=\"panel-widget-style panel-widget-style-for-9035-0-1-0\" ><div id=\"pl-w65bbbfbe948c2\"  class=\"panel-layout\" ><div id=\"pg-w65bbbfbe948c2-0\"  class=\"panel-grid panel-no-style\" ><div id=\"pgc-w65bbbfbe948c2-0-0\"  class=\"panel-grid-cell panel-grid-cell-empty\" ><\/div><div id=\"pgc-w65bbbfbe948c2-0-1\"  class=\"panel-grid-cell panel-grid-cell-mobile-last\" ><div id=\"panel-w65bbbfbe948c2-0-1-0\" class=\"so-panel widget widget_sow-editor panel-first-child\" data-index=\"0\" ><div\n\t\t\t\n\t\t\tclass=\"so-widget-sow-editor so-widget-sow-editor-base\"\n\t\t\t\n\t\t>\n<div class=\"siteorigin-widget-tinymce textwidget\">\n\t<p>&nbsp;<\/p>\n<h2>Armaton MP OneStep<\/h2>\n<p><span style=\"font-size: 18px;\">Armaton MP OneStep est un marchepied qui peut \u00eatre tr\u00e8s facilement int\u00e9gr\u00e9 \u00e0 l\u2019int\u00e9rieur de la ridelle. Sa conception unique offre une solution sans interf\u00e9rence avec la zone de chargement et une facilit\u00e9 d\u2019utilisation pour de meilleures conditions de travail.<br \/>\n<\/span><span style=\"font-size: 18px;\"><a href=\"https:\/\/forankra.bynder.com\/m\/67035c31a9d49b3a\/original\/Armaton-MP-OneStep_FRENCH.pdf\" target=\"_blank\" rel=\"noopener noreferrer\">En savoir plus &gt;&gt;<\/a><\/span><\/p>\n<\/div>\n<\/div><\/div><div id=\"panel-w65bbbfbe948c2-0-1-1\" class=\"so-panel widget widget_forankra-lightbox-widget panel-last-child\" data-index=\"1\" ><div\n\t\t\t\n\t\t\tclass=\"so-widget-forankra-lightbox-widget so-widget-forankra-lightbox-widget-default-d3709d59ff57\"\n\t\t\t\n\t\t><div id=\"icon-container\" class=\"center\">\n            <a class=\"trigger\" id=\"toggle-lightbox\" href=\"#lightbox\"><span class=\"sow-icon-fontawesome sow-far\" data-sow-icon=\"&#xf152;\"\n\t\t \n\t\taria-hidden=\"true\"><\/span><\/a>\n    <\/div>\n<div id=\"lightbox\">\n    <a href=\"#toggle-lightbox\" class=\"close-lightbox close-link\">\n        <div class=\"content\"><\/div>\n    <\/a>\n<\/div>\n\n<script>\n    const link = '<a href=\"#toggle-lightbox\" class=\"close close-link\"><span class=\"fa fa-close\"><\/span><\/a>';\n    const content = '<iframe id=\"video-player\" src=\"https:\/\/www.youtube.com\/embed\/UN_UkHV4XMs?loop=1&playlist=UN_UkHV4XMs&rel=0\"'; \n    document.querySelector('.trigger').addEventListener('click', ()=>{\n        document.querySelector('#lightbox .content').innerHTML = content + link;\n        document.querySelector('.close').addEventListener('click', ()=>{\n            document.querySelector('#lightbox  .content').innerHTML = '';\n        });\n    });\n\n    var closeLinks = document.querySelectorAll('.close-link');\n    closeLinks.forEach((link)=>{\n        link.addEventListener('click',()=>{\n            document.querySelector('#lightbox  .content').innerHTML = '';\n        })\n    });\n<\/script><\/div><\/div><\/div><div id=\"pgc-w65bbbfbe948c2-0-2\"  class=\"panel-grid-cell panel-grid-cell-empty\" ><\/div><\/div><\/div><\/div><\/div><\/div><\/div><\/div><div id=\"pg-9035-1\"  class=\"panel-grid panel-has-style\" ><div class=\"siteorigin-panels-stretch panel-row-style panel-row-style-for-9035-1\" data-stretch-type=\"full-stretched\" ><div id=\"pgc-9035-1-0\"  class=\"panel-grid-cell\" ><div id=\"panel-9035-1-0-0\" class=\"so-panel widget widget_siteorigin-panels-builder panel-first-child panel-last-child\" data-index=\"2\" ><div class=\"panel-widget-style panel-widget-style-for-9035-1-0-0\" ><div id=\"pl-w65bbbfbe953b7\"  class=\"panel-layout\" ><div id=\"pg-w65bbbfbe953b7-0\"  class=\"panel-grid panel-no-style\" ><div id=\"pgc-w65bbbfbe953b7-0-0\"  class=\"panel-grid-cell panel-grid-cell-empty\" ><\/div><div id=\"pgc-w65bbbfbe953b7-0-1\"  class=\"panel-grid-cell panel-grid-cell-mobile-last\" ><div id=\"panel-w65bbbfbe953b7-0-1-0\" class=\"so-panel widget widget_sow-editor panel-first-child panel-last-child\" data-index=\"0\" ><div\n\t\t\t\n\t\t\tclass=\"so-widget-sow-editor so-widget-sow-editor-base\"\n\t\t\t\n\t\t>\n<div class=\"siteorigin-widget-tinymce textwidget\">\n\t<p>&nbsp;<\/p>\n<h2>Armaton MP LongGoods*<\/h2>\n<p><span style=\"font-size: 14px;\">*Porte-\u00e9chelles<\/span><\/p>\n<p><span style=\"font-size: 18px;\">Armaton MP LongGoods permet de transporter des marchandises longues en toute s\u00e9curit\u00e9 sur les VUL. Le porte-\u00e9chelles est mont\u00e9 dans les poteaux arri\u00e8res du Armaton Modular Platform et permet avec la face avant une solution compl\u00e8te pour la manutention des longueurs.<\/span><\/p>\n<p><a href=\"https:\/\/forankra.bynder.com\/m\/1f231c72710f8fe0\/original\/Armaton-MP-LongGoods_FRENCH.pdf\" target=\"_blank\" rel=\"noopener\"><span style=\"font-size: 18px;\">En savoir plus &gt;&gt;<\/span><\/a><\/p>\n<\/div>\n<\/div><\/div><\/div><div id=\"pgc-w65bbbfbe953b7-0-2\"  class=\"panel-grid-cell panel-grid-cell-empty\" ><\/div><\/div><\/div><\/div><\/div><\/div><div id=\"pgc-9035-1-1\"  class=\"panel-grid-cell\" ><div id=\"panel-9035-1-1-0\" class=\"so-panel widget widget_sow-image panel-first-child panel-last-child\" data-index=\"3\" ><div\n\t\t\t\n\t\t\tclass=\"so-widget-sow-image so-widget-sow-image-default-dbf295114b96-9035\"\n\t\t\t\n\t\t>\n\n<div class=\"sow-image-container\">\n\t\t<img decoding=\"async\" src=\"https:\/\/www.armaton.com\/wp-content\/uploads\/sites\/14\/2023\/11\/Long-goods_1700x467.jpg\" width=\"700\" height=\"467\" srcset=\"https:\/\/www.armaton.com\/wp-content\/uploads\/sites\/14\/2023\/11\/Long-goods_1700x467.jpg 700w, https:\/\/www.armaton.com\/wp-content\/uploads\/sites\/14\/2023\/11\/Long-goods_1700x467-300x200.jpg 300w, https:\/\/www.armaton.com\/wp-content\/uploads\/sites\/14\/2023\/11\/Long-goods_1700x467-600x400.jpg 600w, https:\/\/www.armaton.com\/wp-content\/uploads\/sites\/14\/2023\/11\/Long-goods_1700x467-272x182.jpg 272w\" sizes=\"auto, (max-width: 700px) 100vw, 700px\" title=\"Long goods_1,700&#215;467\" alt=\"\" loading=\"lazy\" \t\tclass=\"so-widget-image\"\/>\n\t<\/div>\n\n<\/div><\/div><\/div><\/div><\/div><\/div>","protected":false},"excerpt":{"rendered":"<p>&nbsp; Armaton MP OneStep Armaton MP OneStep est un marchepied qui peut \u00eatre tr\u00e8s facilement int\u00e9gr\u00e9 \u00e0 l\u2019int\u00e9rieur de la ridelle. Sa conception unique offre une solution sans interf\u00e9rence avec la zone de chargement et une facilit\u00e9 d\u2019utilisation pour de meilleures conditions de travail. En savoir plus &gt;&gt; &nbsp; Armaton MP LongGoods* *Porte-\u00e9chelles Armaton MP [&hellip;]<\/p>\n","protected":false},"author":2,"featured_media":0,"parent":0,"menu_order":0,"comment_status":"closed","ping_status":"closed","template":"","meta":{"footnotes":""},"class_list":["post-9035","page","type-page","status-publish","hentry"],"yoast_head":"<!-- This site is optimized with the Yoast SEO plugin v20.4 - https:\/\/yoast.com\/wordpress\/plugins\/seo\/ -->\n<title>Accessoires Modular Platform - Armaton<\/title>\n<meta name=\"description\" content=\"Il existe de nombreux accessoires diff\u00e9rents disponibles pour Armaton Modular Platform.. D\u00e9couvrez ce qui est disponible ici.\" \/>\n<meta name=\"robots\" content=\"index, follow, max-snippet:-1, max-image-preview:large, max-video-preview:-1\" \/>\n<link rel=\"canonical\" href=\"https:\/\/www.armaton.com\/fr\/accessories-modular-platform\/\" \/>\n<meta property=\"og:locale\" content=\"fr_FR\" \/>\n<meta property=\"og:type\" content=\"article\" \/>\n<meta property=\"og:title\" content=\"Accessoires Modular Platform - Armaton\" \/>\n<meta property=\"og:description\" content=\"Il existe de nombreux accessoires diff\u00e9rents disponibles pour Armaton Modular Platform.. D\u00e9couvrez ce qui est disponible ici.\" \/>\n<meta property=\"og:url\" content=\"https:\/\/www.armaton.com\/fr\/accessories-modular-platform\/\" \/>\n<meta property=\"og:site_name\" content=\"Armaton\" \/>\n<meta property=\"article:modified_time\" content=\"2025-09-15T09:32:36+00:00\" \/>\n<meta name=\"twitter:card\" content=\"summary_large_image\" \/>\n<meta name=\"twitter:label1\" content=\"Dur\u00e9e de lecture estim\u00e9e\" \/>\n\t<meta name=\"twitter:data1\" content=\"1 minute\" \/>\n<script type=\"application\/ld+json\" class=\"yoast-schema-graph\">{\"@context\":\"https:\/\/schema.org\",\"@graph\":[{\"@type\":\"WebPage\",\"@id\":\"https:\/\/www.armaton.com\/fr\/accessories-modular-platform\/\",\"url\":\"https:\/\/www.armaton.com\/fr\/accessories-modular-platform\/\",\"name\":\"Accessoires Modular Platform - Armaton\",\"isPartOf\":{\"@id\":\"https:\/\/www.armaton.com\/#website\"},\"datePublished\":\"2021-11-10T10:11:49+00:00\",\"dateModified\":\"2025-09-15T09:32:36+00:00\",\"description\":\"Il existe de nombreux accessoires diff\u00e9rents disponibles pour Armaton Modular Platform.. D\u00e9couvrez ce qui est disponible ici.\",\"breadcrumb\":{\"@id\":\"https:\/\/www.armaton.com\/fr\/accessories-modular-platform\/#breadcrumb\"},\"inLanguage\":\"fr-FR\",\"potentialAction\":[{\"@type\":\"ReadAction\",\"target\":[\"https:\/\/www.armaton.com\/fr\/accessories-modular-platform\/\"]}]},{\"@type\":\"BreadcrumbList\",\"@id\":\"https:\/\/www.armaton.com\/fr\/accessories-modular-platform\/#breadcrumb\",\"itemListElement\":[{\"@type\":\"ListItem\",\"position\":1,\"name\":\"Home\",\"item\":\"https:\/\/www.armaton.com\/fr\/\"},{\"@type\":\"ListItem\",\"position\":2,\"name\":\"Accessoires Modular Platform\"}]},{\"@type\":\"WebSite\",\"@id\":\"https:\/\/www.armaton.com\/#website\",\"url\":\"https:\/\/www.armaton.com\/\",\"name\":\"Armaton\",\"description\":\"Armaton Solutions \u2013 Desire To Improve\",\"potentialAction\":[{\"@type\":\"SearchAction\",\"target\":{\"@type\":\"EntryPoint\",\"urlTemplate\":\"https:\/\/www.armaton.com\/?s={search_term_string}\"},\"query-input\":\"required name=search_term_string\"}],\"inLanguage\":\"fr-FR\"}]}<\/script>\n<!-- \/ Yoast SEO plugin. -->","yoast_head_json":{"title":"Accessoires Modular Platform - Armaton","description":"Il existe de nombreux accessoires diff\u00e9rents disponibles pour Armaton Modular Platform.. D\u00e9couvrez ce qui est disponible ici.","robots":{"index":"index","follow":"follow","max-snippet":"max-snippet:-1","max-image-preview":"max-image-preview:large","max-video-preview":"max-video-preview:-1"},"canonical":"https:\/\/www.armaton.com\/fr\/accessories-modular-platform\/","og_locale":"fr_FR","og_type":"article","og_title":"Accessoires Modular Platform - Armaton","og_description":"Il existe de nombreux accessoires diff\u00e9rents disponibles pour Armaton Modular Platform.. D\u00e9couvrez ce qui est disponible ici.","og_url":"https:\/\/www.armaton.com\/fr\/accessories-modular-platform\/","og_site_name":"Armaton","article_modified_time":"2025-09-15T09:32:36+00:00","twitter_card":"summary_large_image","twitter_misc":{"Dur\u00e9e de lecture estim\u00e9e":"1 minute"},"schema":{"@context":"https:\/\/schema.org","@graph":[{"@type":"WebPage","@id":"https:\/\/www.armaton.com\/fr\/accessories-modular-platform\/","url":"https:\/\/www.armaton.com\/fr\/accessories-modular-platform\/","name":"Accessoires Modular Platform - Armaton","isPartOf":{"@id":"https:\/\/www.armaton.com\/#website"},"datePublished":"2021-11-10T10:11:49+00:00","dateModified":"2025-09-15T09:32:36+00:00","description":"Il existe de nombreux accessoires diff\u00e9rents disponibles pour Armaton Modular Platform.. D\u00e9couvrez ce qui est disponible ici.","breadcrumb":{"@id":"https:\/\/www.armaton.com\/fr\/accessories-modular-platform\/#breadcrumb"},"inLanguage":"fr-FR","potentialAction":[{"@type":"ReadAction","target":["https:\/\/www.armaton.com\/fr\/accessories-modular-platform\/"]}]},{"@type":"BreadcrumbList","@id":"https:\/\/www.armaton.com\/fr\/accessories-modular-platform\/#breadcrumb","itemListElement":[{"@type":"ListItem","position":1,"name":"Home","item":"https:\/\/www.armaton.com\/fr\/"},{"@type":"ListItem","position":2,"name":"Accessoires Modular Platform"}]},{"@type":"WebSite","@id":"https:\/\/www.armaton.com\/#website","url":"https:\/\/www.armaton.com\/","name":"Armaton","description":"Armaton Solutions \u2013 Desire To Improve","potentialAction":[{"@type":"SearchAction","target":{"@type":"EntryPoint","urlTemplate":"https:\/\/www.armaton.com\/?s={search_term_string}"},"query-input":"required name=search_term_string"}],"inLanguage":"fr-FR"}]}},"_links":{"self":[{"href":"https:\/\/www.armaton.com\/fr\/wp-json\/wp\/v2\/pages\/9035","targetHints":{"allow":["GET"]}}],"collection":[{"href":"https:\/\/www.armaton.com\/fr\/wp-json\/wp\/v2\/pages"}],"about":[{"href":"https:\/\/www.armaton.com\/fr\/wp-json\/wp\/v2\/types\/page"}],"author":[{"embeddable":true,"href":"https:\/\/www.armaton.com\/fr\/wp-json\/wp\/v2\/users\/2"}],"replies":[{"embeddable":true,"href":"https:\/\/www.armaton.com\/fr\/wp-json\/wp\/v2\/comments?post=9035"}],"version-history":[{"count":37,"href":"https:\/\/www.armaton.com\/fr\/wp-json\/wp\/v2\/pages\/9035\/revisions"}],"predecessor-version":[{"id":14027,"href":"https:\/\/www.armaton.com\/fr\/wp-json\/wp\/v2\/pages\/9035\/revisions\/14027"}],"wp:attachment":[{"href":"https:\/\/www.armaton.com\/fr\/wp-json\/wp\/v2\/media?parent=9035"}],"curies":[{"name":"wp","href":"https:\/\/api.w.org\/{rel}","templated":true}]}}