{"id":4285,"date":"2018-05-04T14:54:13","date_gmt":"2018-05-04T14:54:13","guid":{"rendered":"https:\/\/www.armaton.com\/start-page\/"},"modified":"2023-04-26T14:07:08","modified_gmt":"2023-04-26T14:07:08","slug":"start-page","status":"publish","type":"page","link":"https:\/\/www.armaton.com\/pl\/","title":{"rendered":"Rozwi\u0105zania dla lekkich pojazd\u00f3w u\u017cytkowych"},"content":{"rendered":"<div id=\"pl-4285\"  class=\"panel-layout\" ><div id=\"pg-4285-0\"  class=\"panel-grid panel-has-style\" ><div class=\"siteorigin-panels-stretch panel-row-style panel-row-style-for-4285-0\" data-stretch-type=\"full-stretched\" ><div id=\"pgc-4285-0-0\"  class=\"panel-grid-cell\" ><div id=\"panel-4285-0-0-0\" class=\"so-panel widget widget_fa-hero-banner-widget panel-first-child panel-last-child\" data-index=\"0\" ><div class=\"panel-widget-style panel-widget-style-for-4285-0-0-0\" ><div\n\t\t\t\n\t\t\tclass=\"so-widget-fa-hero-banner-widget so-widget-fa-hero-banner-widget-video-1f8c978b3609-4285\"\n\t\t\t\n\t\t><div class=\"forankra-hero-banner\"\n    data-yt-id=\"yRjghNc-2fw\"\n    data-widget-id=\"widget-0-0-0\"\n    data-mobile-breakpoint=\"880\"\n    data-ratio=\"0.5625\">\n\n    <section class=\"cover\">\n            <div class=\"tv\">\n            <div id=\"video-overlay\"><\/div>\n            <div class=\"screen\" id=\"forankra-hero-banner-video-widget-0-0-0\"><\/div>\n            <\/div>\n    <\/section>\n    <section class=\"hero-content\">\n        <div class=\"content\">\n            <p><span style=\"font-size: 21px;\">ROZWI\u0104ZANIA ARMATON<\/span><\/p>\n<h1>Determined to Improve*<\/h1>\n<p><span style=\"font-size: 21px;\">To nasza obietnica. Ci\u0105g\u0142e doskonalenie rozwi\u0105za\u0144 zapewniaj\u0105cych lepsz\u0105 funkcjonalno\u015b\u0107, bezpiecze\u0144stwo i rentowno\u015b\u0107 dla u\u017cytkownik\u00f3w lekkich samochod\u00f3w dostawczych.<\/span><\/p>\n<p>* Ci\u0105g\u0142e ulepszanie<\/p>\n<p>&nbsp;<\/p>\n            <div class=\"button-container left\"><a href=\"https:\/\/www.armaton.com\/pl\/o-firmie\/\" class=\"forankra-hero-banner-button\">Dowiedz si\u0119 wi\u0119cej &gt;<\/a><\/div>        <\/div>\n    <\/section>\n<\/div>\n<\/div><\/div><\/div><\/div><\/div><\/div><div id=\"pg-4285-1\"  class=\"panel-grid panel-has-style\" ><div class=\"siteorigin-panels-stretch panel-row-style panel-row-style-for-4285-1\" data-stretch-type=\"full-stretched\" ><div id=\"pgc-4285-1-0\"  class=\"panel-grid-cell\" ><div id=\"panel-4285-1-0-0\" class=\"so-panel widget widget_fa-hero-banner-widget panel-first-child panel-last-child\" data-index=\"1\" ><div\n\t\t\t\n\t\t\tclass=\"so-widget-fa-hero-banner-widget so-widget-fa-hero-banner-widget-default-cd1e29ff90d7-4285\"\n\t\t\t\n\t\t><div class=\"forankra-hero-banner\">\n    <img loading=\"lazy\" decoding=\"async\" width=\"2592\" height=\"1010\" src=\"https:\/\/www.armaton.com\/wp-content\/uploads\/sites\/14\/2019\/05\/Start_puff_4.jpg\" class=\"forankra-hero-banner-image\" alt=\"\" srcset=\"https:\/\/www.armaton.com\/wp-content\/uploads\/sites\/14\/2019\/05\/Start_puff_4.jpg 2592w, https:\/\/www.armaton.com\/wp-content\/uploads\/sites\/14\/2019\/05\/Start_puff_4-300x117.jpg 300w, https:\/\/www.armaton.com\/wp-content\/uploads\/sites\/14\/2019\/05\/Start_puff_4-768x299.jpg 768w, https:\/\/www.armaton.com\/wp-content\/uploads\/sites\/14\/2019\/05\/Start_puff_4-1024x399.jpg 1024w, https:\/\/www.armaton.com\/wp-content\/uploads\/sites\/14\/2019\/05\/Start_puff_4-600x234.jpg 600w\" sizes=\"auto, (max-width: 2592px) 100vw, 2592px\" \/>    <section class=\"hero-content\">\n    <div class=\"content\">\n        <h3><strong>Armaton Modular Platform Kit<\/strong><strong> \u2013 idealne dopasowanie.<\/strong><\/h3>\n<span style=\"font-size: 18px\">Innowacyjne rozwi\u0105zanie dla wywrotek i pojazd\u00f3w z nadwoziem skrzyniowym o \u0142adowno\u015bci do 3,5 tony. System montuje si\u0119 bez u\u017cycia specjalnych narz\u0119dzi, co zajmuje u\u0142amek czasu wymaganego do budowy klasycznej konstrukcji. Zapewnia oszcz\u0119dno\u015b\u0107 czasu i pieni\u0119dzy. <\/span>\n<br \/>\n<br \/>\n<br \/>        <div class=\"button-container left\"><a href=\"https:\/\/www.armaton.com\/pl\/platforma-modulowa\" class=\"forankra-hero-banner-button\">Dowiedz si\u0119 wi\u0119cej &gt;<\/a><\/div>    <\/div>\n    <\/section>\n<\/div>\n<\/div><\/div><\/div><\/div><\/div><div id=\"pg-4285-2\"  class=\"panel-grid panel-has-style\" ><div class=\"siteorigin-panels-stretch panel-row-style panel-row-style-for-4285-2\" data-stretch-type=\"full-stretched\" ><div id=\"pgc-4285-2-0\"  class=\"panel-grid-cell\" ><div id=\"panel-4285-2-0-0\" class=\"so-panel widget widget_sow-image panel-first-child panel-last-child\" data-index=\"2\" ><div\n\t\t\t\n\t\t\tclass=\"so-widget-sow-image so-widget-sow-image-default-dbf295114b96-4285\"\n\t\t\t\n\t\t>\n\n<div class=\"sow-image-container\">\n\t\t<img decoding=\"async\" src=\"https:\/\/www.armaton.com\/wp-content\/uploads\/sites\/14\/2019\/06\/Lastsakring_flak1040x644-768x459.png\" width=\"768\" height=\"459\" srcset=\"https:\/\/www.armaton.com\/wp-content\/uploads\/sites\/14\/2019\/06\/Lastsakring_flak1040x644-768x459.png 768w, https:\/\/www.armaton.com\/wp-content\/uploads\/sites\/14\/2019\/06\/Lastsakring_flak1040x644-300x179.png 300w, https:\/\/www.armaton.com\/wp-content\/uploads\/sites\/14\/2019\/06\/Lastsakring_flak1040x644-1024x612.png 1024w, https:\/\/www.armaton.com\/wp-content\/uploads\/sites\/14\/2019\/06\/Lastsakring_flak1040x644-600x359.png 600w, https:\/\/www.armaton.com\/wp-content\/uploads\/sites\/14\/2019\/06\/Lastsakring_flak1040x644.png 1077w\" sizes=\"auto, (max-width: 768px) 100vw, 768px\" title=\"Lastsakring_flak,1040&#215;644\" alt=\"  \" loading=\"lazy\" \t\tclass=\"so-widget-image\"\/>\n\t<\/div>\n\n<\/div><\/div><\/div><div id=\"pgc-4285-2-1\"  class=\"panel-grid-cell\" ><div id=\"panel-4285-2-1-0\" class=\"so-panel widget widget_siteorigin-panels-builder panel-first-child panel-last-child\" data-index=\"3\" ><div class=\"panel-widget-style panel-widget-style-for-4285-2-1-0\" ><div id=\"pl-w5e8c7897dd1b7\"  class=\"panel-layout\" ><div id=\"pg-w5e8c7897dd1b7-0\"  class=\"panel-grid panel-no-style\" ><div id=\"pgc-w5e8c7897dd1b7-0-0\"  class=\"panel-grid-cell panel-grid-cell-empty\" ><\/div><div id=\"pgc-w5e8c7897dd1b7-0-1\"  class=\"panel-grid-cell panel-grid-cell-mobile-last\" ><div id=\"panel-w5e8c7897dd1b7-0-1-0\" class=\"so-panel widget widget_sow-editor panel-first-child\" data-index=\"0\" ><div\n\t\t\t\n\t\t\tclass=\"so-widget-sow-editor so-widget-sow-editor-base\"\n\t\t\t\n\t\t>\n<div class=\"siteorigin-widget-tinymce textwidget\">\n\t<h3><span style=\"font-size: 28px;\"><strong><span style=\"font-size: 28px;\">Dzi\u0119ki Armaton ci\u0119\u017cka praca staje si\u0119 znacznie \u0142atwiejsza. To takie proste.\u00a0<\/span><\/strong><\/span><\/h3>\n<p><span style=\"font-size: 18px;\">Bez wzgl\u0119du na to, czy konstruujesz wywrotki, wynajmujesz je, czy przewozisz \u0142adunek - jako\u015b\u0107, prostota i funkcjonalno\u015b\u0107 maj\u0105 zasadnicze znaczenie dla wykonania ka\u017cdego zadania. Prawda?\u00a0<\/span><\/p>\n<\/div>\n<\/div><\/div><div id=\"panel-w5e8c7897dd1b7-0-1-1\" class=\"so-panel widget widget_sow-button panel-last-child\" data-index=\"1\" ><div\n\t\t\t\n\t\t\tclass=\"so-widget-sow-button so-widget-sow-button-flat-d23e0acbfdd0\"\n\t\t\t\n\t\t><div class=\"ow-button-base ow-button-align-left\">\n\t<a\n\thref=\"https:\/\/www.armaton.com\/pl\/dlaczego-armaton\/\"\n\t\tclass=\"ow-icon-placement-left ow-button-hover\" \t>\n\t\t<span>\n\t\t\t\n\t\t\tDowiedz si\u0119 wi\u0119cej  &gt;\t\t<\/span>\n\t<\/a>\n<\/div>\n<\/div><\/div><\/div><div id=\"pgc-w5e8c7897dd1b7-0-2\"  class=\"panel-grid-cell panel-grid-cell-empty\" ><\/div><\/div><\/div><\/div><\/div><\/div><\/div><\/div><div id=\"pg-4285-3\"  class=\"panel-grid panel-has-style\" ><div class=\"siteorigin-panels-stretch panel-row-style panel-row-style-for-4285-3\" data-stretch-type=\"full-stretched\" ><div id=\"pgc-4285-3-0\"  class=\"panel-grid-cell\" ><div id=\"panel-4285-3-0-0\" class=\"so-panel widget widget_siteorigin-panels-builder panel-first-child panel-last-child\" data-index=\"4\" ><div class=\"panel-widget-style panel-widget-style-for-4285-3-0-0\" ><div id=\"pl-w5e7a0335adf22\"  class=\"panel-layout\" ><div id=\"pg-w5e7a0335adf22-0\"  class=\"panel-grid panel-no-style\" ><div id=\"pgc-w5e7a0335adf22-0-0\"  class=\"panel-grid-cell panel-grid-cell-empty\" ><\/div><div id=\"pgc-w5e7a0335adf22-0-1\"  class=\"panel-grid-cell panel-grid-cell-mobile-last\" ><div id=\"panel-w5e7a0335adf22-0-1-0\" class=\"so-panel widget widget_sow-editor panel-first-child\" data-index=\"0\" ><div\n\t\t\t\n\t\t\tclass=\"so-widget-sow-editor so-widget-sow-editor-base\"\n\t\t\t\n\t\t>\n<div class=\"siteorigin-widget-tinymce textwidget\">\n\t<h3><strong>\u0141atwe w monta\u017cu, niezawodne rozwi\u0105zania.\u00a0<\/strong><\/h3>\n<p><span style=\"font-size: 18px;\">Wytrzyma\u0142e, odporne na korozj\u0119, aluminiowe systemy blokad i s\u0142upk\u00f3w o niskich kosztach utrzymania.\u00a0<\/span><\/p>\n<\/div>\n<\/div><\/div><div id=\"panel-w5e7a0335adf22-0-1-1\" class=\"so-panel widget widget_sow-button panel-last-child\" data-index=\"1\" ><div\n\t\t\t\n\t\t\tclass=\"so-widget-sow-button so-widget-sow-button-flat-d23e0acbfdd0\"\n\t\t\t\n\t\t><div class=\"ow-button-base ow-button-align-left\">\n\t<a\n\thref=\"https:\/\/www.armaton.com\/pl\/systemy-armaton\/\"\n\t\tclass=\"ow-icon-placement-left ow-button-hover\" \t>\n\t\t<span>\n\t\t\t\n\t\t\tDowiedz si\u0119 wi\u0119cej &gt;\t\t<\/span>\n\t<\/a>\n<\/div>\n<\/div><\/div><\/div><div id=\"pgc-w5e7a0335adf22-0-2\"  class=\"panel-grid-cell panel-grid-cell-empty\" ><\/div><\/div><\/div><\/div><\/div><\/div><div id=\"pgc-4285-3-1\"  class=\"panel-grid-cell panel-grid-cell-mobile-last\" ><div id=\"panel-4285-3-1-0\" class=\"so-panel widget widget_sow-image panel-first-child panel-last-child\" data-index=\"5\" ><div\n\t\t\t\n\t\t\tclass=\"so-widget-sow-image so-widget-sow-image-default-dbf295114b96-4285\"\n\t\t\t\n\t\t>\n\n<div class=\"sow-image-container\">\n\t\t<img decoding=\"async\" src=\"https:\/\/www.armaton.com\/wp-content\/uploads\/sites\/14\/2019\/06\/Collage_3000-4000XF1700x1200-768x528.png\" width=\"768\" height=\"528\" srcset=\"https:\/\/www.armaton.com\/wp-content\/uploads\/sites\/14\/2019\/06\/Collage_3000-4000XF1700x1200-768x528.png 768w, https:\/\/www.armaton.com\/wp-content\/uploads\/sites\/14\/2019\/06\/Collage_3000-4000XF1700x1200-300x206.png 300w, https:\/\/www.armaton.com\/wp-content\/uploads\/sites\/14\/2019\/06\/Collage_3000-4000XF1700x1200-1024x703.png 1024w, https:\/\/www.armaton.com\/wp-content\/uploads\/sites\/14\/2019\/06\/Collage_3000-4000XF1700x1200-600x412.png 600w, https:\/\/www.armaton.com\/wp-content\/uploads\/sites\/14\/2019\/06\/Collage_3000-4000XF1700x1200.png 1747w\" sizes=\"auto, (max-width: 768px) 100vw, 768px\" title=\"Collage_3000-4000XF,1700&#215;1200\" alt=\"\" loading=\"lazy\" \t\tclass=\"so-widget-image\"\/>\n\t<\/div>\n\n<\/div><\/div><\/div><div id=\"pgc-4285-3-2\"  class=\"panel-grid-cell panel-grid-cell-empty\" ><\/div><\/div><\/div><div id=\"pg-4285-4\"  class=\"panel-grid panel-has-style\" ><div class=\"siteorigin-panels-stretch panel-row-style panel-row-style-for-4285-4\" data-stretch-type=\"full-stretched\" ><div id=\"pgc-4285-4-0\"  class=\"panel-grid-cell\" ><div id=\"panel-4285-4-0-0\" class=\"so-panel widget widget_fa-hero-banner-widget panel-first-child panel-last-child\" data-index=\"6\" ><div class=\"panel-widget-style panel-widget-style-for-4285-4-0-0\" ><div\n\t\t\t\n\t\t\tclass=\"so-widget-fa-hero-banner-widget so-widget-fa-hero-banner-widget-default-c7338376c3a6-4285\"\n\t\t\t\n\t\t><div class=\"forankra-hero-banner\">\n    <img loading=\"lazy\" decoding=\"async\" width=\"2650\" height=\"1385\" src=\"https:\/\/www.armaton.com\/wp-content\/uploads\/sites\/14\/2019\/06\/Start_puff_5_b.jpg\" class=\"forankra-hero-banner-image\" alt=\"\" srcset=\"https:\/\/www.armaton.com\/wp-content\/uploads\/sites\/14\/2019\/06\/Start_puff_5_b.jpg 2650w, https:\/\/www.armaton.com\/wp-content\/uploads\/sites\/14\/2019\/06\/Start_puff_5_b-300x157.jpg 300w, https:\/\/www.armaton.com\/wp-content\/uploads\/sites\/14\/2019\/06\/Start_puff_5_b-768x401.jpg 768w, https:\/\/www.armaton.com\/wp-content\/uploads\/sites\/14\/2019\/06\/Start_puff_5_b-1024x535.jpg 1024w, https:\/\/www.armaton.com\/wp-content\/uploads\/sites\/14\/2019\/06\/Start_puff_5_b-600x314.jpg 600w\" sizes=\"auto, (max-width: 2650px) 100vw, 2650px\" \/>    <section class=\"hero-content\">\n    <div class=\"content\">\n        <span style=\"color: #ffffff;font-size: 21px\">ARMATON - ARTYKU\u0141Y<\/span>\n<h3><span style=\"color: #ffffff\"><strong><span lang=\"EN-GB\">Konstruktorzy nadwozi.<\/span><\/strong><\/span><\/h3>\n<span style=\"color: #ffffff;font-size: 21px\">Dla kierownika dzia\u0142u bada\u0144 i rozwoju w firmie specjalizuj\u0105cej si\u0119 w produkcji nadwozi, elastyczno\u015b\u0107 i solidno\u015b\u0107 maj\u0105 fundamentalne znaczenie dla og\u00f3lnego procesu konstrukcyjnego wywrotki lub skrzyni \u0142adunkowej, dlatego profile aluminiowe, kt\u00f3re mo\u017cna \u0142atwo zintegrowa\u0107 z konstrukcj\u0105 nadwozia, s\u0105 tak kluczowe - podobnie jak niskie koszty produkcji i wytrzyma\u0142o\u015b\u0107 produktu.<\/span>\n\n<span style=\"color: #ffffff\"><span style=\"font-size: 21px\">Wystarczy zapyta\u0107 Autokaross w Floby, Szwecja, konstruktor\u00f3w nadwozi do pojazd\u00f3w z platform\u0105 i pojazd\u00f3w z nadwoziem skrzyniowym. <\/span><\/span>\n<br \/>\n<br \/>\n<br \/>        <div class=\"button-container left\"><a href=\"https:\/\/www.armaton.com\/pl\/konstruktorzy-nadwozi\/\" class=\"forankra-hero-banner-button\">Dowiedz si\u0119 wi\u0119cej &gt;<\/a><\/div>    <\/div>\n    <\/section>\n<\/div>\n<\/div><\/div><\/div><\/div><\/div><\/div><\/div>","protected":false},"excerpt":{"rendered":"<p>ROZWI\u0104ZANIA ARMATON Determined to Improve* To nasza obietnica. Ci\u0105g\u0142e doskonalenie rozwi\u0105za\u0144 zapewniaj\u0105cych lepsz\u0105 funkcjonalno\u015b\u0107, bezpiecze\u0144stwo i rentowno\u015b\u0107 dla u\u017cytkownik\u00f3w lekkich samochod\u00f3w dostawczych. * Ci\u0105g\u0142e ulepszanie &nbsp; Dowiedz si\u0119 wi\u0119cej &gt; Armaton Modular Platform Kit \u2013 idealne dopasowanie. Innowacyjne rozwi\u0105zanie dla wywrotek i pojazd\u00f3w z nadwoziem skrzyniowym o \u0142adowno\u015bci do 3,5 tony. System montuje si\u0119 bez [&hellip;]<\/p>\n","protected":false},"author":1,"featured_media":0,"parent":0,"menu_order":0,"comment_status":"closed","ping_status":"closed","template":"","meta":{"footnotes":""},"class_list":["post-4285","page","type-page","status-publish","hentry"],"yoast_head":"<!-- This site is optimized with the Yoast SEO plugin v20.4 - https:\/\/yoast.com\/wordpress\/plugins\/seo\/ -->\n<title>Rozwi\u0105zania dla lekkich pojazd\u00f3w u\u017cytkowych - Armaton<\/title>\n<meta name=\"description\" content=\"Armaton jest producentem s\u0142upk\u00f3w, zamkni\u0119\u0107 burtowych oraz platform modu\u0142owych dla lekkich pojazd\u00f3w u\u017cytkowych (LCV), zapewniaj\u0105cych maksymaln\u0105 \u0142adowno\u015b\u0107 jak i bezpieczny i op\u0142acalny transport.\" \/>\n<meta name=\"robots\" content=\"index, follow, max-snippet:-1, max-image-preview:large, max-video-preview:-1\" \/>\n<link rel=\"canonical\" href=\"https:\/\/www.armaton.com\/pl\/\" \/>\n<meta property=\"og:locale\" content=\"pl_PL\" \/>\n<meta property=\"og:type\" content=\"article\" \/>\n<meta property=\"og:title\" content=\"Rozwi\u0105zania dla lekkich pojazd\u00f3w u\u017cytkowych - Armaton\" \/>\n<meta property=\"og:description\" content=\"Armaton jest producentem s\u0142upk\u00f3w, zamkni\u0119\u0107 burtowych oraz platform modu\u0142owych dla lekkich pojazd\u00f3w u\u017cytkowych (LCV), zapewniaj\u0105cych maksymaln\u0105 \u0142adowno\u015b\u0107 jak i bezpieczny i op\u0142acalny transport.\" \/>\n<meta property=\"og:url\" content=\"https:\/\/www.armaton.com\/pl\/\" \/>\n<meta property=\"og:site_name\" content=\"Armaton\" \/>\n<meta property=\"article:modified_time\" content=\"2023-04-26T14:07:08+00:00\" \/>\n<meta name=\"twitter:card\" content=\"summary_large_image\" \/>\n<meta name=\"twitter:label1\" content=\"Szacowany czas czytania\" \/>\n\t<meta name=\"twitter:data1\" content=\"1 minuta\" \/>\n<script type=\"application\/ld+json\" class=\"yoast-schema-graph\">{\"@context\":\"https:\/\/schema.org\",\"@graph\":[{\"@type\":\"WebPage\",\"@id\":\"https:\/\/www.armaton.com\/pl\/\",\"url\":\"https:\/\/www.armaton.com\/pl\/\",\"name\":\"Rozwi\u0105zania dla lekkich pojazd\u00f3w u\u017cytkowych - Armaton\",\"isPartOf\":{\"@id\":\"https:\/\/www.armaton.com\/#website\"},\"datePublished\":\"2018-05-04T14:54:13+00:00\",\"dateModified\":\"2023-04-26T14:07:08+00:00\",\"description\":\"Armaton jest producentem s\u0142upk\u00f3w, zamkni\u0119\u0107 burtowych oraz platform modu\u0142owych dla lekkich pojazd\u00f3w u\u017cytkowych (LCV), zapewniaj\u0105cych maksymaln\u0105 \u0142adowno\u015b\u0107 jak i bezpieczny i op\u0142acalny transport.\",\"breadcrumb\":{\"@id\":\"https:\/\/www.armaton.com\/pl\/#breadcrumb\"},\"inLanguage\":\"pl-PL\",\"potentialAction\":[{\"@type\":\"ReadAction\",\"target\":[\"https:\/\/www.armaton.com\/pl\/\"]}]},{\"@type\":\"BreadcrumbList\",\"@id\":\"https:\/\/www.armaton.com\/pl\/#breadcrumb\",\"itemListElement\":[{\"@type\":\"ListItem\",\"position\":1,\"name\":\"Home\",\"item\":\"https:\/\/www.armaton.com\/pl\/\"},{\"@type\":\"ListItem\",\"position\":2,\"name\":\"Rozwi\u0105zania dla lekkich pojazd\u00f3w u\u017cytkowych\"}]},{\"@type\":\"WebSite\",\"@id\":\"https:\/\/www.armaton.com\/#website\",\"url\":\"https:\/\/www.armaton.com\/\",\"name\":\"Armaton\",\"description\":\"Armaton Solutions \u2013 Desire To Improve\",\"potentialAction\":[{\"@type\":\"SearchAction\",\"target\":{\"@type\":\"EntryPoint\",\"urlTemplate\":\"https:\/\/www.armaton.com\/?s={search_term_string}\"},\"query-input\":\"required name=search_term_string\"}],\"inLanguage\":\"pl-PL\"}]}<\/script>\n<!-- \/ Yoast SEO plugin. -->","yoast_head_json":{"title":"Rozwi\u0105zania dla lekkich pojazd\u00f3w u\u017cytkowych - Armaton","description":"Armaton jest producentem s\u0142upk\u00f3w, zamkni\u0119\u0107 burtowych oraz platform modu\u0142owych dla lekkich pojazd\u00f3w u\u017cytkowych (LCV), zapewniaj\u0105cych maksymaln\u0105 \u0142adowno\u015b\u0107 jak i bezpieczny i op\u0142acalny transport.","robots":{"index":"index","follow":"follow","max-snippet":"max-snippet:-1","max-image-preview":"max-image-preview:large","max-video-preview":"max-video-preview:-1"},"canonical":"https:\/\/www.armaton.com\/pl\/","og_locale":"pl_PL","og_type":"article","og_title":"Rozwi\u0105zania dla lekkich pojazd\u00f3w u\u017cytkowych - Armaton","og_description":"Armaton jest producentem s\u0142upk\u00f3w, zamkni\u0119\u0107 burtowych oraz platform modu\u0142owych dla lekkich pojazd\u00f3w u\u017cytkowych (LCV), zapewniaj\u0105cych maksymaln\u0105 \u0142adowno\u015b\u0107 jak i bezpieczny i op\u0142acalny transport.","og_url":"https:\/\/www.armaton.com\/pl\/","og_site_name":"Armaton","article_modified_time":"2023-04-26T14:07:08+00:00","twitter_card":"summary_large_image","twitter_misc":{"Szacowany czas czytania":"1 minuta"},"schema":{"@context":"https:\/\/schema.org","@graph":[{"@type":"WebPage","@id":"https:\/\/www.armaton.com\/pl\/","url":"https:\/\/www.armaton.com\/pl\/","name":"Rozwi\u0105zania dla lekkich pojazd\u00f3w u\u017cytkowych - Armaton","isPartOf":{"@id":"https:\/\/www.armaton.com\/#website"},"datePublished":"2018-05-04T14:54:13+00:00","dateModified":"2023-04-26T14:07:08+00:00","description":"Armaton jest producentem s\u0142upk\u00f3w, zamkni\u0119\u0107 burtowych oraz platform modu\u0142owych dla lekkich pojazd\u00f3w u\u017cytkowych (LCV), zapewniaj\u0105cych maksymaln\u0105 \u0142adowno\u015b\u0107 jak i bezpieczny i op\u0142acalny transport.","breadcrumb":{"@id":"https:\/\/www.armaton.com\/pl\/#breadcrumb"},"inLanguage":"pl-PL","potentialAction":[{"@type":"ReadAction","target":["https:\/\/www.armaton.com\/pl\/"]}]},{"@type":"BreadcrumbList","@id":"https:\/\/www.armaton.com\/pl\/#breadcrumb","itemListElement":[{"@type":"ListItem","position":1,"name":"Home","item":"https:\/\/www.armaton.com\/pl\/"},{"@type":"ListItem","position":2,"name":"Rozwi\u0105zania dla lekkich pojazd\u00f3w u\u017cytkowych"}]},{"@type":"WebSite","@id":"https:\/\/www.armaton.com\/#website","url":"https:\/\/www.armaton.com\/","name":"Armaton","description":"Armaton Solutions \u2013 Desire To Improve","potentialAction":[{"@type":"SearchAction","target":{"@type":"EntryPoint","urlTemplate":"https:\/\/www.armaton.com\/?s={search_term_string}"},"query-input":"required name=search_term_string"}],"inLanguage":"pl-PL"}]}},"_links":{"self":[{"href":"https:\/\/www.armaton.com\/pl\/wp-json\/wp\/v2\/pages\/4285","targetHints":{"allow":["GET"]}}],"collection":[{"href":"https:\/\/www.armaton.com\/pl\/wp-json\/wp\/v2\/pages"}],"about":[{"href":"https:\/\/www.armaton.com\/pl\/wp-json\/wp\/v2\/types\/page"}],"author":[{"embeddable":true,"href":"https:\/\/www.armaton.com\/pl\/wp-json\/wp\/v2\/users\/1"}],"replies":[{"embeddable":true,"href":"https:\/\/www.armaton.com\/pl\/wp-json\/wp\/v2\/comments?post=4285"}],"version-history":[{"count":25,"href":"https:\/\/www.armaton.com\/pl\/wp-json\/wp\/v2\/pages\/4285\/revisions"}],"predecessor-version":[{"id":12079,"href":"https:\/\/www.armaton.com\/pl\/wp-json\/wp\/v2\/pages\/4285\/revisions\/12079"}],"wp:attachment":[{"href":"https:\/\/www.armaton.com\/pl\/wp-json\/wp\/v2\/media?parent=4285"}],"curies":[{"name":"wp","href":"https:\/\/api.w.org\/{rel}","templated":true}]}}