{"id":6418,"date":"2020-03-18T13:26:25","date_gmt":"2020-03-18T13:26:25","guid":{"rendered":"https:\/\/www.armaton.com\/?page_id=6418"},"modified":"2023-04-25T13:49:35","modified_gmt":"2023-04-25T13:49:35","slug":"dlaczego-armaton","status":"publish","type":"page","link":"https:\/\/www.armaton.com\/pl\/dlaczego-armaton\/","title":{"rendered":"Dlaczego Armaton"},"content":{"rendered":"<div id=\"pl-6418\"  class=\"panel-layout\" ><div id=\"pg-6418-0\"  class=\"panel-grid panel-has-style\" ><div class=\"siteorigin-panels-stretch panel-row-style panel-row-style-for-6418-0\" data-stretch-type=\"full-stretched\" ><div id=\"pgc-6418-0-0\"  class=\"panel-grid-cell\" ><div id=\"panel-6418-0-0-0\" class=\"so-panel widget widget_fa-hero-banner-widget panel-first-child panel-last-child\" data-index=\"0\" ><div class=\"panel-widget-style panel-widget-style-for-6418-0-0-0\" ><div\n\t\t\t\n\t\t\tclass=\"so-widget-fa-hero-banner-widget so-widget-fa-hero-banner-widget-default-dd55af4e85f0-6418\"\n\t\t\t\n\t\t><div class=\"forankra-hero-banner\">\n    <img loading=\"lazy\" decoding=\"async\" width=\"2000\" height=\"830\" src=\"https:\/\/www.armaton.com\/wp-content\/uploads\/sites\/14\/2019\/06\/RagnvaldA2650x1100.png\" class=\"forankra-hero-banner-image\" alt=\"\" srcset=\"https:\/\/www.armaton.com\/wp-content\/uploads\/sites\/14\/2019\/06\/RagnvaldA2650x1100.png 2000w, https:\/\/www.armaton.com\/wp-content\/uploads\/sites\/14\/2019\/06\/RagnvaldA2650x1100-300x125.png 300w, https:\/\/www.armaton.com\/wp-content\/uploads\/sites\/14\/2019\/06\/RagnvaldA2650x1100-768x319.png 768w, https:\/\/www.armaton.com\/wp-content\/uploads\/sites\/14\/2019\/06\/RagnvaldA2650x1100-1024x425.png 1024w, https:\/\/www.armaton.com\/wp-content\/uploads\/sites\/14\/2019\/06\/RagnvaldA2650x1100-600x249.png 600w\" sizes=\"auto, (max-width: 2000px) 100vw, 2000px\" \/>    <section class=\"hero-content\">\n    <div class=\"content\">\n        <span style=\"color: #ffffff; font-size: 21px;\">ARMATON<\/span>\n<h1><span style=\"color: #ffffff;\">Sprawiamy, \u017ce ci\u0119\u017cka praca staje si\u0119 \u0142atwiejsza. To takie proste.<\/span><\/h1>\n<span lang=\"EN-GB\" style=\"color: #ffffff; font-size: 21px;\">Dla ka\u017cdego u\u017cytkownika system\u00f3w s\u0142upkowych blokad burt istniej\u0105 r\u00f3\u017cne wyzwania i wymagania. Systemy Armaton mog\u0105 za to zaoferowa\u0107 jedn\u0105 rzecz wsp\u00f3ln\u0105 dla wszystkich u\u017cytkownik\u00f3w: spok\u00f3j ducha. Pewno\u015b\u0107, \u017ce produkty s\u0105 bezpieczne. Pewno\u015b\u0107, \u017ce s\u0105 funkcjonalne.\u00a0<\/span>            <\/div>\n    <\/section>\n<\/div>\n<\/div><\/div><\/div><\/div><\/div><\/div><div id=\"pg-6418-1\"  class=\"panel-grid panel-has-style\" ><div class=\"siteorigin-panels-stretch panel-row-style panel-row-style-for-6418-1\" data-stretch-type=\"full-stretched\" ><div id=\"pgc-6418-1-0\"  class=\"panel-grid-cell\" ><div id=\"panel-6418-1-0-0\" class=\"so-panel widget widget_siteorigin-panels-builder panel-first-child panel-last-child\" data-index=\"1\" ><div class=\"panel-widget-style panel-widget-style-for-6418-1-0-0\" ><div id=\"pl-w5e7a04bbf17f8\"  class=\"panel-layout\" ><div id=\"pg-w5e7a04bbf17f8-0\"  class=\"panel-grid panel-no-style\" ><div id=\"pgc-w5e7a04bbf17f8-0-0\"  class=\"panel-grid-cell panel-grid-cell-empty\" ><\/div><div id=\"pgc-w5e7a04bbf17f8-0-1\"  class=\"panel-grid-cell panel-grid-cell-mobile-last\" ><div id=\"panel-w5e7a04bbf17f8-0-1-0\" class=\"so-panel widget widget_sow-editor panel-first-child\" data-index=\"0\" ><div\n\t\t\t\n\t\t\tclass=\"so-widget-sow-editor so-widget-sow-editor-base\"\n\t\t\t\n\t\t>\n<div class=\"siteorigin-widget-tinymce textwidget\">\n\t<h3><strong>\u0141adunek zawsze b\u0119dzie dobrze zabezpieczony\u00a0<\/strong><\/h3>\n<p><span style=\"font-size: 18px;\">Od 1986 roku Armaton produkuje funkcjonalne i zoptymalizowane wagowo systemy s\u0142upkowe do samochod\u00f3w dostawczych, aby zapewni\u0107 maksymaln\u0105 \u0142adowno\u015b\u0107, a tak\u017ce bezpieczny i op\u0142acalny transport.\u00a0<\/span><\/p>\n<\/div>\n<\/div><\/div><div id=\"panel-w5e7a04bbf17f8-0-1-1\" class=\"so-panel widget widget_sow-button panel-last-child\" data-index=\"1\" ><div\n\t\t\t\n\t\t\tclass=\"so-widget-sow-button so-widget-sow-button-flat-d23e0acbfdd0\"\n\t\t\t\n\t\t><div class=\"ow-button-base ow-button-align-left\">\n\t<a\n\thref=\"https:\/\/www.armaton.com\/pl\/systemy-armaton\/\"\n\t\tclass=\"ow-icon-placement-left ow-button-hover\" \t>\n\t\t<span>\n\t\t\t\n\t\t\tDowiedz si\u0119 wi\u0119cej &gt; \t\t<\/span>\n\t<\/a>\n<\/div>\n<\/div><\/div><\/div><div id=\"pgc-w5e7a04bbf17f8-0-2\"  class=\"panel-grid-cell panel-grid-cell-empty\" ><\/div><\/div><\/div><\/div><\/div><\/div><div id=\"pgc-6418-1-1\"  class=\"panel-grid-cell\" ><div id=\"panel-6418-1-1-0\" class=\"so-panel widget widget_sow-image panel-first-child panel-last-child\" data-index=\"2\" ><div\n\t\t\t\n\t\t\tclass=\"so-widget-sow-image so-widget-sow-image-default-dbf295114b96-6418\"\n\t\t\t\n\t\t>\n\n<div class=\"sow-image-container\">\n\t\t<img decoding=\"async\" src=\"https:\/\/www.armaton.com\/wp-content\/uploads\/sites\/14\/2019\/05\/Start_Bodybuilder800x525-768x504.jpg\" width=\"768\" height=\"504\" srcset=\"https:\/\/www.armaton.com\/wp-content\/uploads\/sites\/14\/2019\/05\/Start_Bodybuilder800x525-768x504.jpg 768w, https:\/\/www.armaton.com\/wp-content\/uploads\/sites\/14\/2019\/05\/Start_Bodybuilder800x525-300x197.jpg 300w, https:\/\/www.armaton.com\/wp-content\/uploads\/sites\/14\/2019\/05\/Start_Bodybuilder800x525-600x394.jpg 600w, https:\/\/www.armaton.com\/wp-content\/uploads\/sites\/14\/2019\/05\/Start_Bodybuilder800x525.jpg 800w\" sizes=\"auto, (max-width: 768px) 100vw, 768px\" title=\"Start_Bodybuilder,800&#215;525\" alt=\"\" loading=\"lazy\" \t\tclass=\"so-widget-image\"\/>\n\t<\/div>\n\n<\/div><\/div><\/div><\/div><\/div><div id=\"pg-6418-2\"  class=\"panel-grid panel-has-style\" ><div class=\"siteorigin-panels-stretch panel-row-style panel-row-style-for-6418-2\" data-stretch-type=\"full-stretched\" ><div id=\"pgc-6418-2-0\"  class=\"panel-grid-cell\" ><div id=\"panel-6418-2-0-0\" class=\"so-panel widget widget_sow-image panel-first-child panel-last-child\" data-index=\"3\" ><div\n\t\t\t\n\t\t\tclass=\"so-widget-sow-image so-widget-sow-image-default-dbf295114b96-6418\"\n\t\t\t\n\t\t>\n\n<div class=\"sow-image-container\">\n\t\t<img decoding=\"async\" src=\"https:\/\/www.armaton.com\/wp-content\/uploads\/sites\/14\/2019\/05\/Handtag_ENG746x490.jpg\" width=\"746\" height=\"490\" srcset=\"https:\/\/www.armaton.com\/wp-content\/uploads\/sites\/14\/2019\/05\/Handtag_ENG746x490.jpg 746w, https:\/\/www.armaton.com\/wp-content\/uploads\/sites\/14\/2019\/05\/Handtag_ENG746x490-300x197.jpg 300w, https:\/\/www.armaton.com\/wp-content\/uploads\/sites\/14\/2019\/05\/Handtag_ENG746x490-600x394.jpg 600w\" sizes=\"auto, (max-width: 746px) 100vw, 746px\" title=\"Handtag_ENG,746&#215;490\" alt=\"\" loading=\"lazy\" \t\tclass=\"so-widget-image\"\/>\n\t<\/div>\n\n<\/div><\/div><\/div><div id=\"pgc-6418-2-1\"  class=\"panel-grid-cell\" ><div id=\"panel-6418-2-1-0\" class=\"so-panel widget widget_siteorigin-panels-builder panel-first-child panel-last-child\" data-index=\"4\" ><div class=\"panel-widget-style panel-widget-style-for-6418-2-1-0\" ><div id=\"pl-w5e722309561c1\"  class=\"panel-layout\" ><div id=\"pg-w5e722309561c1-0\"  class=\"panel-grid panel-no-style\" ><div id=\"pgc-w5e722309561c1-0-0\"  class=\"panel-grid-cell panel-grid-cell-empty\" ><\/div><div id=\"pgc-w5e722309561c1-0-1\"  class=\"panel-grid-cell panel-grid-cell-mobile-last\" ><div id=\"panel-w5e722309561c1-0-1-0\" class=\"so-panel widget widget_sow-editor panel-first-child panel-last-child\" data-index=\"0\" ><div\n\t\t\t\n\t\t\tclass=\"so-widget-sow-editor so-widget-sow-editor-base\"\n\t\t\t\n\t\t>\n<div class=\"siteorigin-widget-tinymce textwidget\">\n\t<h3><strong>Funkcjonalno\u015b\u0107 u\u0142atwia prac\u0119\u00a0<\/strong><\/h3>\n<p><span style=\"font-size: 18px;\">Za\u0142adunek i roz\u0142adunek towar\u00f3w powinien by\u0107 zawsze \u0142atwy. Ergonomiczny uchwyt o zakresie ruchu 160 stopni to w\u0142a\u015bnie to, czego potrzebujesz.\u00a0<\/span><\/p>\n<\/div>\n<\/div><\/div><\/div><div id=\"pgc-w5e722309561c1-0-2\"  class=\"panel-grid-cell panel-grid-cell-empty\" ><\/div><\/div><\/div><\/div><\/div><\/div><\/div><\/div><div id=\"pg-6418-3\"  class=\"panel-grid panel-has-style\" ><div class=\"siteorigin-panels-stretch panel-row-style panel-row-style-for-6418-3\" data-stretch-type=\"full-stretched\" ><div id=\"pgc-6418-3-0\"  class=\"panel-grid-cell\" ><div id=\"panel-6418-3-0-0\" class=\"so-panel widget widget_siteorigin-panels-builder panel-first-child panel-last-child\" data-index=\"5\" ><div class=\"panel-widget-style panel-widget-style-for-6418-3-0-0\" ><div id=\"pl-w5e7a04bbf1dca\"  class=\"panel-layout\" ><div id=\"pg-w5e7a04bbf1dca-0\"  class=\"panel-grid panel-no-style\" ><div id=\"pgc-w5e7a04bbf1dca-0-0\"  class=\"panel-grid-cell panel-grid-cell-empty\" ><\/div><div id=\"pgc-w5e7a04bbf1dca-0-1\"  class=\"panel-grid-cell panel-grid-cell-mobile-last\" ><div id=\"panel-w5e7a04bbf1dca-0-1-0\" class=\"so-panel widget widget_sow-editor panel-first-child\" data-index=\"0\" ><div\n\t\t\t\n\t\t\tclass=\"so-widget-sow-editor so-widget-sow-editor-base\"\n\t\t\t\n\t\t>\n<div class=\"siteorigin-widget-tinymce textwidget\">\n\t<h3><strong>Jako\u015b\u0107 przyczynia si\u0119 do wyd\u0142u\u017cenia czasu sprawno\u015bci.\u00a0<\/strong><\/h3>\n<p><span style=\"font-size: 18px;\">Niewa\u017cne, w jakim sektorze pracujesz - czas pracy ma zawsze najwy\u017cszy priorytet. Samochody ci\u0119\u017carowe maj\u0105 by\u0107 w trasie, a nie w warsztacie. Produkty wykonane z anodyzowanego aluminium s\u0105 odporne na korozj\u0119 i po prostu bardziej wytrzyma\u0142e.\u00a0<\/span><\/p>\n<\/div>\n<\/div><\/div><div id=\"panel-w5e7a04bbf1dca-0-1-1\" class=\"so-panel widget widget_sow-button panel-last-child\" data-index=\"1\" ><div\n\t\t\t\n\t\t\tclass=\"so-widget-sow-button so-widget-sow-button-flat-d23e0acbfdd0\"\n\t\t\t\n\t\t><div class=\"ow-button-base ow-button-align-left\">\n\t<a\n\thref=\"https:\/\/www.armaton.com\/pl\/platforma-modulowa\"\n\t\tclass=\"ow-icon-placement-left ow-button-hover\" \t>\n\t\t<span>\n\t\t\t\n\t\t\tDowiedz si\u0119 wi\u0119cej &gt; \t\t<\/span>\n\t<\/a>\n<\/div>\n<\/div><\/div><\/div><div id=\"pgc-w5e7a04bbf1dca-0-2\"  class=\"panel-grid-cell panel-grid-cell-empty\" ><\/div><\/div><\/div><\/div><\/div><\/div><div id=\"pgc-6418-3-1\"  class=\"panel-grid-cell\" ><div id=\"panel-6418-3-1-0\" class=\"so-panel widget widget_sow-image panel-first-child panel-last-child\" data-index=\"6\" ><div\n\t\t\t\n\t\t\tclass=\"so-widget-sow-image so-widget-sow-image-default-dbf295114b96-6418\"\n\t\t\t\n\t\t>\n\n<div class=\"sow-image-container\">\n\t\t<img decoding=\"async\" src=\"https:\/\/www.armaton.com\/wp-content\/uploads\/sites\/14\/2019\/05\/Why_puff_4-768x605.jpg\" width=\"768\" height=\"605\" srcset=\"https:\/\/www.armaton.com\/wp-content\/uploads\/sites\/14\/2019\/05\/Why_puff_4-768x605.jpg 768w, https:\/\/www.armaton.com\/wp-content\/uploads\/sites\/14\/2019\/05\/Why_puff_4-300x236.jpg 300w, https:\/\/www.armaton.com\/wp-content\/uploads\/sites\/14\/2019\/05\/Why_puff_4-1024x807.jpg 1024w, https:\/\/www.armaton.com\/wp-content\/uploads\/sites\/14\/2019\/05\/Why_puff_4-600x473.jpg 600w, https:\/\/www.armaton.com\/wp-content\/uploads\/sites\/14\/2019\/05\/Why_puff_4.jpg 1282w\" sizes=\"auto, (max-width: 768px) 100vw, 768px\" alt=\"\" loading=\"lazy\" \t\tclass=\"so-widget-image\"\/>\n\t<\/div>\n\n<\/div><\/div><\/div><\/div><\/div><\/div>","protected":false},"excerpt":{"rendered":"<p>ARMATON Sprawiamy, \u017ce ci\u0119\u017cka praca staje si\u0119 \u0142atwiejsza. To takie proste. Dla ka\u017cdego u\u017cytkownika system\u00f3w s\u0142upkowych blokad burt istniej\u0105 r\u00f3\u017cne wyzwania i wymagania. Systemy Armaton mog\u0105 za to zaoferowa\u0107 jedn\u0105 rzecz wsp\u00f3ln\u0105 dla wszystkich u\u017cytkownik\u00f3w: spok\u00f3j ducha. Pewno\u015b\u0107, \u017ce produkty s\u0105 bezpieczne. Pewno\u015b\u0107, \u017ce s\u0105 funkcjonalne.\u00a0 \u0141adunek zawsze b\u0119dzie dobrze zabezpieczony\u00a0 Od 1986 roku Armaton [&hellip;]<\/p>\n","protected":false},"author":2,"featured_media":0,"parent":0,"menu_order":0,"comment_status":"closed","ping_status":"closed","template":"","meta":{"footnotes":""},"class_list":["post-6418","page","type-page","status-publish","hentry"],"yoast_head":"<!-- This site is optimized with the Yoast SEO plugin v20.4 - https:\/\/yoast.com\/wordpress\/plugins\/seo\/ -->\n<title>Dlaczego Armaton - Armaton<\/title>\n<meta name=\"description\" content=\"Dla ka\u017cdego u\u017cytkownika system\u00f3w s\u0142upkowych blokad burt istniej\u0105 r\u00f3\u017cne wyzwania i wymagania. Systemy Armaton mog\u0105 za to zaoferowa\u0107 jedn\u0105 rzecz wsp\u00f3ln\u0105 dla wszystkich u\u017cytkownik\u00f3w: spok\u00f3j ducha. Pewno\u015b\u0107, \u017ce produkty s\u0105 bezpieczne. Pewno\u015b\u0107, \u017ce s\u0105 funkcjonalne.\" \/>\n<meta name=\"robots\" content=\"index, follow, max-snippet:-1, max-image-preview:large, max-video-preview:-1\" \/>\n<link rel=\"canonical\" href=\"https:\/\/www.armaton.com\/pl\/dlaczego-armaton\/\" \/>\n<meta property=\"og:locale\" content=\"pl_PL\" \/>\n<meta property=\"og:type\" content=\"article\" \/>\n<meta property=\"og:title\" content=\"Dlaczego Armaton - Armaton\" \/>\n<meta property=\"og:description\" content=\"Dla ka\u017cdego u\u017cytkownika system\u00f3w s\u0142upkowych blokad burt istniej\u0105 r\u00f3\u017cne wyzwania i wymagania. Systemy Armaton mog\u0105 za to zaoferowa\u0107 jedn\u0105 rzecz wsp\u00f3ln\u0105 dla wszystkich u\u017cytkownik\u00f3w: spok\u00f3j ducha. Pewno\u015b\u0107, \u017ce produkty s\u0105 bezpieczne. Pewno\u015b\u0107, \u017ce s\u0105 funkcjonalne.\" \/>\n<meta property=\"og:url\" content=\"https:\/\/www.armaton.com\/pl\/dlaczego-armaton\/\" \/>\n<meta property=\"og:site_name\" content=\"Armaton\" \/>\n<meta property=\"article:modified_time\" content=\"2023-04-25T13:49:35+00:00\" \/>\n<meta name=\"twitter:card\" content=\"summary_large_image\" \/>\n<meta name=\"twitter:label1\" content=\"Szacowany czas czytania\" \/>\n\t<meta name=\"twitter:data1\" content=\"1 minuta\" \/>\n<script type=\"application\/ld+json\" class=\"yoast-schema-graph\">{\"@context\":\"https:\/\/schema.org\",\"@graph\":[{\"@type\":\"WebPage\",\"@id\":\"https:\/\/www.armaton.com\/pl\/dlaczego-armaton\/\",\"url\":\"https:\/\/www.armaton.com\/pl\/dlaczego-armaton\/\",\"name\":\"Dlaczego Armaton - Armaton\",\"isPartOf\":{\"@id\":\"https:\/\/www.armaton.com\/#website\"},\"datePublished\":\"2020-03-18T13:26:25+00:00\",\"dateModified\":\"2023-04-25T13:49:35+00:00\",\"description\":\"Dla ka\u017cdego u\u017cytkownika system\u00f3w s\u0142upkowych blokad burt istniej\u0105 r\u00f3\u017cne wyzwania i wymagania. Systemy Armaton mog\u0105 za to zaoferowa\u0107 jedn\u0105 rzecz wsp\u00f3ln\u0105 dla wszystkich u\u017cytkownik\u00f3w: spok\u00f3j ducha. Pewno\u015b\u0107, \u017ce produkty s\u0105 bezpieczne. Pewno\u015b\u0107, \u017ce s\u0105 funkcjonalne.\",\"breadcrumb\":{\"@id\":\"https:\/\/www.armaton.com\/pl\/dlaczego-armaton\/#breadcrumb\"},\"inLanguage\":\"pl-PL\",\"potentialAction\":[{\"@type\":\"ReadAction\",\"target\":[\"https:\/\/www.armaton.com\/pl\/dlaczego-armaton\/\"]}]},{\"@type\":\"BreadcrumbList\",\"@id\":\"https:\/\/www.armaton.com\/pl\/dlaczego-armaton\/#breadcrumb\",\"itemListElement\":[{\"@type\":\"ListItem\",\"position\":1,\"name\":\"Home\",\"item\":\"https:\/\/www.armaton.com\/pl\/\"},{\"@type\":\"ListItem\",\"position\":2,\"name\":\"Dlaczego Armaton\"}]},{\"@type\":\"WebSite\",\"@id\":\"https:\/\/www.armaton.com\/#website\",\"url\":\"https:\/\/www.armaton.com\/\",\"name\":\"Armaton\",\"description\":\"Armaton Solutions \u2013 Desire To Improve\",\"potentialAction\":[{\"@type\":\"SearchAction\",\"target\":{\"@type\":\"EntryPoint\",\"urlTemplate\":\"https:\/\/www.armaton.com\/?s={search_term_string}\"},\"query-input\":\"required name=search_term_string\"}],\"inLanguage\":\"pl-PL\"}]}<\/script>\n<!-- \/ Yoast SEO plugin. -->","yoast_head_json":{"title":"Dlaczego Armaton - Armaton","description":"Dla ka\u017cdego u\u017cytkownika system\u00f3w s\u0142upkowych blokad burt istniej\u0105 r\u00f3\u017cne wyzwania i wymagania. Systemy Armaton mog\u0105 za to zaoferowa\u0107 jedn\u0105 rzecz wsp\u00f3ln\u0105 dla wszystkich u\u017cytkownik\u00f3w: spok\u00f3j ducha. Pewno\u015b\u0107, \u017ce produkty s\u0105 bezpieczne. Pewno\u015b\u0107, \u017ce s\u0105 funkcjonalne.","robots":{"index":"index","follow":"follow","max-snippet":"max-snippet:-1","max-image-preview":"max-image-preview:large","max-video-preview":"max-video-preview:-1"},"canonical":"https:\/\/www.armaton.com\/pl\/dlaczego-armaton\/","og_locale":"pl_PL","og_type":"article","og_title":"Dlaczego Armaton - Armaton","og_description":"Dla ka\u017cdego u\u017cytkownika system\u00f3w s\u0142upkowych blokad burt istniej\u0105 r\u00f3\u017cne wyzwania i wymagania. Systemy Armaton mog\u0105 za to zaoferowa\u0107 jedn\u0105 rzecz wsp\u00f3ln\u0105 dla wszystkich u\u017cytkownik\u00f3w: spok\u00f3j ducha. Pewno\u015b\u0107, \u017ce produkty s\u0105 bezpieczne. Pewno\u015b\u0107, \u017ce s\u0105 funkcjonalne.","og_url":"https:\/\/www.armaton.com\/pl\/dlaczego-armaton\/","og_site_name":"Armaton","article_modified_time":"2023-04-25T13:49:35+00:00","twitter_card":"summary_large_image","twitter_misc":{"Szacowany czas czytania":"1 minuta"},"schema":{"@context":"https:\/\/schema.org","@graph":[{"@type":"WebPage","@id":"https:\/\/www.armaton.com\/pl\/dlaczego-armaton\/","url":"https:\/\/www.armaton.com\/pl\/dlaczego-armaton\/","name":"Dlaczego Armaton - Armaton","isPartOf":{"@id":"https:\/\/www.armaton.com\/#website"},"datePublished":"2020-03-18T13:26:25+00:00","dateModified":"2023-04-25T13:49:35+00:00","description":"Dla ka\u017cdego u\u017cytkownika system\u00f3w s\u0142upkowych blokad burt istniej\u0105 r\u00f3\u017cne wyzwania i wymagania. Systemy Armaton mog\u0105 za to zaoferowa\u0107 jedn\u0105 rzecz wsp\u00f3ln\u0105 dla wszystkich u\u017cytkownik\u00f3w: spok\u00f3j ducha. Pewno\u015b\u0107, \u017ce produkty s\u0105 bezpieczne. Pewno\u015b\u0107, \u017ce s\u0105 funkcjonalne.","breadcrumb":{"@id":"https:\/\/www.armaton.com\/pl\/dlaczego-armaton\/#breadcrumb"},"inLanguage":"pl-PL","potentialAction":[{"@type":"ReadAction","target":["https:\/\/www.armaton.com\/pl\/dlaczego-armaton\/"]}]},{"@type":"BreadcrumbList","@id":"https:\/\/www.armaton.com\/pl\/dlaczego-armaton\/#breadcrumb","itemListElement":[{"@type":"ListItem","position":1,"name":"Home","item":"https:\/\/www.armaton.com\/pl\/"},{"@type":"ListItem","position":2,"name":"Dlaczego Armaton"}]},{"@type":"WebSite","@id":"https:\/\/www.armaton.com\/#website","url":"https:\/\/www.armaton.com\/","name":"Armaton","description":"Armaton Solutions \u2013 Desire To Improve","potentialAction":[{"@type":"SearchAction","target":{"@type":"EntryPoint","urlTemplate":"https:\/\/www.armaton.com\/?s={search_term_string}"},"query-input":"required name=search_term_string"}],"inLanguage":"pl-PL"}]}},"_links":{"self":[{"href":"https:\/\/www.armaton.com\/pl\/wp-json\/wp\/v2\/pages\/6418","targetHints":{"allow":["GET"]}}],"collection":[{"href":"https:\/\/www.armaton.com\/pl\/wp-json\/wp\/v2\/pages"}],"about":[{"href":"https:\/\/www.armaton.com\/pl\/wp-json\/wp\/v2\/types\/page"}],"author":[{"embeddable":true,"href":"https:\/\/www.armaton.com\/pl\/wp-json\/wp\/v2\/users\/2"}],"replies":[{"embeddable":true,"href":"https:\/\/www.armaton.com\/pl\/wp-json\/wp\/v2\/comments?post=6418"}],"version-history":[{"count":10,"href":"https:\/\/www.armaton.com\/pl\/wp-json\/wp\/v2\/pages\/6418\/revisions"}],"predecessor-version":[{"id":12465,"href":"https:\/\/www.armaton.com\/pl\/wp-json\/wp\/v2\/pages\/6418\/revisions\/12465"}],"wp:attachment":[{"href":"https:\/\/www.armaton.com\/pl\/wp-json\/wp\/v2\/media?parent=6418"}],"curies":[{"name":"wp","href":"https:\/\/api.w.org\/{rel}","templated":true}]}}