{"id":6509,"date":"2020-03-18T15:45:29","date_gmt":"2020-03-18T15:45:29","guid":{"rendered":"https:\/\/www.armaton.com\/?page_id=6509"},"modified":"2023-04-25T13:50:01","modified_gmt":"2023-04-25T13:50:01","slug":"systemy-armaton","status":"publish","type":"page","link":"https:\/\/www.armaton.com\/pl\/systemy-armaton\/","title":{"rendered":"Systemy Armaton"},"content":{"rendered":"<div id=\"pl-6509\"  class=\"panel-layout\" ><div id=\"pg-6509-0\"  class=\"panel-grid panel-has-style\" ><div class=\"siteorigin-panels-stretch panel-row-style panel-row-style-for-6509-0\" data-stretch-type=\"full-stretched\" ><div id=\"pgc-6509-0-0\"  class=\"panel-grid-cell\" ><div id=\"panel-6509-0-0-0\" class=\"so-panel widget widget_fa-hero-banner-widget panel-first-child panel-last-child\" data-index=\"0\" ><div class=\"panel-widget-style panel-widget-style-for-6509-0-0-0\" ><div\n\t\t\t\n\t\t\tclass=\"so-widget-fa-hero-banner-widget so-widget-fa-hero-banner-widget-default-c88eb9a566b1-6509\"\n\t\t\t\n\t\t><div class=\"forankra-hero-banner\">\n    <img loading=\"lazy\" decoding=\"async\" width=\"2650\" height=\"1385\" src=\"https:\/\/www.armaton.com\/wp-content\/uploads\/sites\/14\/2019\/05\/Systems_puff_1.jpg\" class=\"forankra-hero-banner-image\" alt=\"\" srcset=\"https:\/\/www.armaton.com\/wp-content\/uploads\/sites\/14\/2019\/05\/Systems_puff_1.jpg 2650w, https:\/\/www.armaton.com\/wp-content\/uploads\/sites\/14\/2019\/05\/Systems_puff_1-300x157.jpg 300w, https:\/\/www.armaton.com\/wp-content\/uploads\/sites\/14\/2019\/05\/Systems_puff_1-768x401.jpg 768w, https:\/\/www.armaton.com\/wp-content\/uploads\/sites\/14\/2019\/05\/Systems_puff_1-1024x535.jpg 1024w, https:\/\/www.armaton.com\/wp-content\/uploads\/sites\/14\/2019\/05\/Systems_puff_1-600x314.jpg 600w\" sizes=\"auto, (max-width: 2650px) 100vw, 2650px\" \/>    <section class=\"hero-content\">\n    <div class=\"content\">\n        <h1><span style=\"color: #ffffff\">Systemy Armaton<\/span><\/h1>\n<span lang=\"EN-GB\" style=\"color: #ffffff;font-size: 21px\">Systemy Armaton charakteryzuj\u0105 si\u0119 \u0142atw\u0105 w obs\u0142udze, op\u0142ywow\u0105, lekk\u0105 konstrukcj\u0105. Konstrukcje te s\u0105 najwy\u017cszej jako\u015bci, ergonomiczne i charakteryzuj\u0105 si\u0119 unikalnymi cechami.<\/span>            <\/div>\n    <\/section>\n<\/div>\n<\/div><\/div><\/div><\/div><\/div><\/div><div id=\"pg-6509-1\"  class=\"panel-grid panel-has-style\" ><div class=\"siteorigin-panels-stretch panel-row-style panel-row-style-for-6509-1\" data-stretch-type=\"full-stretched\" ><div id=\"pgc-6509-1-0\"  class=\"panel-grid-cell\" ><div id=\"panel-6509-1-0-0\" class=\"so-panel widget widget_fa-hero-banner-widget panel-first-child panel-last-child\" data-index=\"1\" ><div class=\"panel-widget-style panel-widget-style-for-6509-1-0-0\" ><div\n\t\t\t\n\t\t\tclass=\"so-widget-fa-hero-banner-widget so-widget-fa-hero-banner-widget-default-cd1e29ff90d7-6509\"\n\t\t\t\n\t\t><div class=\"forankra-hero-banner\">\n    <img loading=\"lazy\" decoding=\"async\" width=\"2592\" height=\"1010\" src=\"https:\/\/www.armaton.com\/wp-content\/uploads\/sites\/14\/2019\/05\/Start_puff_4.jpg\" class=\"forankra-hero-banner-image\" alt=\"\" srcset=\"https:\/\/www.armaton.com\/wp-content\/uploads\/sites\/14\/2019\/05\/Start_puff_4.jpg 2592w, https:\/\/www.armaton.com\/wp-content\/uploads\/sites\/14\/2019\/05\/Start_puff_4-300x117.jpg 300w, https:\/\/www.armaton.com\/wp-content\/uploads\/sites\/14\/2019\/05\/Start_puff_4-768x299.jpg 768w, https:\/\/www.armaton.com\/wp-content\/uploads\/sites\/14\/2019\/05\/Start_puff_4-1024x399.jpg 1024w, https:\/\/www.armaton.com\/wp-content\/uploads\/sites\/14\/2019\/05\/Start_puff_4-600x234.jpg 600w\" sizes=\"auto, (max-width: 2592px) 100vw, 2592px\" \/>    <section class=\"hero-content\">\n    <div class=\"content\">\n        <h3><strong>Armaton Modular Platform Kit<\/strong><\/h3>\n<span style=\"font-size: 18px\">Innowacyjne rozwi\u0105zanie dla wywrotek i pojazd\u00f3w z nadwoziem skrzyniowym o \u0142adowno\u015bci do 3,5 tony. System montuje si\u0119 bez u\u017cycia specjalnych narz\u0119dzi, co zajmuje u\u0142amek czasu wymaganego do budowy klasycznej konstrukcji. Zapewnia oszcz\u0119dno\u015b\u0107 czasu i pieni\u0119dzy. <\/span>\n<br \/>\n<br \/>\n<br \/>        <div class=\"button-container left\"><a href=\"https:\/\/www.armaton.com\/pl\/platforma-modulowa\" class=\"forankra-hero-banner-button\">Dowiedz si\u0119 wi\u0119cej &gt;<\/a><\/div>    <\/div>\n    <\/section>\n<\/div>\n<\/div><\/div><\/div><\/div><\/div><\/div><div id=\"pg-6509-2\"  class=\"panel-grid panel-has-style\" ><div class=\"siteorigin-panels-stretch panel-row-style panel-row-style-for-6509-2\" data-stretch-type=\"full-stretched\" ><div id=\"pgc-6509-2-0\"  class=\"panel-grid-cell panel-grid-cell-empty\" ><\/div><div id=\"pgc-6509-2-1\"  class=\"panel-grid-cell\" ><div id=\"panel-6509-2-1-0\" class=\"so-panel widget widget_sow-image panel-first-child panel-last-child\" data-index=\"2\" ><div\n\t\t\t\n\t\t\tclass=\"so-widget-sow-image so-widget-sow-image-default-dbf295114b96-6509\"\n\t\t\t\n\t\t>\n\n<div class=\"sow-image-container\">\n\t\t<img decoding=\"async\" src=\"https:\/\/www.armaton.com\/wp-content\/uploads\/sites\/14\/2019\/05\/Start_puff_2_b-768x605.jpg\" width=\"768\" height=\"605\" srcset=\"https:\/\/www.armaton.com\/wp-content\/uploads\/sites\/14\/2019\/05\/Start_puff_2_b-768x605.jpg 768w, https:\/\/www.armaton.com\/wp-content\/uploads\/sites\/14\/2019\/05\/Start_puff_2_b-300x236.jpg 300w, https:\/\/www.armaton.com\/wp-content\/uploads\/sites\/14\/2019\/05\/Start_puff_2_b-1024x806.jpg 1024w, https:\/\/www.armaton.com\/wp-content\/uploads\/sites\/14\/2019\/05\/Start_puff_2_b-600x472.jpg 600w, https:\/\/www.armaton.com\/wp-content\/uploads\/sites\/14\/2019\/05\/Start_puff_2_b.jpg 1256w\" sizes=\"auto, (max-width: 768px) 100vw, 768px\" alt=\"\" loading=\"lazy\" \t\tclass=\"so-widget-image\"\/>\n\t<\/div>\n\n<\/div><\/div><\/div><div id=\"pgc-6509-2-2\"  class=\"panel-grid-cell panel-grid-cell-empty\" ><\/div><div id=\"pgc-6509-2-3\"  class=\"panel-grid-cell\" ><div id=\"panel-6509-2-3-0\" class=\"so-panel widget widget_siteorigin-panels-builder panel-first-child panel-last-child\" data-index=\"3\" ><div class=\"panel-widget-style panel-widget-style-for-6509-2-3-0\" ><div id=\"pl-w5e7a076418091\"  class=\"panel-layout\" ><div id=\"pg-w5e7a076418091-0\"  class=\"panel-grid panel-no-style\" ><div id=\"pgc-w5e7a076418091-0-0\"  class=\"panel-grid-cell panel-grid-cell-empty\" ><\/div><div id=\"pgc-w5e7a076418091-0-1\"  class=\"panel-grid-cell panel-grid-cell-mobile-last\" ><div id=\"panel-w5e7a076418091-0-1-0\" class=\"so-panel widget widget_sow-editor panel-first-child\" data-index=\"0\" ><div class=\"panel-widget-style panel-widget-style-for-w5e7a076418091-0-1-0\" ><div\n\t\t\t\n\t\t\tclass=\"so-widget-sow-editor so-widget-sow-editor-base\"\n\t\t\t\n\t\t>\n<div class=\"siteorigin-widget-tinymce textwidget\">\n\t<p>&nbsp;<\/p>\n<h3><span lang=\"EN-GB\" style=\"font-size: 28px;\"><strong>Armaton 4000XF<\/strong> <\/span><\/h3>\n<p><span style=\"font-size: 18px;\"><span lang=\"EN-GB\">System s\u0142upkowy o zoptymalizowanej masie, zapewnia maksymaln\u0105 \u0142adowno\u015b\u0107 dla pojazd\u00f3w o \u0142adowno\u015bci do 6000 kg. S\u0142upki s\u0105 \u0142atwe w obs\u0142udze, trwa\u0142e i ergonomiczne - to naturalny wyb\u00f3r dla tych, kt\u00f3rzy potrzebuj\u0105 wszystkich zalet s\u0142upka, kt\u00f3ry jest elastyczny i stabilny przy mocowaniu skrzyni \u0142adunkowej lub plandeki. Wykonany z anodyzowanego aluminium, produkt ten jest praktycznie bezobs\u0142ugowy.<\/span><\/span><\/p>\n<\/div>\n<\/div><\/div><\/div><div id=\"panel-w5e7a076418091-0-1-1\" class=\"so-panel widget widget_sow-button panel-last-child\" data-index=\"1\" ><div\n\t\t\t\n\t\t\tclass=\"so-widget-sow-button so-widget-sow-button-flat-d23e0acbfdd0\"\n\t\t\t\n\t\t><div class=\"ow-button-base ow-button-align-left\">\n\t<a\n\thref=\"https:\/\/www.armaton.com\/pl\/armaton-4000xf\/\"\n\t\tclass=\"ow-icon-placement-left ow-button-hover\" \t>\n\t\t<span>\n\t\t\t\n\t\t\tDowiedz si\u0119 wi\u0119cej &gt;\t\t<\/span>\n\t<\/a>\n<\/div>\n<\/div><\/div><\/div><div id=\"pgc-w5e7a076418091-0-2\"  class=\"panel-grid-cell panel-grid-cell-empty\" ><\/div><\/div><\/div><\/div><\/div><\/div><\/div><\/div><div id=\"pg-6509-3\"  class=\"panel-grid panel-has-style\" ><div class=\"siteorigin-panels-stretch panel-row-style panel-row-style-for-6509-3\" data-stretch-type=\"full-stretched\" ><div id=\"pgc-6509-3-0\"  class=\"panel-grid-cell panel-grid-cell-empty\" ><\/div><div id=\"pgc-6509-3-1\"  class=\"panel-grid-cell\" ><div id=\"panel-6509-3-1-0\" class=\"so-panel widget widget_sow-image panel-first-child panel-last-child\" data-index=\"4\" ><div\n\t\t\t\n\t\t\tclass=\"so-widget-sow-image so-widget-sow-image-default-dbf295114b96-6509\"\n\t\t\t\n\t\t>\n\n<div class=\"sow-image-container\">\n\t\t<img decoding=\"async\" src=\"https:\/\/www.armaton.com\/wp-content\/uploads\/sites\/14\/2019\/05\/Systems_puff_4-768x605.jpg\" width=\"768\" height=\"605\" srcset=\"https:\/\/www.armaton.com\/wp-content\/uploads\/sites\/14\/2019\/05\/Systems_puff_4-768x605.jpg 768w, https:\/\/www.armaton.com\/wp-content\/uploads\/sites\/14\/2019\/05\/Systems_puff_4-300x236.jpg 300w, https:\/\/www.armaton.com\/wp-content\/uploads\/sites\/14\/2019\/05\/Systems_puff_4-1024x807.jpg 1024w, https:\/\/www.armaton.com\/wp-content\/uploads\/sites\/14\/2019\/05\/Systems_puff_4-600x473.jpg 600w, https:\/\/www.armaton.com\/wp-content\/uploads\/sites\/14\/2019\/05\/Systems_puff_4.jpg 1282w\" sizes=\"auto, (max-width: 768px) 100vw, 768px\" alt=\"\" loading=\"lazy\" \t\tclass=\"so-widget-image\"\/>\n\t<\/div>\n\n<\/div><\/div><\/div><div id=\"pgc-6509-3-2\"  class=\"panel-grid-cell panel-grid-cell-empty\" ><\/div><div id=\"pgc-6509-3-3\"  class=\"panel-grid-cell\" ><div id=\"panel-6509-3-3-0\" class=\"so-panel widget widget_siteorigin-panels-builder panel-first-child panel-last-child\" data-index=\"5\" ><div class=\"panel-widget-style panel-widget-style-for-6509-3-3-0\" ><div id=\"pl-w5e7a076418771\"  class=\"panel-layout\" ><div id=\"pg-w5e7a076418771-0\"  class=\"panel-grid panel-no-style\" ><div id=\"pgc-w5e7a076418771-0-0\"  class=\"panel-grid-cell panel-grid-cell-empty\" ><\/div><div id=\"pgc-w5e7a076418771-0-1\"  class=\"panel-grid-cell panel-grid-cell-mobile-last\" ><div id=\"panel-w5e7a076418771-0-1-0\" class=\"so-panel widget widget_sow-editor panel-first-child\" data-index=\"0\" ><div class=\"panel-widget-style panel-widget-style-for-w5e7a076418771-0-1-0\" ><div\n\t\t\t\n\t\t\tclass=\"so-widget-sow-editor so-widget-sow-editor-base\"\n\t\t\t\n\t\t>\n<div class=\"siteorigin-widget-tinymce textwidget\">\n\t<p>&nbsp;<\/p>\n<h3><span style=\"color: #7d7d7d;\"><strong>Armaton 3000XF<\/strong><\/span><\/h3>\n<p><span style=\"color: #7d7d7d; font-size: 18px;\">System blokad burt o zoptymalizowanej masie, zapewniaj\u0105cy maksymaln\u0105 \u0142adowno\u015b\u0107 dla pojazd\u00f3w o \u0142adowno\u015bci do 6 ton. Blokada jest \u0142atwa w obs\u0142udze, trwa\u0142a i ergonomiczna.\u00a0<\/span><\/p>\n<\/div>\n<\/div><\/div><\/div><div id=\"panel-w5e7a076418771-0-1-1\" class=\"so-panel widget widget_sow-button panel-last-child\" data-index=\"1\" ><div\n\t\t\t\n\t\t\tclass=\"so-widget-sow-button so-widget-sow-button-flat-d23e0acbfdd0\"\n\t\t\t\n\t\t><div class=\"ow-button-base ow-button-align-left\">\n\t<a\n\thref=\"https:\/\/www.armaton.com\/pl\/armaton-3000xf\/\"\n\t\tclass=\"ow-icon-placement-left ow-button-hover\" \t>\n\t\t<span>\n\t\t\t\n\t\t\tDowiedz si\u0119 wi\u0119cej &gt;\t\t<\/span>\n\t<\/a>\n<\/div>\n<\/div><\/div><\/div><div id=\"pgc-w5e7a076418771-0-2\"  class=\"panel-grid-cell panel-grid-cell-empty\" ><\/div><\/div><\/div><\/div><\/div><\/div><\/div><\/div><\/div>","protected":false},"excerpt":{"rendered":"<p>Systemy Armaton Systemy Armaton charakteryzuj\u0105 si\u0119 \u0142atw\u0105 w obs\u0142udze, op\u0142ywow\u0105, lekk\u0105 konstrukcj\u0105. Konstrukcje te s\u0105 najwy\u017cszej jako\u015bci, ergonomiczne i charakteryzuj\u0105 si\u0119 unikalnymi cechami. Armaton Modular Platform Kit Innowacyjne rozwi\u0105zanie dla wywrotek i pojazd\u00f3w z nadwoziem skrzyniowym o \u0142adowno\u015bci do 3,5 tony. System montuje si\u0119 bez u\u017cycia specjalnych narz\u0119dzi, co zajmuje u\u0142amek czasu wymaganego do budowy [&hellip;]<\/p>\n","protected":false},"author":2,"featured_media":0,"parent":0,"menu_order":0,"comment_status":"closed","ping_status":"closed","template":"","meta":{"footnotes":""},"class_list":["post-6509","page","type-page","status-publish","hentry"],"yoast_head":"<!-- This site is optimized with the Yoast SEO plugin v20.4 - https:\/\/yoast.com\/wordpress\/plugins\/seo\/ -->\n<title>Systemy Armaton - Armaton<\/title>\n<meta name=\"description\" content=\"Systemy Armaton charakteryzuj\u0105 si\u0119 \u0142atw\u0105 w obs\u0142udze, op\u0142ywow\u0105, lekk\u0105 konstrukcj\u0105. Konstrukcje te s\u0105 najwy\u017cszej jako\u015bci, ergonomiczne i charakteryzuj\u0105 si\u0119 unikalnymi cechami.\" \/>\n<meta name=\"robots\" content=\"index, follow, max-snippet:-1, max-image-preview:large, max-video-preview:-1\" \/>\n<link rel=\"canonical\" href=\"https:\/\/www.armaton.com\/pl\/systemy-armaton\/\" \/>\n<meta property=\"og:locale\" content=\"pl_PL\" \/>\n<meta property=\"og:type\" content=\"article\" \/>\n<meta property=\"og:title\" content=\"Systemy Armaton - Armaton\" \/>\n<meta property=\"og:description\" content=\"Systemy Armaton charakteryzuj\u0105 si\u0119 \u0142atw\u0105 w obs\u0142udze, op\u0142ywow\u0105, lekk\u0105 konstrukcj\u0105. Konstrukcje te s\u0105 najwy\u017cszej jako\u015bci, ergonomiczne i charakteryzuj\u0105 si\u0119 unikalnymi cechami.\" \/>\n<meta property=\"og:url\" content=\"https:\/\/www.armaton.com\/pl\/systemy-armaton\/\" \/>\n<meta property=\"og:site_name\" content=\"Armaton\" \/>\n<meta property=\"article:modified_time\" content=\"2023-04-25T13:50:01+00:00\" \/>\n<meta name=\"twitter:card\" content=\"summary_large_image\" \/>\n<meta name=\"twitter:label1\" content=\"Szacowany czas czytania\" \/>\n\t<meta name=\"twitter:data1\" content=\"1 minuta\" \/>\n<script type=\"application\/ld+json\" class=\"yoast-schema-graph\">{\"@context\":\"https:\/\/schema.org\",\"@graph\":[{\"@type\":\"WebPage\",\"@id\":\"https:\/\/www.armaton.com\/pl\/systemy-armaton\/\",\"url\":\"https:\/\/www.armaton.com\/pl\/systemy-armaton\/\",\"name\":\"Systemy Armaton - Armaton\",\"isPartOf\":{\"@id\":\"https:\/\/www.armaton.com\/#website\"},\"datePublished\":\"2020-03-18T15:45:29+00:00\",\"dateModified\":\"2023-04-25T13:50:01+00:00\",\"description\":\"Systemy Armaton charakteryzuj\u0105 si\u0119 \u0142atw\u0105 w obs\u0142udze, op\u0142ywow\u0105, lekk\u0105 konstrukcj\u0105. Konstrukcje te s\u0105 najwy\u017cszej jako\u015bci, ergonomiczne i charakteryzuj\u0105 si\u0119 unikalnymi cechami.\",\"breadcrumb\":{\"@id\":\"https:\/\/www.armaton.com\/pl\/systemy-armaton\/#breadcrumb\"},\"inLanguage\":\"pl-PL\",\"potentialAction\":[{\"@type\":\"ReadAction\",\"target\":[\"https:\/\/www.armaton.com\/pl\/systemy-armaton\/\"]}]},{\"@type\":\"BreadcrumbList\",\"@id\":\"https:\/\/www.armaton.com\/pl\/systemy-armaton\/#breadcrumb\",\"itemListElement\":[{\"@type\":\"ListItem\",\"position\":1,\"name\":\"Home\",\"item\":\"https:\/\/www.armaton.com\/pl\/\"},{\"@type\":\"ListItem\",\"position\":2,\"name\":\"Systemy Armaton\"}]},{\"@type\":\"WebSite\",\"@id\":\"https:\/\/www.armaton.com\/#website\",\"url\":\"https:\/\/www.armaton.com\/\",\"name\":\"Armaton\",\"description\":\"Armaton Solutions \u2013 Desire To Improve\",\"potentialAction\":[{\"@type\":\"SearchAction\",\"target\":{\"@type\":\"EntryPoint\",\"urlTemplate\":\"https:\/\/www.armaton.com\/?s={search_term_string}\"},\"query-input\":\"required name=search_term_string\"}],\"inLanguage\":\"pl-PL\"}]}<\/script>\n<!-- \/ Yoast SEO plugin. -->","yoast_head_json":{"title":"Systemy Armaton - Armaton","description":"Systemy Armaton charakteryzuj\u0105 si\u0119 \u0142atw\u0105 w obs\u0142udze, op\u0142ywow\u0105, lekk\u0105 konstrukcj\u0105. Konstrukcje te s\u0105 najwy\u017cszej jako\u015bci, ergonomiczne i charakteryzuj\u0105 si\u0119 unikalnymi cechami.","robots":{"index":"index","follow":"follow","max-snippet":"max-snippet:-1","max-image-preview":"max-image-preview:large","max-video-preview":"max-video-preview:-1"},"canonical":"https:\/\/www.armaton.com\/pl\/systemy-armaton\/","og_locale":"pl_PL","og_type":"article","og_title":"Systemy Armaton - Armaton","og_description":"Systemy Armaton charakteryzuj\u0105 si\u0119 \u0142atw\u0105 w obs\u0142udze, op\u0142ywow\u0105, lekk\u0105 konstrukcj\u0105. Konstrukcje te s\u0105 najwy\u017cszej jako\u015bci, ergonomiczne i charakteryzuj\u0105 si\u0119 unikalnymi cechami.","og_url":"https:\/\/www.armaton.com\/pl\/systemy-armaton\/","og_site_name":"Armaton","article_modified_time":"2023-04-25T13:50:01+00:00","twitter_card":"summary_large_image","twitter_misc":{"Szacowany czas czytania":"1 minuta"},"schema":{"@context":"https:\/\/schema.org","@graph":[{"@type":"WebPage","@id":"https:\/\/www.armaton.com\/pl\/systemy-armaton\/","url":"https:\/\/www.armaton.com\/pl\/systemy-armaton\/","name":"Systemy Armaton - Armaton","isPartOf":{"@id":"https:\/\/www.armaton.com\/#website"},"datePublished":"2020-03-18T15:45:29+00:00","dateModified":"2023-04-25T13:50:01+00:00","description":"Systemy Armaton charakteryzuj\u0105 si\u0119 \u0142atw\u0105 w obs\u0142udze, op\u0142ywow\u0105, lekk\u0105 konstrukcj\u0105. Konstrukcje te s\u0105 najwy\u017cszej jako\u015bci, ergonomiczne i charakteryzuj\u0105 si\u0119 unikalnymi cechami.","breadcrumb":{"@id":"https:\/\/www.armaton.com\/pl\/systemy-armaton\/#breadcrumb"},"inLanguage":"pl-PL","potentialAction":[{"@type":"ReadAction","target":["https:\/\/www.armaton.com\/pl\/systemy-armaton\/"]}]},{"@type":"BreadcrumbList","@id":"https:\/\/www.armaton.com\/pl\/systemy-armaton\/#breadcrumb","itemListElement":[{"@type":"ListItem","position":1,"name":"Home","item":"https:\/\/www.armaton.com\/pl\/"},{"@type":"ListItem","position":2,"name":"Systemy Armaton"}]},{"@type":"WebSite","@id":"https:\/\/www.armaton.com\/#website","url":"https:\/\/www.armaton.com\/","name":"Armaton","description":"Armaton Solutions \u2013 Desire To Improve","potentialAction":[{"@type":"SearchAction","target":{"@type":"EntryPoint","urlTemplate":"https:\/\/www.armaton.com\/?s={search_term_string}"},"query-input":"required name=search_term_string"}],"inLanguage":"pl-PL"}]}},"_links":{"self":[{"href":"https:\/\/www.armaton.com\/pl\/wp-json\/wp\/v2\/pages\/6509","targetHints":{"allow":["GET"]}}],"collection":[{"href":"https:\/\/www.armaton.com\/pl\/wp-json\/wp\/v2\/pages"}],"about":[{"href":"https:\/\/www.armaton.com\/pl\/wp-json\/wp\/v2\/types\/page"}],"author":[{"embeddable":true,"href":"https:\/\/www.armaton.com\/pl\/wp-json\/wp\/v2\/users\/2"}],"replies":[{"embeddable":true,"href":"https:\/\/www.armaton.com\/pl\/wp-json\/wp\/v2\/comments?post=6509"}],"version-history":[{"count":17,"href":"https:\/\/www.armaton.com\/pl\/wp-json\/wp\/v2\/pages\/6509\/revisions"}],"predecessor-version":[{"id":12467,"href":"https:\/\/www.armaton.com\/pl\/wp-json\/wp\/v2\/pages\/6509\/revisions\/12467"}],"wp:attachment":[{"href":"https:\/\/www.armaton.com\/pl\/wp-json\/wp\/v2\/media?parent=6509"}],"curies":[{"name":"wp","href":"https:\/\/api.w.org\/{rel}","templated":true}]}}