{"id":6654,"date":"2020-03-23T14:04:07","date_gmt":"2020-03-23T14:04:07","guid":{"rendered":"https:\/\/www.armaton.com\/?page_id=6654"},"modified":"2020-03-23T14:10:06","modified_gmt":"2020-03-23T14:10:06","slug":"profile-i-akcesoria","status":"publish","type":"page","link":"https:\/\/www.armaton.com\/pl\/profile-i-akcesoria\/","title":{"rendered":"Profile i akcesoria"},"content":{"rendered":"<div id=\"pl-6654\"  class=\"panel-layout\" ><div id=\"pg-6654-0\"  class=\"panel-grid panel-has-style\" ><div class=\"siteorigin-panels-stretch panel-row-style panel-row-style-for-6654-0\" data-stretch-type=\"full-stretched\" ><div id=\"pgc-6654-0-0\"  class=\"panel-grid-cell\" ><div id=\"panel-6654-0-0-0\" class=\"so-panel widget widget_sow-image panel-first-child panel-last-child\" data-index=\"0\" ><div\n\t\t\t\n\t\t\tclass=\"so-widget-sow-image so-widget-sow-image-default-dbf295114b96-6654\"\n\t\t\t\n\t\t>\n\n<div class=\"sow-image-container\">\n\t\t<img decoding=\"async\" src=\"https:\/\/www.armaton.com\/wp-content\/uploads\/sites\/14\/2019\/06\/Armatonprofiler_11282x1010-768x605.png\" width=\"768\" height=\"605\" srcset=\"https:\/\/www.armaton.com\/wp-content\/uploads\/sites\/14\/2019\/06\/Armatonprofiler_11282x1010-768x605.png 768w, https:\/\/www.armaton.com\/wp-content\/uploads\/sites\/14\/2019\/06\/Armatonprofiler_11282x1010-300x236.png 300w, https:\/\/www.armaton.com\/wp-content\/uploads\/sites\/14\/2019\/06\/Armatonprofiler_11282x1010-1024x807.png 1024w, https:\/\/www.armaton.com\/wp-content\/uploads\/sites\/14\/2019\/06\/Armatonprofiler_11282x1010-600x473.png 600w, https:\/\/www.armaton.com\/wp-content\/uploads\/sites\/14\/2019\/06\/Armatonprofiler_11282x1010.png 1278w\" sizes=\"auto, (max-width: 768px) 100vw, 768px\" title=\"Armatonprofiler_1,1282&#215;1010\" alt=\"\" loading=\"lazy\" \t\tclass=\"so-widget-image\"\/>\n\t<\/div>\n\n<\/div><\/div><\/div><div id=\"pgc-6654-0-1\"  class=\"panel-grid-cell\" ><div id=\"panel-6654-0-1-0\" class=\"so-panel widget widget_siteorigin-panels-builder panel-first-child panel-last-child\" data-index=\"1\" ><div class=\"panel-widget-style panel-widget-style-for-6654-0-1-0\" ><div id=\"pl-w5e78c33e49482\"  class=\"panel-layout\" ><div id=\"pg-w5e78c33e49482-0\"  class=\"panel-grid panel-no-style\" ><div id=\"pgc-w5e78c33e49482-0-0\"  class=\"panel-grid-cell panel-grid-cell-empty\" ><\/div><div id=\"pgc-w5e78c33e49482-0-1\"  class=\"panel-grid-cell panel-grid-cell-mobile-last\" ><div id=\"panel-w5e78c33e49482-0-1-0\" class=\"so-panel widget widget_sow-editor panel-first-child\" data-index=\"0\" ><div\n\t\t\t\n\t\t\tclass=\"so-widget-sow-editor so-widget-sow-editor-base\"\n\t\t\t\n\t\t>\n<div class=\"siteorigin-widget-tinymce textwidget\">\n\t<h1><span lang=\"EN-GB\">Profile i akcesoria\u00a0<\/span><\/h1>\n<p><span style=\"font-size: 18px;\">W systemie Armaton dost\u0119pna jest szeroka gama starannie przetestowanych profili i akcesori\u00f3w do s\u0142upk\u00f3w platformowych, kt\u00f3re u\u0142atwiaj\u0105 uzyskanie eleganckiego i stabilnego nadwozia. Wszystkie cz\u0119\u015bci s\u0105 wykonane z anodyzowanego aluminium, co zapewnia ich lekko\u015b\u0107 i bezobs\u0142ugowo\u015b\u0107.\u00a0<\/span><\/p>\n<\/div>\n<\/div><\/div><div id=\"panel-w5e78c33e49482-0-1-1\" class=\"so-panel widget widget_sow-button panel-last-child\" data-index=\"1\" ><div\n\t\t\t\n\t\t\tclass=\"so-widget-sow-button so-widget-sow-button-flat-e8894c0f4b1a\"\n\t\t\t\n\t\t><div class=\"ow-button-base ow-button-align-left\">\n\t<a\n\thref=\"http:\/\/forankra.sites.zc.zitac.net\/downloadAsset.jsp?catalog=Forankra+Mediabank&#038;id=3178&#038;encoding=UTF-8\"\n\t\tclass=\"ow-icon-placement-left ow-button-hover\" target=\"_blank\" rel=\"noopener noreferrer\" \t>\n\t\t<span>\n\t\t\t\n\t\t\tDowiedz si\u0119 wi\u0119cej &gt;\t\t<\/span>\n\t<\/a>\n<\/div>\n<\/div><\/div><\/div><div id=\"pgc-w5e78c33e49482-0-2\"  class=\"panel-grid-cell panel-grid-cell-empty\" ><\/div><\/div><\/div><\/div><\/div><\/div><\/div><\/div><\/div>","protected":false},"excerpt":{"rendered":"<p>Profile i akcesoria\u00a0 W systemie Armaton dost\u0119pna jest szeroka gama starannie przetestowanych profili i akcesori\u00f3w do s\u0142upk\u00f3w platformowych, kt\u00f3re u\u0142atwiaj\u0105 uzyskanie eleganckiego i stabilnego nadwozia. Wszystkie cz\u0119\u015bci s\u0105 wykonane z anodyzowanego aluminium, co zapewnia ich lekko\u015b\u0107 i bezobs\u0142ugowo\u015b\u0107.\u00a0 Dowiedz si\u0119 wi\u0119cej &gt;<\/p>\n","protected":false},"author":2,"featured_media":0,"parent":0,"menu_order":0,"comment_status":"closed","ping_status":"closed","template":"","meta":{"footnotes":""},"class_list":["post-6654","page","type-page","status-publish","hentry"],"yoast_head":"<!-- This site is optimized with the Yoast SEO plugin v20.4 - https:\/\/yoast.com\/wordpress\/plugins\/seo\/ -->\n<title>Profile i akcesoria - Armaton<\/title>\n<meta name=\"robots\" content=\"index, follow, max-snippet:-1, max-image-preview:large, max-video-preview:-1\" \/>\n<link rel=\"canonical\" href=\"https:\/\/www.armaton.com\/pl\/profile-i-akcesoria\/\" \/>\n<meta property=\"og:locale\" content=\"pl_PL\" \/>\n<meta property=\"og:type\" content=\"article\" \/>\n<meta property=\"og:title\" content=\"Profile i akcesoria - Armaton\" \/>\n<meta property=\"og:description\" content=\"Profile i akcesoria\u00a0 W systemie Armaton dost\u0119pna jest szeroka gama starannie przetestowanych profili i akcesori\u00f3w do s\u0142upk\u00f3w platformowych, kt\u00f3re u\u0142atwiaj\u0105 uzyskanie eleganckiego i stabilnego nadwozia. Wszystkie cz\u0119\u015bci s\u0105 wykonane z anodyzowanego aluminium, co zapewnia ich lekko\u015b\u0107 i bezobs\u0142ugowo\u015b\u0107.\u00a0 Dowiedz si\u0119 wi\u0119cej &gt;\" \/>\n<meta property=\"og:url\" content=\"https:\/\/www.armaton.com\/pl\/profile-i-akcesoria\/\" \/>\n<meta property=\"og:site_name\" content=\"Armaton\" \/>\n<meta property=\"article:modified_time\" content=\"2020-03-23T14:10:06+00:00\" \/>\n<meta name=\"twitter:card\" content=\"summary_large_image\" \/>\n<script type=\"application\/ld+json\" class=\"yoast-schema-graph\">{\"@context\":\"https:\/\/schema.org\",\"@graph\":[{\"@type\":\"WebPage\",\"@id\":\"https:\/\/www.armaton.com\/pl\/profile-i-akcesoria\/\",\"url\":\"https:\/\/www.armaton.com\/pl\/profile-i-akcesoria\/\",\"name\":\"Profile i akcesoria - Armaton\",\"isPartOf\":{\"@id\":\"https:\/\/www.armaton.com\/#website\"},\"datePublished\":\"2020-03-23T14:04:07+00:00\",\"dateModified\":\"2020-03-23T14:10:06+00:00\",\"breadcrumb\":{\"@id\":\"https:\/\/www.armaton.com\/pl\/profile-i-akcesoria\/#breadcrumb\"},\"inLanguage\":\"pl-PL\",\"potentialAction\":[{\"@type\":\"ReadAction\",\"target\":[\"https:\/\/www.armaton.com\/pl\/profile-i-akcesoria\/\"]}]},{\"@type\":\"BreadcrumbList\",\"@id\":\"https:\/\/www.armaton.com\/pl\/profile-i-akcesoria\/#breadcrumb\",\"itemListElement\":[{\"@type\":\"ListItem\",\"position\":1,\"name\":\"Home\",\"item\":\"https:\/\/www.armaton.com\/pl\/\"},{\"@type\":\"ListItem\",\"position\":2,\"name\":\"Profile i akcesoria\"}]},{\"@type\":\"WebSite\",\"@id\":\"https:\/\/www.armaton.com\/#website\",\"url\":\"https:\/\/www.armaton.com\/\",\"name\":\"Armaton\",\"description\":\"Armaton Solutions \u2013 Desire To Improve\",\"potentialAction\":[{\"@type\":\"SearchAction\",\"target\":{\"@type\":\"EntryPoint\",\"urlTemplate\":\"https:\/\/www.armaton.com\/?s={search_term_string}\"},\"query-input\":\"required name=search_term_string\"}],\"inLanguage\":\"pl-PL\"}]}<\/script>\n<!-- \/ Yoast SEO plugin. -->","yoast_head_json":{"title":"Profile i akcesoria - Armaton","robots":{"index":"index","follow":"follow","max-snippet":"max-snippet:-1","max-image-preview":"max-image-preview:large","max-video-preview":"max-video-preview:-1"},"canonical":"https:\/\/www.armaton.com\/pl\/profile-i-akcesoria\/","og_locale":"pl_PL","og_type":"article","og_title":"Profile i akcesoria - Armaton","og_description":"Profile i akcesoria\u00a0 W systemie Armaton dost\u0119pna jest szeroka gama starannie przetestowanych profili i akcesori\u00f3w do s\u0142upk\u00f3w platformowych, kt\u00f3re u\u0142atwiaj\u0105 uzyskanie eleganckiego i stabilnego nadwozia. Wszystkie cz\u0119\u015bci s\u0105 wykonane z anodyzowanego aluminium, co zapewnia ich lekko\u015b\u0107 i bezobs\u0142ugowo\u015b\u0107.\u00a0 Dowiedz si\u0119 wi\u0119cej &gt;","og_url":"https:\/\/www.armaton.com\/pl\/profile-i-akcesoria\/","og_site_name":"Armaton","article_modified_time":"2020-03-23T14:10:06+00:00","twitter_card":"summary_large_image","schema":{"@context":"https:\/\/schema.org","@graph":[{"@type":"WebPage","@id":"https:\/\/www.armaton.com\/pl\/profile-i-akcesoria\/","url":"https:\/\/www.armaton.com\/pl\/profile-i-akcesoria\/","name":"Profile i akcesoria - Armaton","isPartOf":{"@id":"https:\/\/www.armaton.com\/#website"},"datePublished":"2020-03-23T14:04:07+00:00","dateModified":"2020-03-23T14:10:06+00:00","breadcrumb":{"@id":"https:\/\/www.armaton.com\/pl\/profile-i-akcesoria\/#breadcrumb"},"inLanguage":"pl-PL","potentialAction":[{"@type":"ReadAction","target":["https:\/\/www.armaton.com\/pl\/profile-i-akcesoria\/"]}]},{"@type":"BreadcrumbList","@id":"https:\/\/www.armaton.com\/pl\/profile-i-akcesoria\/#breadcrumb","itemListElement":[{"@type":"ListItem","position":1,"name":"Home","item":"https:\/\/www.armaton.com\/pl\/"},{"@type":"ListItem","position":2,"name":"Profile i akcesoria"}]},{"@type":"WebSite","@id":"https:\/\/www.armaton.com\/#website","url":"https:\/\/www.armaton.com\/","name":"Armaton","description":"Armaton Solutions \u2013 Desire To Improve","potentialAction":[{"@type":"SearchAction","target":{"@type":"EntryPoint","urlTemplate":"https:\/\/www.armaton.com\/?s={search_term_string}"},"query-input":"required name=search_term_string"}],"inLanguage":"pl-PL"}]}},"_links":{"self":[{"href":"https:\/\/www.armaton.com\/pl\/wp-json\/wp\/v2\/pages\/6654","targetHints":{"allow":["GET"]}}],"collection":[{"href":"https:\/\/www.armaton.com\/pl\/wp-json\/wp\/v2\/pages"}],"about":[{"href":"https:\/\/www.armaton.com\/pl\/wp-json\/wp\/v2\/types\/page"}],"author":[{"embeddable":true,"href":"https:\/\/www.armaton.com\/pl\/wp-json\/wp\/v2\/users\/2"}],"replies":[{"embeddable":true,"href":"https:\/\/www.armaton.com\/pl\/wp-json\/wp\/v2\/comments?post=6654"}],"version-history":[{"count":4,"href":"https:\/\/www.armaton.com\/pl\/wp-json\/wp\/v2\/pages\/6654\/revisions"}],"predecessor-version":[{"id":6660,"href":"https:\/\/www.armaton.com\/pl\/wp-json\/wp\/v2\/pages\/6654\/revisions\/6660"}],"wp:attachment":[{"href":"https:\/\/www.armaton.com\/pl\/wp-json\/wp\/v2\/media?parent=6654"}],"curies":[{"name":"wp","href":"https:\/\/api.w.org\/{rel}","templated":true}]}}