{"id":6662,"date":"2020-03-23T14:13:06","date_gmt":"2020-03-23T14:13:06","guid":{"rendered":"https:\/\/www.armaton.com\/?page_id=6662"},"modified":"2024-01-16T09:36:34","modified_gmt":"2024-01-16T09:36:34","slug":"czesci-zamienne-armaton-4000xf","status":"publish","type":"page","link":"https:\/\/www.armaton.com\/pl\/czesci-zamienne-armaton-4000xf\/","title":{"rendered":"Cz\u0119\u015bci zamienne &#8211; Armaton 4000XF"},"content":{"rendered":"<div id=\"pl-6662\"  class=\"panel-layout\" ><div id=\"pg-6662-0\"  class=\"panel-grid panel-has-style\" ><div class=\"siteorigin-panels-stretch panel-row-style panel-row-style-for-6662-0\" data-stretch-type=\"full-stretched\" ><div id=\"pgc-6662-0-0\"  class=\"panel-grid-cell\" ><div id=\"panel-6662-0-0-0\" class=\"so-panel widget widget_siteorigin-panels-builder panel-first-child panel-last-child\" data-index=\"0\" ><div class=\"panel-widget-style panel-widget-style-for-6662-0-0-0\" ><div id=\"pl-w602d1cb776eb8\"  class=\"panel-layout\" ><div id=\"pg-w602d1cb776eb8-0\"  class=\"panel-grid panel-no-style\" ><div id=\"pgc-w602d1cb776eb8-0-0\"  class=\"panel-grid-cell panel-grid-cell-empty\" ><\/div><div id=\"pgc-w602d1cb776eb8-0-1\"  class=\"panel-grid-cell panel-grid-cell-mobile-last\" ><div id=\"panel-w602d1cb776eb8-0-1-0\" class=\"so-panel widget widget_sow-editor panel-first-child panel-last-child\" data-index=\"0\" ><div\n\t\t\t\n\t\t\tclass=\"so-widget-sow-editor so-widget-sow-editor-base\"\n\t\t\t\n\t\t>\n<div class=\"siteorigin-widget-tinymce textwidget\">\n\t<h2>Cz\u0119\u015bci zamienne \u2013 Armaton 4000XF<\/h2>\n<p>&nbsp;<\/p>\n<table style=\"border-style: hidden; width: 94.88%; height: 182px; border-collapse: collapse;\">\n<tbody>\n<tr style=\"height: 44px;\">\n<td style=\"width: 22.95%; height: 44px; text-align: center;\" width=\"147\"><span style=\"font-size: 18px;\"><strong>Pozycja<\/strong><\/span><\/td>\n<td style=\"width: 24.9%; height: 44px; text-align: center;\" width=\"118\"><span style=\"font-size: 18px;\"><strong>Nr cz\u0119\u015bci<\/strong><\/span><\/td>\n<td style=\"width: 58.98%; height: 44px; text-align: center;\" width=\"114\"><span style=\"font-size: 18px;\"><strong>Opis<\/strong><\/span><\/td>\n<\/tr>\n<tr style=\"height: 23px;\">\n<td style=\"width: 22.95%; height: 23px; text-align: center;\" align=\"right\" width=\"64\" height=\"20\"><span style=\"color: #000000; font-family: Calibri; font-size: 18px;\">1<\/span><\/td>\n<td style=\"width: 24.9%; height: 23px; text-align: center;\" width=\"137\"><span style=\"font-size: 18px;\">510410001<\/span><\/td>\n<td style=\"width: 58.98%; height: 23px; text-align: center;\" width=\"189\"><span style=\"font-size: 18px;\">Zestaw uchwytu*<\/span><\/td>\n<\/tr>\n<tr style=\"height: 23px;\">\n<td style=\"width: 22.95%; height: 23px; text-align: center;\" align=\"right\" height=\"20\"><span style=\"color: #000000; font-family: Calibri; font-size: 18px;\">2<\/span><\/td>\n<td style=\"width: 24.9%; height: 23px; text-align: center;\"><span style=\"font-size: 18px;\">510210014<\/span><\/td>\n<td style=\"width: 58.98%; height: 23px; text-align: center;\"><span style=\"font-size: 18px;\">Wymienny zacisk\u00a0<\/span><\/td>\n<\/tr>\n<tr style=\"height: 23px;\">\n<td style=\"width: 22.95%; height: 23px; text-align: center;\" align=\"right\" height=\"20\"><span style=\"color: #000000; font-family: Calibri; font-size: 18px;\">3<\/span><\/td>\n<td style=\"width: 24.9%; height: 23px; text-align: center;\"><span style=\"font-size: 18px;\">510210007<\/span><\/td>\n<td style=\"width: 58.98%; height: 23px; text-align: center;\"><span style=\"font-size: 18px;\">Plastikowa nasadka, s\u0142upek tylny\u00a0<\/span><\/td>\n<\/tr>\n<tr style=\"height: 23px;\">\n<td style=\"width: 22.95%; height: 23px; text-align: center;\" align=\"right\" height=\"20\"><span style=\"color: #000000; font-family: Calibri; font-size: 18px;\">4<\/span><\/td>\n<td style=\"width: 24.9%; height: 23px; text-align: center;\"><span style=\"font-size: 18px;\">510210005<\/span><\/td>\n<td style=\"width: 58.98%; height: 23px; text-align: center;\"><span style=\"font-size: 18px;\">Plastikowa nasadka, s\u0142upek przedni P<\/span><\/td>\n<\/tr>\n<tr style=\"height: 23px;\">\n<td style=\"width: 22.95%; height: 23px; text-align: center;\" align=\"right\" height=\"20\"><span style=\"color: #000000; font-family: Calibri; font-size: 18px;\">5<\/span><\/td>\n<td style=\"width: 24.9%; height: 23px; text-align: center;\"><span style=\"font-size: 18px;\">510210004<\/span><\/td>\n<td style=\"width: 58.98%; height: 23px; text-align: center;\"><span style=\"font-size: 18px;\">Plastikowa nasadka, s\u0142upek przedni L<\/span><\/td>\n<\/tr>\n<tr style=\"height: 23px;\">\n<td style=\"width: 22.95%; height: 23px; text-align: center;\" align=\"right\" height=\"20\"><span style=\"color: #000000; font-family: Calibri; font-size: 18px;\">6<\/span><\/td>\n<td style=\"width: 24.9%; height: 23px; text-align: center;\"><span style=\"font-size: 18px;\">510210006<\/span><\/td>\n<td style=\"width: 58.98%; height: 23px; text-align: center;\"><span style=\"font-size: 18px;\">Plastikowa nasadka, s\u0142upek boczny<\/span><\/td>\n<\/tr>\n<\/tbody>\n<\/table>\n<p>&nbsp;<\/p>\n<p>*Zestaw uchwytu zawiera uchwyt, przetyczk\u0119 i narz\u0119dzie do wyci\u0105gania.<\/p>\n<\/div>\n<\/div><\/div><\/div><div id=\"pgc-w602d1cb776eb8-0-2\"  class=\"panel-grid-cell panel-grid-cell-empty\" ><\/div><\/div><\/div><\/div><\/div><\/div><div id=\"pgc-6662-0-1\"  class=\"panel-grid-cell panel-grid-cell-mobile-last\" ><div id=\"panel-6662-0-1-0\" class=\"so-panel widget widget_sow-image panel-first-child panel-last-child\" data-index=\"1\" ><div\n\t\t\t\n\t\t\tclass=\"so-widget-sow-image so-widget-sow-image-default-dbf295114b96-6662\"\n\t\t\t\n\t\t>\n\n<div class=\"sow-image-container\">\n\t\t<img decoding=\"async\" src=\"https:\/\/www.armaton.com\/wp-content\/uploads\/sites\/14\/2019\/06\/Armaton_Spare_parts_4000XF1282x1010-768x605.png\" width=\"768\" height=\"605\" srcset=\"https:\/\/www.armaton.com\/wp-content\/uploads\/sites\/14\/2019\/06\/Armaton_Spare_parts_4000XF1282x1010-768x605.png 768w, https:\/\/www.armaton.com\/wp-content\/uploads\/sites\/14\/2019\/06\/Armaton_Spare_parts_4000XF1282x1010-300x236.png 300w, https:\/\/www.armaton.com\/wp-content\/uploads\/sites\/14\/2019\/06\/Armaton_Spare_parts_4000XF1282x1010-1024x806.png 1024w, https:\/\/www.armaton.com\/wp-content\/uploads\/sites\/14\/2019\/06\/Armaton_Spare_parts_4000XF1282x1010-600x473.png 600w, https:\/\/www.armaton.com\/wp-content\/uploads\/sites\/14\/2019\/06\/Armaton_Spare_parts_4000XF1282x1010.png 1713w\" sizes=\"auto, (max-width: 768px) 100vw, 768px\" title=\"Armaton_Spare_parts_4000XF,1282&#215;1010\" alt=\"\" loading=\"lazy\" \t\tclass=\"so-widget-image\"\/>\n\t<\/div>\n\n<\/div><\/div><\/div><div id=\"pgc-6662-0-2\"  class=\"panel-grid-cell panel-grid-cell-empty\" ><\/div><\/div><\/div><div id=\"pg-6662-1\"  class=\"panel-grid panel-has-style\" ><div class=\"siteorigin-panels-stretch panel-row-style panel-row-style-for-6662-1\" data-stretch-type=\"full-stretched\" ><div id=\"pgc-6662-1-0\"  class=\"panel-grid-cell\" ><div id=\"panel-6662-1-0-0\" class=\"so-panel widget widget_siteorigin-panels-builder panel-first-child panel-last-child\" data-index=\"2\" ><div class=\"panel-widget-style panel-widget-style-for-6662-1-0-0\" ><div id=\"pl-w602d1cb778bf9\"  class=\"panel-layout\" ><div id=\"pg-w602d1cb778bf9-0\"  class=\"panel-grid panel-no-style\" ><div id=\"pgc-w602d1cb778bf9-0-0\"  class=\"panel-grid-cell panel-grid-cell-empty\" ><\/div><div id=\"pgc-w602d1cb778bf9-0-1\"  class=\"panel-grid-cell panel-grid-cell-mobile-last\" ><div id=\"panel-w602d1cb778bf9-0-1-0\" class=\"so-panel widget widget_sow-editor panel-first-child panel-last-child\" data-index=\"0\" ><div\n\t\t\t\n\t\t\tclass=\"so-widget-sow-editor so-widget-sow-editor-base\"\n\t\t\t\n\t\t>\n<div class=\"siteorigin-widget-tinymce textwidget\">\n\t<p>&nbsp;<\/p>\n<h2>Cz\u0119\u015bci zamienne \u2013 Armaton 4000XF S\u0142upek do wywrotki<\/h2>\n<p>&nbsp;<\/p>\n<table style=\"border-style: hidden; width: 94.88%; height: 182px; border-collapse: collapse;\">\n<tbody>\n<tr style=\"height: 44px;\">\n<td style=\"width: 25.94%; height: 44px; text-align: center;\" width=\"147\"><span style=\"font-size: 18px;\"><strong>Pozycja<\/strong><\/span><\/td>\n<td style=\"width: 25.54%; height: 44px; text-align: center;\" width=\"118\"><span style=\"font-size: 18px;\"><strong>Nr cz\u0119\u015bci<\/strong><\/span><\/td>\n<td style=\"width: 55.37%; height: 44px; text-align: center;\" width=\"114\"><span style=\"font-size: 18px;\"><strong>Opis<\/strong><\/span><\/td>\n<\/tr>\n<tr style=\"height: 23px;\">\n<td style=\"width: 25.94%; height: 23px; text-align: center;\" align=\"right\" width=\"64\" height=\"20\"><span style=\"color: #000000; font-family: Calibri; font-size: 18px;\">1<\/span><\/td>\n<td style=\"width: 25.54%; height: 23px; text-align: center;\" width=\"137\"><span style=\"font-size: 18px;\">510410002<\/span><\/td>\n<td style=\"width: 55.37%; height: 23px; text-align: center;\" width=\"189\"><span style=\"font-size: 18px;\">Plastikowa nasadka P\/L<\/span><\/td>\n<\/tr>\n<tr style=\"height: 23px;\">\n<td style=\"width: 25.94%; height: 23px; text-align: center;\" align=\"right\" height=\"20\"><span style=\"color: #000000; font-family: Calibri; font-size: 18px;\">2<\/span><\/td>\n<td style=\"width: 25.54%; height: 23px; text-align: center;\"><span style=\"font-size: 18px;\">510210009<\/span><\/td>\n<td style=\"width: 55.37%; height: 23px; text-align: center;\"><span style=\"font-size: 18px;\">Zestaw uchwytu*<\/span><\/td>\n<\/tr>\n<tr style=\"height: 23px;\">\n<td style=\"width: 25.94%; height: 23px; text-align: center;\" align=\"right\" height=\"20\"><span style=\"color: #000000; font-family: Calibri; font-size: 18px;\">3<\/span><\/td>\n<td style=\"width: 25.54%; height: 23px; text-align: center;\"><span style=\"font-size: 18px;\">510410001<\/span><\/td>\n<td style=\"width: 55.37%; height: 23px; text-align: center;\"><span style=\"font-size: 18px;\">Zestaw uchwytu*<\/span><\/td>\n<\/tr>\n<tr style=\"height: 23px;\">\n<td style=\"width: 25.94%; height: 23px; text-align: center;\" align=\"right\" height=\"20\"><span style=\"color: #000000; font-family: Calibri; font-size: 18px;\">4<\/span><\/td>\n<td style=\"width: 25.54%; height: 23px; text-align: center;\"><span style=\"font-size: 18px;\">510210014<\/span><\/td>\n<td style=\"width: 55.37%; height: 23px; text-align: center;\"><span style=\"font-size: 18px;\">Wymienny zacisk\u00a0<\/span><\/td>\n<\/tr>\n<tr style=\"height: 23px;\">\n<td style=\"width: 25.94%; height: 23px; text-align: center;\" align=\"right\" height=\"20\"><span style=\"color: #000000; font-family: Calibri; font-size: 18px;\">5<\/span><\/td>\n<td style=\"width: 25.54%; height: 23px; text-align: center;\"><span style=\"font-size: 18px;\">510310033<\/span><\/td>\n<td style=\"width: 55.37%; height: 23px; text-align: center;\"><span style=\"font-size: 18px;\">Konsola wahad\u0142owa <\/span><\/td>\n<\/tr>\n<\/tbody>\n<\/table>\n<p>&nbsp;<\/p>\n<p>*Zestaw uchwytu zawiera uchwyt, przetyczk\u0119 i narz\u0119dzie do wyci\u0105gania.<\/p>\n<p>&nbsp;<\/p>\n<p>&nbsp;<\/p>\n<\/div>\n<\/div><\/div><\/div><div id=\"pgc-w602d1cb778bf9-0-2\"  class=\"panel-grid-cell panel-grid-cell-empty\" ><\/div><\/div><\/div><\/div><\/div><\/div><div id=\"pgc-6662-1-1\"  class=\"panel-grid-cell panel-grid-cell-mobile-last\" ><div id=\"panel-6662-1-1-0\" class=\"so-panel widget widget_sow-image panel-first-child panel-last-child\" data-index=\"3\" ><div\n\t\t\t\n\t\t\tclass=\"so-widget-sow-image so-widget-sow-image-default-dbf295114b96-6662\"\n\t\t\t\n\t\t>\n\n<div class=\"sow-image-container\">\n\t\t<img decoding=\"async\" src=\"https:\/\/www.armaton.com\/wp-content\/uploads\/sites\/14\/2021\/02\/Armaton_Spare_Parts_Tippillar1282x1010-768x605.jpg\" width=\"768\" height=\"605\" srcset=\"https:\/\/www.armaton.com\/wp-content\/uploads\/sites\/14\/2021\/02\/Armaton_Spare_Parts_Tippillar1282x1010-768x605.jpg 768w, https:\/\/www.armaton.com\/wp-content\/uploads\/sites\/14\/2021\/02\/Armaton_Spare_Parts_Tippillar1282x1010-300x236.jpg 300w, https:\/\/www.armaton.com\/wp-content\/uploads\/sites\/14\/2021\/02\/Armaton_Spare_Parts_Tippillar1282x1010-1024x807.jpg 1024w, https:\/\/www.armaton.com\/wp-content\/uploads\/sites\/14\/2021\/02\/Armaton_Spare_Parts_Tippillar1282x1010-600x473.jpg 600w, https:\/\/www.armaton.com\/wp-content\/uploads\/sites\/14\/2021\/02\/Armaton_Spare_Parts_Tippillar1282x1010.jpg 1559w\" sizes=\"auto, (max-width: 768px) 100vw, 768px\" title=\"Armaton_Spare_Parts_Tippillar,1282&#215;1010\" alt=\"\" loading=\"lazy\" \t\tclass=\"so-widget-image\"\/>\n\t<\/div>\n\n<\/div><\/div><\/div><div id=\"pgc-6662-1-2\"  class=\"panel-grid-cell panel-grid-cell-empty\" ><\/div><\/div><\/div><\/div>","protected":false},"excerpt":{"rendered":"<p>Cz\u0119\u015bci zamienne \u2013 Armaton 4000XF &nbsp; Pozycja Nr cz\u0119\u015bci Opis 1 510410001 Zestaw uchwytu* 2 510210014 Wymienny zacisk\u00a0 3 510210007 Plastikowa nasadka, s\u0142upek tylny\u00a0 4 510210005 Plastikowa nasadka, s\u0142upek przedni P 5 510210004 Plastikowa nasadka, s\u0142upek przedni L 6 510210006 Plastikowa nasadka, s\u0142upek boczny &nbsp; *Zestaw uchwytu zawiera uchwyt, przetyczk\u0119 i narz\u0119dzie do wyci\u0105gania. &nbsp; [&hellip;]<\/p>\n","protected":false},"author":2,"featured_media":0,"parent":0,"menu_order":0,"comment_status":"closed","ping_status":"closed","template":"","meta":{"footnotes":""},"class_list":["post-6662","page","type-page","status-publish","hentry"],"yoast_head":"<!-- This site is optimized with the Yoast SEO plugin v20.4 - https:\/\/yoast.com\/wordpress\/plugins\/seo\/ -->\n<title>Cz\u0119\u015bci zamienne - Armaton 4000XF - Armaton<\/title>\n<meta name=\"description\" content=\"Dost\u0119pnych jest wiele r\u00f3\u017cnych cz\u0119\u015bci zamiennych do Armaton 4000XF. Zobacz, co jest tutaj dost\u0119pne.\" \/>\n<meta name=\"robots\" content=\"index, follow, max-snippet:-1, max-image-preview:large, max-video-preview:-1\" \/>\n<link rel=\"canonical\" href=\"https:\/\/www.armaton.com\/pl\/czesci-zamienne-armaton-4000xf\/\" \/>\n<meta property=\"og:locale\" content=\"pl_PL\" \/>\n<meta property=\"og:type\" content=\"article\" \/>\n<meta property=\"og:title\" content=\"Cz\u0119\u015bci zamienne - Armaton 4000XF - Armaton\" \/>\n<meta property=\"og:description\" content=\"Dost\u0119pnych jest wiele r\u00f3\u017cnych cz\u0119\u015bci zamiennych do Armaton 4000XF. Zobacz, co jest tutaj dost\u0119pne.\" \/>\n<meta property=\"og:url\" content=\"https:\/\/www.armaton.com\/pl\/czesci-zamienne-armaton-4000xf\/\" \/>\n<meta property=\"og:site_name\" content=\"Armaton\" \/>\n<meta property=\"article:modified_time\" content=\"2024-01-16T09:36:34+00:00\" \/>\n<meta name=\"twitter:card\" content=\"summary_large_image\" \/>\n<meta name=\"twitter:label1\" content=\"Szacowany czas czytania\" \/>\n\t<meta name=\"twitter:data1\" content=\"1 minuta\" \/>\n<script type=\"application\/ld+json\" class=\"yoast-schema-graph\">{\"@context\":\"https:\/\/schema.org\",\"@graph\":[{\"@type\":\"WebPage\",\"@id\":\"https:\/\/www.armaton.com\/pl\/czesci-zamienne-armaton-4000xf\/\",\"url\":\"https:\/\/www.armaton.com\/pl\/czesci-zamienne-armaton-4000xf\/\",\"name\":\"Cz\u0119\u015bci zamienne - Armaton 4000XF - Armaton\",\"isPartOf\":{\"@id\":\"https:\/\/www.armaton.com\/#website\"},\"datePublished\":\"2020-03-23T14:13:06+00:00\",\"dateModified\":\"2024-01-16T09:36:34+00:00\",\"description\":\"Dost\u0119pnych jest wiele r\u00f3\u017cnych cz\u0119\u015bci zamiennych do Armaton 4000XF. Zobacz, co jest tutaj dost\u0119pne.\",\"breadcrumb\":{\"@id\":\"https:\/\/www.armaton.com\/pl\/czesci-zamienne-armaton-4000xf\/#breadcrumb\"},\"inLanguage\":\"pl-PL\",\"potentialAction\":[{\"@type\":\"ReadAction\",\"target\":[\"https:\/\/www.armaton.com\/pl\/czesci-zamienne-armaton-4000xf\/\"]}]},{\"@type\":\"BreadcrumbList\",\"@id\":\"https:\/\/www.armaton.com\/pl\/czesci-zamienne-armaton-4000xf\/#breadcrumb\",\"itemListElement\":[{\"@type\":\"ListItem\",\"position\":1,\"name\":\"Home\",\"item\":\"https:\/\/www.armaton.com\/pl\/\"},{\"@type\":\"ListItem\",\"position\":2,\"name\":\"Cz\u0119\u015bci zamienne &#8211; Armaton 4000XF\"}]},{\"@type\":\"WebSite\",\"@id\":\"https:\/\/www.armaton.com\/#website\",\"url\":\"https:\/\/www.armaton.com\/\",\"name\":\"Armaton\",\"description\":\"Armaton Solutions \u2013 Desire To Improve\",\"potentialAction\":[{\"@type\":\"SearchAction\",\"target\":{\"@type\":\"EntryPoint\",\"urlTemplate\":\"https:\/\/www.armaton.com\/?s={search_term_string}\"},\"query-input\":\"required name=search_term_string\"}],\"inLanguage\":\"pl-PL\"}]}<\/script>\n<!-- \/ Yoast SEO plugin. -->","yoast_head_json":{"title":"Cz\u0119\u015bci zamienne - Armaton 4000XF - Armaton","description":"Dost\u0119pnych jest wiele r\u00f3\u017cnych cz\u0119\u015bci zamiennych do Armaton 4000XF. Zobacz, co jest tutaj dost\u0119pne.","robots":{"index":"index","follow":"follow","max-snippet":"max-snippet:-1","max-image-preview":"max-image-preview:large","max-video-preview":"max-video-preview:-1"},"canonical":"https:\/\/www.armaton.com\/pl\/czesci-zamienne-armaton-4000xf\/","og_locale":"pl_PL","og_type":"article","og_title":"Cz\u0119\u015bci zamienne - Armaton 4000XF - Armaton","og_description":"Dost\u0119pnych jest wiele r\u00f3\u017cnych cz\u0119\u015bci zamiennych do Armaton 4000XF. Zobacz, co jest tutaj dost\u0119pne.","og_url":"https:\/\/www.armaton.com\/pl\/czesci-zamienne-armaton-4000xf\/","og_site_name":"Armaton","article_modified_time":"2024-01-16T09:36:34+00:00","twitter_card":"summary_large_image","twitter_misc":{"Szacowany czas czytania":"1 minuta"},"schema":{"@context":"https:\/\/schema.org","@graph":[{"@type":"WebPage","@id":"https:\/\/www.armaton.com\/pl\/czesci-zamienne-armaton-4000xf\/","url":"https:\/\/www.armaton.com\/pl\/czesci-zamienne-armaton-4000xf\/","name":"Cz\u0119\u015bci zamienne - Armaton 4000XF - Armaton","isPartOf":{"@id":"https:\/\/www.armaton.com\/#website"},"datePublished":"2020-03-23T14:13:06+00:00","dateModified":"2024-01-16T09:36:34+00:00","description":"Dost\u0119pnych jest wiele r\u00f3\u017cnych cz\u0119\u015bci zamiennych do Armaton 4000XF. Zobacz, co jest tutaj dost\u0119pne.","breadcrumb":{"@id":"https:\/\/www.armaton.com\/pl\/czesci-zamienne-armaton-4000xf\/#breadcrumb"},"inLanguage":"pl-PL","potentialAction":[{"@type":"ReadAction","target":["https:\/\/www.armaton.com\/pl\/czesci-zamienne-armaton-4000xf\/"]}]},{"@type":"BreadcrumbList","@id":"https:\/\/www.armaton.com\/pl\/czesci-zamienne-armaton-4000xf\/#breadcrumb","itemListElement":[{"@type":"ListItem","position":1,"name":"Home","item":"https:\/\/www.armaton.com\/pl\/"},{"@type":"ListItem","position":2,"name":"Cz\u0119\u015bci zamienne &#8211; Armaton 4000XF"}]},{"@type":"WebSite","@id":"https:\/\/www.armaton.com\/#website","url":"https:\/\/www.armaton.com\/","name":"Armaton","description":"Armaton Solutions \u2013 Desire To Improve","potentialAction":[{"@type":"SearchAction","target":{"@type":"EntryPoint","urlTemplate":"https:\/\/www.armaton.com\/?s={search_term_string}"},"query-input":"required name=search_term_string"}],"inLanguage":"pl-PL"}]}},"_links":{"self":[{"href":"https:\/\/www.armaton.com\/pl\/wp-json\/wp\/v2\/pages\/6662","targetHints":{"allow":["GET"]}}],"collection":[{"href":"https:\/\/www.armaton.com\/pl\/wp-json\/wp\/v2\/pages"}],"about":[{"href":"https:\/\/www.armaton.com\/pl\/wp-json\/wp\/v2\/types\/page"}],"author":[{"embeddable":true,"href":"https:\/\/www.armaton.com\/pl\/wp-json\/wp\/v2\/users\/2"}],"replies":[{"embeddable":true,"href":"https:\/\/www.armaton.com\/pl\/wp-json\/wp\/v2\/comments?post=6662"}],"version-history":[{"count":21,"href":"https:\/\/www.armaton.com\/pl\/wp-json\/wp\/v2\/pages\/6662\/revisions"}],"predecessor-version":[{"id":13352,"href":"https:\/\/www.armaton.com\/pl\/wp-json\/wp\/v2\/pages\/6662\/revisions\/13352"}],"wp:attachment":[{"href":"https:\/\/www.armaton.com\/pl\/wp-json\/wp\/v2\/media?parent=6662"}],"curies":[{"name":"wp","href":"https:\/\/api.w.org\/{rel}","templated":true}]}}