{"id":6671,"date":"2020-03-23T14:15:08","date_gmt":"2020-03-23T14:15:08","guid":{"rendered":"https:\/\/www.armaton.com\/?page_id=6671"},"modified":"2024-01-16T09:36:57","modified_gmt":"2024-01-16T09:36:57","slug":"czesci-zamienne-armaton-3000xf","status":"publish","type":"page","link":"https:\/\/www.armaton.com\/pl\/czesci-zamienne-armaton-3000xf\/","title":{"rendered":"Cz\u0119\u015bci zamienne &#8211; Armaton 3000XF"},"content":{"rendered":"<div id=\"pl-6671\"  class=\"panel-layout\" ><div id=\"pg-6671-0\"  class=\"panel-grid panel-has-style\" ><div class=\"siteorigin-panels-stretch panel-row-style panel-row-style-for-6671-0\" data-stretch-type=\"full-stretched\" ><div id=\"pgc-6671-0-0\"  class=\"panel-grid-cell\" ><div id=\"panel-6671-0-0-0\" class=\"so-panel widget widget_siteorigin-panels-builder panel-first-child panel-last-child\" data-index=\"0\" ><div class=\"panel-widget-style panel-widget-style-for-6671-0-0-0\" ><div id=\"pl-w5e7cc6641e165\"  class=\"panel-layout\" ><div id=\"pg-w5e7cc6641e165-0\"  class=\"panel-grid panel-no-style\" ><div id=\"pgc-w5e7cc6641e165-0-0\"  class=\"panel-grid-cell panel-grid-cell-empty\" ><\/div><div id=\"pgc-w5e7cc6641e165-0-1\"  class=\"panel-grid-cell panel-grid-cell-mobile-last\" ><div id=\"panel-w5e7cc6641e165-0-1-0\" class=\"so-panel widget widget_sow-editor panel-first-child panel-last-child\" data-index=\"0\" ><div class=\"panel-widget-style panel-widget-style-for-w5e7cc6641e165-0-1-0\" ><div\n\t\t\t\n\t\t\tclass=\"so-widget-sow-editor so-widget-sow-editor-base\"\n\t\t\t\n\t\t>\n<div class=\"siteorigin-widget-tinymce textwidget\">\n\t<p>&nbsp;<\/p>\n<h2><span style=\"font-size: 36px;\">Cz\u0119\u015bci zamienne <\/span>\u2013 <span style=\"font-size: 36px;\">Armaton 3000XF<span style=\"margin: 0px; font-family: 'Calibri',sans-serif;\"><span style=\"color: #000000;\">\u00a0<\/span><\/span><\/span><\/h2>\n<p>&nbsp;<\/p>\n<table style=\"border-style: hidden; width: 106.85%; height: 182px; border-collapse: collapse;\">\n<tbody>\n<tr style=\"height: 44px;\">\n<td style=\"width: 16.51%; height: 44px; text-align: center;\" width=\"147\"><span style=\"font-size: 18px;\"><strong>Pozycja<\/strong><\/span><\/td>\n<td style=\"width: 25.91%; height: 44px; text-align: center;\" width=\"118\"><span style=\"font-size: 18px;\"><strong>Nr cz\u0119\u015bci<\/strong><\/span><\/td>\n<td style=\"width: 64.39%; height: 44px; text-align: center;\" width=\"114\"><span style=\"font-size: 18px;\"><strong>Opis<\/strong><\/span><\/td>\n<\/tr>\n<tr style=\"height: 23px;\">\n<td style=\"width: 16.51%; height: 23px; text-align: center;\" align=\"right\" width=\"64\" height=\"20\"><span style=\"color: #000000; font-family: Calibri; font-size: 18px;\">1<\/span><\/td>\n<td style=\"width: 25.91%; text-align: center;\" width=\"303\"><span style=\"font-size: 18px;\">510410001<\/span><\/td>\n<td style=\"width: 64.39%; text-align: center;\" width=\"233\"><span style=\"font-size: 18px;\">Zestaw uchwytu*, pasuje do burty 400 mm\u00a0<\/span><\/td>\n<\/tr>\n<tr style=\"height: 23px;\">\n<td style=\"width: 16.51%; height: 23px; text-align: center;\" align=\"right\" height=\"20\"><span style=\"color: #000000; font-family: Calibri; font-size: 18px;\">2<\/span><\/td>\n<td style=\"width: 25.91%; text-align: center;\"><span style=\"font-size: 18px;\">510210009<\/span><\/td>\n<td style=\"width: 64.39%; text-align: center;\"><span style=\"font-size: 18px;\">Zestaw uchwytu*, pasuje do burty 300 i 350 mm\u00a0<\/span><\/td>\n<\/tr>\n<tr style=\"height: 23px;\">\n<td style=\"width: 16.51%; height: 23px; text-align: center;\" align=\"right\" height=\"20\"><span style=\"color: #000000; font-family: Calibri; font-size: 18px;\">3<\/span><\/td>\n<td style=\"width: 25.91%; text-align: center;\"><span style=\"font-size: 18px;\">510210014<\/span><\/td>\n<td style=\"width: 64.39%; text-align: center;\"><span style=\"font-size: 18px;\">Wymienny zacisk<\/span><\/td>\n<\/tr>\n<tr style=\"height: 23px;\">\n<td style=\"width: 16.51%; height: 23px; text-align: center;\" align=\"right\" height=\"20\"><span style=\"color: #000000; font-family: Calibri; font-size: 18px;\">4<\/span><\/td>\n<td style=\"width: 25.91%; text-align: center;\"><span style=\"font-size: 18px;\">510210001<\/span><\/td>\n<td style=\"width: 64.39%; text-align: center;\"><span style=\"font-size: 18px;\">Plastikowa nasadka, s\u0142upek L\/P<\/span><\/td>\n<\/tr>\n<tr style=\"height: 23px;\">\n<td style=\"width: 16.51%; height: 23px; text-align: center;\" align=\"right\" height=\"20\"><span style=\"color: #000000; font-family: Calibri; font-size: 18px;\">5<\/span><\/td>\n<td style=\"width: 25.91%; text-align: center;\"><span style=\"font-size: 18px;\">510210002<\/span><\/td>\n<td style=\"width: 64.39%; text-align: center;\"><span style=\"font-size: 18px;\">Plastikowa nasadka, nasadka zewn\u0119trzna L<\/span><\/td>\n<\/tr>\n<tr style=\"height: 23px;\">\n<td style=\"width: 16.51%; height: 23px; text-align: center;\" align=\"right\" height=\"20\"><span style=\"color: #000000; font-family: Calibri; font-size: 18px;\">6<\/span><\/td>\n<td style=\"width: 25.91%; text-align: center;\"><span style=\"font-size: 18px;\">510210003<\/span><\/td>\n<td style=\"width: 64.39%; text-align: center;\"><span style=\"font-size: 18px;\">Plastikowa nasadka, nasadka zewn\u0119trzna P\u00a0<\/span><\/td>\n<\/tr>\n<\/tbody>\n<\/table>\n<p>&nbsp;<\/p>\n<p>*Zestaw uchwytu zawiera uchwyt, przetyczk\u0119 i narz\u0119dzie do wyci\u0105gania.<\/p>\n<\/div>\n<\/div><\/div><\/div><\/div><div id=\"pgc-w5e7cc6641e165-0-2\"  class=\"panel-grid-cell panel-grid-cell-empty\" ><\/div><\/div><\/div><\/div><\/div><\/div><div id=\"pgc-6671-0-1\"  class=\"panel-grid-cell panel-grid-cell-mobile-last\" ><div id=\"panel-6671-0-1-0\" class=\"so-panel widget widget_sow-image panel-first-child panel-last-child\" data-index=\"1\" ><div\n\t\t\t\n\t\t\tclass=\"so-widget-sow-image so-widget-sow-image-default-dbf295114b96-6671\"\n\t\t\t\n\t\t>\n\n<div class=\"sow-image-container\">\n\t\t<img decoding=\"async\" src=\"https:\/\/www.armaton.com\/wp-content\/uploads\/sites\/14\/2019\/06\/Armaton_Spare_parts_3000XF_1282x1010-768x605.png\" width=\"768\" height=\"605\" srcset=\"https:\/\/www.armaton.com\/wp-content\/uploads\/sites\/14\/2019\/06\/Armaton_Spare_parts_3000XF_1282x1010-768x605.png 768w, https:\/\/www.armaton.com\/wp-content\/uploads\/sites\/14\/2019\/06\/Armaton_Spare_parts_3000XF_1282x1010-300x237.png 300w, https:\/\/www.armaton.com\/wp-content\/uploads\/sites\/14\/2019\/06\/Armaton_Spare_parts_3000XF_1282x1010-1024x807.png 1024w, https:\/\/www.armaton.com\/wp-content\/uploads\/sites\/14\/2019\/06\/Armaton_Spare_parts_3000XF_1282x1010-600x473.png 600w, https:\/\/www.armaton.com\/wp-content\/uploads\/sites\/14\/2019\/06\/Armaton_Spare_parts_3000XF_1282x1010.png 1819w\" sizes=\"auto, (max-width: 768px) 100vw, 768px\" alt=\"\" loading=\"lazy\" \t\tclass=\"so-widget-image\"\/>\n\t<\/div>\n\n<\/div><\/div><\/div><div id=\"pgc-6671-0-2\"  class=\"panel-grid-cell panel-grid-cell-empty\" ><\/div><\/div><\/div><\/div>","protected":false},"excerpt":{"rendered":"<p>&nbsp; Cz\u0119\u015bci zamienne \u2013 Armaton 3000XF\u00a0 &nbsp; Pozycja Nr cz\u0119\u015bci Opis 1 510410001 Zestaw uchwytu*, pasuje do burty 400 mm\u00a0 2 510210009 Zestaw uchwytu*, pasuje do burty 300 i 350 mm\u00a0 3 510210014 Wymienny zacisk 4 510210001 Plastikowa nasadka, s\u0142upek L\/P 5 510210002 Plastikowa nasadka, nasadka zewn\u0119trzna L 6 510210003 Plastikowa nasadka, nasadka zewn\u0119trzna P\u00a0 [&hellip;]<\/p>\n","protected":false},"author":2,"featured_media":0,"parent":0,"menu_order":0,"comment_status":"closed","ping_status":"closed","template":"","meta":{"footnotes":""},"class_list":["post-6671","page","type-page","status-publish","hentry"],"yoast_head":"<!-- This site is optimized with the Yoast SEO plugin v20.4 - https:\/\/yoast.com\/wordpress\/plugins\/seo\/ -->\n<title>Cz\u0119\u015bci zamienne - Armaton 3000XF - Armaton<\/title>\n<meta name=\"description\" content=\"Dost\u0119pnych jest wiele r\u00f3\u017cnych cz\u0119\u015bci zamiennych do Armaton 3000XF. Zobacz, co jest tutaj dost\u0119pne.\" \/>\n<meta name=\"robots\" content=\"index, follow, max-snippet:-1, max-image-preview:large, max-video-preview:-1\" \/>\n<link rel=\"canonical\" href=\"https:\/\/www.armaton.com\/pl\/czesci-zamienne-armaton-3000xf\/\" \/>\n<meta property=\"og:locale\" content=\"pl_PL\" \/>\n<meta property=\"og:type\" content=\"article\" \/>\n<meta property=\"og:title\" content=\"Cz\u0119\u015bci zamienne - Armaton 3000XF - Armaton\" \/>\n<meta property=\"og:description\" content=\"Dost\u0119pnych jest wiele r\u00f3\u017cnych cz\u0119\u015bci zamiennych do Armaton 3000XF. Zobacz, co jest tutaj dost\u0119pne.\" \/>\n<meta property=\"og:url\" content=\"https:\/\/www.armaton.com\/pl\/czesci-zamienne-armaton-3000xf\/\" \/>\n<meta property=\"og:site_name\" content=\"Armaton\" \/>\n<meta property=\"article:modified_time\" content=\"2024-01-16T09:36:57+00:00\" \/>\n<meta name=\"twitter:card\" content=\"summary_large_image\" \/>\n<meta name=\"twitter:label1\" content=\"Szacowany czas czytania\" \/>\n\t<meta name=\"twitter:data1\" content=\"1 minuta\" \/>\n<script type=\"application\/ld+json\" class=\"yoast-schema-graph\">{\"@context\":\"https:\/\/schema.org\",\"@graph\":[{\"@type\":\"WebPage\",\"@id\":\"https:\/\/www.armaton.com\/pl\/czesci-zamienne-armaton-3000xf\/\",\"url\":\"https:\/\/www.armaton.com\/pl\/czesci-zamienne-armaton-3000xf\/\",\"name\":\"Cz\u0119\u015bci zamienne - Armaton 3000XF - Armaton\",\"isPartOf\":{\"@id\":\"https:\/\/www.armaton.com\/#website\"},\"datePublished\":\"2020-03-23T14:15:08+00:00\",\"dateModified\":\"2024-01-16T09:36:57+00:00\",\"description\":\"Dost\u0119pnych jest wiele r\u00f3\u017cnych cz\u0119\u015bci zamiennych do Armaton 3000XF. Zobacz, co jest tutaj dost\u0119pne.\",\"breadcrumb\":{\"@id\":\"https:\/\/www.armaton.com\/pl\/czesci-zamienne-armaton-3000xf\/#breadcrumb\"},\"inLanguage\":\"pl-PL\",\"potentialAction\":[{\"@type\":\"ReadAction\",\"target\":[\"https:\/\/www.armaton.com\/pl\/czesci-zamienne-armaton-3000xf\/\"]}]},{\"@type\":\"BreadcrumbList\",\"@id\":\"https:\/\/www.armaton.com\/pl\/czesci-zamienne-armaton-3000xf\/#breadcrumb\",\"itemListElement\":[{\"@type\":\"ListItem\",\"position\":1,\"name\":\"Home\",\"item\":\"https:\/\/www.armaton.com\/pl\/\"},{\"@type\":\"ListItem\",\"position\":2,\"name\":\"Cz\u0119\u015bci zamienne &#8211; Armaton 3000XF\"}]},{\"@type\":\"WebSite\",\"@id\":\"https:\/\/www.armaton.com\/#website\",\"url\":\"https:\/\/www.armaton.com\/\",\"name\":\"Armaton\",\"description\":\"Armaton Solutions \u2013 Desire To Improve\",\"potentialAction\":[{\"@type\":\"SearchAction\",\"target\":{\"@type\":\"EntryPoint\",\"urlTemplate\":\"https:\/\/www.armaton.com\/?s={search_term_string}\"},\"query-input\":\"required name=search_term_string\"}],\"inLanguage\":\"pl-PL\"}]}<\/script>\n<!-- \/ Yoast SEO plugin. -->","yoast_head_json":{"title":"Cz\u0119\u015bci zamienne - Armaton 3000XF - Armaton","description":"Dost\u0119pnych jest wiele r\u00f3\u017cnych cz\u0119\u015bci zamiennych do Armaton 3000XF. Zobacz, co jest tutaj dost\u0119pne.","robots":{"index":"index","follow":"follow","max-snippet":"max-snippet:-1","max-image-preview":"max-image-preview:large","max-video-preview":"max-video-preview:-1"},"canonical":"https:\/\/www.armaton.com\/pl\/czesci-zamienne-armaton-3000xf\/","og_locale":"pl_PL","og_type":"article","og_title":"Cz\u0119\u015bci zamienne - Armaton 3000XF - Armaton","og_description":"Dost\u0119pnych jest wiele r\u00f3\u017cnych cz\u0119\u015bci zamiennych do Armaton 3000XF. Zobacz, co jest tutaj dost\u0119pne.","og_url":"https:\/\/www.armaton.com\/pl\/czesci-zamienne-armaton-3000xf\/","og_site_name":"Armaton","article_modified_time":"2024-01-16T09:36:57+00:00","twitter_card":"summary_large_image","twitter_misc":{"Szacowany czas czytania":"1 minuta"},"schema":{"@context":"https:\/\/schema.org","@graph":[{"@type":"WebPage","@id":"https:\/\/www.armaton.com\/pl\/czesci-zamienne-armaton-3000xf\/","url":"https:\/\/www.armaton.com\/pl\/czesci-zamienne-armaton-3000xf\/","name":"Cz\u0119\u015bci zamienne - Armaton 3000XF - Armaton","isPartOf":{"@id":"https:\/\/www.armaton.com\/#website"},"datePublished":"2020-03-23T14:15:08+00:00","dateModified":"2024-01-16T09:36:57+00:00","description":"Dost\u0119pnych jest wiele r\u00f3\u017cnych cz\u0119\u015bci zamiennych do Armaton 3000XF. Zobacz, co jest tutaj dost\u0119pne.","breadcrumb":{"@id":"https:\/\/www.armaton.com\/pl\/czesci-zamienne-armaton-3000xf\/#breadcrumb"},"inLanguage":"pl-PL","potentialAction":[{"@type":"ReadAction","target":["https:\/\/www.armaton.com\/pl\/czesci-zamienne-armaton-3000xf\/"]}]},{"@type":"BreadcrumbList","@id":"https:\/\/www.armaton.com\/pl\/czesci-zamienne-armaton-3000xf\/#breadcrumb","itemListElement":[{"@type":"ListItem","position":1,"name":"Home","item":"https:\/\/www.armaton.com\/pl\/"},{"@type":"ListItem","position":2,"name":"Cz\u0119\u015bci zamienne &#8211; Armaton 3000XF"}]},{"@type":"WebSite","@id":"https:\/\/www.armaton.com\/#website","url":"https:\/\/www.armaton.com\/","name":"Armaton","description":"Armaton Solutions \u2013 Desire To Improve","potentialAction":[{"@type":"SearchAction","target":{"@type":"EntryPoint","urlTemplate":"https:\/\/www.armaton.com\/?s={search_term_string}"},"query-input":"required name=search_term_string"}],"inLanguage":"pl-PL"}]}},"_links":{"self":[{"href":"https:\/\/www.armaton.com\/pl\/wp-json\/wp\/v2\/pages\/6671","targetHints":{"allow":["GET"]}}],"collection":[{"href":"https:\/\/www.armaton.com\/pl\/wp-json\/wp\/v2\/pages"}],"about":[{"href":"https:\/\/www.armaton.com\/pl\/wp-json\/wp\/v2\/types\/page"}],"author":[{"embeddable":true,"href":"https:\/\/www.armaton.com\/pl\/wp-json\/wp\/v2\/users\/2"}],"replies":[{"embeddable":true,"href":"https:\/\/www.armaton.com\/pl\/wp-json\/wp\/v2\/comments?post=6671"}],"version-history":[{"count":13,"href":"https:\/\/www.armaton.com\/pl\/wp-json\/wp\/v2\/pages\/6671\/revisions"}],"predecessor-version":[{"id":13354,"href":"https:\/\/www.armaton.com\/pl\/wp-json\/wp\/v2\/pages\/6671\/revisions\/13354"}],"wp:attachment":[{"href":"https:\/\/www.armaton.com\/pl\/wp-json\/wp\/v2\/media?parent=6671"}],"curies":[{"name":"wp","href":"https:\/\/api.w.org\/{rel}","templated":true}]}}