{"id":6688,"date":"2020-03-23T16:17:49","date_gmt":"2020-03-23T16:17:49","guid":{"rendered":"https:\/\/www.armaton.com\/?page_id=6688"},"modified":"2025-09-15T09:44:21","modified_gmt":"2025-09-15T09:44:21","slug":"do-pobrania","status":"publish","type":"page","link":"https:\/\/www.armaton.com\/pl\/do-pobrania\/","title":{"rendered":"Do pobrania"},"content":{"rendered":"<div id=\"pl-6688\"  class=\"panel-layout\" ><div id=\"pg-6688-0\"  class=\"panel-grid panel-has-style\" ><div class=\"siteorigin-panels-stretch panel-row-style panel-row-style-for-6688-0\" data-stretch-type=\"full-stretched\" ><div id=\"pgc-6688-0-0\"  class=\"panel-grid-cell panel-grid-cell-empty\" ><\/div><div id=\"pgc-6688-0-1\"  class=\"panel-grid-cell panel-grid-cell-mobile-last\" ><div id=\"panel-6688-0-1-0\" class=\"so-panel widget widget_siteorigin-panels-builder panel-first-child\" data-index=\"0\" ><div class=\"panel-widget-style panel-widget-style-for-6688-0-1-0\" ><div id=\"pl-w5e78e3101b3d9\"  class=\"panel-layout\" ><div id=\"pg-w5e78e3101b3d9-0\"  class=\"panel-grid panel-no-style\" ><div id=\"pgc-w5e78e3101b3d9-0-0\"  class=\"panel-grid-cell\" ><div id=\"panel-w5e78e3101b3d9-0-0-0\" class=\"so-panel widget widget_sow-editor panel-first-child panel-last-child\" data-index=\"0\" ><div\n\t\t\t\n\t\t\tclass=\"so-widget-sow-editor so-widget-sow-editor-base\"\n\t\t\t\n\t\t>\n<div class=\"siteorigin-widget-tinymce textwidget\">\n\t<p>&nbsp;<\/p>\n<h1>Do pobrania<\/h1>\n<p><span style=\"font-size: 18px;\">Tutaj mo\u017cna pobra\u0107 informacje o produktach Armaton i instrukcje monta\u017cu.<\/span><\/p>\n<\/div>\n<\/div><\/div><\/div><\/div><\/div><\/div><\/div><div id=\"panel-6688-0-1-1\" class=\"so-panel widget widget_siteorigin-panels-builder panel-last-child\" data-index=\"1\" ><div class=\"panel-widget-style panel-widget-style-for-6688-0-1-1\" ><div id=\"pl-w68c7dff5cab36\"  class=\"panel-layout\" ><div id=\"pg-w68c7dff5cab36-0\"  class=\"panel-grid panel-no-style\" ><div id=\"pgc-w68c7dff5cab36-0-0\"  class=\"panel-grid-cell\" ><div id=\"panel-w68c7dff5cab36-0-0-0\" class=\"so-panel widget widget_sow-editor panel-first-child panel-last-child\" data-index=\"0\" ><div\n\t\t\t\n\t\t\tclass=\"so-widget-sow-editor so-widget-sow-editor-base\"\n\t\t\t\n\t\t>\n<div class=\"siteorigin-widget-tinymce textwidget\">\n\t<p>&nbsp;<\/p>\n<h3><strong>Informacje o produkcie\u00a0<\/strong><\/h3>\n<ul>\n<li><span style=\"font-size: 18px\"><a href=\"https:\/\/forankra.bynder.com\/m\/5819e92eb873fde6\/original\/510810016_Armaton_4000XF_ENG.pdf\" target=\"_blank\" rel=\"noopener noreferrer\">Armaton 4000XF<\/a><\/span><\/li>\n<li><span style=\"font-size: 18px\"><a href=\"https:\/\/forankra.bynder.com\/m\/1631b081d096c4cf\/original\/510810014_Armaton_3000XF_ENG.pdf\" target=\"_blank\" rel=\"noopener noreferrer\">Armaton 3000XF<\/a><\/span><\/li>\n<li><span style=\"font-size: 18px\"><a href=\"http:\/\/forankra.sites.zc.zitac.net\/A\/Forankra+Mediabank\/3178?encoding=UTF-8\" target=\"_blank\" rel=\"noopener noreferrer\">Profile i akcesoria<\/a><\/span><\/li>\n<li><span style=\"font-size: 18px\"><a href=\"https:\/\/forankra.bynder.com\/m\/54aebb7c4393e5e9\/original\/510810020_Armaton_Spare_Parts_3000_4000XF_ENG.pdf\" target=\"_blank\" rel=\"noopener noreferrer\">Cz\u0119\u015bci zamienne - Armaton 4000XF and 3000XF<\/a><\/span><\/li>\n<li><a href=\"https:\/\/forankra.bynder.com\/m\/27b44aa79d99d249\/original\/Armaton-MP-OneStep_POLISH.pdf\" target=\"_blank\" rel=\"noopener\"><span style=\"font-size: 18px\">Armaton MP OneStep<\/span><\/a><\/li>\n<li><a href=\"https:\/\/forankra.bynder.com\/m\/6b2e220fd4020a86\/original\/Armaton-MP-LongGoods_POLISH.pdf\" target=\"_blank\" rel=\"noopener\"><span style=\"font-size: 18px\">Armaton MP LongGoods<\/span><\/a><\/li>\n<\/ul>\n<p>&nbsp;<\/p>\n<p>&nbsp;<\/p>\n<p>&nbsp;<\/p>\n<\/div>\n<\/div><\/div><\/div><div id=\"pgc-w68c7dff5cab36-0-1\"  class=\"panel-grid-cell\" ><div id=\"panel-w68c7dff5cab36-0-1-0\" class=\"so-panel widget widget_sow-editor panel-first-child panel-last-child\" data-index=\"1\" ><div\n\t\t\t\n\t\t\tclass=\"so-widget-sow-editor so-widget-sow-editor-base\"\n\t\t\t\n\t\t>\n<div class=\"siteorigin-widget-tinymce textwidget\">\n\t<p>&nbsp;<\/p>\n<h3><strong>Instrukcje monta\u017cu<\/strong><\/h3>\n<ul>\n<li><span style=\"font-size: 18px;\"><a href=\"https:\/\/forankra.bynder.com\/m\/62f9aebdbd34c412\/original\/510810017_Mount_Instr_4000XF.pdf\" target=\"_blank\" rel=\"noopener noreferrer\">Armaton 4000XF \u2013 Monta\u017cu<\/a><\/span><\/li>\n<li><span style=\"font-size: 18px;\"><a href=\"https:\/\/forankra.bynder.com\/m\/4d8bccaf41ce8237\/original\/510810015_Mount_Instr_3000XF.pdf\" target=\"_blank\" rel=\"noopener noreferrer\">Armaton 3000XF \u2013 Monta\u017cu<\/a><\/span><\/li>\n<li><span style=\"font-size: 18px;\"><a href=\"https:\/\/forankra.bynder.com\/m\/6b36641494ee4934\/original\/510810018_Mount_Instr_Handle_replacement.pdf\" target=\"_blank\" rel=\"noopener noreferrer\">Wymiana uchwytu - Armaton 4000XF i 3000XF<\/a><\/span><\/li>\n<li><span style=\"font-size: 18px;\"><a href=\"https:\/\/forankra.bynder.com\/m\/1d3e45619fea19a0\/original\/510810011_Mount_Instr_Modular_Platform.pdf\" target=\"_blank\" rel=\"noopener noreferrer\">Platforma modu\u0142owa Armaton \u2013 Monta\u017cu\u00a0<\/a><\/span><\/li>\n<li><a href=\"https:\/\/forankra.bynder.com\/m\/1d1a2f7d984004ba\/original\/510810026_Mount_Instr_Rear_Dropside_Support.pdf\" target=\"_blank\" rel=\"noopener\"><span style=\"font-size: 18px;\">Armaton Rear Dropside Support \u2013 Monta\u017cu<\/span><\/a><\/li>\n<li><a href=\"https:\/\/forankra.bynder.com\/m\/2f11287444bc3132\/original\/510810030_Mount_Instr_OneStep.pdf\" target=\"_blank\" rel=\"noopener\"><span style=\"font-size: 18px;\">Armaton MP OneStep \u2013 Monta\u017cu<\/span><\/a><\/li>\n<\/ul>\n<\/div>\n<\/div><\/div><\/div><div id=\"pgc-w68c7dff5cab36-0-2\"  class=\"panel-grid-cell\" ><div id=\"panel-w68c7dff5cab36-0-2-0\" class=\"so-panel widget widget_sow-editor panel-first-child panel-last-child\" data-index=\"2\" ><div\n\t\t\t\n\t\t\tclass=\"so-widget-sow-editor so-widget-sow-editor-base\"\n\t\t\t\n\t\t>\n<div class=\"siteorigin-widget-tinymce textwidget\">\n\t<p>&nbsp;<\/p>\n<h3 style=\"text-align: left;\"><strong><span lang=\"EN-US\"><strong>Zam\u00f3w swoj\u0105 platform\u0119 modu\u0142ow\u0105 tutaj!\u00a0<\/strong><\/span><\/strong><\/h3>\n<p style=\"text-align: left;\"><span style=\"font-size: 16px;\">Je\u015bli chcesz z\u0142o\u017cy\u0107 zam\u00f3wienie lub chcesz, aby\u015bmy wys\u0142ali Tobie ofert\u0119 na platform\u0119 modu\u0142ow\u0105, pobierz, wype\u0142nij poni\u017cszy formularz i wy\u015blij go do osoby kontaktowej wymienionej na dole dokumentu.\u00a0<\/span><\/p>\n<p><a href=\"https:\/\/forankra.bynder.com\/m\/5a1a7fd23b9c811\/original\/Inquiry-and-order-form-Armaton-Modular-Platform-Kit.pdf\" target=\"_blank\" rel=\"noopener noreferrer\"><span style=\"font-size: 18px;\"> Formularz zam\u00f3wienia platformy modu\u0142owej<\/span><\/a><\/p>\n<\/div>\n<\/div><\/div><\/div><\/div><\/div><\/div><\/div><\/div><div id=\"pgc-6688-0-2\"  class=\"panel-grid-cell panel-grid-cell-empty\" ><\/div><\/div><\/div><div id=\"pg-6688-1\"  class=\"panel-grid panel-has-style\" ><div class=\"siteorigin-panels-stretch panel-row-style panel-row-style-for-6688-1\" data-stretch-type=\"full\" ><div id=\"pgc-6688-1-0\"  class=\"panel-grid-cell panel-grid-cell-empty\" ><\/div><div id=\"pgc-6688-1-1\"  class=\"panel-grid-cell panel-grid-cell-empty panel-grid-cell-mobile-last\" ><\/div><div id=\"pgc-6688-1-2\"  class=\"panel-grid-cell panel-grid-cell-empty\" ><\/div><\/div><\/div><\/div>","protected":false},"excerpt":{"rendered":"<p>&nbsp; Do pobrania Tutaj mo\u017cna pobra\u0107 informacje o produktach Armaton i instrukcje monta\u017cu. &nbsp; Informacje o produkcie\u00a0 Armaton 4000XF Armaton 3000XF Profile i akcesoria Cz\u0119\u015bci zamienne &#8211; Armaton 4000XF and 3000XF Armaton MP OneStep Armaton MP LongGoods &nbsp; &nbsp; &nbsp; &nbsp; Instrukcje monta\u017cu Armaton 4000XF \u2013 Monta\u017cu Armaton 3000XF \u2013 Monta\u017cu Wymiana uchwytu &#8211; Armaton [&hellip;]<\/p>\n","protected":false},"author":2,"featured_media":0,"parent":0,"menu_order":0,"comment_status":"closed","ping_status":"closed","template":"","meta":{"footnotes":""},"class_list":["post-6688","page","type-page","status-publish","hentry"],"yoast_head":"<!-- This site is optimized with the Yoast SEO plugin v20.4 - https:\/\/yoast.com\/wordpress\/plugins\/seo\/ -->\n<title>Do pobrania - Armaton<\/title>\n<meta name=\"description\" content=\"Tutaj mo\u017cna pobra\u0107 informacje o produktach Armaton i instrukcje monta\u017cu.\" \/>\n<meta name=\"robots\" content=\"index, follow, max-snippet:-1, max-image-preview:large, max-video-preview:-1\" \/>\n<link rel=\"canonical\" href=\"https:\/\/www.armaton.com\/pl\/do-pobrania\/\" \/>\n<meta property=\"og:locale\" content=\"pl_PL\" \/>\n<meta property=\"og:type\" content=\"article\" \/>\n<meta property=\"og:title\" content=\"Do pobrania - Armaton\" \/>\n<meta property=\"og:description\" content=\"Tutaj mo\u017cna pobra\u0107 informacje o produktach Armaton i instrukcje monta\u017cu.\" \/>\n<meta property=\"og:url\" content=\"https:\/\/www.armaton.com\/pl\/do-pobrania\/\" \/>\n<meta property=\"og:site_name\" content=\"Armaton\" \/>\n<meta property=\"article:modified_time\" content=\"2025-09-15T09:44:21+00:00\" \/>\n<meta name=\"twitter:card\" content=\"summary_large_image\" \/>\n<meta name=\"twitter:label1\" content=\"Szacowany czas czytania\" \/>\n\t<meta name=\"twitter:data1\" content=\"1 minuta\" \/>\n<script type=\"application\/ld+json\" class=\"yoast-schema-graph\">{\"@context\":\"https:\/\/schema.org\",\"@graph\":[{\"@type\":\"WebPage\",\"@id\":\"https:\/\/www.armaton.com\/pl\/do-pobrania\/\",\"url\":\"https:\/\/www.armaton.com\/pl\/do-pobrania\/\",\"name\":\"Do pobrania - Armaton\",\"isPartOf\":{\"@id\":\"https:\/\/www.armaton.com\/#website\"},\"datePublished\":\"2020-03-23T16:17:49+00:00\",\"dateModified\":\"2025-09-15T09:44:21+00:00\",\"description\":\"Tutaj mo\u017cna pobra\u0107 informacje o produktach Armaton i instrukcje monta\u017cu.\",\"breadcrumb\":{\"@id\":\"https:\/\/www.armaton.com\/pl\/do-pobrania\/#breadcrumb\"},\"inLanguage\":\"pl-PL\",\"potentialAction\":[{\"@type\":\"ReadAction\",\"target\":[\"https:\/\/www.armaton.com\/pl\/do-pobrania\/\"]}]},{\"@type\":\"BreadcrumbList\",\"@id\":\"https:\/\/www.armaton.com\/pl\/do-pobrania\/#breadcrumb\",\"itemListElement\":[{\"@type\":\"ListItem\",\"position\":1,\"name\":\"Home\",\"item\":\"https:\/\/www.armaton.com\/pl\/\"},{\"@type\":\"ListItem\",\"position\":2,\"name\":\"Do pobrania\"}]},{\"@type\":\"WebSite\",\"@id\":\"https:\/\/www.armaton.com\/#website\",\"url\":\"https:\/\/www.armaton.com\/\",\"name\":\"Armaton\",\"description\":\"Armaton Solutions \u2013 Desire To Improve\",\"potentialAction\":[{\"@type\":\"SearchAction\",\"target\":{\"@type\":\"EntryPoint\",\"urlTemplate\":\"https:\/\/www.armaton.com\/?s={search_term_string}\"},\"query-input\":\"required name=search_term_string\"}],\"inLanguage\":\"pl-PL\"}]}<\/script>\n<!-- \/ Yoast SEO plugin. -->","yoast_head_json":{"title":"Do pobrania - Armaton","description":"Tutaj mo\u017cna pobra\u0107 informacje o produktach Armaton i instrukcje monta\u017cu.","robots":{"index":"index","follow":"follow","max-snippet":"max-snippet:-1","max-image-preview":"max-image-preview:large","max-video-preview":"max-video-preview:-1"},"canonical":"https:\/\/www.armaton.com\/pl\/do-pobrania\/","og_locale":"pl_PL","og_type":"article","og_title":"Do pobrania - Armaton","og_description":"Tutaj mo\u017cna pobra\u0107 informacje o produktach Armaton i instrukcje monta\u017cu.","og_url":"https:\/\/www.armaton.com\/pl\/do-pobrania\/","og_site_name":"Armaton","article_modified_time":"2025-09-15T09:44:21+00:00","twitter_card":"summary_large_image","twitter_misc":{"Szacowany czas czytania":"1 minuta"},"schema":{"@context":"https:\/\/schema.org","@graph":[{"@type":"WebPage","@id":"https:\/\/www.armaton.com\/pl\/do-pobrania\/","url":"https:\/\/www.armaton.com\/pl\/do-pobrania\/","name":"Do pobrania - Armaton","isPartOf":{"@id":"https:\/\/www.armaton.com\/#website"},"datePublished":"2020-03-23T16:17:49+00:00","dateModified":"2025-09-15T09:44:21+00:00","description":"Tutaj mo\u017cna pobra\u0107 informacje o produktach Armaton i instrukcje monta\u017cu.","breadcrumb":{"@id":"https:\/\/www.armaton.com\/pl\/do-pobrania\/#breadcrumb"},"inLanguage":"pl-PL","potentialAction":[{"@type":"ReadAction","target":["https:\/\/www.armaton.com\/pl\/do-pobrania\/"]}]},{"@type":"BreadcrumbList","@id":"https:\/\/www.armaton.com\/pl\/do-pobrania\/#breadcrumb","itemListElement":[{"@type":"ListItem","position":1,"name":"Home","item":"https:\/\/www.armaton.com\/pl\/"},{"@type":"ListItem","position":2,"name":"Do pobrania"}]},{"@type":"WebSite","@id":"https:\/\/www.armaton.com\/#website","url":"https:\/\/www.armaton.com\/","name":"Armaton","description":"Armaton Solutions \u2013 Desire To Improve","potentialAction":[{"@type":"SearchAction","target":{"@type":"EntryPoint","urlTemplate":"https:\/\/www.armaton.com\/?s={search_term_string}"},"query-input":"required name=search_term_string"}],"inLanguage":"pl-PL"}]}},"_links":{"self":[{"href":"https:\/\/www.armaton.com\/pl\/wp-json\/wp\/v2\/pages\/6688","targetHints":{"allow":["GET"]}}],"collection":[{"href":"https:\/\/www.armaton.com\/pl\/wp-json\/wp\/v2\/pages"}],"about":[{"href":"https:\/\/www.armaton.com\/pl\/wp-json\/wp\/v2\/types\/page"}],"author":[{"embeddable":true,"href":"https:\/\/www.armaton.com\/pl\/wp-json\/wp\/v2\/users\/2"}],"replies":[{"embeddable":true,"href":"https:\/\/www.armaton.com\/pl\/wp-json\/wp\/v2\/comments?post=6688"}],"version-history":[{"count":21,"href":"https:\/\/www.armaton.com\/pl\/wp-json\/wp\/v2\/pages\/6688\/revisions"}],"predecessor-version":[{"id":14042,"href":"https:\/\/www.armaton.com\/pl\/wp-json\/wp\/v2\/pages\/6688\/revisions\/14042"}],"wp:attachment":[{"href":"https:\/\/www.armaton.com\/pl\/wp-json\/wp\/v2\/media?parent=6688"}],"curies":[{"name":"wp","href":"https:\/\/api.w.org\/{rel}","templated":true}]}}