{"id":6695,"date":"2020-03-23T16:33:24","date_gmt":"2020-03-23T16:33:24","guid":{"rendered":"https:\/\/www.armaton.com\/?page_id=6695"},"modified":"2023-04-25T13:52:17","modified_gmt":"2023-04-25T13:52:17","slug":"o-firmie","status":"publish","type":"page","link":"https:\/\/www.armaton.com\/pl\/o-firmie\/","title":{"rendered":"O firmie"},"content":{"rendered":"<div id=\"pl-6695\"  class=\"panel-layout\" ><div id=\"pg-6695-0\"  class=\"panel-grid panel-has-style\" ><div class=\"siteorigin-panels-stretch panel-row-style panel-row-style-for-6695-0\" data-stretch-type=\"full-stretched\" ><div id=\"pgc-6695-0-0\"  class=\"panel-grid-cell\" ><div id=\"panel-6695-0-0-0\" class=\"so-panel widget widget_fa-hero-banner-widget panel-first-child panel-last-child\" data-index=\"0\" ><div class=\"panel-widget-style panel-widget-style-for-6695-0-0-0\" ><div\n\t\t\t\n\t\t\tclass=\"so-widget-fa-hero-banner-widget so-widget-fa-hero-banner-widget-default-e6338645a523-6695\"\n\t\t\t\n\t\t><div class=\"forankra-hero-banner\">\n    <img loading=\"lazy\" decoding=\"async\" width=\"2650\" height=\"1100\" src=\"https:\/\/www.armaton.com\/wp-content\/uploads\/sites\/14\/2019\/06\/About_puff_1_b.jpg\" class=\"forankra-hero-banner-image\" alt=\"\" srcset=\"https:\/\/www.armaton.com\/wp-content\/uploads\/sites\/14\/2019\/06\/About_puff_1_b.jpg 2650w, https:\/\/www.armaton.com\/wp-content\/uploads\/sites\/14\/2019\/06\/About_puff_1_b-300x125.jpg 300w, https:\/\/www.armaton.com\/wp-content\/uploads\/sites\/14\/2019\/06\/About_puff_1_b-768x319.jpg 768w, https:\/\/www.armaton.com\/wp-content\/uploads\/sites\/14\/2019\/06\/About_puff_1_b-1024x425.jpg 1024w, https:\/\/www.armaton.com\/wp-content\/uploads\/sites\/14\/2019\/06\/About_puff_1_b-600x249.jpg 600w\" sizes=\"auto, (max-width: 2650px) 100vw, 2650px\" \/>    <section class=\"hero-content\">\n    <div class=\"content\">\n        <h1><span style=\"color: #ffffff;\">Determined to improve*<\/span><\/h1>\n<span style=\"color: #ffffff; font-size: 21px;\">Projektujemy i produkujemy najwy\u017cszej jako\u015bci systemy do lekkich pojazd\u00f3w u\u017cytkowych, ale nasza obietnica marki to co\u015b wi\u0119cej ni\u017c tylko s\u0142upki i blokady burt. \u201eCi\u0105g\u0142e ulepszanie\u201d wynika z przekonania, \u017ce wszystko, co projektujemy i budujemy, robimy z my\u015bl\u0105 o usprawnieniu dzia\u0142alno\u015bci naszych klient\u00f3w, a co za tym idzie, u\u0142atwieniu im pracy.<\/span>\n<br \/>\n<br \/>\n<span style=\"font-size: 16px;\">* Ci\u0105g\u0142e ulepszanie<\/span>            <\/div>\n    <\/section>\n<\/div>\n<\/div><\/div><\/div><\/div><\/div><\/div><div id=\"pg-6695-1\"  class=\"panel-grid panel-has-style\" ><div class=\"siteorigin-panels-stretch panel-row-style panel-row-style-for-6695-1\" data-stretch-type=\"full-stretched\" ><div id=\"pgc-6695-1-0\"  class=\"panel-grid-cell\" ><div id=\"panel-6695-1-0-0\" class=\"so-panel widget widget_siteorigin-panels-builder panel-first-child panel-last-child\" data-index=\"1\" ><div class=\"panel-widget-style panel-widget-style-for-6695-1-0-0\" ><div id=\"pl-w61d577746ffd3\"  class=\"panel-layout\" ><div id=\"pg-w61d577746ffd3-0\"  class=\"panel-grid panel-no-style\" ><div id=\"pgc-w61d577746ffd3-0-0\"  class=\"panel-grid-cell panel-grid-cell-empty\" ><\/div><div id=\"pgc-w61d577746ffd3-0-1\"  class=\"panel-grid-cell panel-grid-cell-mobile-last\" ><div id=\"panel-w61d577746ffd3-0-1-0\" class=\"so-panel widget widget_sow-editor panel-first-child panel-last-child\" data-index=\"0\" ><div\n\t\t\t\n\t\t\tclass=\"so-widget-sow-editor so-widget-sow-editor-base\"\n\t\t\t\n\t\t>\n<div class=\"siteorigin-widget-tinymce textwidget\">\n\t<p>&nbsp;<\/p>\n<h2><strong>Pocz\u0105tki<\/strong><\/h2>\n<p><span style=\"font-size: 18px;\">Historia firmy Armaton zacz\u0119\u0142a si\u0119 w 1986 roku, kiedy to szwedzki in\u017cynier Ragnvald Andersson opatentowa\u0142 sw\u00f3j projekt s\u0142upk\u00f3w blokuj\u0105cych. Zaledwie kilka lat p\u00f3\u017aniej, w 1990 roku, Grupa VBG przej\u0119\u0142a Armaton.\u00a0<\/span><\/p>\n<p><span style=\"font-size: 18px;\">W tym czasie s\u0142upkowe systemy blokad burt koncentrowa\u0142y si\u0119 na samochodach ci\u0119\u017carowych o du\u017cej \u0142adowno\u015bci, ale z biegiem lat, gdy produkty zacz\u0119\u0142y obejmowa\u0107 l\u017cejsze samochody ci\u0119\u017carowe, Grupa VBG podj\u0119\u0142a w 2014 roku decyzj\u0119 o sprzeda\u017cy sp\u00f3\u0142ki Armaton jego obecnemu w\u0142a\u015bcicielowi, firmie Forankra, najwi\u0119kszemu w Europie dostawcy sprz\u0119tu do mocowania \u0142adunk\u00f3w w sektorze transportu.\u00a0<\/span><\/p>\n<p><span style=\"font-size: 18px;\">Armaton i Forankra maj\u0105 wsp\u00f3ln\u0105 siedzib\u0119 w mie\u015bcie V\u00e5rg\u00e5rda w Szwecji.<\/span><\/p>\n<p>&nbsp;<\/p>\n<p><span style=\"font-size: 18px;\">P.S. Ragnvald Andersson (po lewej stronie na zdj\u0119ciu) nadal odgrywa istotn\u0105 rol\u0119 w firmie Armaton a jego ostatnim osi\u0105gni\u0119ciem jest opatentowanie platformy modu\u0142owej dla wywrotek i lekkich pojazd\u00f3w z nadwoziem skrzyniowym.\u00a0<\/span><\/p>\n<\/div>\n<\/div><\/div><\/div><div id=\"pgc-w61d577746ffd3-0-2\"  class=\"panel-grid-cell panel-grid-cell-empty\" ><\/div><\/div><\/div><\/div><\/div><\/div><div id=\"pgc-6695-1-1\"  class=\"panel-grid-cell\" ><div id=\"panel-6695-1-1-0\" class=\"so-panel widget widget_sow-image panel-first-child panel-last-child\" data-index=\"2\" ><div\n\t\t\t\n\t\t\tclass=\"so-widget-sow-image so-widget-sow-image-default-dbf295114b96-6695\"\n\t\t\t\n\t\t>\n\n<div class=\"sow-image-container\">\n\t\t<img decoding=\"async\" src=\"https:\/\/www.armaton.com\/wp-content\/uploads\/sites\/14\/2019\/05\/About_puff_2-768x605.jpg\" width=\"768\" height=\"605\" srcset=\"https:\/\/www.armaton.com\/wp-content\/uploads\/sites\/14\/2019\/05\/About_puff_2-768x605.jpg 768w, https:\/\/www.armaton.com\/wp-content\/uploads\/sites\/14\/2019\/05\/About_puff_2-300x236.jpg 300w, https:\/\/www.armaton.com\/wp-content\/uploads\/sites\/14\/2019\/05\/About_puff_2-1024x807.jpg 1024w, https:\/\/www.armaton.com\/wp-content\/uploads\/sites\/14\/2019\/05\/About_puff_2-600x473.jpg 600w, https:\/\/www.armaton.com\/wp-content\/uploads\/sites\/14\/2019\/05\/About_puff_2.jpg 1282w\" sizes=\"auto, (max-width: 768px) 100vw, 768px\" title=\"To the Left Ragnvald Andersson, the inventor, and  Lennart Klingzell KAM Armaton.\" alt=\"\" loading=\"lazy\" \t\tclass=\"so-widget-image\"\/>\n\t<\/div>\n\n<\/div><\/div><\/div><\/div><\/div><\/div>","protected":false},"excerpt":{"rendered":"<p>Determined to improve* Projektujemy i produkujemy najwy\u017cszej jako\u015bci systemy do lekkich pojazd\u00f3w u\u017cytkowych, ale nasza obietnica marki to co\u015b wi\u0119cej ni\u017c tylko s\u0142upki i blokady burt. \u201eCi\u0105g\u0142e ulepszanie\u201d wynika z przekonania, \u017ce wszystko, co projektujemy i budujemy, robimy z my\u015bl\u0105 o usprawnieniu dzia\u0142alno\u015bci naszych klient\u00f3w, a co za tym idzie, u\u0142atwieniu im pracy. * Ci\u0105g\u0142e [&hellip;]<\/p>\n","protected":false},"author":2,"featured_media":0,"parent":0,"menu_order":0,"comment_status":"closed","ping_status":"closed","template":"","meta":{"footnotes":""},"class_list":["post-6695","page","type-page","status-publish","hentry"],"yoast_head":"<!-- This site is optimized with the Yoast SEO plugin v20.4 - https:\/\/yoast.com\/wordpress\/plugins\/seo\/ -->\n<title>O firmie - Armaton<\/title>\n<meta name=\"description\" content=\"Projektujemy i produkujemy najwy\u017cszej jako\u015bci systemy do lekkich pojazd\u00f3w u\u017cytkowych, ale nasza obietnica marki to co\u015b wi\u0119cej ni\u017c tylko s\u0142upki i blokady burt. \u201eCi\u0105g\u0142e ulepszanie\u201d wynika z przekonania, \u017ce wszystko, co projektujemy i budujemy, robimy z my\u015bl\u0105 o usprawnieniu dzia\u0142alno\u015bci naszych klient\u00f3w, a co za tym idzie, u\u0142atwieniu im pracy.\" \/>\n<meta name=\"robots\" content=\"index, follow, max-snippet:-1, max-image-preview:large, max-video-preview:-1\" \/>\n<link rel=\"canonical\" href=\"https:\/\/www.armaton.com\/pl\/o-firmie\/\" \/>\n<meta property=\"og:locale\" content=\"pl_PL\" \/>\n<meta property=\"og:type\" content=\"article\" \/>\n<meta property=\"og:title\" content=\"O firmie - Armaton\" \/>\n<meta property=\"og:description\" content=\"Projektujemy i produkujemy najwy\u017cszej jako\u015bci systemy do lekkich pojazd\u00f3w u\u017cytkowych, ale nasza obietnica marki to co\u015b wi\u0119cej ni\u017c tylko s\u0142upki i blokady burt. \u201eCi\u0105g\u0142e ulepszanie\u201d wynika z przekonania, \u017ce wszystko, co projektujemy i budujemy, robimy z my\u015bl\u0105 o usprawnieniu dzia\u0142alno\u015bci naszych klient\u00f3w, a co za tym idzie, u\u0142atwieniu im pracy.\" \/>\n<meta property=\"og:url\" content=\"https:\/\/www.armaton.com\/pl\/o-firmie\/\" \/>\n<meta property=\"og:site_name\" content=\"Armaton\" \/>\n<meta property=\"article:modified_time\" content=\"2023-04-25T13:52:17+00:00\" \/>\n<meta name=\"twitter:card\" content=\"summary_large_image\" \/>\n<meta name=\"twitter:label1\" content=\"Szacowany czas czytania\" \/>\n\t<meta name=\"twitter:data1\" content=\"1 minuta\" \/>\n<script type=\"application\/ld+json\" class=\"yoast-schema-graph\">{\"@context\":\"https:\/\/schema.org\",\"@graph\":[{\"@type\":\"WebPage\",\"@id\":\"https:\/\/www.armaton.com\/pl\/o-firmie\/\",\"url\":\"https:\/\/www.armaton.com\/pl\/o-firmie\/\",\"name\":\"O firmie - Armaton\",\"isPartOf\":{\"@id\":\"https:\/\/www.armaton.com\/#website\"},\"datePublished\":\"2020-03-23T16:33:24+00:00\",\"dateModified\":\"2023-04-25T13:52:17+00:00\",\"description\":\"Projektujemy i produkujemy najwy\u017cszej jako\u015bci systemy do lekkich pojazd\u00f3w u\u017cytkowych, ale nasza obietnica marki to co\u015b wi\u0119cej ni\u017c tylko s\u0142upki i blokady burt. \u201eCi\u0105g\u0142e ulepszanie\u201d wynika z przekonania, \u017ce wszystko, co projektujemy i budujemy, robimy z my\u015bl\u0105 o usprawnieniu dzia\u0142alno\u015bci naszych klient\u00f3w, a co za tym idzie, u\u0142atwieniu im pracy.\",\"breadcrumb\":{\"@id\":\"https:\/\/www.armaton.com\/pl\/o-firmie\/#breadcrumb\"},\"inLanguage\":\"pl-PL\",\"potentialAction\":[{\"@type\":\"ReadAction\",\"target\":[\"https:\/\/www.armaton.com\/pl\/o-firmie\/\"]}]},{\"@type\":\"BreadcrumbList\",\"@id\":\"https:\/\/www.armaton.com\/pl\/o-firmie\/#breadcrumb\",\"itemListElement\":[{\"@type\":\"ListItem\",\"position\":1,\"name\":\"Home\",\"item\":\"https:\/\/www.armaton.com\/pl\/\"},{\"@type\":\"ListItem\",\"position\":2,\"name\":\"O firmie\"}]},{\"@type\":\"WebSite\",\"@id\":\"https:\/\/www.armaton.com\/#website\",\"url\":\"https:\/\/www.armaton.com\/\",\"name\":\"Armaton\",\"description\":\"Armaton Solutions \u2013 Desire To Improve\",\"potentialAction\":[{\"@type\":\"SearchAction\",\"target\":{\"@type\":\"EntryPoint\",\"urlTemplate\":\"https:\/\/www.armaton.com\/?s={search_term_string}\"},\"query-input\":\"required name=search_term_string\"}],\"inLanguage\":\"pl-PL\"}]}<\/script>\n<!-- \/ Yoast SEO plugin. -->","yoast_head_json":{"title":"O firmie - Armaton","description":"Projektujemy i produkujemy najwy\u017cszej jako\u015bci systemy do lekkich pojazd\u00f3w u\u017cytkowych, ale nasza obietnica marki to co\u015b wi\u0119cej ni\u017c tylko s\u0142upki i blokady burt. \u201eCi\u0105g\u0142e ulepszanie\u201d wynika z przekonania, \u017ce wszystko, co projektujemy i budujemy, robimy z my\u015bl\u0105 o usprawnieniu dzia\u0142alno\u015bci naszych klient\u00f3w, a co za tym idzie, u\u0142atwieniu im pracy.","robots":{"index":"index","follow":"follow","max-snippet":"max-snippet:-1","max-image-preview":"max-image-preview:large","max-video-preview":"max-video-preview:-1"},"canonical":"https:\/\/www.armaton.com\/pl\/o-firmie\/","og_locale":"pl_PL","og_type":"article","og_title":"O firmie - Armaton","og_description":"Projektujemy i produkujemy najwy\u017cszej jako\u015bci systemy do lekkich pojazd\u00f3w u\u017cytkowych, ale nasza obietnica marki to co\u015b wi\u0119cej ni\u017c tylko s\u0142upki i blokady burt. \u201eCi\u0105g\u0142e ulepszanie\u201d wynika z przekonania, \u017ce wszystko, co projektujemy i budujemy, robimy z my\u015bl\u0105 o usprawnieniu dzia\u0142alno\u015bci naszych klient\u00f3w, a co za tym idzie, u\u0142atwieniu im pracy.","og_url":"https:\/\/www.armaton.com\/pl\/o-firmie\/","og_site_name":"Armaton","article_modified_time":"2023-04-25T13:52:17+00:00","twitter_card":"summary_large_image","twitter_misc":{"Szacowany czas czytania":"1 minuta"},"schema":{"@context":"https:\/\/schema.org","@graph":[{"@type":"WebPage","@id":"https:\/\/www.armaton.com\/pl\/o-firmie\/","url":"https:\/\/www.armaton.com\/pl\/o-firmie\/","name":"O firmie - Armaton","isPartOf":{"@id":"https:\/\/www.armaton.com\/#website"},"datePublished":"2020-03-23T16:33:24+00:00","dateModified":"2023-04-25T13:52:17+00:00","description":"Projektujemy i produkujemy najwy\u017cszej jako\u015bci systemy do lekkich pojazd\u00f3w u\u017cytkowych, ale nasza obietnica marki to co\u015b wi\u0119cej ni\u017c tylko s\u0142upki i blokady burt. \u201eCi\u0105g\u0142e ulepszanie\u201d wynika z przekonania, \u017ce wszystko, co projektujemy i budujemy, robimy z my\u015bl\u0105 o usprawnieniu dzia\u0142alno\u015bci naszych klient\u00f3w, a co za tym idzie, u\u0142atwieniu im pracy.","breadcrumb":{"@id":"https:\/\/www.armaton.com\/pl\/o-firmie\/#breadcrumb"},"inLanguage":"pl-PL","potentialAction":[{"@type":"ReadAction","target":["https:\/\/www.armaton.com\/pl\/o-firmie\/"]}]},{"@type":"BreadcrumbList","@id":"https:\/\/www.armaton.com\/pl\/o-firmie\/#breadcrumb","itemListElement":[{"@type":"ListItem","position":1,"name":"Home","item":"https:\/\/www.armaton.com\/pl\/"},{"@type":"ListItem","position":2,"name":"O firmie"}]},{"@type":"WebSite","@id":"https:\/\/www.armaton.com\/#website","url":"https:\/\/www.armaton.com\/","name":"Armaton","description":"Armaton Solutions \u2013 Desire To Improve","potentialAction":[{"@type":"SearchAction","target":{"@type":"EntryPoint","urlTemplate":"https:\/\/www.armaton.com\/?s={search_term_string}"},"query-input":"required name=search_term_string"}],"inLanguage":"pl-PL"}]}},"_links":{"self":[{"href":"https:\/\/www.armaton.com\/pl\/wp-json\/wp\/v2\/pages\/6695","targetHints":{"allow":["GET"]}}],"collection":[{"href":"https:\/\/www.armaton.com\/pl\/wp-json\/wp\/v2\/pages"}],"about":[{"href":"https:\/\/www.armaton.com\/pl\/wp-json\/wp\/v2\/types\/page"}],"author":[{"embeddable":true,"href":"https:\/\/www.armaton.com\/pl\/wp-json\/wp\/v2\/users\/2"}],"replies":[{"embeddable":true,"href":"https:\/\/www.armaton.com\/pl\/wp-json\/wp\/v2\/comments?post=6695"}],"version-history":[{"count":16,"href":"https:\/\/www.armaton.com\/pl\/wp-json\/wp\/v2\/pages\/6695\/revisions"}],"predecessor-version":[{"id":12475,"href":"https:\/\/www.armaton.com\/pl\/wp-json\/wp\/v2\/pages\/6695\/revisions\/12475"}],"wp:attachment":[{"href":"https:\/\/www.armaton.com\/pl\/wp-json\/wp\/v2\/media?parent=6695"}],"curies":[{"name":"wp","href":"https:\/\/api.w.org\/{rel}","templated":true}]}}