{"id":7345,"date":"2020-10-27T10:39:15","date_gmt":"2020-10-27T10:39:15","guid":{"rendered":"https:\/\/www.armaton.com\/?page_id=7345"},"modified":"2024-01-16T09:37:18","modified_gmt":"2024-01-16T09:37:18","slug":"stepless-load-securing","status":"publish","type":"page","link":"https:\/\/www.armaton.com\/pl\/stepless-load-securing\/","title":{"rendered":"Stepless load securing"},"content":{"rendered":"<div id=\"pl-7345\"  class=\"panel-layout\" ><div id=\"pg-7345-0\"  class=\"panel-grid panel-has-style\" ><div class=\"siteorigin-panels-stretch panel-row-style panel-row-style-for-7345-0\" data-stretch-type=\"full-stretched\" ><div id=\"pgc-7345-0-0\"  class=\"panel-grid-cell\" ><div id=\"panel-7345-0-0-0\" class=\"so-panel widget widget_sow-image panel-first-child panel-last-child\" data-index=\"0\" ><div\n\t\t\t\n\t\t\tclass=\"so-widget-sow-image so-widget-sow-image-default-dbf295114b96-7345\"\n\t\t\t\n\t\t>\n\n<div class=\"sow-image-container\">\n\t\t<img decoding=\"async\" src=\"https:\/\/www.armaton.com\/wp-content\/uploads\/sites\/14\/2019\/05\/Knowledge_Case_Homogo_puff_7-768x605.jpg\" width=\"768\" height=\"605\" srcset=\"https:\/\/www.armaton.com\/wp-content\/uploads\/sites\/14\/2019\/05\/Knowledge_Case_Homogo_puff_7-768x605.jpg 768w, https:\/\/www.armaton.com\/wp-content\/uploads\/sites\/14\/2019\/05\/Knowledge_Case_Homogo_puff_7-300x236.jpg 300w, https:\/\/www.armaton.com\/wp-content\/uploads\/sites\/14\/2019\/05\/Knowledge_Case_Homogo_puff_7-1024x807.jpg 1024w, https:\/\/www.armaton.com\/wp-content\/uploads\/sites\/14\/2019\/05\/Knowledge_Case_Homogo_puff_7-600x473.jpg 600w, https:\/\/www.armaton.com\/wp-content\/uploads\/sites\/14\/2019\/05\/Knowledge_Case_Homogo_puff_7.jpg 1282w\" sizes=\"auto, (max-width: 768px) 100vw, 768px\" alt=\"\" loading=\"lazy\" \t\tclass=\"so-widget-image\"\/>\n\t<\/div>\n\n<\/div><\/div><\/div><div id=\"pgc-7345-0-1\"  class=\"panel-grid-cell\" ><div id=\"panel-7345-0-1-0\" class=\"so-panel widget widget_siteorigin-panels-builder panel-first-child panel-last-child\" data-index=\"1\" ><div class=\"panel-widget-style panel-widget-style-for-7345-0-1-0\" ><div id=\"pl-w643ff3077c7b6\"  class=\"panel-layout\" ><div id=\"pg-w643ff3077c7b6-0\"  class=\"panel-grid panel-no-style\" ><div id=\"pgc-w643ff3077c7b6-0-0\"  class=\"panel-grid-cell panel-grid-cell-empty\" ><\/div><div id=\"pgc-w643ff3077c7b6-0-1\"  class=\"panel-grid-cell panel-grid-cell-mobile-last\" ><div id=\"panel-w643ff3077c7b6-0-1-0\" class=\"so-panel widget widget_sow-editor panel-first-child panel-last-child\" data-index=\"0\" ><div\n\t\t\t\n\t\t\tclass=\"so-widget-sow-editor so-widget-sow-editor-base\"\n\t\t\t\n\t\t>\n<div class=\"siteorigin-widget-tinymce textwidget\">\n\t<p>&nbsp;<\/p>\n<h2>P\u0142ynna regulacja mocowania \u0142adunku<\/h2>\n<p><span style=\"font-size: 18px;\">System mocuj\u0105cy Armaton jest cz\u0119\u015bci\u0105 systemu p\u0142ynnej regulacji mocowania Armaton 360\u00b0 dla platform modu\u0142owych. Ten unikatowy system mocuj\u0105cy Armaton jest integrowalny z z listwami bocznymi i nie koliduje z przestrzeni\u0105 \u0142adunkow\u0105. Pas mo\u017cna zamocowa\u0107 w dowolnym miejscu wzd\u0142u\u017c listw bocznych, tworz\u0105c tym samym maksymaln\u0105 przestrze\u0144 \u0142adunkow\u0105 na platformie.\u00a0<\/span><\/p>\n<p>&nbsp;<\/p>\n<h3>System mocuj\u0105cy Armaton 35mm 2-cz\u0119\u015bciowy<\/h3>\n<table style=\"width: 96.47%; border-collapse: collapse;\" border=\"1\">\n<tbody>\n<tr>\n<td style=\"width: 23.41%;\"><span style=\"font-size: 18px;\">\u00a0Nr cz\u0119\u015bci<\/span><\/td>\n<td style=\"width: 73.04%;\"><span style=\"font-size: 18px;\">\u00a0 130510011<\/span><\/td>\n<\/tr>\n<tr>\n<td style=\"width: 23.41%;\"><span style=\"font-size: 18px;\">\u00a0Szeroko\u015b\u0107<\/span><\/td>\n<td style=\"width: 73.04%;\"><span style=\"font-size: 18px;\">\u00a0 35 mm<\/span><\/td>\n<\/tr>\n<tr>\n<td style=\"width: 23.41%;\"><span style=\"font-size: 18px;\">\u00a0LC<\/span><\/td>\n<td style=\"width: 73.04%;\"><span style=\"font-size: 18px;\">\u00a0 1000 daN<\/span><\/td>\n<\/tr>\n<tr>\n<td style=\"width: 23.41%;\"><span style=\"font-size: 18px;\">\u00a0Kr\u00f3tka cz\u0119\u015b\u0107<\/span><\/td>\n<td style=\"width: 73.04%;\"><span style=\"font-size: 18px;\">\u00a0 0,55m with Armaton flat hook<\/span><\/td>\n<\/tr>\n<tr>\n<td style=\"width: 23.41%;\"><span style=\"font-size: 18px;\">\u00a0D\u0142uga cz\u0119\u015b\u0107<\/span><\/td>\n<td style=\"width: 73.04%;\"><span style=\"font-size: 18px;\">\u00a0 5,45m with Armaton flat hook<\/span><\/td>\n<\/tr>\n<\/tbody>\n<\/table>\n<p>&nbsp;<\/p>\n<p>&nbsp;<\/p>\n<p>&nbsp;<\/p>\n<\/div>\n<\/div><\/div><\/div><div id=\"pgc-w643ff3077c7b6-0-2\"  class=\"panel-grid-cell panel-grid-cell-empty\" ><\/div><\/div><\/div><\/div><\/div><\/div><\/div><\/div><div id=\"pg-7345-1\"  class=\"panel-grid panel-has-style\" ><div class=\"siteorigin-panels-stretch panel-row-style panel-row-style-for-7345-1\" data-stretch-type=\"full-stretched\" ><div id=\"pgc-7345-1-0\"  class=\"panel-grid-cell\" ><div id=\"panel-7345-1-0-0\" class=\"so-panel widget widget_siteorigin-panels-builder panel-first-child panel-last-child\" data-index=\"2\" ><div class=\"panel-widget-style panel-widget-style-for-7345-1-0-0\" ><div id=\"pl-w69dfa2623bcad\"  class=\"panel-layout\" ><div id=\"pg-w69dfa2623bcad-0\"  class=\"panel-grid panel-no-style\" ><div id=\"pgc-w69dfa2623bcad-0-0\"  class=\"panel-grid-cell\" ><div id=\"panel-w69dfa2623bcad-0-0-0\" class=\"so-panel widget widget_sow-image panel-first-child panel-last-child\" data-index=\"0\" ><div\n\t\t\t\n\t\t\tclass=\"so-widget-sow-image so-widget-sow-image-default-8b5b6f678277\"\n\t\t\t\n\t\t>\n\n<div class=\"sow-image-container\">\n\t\t<img decoding=\"async\" src=\"https:\/\/www.armaton.com\/wp-content\/uploads\/sites\/14\/2020\/06\/Stepless_3_1282x1010.jpg\" width=\"1262\" height=\"994\" srcset=\"https:\/\/www.armaton.com\/wp-content\/uploads\/sites\/14\/2020\/06\/Stepless_3_1282x1010.jpg 1262w, https:\/\/www.armaton.com\/wp-content\/uploads\/sites\/14\/2020\/06\/Stepless_3_1282x1010-300x236.jpg 300w, https:\/\/www.armaton.com\/wp-content\/uploads\/sites\/14\/2020\/06\/Stepless_3_1282x1010-768x605.jpg 768w, https:\/\/www.armaton.com\/wp-content\/uploads\/sites\/14\/2020\/06\/Stepless_3_1282x1010-1024x807.jpg 1024w, https:\/\/www.armaton.com\/wp-content\/uploads\/sites\/14\/2020\/06\/Stepless_3_1282x1010-600x473.jpg 600w\" sizes=\"auto, (max-width: 1262px) 100vw, 1262px\" alt=\"\" loading=\"lazy\" \t\tclass=\"so-widget-image\"\/>\n\t<\/div>\n\n<\/div><\/div><\/div><\/div><\/div><\/div><\/div><\/div><div id=\"pgc-7345-1-1\"  class=\"panel-grid-cell\" ><div id=\"panel-7345-1-1-0\" class=\"so-panel widget widget_siteorigin-panels-builder panel-first-child panel-last-child\" data-index=\"3\" ><div class=\"panel-widget-style panel-widget-style-for-7345-1-1-0\" ><div id=\"pl-w643ff1a9e30a0\"  class=\"panel-layout\" ><div id=\"pg-w643ff1a9e30a0-0\"  class=\"panel-grid panel-no-style\" ><div id=\"pgc-w643ff1a9e30a0-0-0\"  class=\"panel-grid-cell panel-grid-cell-empty\" ><\/div><div id=\"pgc-w643ff1a9e30a0-0-1\"  class=\"panel-grid-cell panel-grid-cell-mobile-last\" ><div id=\"panel-w643ff1a9e30a0-0-1-0\" class=\"so-panel widget widget_sow-editor panel-first-child panel-last-child\" data-index=\"0\" ><div\n\t\t\t\n\t\t\tclass=\"so-widget-sow-editor so-widget-sow-editor-base\"\n\t\t\t\n\t\t>\n<div class=\"siteorigin-widget-tinymce textwidget\">\n\t<h3>System mocuj\u0105cy Armaton 35mm, d\u0142uga cz\u0119\u015b\u0107<\/h3>\n<table style=\"width: 96.47%; border-collapse: collapse;\" border=\"1\">\n<tbody>\n<tr>\n<td style=\"width: 23.41%;\"><span style=\"font-size: 18px;\">\u00a0Nr cz\u0119\u015bci<\/span><\/td>\n<td style=\"width: 73.04%;\"><span style=\"font-size: 18px;\">\u00a0 131310013<\/span><\/td>\n<\/tr>\n<tr>\n<td style=\"width: 23.41%;\"><span style=\"font-size: 18px;\">\u00a0Szeroko\u015b\u0107<\/span><\/td>\n<td style=\"width: 73.04%;\"><span style=\"font-size: 18px;\">\u00a0 35 mm<\/span><\/td>\n<\/tr>\n<tr>\n<td style=\"width: 23.41%;\"><span style=\"font-size: 18px;\">\u00a0LC<\/span><\/td>\n<td style=\"width: 73.04%;\"><span style=\"font-size: 18px;\">\u00a0 1000 daN<\/span><\/td>\n<\/tr>\n<tr>\n<td style=\"width: 23.41%;\"><span style=\"font-size: 18px;\">\u00a0D\u0142uga cz\u0119\u015b\u0107<\/span><\/td>\n<td style=\"width: 73.04%;\"><span style=\"font-size: 18px;\">\u00a0 5,45m with Armaton flat hook<\/span><\/td>\n<\/tr>\n<\/tbody>\n<\/table>\n<p>&nbsp;<\/p>\n<p>&nbsp;<\/p>\n<h3>System mocuj\u0105cy Armaton 35mm, kr\u00f3tka cz\u0119\u015b\u0107<\/h3>\n<table style=\"width: 96.47%; border-collapse: collapse; height: 96px;\" border=\"1\">\n<tbody>\n<tr style=\"height: 24px;\">\n<td style=\"width: 23.41%; height: 24px;\"><span style=\"font-size: 18px;\">\u00a0Nr cz\u0119\u015bci<\/span><\/td>\n<td style=\"width: 73.04%; height: 24px;\"><span style=\"font-size: 18px;\">\u00a0 130910008<\/span><\/td>\n<\/tr>\n<tr style=\"height: 24px;\">\n<td style=\"width: 23.41%; height: 24px;\"><span style=\"font-size: 18px;\">\u00a0Szeroko\u015b\u0107<\/span><\/td>\n<td style=\"width: 73.04%; height: 24px;\"><span style=\"font-size: 18px;\">\u00a0 35 mm<\/span><\/td>\n<\/tr>\n<tr style=\"height: 24px;\">\n<td style=\"width: 23.41%; height: 24px;\"><span style=\"font-size: 18px;\">\u00a0LC<\/span><\/td>\n<td style=\"width: 73.04%; height: 24px;\"><span style=\"font-size: 18px;\">\u00a0 1000 daN<\/span><\/td>\n<\/tr>\n<tr style=\"height: 24px;\">\n<td style=\"width: 23.41%; height: 24px;\"><span style=\"font-size: 18px;\">\u00a0Kr\u00f3tka cz\u0119\u015b\u0107<\/span><\/td>\n<td style=\"width: 73.04%; height: 24px;\"><span style=\"font-size: 18px;\">\u00a0 0,55m with Armaton flat hook<\/span><\/td>\n<\/tr>\n<\/tbody>\n<\/table>\n<h3><\/h3>\n<\/div>\n<\/div><\/div><\/div><div id=\"pgc-w643ff1a9e30a0-0-2\"  class=\"panel-grid-cell panel-grid-cell-empty\" ><\/div><\/div><\/div><\/div><\/div><\/div><\/div><\/div><\/div>","protected":false},"excerpt":{"rendered":"<p>&nbsp; P\u0142ynna regulacja mocowania \u0142adunku System mocuj\u0105cy Armaton jest cz\u0119\u015bci\u0105 systemu p\u0142ynnej regulacji mocowania Armaton 360\u00b0 dla platform modu\u0142owych. Ten unikatowy system mocuj\u0105cy Armaton jest integrowalny z z listwami bocznymi i nie koliduje z przestrzeni\u0105 \u0142adunkow\u0105. Pas mo\u017cna zamocowa\u0107 w dowolnym miejscu wzd\u0142u\u017c listw bocznych, tworz\u0105c tym samym maksymaln\u0105 przestrze\u0144 \u0142adunkow\u0105 na platformie.\u00a0 &nbsp; System [&hellip;]<\/p>\n","protected":false},"author":2,"featured_media":0,"parent":0,"menu_order":0,"comment_status":"closed","ping_status":"closed","template":"","meta":{"footnotes":""},"class_list":["post-7345","page","type-page","status-publish","hentry"],"yoast_head":"<!-- This site is optimized with the Yoast SEO plugin v20.4 - https:\/\/yoast.com\/wordpress\/plugins\/seo\/ -->\n<title>Stepless load securing - Armaton<\/title>\n<meta name=\"description\" content=\"System mocuj\u0105cy Armaton jest cz\u0119\u015bci\u0105 systemu p\u0142ynnej regulacji mocowania Armaton 360\u00b0 dla platform modu\u0142owych. Ten unikatowy system mocuj\u0105cy Armaton jest integrowalny z z listwami bocznymi i nie koliduje z przestrzeni\u0105 \u0142adunkow\u0105. Pas mo\u017cna zamocowa\u0107 w dowolnym miejscu wzd\u0142u\u017c listw bocznych, tworz\u0105c tym samym maksymaln\u0105 przestrze\u0144 \u0142adunkow\u0105 na platformie.\" \/>\n<meta name=\"robots\" content=\"index, follow, max-snippet:-1, max-image-preview:large, max-video-preview:-1\" \/>\n<link rel=\"canonical\" href=\"https:\/\/www.armaton.com\/pl\/stepless-load-securing\/\" \/>\n<meta property=\"og:locale\" content=\"pl_PL\" \/>\n<meta property=\"og:type\" content=\"article\" \/>\n<meta property=\"og:title\" content=\"Stepless load securing - Armaton\" \/>\n<meta property=\"og:description\" content=\"System mocuj\u0105cy Armaton jest cz\u0119\u015bci\u0105 systemu p\u0142ynnej regulacji mocowania Armaton 360\u00b0 dla platform modu\u0142owych. Ten unikatowy system mocuj\u0105cy Armaton jest integrowalny z z listwami bocznymi i nie koliduje z przestrzeni\u0105 \u0142adunkow\u0105. Pas mo\u017cna zamocowa\u0107 w dowolnym miejscu wzd\u0142u\u017c listw bocznych, tworz\u0105c tym samym maksymaln\u0105 przestrze\u0144 \u0142adunkow\u0105 na platformie.\" \/>\n<meta property=\"og:url\" content=\"https:\/\/www.armaton.com\/pl\/stepless-load-securing\/\" \/>\n<meta property=\"og:site_name\" content=\"Armaton\" \/>\n<meta property=\"article:modified_time\" content=\"2024-01-16T09:37:18+00:00\" \/>\n<meta name=\"twitter:card\" content=\"summary_large_image\" \/>\n<meta name=\"twitter:label1\" content=\"Szacowany czas czytania\" \/>\n\t<meta name=\"twitter:data1\" content=\"1 minuta\" \/>\n<script type=\"application\/ld+json\" class=\"yoast-schema-graph\">{\"@context\":\"https:\/\/schema.org\",\"@graph\":[{\"@type\":\"WebPage\",\"@id\":\"https:\/\/www.armaton.com\/pl\/stepless-load-securing\/\",\"url\":\"https:\/\/www.armaton.com\/pl\/stepless-load-securing\/\",\"name\":\"Stepless load securing - Armaton\",\"isPartOf\":{\"@id\":\"https:\/\/www.armaton.com\/#website\"},\"datePublished\":\"2020-10-27T10:39:15+00:00\",\"dateModified\":\"2024-01-16T09:37:18+00:00\",\"description\":\"System mocuj\u0105cy Armaton jest cz\u0119\u015bci\u0105 systemu p\u0142ynnej regulacji mocowania Armaton 360\u00b0 dla platform modu\u0142owych. Ten unikatowy system mocuj\u0105cy Armaton jest integrowalny z z listwami bocznymi i nie koliduje z przestrzeni\u0105 \u0142adunkow\u0105. Pas mo\u017cna zamocowa\u0107 w dowolnym miejscu wzd\u0142u\u017c listw bocznych, tworz\u0105c tym samym maksymaln\u0105 przestrze\u0144 \u0142adunkow\u0105 na platformie.\",\"breadcrumb\":{\"@id\":\"https:\/\/www.armaton.com\/pl\/stepless-load-securing\/#breadcrumb\"},\"inLanguage\":\"pl-PL\",\"potentialAction\":[{\"@type\":\"ReadAction\",\"target\":[\"https:\/\/www.armaton.com\/pl\/stepless-load-securing\/\"]}]},{\"@type\":\"BreadcrumbList\",\"@id\":\"https:\/\/www.armaton.com\/pl\/stepless-load-securing\/#breadcrumb\",\"itemListElement\":[{\"@type\":\"ListItem\",\"position\":1,\"name\":\"Home\",\"item\":\"https:\/\/www.armaton.com\/pl\/\"},{\"@type\":\"ListItem\",\"position\":2,\"name\":\"Stepless load securing\"}]},{\"@type\":\"WebSite\",\"@id\":\"https:\/\/www.armaton.com\/#website\",\"url\":\"https:\/\/www.armaton.com\/\",\"name\":\"Armaton\",\"description\":\"Armaton Solutions \u2013 Desire To Improve\",\"potentialAction\":[{\"@type\":\"SearchAction\",\"target\":{\"@type\":\"EntryPoint\",\"urlTemplate\":\"https:\/\/www.armaton.com\/?s={search_term_string}\"},\"query-input\":\"required name=search_term_string\"}],\"inLanguage\":\"pl-PL\"}]}<\/script>\n<!-- \/ Yoast SEO plugin. -->","yoast_head_json":{"title":"Stepless load securing - Armaton","description":"System mocuj\u0105cy Armaton jest cz\u0119\u015bci\u0105 systemu p\u0142ynnej regulacji mocowania Armaton 360\u00b0 dla platform modu\u0142owych. Ten unikatowy system mocuj\u0105cy Armaton jest integrowalny z z listwami bocznymi i nie koliduje z przestrzeni\u0105 \u0142adunkow\u0105. Pas mo\u017cna zamocowa\u0107 w dowolnym miejscu wzd\u0142u\u017c listw bocznych, tworz\u0105c tym samym maksymaln\u0105 przestrze\u0144 \u0142adunkow\u0105 na platformie.","robots":{"index":"index","follow":"follow","max-snippet":"max-snippet:-1","max-image-preview":"max-image-preview:large","max-video-preview":"max-video-preview:-1"},"canonical":"https:\/\/www.armaton.com\/pl\/stepless-load-securing\/","og_locale":"pl_PL","og_type":"article","og_title":"Stepless load securing - Armaton","og_description":"System mocuj\u0105cy Armaton jest cz\u0119\u015bci\u0105 systemu p\u0142ynnej regulacji mocowania Armaton 360\u00b0 dla platform modu\u0142owych. Ten unikatowy system mocuj\u0105cy Armaton jest integrowalny z z listwami bocznymi i nie koliduje z przestrzeni\u0105 \u0142adunkow\u0105. Pas mo\u017cna zamocowa\u0107 w dowolnym miejscu wzd\u0142u\u017c listw bocznych, tworz\u0105c tym samym maksymaln\u0105 przestrze\u0144 \u0142adunkow\u0105 na platformie.","og_url":"https:\/\/www.armaton.com\/pl\/stepless-load-securing\/","og_site_name":"Armaton","article_modified_time":"2024-01-16T09:37:18+00:00","twitter_card":"summary_large_image","twitter_misc":{"Szacowany czas czytania":"1 minuta"},"schema":{"@context":"https:\/\/schema.org","@graph":[{"@type":"WebPage","@id":"https:\/\/www.armaton.com\/pl\/stepless-load-securing\/","url":"https:\/\/www.armaton.com\/pl\/stepless-load-securing\/","name":"Stepless load securing - Armaton","isPartOf":{"@id":"https:\/\/www.armaton.com\/#website"},"datePublished":"2020-10-27T10:39:15+00:00","dateModified":"2024-01-16T09:37:18+00:00","description":"System mocuj\u0105cy Armaton jest cz\u0119\u015bci\u0105 systemu p\u0142ynnej regulacji mocowania Armaton 360\u00b0 dla platform modu\u0142owych. Ten unikatowy system mocuj\u0105cy Armaton jest integrowalny z z listwami bocznymi i nie koliduje z przestrzeni\u0105 \u0142adunkow\u0105. Pas mo\u017cna zamocowa\u0107 w dowolnym miejscu wzd\u0142u\u017c listw bocznych, tworz\u0105c tym samym maksymaln\u0105 przestrze\u0144 \u0142adunkow\u0105 na platformie.","breadcrumb":{"@id":"https:\/\/www.armaton.com\/pl\/stepless-load-securing\/#breadcrumb"},"inLanguage":"pl-PL","potentialAction":[{"@type":"ReadAction","target":["https:\/\/www.armaton.com\/pl\/stepless-load-securing\/"]}]},{"@type":"BreadcrumbList","@id":"https:\/\/www.armaton.com\/pl\/stepless-load-securing\/#breadcrumb","itemListElement":[{"@type":"ListItem","position":1,"name":"Home","item":"https:\/\/www.armaton.com\/pl\/"},{"@type":"ListItem","position":2,"name":"Stepless load securing"}]},{"@type":"WebSite","@id":"https:\/\/www.armaton.com\/#website","url":"https:\/\/www.armaton.com\/","name":"Armaton","description":"Armaton Solutions \u2013 Desire To Improve","potentialAction":[{"@type":"SearchAction","target":{"@type":"EntryPoint","urlTemplate":"https:\/\/www.armaton.com\/?s={search_term_string}"},"query-input":"required name=search_term_string"}],"inLanguage":"pl-PL"}]}},"_links":{"self":[{"href":"https:\/\/www.armaton.com\/pl\/wp-json\/wp\/v2\/pages\/7345","targetHints":{"allow":["GET"]}}],"collection":[{"href":"https:\/\/www.armaton.com\/pl\/wp-json\/wp\/v2\/pages"}],"about":[{"href":"https:\/\/www.armaton.com\/pl\/wp-json\/wp\/v2\/types\/page"}],"author":[{"embeddable":true,"href":"https:\/\/www.armaton.com\/pl\/wp-json\/wp\/v2\/users\/2"}],"replies":[{"embeddable":true,"href":"https:\/\/www.armaton.com\/pl\/wp-json\/wp\/v2\/comments?post=7345"}],"version-history":[{"count":26,"href":"https:\/\/www.armaton.com\/pl\/wp-json\/wp\/v2\/pages\/7345\/revisions"}],"predecessor-version":[{"id":13356,"href":"https:\/\/www.armaton.com\/pl\/wp-json\/wp\/v2\/pages\/7345\/revisions\/13356"}],"wp:attachment":[{"href":"https:\/\/www.armaton.com\/pl\/wp-json\/wp\/v2\/media?parent=7345"}],"curies":[{"name":"wp","href":"https:\/\/api.w.org\/{rel}","templated":true}]}}