{"id":9108,"date":"2021-11-10T10:26:16","date_gmt":"2021-11-10T10:26:16","guid":{"rendered":"https:\/\/www.armaton.com\/?page_id=9108"},"modified":"2025-09-15T09:33:18","modified_gmt":"2025-09-15T09:33:18","slug":"accessories-modular-platform","status":"publish","type":"page","link":"https:\/\/www.armaton.com\/pl\/accessories-modular-platform\/","title":{"rendered":"Accessories Modular Platform"},"content":{"rendered":"<div id=\"pl-9108\"  class=\"panel-layout\" ><div id=\"pg-9108-0\"  class=\"panel-grid panel-has-style\" ><div class=\"siteorigin-panels-stretch panel-row-style panel-row-style-for-9108-0\" data-stretch-type=\"full-stretched\" ><div id=\"pgc-9108-0-0\"  class=\"panel-grid-cell\" ><div id=\"panel-9108-0-0-0\" class=\"so-panel widget widget_sow-image panel-first-child panel-last-child\" data-index=\"0\" ><div\n\t\t\t\n\t\t\tclass=\"so-widget-sow-image so-widget-sow-image-default-dbf295114b96-9108\"\n\t\t\t\n\t\t>\n\n<div class=\"sow-image-container\">\n\t\t<img decoding=\"async\" src=\"https:\/\/www.armaton.com\/wp-content\/uploads\/sites\/14\/2021\/11\/DSC01354700x550-768x603.jpg\" width=\"768\" height=\"603\" srcset=\"https:\/\/www.armaton.com\/wp-content\/uploads\/sites\/14\/2021\/11\/DSC01354700x550-768x603.jpg 768w, https:\/\/www.armaton.com\/wp-content\/uploads\/sites\/14\/2021\/11\/DSC01354700x550-300x236.jpg 300w, https:\/\/www.armaton.com\/wp-content\/uploads\/sites\/14\/2021\/11\/DSC01354700x550-1024x805.jpg 1024w, https:\/\/www.armaton.com\/wp-content\/uploads\/sites\/14\/2021\/11\/DSC01354700x550-600x471.jpg 600w\" sizes=\"auto, (max-width: 768px) 100vw, 768px\" title=\"DSC01354,700&#215;550\" alt=\"\" loading=\"lazy\" \t\tclass=\"so-widget-image\"\/>\n\t<\/div>\n\n<\/div><\/div><\/div><div id=\"pgc-9108-0-1\"  class=\"panel-grid-cell\" ><div id=\"panel-9108-0-1-0\" class=\"so-panel widget widget_siteorigin-panels-builder panel-first-child panel-last-child\" data-index=\"1\" ><div class=\"panel-widget-style panel-widget-style-for-9108-0-1-0\" ><div id=\"pl-w65bbcca880f41\"  class=\"panel-layout\" ><div id=\"pg-w65bbcca880f41-0\"  class=\"panel-grid panel-no-style\" ><div id=\"pgc-w65bbcca880f41-0-0\"  class=\"panel-grid-cell panel-grid-cell-empty\" ><\/div><div id=\"pgc-w65bbcca880f41-0-1\"  class=\"panel-grid-cell panel-grid-cell-mobile-last\" ><div id=\"panel-w65bbcca880f41-0-1-0\" class=\"so-panel widget widget_sow-editor panel-first-child\" data-index=\"0\" ><div\n\t\t\t\n\t\t\tclass=\"so-widget-sow-editor so-widget-sow-editor-base\"\n\t\t\t\n\t\t>\n<div class=\"siteorigin-widget-tinymce textwidget\">\n\t<p>&nbsp;<\/p>\n<h2>Armaton MP OneStep<\/h2>\n<p><span style=\"font-size: 18px;\">OneStep to stopie\u0144, kt\u00f3ry \u0142atwo mo\u017cna zintegrowa\u0107 z burt\u0105. Jego unikatowa konstrukcja nie ogranicza przestrzeni za\u0142adowczej i jest \u0142atw\u0105 w u\u017cyciu funkcj\u0105, poprawiaj\u0105c\u0105 warunki pracy.<br \/>\n<a href=\"https:\/\/forankra.bynder.com\/m\/27b44aa79d99d249\/original\/Armaton-MP-OneStep_POLISH.pdf\" target=\"_blank\" rel=\"noopener noreferrer\">Dowiedz si\u0119 wi\u0119cej &gt;&gt;<\/a><\/span><\/p>\n<\/div>\n<\/div><\/div><div id=\"panel-w65bbcca880f41-0-1-1\" class=\"so-panel widget widget_forankra-lightbox-widget panel-last-child\" data-index=\"1\" ><div\n\t\t\t\n\t\t\tclass=\"so-widget-forankra-lightbox-widget so-widget-forankra-lightbox-widget-default-d3709d59ff57\"\n\t\t\t\n\t\t><div id=\"icon-container\" class=\"center\">\n            <a class=\"trigger\" id=\"toggle-lightbox\" href=\"#lightbox\"><span class=\"sow-icon-fontawesome sow-far\" data-sow-icon=\"&#xf152;\"\n\t\t \n\t\taria-hidden=\"true\"><\/span><\/a>\n    <\/div>\n<div id=\"lightbox\">\n    <a href=\"#toggle-lightbox\" class=\"close-lightbox close-link\">\n        <div class=\"content\"><\/div>\n    <\/a>\n<\/div>\n\n<script>\n    const link = '<a href=\"#toggle-lightbox\" class=\"close close-link\"><span class=\"fa fa-close\"><\/span><\/a>';\n    const content = '<iframe id=\"video-player\" src=\"https:\/\/www.youtube.com\/embed\/b4cT66M1RXA?loop=1&playlist=b4cT66M1RXA&rel=0\"'; \n    document.querySelector('.trigger').addEventListener('click', ()=>{\n        document.querySelector('#lightbox .content').innerHTML = content + link;\n        document.querySelector('.close').addEventListener('click', ()=>{\n            document.querySelector('#lightbox  .content').innerHTML = '';\n        });\n    });\n\n    var closeLinks = document.querySelectorAll('.close-link');\n    closeLinks.forEach((link)=>{\n        link.addEventListener('click',()=>{\n            document.querySelector('#lightbox  .content').innerHTML = '';\n        })\n    });\n<\/script><\/div><\/div><\/div><div id=\"pgc-w65bbcca880f41-0-2\"  class=\"panel-grid-cell panel-grid-cell-empty\" ><\/div><\/div><\/div><\/div><\/div><\/div><\/div><\/div><div id=\"pg-9108-1\"  class=\"panel-grid panel-has-style\" ><div class=\"siteorigin-panels-stretch panel-row-style panel-row-style-for-9108-1\" data-stretch-type=\"full-stretched\" ><div id=\"pgc-9108-1-0\"  class=\"panel-grid-cell\" ><div id=\"panel-9108-1-0-0\" class=\"so-panel widget widget_siteorigin-panels-builder panel-first-child panel-last-child\" data-index=\"2\" ><div class=\"panel-widget-style panel-widget-style-for-9108-1-0-0\" ><div id=\"pl-w65bbcca88358c\"  class=\"panel-layout\" ><div id=\"pg-w65bbcca88358c-0\"  class=\"panel-grid panel-no-style\" ><div id=\"pgc-w65bbcca88358c-0-0\"  class=\"panel-grid-cell panel-grid-cell-empty\" ><\/div><div id=\"pgc-w65bbcca88358c-0-1\"  class=\"panel-grid-cell panel-grid-cell-mobile-last\" ><div id=\"panel-w65bbcca88358c-0-1-0\" class=\"so-panel widget widget_sow-editor panel-first-child panel-last-child\" data-index=\"0\" ><div\n\t\t\t\n\t\t\tclass=\"so-widget-sow-editor so-widget-sow-editor-base\"\n\t\t\t\n\t\t>\n<div class=\"siteorigin-widget-tinymce textwidget\">\n\t<h2>Armaton MP LongGoods<\/h2>\n<p><span style=\"font-size: 18px;\">Armaton MP LongGoods umo\u017cliwia transportowanie tzw. d\u0142u\u017cycy w bezpieczny i kontrolowany spos\u00f3b w pojazdach do 3,5t (LCV). Specjalny wspornik jest montowany w tylnych s\u0142upkach platformy modu\u0142owej Armaton (MP) i wraz z przedni\u0105 \u015bcian\u0105 tworzy kompletne rozwi\u0105zanie do przewozu d\u0142ugich element\u00f3w.<br \/>\n<\/span><span style=\"font-size: 18px;\"><a href=\"https:\/\/forankra.bynder.com\/m\/6b2e220fd4020a86\/original\/Armaton-MP-LongGoods_POLISH.pdf\" target=\"_blank\" rel=\"noopener noreferrer\">Dowiedz si\u0119 wi\u0119cej<\/a><a href=\"http:\/\/forankra.sites.zc.zitac.net\/A\/Forankra+Mediabank\/22262?encoding=UTF-8\" target=\"_blank\" rel=\"noopener\"> &gt;&gt;<\/a><\/span><\/p>\n<\/div>\n<\/div><\/div><\/div><div id=\"pgc-w65bbcca88358c-0-2\"  class=\"panel-grid-cell panel-grid-cell-empty\" ><\/div><\/div><\/div><\/div><\/div><\/div><div id=\"pgc-9108-1-1\"  class=\"panel-grid-cell\" ><div id=\"panel-9108-1-1-0\" class=\"so-panel widget widget_sow-image panel-first-child panel-last-child\" data-index=\"3\" ><div\n\t\t\t\n\t\t\tclass=\"so-widget-sow-image so-widget-sow-image-default-dbf295114b96-9108\"\n\t\t\t\n\t\t>\n\n<div class=\"sow-image-container\">\n\t\t<img decoding=\"async\" src=\"https:\/\/www.armaton.com\/wp-content\/uploads\/sites\/14\/2023\/11\/Long-goods_1700x500.jpg\" width=\"700\" height=\"500\" srcset=\"https:\/\/www.armaton.com\/wp-content\/uploads\/sites\/14\/2023\/11\/Long-goods_1700x500.jpg 700w, https:\/\/www.armaton.com\/wp-content\/uploads\/sites\/14\/2023\/11\/Long-goods_1700x500-300x214.jpg 300w, https:\/\/www.armaton.com\/wp-content\/uploads\/sites\/14\/2023\/11\/Long-goods_1700x500-600x429.jpg 600w\" sizes=\"auto, (max-width: 700px) 100vw, 700px\" title=\"Long goods_1,700&#215;500\" alt=\"\" loading=\"lazy\" \t\tclass=\"so-widget-image\"\/>\n\t<\/div>\n\n<\/div><\/div><\/div><\/div><\/div><\/div>","protected":false},"excerpt":{"rendered":"<p>&nbsp; Armaton MP OneStep OneStep to stopie\u0144, kt\u00f3ry \u0142atwo mo\u017cna zintegrowa\u0107 z burt\u0105. Jego unikatowa konstrukcja nie ogranicza przestrzeni za\u0142adowczej i jest \u0142atw\u0105 w u\u017cyciu funkcj\u0105, poprawiaj\u0105c\u0105 warunki pracy. Dowiedz si\u0119 wi\u0119cej &gt;&gt; Armaton MP LongGoods Armaton MP LongGoods umo\u017cliwia transportowanie tzw. d\u0142u\u017cycy w bezpieczny i kontrolowany spos\u00f3b w pojazdach do 3,5t (LCV). Specjalny wspornik [&hellip;]<\/p>\n","protected":false},"author":2,"featured_media":0,"parent":0,"menu_order":0,"comment_status":"closed","ping_status":"closed","template":"","meta":{"footnotes":""},"class_list":["post-9108","page","type-page","status-publish","hentry"],"yoast_head":"<!-- This site is optimized with the Yoast SEO plugin v20.4 - https:\/\/yoast.com\/wordpress\/plugins\/seo\/ -->\n<title>Accessories Modular Platform - Armaton<\/title>\n<meta name=\"description\" content=\"Dost\u0119pnych jest wiele r\u00f3\u017cnych cz\u0119\u015bci zamiennych do Armaton Modular Platform. Zobacz, co jest tutaj dost\u0119pne.\" \/>\n<meta name=\"robots\" content=\"index, follow, max-snippet:-1, max-image-preview:large, max-video-preview:-1\" \/>\n<link rel=\"canonical\" href=\"https:\/\/www.armaton.com\/pl\/accessories-modular-platform\/\" \/>\n<meta property=\"og:locale\" content=\"pl_PL\" \/>\n<meta property=\"og:type\" content=\"article\" \/>\n<meta property=\"og:title\" content=\"Accessories Modular Platform - Armaton\" \/>\n<meta property=\"og:description\" content=\"Dost\u0119pnych jest wiele r\u00f3\u017cnych cz\u0119\u015bci zamiennych do Armaton Modular Platform. Zobacz, co jest tutaj dost\u0119pne.\" \/>\n<meta property=\"og:url\" content=\"https:\/\/www.armaton.com\/pl\/accessories-modular-platform\/\" \/>\n<meta property=\"og:site_name\" content=\"Armaton\" \/>\n<meta property=\"article:modified_time\" content=\"2025-09-15T09:33:18+00:00\" \/>\n<meta name=\"twitter:card\" content=\"summary_large_image\" \/>\n<meta name=\"twitter:label1\" content=\"Szacowany czas czytania\" \/>\n\t<meta name=\"twitter:data1\" content=\"1 minuta\" \/>\n<script type=\"application\/ld+json\" class=\"yoast-schema-graph\">{\"@context\":\"https:\/\/schema.org\",\"@graph\":[{\"@type\":\"WebPage\",\"@id\":\"https:\/\/www.armaton.com\/pl\/accessories-modular-platform\/\",\"url\":\"https:\/\/www.armaton.com\/pl\/accessories-modular-platform\/\",\"name\":\"Accessories Modular Platform - Armaton\",\"isPartOf\":{\"@id\":\"https:\/\/www.armaton.com\/#website\"},\"datePublished\":\"2021-11-10T10:26:16+00:00\",\"dateModified\":\"2025-09-15T09:33:18+00:00\",\"description\":\"Dost\u0119pnych jest wiele r\u00f3\u017cnych cz\u0119\u015bci zamiennych do Armaton Modular Platform. Zobacz, co jest tutaj dost\u0119pne.\",\"breadcrumb\":{\"@id\":\"https:\/\/www.armaton.com\/pl\/accessories-modular-platform\/#breadcrumb\"},\"inLanguage\":\"pl-PL\",\"potentialAction\":[{\"@type\":\"ReadAction\",\"target\":[\"https:\/\/www.armaton.com\/pl\/accessories-modular-platform\/\"]}]},{\"@type\":\"BreadcrumbList\",\"@id\":\"https:\/\/www.armaton.com\/pl\/accessories-modular-platform\/#breadcrumb\",\"itemListElement\":[{\"@type\":\"ListItem\",\"position\":1,\"name\":\"Home\",\"item\":\"https:\/\/www.armaton.com\/pl\/\"},{\"@type\":\"ListItem\",\"position\":2,\"name\":\"Accessories Modular Platform\"}]},{\"@type\":\"WebSite\",\"@id\":\"https:\/\/www.armaton.com\/#website\",\"url\":\"https:\/\/www.armaton.com\/\",\"name\":\"Armaton\",\"description\":\"Armaton Solutions \u2013 Desire To Improve\",\"potentialAction\":[{\"@type\":\"SearchAction\",\"target\":{\"@type\":\"EntryPoint\",\"urlTemplate\":\"https:\/\/www.armaton.com\/?s={search_term_string}\"},\"query-input\":\"required name=search_term_string\"}],\"inLanguage\":\"pl-PL\"}]}<\/script>\n<!-- \/ Yoast SEO plugin. -->","yoast_head_json":{"title":"Accessories Modular Platform - Armaton","description":"Dost\u0119pnych jest wiele r\u00f3\u017cnych cz\u0119\u015bci zamiennych do Armaton Modular Platform. Zobacz, co jest tutaj dost\u0119pne.","robots":{"index":"index","follow":"follow","max-snippet":"max-snippet:-1","max-image-preview":"max-image-preview:large","max-video-preview":"max-video-preview:-1"},"canonical":"https:\/\/www.armaton.com\/pl\/accessories-modular-platform\/","og_locale":"pl_PL","og_type":"article","og_title":"Accessories Modular Platform - Armaton","og_description":"Dost\u0119pnych jest wiele r\u00f3\u017cnych cz\u0119\u015bci zamiennych do Armaton Modular Platform. Zobacz, co jest tutaj dost\u0119pne.","og_url":"https:\/\/www.armaton.com\/pl\/accessories-modular-platform\/","og_site_name":"Armaton","article_modified_time":"2025-09-15T09:33:18+00:00","twitter_card":"summary_large_image","twitter_misc":{"Szacowany czas czytania":"1 minuta"},"schema":{"@context":"https:\/\/schema.org","@graph":[{"@type":"WebPage","@id":"https:\/\/www.armaton.com\/pl\/accessories-modular-platform\/","url":"https:\/\/www.armaton.com\/pl\/accessories-modular-platform\/","name":"Accessories Modular Platform - Armaton","isPartOf":{"@id":"https:\/\/www.armaton.com\/#website"},"datePublished":"2021-11-10T10:26:16+00:00","dateModified":"2025-09-15T09:33:18+00:00","description":"Dost\u0119pnych jest wiele r\u00f3\u017cnych cz\u0119\u015bci zamiennych do Armaton Modular Platform. Zobacz, co jest tutaj dost\u0119pne.","breadcrumb":{"@id":"https:\/\/www.armaton.com\/pl\/accessories-modular-platform\/#breadcrumb"},"inLanguage":"pl-PL","potentialAction":[{"@type":"ReadAction","target":["https:\/\/www.armaton.com\/pl\/accessories-modular-platform\/"]}]},{"@type":"BreadcrumbList","@id":"https:\/\/www.armaton.com\/pl\/accessories-modular-platform\/#breadcrumb","itemListElement":[{"@type":"ListItem","position":1,"name":"Home","item":"https:\/\/www.armaton.com\/pl\/"},{"@type":"ListItem","position":2,"name":"Accessories Modular Platform"}]},{"@type":"WebSite","@id":"https:\/\/www.armaton.com\/#website","url":"https:\/\/www.armaton.com\/","name":"Armaton","description":"Armaton Solutions \u2013 Desire To Improve","potentialAction":[{"@type":"SearchAction","target":{"@type":"EntryPoint","urlTemplate":"https:\/\/www.armaton.com\/?s={search_term_string}"},"query-input":"required name=search_term_string"}],"inLanguage":"pl-PL"}]}},"_links":{"self":[{"href":"https:\/\/www.armaton.com\/pl\/wp-json\/wp\/v2\/pages\/9108","targetHints":{"allow":["GET"]}}],"collection":[{"href":"https:\/\/www.armaton.com\/pl\/wp-json\/wp\/v2\/pages"}],"about":[{"href":"https:\/\/www.armaton.com\/pl\/wp-json\/wp\/v2\/types\/page"}],"author":[{"embeddable":true,"href":"https:\/\/www.armaton.com\/pl\/wp-json\/wp\/v2\/users\/2"}],"replies":[{"embeddable":true,"href":"https:\/\/www.armaton.com\/pl\/wp-json\/wp\/v2\/comments?post=9108"}],"version-history":[{"count":31,"href":"https:\/\/www.armaton.com\/pl\/wp-json\/wp\/v2\/pages\/9108\/revisions"}],"predecessor-version":[{"id":14029,"href":"https:\/\/www.armaton.com\/pl\/wp-json\/wp\/v2\/pages\/9108\/revisions\/14029"}],"wp:attachment":[{"href":"https:\/\/www.armaton.com\/pl\/wp-json\/wp\/v2\/media?parent=9108"}],"curies":[{"name":"wp","href":"https:\/\/api.w.org\/{rel}","templated":true}]}}