{"id":157,"date":"2018-09-26T14:18:46","date_gmt":"2018-09-26T14:18:46","guid":{"rendered":"https:\/\/www.armaton.com\/?page_id=157"},"modified":"2024-01-16T08:59:23","modified_gmt":"2024-01-16T08:59:23","slug":"armaton-3000-xf-reservdelar","status":"publish","type":"page","link":"https:\/\/www.armaton.com\/sv\/armaton-3000-xf-reservdelar\/","title":{"rendered":"Armaton 3000 XF &#8211; Reservdelar"},"content":{"rendered":"<div id=\"pl-157\"  class=\"panel-layout\" ><div id=\"pg-157-0\"  class=\"panel-grid panel-has-style\" ><div class=\"siteorigin-panels-stretch panel-row-style panel-row-style-for-157-0\" data-stretch-type=\"full-stretched\" ><div id=\"pgc-157-0-0\"  class=\"panel-grid-cell\" ><div id=\"panel-157-0-0-0\" class=\"so-panel widget widget_siteorigin-panels-builder panel-first-child panel-last-child\" data-index=\"0\" ><div class=\"panel-widget-style panel-widget-style-for-157-0-0-0\" ><div id=\"pl-w5e7cc6af10428\"  class=\"panel-layout\" ><div id=\"pg-w5e7cc6af10428-0\"  class=\"panel-grid panel-no-style\" ><div id=\"pgc-w5e7cc6af10428-0-0\"  class=\"panel-grid-cell panel-grid-cell-empty\" ><\/div><div id=\"pgc-w5e7cc6af10428-0-1\"  class=\"panel-grid-cell panel-grid-cell-mobile-last\" ><div id=\"panel-w5e7cc6af10428-0-1-0\" class=\"so-panel widget widget_sow-editor panel-first-child panel-last-child\" data-index=\"0\" ><div class=\"panel-widget-style panel-widget-style-for-w5e7cc6af10428-0-1-0\" ><div\n\t\t\t\n\t\t\tclass=\"so-widget-sow-editor so-widget-sow-editor-base\"\n\t\t\t\n\t\t>\n<div class=\"siteorigin-widget-tinymce textwidget\">\n\t<p>&nbsp;<\/p>\n<h2><span style=\"font-size: 36px;\">Reservdelar <\/span>\u2013 <span style=\"font-size: 36px;\">Armaton 3000XF<span style=\"margin: 0px; font-family: 'Calibri',sans-serif;\"><span style=\"color: #000000;\">\u00a0<\/span><\/span><\/span><\/h2>\n<p>&nbsp;<\/p>\n<table style=\"border-style: hidden; width: 106.85%; height: 182px; border-collapse: collapse;\">\n<tbody>\n<tr style=\"height: 44px;\">\n<td style=\"width: 23.12%; height: 44px; text-align: center;\" width=\"147\"><span style=\"font-size: 18px;\"><strong>Position<\/strong><\/span><\/td>\n<td style=\"width: 22.57%; height: 44px; text-align: center;\" width=\"118\"><span style=\"font-size: 18px;\"><strong>Art nr<\/strong><\/span><\/td>\n<td style=\"width: 61.05%; height: 44px; text-align: center;\" width=\"114\"><span style=\"font-size: 18px;\"><strong>Beskrivning<\/strong><\/span><\/td>\n<\/tr>\n<tr style=\"height: 23px;\">\n<td style=\"width: 23.12%; height: 23px; text-align: center;\" align=\"right\" width=\"64\" height=\"20\"><span style=\"color: #000000; font-family: Calibri; font-size: 18px;\">1<\/span><\/td>\n<td style=\"width: 22.57%; text-align: center;\" width=\"303\"><span style=\"font-size: 18px;\">510410001<\/span><\/td>\n<td style=\"width: 61.05%; text-align: center;\" width=\"233\"><span style=\"font-size: 18px;\">Handtagssats*, passar l\u00e4ml\u00e5s 400 mm<\/span><\/td>\n<\/tr>\n<tr style=\"height: 23px;\">\n<td style=\"width: 23.12%; height: 23px; text-align: center;\" align=\"right\" height=\"20\"><span style=\"color: #000000; font-family: Calibri; font-size: 18px;\">2<\/span><\/td>\n<td style=\"width: 22.57%; text-align: center;\"><span style=\"font-size: 18px;\">510210009<\/span><\/td>\n<td style=\"width: 61.05%; text-align: center;\"><span style=\"font-size: 18px;\">Handtagssats*, passar l\u00e4ml\u00e5s 300 and 350 mm<\/span><\/td>\n<\/tr>\n<tr style=\"height: 23px;\">\n<td style=\"width: 23.12%; height: 23px; text-align: center;\" align=\"right\" height=\"20\"><span style=\"color: #000000; font-family: Calibri; font-size: 18px;\">3<\/span><\/td>\n<td style=\"width: 22.57%; text-align: center;\"><span style=\"font-size: 18px;\">510210014<\/span><\/td>\n<td style=\"width: 61.05%; text-align: center;\"><span style=\"font-size: 18px;\">Slitbleck<\/span><\/td>\n<\/tr>\n<tr style=\"height: 23px;\">\n<td style=\"width: 23.12%; height: 23px; text-align: center;\" align=\"right\" height=\"20\"><span style=\"color: #000000; font-family: Calibri; font-size: 18px;\">4<\/span><\/td>\n<td style=\"width: 22.57%; text-align: center;\"><span style=\"font-size: 18px;\">510210001<\/span><\/td>\n<td style=\"width: 61.05%; text-align: center;\"><span style=\"font-size: 18px;\">T\u00e4cklock, l\u00e4ml\u00e5s V\/H<\/span><\/td>\n<\/tr>\n<tr style=\"height: 23px;\">\n<td style=\"width: 23.12%; height: 23px; text-align: center;\" align=\"right\" height=\"20\"><span style=\"color: #000000; font-family: Calibri; font-size: 18px;\">5<\/span><\/td>\n<td style=\"width: 22.57%; text-align: center;\"><span style=\"font-size: 18px;\">510210002<\/span><\/td>\n<td style=\"width: 61.05%; text-align: center;\"><span style=\"font-size: 18px;\">T\u00e4cklock, kantskoning V<\/span><\/td>\n<\/tr>\n<tr style=\"height: 23px;\">\n<td style=\"width: 23.12%; height: 23px; text-align: center;\" align=\"right\" height=\"20\"><span style=\"color: #000000; font-family: Calibri; font-size: 18px;\">6<\/span><\/td>\n<td style=\"width: 22.57%; text-align: center;\"><span style=\"font-size: 18px;\">510210003<\/span><\/td>\n<td style=\"width: 61.05%; text-align: center;\"><span style=\"font-size: 18px;\">T\u00e4cklock, kantskoning H<\/span><\/td>\n<\/tr>\n<\/tbody>\n<\/table>\n<p>&nbsp;<\/p>\n<p>* Handtagssatsen omfattar handtag, sprint och avdragare.<\/p>\n<\/div>\n<\/div><\/div><\/div><\/div><div id=\"pgc-w5e7cc6af10428-0-2\"  class=\"panel-grid-cell panel-grid-cell-empty\" ><\/div><\/div><\/div><\/div><\/div><\/div><div id=\"pgc-157-0-1\"  class=\"panel-grid-cell panel-grid-cell-mobile-last\" ><div id=\"panel-157-0-1-0\" class=\"so-panel widget widget_sow-image panel-first-child panel-last-child\" data-index=\"1\" ><div\n\t\t\t\n\t\t\tclass=\"so-widget-sow-image so-widget-sow-image-default-dbf295114b96-157\"\n\t\t\t\n\t\t>\n\n<div class=\"sow-image-container\">\n\t\t<img decoding=\"async\" src=\"https:\/\/www.armaton.com\/wp-content\/uploads\/sites\/14\/2019\/06\/Armaton_Spare_parts_3000XF_1282x1010-768x605.png\" width=\"768\" height=\"605\" srcset=\"https:\/\/www.armaton.com\/wp-content\/uploads\/sites\/14\/2019\/06\/Armaton_Spare_parts_3000XF_1282x1010-768x605.png 768w, https:\/\/www.armaton.com\/wp-content\/uploads\/sites\/14\/2019\/06\/Armaton_Spare_parts_3000XF_1282x1010-300x237.png 300w, https:\/\/www.armaton.com\/wp-content\/uploads\/sites\/14\/2019\/06\/Armaton_Spare_parts_3000XF_1282x1010-1024x807.png 1024w, https:\/\/www.armaton.com\/wp-content\/uploads\/sites\/14\/2019\/06\/Armaton_Spare_parts_3000XF_1282x1010-600x473.png 600w, https:\/\/www.armaton.com\/wp-content\/uploads\/sites\/14\/2019\/06\/Armaton_Spare_parts_3000XF_1282x1010.png 1819w\" sizes=\"auto, (max-width: 768px) 100vw, 768px\" alt=\"\" loading=\"lazy\" \t\tclass=\"so-widget-image\"\/>\n\t<\/div>\n\n<\/div><\/div><\/div><div id=\"pgc-157-0-2\"  class=\"panel-grid-cell panel-grid-cell-empty\" ><\/div><\/div><\/div><\/div>","protected":false},"excerpt":{"rendered":"<p>&nbsp; Reservdelar \u2013 Armaton 3000XF\u00a0 &nbsp; Position Art nr Beskrivning 1 510410001 Handtagssats*, passar l\u00e4ml\u00e5s 400 mm 2 510210009 Handtagssats*, passar l\u00e4ml\u00e5s 300 and 350 mm 3 510210014 Slitbleck 4 510210001 T\u00e4cklock, l\u00e4ml\u00e5s V\/H 5 510210002 T\u00e4cklock, kantskoning V 6 510210003 T\u00e4cklock, kantskoning H &nbsp; * Handtagssatsen omfattar handtag, sprint och avdragare.<\/p>\n","protected":false},"author":2,"featured_media":0,"parent":0,"menu_order":0,"comment_status":"closed","ping_status":"closed","template":"","meta":{"footnotes":""},"class_list":["post-157","page","type-page","status-publish","hentry"],"yoast_head":"<!-- This site is optimized with the Yoast SEO plugin v20.4 - https:\/\/yoast.com\/wordpress\/plugins\/seo\/ -->\n<title>Armaton 3000 XF - Reservdelar - Armaton<\/title>\n<meta name=\"description\" content=\"Det finns m\u00e5nga olika tillbeh\u00f6r till Armaton 3000XF. L\u00e4s mer om vad som finns h\u00e4r.\" \/>\n<meta name=\"robots\" content=\"index, follow, max-snippet:-1, max-image-preview:large, max-video-preview:-1\" \/>\n<link rel=\"canonical\" href=\"https:\/\/www.armaton.com\/sv\/armaton-3000-xf-reservdelar\/\" \/>\n<meta property=\"og:locale\" content=\"sv_SE\" \/>\n<meta property=\"og:type\" content=\"article\" \/>\n<meta property=\"og:title\" content=\"Armaton 3000 XF - Reservdelar - Armaton\" \/>\n<meta property=\"og:description\" content=\"Det finns m\u00e5nga olika tillbeh\u00f6r till Armaton 3000XF. L\u00e4s mer om vad som finns h\u00e4r.\" \/>\n<meta property=\"og:url\" content=\"https:\/\/www.armaton.com\/sv\/armaton-3000-xf-reservdelar\/\" \/>\n<meta property=\"og:site_name\" content=\"Armaton\" \/>\n<meta property=\"article:modified_time\" content=\"2024-01-16T08:59:23+00:00\" \/>\n<meta name=\"twitter:card\" content=\"summary_large_image\" \/>\n<meta name=\"twitter:label1\" content=\"Ber\u00e4knad l\u00e4stid\" \/>\n\t<meta name=\"twitter:data1\" content=\"1 minut\" \/>\n<script type=\"application\/ld+json\" class=\"yoast-schema-graph\">{\"@context\":\"https:\/\/schema.org\",\"@graph\":[{\"@type\":\"WebPage\",\"@id\":\"https:\/\/www.armaton.com\/sv\/armaton-3000-xf-reservdelar\/\",\"url\":\"https:\/\/www.armaton.com\/sv\/armaton-3000-xf-reservdelar\/\",\"name\":\"Armaton 3000 XF - Reservdelar - Armaton\",\"isPartOf\":{\"@id\":\"https:\/\/www.armaton.com\/#website\"},\"datePublished\":\"2018-09-26T14:18:46+00:00\",\"dateModified\":\"2024-01-16T08:59:23+00:00\",\"description\":\"Det finns m\u00e5nga olika tillbeh\u00f6r till Armaton 3000XF. L\u00e4s mer om vad som finns h\u00e4r.\",\"breadcrumb\":{\"@id\":\"https:\/\/www.armaton.com\/sv\/armaton-3000-xf-reservdelar\/#breadcrumb\"},\"inLanguage\":\"sv-SE\",\"potentialAction\":[{\"@type\":\"ReadAction\",\"target\":[\"https:\/\/www.armaton.com\/sv\/armaton-3000-xf-reservdelar\/\"]}]},{\"@type\":\"BreadcrumbList\",\"@id\":\"https:\/\/www.armaton.com\/sv\/armaton-3000-xf-reservdelar\/#breadcrumb\",\"itemListElement\":[{\"@type\":\"ListItem\",\"position\":1,\"name\":\"Home\",\"item\":\"https:\/\/www.armaton.com\/sv\/\"},{\"@type\":\"ListItem\",\"position\":2,\"name\":\"Armaton 3000 XF &#8211; Reservdelar\"}]},{\"@type\":\"WebSite\",\"@id\":\"https:\/\/www.armaton.com\/#website\",\"url\":\"https:\/\/www.armaton.com\/\",\"name\":\"Armaton\",\"description\":\"Armaton Solutions \u2013 Desire To Improve\",\"potentialAction\":[{\"@type\":\"SearchAction\",\"target\":{\"@type\":\"EntryPoint\",\"urlTemplate\":\"https:\/\/www.armaton.com\/?s={search_term_string}\"},\"query-input\":\"required name=search_term_string\"}],\"inLanguage\":\"sv-SE\"}]}<\/script>\n<!-- \/ Yoast SEO plugin. -->","yoast_head_json":{"title":"Armaton 3000 XF - Reservdelar - Armaton","description":"Det finns m\u00e5nga olika tillbeh\u00f6r till Armaton 3000XF. L\u00e4s mer om vad som finns h\u00e4r.","robots":{"index":"index","follow":"follow","max-snippet":"max-snippet:-1","max-image-preview":"max-image-preview:large","max-video-preview":"max-video-preview:-1"},"canonical":"https:\/\/www.armaton.com\/sv\/armaton-3000-xf-reservdelar\/","og_locale":"sv_SE","og_type":"article","og_title":"Armaton 3000 XF - Reservdelar - Armaton","og_description":"Det finns m\u00e5nga olika tillbeh\u00f6r till Armaton 3000XF. L\u00e4s mer om vad som finns h\u00e4r.","og_url":"https:\/\/www.armaton.com\/sv\/armaton-3000-xf-reservdelar\/","og_site_name":"Armaton","article_modified_time":"2024-01-16T08:59:23+00:00","twitter_card":"summary_large_image","twitter_misc":{"Ber\u00e4knad l\u00e4stid":"1 minut"},"schema":{"@context":"https:\/\/schema.org","@graph":[{"@type":"WebPage","@id":"https:\/\/www.armaton.com\/sv\/armaton-3000-xf-reservdelar\/","url":"https:\/\/www.armaton.com\/sv\/armaton-3000-xf-reservdelar\/","name":"Armaton 3000 XF - Reservdelar - Armaton","isPartOf":{"@id":"https:\/\/www.armaton.com\/#website"},"datePublished":"2018-09-26T14:18:46+00:00","dateModified":"2024-01-16T08:59:23+00:00","description":"Det finns m\u00e5nga olika tillbeh\u00f6r till Armaton 3000XF. L\u00e4s mer om vad som finns h\u00e4r.","breadcrumb":{"@id":"https:\/\/www.armaton.com\/sv\/armaton-3000-xf-reservdelar\/#breadcrumb"},"inLanguage":"sv-SE","potentialAction":[{"@type":"ReadAction","target":["https:\/\/www.armaton.com\/sv\/armaton-3000-xf-reservdelar\/"]}]},{"@type":"BreadcrumbList","@id":"https:\/\/www.armaton.com\/sv\/armaton-3000-xf-reservdelar\/#breadcrumb","itemListElement":[{"@type":"ListItem","position":1,"name":"Home","item":"https:\/\/www.armaton.com\/sv\/"},{"@type":"ListItem","position":2,"name":"Armaton 3000 XF &#8211; Reservdelar"}]},{"@type":"WebSite","@id":"https:\/\/www.armaton.com\/#website","url":"https:\/\/www.armaton.com\/","name":"Armaton","description":"Armaton Solutions \u2013 Desire To Improve","potentialAction":[{"@type":"SearchAction","target":{"@type":"EntryPoint","urlTemplate":"https:\/\/www.armaton.com\/?s={search_term_string}"},"query-input":"required name=search_term_string"}],"inLanguage":"sv-SE"}]}},"_links":{"self":[{"href":"https:\/\/www.armaton.com\/sv\/wp-json\/wp\/v2\/pages\/157","targetHints":{"allow":["GET"]}}],"collection":[{"href":"https:\/\/www.armaton.com\/sv\/wp-json\/wp\/v2\/pages"}],"about":[{"href":"https:\/\/www.armaton.com\/sv\/wp-json\/wp\/v2\/types\/page"}],"author":[{"embeddable":true,"href":"https:\/\/www.armaton.com\/sv\/wp-json\/wp\/v2\/users\/2"}],"replies":[{"embeddable":true,"href":"https:\/\/www.armaton.com\/sv\/wp-json\/wp\/v2\/comments?post=157"}],"version-history":[{"count":20,"href":"https:\/\/www.armaton.com\/sv\/wp-json\/wp\/v2\/pages\/157\/revisions"}],"predecessor-version":[{"id":13279,"href":"https:\/\/www.armaton.com\/sv\/wp-json\/wp\/v2\/pages\/157\/revisions\/13279"}],"wp:attachment":[{"href":"https:\/\/www.armaton.com\/sv\/wp-json\/wp\/v2\/media?parent=157"}],"curies":[{"name":"wp","href":"https:\/\/api.w.org\/{rel}","templated":true}]}}