{"id":238,"date":"2019-04-23T08:03:52","date_gmt":"2019-04-23T08:03:52","guid":{"rendered":"https:\/\/www.armaton.com\/?page_id=238"},"modified":"2023-04-25T13:19:22","modified_gmt":"2023-04-25T13:19:22","slug":"om-oss","status":"publish","type":"page","link":"https:\/\/www.armaton.com\/sv\/om-oss\/","title":{"rendered":"Om oss"},"content":{"rendered":"<div id=\"pl-238\"  class=\"panel-layout\" ><div id=\"pg-238-0\"  class=\"panel-grid panel-has-style\" ><div class=\"siteorigin-panels-stretch panel-row-style panel-row-style-for-238-0\" data-stretch-type=\"full-stretched\" ><div id=\"pgc-238-0-0\"  class=\"panel-grid-cell\" ><div id=\"panel-238-0-0-0\" class=\"so-panel widget widget_fa-hero-banner-widget panel-first-child panel-last-child\" data-index=\"0\" ><div class=\"panel-widget-style panel-widget-style-for-238-0-0-0\" ><div\n\t\t\t\n\t\t\tclass=\"so-widget-fa-hero-banner-widget so-widget-fa-hero-banner-widget-default-e6338645a523-238\"\n\t\t\t\n\t\t><div class=\"forankra-hero-banner\">\n    <img loading=\"lazy\" decoding=\"async\" width=\"2650\" height=\"1100\" src=\"https:\/\/www.armaton.com\/wp-content\/uploads\/sites\/14\/2019\/06\/About_puff_1_b.jpg\" class=\"forankra-hero-banner-image\" alt=\"\" srcset=\"https:\/\/www.armaton.com\/wp-content\/uploads\/sites\/14\/2019\/06\/About_puff_1_b.jpg 2650w, https:\/\/www.armaton.com\/wp-content\/uploads\/sites\/14\/2019\/06\/About_puff_1_b-300x125.jpg 300w, https:\/\/www.armaton.com\/wp-content\/uploads\/sites\/14\/2019\/06\/About_puff_1_b-768x319.jpg 768w, https:\/\/www.armaton.com\/wp-content\/uploads\/sites\/14\/2019\/06\/About_puff_1_b-1024x425.jpg 1024w, https:\/\/www.armaton.com\/wp-content\/uploads\/sites\/14\/2019\/06\/About_puff_1_b-600x249.jpg 600w\" sizes=\"auto, (max-width: 2650px) 100vw, 2650px\" \/>    <section class=\"hero-content\">\n    <div class=\"content\">\n        <h1><span style=\"color: #ffffff;\">Determined to improve<\/span><\/h1>\n<span style=\"color: #ffffff; font-size: 21px;\">\nVi designar och tillverkar h\u00f6gkvalitativa system f\u00f6r l\u00e4tta transportfordon, men v\u00e5rt varum\u00e4rkesl\u00f6fte handlar om mycket mer \u00e4n flakstolpar och l\u00e4ml\u00e5s. \u201dDetermined to Improve\u201d kommer fr\u00e5n v\u00e5r grundv\u00e4rdering att allt vi designar och bygger ska g\u00f6ras med m\u00e5ls\u00e4ttningen att f\u00f6rb\u00e4ttra v\u00e5ra kunders verksamheter och d\u00e4rmed underl\u00e4tta arbetsdagen f\u00f6r deras kunder.<\/span>            <\/div>\n    <\/section>\n<\/div>\n<\/div><\/div><\/div><\/div><\/div><\/div><div id=\"pg-238-1\"  class=\"panel-grid panel-has-style\" ><div class=\"siteorigin-panels-stretch panel-row-style panel-row-style-for-238-1\" data-stretch-type=\"full-stretched\" ><div id=\"pgc-238-1-0\"  class=\"panel-grid-cell\" ><div id=\"panel-238-1-0-0\" class=\"so-panel widget widget_siteorigin-panels-builder panel-first-child panel-last-child\" data-index=\"1\" ><div class=\"panel-widget-style panel-widget-style-for-238-1-0-0\" ><div id=\"pl-w61d5738ba69ee\"  class=\"panel-layout\" ><div id=\"pg-w61d5738ba69ee-0\"  class=\"panel-grid panel-no-style\" ><div id=\"pgc-w61d5738ba69ee-0-0\"  class=\"panel-grid-cell panel-grid-cell-empty\" ><\/div><div id=\"pgc-w61d5738ba69ee-0-1\"  class=\"panel-grid-cell panel-grid-cell-mobile-last\" ><div id=\"panel-w61d5738ba69ee-0-1-0\" class=\"so-panel widget widget_sow-editor panel-first-child panel-last-child\" data-index=\"0\" ><div\n\t\t\t\n\t\t\tclass=\"so-widget-sow-editor so-widget-sow-editor-base\"\n\t\t\t\n\t\t>\n<div class=\"siteorigin-widget-tinymce textwidget\">\n\t<p>&nbsp;<\/p>\n<h2><strong>Hur det hela b\u00f6rjade\u00a0<\/strong><\/h2>\n<p><span style=\"font-size: 18px;\">Armatons historia b\u00f6rjade redan 1986 n\u00e4r den svenska ingenj\u00f6ren Ragnvald Andersson patenterade sin design f\u00f6r flakstolpar. Bara n\u00e5gra \u00e5r senare, 1990, f\u00f6rv\u00e4rvade VBG-gruppen Armaton.<\/span><\/p>\n<p><span style=\"font-size: 18px;\">Vid det tillf\u00e4llet var flakstolparna och l\u00e4ml\u00e5sen framtagna f\u00f6r tunga fordon, men n\u00e4r produkterna d\u00e4refter blev mer inriktade p\u00e5 l\u00e4tta lastbilar och transportfordon beslutade VBG Group 2014 att s\u00e4lja Armaton till nuvarande \u00e4gare Forankra, Europas st\u00f6rsta leverant\u00f6r av lasts\u00e4kring f\u00f6r\u00a0 transportbranschen.<\/span><\/p>\n<p><span style=\"font-size: 18px;\">Armaton har sitt huvudkontor tillsammans med Forankra i V\u00e5rg\u00e5rda.<\/span><\/p>\n<p>&nbsp;<\/p>\n<p><span style=\"font-size: 18px;\">P.S. Ragnvald Andersson (till v\u00e4nster p\u00e5 bilden) \u00e4r fortfarande i farten och har nu uppfunnit det patenterade flaksystemet Modular Platform Kit f\u00f6r l\u00e4tta kommersiella fordon.<\/span><\/p>\n<p>&nbsp;<\/p>\n<\/div>\n<\/div><\/div><\/div><div id=\"pgc-w61d5738ba69ee-0-2\"  class=\"panel-grid-cell panel-grid-cell-empty\" ><\/div><\/div><\/div><\/div><\/div><\/div><div id=\"pgc-238-1-1\"  class=\"panel-grid-cell\" ><div id=\"panel-238-1-1-0\" class=\"so-panel widget widget_sow-image panel-first-child panel-last-child\" data-index=\"2\" ><div\n\t\t\t\n\t\t\tclass=\"so-widget-sow-image so-widget-sow-image-default-dbf295114b96-238\"\n\t\t\t\n\t\t>\n\n<div class=\"sow-image-container\">\n\t\t<img decoding=\"async\" src=\"https:\/\/www.armaton.com\/wp-content\/uploads\/sites\/14\/2019\/05\/About_puff_2-768x605.jpg\" width=\"768\" height=\"605\" srcset=\"https:\/\/www.armaton.com\/wp-content\/uploads\/sites\/14\/2019\/05\/About_puff_2-768x605.jpg 768w, https:\/\/www.armaton.com\/wp-content\/uploads\/sites\/14\/2019\/05\/About_puff_2-300x236.jpg 300w, https:\/\/www.armaton.com\/wp-content\/uploads\/sites\/14\/2019\/05\/About_puff_2-1024x807.jpg 1024w, https:\/\/www.armaton.com\/wp-content\/uploads\/sites\/14\/2019\/05\/About_puff_2-600x473.jpg 600w, https:\/\/www.armaton.com\/wp-content\/uploads\/sites\/14\/2019\/05\/About_puff_2.jpg 1282w\" sizes=\"auto, (max-width: 768px) 100vw, 768px\" title=\"To the Left Ragnvald Andersson, the inventor, and  Lennart Klingzell KAM Armaton.\" alt=\"\" loading=\"lazy\" \t\tclass=\"so-widget-image\"\/>\n\t<\/div>\n\n<\/div><\/div><\/div><\/div><\/div><\/div>","protected":false},"excerpt":{"rendered":"<p>Determined to improve Vi designar och tillverkar h\u00f6gkvalitativa system f\u00f6r l\u00e4tta transportfordon, men v\u00e5rt varum\u00e4rkesl\u00f6fte handlar om mycket mer \u00e4n flakstolpar och l\u00e4ml\u00e5s. \u201dDetermined to Improve\u201d kommer fr\u00e5n v\u00e5r grundv\u00e4rdering att allt vi designar och bygger ska g\u00f6ras med m\u00e5ls\u00e4ttningen att f\u00f6rb\u00e4ttra v\u00e5ra kunders verksamheter och d\u00e4rmed underl\u00e4tta arbetsdagen f\u00f6r deras kunder. &nbsp; Hur det [&hellip;]<\/p>\n","protected":false},"author":2,"featured_media":0,"parent":0,"menu_order":0,"comment_status":"closed","ping_status":"closed","template":"","meta":{"footnotes":""},"class_list":["post-238","page","type-page","status-publish","hentry"],"yoast_head":"<!-- This site is optimized with the Yoast SEO plugin v20.4 - https:\/\/yoast.com\/wordpress\/plugins\/seo\/ -->\n<title>Om oss - Armaton<\/title>\n<meta name=\"description\" content=\"Armaton designar och tillverkar h\u00f6gkvalitativa system f\u00f6r l\u00e4tta transportfordon, men v\u00e5rt varum\u00e4rkesl\u00f6fte handlar om mycket mer \u00e4n flakstolpar och l\u00e4ml\u00e5s. \u201dDetermined to Improve\u201d kommer fr\u00e5n v\u00e5r grundv\u00e4rdering att allt vi designar och bygger ska g\u00f6ras med m\u00e5ls\u00e4ttningen att f\u00f6rb\u00e4ttra v\u00e5ra kunders verksamheter och d\u00e4rmed underl\u00e4tta arbetsdagen f\u00f6r deras kunder.\" \/>\n<meta name=\"robots\" content=\"index, follow, max-snippet:-1, max-image-preview:large, max-video-preview:-1\" \/>\n<link rel=\"canonical\" href=\"https:\/\/www.armaton.com\/sv\/om-oss\/\" \/>\n<meta property=\"og:locale\" content=\"sv_SE\" \/>\n<meta property=\"og:type\" content=\"article\" \/>\n<meta property=\"og:title\" content=\"Om oss - Armaton\" \/>\n<meta property=\"og:description\" content=\"Armaton designar och tillverkar h\u00f6gkvalitativa system f\u00f6r l\u00e4tta transportfordon, men v\u00e5rt varum\u00e4rkesl\u00f6fte handlar om mycket mer \u00e4n flakstolpar och l\u00e4ml\u00e5s. \u201dDetermined to Improve\u201d kommer fr\u00e5n v\u00e5r grundv\u00e4rdering att allt vi designar och bygger ska g\u00f6ras med m\u00e5ls\u00e4ttningen att f\u00f6rb\u00e4ttra v\u00e5ra kunders verksamheter och d\u00e4rmed underl\u00e4tta arbetsdagen f\u00f6r deras kunder.\" \/>\n<meta property=\"og:url\" content=\"https:\/\/www.armaton.com\/sv\/om-oss\/\" \/>\n<meta property=\"og:site_name\" content=\"Armaton\" \/>\n<meta property=\"article:modified_time\" content=\"2023-04-25T13:19:22+00:00\" \/>\n<meta name=\"twitter:card\" content=\"summary_large_image\" \/>\n<meta name=\"twitter:label1\" content=\"Ber\u00e4knad l\u00e4stid\" \/>\n\t<meta name=\"twitter:data1\" content=\"1 minut\" \/>\n<script type=\"application\/ld+json\" class=\"yoast-schema-graph\">{\"@context\":\"https:\/\/schema.org\",\"@graph\":[{\"@type\":\"WebPage\",\"@id\":\"https:\/\/www.armaton.com\/sv\/om-oss\/\",\"url\":\"https:\/\/www.armaton.com\/sv\/om-oss\/\",\"name\":\"Om oss - Armaton\",\"isPartOf\":{\"@id\":\"https:\/\/www.armaton.com\/#website\"},\"datePublished\":\"2019-04-23T08:03:52+00:00\",\"dateModified\":\"2023-04-25T13:19:22+00:00\",\"description\":\"Armaton designar och tillverkar h\u00f6gkvalitativa system f\u00f6r l\u00e4tta transportfordon, men v\u00e5rt varum\u00e4rkesl\u00f6fte handlar om mycket mer \u00e4n flakstolpar och l\u00e4ml\u00e5s. \u201dDetermined to Improve\u201d kommer fr\u00e5n v\u00e5r grundv\u00e4rdering att allt vi designar och bygger ska g\u00f6ras med m\u00e5ls\u00e4ttningen att f\u00f6rb\u00e4ttra v\u00e5ra kunders verksamheter och d\u00e4rmed underl\u00e4tta arbetsdagen f\u00f6r deras kunder.\",\"breadcrumb\":{\"@id\":\"https:\/\/www.armaton.com\/sv\/om-oss\/#breadcrumb\"},\"inLanguage\":\"sv-SE\",\"potentialAction\":[{\"@type\":\"ReadAction\",\"target\":[\"https:\/\/www.armaton.com\/sv\/om-oss\/\"]}]},{\"@type\":\"BreadcrumbList\",\"@id\":\"https:\/\/www.armaton.com\/sv\/om-oss\/#breadcrumb\",\"itemListElement\":[{\"@type\":\"ListItem\",\"position\":1,\"name\":\"Home\",\"item\":\"https:\/\/www.armaton.com\/sv\/\"},{\"@type\":\"ListItem\",\"position\":2,\"name\":\"Om oss\"}]},{\"@type\":\"WebSite\",\"@id\":\"https:\/\/www.armaton.com\/#website\",\"url\":\"https:\/\/www.armaton.com\/\",\"name\":\"Armaton\",\"description\":\"Armaton Solutions \u2013 Desire To Improve\",\"potentialAction\":[{\"@type\":\"SearchAction\",\"target\":{\"@type\":\"EntryPoint\",\"urlTemplate\":\"https:\/\/www.armaton.com\/?s={search_term_string}\"},\"query-input\":\"required name=search_term_string\"}],\"inLanguage\":\"sv-SE\"}]}<\/script>\n<!-- \/ Yoast SEO plugin. -->","yoast_head_json":{"title":"Om oss - Armaton","description":"Armaton designar och tillverkar h\u00f6gkvalitativa system f\u00f6r l\u00e4tta transportfordon, men v\u00e5rt varum\u00e4rkesl\u00f6fte handlar om mycket mer \u00e4n flakstolpar och l\u00e4ml\u00e5s. \u201dDetermined to Improve\u201d kommer fr\u00e5n v\u00e5r grundv\u00e4rdering att allt vi designar och bygger ska g\u00f6ras med m\u00e5ls\u00e4ttningen att f\u00f6rb\u00e4ttra v\u00e5ra kunders verksamheter och d\u00e4rmed underl\u00e4tta arbetsdagen f\u00f6r deras kunder.","robots":{"index":"index","follow":"follow","max-snippet":"max-snippet:-1","max-image-preview":"max-image-preview:large","max-video-preview":"max-video-preview:-1"},"canonical":"https:\/\/www.armaton.com\/sv\/om-oss\/","og_locale":"sv_SE","og_type":"article","og_title":"Om oss - Armaton","og_description":"Armaton designar och tillverkar h\u00f6gkvalitativa system f\u00f6r l\u00e4tta transportfordon, men v\u00e5rt varum\u00e4rkesl\u00f6fte handlar om mycket mer \u00e4n flakstolpar och l\u00e4ml\u00e5s. \u201dDetermined to Improve\u201d kommer fr\u00e5n v\u00e5r grundv\u00e4rdering att allt vi designar och bygger ska g\u00f6ras med m\u00e5ls\u00e4ttningen att f\u00f6rb\u00e4ttra v\u00e5ra kunders verksamheter och d\u00e4rmed underl\u00e4tta arbetsdagen f\u00f6r deras kunder.","og_url":"https:\/\/www.armaton.com\/sv\/om-oss\/","og_site_name":"Armaton","article_modified_time":"2023-04-25T13:19:22+00:00","twitter_card":"summary_large_image","twitter_misc":{"Ber\u00e4knad l\u00e4stid":"1 minut"},"schema":{"@context":"https:\/\/schema.org","@graph":[{"@type":"WebPage","@id":"https:\/\/www.armaton.com\/sv\/om-oss\/","url":"https:\/\/www.armaton.com\/sv\/om-oss\/","name":"Om oss - Armaton","isPartOf":{"@id":"https:\/\/www.armaton.com\/#website"},"datePublished":"2019-04-23T08:03:52+00:00","dateModified":"2023-04-25T13:19:22+00:00","description":"Armaton designar och tillverkar h\u00f6gkvalitativa system f\u00f6r l\u00e4tta transportfordon, men v\u00e5rt varum\u00e4rkesl\u00f6fte handlar om mycket mer \u00e4n flakstolpar och l\u00e4ml\u00e5s. \u201dDetermined to Improve\u201d kommer fr\u00e5n v\u00e5r grundv\u00e4rdering att allt vi designar och bygger ska g\u00f6ras med m\u00e5ls\u00e4ttningen att f\u00f6rb\u00e4ttra v\u00e5ra kunders verksamheter och d\u00e4rmed underl\u00e4tta arbetsdagen f\u00f6r deras kunder.","breadcrumb":{"@id":"https:\/\/www.armaton.com\/sv\/om-oss\/#breadcrumb"},"inLanguage":"sv-SE","potentialAction":[{"@type":"ReadAction","target":["https:\/\/www.armaton.com\/sv\/om-oss\/"]}]},{"@type":"BreadcrumbList","@id":"https:\/\/www.armaton.com\/sv\/om-oss\/#breadcrumb","itemListElement":[{"@type":"ListItem","position":1,"name":"Home","item":"https:\/\/www.armaton.com\/sv\/"},{"@type":"ListItem","position":2,"name":"Om oss"}]},{"@type":"WebSite","@id":"https:\/\/www.armaton.com\/#website","url":"https:\/\/www.armaton.com\/","name":"Armaton","description":"Armaton Solutions \u2013 Desire To Improve","potentialAction":[{"@type":"SearchAction","target":{"@type":"EntryPoint","urlTemplate":"https:\/\/www.armaton.com\/?s={search_term_string}"},"query-input":"required name=search_term_string"}],"inLanguage":"sv-SE"}]}},"_links":{"self":[{"href":"https:\/\/www.armaton.com\/sv\/wp-json\/wp\/v2\/pages\/238","targetHints":{"allow":["GET"]}}],"collection":[{"href":"https:\/\/www.armaton.com\/sv\/wp-json\/wp\/v2\/pages"}],"about":[{"href":"https:\/\/www.armaton.com\/sv\/wp-json\/wp\/v2\/types\/page"}],"author":[{"embeddable":true,"href":"https:\/\/www.armaton.com\/sv\/wp-json\/wp\/v2\/users\/2"}],"replies":[{"embeddable":true,"href":"https:\/\/www.armaton.com\/sv\/wp-json\/wp\/v2\/comments?post=238"}],"version-history":[{"count":67,"href":"https:\/\/www.armaton.com\/sv\/wp-json\/wp\/v2\/pages\/238\/revisions"}],"predecessor-version":[{"id":12423,"href":"https:\/\/www.armaton.com\/sv\/wp-json\/wp\/v2\/pages\/238\/revisions\/12423"}],"wp:attachment":[{"href":"https:\/\/www.armaton.com\/sv\/wp-json\/wp\/v2\/media?parent=238"}],"curies":[{"name":"wp","href":"https:\/\/api.w.org\/{rel}","templated":true}]}}