{"id":3440,"date":"2019-08-27T13:51:04","date_gmt":"2019-08-27T13:51:04","guid":{"rendered":"https:\/\/www.armaton.com\/?page_id=3440"},"modified":"2023-04-25T13:13:38","modified_gmt":"2023-04-25T13:13:38","slug":"armaton-system","status":"publish","type":"page","link":"https:\/\/www.armaton.com\/sv\/armaton-system\/","title":{"rendered":"Armatons system"},"content":{"rendered":"<div id=\"pl-3440\"  class=\"panel-layout\" ><div id=\"pg-3440-0\"  class=\"panel-grid panel-has-style\" ><div class=\"siteorigin-panels-stretch panel-row-style panel-row-style-for-3440-0\" data-stretch-type=\"full-stretched\" ><div id=\"pgc-3440-0-0\"  class=\"panel-grid-cell\" ><div id=\"panel-3440-0-0-0\" class=\"so-panel widget widget_fa-hero-banner-widget panel-first-child panel-last-child\" data-index=\"0\" ><div class=\"panel-widget-style panel-widget-style-for-3440-0-0-0\" ><div\n\t\t\t\n\t\t\tclass=\"so-widget-fa-hero-banner-widget so-widget-fa-hero-banner-widget-default-c88eb9a566b1-3440\"\n\t\t\t\n\t\t><div class=\"forankra-hero-banner\">\n    <img loading=\"lazy\" decoding=\"async\" width=\"2650\" height=\"1385\" src=\"https:\/\/www.armaton.com\/wp-content\/uploads\/sites\/14\/2019\/05\/Systems_puff_1.jpg\" class=\"forankra-hero-banner-image\" alt=\"\" srcset=\"https:\/\/www.armaton.com\/wp-content\/uploads\/sites\/14\/2019\/05\/Systems_puff_1.jpg 2650w, https:\/\/www.armaton.com\/wp-content\/uploads\/sites\/14\/2019\/05\/Systems_puff_1-300x157.jpg 300w, https:\/\/www.armaton.com\/wp-content\/uploads\/sites\/14\/2019\/05\/Systems_puff_1-768x401.jpg 768w, https:\/\/www.armaton.com\/wp-content\/uploads\/sites\/14\/2019\/05\/Systems_puff_1-1024x535.jpg 1024w, https:\/\/www.armaton.com\/wp-content\/uploads\/sites\/14\/2019\/05\/Systems_puff_1-600x314.jpg 600w\" sizes=\"auto, (max-width: 2650px) 100vw, 2650px\" \/>    <section class=\"hero-content\">\n    <div class=\"content\">\n        <h1><span style=\"color: #ffffff;\">Armatons System<\/span><\/h1>\n<p><span lang=\"EN-GB\" style=\"color: #ffffff; font-size: 21px;\">Armatons system k\u00e4nnetecknas av en mycket ren och avskalad design i l\u00e4ttviktsutf\u00f6rande.<br \/>\nSystemen best\u00e5r av ergonomiska premium-produkter med m\u00e5nga unika egenskaper.<\/span><\/p>\n            <\/div>\n    <\/section>\n<\/div>\n<\/div><\/div><\/div><\/div><\/div><\/div><div id=\"pg-3440-1\"  class=\"panel-grid panel-has-style\" ><div class=\"siteorigin-panels-stretch panel-row-style panel-row-style-for-3440-1\" data-stretch-type=\"full-stretched\" ><div id=\"pgc-3440-1-0\"  class=\"panel-grid-cell\" ><div id=\"panel-3440-1-0-0\" class=\"so-panel widget widget_fa-hero-banner-widget panel-first-child panel-last-child\" data-index=\"1\" ><div class=\"panel-widget-style panel-widget-style-for-3440-1-0-0\" ><div\n\t\t\t\n\t\t\tclass=\"so-widget-fa-hero-banner-widget so-widget-fa-hero-banner-widget-default-cd1e29ff90d7-3440\"\n\t\t\t\n\t\t><div class=\"forankra-hero-banner\">\n    <img loading=\"lazy\" decoding=\"async\" width=\"2592\" height=\"1010\" src=\"https:\/\/www.armaton.com\/wp-content\/uploads\/sites\/14\/2019\/05\/Start_puff_4.jpg\" class=\"forankra-hero-banner-image\" alt=\"\" srcset=\"https:\/\/www.armaton.com\/wp-content\/uploads\/sites\/14\/2019\/05\/Start_puff_4.jpg 2592w, https:\/\/www.armaton.com\/wp-content\/uploads\/sites\/14\/2019\/05\/Start_puff_4-300x117.jpg 300w, https:\/\/www.armaton.com\/wp-content\/uploads\/sites\/14\/2019\/05\/Start_puff_4-768x299.jpg 768w, https:\/\/www.armaton.com\/wp-content\/uploads\/sites\/14\/2019\/05\/Start_puff_4-1024x399.jpg 1024w, https:\/\/www.armaton.com\/wp-content\/uploads\/sites\/14\/2019\/05\/Start_puff_4-600x234.jpg 600w\" sizes=\"auto, (max-width: 2592px) 100vw, 2592px\" \/>    <section class=\"hero-content\">\n    <div class=\"content\">\n        <h3><strong>Armaton Modular Platform Kit<\/strong><\/h3>\n<p><span style=\"font-size: 18px;\">Detta \u00e4r en banbrytande l\u00f6sning f\u00f6r byggnation av sk\u00e5p och flak till l\u00e4tta lastbilar upp till 3,5 ton. Systemet skruvas ihop utan specialverktyg och p\u00e5 en br\u00e5kdel av den tid det normalt brukar ta. Du sparar b\u00e5de tid och pengar.<\/span><\/p>\n<p>&nbsp;<\/p>\n        <div class=\"button-container left\"><a href=\"https:\/\/www.armaton.com\/sv\/modular-platform-kit\/\" class=\"forankra-hero-banner-button\">L\u00e4s mer &gt;<\/a><\/div>    <\/div>\n    <\/section>\n<\/div>\n<\/div><\/div><\/div><\/div><\/div><\/div><div id=\"pg-3440-2\"  class=\"panel-grid panel-has-style\" ><div class=\"siteorigin-panels-stretch panel-row-style panel-row-style-for-3440-2\" data-stretch-type=\"full-stretched\" ><div id=\"pgc-3440-2-0\"  class=\"panel-grid-cell panel-grid-cell-empty\" ><\/div><div id=\"pgc-3440-2-1\"  class=\"panel-grid-cell\" ><div id=\"panel-3440-2-1-0\" class=\"so-panel widget widget_sow-image panel-first-child panel-last-child\" data-index=\"2\" ><div\n\t\t\t\n\t\t\tclass=\"so-widget-sow-image so-widget-sow-image-default-dbf295114b96-3440\"\n\t\t\t\n\t\t>\n\n<div class=\"sow-image-container\">\n\t\t<img decoding=\"async\" src=\"https:\/\/www.armaton.com\/wp-content\/uploads\/sites\/14\/2019\/05\/Start_puff_2_b-768x605.jpg\" width=\"768\" height=\"605\" srcset=\"https:\/\/www.armaton.com\/wp-content\/uploads\/sites\/14\/2019\/05\/Start_puff_2_b-768x605.jpg 768w, https:\/\/www.armaton.com\/wp-content\/uploads\/sites\/14\/2019\/05\/Start_puff_2_b-300x236.jpg 300w, https:\/\/www.armaton.com\/wp-content\/uploads\/sites\/14\/2019\/05\/Start_puff_2_b-1024x806.jpg 1024w, https:\/\/www.armaton.com\/wp-content\/uploads\/sites\/14\/2019\/05\/Start_puff_2_b-600x472.jpg 600w, https:\/\/www.armaton.com\/wp-content\/uploads\/sites\/14\/2019\/05\/Start_puff_2_b.jpg 1256w\" sizes=\"auto, (max-width: 768px) 100vw, 768px\" alt=\"\" loading=\"lazy\" \t\tclass=\"so-widget-image\"\/>\n\t<\/div>\n\n<\/div><\/div><\/div><div id=\"pgc-3440-2-2\"  class=\"panel-grid-cell panel-grid-cell-empty\" ><\/div><div id=\"pgc-3440-2-3\"  class=\"panel-grid-cell\" ><div id=\"panel-3440-2-3-0\" class=\"so-panel widget widget_siteorigin-panels-builder panel-first-child panel-last-child\" data-index=\"3\" ><div class=\"panel-widget-style panel-widget-style-for-3440-2-3-0\" ><div id=\"pl-w5dc2efb768107\"  class=\"panel-layout\" ><div id=\"pg-w5dc2efb768107-0\"  class=\"panel-grid panel-no-style\" ><div id=\"pgc-w5dc2efb768107-0-0\"  class=\"panel-grid-cell panel-grid-cell-empty\" ><\/div><div id=\"pgc-w5dc2efb768107-0-1\"  class=\"panel-grid-cell panel-grid-cell-mobile-last\" ><div id=\"panel-w5dc2efb768107-0-1-0\" class=\"so-panel widget widget_sow-editor panel-first-child\" data-index=\"0\" ><div class=\"panel-widget-style panel-widget-style-for-w5dc2efb768107-0-1-0\" ><div\n\t\t\t\n\t\t\tclass=\"so-widget-sow-editor so-widget-sow-editor-base\"\n\t\t\t\n\t\t>\n<div class=\"siteorigin-widget-tinymce textwidget\">\n\t<h3><span lang=\"EN-GB\" style=\"font-size: 28px;\"><strong>Armaton 4000XF<\/strong> <\/span><\/h3>\n<p><span style=\"font-size: 18px;\"><span lang=\"EN-GB\">Ett viktoptimerat flakstolpssystem, som ger h\u00f6gsta m\u00f6jliga nyttolast f\u00f6r fordon med en lastkapacitet upp till 6 ton. Flakstolparna \u00e4r l\u00e4tta att hantera, slitstarka och ergonomiska \u2013 ett naturligt val f\u00f6r den som beh\u00f6ver ha stolpens alla f\u00f6rdelar av flexibilitet och stabilitet vid p\u00e5byggnader av flak och kapell. Produkten \u00e4r tillverkad av anodiserad aluminium och \u00e4r praktiskt taget underh\u00e5llsfri.<\/span><\/span><\/p>\n<\/div>\n<\/div><\/div><\/div><div id=\"panel-w5dc2efb768107-0-1-1\" class=\"so-panel widget widget_sow-button panel-last-child\" data-index=\"1\" ><div\n\t\t\t\n\t\t\tclass=\"so-widget-sow-button so-widget-sow-button-flat-d23e0acbfdd0\"\n\t\t\t\n\t\t><div class=\"ow-button-base ow-button-align-left\">\n\t<a\n\thref=\"https:\/\/www.armaton.com\/sv\/armaton-4000-xf-flakstolpar\/\"\n\t\tclass=\"ow-icon-placement-left ow-button-hover\" \t>\n\t\t<span>\n\t\t\t\n\t\t\tL\u00e4s mer &gt;\t\t<\/span>\n\t<\/a>\n<\/div>\n<\/div><\/div><\/div><div id=\"pgc-w5dc2efb768107-0-2\"  class=\"panel-grid-cell panel-grid-cell-empty\" ><\/div><\/div><\/div><\/div><\/div><\/div><\/div><\/div><div id=\"pg-3440-3\"  class=\"panel-grid panel-has-style\" ><div class=\"siteorigin-panels-stretch panel-row-style panel-row-style-for-3440-3\" data-stretch-type=\"full-stretched\" ><div id=\"pgc-3440-3-0\"  class=\"panel-grid-cell panel-grid-cell-empty\" ><\/div><div id=\"pgc-3440-3-1\"  class=\"panel-grid-cell\" ><div id=\"panel-3440-3-1-0\" class=\"so-panel widget widget_sow-image panel-first-child panel-last-child\" data-index=\"4\" ><div\n\t\t\t\n\t\t\tclass=\"so-widget-sow-image so-widget-sow-image-default-dbf295114b96-3440\"\n\t\t\t\n\t\t>\n\n<div class=\"sow-image-container\">\n\t\t<img decoding=\"async\" src=\"https:\/\/www.armaton.com\/wp-content\/uploads\/sites\/14\/2019\/05\/Systems_puff_4-768x605.jpg\" width=\"768\" height=\"605\" srcset=\"https:\/\/www.armaton.com\/wp-content\/uploads\/sites\/14\/2019\/05\/Systems_puff_4-768x605.jpg 768w, https:\/\/www.armaton.com\/wp-content\/uploads\/sites\/14\/2019\/05\/Systems_puff_4-300x236.jpg 300w, https:\/\/www.armaton.com\/wp-content\/uploads\/sites\/14\/2019\/05\/Systems_puff_4-1024x807.jpg 1024w, https:\/\/www.armaton.com\/wp-content\/uploads\/sites\/14\/2019\/05\/Systems_puff_4-600x473.jpg 600w, https:\/\/www.armaton.com\/wp-content\/uploads\/sites\/14\/2019\/05\/Systems_puff_4.jpg 1282w\" sizes=\"auto, (max-width: 768px) 100vw, 768px\" alt=\"\" loading=\"lazy\" \t\tclass=\"so-widget-image\"\/>\n\t<\/div>\n\n<\/div><\/div><\/div><div id=\"pgc-3440-3-2\"  class=\"panel-grid-cell panel-grid-cell-empty\" ><\/div><div id=\"pgc-3440-3-3\"  class=\"panel-grid-cell\" ><div id=\"panel-3440-3-3-0\" class=\"so-panel widget widget_siteorigin-panels-builder panel-first-child panel-last-child\" data-index=\"5\" ><div class=\"panel-widget-style panel-widget-style-for-3440-3-3-0\" ><div id=\"pl-w5dc2efb76887e\"  class=\"panel-layout\" ><div id=\"pg-w5dc2efb76887e-0\"  class=\"panel-grid panel-no-style\" ><div id=\"pgc-w5dc2efb76887e-0-0\"  class=\"panel-grid-cell panel-grid-cell-empty\" ><\/div><div id=\"pgc-w5dc2efb76887e-0-1\"  class=\"panel-grid-cell panel-grid-cell-mobile-last\" ><div id=\"panel-w5dc2efb76887e-0-1-0\" class=\"so-panel widget widget_sow-editor panel-first-child\" data-index=\"0\" ><div class=\"panel-widget-style panel-widget-style-for-w5dc2efb76887e-0-1-0\" ><div\n\t\t\t\n\t\t\tclass=\"so-widget-sow-editor so-widget-sow-editor-base\"\n\t\t\t\n\t\t>\n<div class=\"siteorigin-widget-tinymce textwidget\">\n\t<h3><span style=\"color: #7d7d7d;\"><strong>Armaton 3000XF<\/strong><\/span><\/h3>\n<p><span style=\"color: #7d7d7d; font-size: 18px;\">Ett viktoptimerat l\u00e4ml\u00e5ssystem, som ger h\u00f6gsta m\u00f6jliga nyttolast f\u00f6r fordon med en lastkapacitet upp till 6 ton. L\u00e4ml\u00e5set \u00e4r l\u00e4tt att hantera, slitstarkt och ergonomiskt. <\/span><\/p>\n<\/div>\n<\/div><\/div><\/div><div id=\"panel-w5dc2efb76887e-0-1-1\" class=\"so-panel widget widget_sow-button panel-last-child\" data-index=\"1\" ><div\n\t\t\t\n\t\t\tclass=\"so-widget-sow-button so-widget-sow-button-flat-d23e0acbfdd0\"\n\t\t\t\n\t\t><div class=\"ow-button-base ow-button-align-left\">\n\t<a\n\thref=\"https:\/\/www.armaton.com\/sv\/armaton-3000-xf-lamlas\/\"\n\t\tclass=\"ow-icon-placement-left ow-button-hover\" \t>\n\t\t<span>\n\t\t\t\n\t\t\tL\u00e4s mer &gt;\t\t<\/span>\n\t<\/a>\n<\/div>\n<\/div><\/div><\/div><div id=\"pgc-w5dc2efb76887e-0-2\"  class=\"panel-grid-cell panel-grid-cell-empty\" ><\/div><\/div><\/div><\/div><\/div><\/div><\/div><\/div><\/div>","protected":false},"excerpt":{"rendered":"<p>Armatons System Armatons system k\u00e4nnetecknas av en mycket ren och avskalad design i l\u00e4ttviktsutf\u00f6rande. Systemen best\u00e5r av ergonomiska premium-produkter med m\u00e5nga unika egenskaper. Armaton Modular Platform Kit Detta \u00e4r en banbrytande l\u00f6sning f\u00f6r byggnation av sk\u00e5p och flak till l\u00e4tta lastbilar upp till 3,5 ton. Systemet skruvas ihop utan specialverktyg och p\u00e5 en br\u00e5kdel av [&hellip;]<\/p>\n","protected":false},"author":2,"featured_media":0,"parent":0,"menu_order":0,"comment_status":"closed","ping_status":"closed","template":"","meta":{"footnotes":""},"class_list":["post-3440","page","type-page","status-publish","hentry"],"yoast_head":"<!-- This site is optimized with the Yoast SEO plugin v20.4 - https:\/\/yoast.com\/wordpress\/plugins\/seo\/ -->\n<title>Armatons system - Armaton<\/title>\n<meta name=\"description\" content=\"Armatons system k\u00e4nnetecknas av en mycket ren och avskalad design i l\u00e4ttviktsutf\u00f6rande. Systemen best\u00e5r av ergonomiska premium-produkter med m\u00e5nga unika egenskaper.\" \/>\n<meta name=\"robots\" content=\"index, follow, max-snippet:-1, max-image-preview:large, max-video-preview:-1\" \/>\n<link rel=\"canonical\" href=\"https:\/\/www.armaton.com\/sv\/armaton-system\/\" \/>\n<meta property=\"og:locale\" content=\"sv_SE\" \/>\n<meta property=\"og:type\" content=\"article\" \/>\n<meta property=\"og:title\" content=\"Armatons system - Armaton\" \/>\n<meta property=\"og:description\" content=\"Armatons system k\u00e4nnetecknas av en mycket ren och avskalad design i l\u00e4ttviktsutf\u00f6rande. Systemen best\u00e5r av ergonomiska premium-produkter med m\u00e5nga unika egenskaper.\" \/>\n<meta property=\"og:url\" content=\"https:\/\/www.armaton.com\/sv\/armaton-system\/\" \/>\n<meta property=\"og:site_name\" content=\"Armaton\" \/>\n<meta property=\"article:modified_time\" content=\"2023-04-25T13:13:38+00:00\" \/>\n<meta name=\"twitter:card\" content=\"summary_large_image\" \/>\n<meta name=\"twitter:label1\" content=\"Ber\u00e4knad l\u00e4stid\" \/>\n\t<meta name=\"twitter:data1\" content=\"1 minut\" \/>\n<script type=\"application\/ld+json\" class=\"yoast-schema-graph\">{\"@context\":\"https:\/\/schema.org\",\"@graph\":[{\"@type\":\"WebPage\",\"@id\":\"https:\/\/www.armaton.com\/sv\/armaton-system\/\",\"url\":\"https:\/\/www.armaton.com\/sv\/armaton-system\/\",\"name\":\"Armatons system - Armaton\",\"isPartOf\":{\"@id\":\"https:\/\/www.armaton.com\/#website\"},\"datePublished\":\"2019-08-27T13:51:04+00:00\",\"dateModified\":\"2023-04-25T13:13:38+00:00\",\"description\":\"Armatons system k\u00e4nnetecknas av en mycket ren och avskalad design i l\u00e4ttviktsutf\u00f6rande. Systemen best\u00e5r av ergonomiska premium-produkter med m\u00e5nga unika egenskaper.\",\"breadcrumb\":{\"@id\":\"https:\/\/www.armaton.com\/sv\/armaton-system\/#breadcrumb\"},\"inLanguage\":\"sv-SE\",\"potentialAction\":[{\"@type\":\"ReadAction\",\"target\":[\"https:\/\/www.armaton.com\/sv\/armaton-system\/\"]}]},{\"@type\":\"BreadcrumbList\",\"@id\":\"https:\/\/www.armaton.com\/sv\/armaton-system\/#breadcrumb\",\"itemListElement\":[{\"@type\":\"ListItem\",\"position\":1,\"name\":\"Home\",\"item\":\"https:\/\/www.armaton.com\/sv\/\"},{\"@type\":\"ListItem\",\"position\":2,\"name\":\"Armatons system\"}]},{\"@type\":\"WebSite\",\"@id\":\"https:\/\/www.armaton.com\/#website\",\"url\":\"https:\/\/www.armaton.com\/\",\"name\":\"Armaton\",\"description\":\"Armaton Solutions \u2013 Desire To Improve\",\"potentialAction\":[{\"@type\":\"SearchAction\",\"target\":{\"@type\":\"EntryPoint\",\"urlTemplate\":\"https:\/\/www.armaton.com\/?s={search_term_string}\"},\"query-input\":\"required name=search_term_string\"}],\"inLanguage\":\"sv-SE\"}]}<\/script>\n<!-- \/ Yoast SEO plugin. -->","yoast_head_json":{"title":"Armatons system - Armaton","description":"Armatons system k\u00e4nnetecknas av en mycket ren och avskalad design i l\u00e4ttviktsutf\u00f6rande. Systemen best\u00e5r av ergonomiska premium-produkter med m\u00e5nga unika egenskaper.","robots":{"index":"index","follow":"follow","max-snippet":"max-snippet:-1","max-image-preview":"max-image-preview:large","max-video-preview":"max-video-preview:-1"},"canonical":"https:\/\/www.armaton.com\/sv\/armaton-system\/","og_locale":"sv_SE","og_type":"article","og_title":"Armatons system - Armaton","og_description":"Armatons system k\u00e4nnetecknas av en mycket ren och avskalad design i l\u00e4ttviktsutf\u00f6rande. Systemen best\u00e5r av ergonomiska premium-produkter med m\u00e5nga unika egenskaper.","og_url":"https:\/\/www.armaton.com\/sv\/armaton-system\/","og_site_name":"Armaton","article_modified_time":"2023-04-25T13:13:38+00:00","twitter_card":"summary_large_image","twitter_misc":{"Ber\u00e4knad l\u00e4stid":"1 minut"},"schema":{"@context":"https:\/\/schema.org","@graph":[{"@type":"WebPage","@id":"https:\/\/www.armaton.com\/sv\/armaton-system\/","url":"https:\/\/www.armaton.com\/sv\/armaton-system\/","name":"Armatons system - Armaton","isPartOf":{"@id":"https:\/\/www.armaton.com\/#website"},"datePublished":"2019-08-27T13:51:04+00:00","dateModified":"2023-04-25T13:13:38+00:00","description":"Armatons system k\u00e4nnetecknas av en mycket ren och avskalad design i l\u00e4ttviktsutf\u00f6rande. Systemen best\u00e5r av ergonomiska premium-produkter med m\u00e5nga unika egenskaper.","breadcrumb":{"@id":"https:\/\/www.armaton.com\/sv\/armaton-system\/#breadcrumb"},"inLanguage":"sv-SE","potentialAction":[{"@type":"ReadAction","target":["https:\/\/www.armaton.com\/sv\/armaton-system\/"]}]},{"@type":"BreadcrumbList","@id":"https:\/\/www.armaton.com\/sv\/armaton-system\/#breadcrumb","itemListElement":[{"@type":"ListItem","position":1,"name":"Home","item":"https:\/\/www.armaton.com\/sv\/"},{"@type":"ListItem","position":2,"name":"Armatons system"}]},{"@type":"WebSite","@id":"https:\/\/www.armaton.com\/#website","url":"https:\/\/www.armaton.com\/","name":"Armaton","description":"Armaton Solutions \u2013 Desire To Improve","potentialAction":[{"@type":"SearchAction","target":{"@type":"EntryPoint","urlTemplate":"https:\/\/www.armaton.com\/?s={search_term_string}"},"query-input":"required name=search_term_string"}],"inLanguage":"sv-SE"}]}},"_links":{"self":[{"href":"https:\/\/www.armaton.com\/sv\/wp-json\/wp\/v2\/pages\/3440","targetHints":{"allow":["GET"]}}],"collection":[{"href":"https:\/\/www.armaton.com\/sv\/wp-json\/wp\/v2\/pages"}],"about":[{"href":"https:\/\/www.armaton.com\/sv\/wp-json\/wp\/v2\/types\/page"}],"author":[{"embeddable":true,"href":"https:\/\/www.armaton.com\/sv\/wp-json\/wp\/v2\/users\/2"}],"replies":[{"embeddable":true,"href":"https:\/\/www.armaton.com\/sv\/wp-json\/wp\/v2\/comments?post=3440"}],"version-history":[{"count":33,"href":"https:\/\/www.armaton.com\/sv\/wp-json\/wp\/v2\/pages\/3440\/revisions"}],"predecessor-version":[{"id":12415,"href":"https:\/\/www.armaton.com\/sv\/wp-json\/wp\/v2\/pages\/3440\/revisions\/12415"}],"wp:attachment":[{"href":"https:\/\/www.armaton.com\/sv\/wp-json\/wp\/v2\/media?parent=3440"}],"curies":[{"name":"wp","href":"https:\/\/api.w.org\/{rel}","templated":true}]}}