{"id":3461,"date":"2019-08-27T14:08:42","date_gmt":"2019-08-27T14:08:42","guid":{"rendered":"https:\/\/www.armaton.com\/?page_id=3461"},"modified":"2024-02-01T15:40:39","modified_gmt":"2024-02-01T15:40:39","slug":"profiler-infastningar","status":"publish","type":"page","link":"https:\/\/www.armaton.com\/sv\/profiler-infastningar\/","title":{"rendered":"Profiler &#038; Inf\u00e4stningar"},"content":{"rendered":"<div id=\"pl-3461\"  class=\"panel-layout\" ><div id=\"pg-3461-0\"  class=\"panel-grid panel-has-style\" ><div class=\"siteorigin-panels-stretch panel-row-style panel-row-style-for-3461-0\" data-stretch-type=\"full-stretched\" ><div id=\"pgc-3461-0-0\"  class=\"panel-grid-cell\" ><div id=\"panel-3461-0-0-0\" class=\"so-panel widget widget_sow-image panel-first-child panel-last-child\" data-index=\"0\" ><div\n\t\t\t\n\t\t\tclass=\"so-widget-sow-image so-widget-sow-image-default-dbf295114b96-3461\"\n\t\t\t\n\t\t>\n\n<div class=\"sow-image-container\">\n\t\t<img decoding=\"async\" src=\"https:\/\/www.armaton.com\/wp-content\/uploads\/sites\/14\/2019\/06\/Armatonprofiler_11282x1010-768x605.png\" width=\"768\" height=\"605\" srcset=\"https:\/\/www.armaton.com\/wp-content\/uploads\/sites\/14\/2019\/06\/Armatonprofiler_11282x1010-768x605.png 768w, https:\/\/www.armaton.com\/wp-content\/uploads\/sites\/14\/2019\/06\/Armatonprofiler_11282x1010-300x236.png 300w, https:\/\/www.armaton.com\/wp-content\/uploads\/sites\/14\/2019\/06\/Armatonprofiler_11282x1010-1024x807.png 1024w, https:\/\/www.armaton.com\/wp-content\/uploads\/sites\/14\/2019\/06\/Armatonprofiler_11282x1010-600x473.png 600w, https:\/\/www.armaton.com\/wp-content\/uploads\/sites\/14\/2019\/06\/Armatonprofiler_11282x1010.png 1278w\" sizes=\"auto, (max-width: 768px) 100vw, 768px\" title=\"Armatonprofiler_1,1282&#215;1010\" alt=\"\" loading=\"lazy\" \t\tclass=\"so-widget-image\"\/>\n\t<\/div>\n\n<\/div><\/div><\/div><div id=\"pgc-3461-0-1\"  class=\"panel-grid-cell\" ><div id=\"panel-3461-0-1-0\" class=\"so-panel widget widget_siteorigin-panels-builder panel-first-child panel-last-child\" data-index=\"1\" ><div class=\"panel-widget-style panel-widget-style-for-3461-0-1-0\" ><div id=\"pl-w65bbbb772e854\"  class=\"panel-layout\" ><div id=\"pg-w65bbbb772e854-0\"  class=\"panel-grid panel-no-style\" ><div id=\"pgc-w65bbbb772e854-0-0\"  class=\"panel-grid-cell panel-grid-cell-empty\" ><\/div><div id=\"pgc-w65bbbb772e854-0-1\"  class=\"panel-grid-cell panel-grid-cell-mobile-last\" ><div id=\"panel-w65bbbb772e854-0-1-0\" class=\"so-panel widget widget_sow-editor panel-first-child\" data-index=\"0\" ><div\n\t\t\t\n\t\t\tclass=\"so-widget-sow-editor so-widget-sow-editor-base\"\n\t\t\t\n\t\t>\n<div class=\"siteorigin-widget-tinymce textwidget\">\n\t<h1><span lang=\"EN-GB\">Profiler &amp; inf\u00e4stningar<\/span><\/h1>\n<p><span style=\"font-size: 18px;\">Till flakstolparna i Armatonsystemet finns en rad noga utprovade profiler och inf\u00e4stningsdetaljer, som g\u00f6r det l\u00e4tt att \u00e5stadkomma en elegant och stabil p\u00e5byggnad. Samtliga detaljer \u00e4r tillverkade i anodiserat aluminium, vilket ger en l\u00e5g vikt och ett n\u00e4rmast obefintligt underh\u00e5llsbehov.<br \/>\n<\/span><\/p>\n<\/div>\n<\/div><\/div><div id=\"panel-w65bbbb772e854-0-1-1\" class=\"so-panel widget widget_sow-button panel-last-child\" data-index=\"1\" ><div\n\t\t\t\n\t\t\tclass=\"so-widget-sow-button so-widget-sow-button-flat-e8894c0f4b1a\"\n\t\t\t\n\t\t><div class=\"ow-button-base ow-button-align-left\">\n\t<a\n\thref=\"https:\/\/forankra.bynder.com\/m\/44c3b56284512606\/original\/510810024_Armaton_Profiler_Infastningar_SV.pdf\"\n\t\tclass=\"ow-icon-placement-left ow-button-hover\" target=\"_blank\" rel=\"noopener noreferrer\" \t>\n\t\t<span>\n\t\t\t\n\t\t\tL\u00e4s mer &gt;\t\t<\/span>\n\t<\/a>\n<\/div>\n<\/div><\/div><\/div><div id=\"pgc-w65bbbb772e854-0-2\"  class=\"panel-grid-cell panel-grid-cell-empty\" ><\/div><\/div><\/div><\/div><\/div><\/div><\/div><\/div><\/div>","protected":false},"excerpt":{"rendered":"<p>Profiler &amp; inf\u00e4stningar Till flakstolparna i Armatonsystemet finns en rad noga utprovade profiler och inf\u00e4stningsdetaljer, som g\u00f6r det l\u00e4tt att \u00e5stadkomma en elegant och stabil p\u00e5byggnad. Samtliga detaljer \u00e4r tillverkade i anodiserat aluminium, vilket ger en l\u00e5g vikt och ett n\u00e4rmast obefintligt underh\u00e5llsbehov. L\u00e4s mer &gt;<\/p>\n","protected":false},"author":2,"featured_media":0,"parent":0,"menu_order":0,"comment_status":"closed","ping_status":"closed","template":"","meta":{"footnotes":""},"class_list":["post-3461","page","type-page","status-publish","hentry"],"yoast_head":"<!-- This site is optimized with the Yoast SEO plugin v20.4 - https:\/\/yoast.com\/wordpress\/plugins\/seo\/ -->\n<title>Profiler &amp; Inf\u00e4stningar - Armaton<\/title>\n<meta name=\"description\" content=\"Till flakstolparna i Armatonsystemet finns en rad noga utprovade profiler och inf\u00e4stningsdetaljer, som g\u00f6r det l\u00e4tt att \u00e5stadkomma en elegant och stabil p\u00e5byggnad. Samtliga detaljer \u00e4r tillverkade i anodiserat aluminium, vilket ger en l\u00e5g vikt och ett n\u00e4rmast obefintligt underh\u00e5llsbehov.\" \/>\n<meta name=\"robots\" content=\"index, follow, max-snippet:-1, max-image-preview:large, max-video-preview:-1\" \/>\n<link rel=\"canonical\" href=\"https:\/\/www.armaton.com\/sv\/profiler-infastningar\/\" \/>\n<meta property=\"og:locale\" content=\"sv_SE\" \/>\n<meta property=\"og:type\" content=\"article\" \/>\n<meta property=\"og:title\" content=\"Profiler &amp; Inf\u00e4stningar - Armaton\" \/>\n<meta property=\"og:description\" content=\"Till flakstolparna i Armatonsystemet finns en rad noga utprovade profiler och inf\u00e4stningsdetaljer, som g\u00f6r det l\u00e4tt att \u00e5stadkomma en elegant och stabil p\u00e5byggnad. Samtliga detaljer \u00e4r tillverkade i anodiserat aluminium, vilket ger en l\u00e5g vikt och ett n\u00e4rmast obefintligt underh\u00e5llsbehov.\" \/>\n<meta property=\"og:url\" content=\"https:\/\/www.armaton.com\/sv\/profiler-infastningar\/\" \/>\n<meta property=\"og:site_name\" content=\"Armaton\" \/>\n<meta property=\"article:modified_time\" content=\"2024-02-01T15:40:39+00:00\" \/>\n<meta name=\"twitter:card\" content=\"summary_large_image\" \/>\n<meta name=\"twitter:label1\" content=\"Ber\u00e4knad l\u00e4stid\" \/>\n\t<meta name=\"twitter:data1\" content=\"1 minut\" \/>\n<script type=\"application\/ld+json\" class=\"yoast-schema-graph\">{\"@context\":\"https:\/\/schema.org\",\"@graph\":[{\"@type\":\"WebPage\",\"@id\":\"https:\/\/www.armaton.com\/sv\/profiler-infastningar\/\",\"url\":\"https:\/\/www.armaton.com\/sv\/profiler-infastningar\/\",\"name\":\"Profiler & Inf\u00e4stningar - Armaton\",\"isPartOf\":{\"@id\":\"https:\/\/www.armaton.com\/#website\"},\"datePublished\":\"2019-08-27T14:08:42+00:00\",\"dateModified\":\"2024-02-01T15:40:39+00:00\",\"description\":\"Till flakstolparna i Armatonsystemet finns en rad noga utprovade profiler och inf\u00e4stningsdetaljer, som g\u00f6r det l\u00e4tt att \u00e5stadkomma en elegant och stabil p\u00e5byggnad. Samtliga detaljer \u00e4r tillverkade i anodiserat aluminium, vilket ger en l\u00e5g vikt och ett n\u00e4rmast obefintligt underh\u00e5llsbehov.\",\"breadcrumb\":{\"@id\":\"https:\/\/www.armaton.com\/sv\/profiler-infastningar\/#breadcrumb\"},\"inLanguage\":\"sv-SE\",\"potentialAction\":[{\"@type\":\"ReadAction\",\"target\":[\"https:\/\/www.armaton.com\/sv\/profiler-infastningar\/\"]}]},{\"@type\":\"BreadcrumbList\",\"@id\":\"https:\/\/www.armaton.com\/sv\/profiler-infastningar\/#breadcrumb\",\"itemListElement\":[{\"@type\":\"ListItem\",\"position\":1,\"name\":\"Home\",\"item\":\"https:\/\/www.armaton.com\/sv\/\"},{\"@type\":\"ListItem\",\"position\":2,\"name\":\"Profiler &#038; Inf\u00e4stningar\"}]},{\"@type\":\"WebSite\",\"@id\":\"https:\/\/www.armaton.com\/#website\",\"url\":\"https:\/\/www.armaton.com\/\",\"name\":\"Armaton\",\"description\":\"Armaton Solutions \u2013 Desire To Improve\",\"potentialAction\":[{\"@type\":\"SearchAction\",\"target\":{\"@type\":\"EntryPoint\",\"urlTemplate\":\"https:\/\/www.armaton.com\/?s={search_term_string}\"},\"query-input\":\"required name=search_term_string\"}],\"inLanguage\":\"sv-SE\"}]}<\/script>\n<!-- \/ Yoast SEO plugin. -->","yoast_head_json":{"title":"Profiler & Inf\u00e4stningar - Armaton","description":"Till flakstolparna i Armatonsystemet finns en rad noga utprovade profiler och inf\u00e4stningsdetaljer, som g\u00f6r det l\u00e4tt att \u00e5stadkomma en elegant och stabil p\u00e5byggnad. Samtliga detaljer \u00e4r tillverkade i anodiserat aluminium, vilket ger en l\u00e5g vikt och ett n\u00e4rmast obefintligt underh\u00e5llsbehov.","robots":{"index":"index","follow":"follow","max-snippet":"max-snippet:-1","max-image-preview":"max-image-preview:large","max-video-preview":"max-video-preview:-1"},"canonical":"https:\/\/www.armaton.com\/sv\/profiler-infastningar\/","og_locale":"sv_SE","og_type":"article","og_title":"Profiler & Inf\u00e4stningar - Armaton","og_description":"Till flakstolparna i Armatonsystemet finns en rad noga utprovade profiler och inf\u00e4stningsdetaljer, som g\u00f6r det l\u00e4tt att \u00e5stadkomma en elegant och stabil p\u00e5byggnad. Samtliga detaljer \u00e4r tillverkade i anodiserat aluminium, vilket ger en l\u00e5g vikt och ett n\u00e4rmast obefintligt underh\u00e5llsbehov.","og_url":"https:\/\/www.armaton.com\/sv\/profiler-infastningar\/","og_site_name":"Armaton","article_modified_time":"2024-02-01T15:40:39+00:00","twitter_card":"summary_large_image","twitter_misc":{"Ber\u00e4knad l\u00e4stid":"1 minut"},"schema":{"@context":"https:\/\/schema.org","@graph":[{"@type":"WebPage","@id":"https:\/\/www.armaton.com\/sv\/profiler-infastningar\/","url":"https:\/\/www.armaton.com\/sv\/profiler-infastningar\/","name":"Profiler & Inf\u00e4stningar - Armaton","isPartOf":{"@id":"https:\/\/www.armaton.com\/#website"},"datePublished":"2019-08-27T14:08:42+00:00","dateModified":"2024-02-01T15:40:39+00:00","description":"Till flakstolparna i Armatonsystemet finns en rad noga utprovade profiler och inf\u00e4stningsdetaljer, som g\u00f6r det l\u00e4tt att \u00e5stadkomma en elegant och stabil p\u00e5byggnad. Samtliga detaljer \u00e4r tillverkade i anodiserat aluminium, vilket ger en l\u00e5g vikt och ett n\u00e4rmast obefintligt underh\u00e5llsbehov.","breadcrumb":{"@id":"https:\/\/www.armaton.com\/sv\/profiler-infastningar\/#breadcrumb"},"inLanguage":"sv-SE","potentialAction":[{"@type":"ReadAction","target":["https:\/\/www.armaton.com\/sv\/profiler-infastningar\/"]}]},{"@type":"BreadcrumbList","@id":"https:\/\/www.armaton.com\/sv\/profiler-infastningar\/#breadcrumb","itemListElement":[{"@type":"ListItem","position":1,"name":"Home","item":"https:\/\/www.armaton.com\/sv\/"},{"@type":"ListItem","position":2,"name":"Profiler &#038; Inf\u00e4stningar"}]},{"@type":"WebSite","@id":"https:\/\/www.armaton.com\/#website","url":"https:\/\/www.armaton.com\/","name":"Armaton","description":"Armaton Solutions \u2013 Desire To Improve","potentialAction":[{"@type":"SearchAction","target":{"@type":"EntryPoint","urlTemplate":"https:\/\/www.armaton.com\/?s={search_term_string}"},"query-input":"required name=search_term_string"}],"inLanguage":"sv-SE"}]}},"_links":{"self":[{"href":"https:\/\/www.armaton.com\/sv\/wp-json\/wp\/v2\/pages\/3461","targetHints":{"allow":["GET"]}}],"collection":[{"href":"https:\/\/www.armaton.com\/sv\/wp-json\/wp\/v2\/pages"}],"about":[{"href":"https:\/\/www.armaton.com\/sv\/wp-json\/wp\/v2\/types\/page"}],"author":[{"embeddable":true,"href":"https:\/\/www.armaton.com\/sv\/wp-json\/wp\/v2\/users\/2"}],"replies":[{"embeddable":true,"href":"https:\/\/www.armaton.com\/sv\/wp-json\/wp\/v2\/comments?post=3461"}],"version-history":[{"count":15,"href":"https:\/\/www.armaton.com\/sv\/wp-json\/wp\/v2\/pages\/3461\/revisions"}],"predecessor-version":[{"id":13520,"href":"https:\/\/www.armaton.com\/sv\/wp-json\/wp\/v2\/pages\/3461\/revisions\/13520"}],"wp:attachment":[{"href":"https:\/\/www.armaton.com\/sv\/wp-json\/wp\/v2\/media?parent=3461"}],"curies":[{"name":"wp","href":"https:\/\/api.w.org\/{rel}","templated":true}]}}