{"id":355,"date":"2019-04-29T09:43:57","date_gmt":"2019-04-29T09:43:57","guid":{"rendered":"https:\/\/www.armaton.com\/?page_id=355"},"modified":"2024-01-16T08:58:53","modified_gmt":"2024-01-16T08:58:53","slug":"armaton-4000-xf-reservdelar","status":"publish","type":"page","link":"https:\/\/www.armaton.com\/sv\/armaton-4000-xf-reservdelar\/","title":{"rendered":"Armaton 4000 XF &#8211; Reservdelar"},"content":{"rendered":"<div id=\"pl-355\"  class=\"panel-layout\" ><div id=\"pg-355-0\"  class=\"panel-grid panel-has-style\" ><div class=\"siteorigin-panels-stretch panel-row-style panel-row-style-for-355-0\" data-stretch-type=\"full-stretched\" ><div id=\"pgc-355-0-0\"  class=\"panel-grid-cell\" ><div id=\"panel-355-0-0-0\" class=\"so-panel widget widget_siteorigin-panels-builder panel-first-child panel-last-child\" data-index=\"0\" ><div class=\"panel-widget-style panel-widget-style-for-355-0-0-0\" ><div id=\"pl-w5dc2c9524e234\"  class=\"panel-layout\" ><div id=\"pg-w5dc2c9524e234-0\"  class=\"panel-grid panel-no-style\" ><div id=\"pgc-w5dc2c9524e234-0-0\"  class=\"panel-grid-cell panel-grid-cell-empty\" ><\/div><div id=\"pgc-w5dc2c9524e234-0-1\"  class=\"panel-grid-cell panel-grid-cell-mobile-last\" ><div id=\"panel-w5dc2c9524e234-0-1-0\" class=\"so-panel widget widget_sow-editor panel-first-child panel-last-child\" data-index=\"0\" ><div\n\t\t\t\n\t\t\tclass=\"so-widget-sow-editor so-widget-sow-editor-base\"\n\t\t\t\n\t\t>\n<div class=\"siteorigin-widget-tinymce textwidget\">\n\t<p>&nbsp;<\/p>\n<h2>Reservdelar \u2013 Armaton 4000XF<\/h2>\n<p>&nbsp;<\/p>\n<table style=\"border-style: hidden; width: 94.88%; height: 182px; border-collapse: collapse;\">\n<tbody>\n<tr style=\"height: 44px;\">\n<td style=\"width: 25.94%; height: 44px; text-align: center;\" width=\"147\"><span style=\"font-size: 18px;\"><strong>Position<\/strong><\/span><\/td>\n<td style=\"width: 25.54%; height: 44px; text-align: center;\" width=\"118\"><span style=\"font-size: 18px;\"><strong>Art nr<\/strong><\/span><\/td>\n<td style=\"width: 55.37%; height: 44px; text-align: center;\" width=\"114\"><span style=\"font-size: 18px;\"><strong>Beskrivning<\/strong><\/span><\/td>\n<\/tr>\n<tr style=\"height: 23px;\">\n<td style=\"width: 25.94%; height: 23px; text-align: center;\" align=\"right\" width=\"64\" height=\"20\"><span style=\"color: #000000; font-family: Calibri; font-size: 18px;\">1<\/span><\/td>\n<td style=\"width: 25.54%; height: 23px; text-align: center;\" width=\"137\"><span style=\"font-size: 18px;\">510410001<\/span><\/td>\n<td style=\"width: 55.37%; height: 23px; text-align: center;\" width=\"189\"><span style=\"font-size: 18px;\">Handtagssats*<\/span><\/td>\n<\/tr>\n<tr style=\"height: 23px;\">\n<td style=\"width: 25.94%; height: 23px; text-align: center;\" align=\"right\" height=\"20\"><span style=\"color: #000000; font-family: Calibri; font-size: 18px;\">2<\/span><\/td>\n<td style=\"width: 25.54%; height: 23px; text-align: center;\"><span style=\"font-size: 18px;\">510210014<\/span><\/td>\n<td style=\"width: 55.37%; height: 23px; text-align: center;\"><span style=\"font-size: 18px;\">Slitbleck<\/span><\/td>\n<\/tr>\n<tr style=\"height: 23px;\">\n<td style=\"width: 25.94%; height: 23px; text-align: center;\" align=\"right\" height=\"20\"><span style=\"color: #000000; font-family: Calibri; font-size: 18px;\">3<\/span><\/td>\n<td style=\"width: 25.54%; height: 23px; text-align: center;\"><span style=\"font-size: 18px;\">510210007<\/span><\/td>\n<td style=\"width: 55.37%; height: 23px; text-align: center;\"><span style=\"font-size: 18px;\">T\u00e4cklock, bakstolpe<\/span><\/td>\n<\/tr>\n<tr style=\"height: 23px;\">\n<td style=\"width: 25.94%; height: 23px; text-align: center;\" align=\"right\" height=\"20\"><span style=\"color: #000000; font-family: Calibri; font-size: 18px;\">4<\/span><\/td>\n<td style=\"width: 25.54%; height: 23px; text-align: center;\"><span style=\"font-size: 18px;\">510210005<\/span><\/td>\n<td style=\"width: 55.37%; height: 23px; text-align: center;\"><span style=\"font-size: 18px;\">T\u00e4cklock, framstolpe H<\/span><\/td>\n<\/tr>\n<tr style=\"height: 23px;\">\n<td style=\"width: 25.94%; height: 23px; text-align: center;\" align=\"right\" height=\"20\"><span style=\"color: #000000; font-family: Calibri; font-size: 18px;\">5<\/span><\/td>\n<td style=\"width: 25.54%; height: 23px; text-align: center;\"><span style=\"font-size: 18px;\">510210004<\/span><\/td>\n<td style=\"width: 55.37%; height: 23px; text-align: center;\"><span style=\"font-size: 18px;\">T\u00e4cklock, framstolpe V<\/span><\/td>\n<\/tr>\n<tr style=\"height: 23px;\">\n<td style=\"width: 25.94%; height: 23px; text-align: center;\" align=\"right\" height=\"20\"><span style=\"color: #000000; font-family: Calibri; font-size: 18px;\">6<\/span><\/td>\n<td style=\"width: 25.54%; height: 23px; text-align: center;\"><span style=\"font-size: 18px;\">510210006<\/span><\/td>\n<td style=\"width: 55.37%; height: 23px; text-align: center;\"><span style=\"font-size: 18px;\">T\u00e4cklock, sidstolpe<\/span><\/td>\n<\/tr>\n<\/tbody>\n<\/table>\n<p>&nbsp;<\/p>\n<p>* Handtagssatsen omfattar handtag, sprint och avdragare.<\/p>\n<p>&nbsp;<\/p>\n<p>&nbsp;<\/p>\n<\/div>\n<\/div><\/div><\/div><div id=\"pgc-w5dc2c9524e234-0-2\"  class=\"panel-grid-cell panel-grid-cell-empty\" ><\/div><\/div><\/div><\/div><\/div><\/div><div id=\"pgc-355-0-1\"  class=\"panel-grid-cell panel-grid-cell-mobile-last\" ><div id=\"panel-355-0-1-0\" class=\"so-panel widget widget_sow-image panel-first-child panel-last-child\" data-index=\"1\" ><div\n\t\t\t\n\t\t\tclass=\"so-widget-sow-image so-widget-sow-image-default-dbf295114b96-355\"\n\t\t\t\n\t\t>\n\n<div class=\"sow-image-container\">\n\t\t<img decoding=\"async\" src=\"https:\/\/www.armaton.com\/wp-content\/uploads\/sites\/14\/2019\/06\/Armaton_Spare_parts_4000XF1282x1010-768x605.png\" width=\"768\" height=\"605\" srcset=\"https:\/\/www.armaton.com\/wp-content\/uploads\/sites\/14\/2019\/06\/Armaton_Spare_parts_4000XF1282x1010-768x605.png 768w, https:\/\/www.armaton.com\/wp-content\/uploads\/sites\/14\/2019\/06\/Armaton_Spare_parts_4000XF1282x1010-300x236.png 300w, https:\/\/www.armaton.com\/wp-content\/uploads\/sites\/14\/2019\/06\/Armaton_Spare_parts_4000XF1282x1010-1024x806.png 1024w, https:\/\/www.armaton.com\/wp-content\/uploads\/sites\/14\/2019\/06\/Armaton_Spare_parts_4000XF1282x1010-600x473.png 600w, https:\/\/www.armaton.com\/wp-content\/uploads\/sites\/14\/2019\/06\/Armaton_Spare_parts_4000XF1282x1010.png 1713w\" sizes=\"auto, (max-width: 768px) 100vw, 768px\" title=\"Armaton_Spare_parts_4000XF,1282&#215;1010\" alt=\"\" loading=\"lazy\" \t\tclass=\"so-widget-image\"\/>\n\t<\/div>\n\n<\/div><\/div><\/div><div id=\"pgc-355-0-2\"  class=\"panel-grid-cell panel-grid-cell-empty\" ><\/div><\/div><\/div><div id=\"pg-355-1\"  class=\"panel-grid panel-has-style\" ><div class=\"siteorigin-panels-stretch panel-row-style panel-row-style-for-355-1\" data-stretch-type=\"full-stretched\" ><div id=\"pgc-355-1-0\"  class=\"panel-grid-cell\" ><div id=\"panel-355-1-0-0\" class=\"so-panel widget widget_siteorigin-panels-builder panel-first-child panel-last-child\" data-index=\"2\" ><div class=\"panel-widget-style panel-widget-style-for-355-1-0-0\" ><div id=\"pl-w6017e46d1e3a9\"  class=\"panel-layout\" ><div id=\"pg-w6017e46d1e3a9-0\"  class=\"panel-grid panel-no-style\" ><div id=\"pgc-w6017e46d1e3a9-0-0\"  class=\"panel-grid-cell panel-grid-cell-empty\" ><\/div><div id=\"pgc-w6017e46d1e3a9-0-1\"  class=\"panel-grid-cell panel-grid-cell-mobile-last\" ><div id=\"panel-w6017e46d1e3a9-0-1-0\" class=\"so-panel widget widget_sow-editor panel-first-child panel-last-child\" data-index=\"0\" ><div\n\t\t\t\n\t\t\tclass=\"so-widget-sow-editor so-widget-sow-editor-base\"\n\t\t\t\n\t\t>\n<div class=\"siteorigin-widget-tinymce textwidget\">\n\t<p>&nbsp;<\/p>\n<h2>Reservdelar \u2013 Armaton 4000XF Tippstolpe<\/h2>\n<p>&nbsp;<\/p>\n<table style=\"border-style: hidden; width: 94.88%; height: 182px; border-collapse: collapse;\">\n<tbody>\n<tr style=\"height: 44px;\">\n<td style=\"width: 25.94%; height: 44px; text-align: center;\" width=\"147\"><span style=\"font-size: 18px;\"><strong>Position<\/strong><\/span><\/td>\n<td style=\"width: 25.54%; height: 44px; text-align: center;\" width=\"118\"><span style=\"font-size: 18px;\"><strong>Art nr<\/strong><\/span><\/td>\n<td style=\"width: 55.37%; height: 44px; text-align: center;\" width=\"114\"><span style=\"font-size: 18px;\"><strong>Beskrivning<\/strong><\/span><\/td>\n<\/tr>\n<tr style=\"height: 23px;\">\n<td style=\"width: 25.94%; height: 23px; text-align: center;\" align=\"right\" width=\"64\" height=\"20\"><span style=\"color: #000000; font-family: Calibri; font-size: 18px;\">1<\/span><\/td>\n<td style=\"width: 25.54%; height: 23px; text-align: center;\" width=\"137\"><span style=\"font-size: 18px;\">510410002<\/span><\/td>\n<td style=\"width: 55.37%; height: 23px; text-align: center;\" width=\"189\"><span style=\"font-size: 18px;\">T\u00e4cklock H\/V<\/span><\/td>\n<\/tr>\n<tr style=\"height: 23px;\">\n<td style=\"width: 25.94%; height: 23px; text-align: center;\" align=\"right\" height=\"20\"><span style=\"color: #000000; font-family: Calibri; font-size: 18px;\">2<\/span><\/td>\n<td style=\"width: 25.54%; height: 23px; text-align: center;\"><span style=\"font-size: 18px;\">510210009<\/span><\/td>\n<td style=\"width: 55.37%; height: 23px; text-align: center;\"><span style=\"font-size: 18px;\">Handtagssats*<\/span><\/td>\n<\/tr>\n<tr style=\"height: 23px;\">\n<td style=\"width: 25.94%; height: 23px; text-align: center;\" align=\"right\" height=\"20\"><span style=\"color: #000000; font-family: Calibri; font-size: 18px;\">3<\/span><\/td>\n<td style=\"width: 25.54%; height: 23px; text-align: center;\"><span style=\"font-size: 18px;\">510410001<\/span><\/td>\n<td style=\"width: 55.37%; height: 23px; text-align: center;\"><span style=\"font-size: 18px;\">Handtagssats*<\/span><\/td>\n<\/tr>\n<tr style=\"height: 23px;\">\n<td style=\"width: 25.94%; height: 23px; text-align: center;\" align=\"right\" height=\"20\"><span style=\"color: #000000; font-family: Calibri; font-size: 18px;\">4<\/span><\/td>\n<td style=\"width: 25.54%; height: 23px; text-align: center;\"><span style=\"font-size: 18px;\">510210014<\/span><\/td>\n<td style=\"width: 55.37%; height: 23px; text-align: center;\"><span style=\"font-size: 18px;\">Slitbleck<\/span><\/td>\n<\/tr>\n<tr style=\"height: 23px;\">\n<td style=\"width: 25.94%; height: 23px; text-align: center;\" align=\"right\" height=\"20\"><span style=\"color: #000000; font-family: Calibri; font-size: 18px;\">5<\/span><\/td>\n<td style=\"width: 25.54%; height: 23px; text-align: center;\"><span style=\"font-size: 18px;\">510310033<\/span><\/td>\n<td style=\"width: 55.37%; height: 23px; text-align: center;\"><span style=\"font-size: 18px;\">Pendelkonsol<\/span><\/td>\n<\/tr>\n<\/tbody>\n<\/table>\n<p>&nbsp;<\/p>\n<p>* Handtagssatsen omfattar handtag, sprint och avdragare.<\/p>\n<p>&nbsp;<\/p>\n<p>&nbsp;<\/p>\n<\/div>\n<\/div><\/div><\/div><div id=\"pgc-w6017e46d1e3a9-0-2\"  class=\"panel-grid-cell panel-grid-cell-empty\" ><\/div><\/div><\/div><\/div><\/div><\/div><div id=\"pgc-355-1-1\"  class=\"panel-grid-cell panel-grid-cell-mobile-last\" ><div id=\"panel-355-1-1-0\" class=\"so-panel widget widget_sow-image panel-first-child panel-last-child\" data-index=\"3\" ><div\n\t\t\t\n\t\t\tclass=\"so-widget-sow-image so-widget-sow-image-default-dbf295114b96-355\"\n\t\t\t\n\t\t>\n\n<div class=\"sow-image-container\">\n\t\t<img decoding=\"async\" src=\"https:\/\/www.armaton.com\/wp-content\/uploads\/sites\/14\/2021\/02\/Armaton_Spare_Parts_Tippillar1282x1010-768x605.jpg\" width=\"768\" height=\"605\" srcset=\"https:\/\/www.armaton.com\/wp-content\/uploads\/sites\/14\/2021\/02\/Armaton_Spare_Parts_Tippillar1282x1010-768x605.jpg 768w, https:\/\/www.armaton.com\/wp-content\/uploads\/sites\/14\/2021\/02\/Armaton_Spare_Parts_Tippillar1282x1010-300x236.jpg 300w, https:\/\/www.armaton.com\/wp-content\/uploads\/sites\/14\/2021\/02\/Armaton_Spare_Parts_Tippillar1282x1010-1024x807.jpg 1024w, https:\/\/www.armaton.com\/wp-content\/uploads\/sites\/14\/2021\/02\/Armaton_Spare_Parts_Tippillar1282x1010-600x473.jpg 600w, https:\/\/www.armaton.com\/wp-content\/uploads\/sites\/14\/2021\/02\/Armaton_Spare_Parts_Tippillar1282x1010.jpg 1559w\" sizes=\"auto, (max-width: 768px) 100vw, 768px\" title=\"Armaton_Spare_Parts_Tippillar,1282&#215;1010\" alt=\"\" loading=\"lazy\" \t\tclass=\"so-widget-image\"\/>\n\t<\/div>\n\n<\/div><\/div><\/div><div id=\"pgc-355-1-2\"  class=\"panel-grid-cell panel-grid-cell-empty\" ><\/div><\/div><\/div><\/div>","protected":false},"excerpt":{"rendered":"<p>&nbsp; Reservdelar \u2013 Armaton 4000XF &nbsp; Position Art nr Beskrivning 1 510410001 Handtagssats* 2 510210014 Slitbleck 3 510210007 T\u00e4cklock, bakstolpe 4 510210005 T\u00e4cklock, framstolpe H 5 510210004 T\u00e4cklock, framstolpe V 6 510210006 T\u00e4cklock, sidstolpe &nbsp; * Handtagssatsen omfattar handtag, sprint och avdragare. &nbsp; &nbsp; &nbsp; Reservdelar \u2013 Armaton 4000XF Tippstolpe &nbsp; Position Art nr Beskrivning [&hellip;]<\/p>\n","protected":false},"author":2,"featured_media":0,"parent":0,"menu_order":0,"comment_status":"closed","ping_status":"closed","template":"","meta":{"footnotes":""},"class_list":["post-355","page","type-page","status-publish","hentry"],"yoast_head":"<!-- This site is optimized with the Yoast SEO plugin v20.4 - https:\/\/yoast.com\/wordpress\/plugins\/seo\/ -->\n<title>Armaton 4000 XF - Reservdelar - Armaton<\/title>\n<meta name=\"description\" content=\"Det finns m\u00e5nga olika tillbeh\u00f6r till Armaton 4000XF. L\u00e4s mer om vad som finns h\u00e4r.\" \/>\n<meta name=\"robots\" content=\"index, follow, max-snippet:-1, max-image-preview:large, max-video-preview:-1\" \/>\n<link rel=\"canonical\" href=\"https:\/\/www.armaton.com\/sv\/armaton-4000-xf-reservdelar\/\" \/>\n<meta property=\"og:locale\" content=\"sv_SE\" \/>\n<meta property=\"og:type\" content=\"article\" \/>\n<meta property=\"og:title\" content=\"Armaton 4000 XF - Reservdelar - Armaton\" \/>\n<meta property=\"og:description\" content=\"Det finns m\u00e5nga olika tillbeh\u00f6r till Armaton 4000XF. L\u00e4s mer om vad som finns h\u00e4r.\" \/>\n<meta property=\"og:url\" content=\"https:\/\/www.armaton.com\/sv\/armaton-4000-xf-reservdelar\/\" \/>\n<meta property=\"og:site_name\" content=\"Armaton\" \/>\n<meta property=\"article:modified_time\" content=\"2024-01-16T08:58:53+00:00\" \/>\n<meta name=\"twitter:card\" content=\"summary_large_image\" \/>\n<meta name=\"twitter:label1\" content=\"Ber\u00e4knad l\u00e4stid\" \/>\n\t<meta name=\"twitter:data1\" content=\"1 minut\" \/>\n<script type=\"application\/ld+json\" class=\"yoast-schema-graph\">{\"@context\":\"https:\/\/schema.org\",\"@graph\":[{\"@type\":\"WebPage\",\"@id\":\"https:\/\/www.armaton.com\/sv\/armaton-4000-xf-reservdelar\/\",\"url\":\"https:\/\/www.armaton.com\/sv\/armaton-4000-xf-reservdelar\/\",\"name\":\"Armaton 4000 XF - Reservdelar - Armaton\",\"isPartOf\":{\"@id\":\"https:\/\/www.armaton.com\/#website\"},\"datePublished\":\"2019-04-29T09:43:57+00:00\",\"dateModified\":\"2024-01-16T08:58:53+00:00\",\"description\":\"Det finns m\u00e5nga olika tillbeh\u00f6r till Armaton 4000XF. L\u00e4s mer om vad som finns h\u00e4r.\",\"breadcrumb\":{\"@id\":\"https:\/\/www.armaton.com\/sv\/armaton-4000-xf-reservdelar\/#breadcrumb\"},\"inLanguage\":\"sv-SE\",\"potentialAction\":[{\"@type\":\"ReadAction\",\"target\":[\"https:\/\/www.armaton.com\/sv\/armaton-4000-xf-reservdelar\/\"]}]},{\"@type\":\"BreadcrumbList\",\"@id\":\"https:\/\/www.armaton.com\/sv\/armaton-4000-xf-reservdelar\/#breadcrumb\",\"itemListElement\":[{\"@type\":\"ListItem\",\"position\":1,\"name\":\"Home\",\"item\":\"https:\/\/www.armaton.com\/sv\/\"},{\"@type\":\"ListItem\",\"position\":2,\"name\":\"Armaton 4000 XF &#8211; Reservdelar\"}]},{\"@type\":\"WebSite\",\"@id\":\"https:\/\/www.armaton.com\/#website\",\"url\":\"https:\/\/www.armaton.com\/\",\"name\":\"Armaton\",\"description\":\"Armaton Solutions \u2013 Desire To Improve\",\"potentialAction\":[{\"@type\":\"SearchAction\",\"target\":{\"@type\":\"EntryPoint\",\"urlTemplate\":\"https:\/\/www.armaton.com\/?s={search_term_string}\"},\"query-input\":\"required name=search_term_string\"}],\"inLanguage\":\"sv-SE\"}]}<\/script>\n<!-- \/ Yoast SEO plugin. -->","yoast_head_json":{"title":"Armaton 4000 XF - Reservdelar - Armaton","description":"Det finns m\u00e5nga olika tillbeh\u00f6r till Armaton 4000XF. L\u00e4s mer om vad som finns h\u00e4r.","robots":{"index":"index","follow":"follow","max-snippet":"max-snippet:-1","max-image-preview":"max-image-preview:large","max-video-preview":"max-video-preview:-1"},"canonical":"https:\/\/www.armaton.com\/sv\/armaton-4000-xf-reservdelar\/","og_locale":"sv_SE","og_type":"article","og_title":"Armaton 4000 XF - Reservdelar - Armaton","og_description":"Det finns m\u00e5nga olika tillbeh\u00f6r till Armaton 4000XF. L\u00e4s mer om vad som finns h\u00e4r.","og_url":"https:\/\/www.armaton.com\/sv\/armaton-4000-xf-reservdelar\/","og_site_name":"Armaton","article_modified_time":"2024-01-16T08:58:53+00:00","twitter_card":"summary_large_image","twitter_misc":{"Ber\u00e4knad l\u00e4stid":"1 minut"},"schema":{"@context":"https:\/\/schema.org","@graph":[{"@type":"WebPage","@id":"https:\/\/www.armaton.com\/sv\/armaton-4000-xf-reservdelar\/","url":"https:\/\/www.armaton.com\/sv\/armaton-4000-xf-reservdelar\/","name":"Armaton 4000 XF - Reservdelar - Armaton","isPartOf":{"@id":"https:\/\/www.armaton.com\/#website"},"datePublished":"2019-04-29T09:43:57+00:00","dateModified":"2024-01-16T08:58:53+00:00","description":"Det finns m\u00e5nga olika tillbeh\u00f6r till Armaton 4000XF. L\u00e4s mer om vad som finns h\u00e4r.","breadcrumb":{"@id":"https:\/\/www.armaton.com\/sv\/armaton-4000-xf-reservdelar\/#breadcrumb"},"inLanguage":"sv-SE","potentialAction":[{"@type":"ReadAction","target":["https:\/\/www.armaton.com\/sv\/armaton-4000-xf-reservdelar\/"]}]},{"@type":"BreadcrumbList","@id":"https:\/\/www.armaton.com\/sv\/armaton-4000-xf-reservdelar\/#breadcrumb","itemListElement":[{"@type":"ListItem","position":1,"name":"Home","item":"https:\/\/www.armaton.com\/sv\/"},{"@type":"ListItem","position":2,"name":"Armaton 4000 XF &#8211; Reservdelar"}]},{"@type":"WebSite","@id":"https:\/\/www.armaton.com\/#website","url":"https:\/\/www.armaton.com\/","name":"Armaton","description":"Armaton Solutions \u2013 Desire To Improve","potentialAction":[{"@type":"SearchAction","target":{"@type":"EntryPoint","urlTemplate":"https:\/\/www.armaton.com\/?s={search_term_string}"},"query-input":"required name=search_term_string"}],"inLanguage":"sv-SE"}]}},"_links":{"self":[{"href":"https:\/\/www.armaton.com\/sv\/wp-json\/wp\/v2\/pages\/355","targetHints":{"allow":["GET"]}}],"collection":[{"href":"https:\/\/www.armaton.com\/sv\/wp-json\/wp\/v2\/pages"}],"about":[{"href":"https:\/\/www.armaton.com\/sv\/wp-json\/wp\/v2\/types\/page"}],"author":[{"embeddable":true,"href":"https:\/\/www.armaton.com\/sv\/wp-json\/wp\/v2\/users\/2"}],"replies":[{"embeddable":true,"href":"https:\/\/www.armaton.com\/sv\/wp-json\/wp\/v2\/comments?post=355"}],"version-history":[{"count":27,"href":"https:\/\/www.armaton.com\/sv\/wp-json\/wp\/v2\/pages\/355\/revisions"}],"predecessor-version":[{"id":13277,"href":"https:\/\/www.armaton.com\/sv\/wp-json\/wp\/v2\/pages\/355\/revisions\/13277"}],"wp:attachment":[{"href":"https:\/\/www.armaton.com\/sv\/wp-json\/wp\/v2\/media?parent=355"}],"curies":[{"name":"wp","href":"https:\/\/api.w.org\/{rel}","templated":true}]}}