{"id":4,"date":"2018-05-04T14:53:22","date_gmt":"2018-05-04T14:53:22","guid":{"rendered":"https:\/\/www.armaton.com\/?page_id=4"},"modified":"2023-04-17T08:45:17","modified_gmt":"2023-04-17T08:45:17","slug":"startsida","status":"publish","type":"page","link":"https:\/\/www.armaton.com\/sv\/","title":{"rendered":"L\u00f6sningar f\u00f6r l\u00e4tta transportfordon"},"content":{"rendered":"<div id=\"pl-4\"  class=\"panel-layout\" ><div id=\"pg-4-0\"  class=\"panel-grid panel-has-style\" ><div class=\"siteorigin-panels-stretch panel-row-style panel-row-style-for-4-0\" data-stretch-type=\"full-stretched\" ><div id=\"pgc-4-0-0\"  class=\"panel-grid-cell\" ><div id=\"panel-4-0-0-0\" class=\"so-panel widget widget_fa-hero-banner-widget panel-first-child panel-last-child\" data-index=\"0\" ><div class=\"panel-widget-style panel-widget-style-for-4-0-0-0\" ><div\n\t\t\t\n\t\t\tclass=\"so-widget-fa-hero-banner-widget so-widget-fa-hero-banner-widget-video-1f8c978b3609-4\"\n\t\t\t\n\t\t><div class=\"forankra-hero-banner\"\n    data-yt-id=\"yRjghNc-2fw\"\n    data-widget-id=\"widget-0-0-0\"\n    data-mobile-breakpoint=\"880\"\n    data-ratio=\"0.5625\">\n\n    <section class=\"cover\">\n            <div class=\"tv\">\n            <div id=\"video-overlay\"><\/div>\n            <div class=\"screen\" id=\"forankra-hero-banner-video-widget-0-0-0\"><\/div>\n            <\/div>\n    <\/section>\n    <section class=\"hero-content\">\n        <div class=\"content\">\n            <p><span style=\"font-size: 21px;\">ARMATON SOLUTIONS<\/span><\/p>\n<h1>Determined to Improve<\/h1>\n<p><span style=\"font-size: 21px;\">Det \u00e4r v\u00e5rt l\u00f6fte. Att kontinuerligt utveckla l\u00f6sningar som s\u00e4kerst\u00e4ller b\u00e4ttre funktionalitet, s\u00e4kerhet och l\u00f6nsamhet f\u00f6r anv\u00e4ndare av l\u00e4tta transportfordon.<\/span><\/p>\n            <div class=\"button-container left\"><a href=\"https:\/\/www.armaton.com\/sv\/om-oss\/\" class=\"forankra-hero-banner-button\">L\u00e4s mer<\/a><\/div>        <\/div>\n    <\/section>\n<\/div>\n<\/div><\/div><\/div><\/div><\/div><\/div><div id=\"pg-4-1\"  class=\"panel-grid panel-has-style\" ><div class=\"siteorigin-panels-stretch panel-row-style panel-row-style-for-4-1\" data-stretch-type=\"full-stretched\" ><div id=\"pgc-4-1-0\"  class=\"panel-grid-cell\" ><div id=\"panel-4-1-0-0\" class=\"so-panel widget widget_fa-hero-banner-widget panel-first-child panel-last-child\" data-index=\"1\" ><div\n\t\t\t\n\t\t\tclass=\"so-widget-fa-hero-banner-widget so-widget-fa-hero-banner-widget-default-cd1e29ff90d7-4\"\n\t\t\t\n\t\t><div class=\"forankra-hero-banner\">\n    <img loading=\"lazy\" decoding=\"async\" width=\"2592\" height=\"1010\" src=\"https:\/\/www.armaton.com\/wp-content\/uploads\/sites\/14\/2019\/05\/Start_puff_4.jpg\" class=\"forankra-hero-banner-image\" alt=\"\" srcset=\"https:\/\/www.armaton.com\/wp-content\/uploads\/sites\/14\/2019\/05\/Start_puff_4.jpg 2592w, https:\/\/www.armaton.com\/wp-content\/uploads\/sites\/14\/2019\/05\/Start_puff_4-300x117.jpg 300w, https:\/\/www.armaton.com\/wp-content\/uploads\/sites\/14\/2019\/05\/Start_puff_4-768x299.jpg 768w, https:\/\/www.armaton.com\/wp-content\/uploads\/sites\/14\/2019\/05\/Start_puff_4-1024x399.jpg 1024w, https:\/\/www.armaton.com\/wp-content\/uploads\/sites\/14\/2019\/05\/Start_puff_4-600x234.jpg 600w\" sizes=\"auto, (max-width: 2592px) 100vw, 2592px\" \/>    <section class=\"hero-content\">\n    <div class=\"content\">\n        <h3><strong>Armaton Modular Platform Kit <\/strong><strong>\u2013 the perfect fit.<\/strong><\/h3>\n<p><span style=\"font-size: 18px;\">Detta \u00e4r en banbrytande l\u00f6sning f\u00f6r byggnation av sk\u00e5p och flak till l\u00e4tta lastbilar upp till 3,5 ton. Systemet skruvas ihop utan specialverktyg och p\u00e5 en br\u00e5kdel av den tid det normalt brukar ta. Du sparar b\u00e5de tid och pengar.<\/span><\/p>\n<p>&nbsp;<\/p>\n        <div class=\"button-container left\"><a href=\"https:\/\/www.armaton.com\/sv\/modular-platform-kit\/\" class=\"forankra-hero-banner-button\">L\u00e4s mer<\/a><\/div>    <\/div>\n    <\/section>\n<\/div>\n<\/div><\/div><\/div><\/div><\/div><div id=\"pg-4-2\"  class=\"panel-grid panel-has-style\" ><div class=\"siteorigin-panels-stretch panel-row-style panel-row-style-for-4-2\" data-stretch-type=\"full-stretched\" ><div id=\"pgc-4-2-0\"  class=\"panel-grid-cell\" ><div id=\"panel-4-2-0-0\" class=\"so-panel widget widget_sow-image panel-first-child panel-last-child\" data-index=\"2\" ><div\n\t\t\t\n\t\t\tclass=\"so-widget-sow-image so-widget-sow-image-default-dbf295114b96-4\"\n\t\t\t\n\t\t>\n\n<div class=\"sow-image-container\">\n\t\t<img decoding=\"async\" src=\"https:\/\/www.armaton.com\/wp-content\/uploads\/sites\/14\/2019\/06\/Lastsakring_flak1040x644-768x459.png\" width=\"768\" height=\"459\" srcset=\"https:\/\/www.armaton.com\/wp-content\/uploads\/sites\/14\/2019\/06\/Lastsakring_flak1040x644-768x459.png 768w, https:\/\/www.armaton.com\/wp-content\/uploads\/sites\/14\/2019\/06\/Lastsakring_flak1040x644-300x179.png 300w, https:\/\/www.armaton.com\/wp-content\/uploads\/sites\/14\/2019\/06\/Lastsakring_flak1040x644-1024x612.png 1024w, https:\/\/www.armaton.com\/wp-content\/uploads\/sites\/14\/2019\/06\/Lastsakring_flak1040x644-600x359.png 600w, https:\/\/www.armaton.com\/wp-content\/uploads\/sites\/14\/2019\/06\/Lastsakring_flak1040x644.png 1077w\" sizes=\"auto, (max-width: 768px) 100vw, 768px\" title=\"Lastsakring_flak,1040&#215;644\" alt=\"  \" loading=\"lazy\" \t\tclass=\"so-widget-image\"\/>\n\t<\/div>\n\n<\/div><\/div><\/div><div id=\"pgc-4-2-1\"  class=\"panel-grid-cell\" ><div id=\"panel-4-2-1-0\" class=\"so-panel widget widget_siteorigin-panels-builder panel-first-child panel-last-child\" data-index=\"3\" ><div class=\"panel-widget-style panel-widget-style-for-4-2-1-0\" ><div id=\"pl-w5dc2ebffa64c7\"  class=\"panel-layout\" ><div id=\"pg-w5dc2ebffa64c7-0\"  class=\"panel-grid panel-no-style\" ><div id=\"pgc-w5dc2ebffa64c7-0-0\"  class=\"panel-grid-cell panel-grid-cell-empty\" ><\/div><div id=\"pgc-w5dc2ebffa64c7-0-1\"  class=\"panel-grid-cell panel-grid-cell-mobile-last\" ><div id=\"panel-w5dc2ebffa64c7-0-1-0\" class=\"so-panel widget widget_sow-editor panel-first-child\" data-index=\"0\" ><div\n\t\t\t\n\t\t\tclass=\"so-widget-sow-editor so-widget-sow-editor-base\"\n\t\t\t\n\t\t>\n<div class=\"siteorigin-widget-tinymce textwidget\">\n\t<h3><span style=\"font-size: 28px;\"><strong><span style=\"font-size: 28px;\">Armaton g\u00f6r h\u00e5rt arbete enkelt. Det \u00e4r precis s\u00e5 enkelt<\/span>.<\/strong><\/span><\/h3>\n<p><span style=\"font-size: 18px;\">Oavsett om du \u00e4r den som bygger flaket, den som hyr ut det eller den som transporterar gods p\u00e5 det \u2013 kvalitet, enkelhet och funktionalitet \u00e4r grunden f\u00f6r att f\u00e5 jobbet gjort. Eller hur? <\/p>\n<p><\/span><\/p>\n<\/div>\n<\/div><\/div><div id=\"panel-w5dc2ebffa64c7-0-1-1\" class=\"so-panel widget widget_sow-button panel-last-child\" data-index=\"1\" ><div\n\t\t\t\n\t\t\tclass=\"so-widget-sow-button so-widget-sow-button-flat-d23e0acbfdd0\"\n\t\t\t\n\t\t><div class=\"ow-button-base ow-button-align-left\">\n\t<a\n\thref=\"https:\/\/www.armaton.com\/sv\/varfor-armaton\/\"\n\t\tclass=\"ow-icon-placement-left ow-button-hover\" \t>\n\t\t<span>\n\t\t\t\n\t\t\tL\u00e4s mer &gt;\t\t<\/span>\n\t<\/a>\n<\/div>\n<\/div><\/div><\/div><div id=\"pgc-w5dc2ebffa64c7-0-2\"  class=\"panel-grid-cell panel-grid-cell-empty\" ><\/div><\/div><\/div><\/div><\/div><\/div><\/div><\/div><div id=\"pg-4-3\"  class=\"panel-grid panel-has-style\" ><div class=\"siteorigin-panels-stretch panel-row-style panel-row-style-for-4-3\" data-stretch-type=\"full-stretched\" ><div id=\"pgc-4-3-0\"  class=\"panel-grid-cell\" ><div id=\"panel-4-3-0-0\" class=\"so-panel widget widget_siteorigin-panels-builder panel-first-child panel-last-child\" data-index=\"4\" ><div class=\"panel-widget-style panel-widget-style-for-4-3-0-0\" ><div id=\"pl-w6321ce4869304\"  class=\"panel-layout\" ><div id=\"pg-w6321ce4869304-0\"  class=\"panel-grid panel-no-style\" ><div id=\"pgc-w6321ce4869304-0-0\"  class=\"panel-grid-cell panel-grid-cell-empty\" ><\/div><div id=\"pgc-w6321ce4869304-0-1\"  class=\"panel-grid-cell panel-grid-cell-mobile-last\" ><div id=\"panel-w6321ce4869304-0-1-0\" class=\"so-panel widget widget_sow-editor panel-first-child\" data-index=\"0\" ><div\n\t\t\t\n\t\t\tclass=\"so-widget-sow-editor so-widget-sow-editor-base\"\n\t\t\t\n\t\t>\n<div class=\"siteorigin-widget-tinymce textwidget\">\n\t<h3><strong>L\u00e4tt att installera och p\u00e5litliga l\u00f6sningar.<\/strong><\/h3>\n<p><span style=\"font-size: 18px;\">Robusta, rostfria l\u00e4ml\u00e5s- och flakstolpsystem i aluminium med l\u00e5ga livscykelkostnader.\u00a0<\/span><\/p>\n<\/div>\n<\/div><\/div><div id=\"panel-w6321ce4869304-0-1-1\" class=\"so-panel widget widget_sow-button panel-last-child\" data-index=\"1\" ><div\n\t\t\t\n\t\t\tclass=\"so-widget-sow-button so-widget-sow-button-flat-d23e0acbfdd0\"\n\t\t\t\n\t\t><div class=\"ow-button-base ow-button-align-left\">\n\t<a\n\thref=\"https:\/\/www.armaton.com\/sv\/armaton-system\/\"\n\t\tclass=\"ow-icon-placement-left ow-button-hover\" \t>\n\t\t<span>\n\t\t\t\n\t\t\tL\u00e4s mer &gt;\t\t<\/span>\n\t<\/a>\n<\/div>\n<\/div><\/div><\/div><div id=\"pgc-w6321ce4869304-0-2\"  class=\"panel-grid-cell panel-grid-cell-empty\" ><\/div><\/div><\/div><\/div><\/div><\/div><div id=\"pgc-4-3-1\"  class=\"panel-grid-cell panel-grid-cell-mobile-last\" ><div id=\"panel-4-3-1-0\" class=\"so-panel widget widget_sow-image panel-first-child panel-last-child\" data-index=\"5\" ><div\n\t\t\t\n\t\t\tclass=\"so-widget-sow-image so-widget-sow-image-default-dbf295114b96-4\"\n\t\t\t\n\t\t>\n\n<div class=\"sow-image-container\">\n\t\t<img decoding=\"async\" src=\"https:\/\/www.armaton.com\/wp-content\/uploads\/sites\/14\/2019\/06\/Collage_3000-4000XF1700x1200-768x528.png\" width=\"768\" height=\"528\" srcset=\"https:\/\/www.armaton.com\/wp-content\/uploads\/sites\/14\/2019\/06\/Collage_3000-4000XF1700x1200-768x528.png 768w, https:\/\/www.armaton.com\/wp-content\/uploads\/sites\/14\/2019\/06\/Collage_3000-4000XF1700x1200-300x206.png 300w, https:\/\/www.armaton.com\/wp-content\/uploads\/sites\/14\/2019\/06\/Collage_3000-4000XF1700x1200-1024x703.png 1024w, https:\/\/www.armaton.com\/wp-content\/uploads\/sites\/14\/2019\/06\/Collage_3000-4000XF1700x1200-600x412.png 600w, https:\/\/www.armaton.com\/wp-content\/uploads\/sites\/14\/2019\/06\/Collage_3000-4000XF1700x1200.png 1747w\" sizes=\"auto, (max-width: 768px) 100vw, 768px\" title=\"Collage_3000-4000XF,1700&#215;1200\" alt=\"\" loading=\"lazy\" \t\tclass=\"so-widget-image\"\/>\n\t<\/div>\n\n<\/div><\/div><\/div><div id=\"pgc-4-3-2\"  class=\"panel-grid-cell panel-grid-cell-empty\" ><\/div><\/div><\/div><div id=\"pg-4-4\"  class=\"panel-grid panel-has-style\" ><div class=\"siteorigin-panels-stretch panel-row-style panel-row-style-for-4-4\" data-stretch-type=\"full-stretched\" ><div id=\"pgc-4-4-0\"  class=\"panel-grid-cell\" ><div id=\"panel-4-4-0-0\" class=\"so-panel widget widget_fa-hero-banner-widget panel-first-child panel-last-child\" data-index=\"6\" ><div class=\"panel-widget-style panel-widget-style-for-4-4-0-0\" ><div\n\t\t\t\n\t\t\tclass=\"so-widget-fa-hero-banner-widget so-widget-fa-hero-banner-widget-default-c7338376c3a6-4\"\n\t\t\t\n\t\t><div class=\"forankra-hero-banner\">\n    <img loading=\"lazy\" decoding=\"async\" width=\"2650\" height=\"1385\" src=\"https:\/\/www.armaton.com\/wp-content\/uploads\/sites\/14\/2019\/06\/Start_puff_5_b.jpg\" class=\"forankra-hero-banner-image\" alt=\"\" srcset=\"https:\/\/www.armaton.com\/wp-content\/uploads\/sites\/14\/2019\/06\/Start_puff_5_b.jpg 2650w, https:\/\/www.armaton.com\/wp-content\/uploads\/sites\/14\/2019\/06\/Start_puff_5_b-300x157.jpg 300w, https:\/\/www.armaton.com\/wp-content\/uploads\/sites\/14\/2019\/06\/Start_puff_5_b-768x401.jpg 768w, https:\/\/www.armaton.com\/wp-content\/uploads\/sites\/14\/2019\/06\/Start_puff_5_b-1024x535.jpg 1024w, https:\/\/www.armaton.com\/wp-content\/uploads\/sites\/14\/2019\/06\/Start_puff_5_b-600x314.jpg 600w\" sizes=\"auto, (max-width: 2650px) 100vw, 2650px\" \/>    <section class=\"hero-content\">\n    <div class=\"content\">\n        <p><span style=\"color: #ffffff; font-size: 21px;\">ARMATON STORIES<\/span><\/p>\n<h3><span style=\"color: #ffffff;\"><strong><span lang=\"EN-GB\">P\u00e5byggare.<\/span><\/strong><\/span><\/h3>\n<p><span style=\"color: #ffffff; font-size: 21px;\">F\u00f6r p\u00e5byggarens konstruktionschef \u00e4r det grundl\u00e4ggande att den \u00f6vergripande konstruktionen av flak eller sk\u00e5p ska vara flexibel och robust. Att aluminiumprofiler l\u00e4tt kan integreras i p\u00e5byggarens konstruktion \u00e4r ocks\u00e5 viktigt \u2013 liksom produktionskostnader och produktprestanda.<br \/>\nFr\u00e5ga bara p\u00e5byggaren av flak och sk\u00e5p, Autokaross i Floby.<\/span><\/p>\n        <div class=\"button-container left\"><a href=\"https:\/\/www.armaton.com\/sv\/pabyggare\/\" class=\"forankra-hero-banner-button\">L\u00e4s mer &gt;<\/a><\/div>    <\/div>\n    <\/section>\n<\/div>\n<\/div><\/div><\/div><\/div><\/div><\/div><\/div>","protected":false},"excerpt":{"rendered":"<p>ARMATON SOLUTIONS Determined to Improve Det \u00e4r v\u00e5rt l\u00f6fte. Att kontinuerligt utveckla l\u00f6sningar som s\u00e4kerst\u00e4ller b\u00e4ttre funktionalitet, s\u00e4kerhet och l\u00f6nsamhet f\u00f6r anv\u00e4ndare av l\u00e4tta transportfordon. L\u00e4s mer Armaton Modular Platform Kit \u2013 the perfect fit. Detta \u00e4r en banbrytande l\u00f6sning f\u00f6r byggnation av sk\u00e5p och flak till l\u00e4tta lastbilar upp till 3,5 ton. Systemet skruvas [&hellip;]<\/p>\n","protected":false},"author":1,"featured_media":0,"parent":0,"menu_order":0,"comment_status":"closed","ping_status":"closed","template":"","meta":{"footnotes":""},"class_list":["post-4","page","type-page","status-publish","hentry"],"yoast_head":"<!-- This site is optimized with the Yoast SEO plugin v20.4 - https:\/\/yoast.com\/wordpress\/plugins\/seo\/ -->\n<title>L\u00f6sningar f\u00f6r l\u00e4tta transportfordon - Armaton<\/title>\n<meta name=\"description\" content=\"Armaton tillverkar funktionella och viktoptimerade stolpar, l\u00e4ml\u00e5s och flakbyggnationer till l\u00e4tta transportbilar med m\u00e5ls\u00e4ttningen att s\u00e4kerst\u00e4lla maximal nyttolast i kombination med s\u00e4kra och l\u00f6nsamma transporter.\" \/>\n<meta name=\"robots\" content=\"index, follow, max-snippet:-1, max-image-preview:large, max-video-preview:-1\" \/>\n<link rel=\"canonical\" href=\"https:\/\/www.armaton.com\/sv\/\" \/>\n<meta property=\"og:locale\" content=\"sv_SE\" \/>\n<meta property=\"og:type\" content=\"article\" \/>\n<meta property=\"og:title\" content=\"L\u00f6sningar f\u00f6r l\u00e4tta transportfordon - Armaton\" \/>\n<meta property=\"og:description\" content=\"Armaton tillverkar funktionella och viktoptimerade stolpar, l\u00e4ml\u00e5s och flakbyggnationer till l\u00e4tta transportbilar med m\u00e5ls\u00e4ttningen att s\u00e4kerst\u00e4lla maximal nyttolast i kombination med s\u00e4kra och l\u00f6nsamma transporter.\" \/>\n<meta property=\"og:url\" content=\"https:\/\/www.armaton.com\/sv\/\" \/>\n<meta property=\"og:site_name\" content=\"Armaton\" \/>\n<meta property=\"article:modified_time\" content=\"2023-04-17T08:45:17+00:00\" \/>\n<meta name=\"twitter:card\" content=\"summary_large_image\" \/>\n<meta name=\"twitter:label1\" content=\"Ber\u00e4knad l\u00e4stid\" \/>\n\t<meta name=\"twitter:data1\" content=\"1 minut\" \/>\n<script type=\"application\/ld+json\" class=\"yoast-schema-graph\">{\"@context\":\"https:\/\/schema.org\",\"@graph\":[{\"@type\":\"WebPage\",\"@id\":\"https:\/\/www.armaton.com\/sv\/\",\"url\":\"https:\/\/www.armaton.com\/sv\/\",\"name\":\"L\u00f6sningar f\u00f6r l\u00e4tta transportfordon - Armaton\",\"isPartOf\":{\"@id\":\"https:\/\/www.armaton.com\/#website\"},\"datePublished\":\"2018-05-04T14:53:22+00:00\",\"dateModified\":\"2023-04-17T08:45:17+00:00\",\"description\":\"Armaton tillverkar funktionella och viktoptimerade stolpar, l\u00e4ml\u00e5s och flakbyggnationer till l\u00e4tta transportbilar med m\u00e5ls\u00e4ttningen att s\u00e4kerst\u00e4lla maximal nyttolast i kombination med s\u00e4kra och l\u00f6nsamma transporter.\",\"breadcrumb\":{\"@id\":\"https:\/\/www.armaton.com\/sv\/#breadcrumb\"},\"inLanguage\":\"sv-SE\",\"potentialAction\":[{\"@type\":\"ReadAction\",\"target\":[\"https:\/\/www.armaton.com\/sv\/\"]}]},{\"@type\":\"BreadcrumbList\",\"@id\":\"https:\/\/www.armaton.com\/sv\/#breadcrumb\",\"itemListElement\":[{\"@type\":\"ListItem\",\"position\":1,\"name\":\"Home\",\"item\":\"https:\/\/www.armaton.com\/sv\/\"},{\"@type\":\"ListItem\",\"position\":2,\"name\":\"L\u00f6sningar f\u00f6r l\u00e4tta transportfordon\"}]},{\"@type\":\"WebSite\",\"@id\":\"https:\/\/www.armaton.com\/#website\",\"url\":\"https:\/\/www.armaton.com\/\",\"name\":\"Armaton\",\"description\":\"Armaton Solutions \u2013 Desire To Improve\",\"potentialAction\":[{\"@type\":\"SearchAction\",\"target\":{\"@type\":\"EntryPoint\",\"urlTemplate\":\"https:\/\/www.armaton.com\/?s={search_term_string}\"},\"query-input\":\"required name=search_term_string\"}],\"inLanguage\":\"sv-SE\"}]}<\/script>\n<!-- \/ Yoast SEO plugin. -->","yoast_head_json":{"title":"L\u00f6sningar f\u00f6r l\u00e4tta transportfordon - Armaton","description":"Armaton tillverkar funktionella och viktoptimerade stolpar, l\u00e4ml\u00e5s och flakbyggnationer till l\u00e4tta transportbilar med m\u00e5ls\u00e4ttningen att s\u00e4kerst\u00e4lla maximal nyttolast i kombination med s\u00e4kra och l\u00f6nsamma transporter.","robots":{"index":"index","follow":"follow","max-snippet":"max-snippet:-1","max-image-preview":"max-image-preview:large","max-video-preview":"max-video-preview:-1"},"canonical":"https:\/\/www.armaton.com\/sv\/","og_locale":"sv_SE","og_type":"article","og_title":"L\u00f6sningar f\u00f6r l\u00e4tta transportfordon - Armaton","og_description":"Armaton tillverkar funktionella och viktoptimerade stolpar, l\u00e4ml\u00e5s och flakbyggnationer till l\u00e4tta transportbilar med m\u00e5ls\u00e4ttningen att s\u00e4kerst\u00e4lla maximal nyttolast i kombination med s\u00e4kra och l\u00f6nsamma transporter.","og_url":"https:\/\/www.armaton.com\/sv\/","og_site_name":"Armaton","article_modified_time":"2023-04-17T08:45:17+00:00","twitter_card":"summary_large_image","twitter_misc":{"Ber\u00e4knad l\u00e4stid":"1 minut"},"schema":{"@context":"https:\/\/schema.org","@graph":[{"@type":"WebPage","@id":"https:\/\/www.armaton.com\/sv\/","url":"https:\/\/www.armaton.com\/sv\/","name":"L\u00f6sningar f\u00f6r l\u00e4tta transportfordon - Armaton","isPartOf":{"@id":"https:\/\/www.armaton.com\/#website"},"datePublished":"2018-05-04T14:53:22+00:00","dateModified":"2023-04-17T08:45:17+00:00","description":"Armaton tillverkar funktionella och viktoptimerade stolpar, l\u00e4ml\u00e5s och flakbyggnationer till l\u00e4tta transportbilar med m\u00e5ls\u00e4ttningen att s\u00e4kerst\u00e4lla maximal nyttolast i kombination med s\u00e4kra och l\u00f6nsamma transporter.","breadcrumb":{"@id":"https:\/\/www.armaton.com\/sv\/#breadcrumb"},"inLanguage":"sv-SE","potentialAction":[{"@type":"ReadAction","target":["https:\/\/www.armaton.com\/sv\/"]}]},{"@type":"BreadcrumbList","@id":"https:\/\/www.armaton.com\/sv\/#breadcrumb","itemListElement":[{"@type":"ListItem","position":1,"name":"Home","item":"https:\/\/www.armaton.com\/sv\/"},{"@type":"ListItem","position":2,"name":"L\u00f6sningar f\u00f6r l\u00e4tta transportfordon"}]},{"@type":"WebSite","@id":"https:\/\/www.armaton.com\/#website","url":"https:\/\/www.armaton.com\/","name":"Armaton","description":"Armaton Solutions \u2013 Desire To Improve","potentialAction":[{"@type":"SearchAction","target":{"@type":"EntryPoint","urlTemplate":"https:\/\/www.armaton.com\/?s={search_term_string}"},"query-input":"required name=search_term_string"}],"inLanguage":"sv-SE"}]}},"_links":{"self":[{"href":"https:\/\/www.armaton.com\/sv\/wp-json\/wp\/v2\/pages\/4","targetHints":{"allow":["GET"]}}],"collection":[{"href":"https:\/\/www.armaton.com\/sv\/wp-json\/wp\/v2\/pages"}],"about":[{"href":"https:\/\/www.armaton.com\/sv\/wp-json\/wp\/v2\/types\/page"}],"author":[{"embeddable":true,"href":"https:\/\/www.armaton.com\/sv\/wp-json\/wp\/v2\/users\/1"}],"replies":[{"embeddable":true,"href":"https:\/\/www.armaton.com\/sv\/wp-json\/wp\/v2\/comments?post=4"}],"version-history":[{"count":200,"href":"https:\/\/www.armaton.com\/sv\/wp-json\/wp\/v2\/pages\/4\/revisions"}],"predecessor-version":[{"id":12069,"href":"https:\/\/www.armaton.com\/sv\/wp-json\/wp\/v2\/pages\/4\/revisions\/12069"}],"wp:attachment":[{"href":"https:\/\/www.armaton.com\/sv\/wp-json\/wp\/v2\/media?parent=4"}],"curies":[{"name":"wp","href":"https:\/\/api.w.org\/{rel}","templated":true}]}}