{"id":63,"date":"2018-06-19T06:42:20","date_gmt":"2018-06-19T06:42:20","guid":{"rendered":"https:\/\/www.armaton.com\/?page_id=63"},"modified":"2024-01-16T08:55:28","modified_gmt":"2024-01-16T08:55:28","slug":"fordonsansvarig-uthyrning","status":"publish","type":"page","link":"https:\/\/www.armaton.com\/sv\/fordonsansvarig-uthyrning\/","title":{"rendered":"Fordonsansvarig &#8211; Uthyrning"},"content":{"rendered":"<div id=\"pl-63\"  class=\"panel-layout\" ><div id=\"pg-63-0\"  class=\"panel-grid panel-has-style\" ><div class=\"siteorigin-panels-stretch panel-row-style panel-row-style-for-63-0\" data-stretch-type=\"full-stretched\" ><div id=\"pgc-63-0-0\"  class=\"panel-grid-cell\" ><div id=\"panel-63-0-0-0\" class=\"so-panel widget widget_fa-hero-banner-widget panel-first-child panel-last-child\" data-index=\"0\" ><div class=\"panel-widget-style panel-widget-style-for-63-0-0-0\" ><div\n\t\t\t\n\t\t\tclass=\"so-widget-fa-hero-banner-widget so-widget-fa-hero-banner-widget-default-2d51e5be1a5c-63\"\n\t\t\t\n\t\t><div class=\"forankra-hero-banner\">\n    <img loading=\"lazy\" decoding=\"async\" width=\"2650\" height=\"1385\" src=\"https:\/\/www.armaton.com\/wp-content\/uploads\/sites\/14\/2019\/06\/Knowledge_Case_Vehicle_puff_1b.jpg\" class=\"forankra-hero-banner-image\" alt=\"\" srcset=\"https:\/\/www.armaton.com\/wp-content\/uploads\/sites\/14\/2019\/06\/Knowledge_Case_Vehicle_puff_1b.jpg 2650w, https:\/\/www.armaton.com\/wp-content\/uploads\/sites\/14\/2019\/06\/Knowledge_Case_Vehicle_puff_1b-300x157.jpg 300w, https:\/\/www.armaton.com\/wp-content\/uploads\/sites\/14\/2019\/06\/Knowledge_Case_Vehicle_puff_1b-768x401.jpg 768w, https:\/\/www.armaton.com\/wp-content\/uploads\/sites\/14\/2019\/06\/Knowledge_Case_Vehicle_puff_1b-1024x535.jpg 1024w, https:\/\/www.armaton.com\/wp-content\/uploads\/sites\/14\/2019\/06\/Knowledge_Case_Vehicle_puff_1b-600x314.jpg 600w\" sizes=\"auto, (max-width: 2650px) 100vw, 2650px\" \/>    <section class=\"hero-content\">\n    <div class=\"content\">\n        <p><span style=\"font-size: 21px;\">ARMATON STORIES<\/span><\/p>\n<h1><span lang=\"EN-GB\">Fordonsansvarig \u2013 Uthyrning.<\/span><\/h1>\n<p><span lang=\"EN-GB\" style=\"font-size: 21px;\">Om du ansvarar f\u00f6r att hyra ut flak- och sk\u00e5pbilar till privatpersoner m\u00e5ste dina p\u00e5byggnationer vara funktionella och l\u00e4tta att hantera. N\u00e4r fordonet \u00e5terl\u00e4mnas \u00e4r det viktigt att de \u00e4r l\u00e4tta att underh\u00e5lla och reng\u00f6ra, vilket s\u00e4kerst\u00e4ller en positiv kundupplevelse och ett b\u00e4ttre andrahandsv\u00e4rde. \u00a0<\/span><\/p>\n            <\/div>\n    <\/section>\n<\/div>\n<\/div><\/div><\/div><\/div><\/div><\/div><div id=\"pg-63-1\"  class=\"panel-grid panel-has-style\" ><div class=\"siteorigin-panels-stretch panel-row-style panel-row-style-for-63-1\" data-stretch-type=\"full-stretched\" ><div id=\"pgc-63-1-0\"  class=\"panel-grid-cell panel-grid-cell-empty\" ><\/div><div id=\"pgc-63-1-1\"  class=\"panel-grid-cell\" ><div id=\"panel-63-1-1-0\" class=\"so-panel widget widget_sow-image panel-first-child panel-last-child\" data-index=\"1\" ><div\n\t\t\t\n\t\t\tclass=\"so-widget-sow-image so-widget-sow-image-default-dbf295114b96-63\"\n\t\t\t\n\t\t>\n\n<div class=\"sow-image-container\">\n\t\t<img decoding=\"async\" src=\"https:\/\/www.armaton.com\/wp-content\/uploads\/sites\/14\/2019\/05\/Knowledge_bodybuilders_puff_2-768x605.jpg\" width=\"768\" height=\"605\" srcset=\"https:\/\/www.armaton.com\/wp-content\/uploads\/sites\/14\/2019\/05\/Knowledge_bodybuilders_puff_2-768x605.jpg 768w, https:\/\/www.armaton.com\/wp-content\/uploads\/sites\/14\/2019\/05\/Knowledge_bodybuilders_puff_2-300x236.jpg 300w, https:\/\/www.armaton.com\/wp-content\/uploads\/sites\/14\/2019\/05\/Knowledge_bodybuilders_puff_2-1024x807.jpg 1024w, https:\/\/www.armaton.com\/wp-content\/uploads\/sites\/14\/2019\/05\/Knowledge_bodybuilders_puff_2-600x473.jpg 600w, https:\/\/www.armaton.com\/wp-content\/uploads\/sites\/14\/2019\/05\/Knowledge_bodybuilders_puff_2.jpg 1282w\" sizes=\"auto, (max-width: 768px) 100vw, 768px\" alt=\"\" loading=\"lazy\" \t\tclass=\"so-widget-image\"\/>\n\t<\/div>\n\n<\/div><\/div><\/div><div id=\"pgc-63-1-2\"  class=\"panel-grid-cell\" ><div id=\"panel-63-1-2-0\" class=\"so-panel widget widget_siteorigin-panels-builder panel-first-child panel-last-child\" data-index=\"2\" ><div class=\"panel-widget-style panel-widget-style-for-63-1-2-0\" ><div id=\"pl-w5dc4017e2d9a9\"  class=\"panel-layout\" ><div id=\"pg-w5dc4017e2d9a9-0\"  class=\"panel-grid panel-no-style\" ><div id=\"pgc-w5dc4017e2d9a9-0-0\"  class=\"panel-grid-cell panel-grid-cell-empty\" ><\/div><div id=\"pgc-w5dc4017e2d9a9-0-1\"  class=\"panel-grid-cell panel-grid-cell-mobile-last\" ><div id=\"panel-w5dc4017e2d9a9-0-1-0\" class=\"so-panel widget widget_sow-editor panel-first-child\" data-index=\"0\" ><div\n\t\t\t\n\t\t\tclass=\"so-widget-sow-editor so-widget-sow-editor-base\"\n\t\t\t\n\t\t>\n<div class=\"siteorigin-widget-tinymce textwidget\">\n\t<h3><strong>L\u00e4tt att hantera, h\u00e5llbart och ekonomiskt.<\/strong><\/h3>\n<p><span lang=\"EN-GB\"><span style=\"font-size: 18px;\">Ett viktoptimerat flakstolpsystem, som ger maximal nyttolast f\u00f6r fordon med en lastkapacitet upp till 6 ton. Stolparna \u00e4r l\u00e4tta att hantera, h\u00e5llbara och ergonomiska \u2013 ett naturligt val f\u00f6r dig som vill utnyttja alla f\u00f6rdelar med en flexibel och stabil flakstolpe n\u00e4r du monterar sk\u00e5p eller huvar. <\/span> <\/span><\/p>\n<\/div>\n<\/div><\/div><div id=\"panel-w5dc4017e2d9a9-0-1-1\" class=\"so-panel widget widget_sow-button panel-last-child\" data-index=\"1\" ><div\n\t\t\t\n\t\t\tclass=\"so-widget-sow-button so-widget-sow-button-flat-d23e0acbfdd0\"\n\t\t\t\n\t\t><div class=\"ow-button-base ow-button-align-left\">\n\t<a\n\thref=\"https:\/\/www.armaton.com\/sv\/armaton-4000-xf-flakstolpar\/\"\n\t\tclass=\"ow-icon-placement-left ow-button-hover\" \t>\n\t\t<span>\n\t\t\t\n\t\t\tL\u00e4s mer &gt;\t\t<\/span>\n\t<\/a>\n<\/div>\n<\/div><\/div><\/div><div id=\"pgc-w5dc4017e2d9a9-0-2\"  class=\"panel-grid-cell panel-grid-cell-empty\" ><\/div><\/div><\/div><\/div><\/div><\/div><\/div><\/div><div id=\"pg-63-2\"  class=\"panel-grid panel-has-style\" ><div class=\"siteorigin-panels-stretch panel-row-style panel-row-style-for-63-2\" data-stretch-type=\"full-stretched\" ><div id=\"pgc-63-2-0\"  class=\"panel-grid-cell\" ><div id=\"panel-63-2-0-0\" class=\"so-panel widget widget_siteorigin-panels-builder panel-first-child panel-last-child\" data-index=\"3\" ><div class=\"panel-widget-style panel-widget-style-for-63-2-0-0\" ><div id=\"pl-w5dc13d2fc2919\"  class=\"panel-layout\" ><div id=\"pg-w5dc13d2fc2919-0\"  class=\"panel-grid panel-no-style\" ><div id=\"pgc-w5dc13d2fc2919-0-0\"  class=\"panel-grid-cell panel-grid-cell-empty\" ><\/div><div id=\"pgc-w5dc13d2fc2919-0-1\"  class=\"panel-grid-cell panel-grid-cell-mobile-last\" ><div id=\"panel-w5dc13d2fc2919-0-1-0\" class=\"so-panel widget widget_sow-editor panel-first-child panel-last-child\" data-index=\"0\" ><div class=\"panel-widget-style panel-widget-style-for-w5dc13d2fc2919-0-1-0\" ><div\n\t\t\t\n\t\t\tclass=\"so-widget-sow-editor so-widget-sow-editor-base\"\n\t\t\t\n\t\t>\n<div class=\"siteorigin-widget-tinymce textwidget\">\n\t<h3><strong>Stabil och s\u00e4ker inf\u00e4stning<\/strong><\/h3>\n<p><span style=\"font-size: 18px;\">Sid- och bakstolpar kan, vid behov, enkelt lyftas av inf\u00e4stningen om handtaget \u00e4r i det \u00f6ppna l\u00e4get. N\u00e4r handtaget \u00e4r st\u00e4ngt \u00e4r stolparna l\u00e5sta.<br \/>\n<\/span><\/p>\n<\/div>\n<\/div><\/div><\/div><\/div><div id=\"pgc-w5dc13d2fc2919-0-2\"  class=\"panel-grid-cell panel-grid-cell-empty\" ><\/div><\/div><\/div><\/div><\/div><\/div><div id=\"pgc-63-2-1\"  class=\"panel-grid-cell\" ><div id=\"panel-63-2-1-0\" class=\"so-panel widget widget_sow-image panel-first-child panel-last-child\" data-index=\"4\" ><div\n\t\t\t\n\t\t\tclass=\"so-widget-sow-image so-widget-sow-image-default-dbf295114b96-63\"\n\t\t\t\n\t\t>\n\n<div class=\"sow-image-container\">\n\t\t<img decoding=\"async\" src=\"https:\/\/www.armaton.com\/wp-content\/uploads\/sites\/14\/2019\/06\/Knowledge_Case_Vehicle_puff_6b-768x605.png\" width=\"768\" height=\"605\" srcset=\"https:\/\/www.armaton.com\/wp-content\/uploads\/sites\/14\/2019\/06\/Knowledge_Case_Vehicle_puff_6b-768x605.png 768w, https:\/\/www.armaton.com\/wp-content\/uploads\/sites\/14\/2019\/06\/Knowledge_Case_Vehicle_puff_6b-300x236.png 300w, https:\/\/www.armaton.com\/wp-content\/uploads\/sites\/14\/2019\/06\/Knowledge_Case_Vehicle_puff_6b-1024x807.png 1024w, https:\/\/www.armaton.com\/wp-content\/uploads\/sites\/14\/2019\/06\/Knowledge_Case_Vehicle_puff_6b-600x473.png 600w, https:\/\/www.armaton.com\/wp-content\/uploads\/sites\/14\/2019\/06\/Knowledge_Case_Vehicle_puff_6b.png 1282w\" sizes=\"auto, (max-width: 768px) 100vw, 768px\" alt=\"\" loading=\"lazy\" \t\tclass=\"so-widget-image\"\/>\n\t<\/div>\n\n<\/div><\/div><\/div><\/div><\/div><div id=\"pg-63-3\"  class=\"panel-grid panel-has-style\" ><div class=\"siteorigin-panels-stretch panel-row-style panel-row-style-for-63-3\" data-stretch-type=\"full-stretched\" ><div id=\"pgc-63-3-0\"  class=\"panel-grid-cell\" ><div id=\"panel-63-3-0-0\" class=\"so-panel widget widget_sow-image panel-first-child panel-last-child\" data-index=\"5\" ><div\n\t\t\t\n\t\t\tclass=\"so-widget-sow-image so-widget-sow-image-default-dbf295114b96-63\"\n\t\t\t\n\t\t>\n\n<div class=\"sow-image-container\">\n\t\t<img decoding=\"async\" src=\"https:\/\/www.armaton.com\/wp-content\/uploads\/sites\/14\/2019\/05\/Handtag_ENG746x490.jpg\" width=\"746\" height=\"490\" srcset=\"https:\/\/www.armaton.com\/wp-content\/uploads\/sites\/14\/2019\/05\/Handtag_ENG746x490.jpg 746w, https:\/\/www.armaton.com\/wp-content\/uploads\/sites\/14\/2019\/05\/Handtag_ENG746x490-300x197.jpg 300w, https:\/\/www.armaton.com\/wp-content\/uploads\/sites\/14\/2019\/05\/Handtag_ENG746x490-600x394.jpg 600w\" sizes=\"auto, (max-width: 746px) 100vw, 746px\" title=\"Handtag_ENG,746&#215;490\" alt=\"\" loading=\"lazy\" \t\tclass=\"so-widget-image\"\/>\n\t<\/div>\n\n<\/div><\/div><\/div><div id=\"pgc-63-3-1\"  class=\"panel-grid-cell\" ><div id=\"panel-63-3-1-0\" class=\"so-panel widget widget_siteorigin-panels-builder panel-first-child panel-last-child\" data-index=\"6\" ><div class=\"panel-widget-style panel-widget-style-for-63-3-1-0\" ><div id=\"pl-w5dc13d2fc2bc7\"  class=\"panel-layout\" ><div id=\"pg-w5dc13d2fc2bc7-0\"  class=\"panel-grid panel-no-style\" ><div id=\"pgc-w5dc13d2fc2bc7-0-0\"  class=\"panel-grid-cell panel-grid-cell-empty\" ><\/div><div id=\"pgc-w5dc13d2fc2bc7-0-1\"  class=\"panel-grid-cell panel-grid-cell-mobile-last\" ><div id=\"panel-w5dc13d2fc2bc7-0-1-0\" class=\"so-panel widget widget_sow-editor panel-first-child panel-last-child\" data-index=\"0\" ><div\n\t\t\t\n\t\t\tclass=\"so-widget-sow-editor so-widget-sow-editor-base\"\n\t\t\t\n\t\t>\n<div class=\"siteorigin-widget-tinymce textwidget\">\n\t<h3><strong><span lang=\"EN-US\">Enkla att reng\u00f6ra och underh\u00e5lla<\/span><\/strong><\/h3>\n<p><span lang=\"EN-US\"><span style=\"font-size: 18px;\">En fordonsansvarig m\u00e5ste i sin fordonspark ha flak- och sk\u00e5pbilar, som \u00e4r b\u00e5de enkla att reng\u00f6ra och underh\u00e5lla n\u00e4r de \u00e5terl\u00e4mnats. <\/span> <\/span><\/p>\n<\/div>\n<\/div><\/div><\/div><div id=\"pgc-w5dc13d2fc2bc7-0-2\"  class=\"panel-grid-cell panel-grid-cell-empty\" ><\/div><\/div><\/div><\/div><\/div><\/div><\/div><\/div><div id=\"pg-63-4\"  class=\"panel-grid panel-has-style\" ><div class=\"siteorigin-panels-stretch panel-row-style panel-row-style-for-63-4\" data-stretch-type=\"full-stretched\" ><div id=\"pgc-63-4-0\"  class=\"panel-grid-cell\" ><div id=\"panel-63-4-0-0\" class=\"so-panel widget widget_fa-hero-banner-widget panel-first-child panel-last-child\" data-index=\"7\" ><div class=\"panel-widget-style panel-widget-style-for-63-4-0-0\" ><div\n\t\t\t\n\t\t\tclass=\"so-widget-fa-hero-banner-widget so-widget-fa-hero-banner-widget-default-cd1e29ff90d7-63\"\n\t\t\t\n\t\t><div class=\"forankra-hero-banner\">\n    <img loading=\"lazy\" decoding=\"async\" width=\"2592\" height=\"1010\" src=\"https:\/\/www.armaton.com\/wp-content\/uploads\/sites\/14\/2019\/05\/Start_puff_4.jpg\" class=\"forankra-hero-banner-image\" alt=\"\" srcset=\"https:\/\/www.armaton.com\/wp-content\/uploads\/sites\/14\/2019\/05\/Start_puff_4.jpg 2592w, https:\/\/www.armaton.com\/wp-content\/uploads\/sites\/14\/2019\/05\/Start_puff_4-300x117.jpg 300w, https:\/\/www.armaton.com\/wp-content\/uploads\/sites\/14\/2019\/05\/Start_puff_4-768x299.jpg 768w, https:\/\/www.armaton.com\/wp-content\/uploads\/sites\/14\/2019\/05\/Start_puff_4-1024x399.jpg 1024w, https:\/\/www.armaton.com\/wp-content\/uploads\/sites\/14\/2019\/05\/Start_puff_4-600x234.jpg 600w\" sizes=\"auto, (max-width: 2592px) 100vw, 2592px\" \/>    <section class=\"hero-content\">\n    <div class=\"content\">\n        <h3><strong>Armaton Modular Platform Kit<\/strong><br \/>\n<strong>\u2013 the perfect fit.<\/strong><\/h3>\n<p><span style=\"font-size: 18px;\">Detta \u00e4r en banbrytande l\u00f6sning f\u00f6r byggnation av sk\u00e5p och flak till l\u00e4tta lastbilar upp till 3,5 ton. Systemet skruvas ihop utan specialverktyg och p\u00e5 en br\u00e5kdel av den tid det normalt brukar ta. Du sparar b\u00e5de tid och pengar.<\/span><\/p>\n<p>&nbsp;<\/p>\n        <div class=\"button-container left\"><a href=\"https:\/\/www.armaton.com\/sv\/modular-platform-kit\/\" class=\"forankra-hero-banner-button\">L\u00e4s mer &gt;<\/a><\/div>    <\/div>\n    <\/section>\n<\/div>\n<\/div><\/div><\/div><\/div><\/div><\/div><div id=\"pg-63-5\"  class=\"panel-grid panel-has-style\" ><div class=\"siteorigin-panels-stretch panel-row-style panel-row-style-for-63-5\" data-stretch-type=\"full-stretched\" ><div id=\"pgc-63-5-0\"  class=\"panel-grid-cell\" ><div id=\"panel-63-5-0-0\" class=\"so-panel widget widget_siteorigin-panels-builder panel-first-child panel-last-child\" data-index=\"8\" ><div class=\"panel-widget-style panel-widget-style-for-63-5-0-0\" ><div id=\"pl-w5dc400b6eaa86\"  class=\"panel-layout\" ><div id=\"pg-w5dc400b6eaa86-0\"  class=\"panel-grid panel-no-style\" ><div id=\"pgc-w5dc400b6eaa86-0-0\"  class=\"panel-grid-cell panel-grid-cell-empty\" ><\/div><div id=\"pgc-w5dc400b6eaa86-0-1\"  class=\"panel-grid-cell panel-grid-cell-mobile-last\" ><div id=\"panel-w5dc400b6eaa86-0-1-0\" class=\"so-panel widget widget_sow-editor panel-first-child panel-last-child\" data-index=\"0\" ><div class=\"panel-widget-style panel-widget-style-for-w5dc400b6eaa86-0-1-0\" ><div\n\t\t\t\n\t\t\tclass=\"so-widget-sow-editor so-widget-sow-editor-base\"\n\t\t\t\n\t\t>\n<div class=\"siteorigin-widget-tinymce textwidget\">\n\t<h3><strong><span style=\"font-size: 28px;\">Garanti\u00e5tagande<\/span><\/strong><\/h3>\n<p><span style=\"font-size: 18px;\">Armaton garanterar h\u00f6g kvalitet och prestanda i alla sina produkter och reservdelar. <\/span><\/p>\n<\/div>\n<\/div><\/div><\/div><\/div><div id=\"pgc-w5dc400b6eaa86-0-2\"  class=\"panel-grid-cell panel-grid-cell-empty\" ><\/div><\/div><\/div><\/div><\/div><\/div><div id=\"pgc-63-5-1\"  class=\"panel-grid-cell\" ><div id=\"panel-63-5-1-0\" class=\"so-panel widget widget_sow-image panel-first-child panel-last-child\" data-index=\"9\" ><div\n\t\t\t\n\t\t\tclass=\"so-widget-sow-image so-widget-sow-image-default-dbf295114b96-63\"\n\t\t\t\n\t\t>\n\n<div class=\"sow-image-container\">\n\t\t<img decoding=\"async\" src=\"https:\/\/www.armaton.com\/wp-content\/uploads\/sites\/14\/2019\/07\/Modular_Kit_drawing_2_1100x610_trsp-768x426.png\" width=\"768\" height=\"426\" srcset=\"https:\/\/www.armaton.com\/wp-content\/uploads\/sites\/14\/2019\/07\/Modular_Kit_drawing_2_1100x610_trsp-768x426.png 768w, https:\/\/www.armaton.com\/wp-content\/uploads\/sites\/14\/2019\/07\/Modular_Kit_drawing_2_1100x610_trsp-300x166.png 300w, https:\/\/www.armaton.com\/wp-content\/uploads\/sites\/14\/2019\/07\/Modular_Kit_drawing_2_1100x610_trsp-1024x568.png 1024w, https:\/\/www.armaton.com\/wp-content\/uploads\/sites\/14\/2019\/07\/Modular_Kit_drawing_2_1100x610_trsp-600x333.png 600w, https:\/\/www.armaton.com\/wp-content\/uploads\/sites\/14\/2019\/07\/Modular_Kit_drawing_2_1100x610_trsp.png 1100w\" sizes=\"auto, (max-width: 768px) 100vw, 768px\" alt=\"\" loading=\"lazy\" \t\tclass=\"so-widget-image\"\/>\n\t<\/div>\n\n<\/div><\/div><\/div><\/div><\/div><div id=\"pg-63-6\"  class=\"panel-grid panel-has-style\" ><div class=\"siteorigin-panels-stretch panel-row-style panel-row-style-for-63-6\" data-stretch-type=\"full-stretched\" ><div id=\"pgc-63-6-0\"  class=\"panel-grid-cell\" ><div id=\"panel-63-6-0-0\" class=\"so-panel widget widget_sow-image panel-first-child panel-last-child\" data-index=\"10\" ><div\n\t\t\t\n\t\t\tclass=\"so-widget-sow-image so-widget-sow-image-default-a258e6bfa2d8-63\"\n\t\t\t\n\t\t>\n\n<div class=\"sow-image-container\">\n\t\t<img decoding=\"async\" src=\"https:\/\/www.armaton.com\/wp-content\/uploads\/sites\/14\/2020\/06\/Stepless_3_1282x1010-768x605.jpg\" width=\"768\" height=\"605\" srcset=\"https:\/\/www.armaton.com\/wp-content\/uploads\/sites\/14\/2020\/06\/Stepless_3_1282x1010-768x605.jpg 768w, https:\/\/www.armaton.com\/wp-content\/uploads\/sites\/14\/2020\/06\/Stepless_3_1282x1010-300x236.jpg 300w, https:\/\/www.armaton.com\/wp-content\/uploads\/sites\/14\/2020\/06\/Stepless_3_1282x1010-1024x807.jpg 1024w, https:\/\/www.armaton.com\/wp-content\/uploads\/sites\/14\/2020\/06\/Stepless_3_1282x1010-600x473.jpg 600w, https:\/\/www.armaton.com\/wp-content\/uploads\/sites\/14\/2020\/06\/Stepless_3_1282x1010.jpg 1262w\" sizes=\"auto, (max-width: 768px) 100vw, 768px\" alt=\"\" loading=\"lazy\" \t\tclass=\"so-widget-image\"\/>\n\t<\/div>\n\n<\/div><\/div><\/div><div id=\"pgc-63-6-1\"  class=\"panel-grid-cell\" ><div id=\"panel-63-6-1-0\" class=\"so-panel widget widget_siteorigin-panels-builder panel-first-child panel-last-child\" data-index=\"11\" ><div class=\"panel-widget-style panel-widget-style-for-63-6-1-0\" ><div id=\"pl-w5dc13d2fc2f25\"  class=\"panel-layout\" ><div id=\"pg-w5dc13d2fc2f25-0\"  class=\"panel-grid panel-no-style\" ><div id=\"pgc-w5dc13d2fc2f25-0-0\"  class=\"panel-grid-cell panel-grid-cell-empty\" ><\/div><div id=\"pgc-w5dc13d2fc2f25-0-1\"  class=\"panel-grid-cell panel-grid-cell-mobile-last\" ><div id=\"panel-w5dc13d2fc2f25-0-1-0\" class=\"so-panel widget widget_sow-editor panel-first-child panel-last-child\" data-index=\"0\" ><div class=\"panel-widget-style panel-widget-style-for-w5dc13d2fc2f25-0-1-0\" ><div\n\t\t\t\n\t\t\tclass=\"so-widget-sow-editor so-widget-sow-editor-base\"\n\t\t\t\n\t\t>\n<div class=\"siteorigin-widget-tinymce textwidget\">\n\t<h3><strong><span lang=\"EN-GB\">360 graders stegl\u00f6s lasts\u00e4kring<\/span><\/strong><\/h3>\n<p><span style=\"font-size: 18px;\">Stegl\u00f6s lasts\u00e4kring \u00e4r integrerad i kantlinan och inkr\u00e4ktar inte p\u00e5 lastutrymmet.<\/span><\/p>\n<\/div>\n<\/div><\/div><\/div><\/div><div id=\"pgc-w5dc13d2fc2f25-0-2\"  class=\"panel-grid-cell panel-grid-cell-empty\" ><\/div><\/div><\/div><\/div><\/div><\/div><\/div><\/div><\/div>","protected":false},"excerpt":{"rendered":"<p>ARMATON STORIES Fordonsansvarig \u2013 Uthyrning. Om du ansvarar f\u00f6r att hyra ut flak- och sk\u00e5pbilar till privatpersoner m\u00e5ste dina p\u00e5byggnationer vara funktionella och l\u00e4tta att hantera. N\u00e4r fordonet \u00e5terl\u00e4mnas \u00e4r det viktigt att de \u00e4r l\u00e4tta att underh\u00e5lla och reng\u00f6ra, vilket s\u00e4kerst\u00e4ller en positiv kundupplevelse och ett b\u00e4ttre andrahandsv\u00e4rde. \u00a0 L\u00e4tt att hantera, h\u00e5llbart och [&hellip;]<\/p>\n","protected":false},"author":2,"featured_media":0,"parent":0,"menu_order":0,"comment_status":"closed","ping_status":"closed","template":"","meta":{"footnotes":""},"class_list":["post-63","page","type-page","status-publish","hentry"],"yoast_head":"<!-- This site is optimized with the Yoast SEO plugin v20.4 - https:\/\/yoast.com\/wordpress\/plugins\/seo\/ -->\n<title>Fordonsansvarig - Uthyrning - Armaton<\/title>\n<meta name=\"description\" content=\"Om du ansvarar f\u00f6r att hyra ut flak- och sk\u00e5pbilar till privatpersoner m\u00e5ste dina p\u00e5byggnationer vara funktionella och l\u00e4tta att hantera. N\u00e4r fordonet \u00e5terl\u00e4mnas \u00e4r det viktigt att de \u00e4r l\u00e4tta att underh\u00e5lla och reng\u00f6ra, vilket s\u00e4kerst\u00e4ller en positiv kundupplevelse och ett b\u00e4ttre andrahandsv\u00e4rde.\" \/>\n<meta name=\"robots\" content=\"index, follow, max-snippet:-1, max-image-preview:large, max-video-preview:-1\" \/>\n<link rel=\"canonical\" href=\"https:\/\/www.armaton.com\/sv\/fordonsansvarig-uthyrning\/\" \/>\n<meta property=\"og:locale\" content=\"sv_SE\" \/>\n<meta property=\"og:type\" content=\"article\" \/>\n<meta property=\"og:title\" content=\"Fordonsansvarig - Uthyrning - Armaton\" \/>\n<meta property=\"og:description\" content=\"Om du ansvarar f\u00f6r att hyra ut flak- och sk\u00e5pbilar till privatpersoner m\u00e5ste dina p\u00e5byggnationer vara funktionella och l\u00e4tta att hantera. N\u00e4r fordonet \u00e5terl\u00e4mnas \u00e4r det viktigt att de \u00e4r l\u00e4tta att underh\u00e5lla och reng\u00f6ra, vilket s\u00e4kerst\u00e4ller en positiv kundupplevelse och ett b\u00e4ttre andrahandsv\u00e4rde.\" \/>\n<meta property=\"og:url\" content=\"https:\/\/www.armaton.com\/sv\/fordonsansvarig-uthyrning\/\" \/>\n<meta property=\"og:site_name\" content=\"Armaton\" \/>\n<meta property=\"article:modified_time\" content=\"2024-01-16T08:55:28+00:00\" \/>\n<meta name=\"twitter:card\" content=\"summary_large_image\" \/>\n<meta name=\"twitter:label1\" content=\"Ber\u00e4knad l\u00e4stid\" \/>\n\t<meta name=\"twitter:data1\" content=\"1 minut\" \/>\n<script type=\"application\/ld+json\" class=\"yoast-schema-graph\">{\"@context\":\"https:\/\/schema.org\",\"@graph\":[{\"@type\":\"WebPage\",\"@id\":\"https:\/\/www.armaton.com\/sv\/fordonsansvarig-uthyrning\/\",\"url\":\"https:\/\/www.armaton.com\/sv\/fordonsansvarig-uthyrning\/\",\"name\":\"Fordonsansvarig - Uthyrning - Armaton\",\"isPartOf\":{\"@id\":\"https:\/\/www.armaton.com\/#website\"},\"datePublished\":\"2018-06-19T06:42:20+00:00\",\"dateModified\":\"2024-01-16T08:55:28+00:00\",\"description\":\"Om du ansvarar f\u00f6r att hyra ut flak- och sk\u00e5pbilar till privatpersoner m\u00e5ste dina p\u00e5byggnationer vara funktionella och l\u00e4tta att hantera. N\u00e4r fordonet \u00e5terl\u00e4mnas \u00e4r det viktigt att de \u00e4r l\u00e4tta att underh\u00e5lla och reng\u00f6ra, vilket s\u00e4kerst\u00e4ller en positiv kundupplevelse och ett b\u00e4ttre andrahandsv\u00e4rde.\",\"breadcrumb\":{\"@id\":\"https:\/\/www.armaton.com\/sv\/fordonsansvarig-uthyrning\/#breadcrumb\"},\"inLanguage\":\"sv-SE\",\"potentialAction\":[{\"@type\":\"ReadAction\",\"target\":[\"https:\/\/www.armaton.com\/sv\/fordonsansvarig-uthyrning\/\"]}]},{\"@type\":\"BreadcrumbList\",\"@id\":\"https:\/\/www.armaton.com\/sv\/fordonsansvarig-uthyrning\/#breadcrumb\",\"itemListElement\":[{\"@type\":\"ListItem\",\"position\":1,\"name\":\"Home\",\"item\":\"https:\/\/www.armaton.com\/sv\/\"},{\"@type\":\"ListItem\",\"position\":2,\"name\":\"Fordonsansvarig &#8211; Uthyrning\"}]},{\"@type\":\"WebSite\",\"@id\":\"https:\/\/www.armaton.com\/#website\",\"url\":\"https:\/\/www.armaton.com\/\",\"name\":\"Armaton\",\"description\":\"Armaton Solutions \u2013 Desire To Improve\",\"potentialAction\":[{\"@type\":\"SearchAction\",\"target\":{\"@type\":\"EntryPoint\",\"urlTemplate\":\"https:\/\/www.armaton.com\/?s={search_term_string}\"},\"query-input\":\"required name=search_term_string\"}],\"inLanguage\":\"sv-SE\"}]}<\/script>\n<!-- \/ Yoast SEO plugin. -->","yoast_head_json":{"title":"Fordonsansvarig - Uthyrning - Armaton","description":"Om du ansvarar f\u00f6r att hyra ut flak- och sk\u00e5pbilar till privatpersoner m\u00e5ste dina p\u00e5byggnationer vara funktionella och l\u00e4tta att hantera. N\u00e4r fordonet \u00e5terl\u00e4mnas \u00e4r det viktigt att de \u00e4r l\u00e4tta att underh\u00e5lla och reng\u00f6ra, vilket s\u00e4kerst\u00e4ller en positiv kundupplevelse och ett b\u00e4ttre andrahandsv\u00e4rde.","robots":{"index":"index","follow":"follow","max-snippet":"max-snippet:-1","max-image-preview":"max-image-preview:large","max-video-preview":"max-video-preview:-1"},"canonical":"https:\/\/www.armaton.com\/sv\/fordonsansvarig-uthyrning\/","og_locale":"sv_SE","og_type":"article","og_title":"Fordonsansvarig - Uthyrning - Armaton","og_description":"Om du ansvarar f\u00f6r att hyra ut flak- och sk\u00e5pbilar till privatpersoner m\u00e5ste dina p\u00e5byggnationer vara funktionella och l\u00e4tta att hantera. N\u00e4r fordonet \u00e5terl\u00e4mnas \u00e4r det viktigt att de \u00e4r l\u00e4tta att underh\u00e5lla och reng\u00f6ra, vilket s\u00e4kerst\u00e4ller en positiv kundupplevelse och ett b\u00e4ttre andrahandsv\u00e4rde.","og_url":"https:\/\/www.armaton.com\/sv\/fordonsansvarig-uthyrning\/","og_site_name":"Armaton","article_modified_time":"2024-01-16T08:55:28+00:00","twitter_card":"summary_large_image","twitter_misc":{"Ber\u00e4knad l\u00e4stid":"1 minut"},"schema":{"@context":"https:\/\/schema.org","@graph":[{"@type":"WebPage","@id":"https:\/\/www.armaton.com\/sv\/fordonsansvarig-uthyrning\/","url":"https:\/\/www.armaton.com\/sv\/fordonsansvarig-uthyrning\/","name":"Fordonsansvarig - Uthyrning - Armaton","isPartOf":{"@id":"https:\/\/www.armaton.com\/#website"},"datePublished":"2018-06-19T06:42:20+00:00","dateModified":"2024-01-16T08:55:28+00:00","description":"Om du ansvarar f\u00f6r att hyra ut flak- och sk\u00e5pbilar till privatpersoner m\u00e5ste dina p\u00e5byggnationer vara funktionella och l\u00e4tta att hantera. N\u00e4r fordonet \u00e5terl\u00e4mnas \u00e4r det viktigt att de \u00e4r l\u00e4tta att underh\u00e5lla och reng\u00f6ra, vilket s\u00e4kerst\u00e4ller en positiv kundupplevelse och ett b\u00e4ttre andrahandsv\u00e4rde.","breadcrumb":{"@id":"https:\/\/www.armaton.com\/sv\/fordonsansvarig-uthyrning\/#breadcrumb"},"inLanguage":"sv-SE","potentialAction":[{"@type":"ReadAction","target":["https:\/\/www.armaton.com\/sv\/fordonsansvarig-uthyrning\/"]}]},{"@type":"BreadcrumbList","@id":"https:\/\/www.armaton.com\/sv\/fordonsansvarig-uthyrning\/#breadcrumb","itemListElement":[{"@type":"ListItem","position":1,"name":"Home","item":"https:\/\/www.armaton.com\/sv\/"},{"@type":"ListItem","position":2,"name":"Fordonsansvarig &#8211; Uthyrning"}]},{"@type":"WebSite","@id":"https:\/\/www.armaton.com\/#website","url":"https:\/\/www.armaton.com\/","name":"Armaton","description":"Armaton Solutions \u2013 Desire To Improve","potentialAction":[{"@type":"SearchAction","target":{"@type":"EntryPoint","urlTemplate":"https:\/\/www.armaton.com\/?s={search_term_string}"},"query-input":"required name=search_term_string"}],"inLanguage":"sv-SE"}]}},"_links":{"self":[{"href":"https:\/\/www.armaton.com\/sv\/wp-json\/wp\/v2\/pages\/63","targetHints":{"allow":["GET"]}}],"collection":[{"href":"https:\/\/www.armaton.com\/sv\/wp-json\/wp\/v2\/pages"}],"about":[{"href":"https:\/\/www.armaton.com\/sv\/wp-json\/wp\/v2\/types\/page"}],"author":[{"embeddable":true,"href":"https:\/\/www.armaton.com\/sv\/wp-json\/wp\/v2\/users\/2"}],"replies":[{"embeddable":true,"href":"https:\/\/www.armaton.com\/sv\/wp-json\/wp\/v2\/comments?post=63"}],"version-history":[{"count":40,"href":"https:\/\/www.armaton.com\/sv\/wp-json\/wp\/v2\/pages\/63\/revisions"}],"predecessor-version":[{"id":13273,"href":"https:\/\/www.armaton.com\/sv\/wp-json\/wp\/v2\/pages\/63\/revisions\/13273"}],"wp:attachment":[{"href":"https:\/\/www.armaton.com\/sv\/wp-json\/wp\/v2\/media?parent=63"}],"curies":[{"name":"wp","href":"https:\/\/api.w.org\/{rel}","templated":true}]}}