{"id":7152,"date":"2020-07-02T10:44:57","date_gmt":"2020-07-02T10:44:57","guid":{"rendered":"https:\/\/www.armaton.com\/?page_id=7152"},"modified":"2024-01-16T09:00:13","modified_gmt":"2024-01-16T09:00:13","slug":"steglos-lastsakring","status":"publish","type":"page","link":"https:\/\/www.armaton.com\/sv\/steglos-lastsakring\/","title":{"rendered":"Stegl\u00f6s lasts\u00e4kring"},"content":{"rendered":"<div id=\"pl-7152\"  class=\"panel-layout\" ><div id=\"pg-7152-0\"  class=\"panel-grid panel-has-style\" ><div class=\"siteorigin-panels-stretch panel-row-style panel-row-style-for-7152-0\" data-stretch-type=\"full-stretched\" ><div id=\"pgc-7152-0-0\"  class=\"panel-grid-cell\" ><div id=\"panel-7152-0-0-0\" class=\"so-panel widget widget_sow-image panel-first-child panel-last-child\" data-index=\"0\" ><div\n\t\t\t\n\t\t\tclass=\"so-widget-sow-image so-widget-sow-image-default-dbf295114b96-7152\"\n\t\t\t\n\t\t>\n\n<div class=\"sow-image-container\">\n\t\t<img decoding=\"async\" src=\"https:\/\/www.armaton.com\/wp-content\/uploads\/sites\/14\/2019\/05\/Knowledge_Case_Homogo_puff_7-768x605.jpg\" width=\"768\" height=\"605\" srcset=\"https:\/\/www.armaton.com\/wp-content\/uploads\/sites\/14\/2019\/05\/Knowledge_Case_Homogo_puff_7-768x605.jpg 768w, https:\/\/www.armaton.com\/wp-content\/uploads\/sites\/14\/2019\/05\/Knowledge_Case_Homogo_puff_7-300x236.jpg 300w, https:\/\/www.armaton.com\/wp-content\/uploads\/sites\/14\/2019\/05\/Knowledge_Case_Homogo_puff_7-1024x807.jpg 1024w, https:\/\/www.armaton.com\/wp-content\/uploads\/sites\/14\/2019\/05\/Knowledge_Case_Homogo_puff_7-600x473.jpg 600w, https:\/\/www.armaton.com\/wp-content\/uploads\/sites\/14\/2019\/05\/Knowledge_Case_Homogo_puff_7.jpg 1282w\" sizes=\"auto, (max-width: 768px) 100vw, 768px\" alt=\"\" loading=\"lazy\" \t\tclass=\"so-widget-image\"\/>\n\t<\/div>\n\n<\/div><\/div><\/div><div id=\"pgc-7152-0-1\"  class=\"panel-grid-cell\" ><div id=\"panel-7152-0-1-0\" class=\"so-panel widget widget_siteorigin-panels-builder panel-first-child panel-last-child\" data-index=\"1\" ><div class=\"panel-widget-style panel-widget-style-for-7152-0-1-0\" ><div id=\"pl-w643ff34eab116\"  class=\"panel-layout\" ><div id=\"pg-w643ff34eab116-0\"  class=\"panel-grid panel-no-style\" ><div id=\"pgc-w643ff34eab116-0-0\"  class=\"panel-grid-cell panel-grid-cell-empty\" ><\/div><div id=\"pgc-w643ff34eab116-0-1\"  class=\"panel-grid-cell panel-grid-cell-mobile-last\" ><div id=\"panel-w643ff34eab116-0-1-0\" class=\"so-panel widget widget_sow-editor panel-first-child panel-last-child\" data-index=\"0\" ><div\n\t\t\t\n\t\t\tclass=\"so-widget-sow-editor so-widget-sow-editor-base\"\n\t\t\t\n\t\t>\n<div class=\"siteorigin-widget-tinymce textwidget\">\n\t<p>&nbsp;<\/p>\n<h2>Stegl\u00f6s<span lang=\"EN-GB\"> lasts\u00e4kring<\/span><\/h2>\n<p><span style=\"font-size: 18px;\">Armaton-surrningen ing\u00e5r i Armatons 360-graders stegl\u00f6sa lastningss\u00e4kringssystem f\u00f6r Modular Platform. Den unika Armaton-surrningen \u00e4r integrerad i kantlinan och p\u00e5verkar d\u00e4rf\u00f6r inte lastutrymmet. Surrningen kan placeras var som helst l\u00e4ngs kantlinan, vilket skapar maximalt lastutrymme p\u00e5 flaket.\u00a0<\/span><\/p>\n<p>&nbsp;<\/p>\n<h3>Armaton surrning 35, 2-part<\/h3>\n<table style=\"width: 96.47%; border-collapse: collapse;\" border=\"1\">\n<tbody>\n<tr>\n<td style=\"width: 23.41%;\"><span style=\"font-size: 18px;\">\u00a0Artikelnummer<\/span><\/td>\n<td style=\"width: 73.04%;\"><span style=\"font-size: 18px;\">\u00a0 130510011<\/span><\/td>\n<\/tr>\n<tr>\n<td style=\"width: 23.41%;\"><span style=\"font-size: 18px;\">\u00a0Bredd<\/span><\/td>\n<td style=\"width: 73.04%;\"><span style=\"font-size: 18px;\">\u00a0 35 mm<\/span><\/td>\n<\/tr>\n<tr>\n<td style=\"width: 23.41%;\"><span style=\"font-size: 18px;\">\u00a0LC<\/span><\/td>\n<td style=\"width: 73.04%;\"><span style=\"font-size: 18px;\">\u00a0 1000 daN<\/span><\/td>\n<\/tr>\n<tr>\n<td style=\"width: 23.41%;\"><span style=\"font-size: 18px;\">\u00a0Kortdel<\/span><\/td>\n<td style=\"width: 73.04%;\"><span style=\"font-size: 18px;\">\u00a0 0,55m med Armaton flat krok<\/span><\/td>\n<\/tr>\n<tr>\n<td style=\"width: 23.41%;\"><span style=\"font-size: 18px;\">\u00a0L\u00e5ngdel<\/span><\/td>\n<td style=\"width: 73.04%;\"><span style=\"font-size: 18px;\">\u00a0 5,45m med Armaton flat krok<\/span><\/td>\n<\/tr>\n<\/tbody>\n<\/table>\n<p>&nbsp;<\/p>\n<p>&nbsp;<\/p>\n<p>&nbsp;<\/p>\n<\/div>\n<\/div><\/div><\/div><div id=\"pgc-w643ff34eab116-0-2\"  class=\"panel-grid-cell panel-grid-cell-empty\" ><\/div><\/div><\/div><\/div><\/div><\/div><\/div><\/div><div id=\"pg-7152-1\"  class=\"panel-grid panel-has-style\" ><div class=\"siteorigin-panels-stretch panel-row-style panel-row-style-for-7152-1\" data-stretch-type=\"full-stretched\" ><div id=\"pgc-7152-1-0\"  class=\"panel-grid-cell\" ><div id=\"panel-7152-1-0-0\" class=\"so-panel widget widget_siteorigin-panels-builder panel-first-child panel-last-child\" data-index=\"2\" ><div class=\"panel-widget-style panel-widget-style-for-7152-1-0-0\" ><div id=\"pl-w0c3mt5juz10to\"  class=\"panel-layout\" ><div id=\"pg-w0c3mt5juz10to-0\"  class=\"panel-grid panel-no-style\" ><div id=\"pgc-w0c3mt5juz10to-0-0\"  class=\"panel-grid-cell\" ><div id=\"panel-w0c3mt5juz10to-0-0-0\" class=\"so-panel widget widget_sow-image panel-first-child panel-last-child\" data-index=\"0\" ><div\n\t\t\t\n\t\t\tclass=\"so-widget-sow-image so-widget-sow-image-default-8b5b6f678277\"\n\t\t\t\n\t\t>\n\n<div class=\"sow-image-container\">\n\t\t<img decoding=\"async\" src=\"https:\/\/www.armaton.com\/wp-content\/uploads\/sites\/14\/2020\/06\/Stepless_3_1282x1010.jpg\" width=\"1262\" height=\"994\" srcset=\"https:\/\/www.armaton.com\/wp-content\/uploads\/sites\/14\/2020\/06\/Stepless_3_1282x1010.jpg 1262w, https:\/\/www.armaton.com\/wp-content\/uploads\/sites\/14\/2020\/06\/Stepless_3_1282x1010-300x236.jpg 300w, https:\/\/www.armaton.com\/wp-content\/uploads\/sites\/14\/2020\/06\/Stepless_3_1282x1010-768x605.jpg 768w, https:\/\/www.armaton.com\/wp-content\/uploads\/sites\/14\/2020\/06\/Stepless_3_1282x1010-1024x807.jpg 1024w, https:\/\/www.armaton.com\/wp-content\/uploads\/sites\/14\/2020\/06\/Stepless_3_1282x1010-600x473.jpg 600w\" sizes=\"auto, (max-width: 1262px) 100vw, 1262px\" alt=\"\" loading=\"lazy\" \t\tclass=\"so-widget-image\"\/>\n\t<\/div>\n\n<\/div><\/div><\/div><\/div><\/div><\/div><\/div><\/div><div id=\"pgc-7152-1-1\"  class=\"panel-grid-cell\" ><div id=\"panel-7152-1-1-0\" class=\"so-panel widget widget_siteorigin-panels-builder panel-first-child panel-last-child\" data-index=\"3\" ><div class=\"panel-widget-style panel-widget-style-for-7152-1-1-0\" ><div id=\"pl-w643ff1261f852\"  class=\"panel-layout\" ><div id=\"pg-w643ff1261f852-0\"  class=\"panel-grid panel-no-style\" ><div id=\"pgc-w643ff1261f852-0-0\"  class=\"panel-grid-cell panel-grid-cell-empty\" ><\/div><div id=\"pgc-w643ff1261f852-0-1\"  class=\"panel-grid-cell panel-grid-cell-mobile-last\" ><div id=\"panel-w643ff1261f852-0-1-0\" class=\"so-panel widget widget_sow-editor panel-first-child panel-last-child\" data-index=\"0\" ><div\n\t\t\t\n\t\t\tclass=\"so-widget-sow-editor so-widget-sow-editor-base\"\n\t\t\t\n\t\t>\n<div class=\"siteorigin-widget-tinymce textwidget\">\n\t<h3>Armaton surrning 35, l\u00e5ngdel<\/h3>\n<table style=\"width: 96.47%; border-collapse: collapse;\" border=\"1\">\n<tbody>\n<tr>\n<td style=\"width: 23.41%;\"><span style=\"font-size: 18px;\">\u00a0Artikelnummer<\/span><\/td>\n<td style=\"width: 73.04%;\"><span style=\"font-size: 18px;\">\u00a0 131310013<\/span><\/td>\n<\/tr>\n<tr>\n<td style=\"width: 23.41%;\"><span style=\"font-size: 18px;\">\u00a0Bredd<\/span><\/td>\n<td style=\"width: 73.04%;\"><span style=\"font-size: 18px;\">\u00a0 35 mm<\/span><\/td>\n<\/tr>\n<tr>\n<td style=\"width: 23.41%;\"><span style=\"font-size: 18px;\">\u00a0LC<\/span><\/td>\n<td style=\"width: 73.04%;\"><span style=\"font-size: 18px;\">\u00a0 1000 daN<\/span><\/td>\n<\/tr>\n<tr>\n<td style=\"width: 23.41%;\"><span style=\"font-size: 18px;\">\u00a0L\u00e5ngdel<\/span><\/td>\n<td style=\"width: 73.04%;\"><span style=\"font-size: 18px;\">\u00a0 5,45m med Armaton flat krok<\/span><\/td>\n<\/tr>\n<\/tbody>\n<\/table>\n<p>&nbsp;<\/p>\n<p>&nbsp;<\/p>\n<h3>Armaton surrning 35, kortdel<\/h3>\n<table style=\"width: 96.47%; border-collapse: collapse;\" border=\"1\">\n<tbody>\n<tr>\n<td style=\"width: 23.41%;\"><span style=\"font-size: 18px;\">\u00a0Artikelnummer<\/span><\/td>\n<td style=\"width: 73.04%;\"><span style=\"font-size: 18px;\">130910008<\/span><\/td>\n<\/tr>\n<tr>\n<td style=\"width: 23.41%;\"><span style=\"font-size: 18px;\">\u00a0Bredd<\/span><\/td>\n<td style=\"width: 73.04%;\"><span style=\"font-size: 18px;\">35 mm<\/span><\/td>\n<\/tr>\n<tr>\n<td style=\"width: 23.41%;\"><span style=\"font-size: 18px;\">\u00a0LC<\/span><\/td>\n<td style=\"width: 73.04%;\"><span style=\"font-size: 18px;\">1000 daN<\/span><\/td>\n<\/tr>\n<tr>\n<td style=\"width: 23.41%;\"><span style=\"font-size: 18px;\">\u00a0Kortdel<\/span><\/td>\n<td style=\"width: 73.04%;\"><span style=\"font-size: 18px;\">0,55m med Armaton flat krok<\/span><\/td>\n<\/tr>\n<\/tbody>\n<\/table>\n<p>&nbsp;<\/p>\n<p>&nbsp;<\/p>\n<\/div>\n<\/div><\/div><\/div><div id=\"pgc-w643ff1261f852-0-2\"  class=\"panel-grid-cell panel-grid-cell-empty\" ><\/div><\/div><\/div><\/div><\/div><\/div><\/div><\/div><\/div>","protected":false},"excerpt":{"rendered":"<p>&nbsp; Stegl\u00f6s lasts\u00e4kring Armaton-surrningen ing\u00e5r i Armatons 360-graders stegl\u00f6sa lastningss\u00e4kringssystem f\u00f6r Modular Platform. Den unika Armaton-surrningen \u00e4r integrerad i kantlinan och p\u00e5verkar d\u00e4rf\u00f6r inte lastutrymmet. Surrningen kan placeras var som helst l\u00e4ngs kantlinan, vilket skapar maximalt lastutrymme p\u00e5 flaket.\u00a0 &nbsp; Armaton surrning 35, 2-part \u00a0Artikelnummer \u00a0 130510011 \u00a0Bredd \u00a0 35 mm \u00a0LC \u00a0 1000 daN [&hellip;]<\/p>\n","protected":false},"author":2,"featured_media":0,"parent":0,"menu_order":0,"comment_status":"closed","ping_status":"closed","template":"","meta":{"footnotes":""},"class_list":["post-7152","page","type-page","status-publish","hentry"],"yoast_head":"<!-- This site is optimized with the Yoast SEO plugin v20.4 - https:\/\/yoast.com\/wordpress\/plugins\/seo\/ -->\n<title>Stegl\u00f6s lasts\u00e4kring - Armaton<\/title>\n<meta name=\"description\" content=\"Armaton-surrningen ing\u00e5r i Armatons 360-graders stegl\u00f6sa lastningss\u00e4kringssystem f\u00f6r Modular Platform. Den unika Armaton-surrningen \u00e4r integrerad i kantlinan och p\u00e5verkar d\u00e4rf\u00f6r inte lastutrymmet. Surrningen kan placeras var som helst l\u00e4ngs kantlinan, vilket skapar maximalt lastutrymme p\u00e5 flaket.\" \/>\n<meta name=\"robots\" content=\"index, follow, max-snippet:-1, max-image-preview:large, max-video-preview:-1\" \/>\n<link rel=\"canonical\" href=\"https:\/\/www.armaton.com\/sv\/steglos-lastsakring\/\" \/>\n<meta property=\"og:locale\" content=\"sv_SE\" \/>\n<meta property=\"og:type\" content=\"article\" \/>\n<meta property=\"og:title\" content=\"Stegl\u00f6s lasts\u00e4kring - Armaton\" \/>\n<meta property=\"og:description\" content=\"Armaton-surrningen ing\u00e5r i Armatons 360-graders stegl\u00f6sa lastningss\u00e4kringssystem f\u00f6r Modular Platform. Den unika Armaton-surrningen \u00e4r integrerad i kantlinan och p\u00e5verkar d\u00e4rf\u00f6r inte lastutrymmet. Surrningen kan placeras var som helst l\u00e4ngs kantlinan, vilket skapar maximalt lastutrymme p\u00e5 flaket.\" \/>\n<meta property=\"og:url\" content=\"https:\/\/www.armaton.com\/sv\/steglos-lastsakring\/\" \/>\n<meta property=\"og:site_name\" content=\"Armaton\" \/>\n<meta property=\"article:modified_time\" content=\"2024-01-16T09:00:13+00:00\" \/>\n<meta name=\"twitter:card\" content=\"summary_large_image\" \/>\n<meta name=\"twitter:label1\" content=\"Ber\u00e4knad l\u00e4stid\" \/>\n\t<meta name=\"twitter:data1\" content=\"1 minut\" \/>\n<script type=\"application\/ld+json\" class=\"yoast-schema-graph\">{\"@context\":\"https:\/\/schema.org\",\"@graph\":[{\"@type\":\"WebPage\",\"@id\":\"https:\/\/www.armaton.com\/sv\/steglos-lastsakring\/\",\"url\":\"https:\/\/www.armaton.com\/sv\/steglos-lastsakring\/\",\"name\":\"Stegl\u00f6s lasts\u00e4kring - Armaton\",\"isPartOf\":{\"@id\":\"https:\/\/www.armaton.com\/#website\"},\"datePublished\":\"2020-07-02T10:44:57+00:00\",\"dateModified\":\"2024-01-16T09:00:13+00:00\",\"description\":\"Armaton-surrningen ing\u00e5r i Armatons 360-graders stegl\u00f6sa lastningss\u00e4kringssystem f\u00f6r Modular Platform. Den unika Armaton-surrningen \u00e4r integrerad i kantlinan och p\u00e5verkar d\u00e4rf\u00f6r inte lastutrymmet. Surrningen kan placeras var som helst l\u00e4ngs kantlinan, vilket skapar maximalt lastutrymme p\u00e5 flaket.\",\"breadcrumb\":{\"@id\":\"https:\/\/www.armaton.com\/sv\/steglos-lastsakring\/#breadcrumb\"},\"inLanguage\":\"sv-SE\",\"potentialAction\":[{\"@type\":\"ReadAction\",\"target\":[\"https:\/\/www.armaton.com\/sv\/steglos-lastsakring\/\"]}]},{\"@type\":\"BreadcrumbList\",\"@id\":\"https:\/\/www.armaton.com\/sv\/steglos-lastsakring\/#breadcrumb\",\"itemListElement\":[{\"@type\":\"ListItem\",\"position\":1,\"name\":\"Home\",\"item\":\"https:\/\/www.armaton.com\/sv\/\"},{\"@type\":\"ListItem\",\"position\":2,\"name\":\"Stegl\u00f6s lasts\u00e4kring\"}]},{\"@type\":\"WebSite\",\"@id\":\"https:\/\/www.armaton.com\/#website\",\"url\":\"https:\/\/www.armaton.com\/\",\"name\":\"Armaton\",\"description\":\"Armaton Solutions \u2013 Desire To Improve\",\"potentialAction\":[{\"@type\":\"SearchAction\",\"target\":{\"@type\":\"EntryPoint\",\"urlTemplate\":\"https:\/\/www.armaton.com\/?s={search_term_string}\"},\"query-input\":\"required name=search_term_string\"}],\"inLanguage\":\"sv-SE\"}]}<\/script>\n<!-- \/ Yoast SEO plugin. -->","yoast_head_json":{"title":"Stegl\u00f6s lasts\u00e4kring - Armaton","description":"Armaton-surrningen ing\u00e5r i Armatons 360-graders stegl\u00f6sa lastningss\u00e4kringssystem f\u00f6r Modular Platform. Den unika Armaton-surrningen \u00e4r integrerad i kantlinan och p\u00e5verkar d\u00e4rf\u00f6r inte lastutrymmet. Surrningen kan placeras var som helst l\u00e4ngs kantlinan, vilket skapar maximalt lastutrymme p\u00e5 flaket.","robots":{"index":"index","follow":"follow","max-snippet":"max-snippet:-1","max-image-preview":"max-image-preview:large","max-video-preview":"max-video-preview:-1"},"canonical":"https:\/\/www.armaton.com\/sv\/steglos-lastsakring\/","og_locale":"sv_SE","og_type":"article","og_title":"Stegl\u00f6s lasts\u00e4kring - Armaton","og_description":"Armaton-surrningen ing\u00e5r i Armatons 360-graders stegl\u00f6sa lastningss\u00e4kringssystem f\u00f6r Modular Platform. Den unika Armaton-surrningen \u00e4r integrerad i kantlinan och p\u00e5verkar d\u00e4rf\u00f6r inte lastutrymmet. Surrningen kan placeras var som helst l\u00e4ngs kantlinan, vilket skapar maximalt lastutrymme p\u00e5 flaket.","og_url":"https:\/\/www.armaton.com\/sv\/steglos-lastsakring\/","og_site_name":"Armaton","article_modified_time":"2024-01-16T09:00:13+00:00","twitter_card":"summary_large_image","twitter_misc":{"Ber\u00e4knad l\u00e4stid":"1 minut"},"schema":{"@context":"https:\/\/schema.org","@graph":[{"@type":"WebPage","@id":"https:\/\/www.armaton.com\/sv\/steglos-lastsakring\/","url":"https:\/\/www.armaton.com\/sv\/steglos-lastsakring\/","name":"Stegl\u00f6s lasts\u00e4kring - Armaton","isPartOf":{"@id":"https:\/\/www.armaton.com\/#website"},"datePublished":"2020-07-02T10:44:57+00:00","dateModified":"2024-01-16T09:00:13+00:00","description":"Armaton-surrningen ing\u00e5r i Armatons 360-graders stegl\u00f6sa lastningss\u00e4kringssystem f\u00f6r Modular Platform. Den unika Armaton-surrningen \u00e4r integrerad i kantlinan och p\u00e5verkar d\u00e4rf\u00f6r inte lastutrymmet. Surrningen kan placeras var som helst l\u00e4ngs kantlinan, vilket skapar maximalt lastutrymme p\u00e5 flaket.","breadcrumb":{"@id":"https:\/\/www.armaton.com\/sv\/steglos-lastsakring\/#breadcrumb"},"inLanguage":"sv-SE","potentialAction":[{"@type":"ReadAction","target":["https:\/\/www.armaton.com\/sv\/steglos-lastsakring\/"]}]},{"@type":"BreadcrumbList","@id":"https:\/\/www.armaton.com\/sv\/steglos-lastsakring\/#breadcrumb","itemListElement":[{"@type":"ListItem","position":1,"name":"Home","item":"https:\/\/www.armaton.com\/sv\/"},{"@type":"ListItem","position":2,"name":"Stegl\u00f6s lasts\u00e4kring"}]},{"@type":"WebSite","@id":"https:\/\/www.armaton.com\/#website","url":"https:\/\/www.armaton.com\/","name":"Armaton","description":"Armaton Solutions \u2013 Desire To Improve","potentialAction":[{"@type":"SearchAction","target":{"@type":"EntryPoint","urlTemplate":"https:\/\/www.armaton.com\/?s={search_term_string}"},"query-input":"required name=search_term_string"}],"inLanguage":"sv-SE"}]}},"_links":{"self":[{"href":"https:\/\/www.armaton.com\/sv\/wp-json\/wp\/v2\/pages\/7152","targetHints":{"allow":["GET"]}}],"collection":[{"href":"https:\/\/www.armaton.com\/sv\/wp-json\/wp\/v2\/pages"}],"about":[{"href":"https:\/\/www.armaton.com\/sv\/wp-json\/wp\/v2\/types\/page"}],"author":[{"embeddable":true,"href":"https:\/\/www.armaton.com\/sv\/wp-json\/wp\/v2\/users\/2"}],"replies":[{"embeddable":true,"href":"https:\/\/www.armaton.com\/sv\/wp-json\/wp\/v2\/comments?post=7152"}],"version-history":[{"count":46,"href":"https:\/\/www.armaton.com\/sv\/wp-json\/wp\/v2\/pages\/7152\/revisions"}],"predecessor-version":[{"id":13283,"href":"https:\/\/www.armaton.com\/sv\/wp-json\/wp\/v2\/pages\/7152\/revisions\/13283"}],"wp:attachment":[{"href":"https:\/\/www.armaton.com\/sv\/wp-json\/wp\/v2\/media?parent=7152"}],"curies":[{"name":"wp","href":"https:\/\/api.w.org\/{rel}","templated":true}]}}