{"id":9013,"date":"2021-11-10T09:51:56","date_gmt":"2021-11-10T09:51:56","guid":{"rendered":"https:\/\/www.armaton.com\/?page_id=9013"},"modified":"2025-09-15T09:32:01","modified_gmt":"2025-09-15T09:32:01","slug":"mp-tillbehor","status":"publish","type":"page","link":"https:\/\/www.armaton.com\/sv\/mp-tillbehor\/","title":{"rendered":"Tillbeh\u00f6r Modular Platform"},"content":{"rendered":"<div id=\"pl-9013\"  class=\"panel-layout\" ><div id=\"pg-9013-0\"  class=\"panel-grid panel-has-style\" ><div class=\"siteorigin-panels-stretch panel-row-style panel-row-style-for-9013-0\" data-stretch-type=\"full-stretched\" ><div id=\"pgc-9013-0-0\"  class=\"panel-grid-cell\" ><div id=\"panel-9013-0-0-0\" class=\"so-panel widget widget_sow-image panel-first-child panel-last-child\" data-index=\"0\" ><div\n\t\t\t\n\t\t\tclass=\"so-widget-sow-image so-widget-sow-image-default-dbf295114b96-9013\"\n\t\t\t\n\t\t>\n\n<div class=\"sow-image-container\">\n\t\t<img decoding=\"async\" src=\"https:\/\/www.armaton.com\/wp-content\/uploads\/sites\/14\/2021\/11\/DSC01354700x550-768x603.jpg\" width=\"768\" height=\"603\" srcset=\"https:\/\/www.armaton.com\/wp-content\/uploads\/sites\/14\/2021\/11\/DSC01354700x550-768x603.jpg 768w, https:\/\/www.armaton.com\/wp-content\/uploads\/sites\/14\/2021\/11\/DSC01354700x550-300x236.jpg 300w, https:\/\/www.armaton.com\/wp-content\/uploads\/sites\/14\/2021\/11\/DSC01354700x550-1024x805.jpg 1024w, https:\/\/www.armaton.com\/wp-content\/uploads\/sites\/14\/2021\/11\/DSC01354700x550-600x471.jpg 600w\" sizes=\"auto, (max-width: 768px) 100vw, 768px\" title=\"DSC01354,700&#215;550\" alt=\"\" loading=\"lazy\" \t\tclass=\"so-widget-image\"\/>\n\t<\/div>\n\n<\/div><\/div><\/div><div id=\"pgc-9013-0-1\"  class=\"panel-grid-cell\" ><div id=\"panel-9013-0-1-0\" class=\"so-panel widget widget_siteorigin-panels-builder panel-first-child panel-last-child\" data-index=\"1\" ><div class=\"panel-widget-style panel-widget-style-for-9013-0-1-0\" ><div id=\"pl-w65bbbb309cdf6\"  class=\"panel-layout\" ><div id=\"pg-w65bbbb309cdf6-0\"  class=\"panel-grid panel-no-style\" ><div id=\"pgc-w65bbbb309cdf6-0-0\"  class=\"panel-grid-cell panel-grid-cell-empty\" ><\/div><div id=\"pgc-w65bbbb309cdf6-0-1\"  class=\"panel-grid-cell panel-grid-cell-mobile-last\" ><div id=\"panel-w65bbbb309cdf6-0-1-0\" class=\"so-panel widget widget_sow-editor panel-first-child\" data-index=\"0\" ><div\n\t\t\t\n\t\t\tclass=\"so-widget-sow-editor so-widget-sow-editor-base\"\n\t\t\t\n\t\t>\n<div class=\"siteorigin-widget-tinymce textwidget\">\n\t<p>&nbsp;<\/p>\n<h2>Armaton MP OneStep<\/h2>\n<p><span style=\"font-size: 18px;\">Armaton MP OneStep \u00e4r ett fotsteg som enkelt kan integreras i flaket p\u00e5 Armaton Modular Platform. Dess unika design erbjuder en l\u00f6sning som inte inkr\u00e4ktar p\u00e5 lastutrymmet och som bidrar till f\u00f6rb\u00e4ttrad arbetsmilj\u00f6.<br \/>\n<a href=\"https:\/\/forankra.bynder.com\/m\/15c09618b530dcd0\/original\/Armaton-MP-OneStep_SV.pdf\" target=\"_blank\" rel=\"noopener\">L\u00e4s mer &gt;&gt;<\/a><\/span><\/p>\n<\/div>\n<\/div><\/div><div id=\"panel-w65bbbb309cdf6-0-1-1\" class=\"so-panel widget widget_forankra-lightbox-widget panel-last-child\" data-index=\"1\" ><div\n\t\t\t\n\t\t\tclass=\"so-widget-forankra-lightbox-widget so-widget-forankra-lightbox-widget-default-d3709d59ff57\"\n\t\t\t\n\t\t><div id=\"icon-container\" class=\"center\">\n            <a class=\"trigger\" id=\"toggle-lightbox\" href=\"#lightbox\"><span class=\"sow-icon-fontawesome sow-far\" data-sow-icon=\"&#xf152;\"\n\t\t \n\t\taria-hidden=\"true\"><\/span><\/a>\n    <\/div>\n<div id=\"lightbox\">\n    <a href=\"#toggle-lightbox\" class=\"close-lightbox close-link\">\n        <div class=\"content\"><\/div>\n    <\/a>\n<\/div>\n\n<script>\n    const link = '<a href=\"#toggle-lightbox\" class=\"close close-link\"><span class=\"fa fa-close\"><\/span><\/a>';\n    const content = '<iframe id=\"video-player\" src=\"https:\/\/www.youtube.com\/embed\/b4cT66M1RXA?loop=1&playlist=b4cT66M1RXA&rel=0\"'; \n    document.querySelector('.trigger').addEventListener('click', ()=>{\n        document.querySelector('#lightbox .content').innerHTML = content + link;\n        document.querySelector('.close').addEventListener('click', ()=>{\n            document.querySelector('#lightbox  .content').innerHTML = '';\n        });\n    });\n\n    var closeLinks = document.querySelectorAll('.close-link');\n    closeLinks.forEach((link)=>{\n        link.addEventListener('click',()=>{\n            document.querySelector('#lightbox  .content').innerHTML = '';\n        })\n    });\n<\/script><\/div><\/div><\/div><div id=\"pgc-w65bbbb309cdf6-0-2\"  class=\"panel-grid-cell panel-grid-cell-empty\" ><\/div><\/div><\/div><\/div><\/div><\/div><\/div><\/div><div id=\"pg-9013-1\"  class=\"panel-grid panel-has-style\" ><div class=\"siteorigin-panels-stretch panel-row-style panel-row-style-for-9013-1\" data-stretch-type=\"full-stretched\" ><div id=\"pgc-9013-1-0\"  class=\"panel-grid-cell\" ><div id=\"panel-9013-1-0-0\" class=\"so-panel widget widget_siteorigin-panels-builder panel-first-child panel-last-child\" data-index=\"2\" ><div class=\"panel-widget-style panel-widget-style-for-9013-1-0-0\" ><div id=\"pl-w65bbbb309d749\"  class=\"panel-layout\" ><div id=\"pg-w65bbbb309d749-0\"  class=\"panel-grid panel-no-style\" ><div id=\"pgc-w65bbbb309d749-0-0\"  class=\"panel-grid-cell panel-grid-cell-empty\" ><\/div><div id=\"pgc-w65bbbb309d749-0-1\"  class=\"panel-grid-cell panel-grid-cell-mobile-last\" ><div id=\"panel-w65bbbb309d749-0-1-0\" class=\"so-panel widget widget_sow-editor panel-first-child panel-last-child\" data-index=\"0\" ><div\n\t\t\t\n\t\t\tclass=\"so-widget-sow-editor so-widget-sow-editor-base\"\n\t\t\t\n\t\t>\n<div class=\"siteorigin-widget-tinymce textwidget\">\n\t<h2>Armaton MP LongGoods<\/h2>\n<p><span style=\"font-size: 18px;\">Armaton MP LongGoods g\u00f6r det m\u00f6jligt att transportera l\u00e5ngt gods p\u00e5 ett s\u00e4kert och tryggt s\u00e4tt p\u00e5 l\u00e4tta transportfordon. L\u00e5nggodsh\u00e5llaren monteras i Armaton Modular Platform\u2019s bakre flakstolpar och tillsammans med framstammen erh\u00e5lls en komplett l\u00f6sning f\u00f6r hantering av l\u00e5nggods.<br \/>\n<a href=\"https:\/\/forankra.bynder.com\/m\/5cb11789bc1474dd\/original\/Armaton-MP-LongGoods_SV.pdf\" target=\"_blank\" rel=\"noopener\">L\u00e4s mer &gt;&gt;<\/a><\/span><\/p>\n<\/div>\n<\/div><\/div><\/div><div id=\"pgc-w65bbbb309d749-0-2\"  class=\"panel-grid-cell panel-grid-cell-empty\" ><\/div><\/div><\/div><\/div><\/div><\/div><div id=\"pgc-9013-1-1\"  class=\"panel-grid-cell\" ><div id=\"panel-9013-1-1-0\" class=\"so-panel widget widget_sow-image panel-first-child panel-last-child\" data-index=\"3\" ><div\n\t\t\t\n\t\t\tclass=\"so-widget-sow-image so-widget-sow-image-default-dbf295114b96-9013\"\n\t\t\t\n\t\t>\n\n<div class=\"sow-image-container\">\n\t\t<img decoding=\"async\" src=\"https:\/\/www.armaton.com\/wp-content\/uploads\/sites\/14\/2023\/11\/Long-goods_1700x500.jpg\" width=\"700\" height=\"500\" srcset=\"https:\/\/www.armaton.com\/wp-content\/uploads\/sites\/14\/2023\/11\/Long-goods_1700x500.jpg 700w, https:\/\/www.armaton.com\/wp-content\/uploads\/sites\/14\/2023\/11\/Long-goods_1700x500-300x214.jpg 300w, https:\/\/www.armaton.com\/wp-content\/uploads\/sites\/14\/2023\/11\/Long-goods_1700x500-600x429.jpg 600w\" sizes=\"auto, (max-width: 700px) 100vw, 700px\" title=\"Long goods_1,700&#215;500\" alt=\"\" loading=\"lazy\" \t\tclass=\"so-widget-image\"\/>\n\t<\/div>\n\n<\/div><\/div><\/div><\/div><\/div><\/div>","protected":false},"excerpt":{"rendered":"<p>&nbsp; Armaton MP OneStep Armaton MP OneStep \u00e4r ett fotsteg som enkelt kan integreras i flaket p\u00e5 Armaton Modular Platform. Dess unika design erbjuder en l\u00f6sning som inte inkr\u00e4ktar p\u00e5 lastutrymmet och som bidrar till f\u00f6rb\u00e4ttrad arbetsmilj\u00f6. L\u00e4s mer &gt;&gt; Armaton MP LongGoods Armaton MP LongGoods g\u00f6r det m\u00f6jligt att transportera l\u00e5ngt gods p\u00e5 ett [&hellip;]<\/p>\n","protected":false},"author":2,"featured_media":0,"parent":0,"menu_order":0,"comment_status":"closed","ping_status":"closed","template":"","meta":{"footnotes":""},"class_list":["post-9013","page","type-page","status-publish","hentry"],"yoast_head":"<!-- This site is optimized with the Yoast SEO plugin v20.4 - https:\/\/yoast.com\/wordpress\/plugins\/seo\/ -->\n<title>Tillbeh\u00f6r Modular Platform - Armaton<\/title>\n<meta name=\"description\" content=\"Det finns m\u00e5nga olika tillbeh\u00f6r till Armaton Modular Platform. L\u00e4s mer om vad som finns h\u00e4r.\" \/>\n<meta name=\"robots\" content=\"index, follow, max-snippet:-1, max-image-preview:large, max-video-preview:-1\" \/>\n<link rel=\"canonical\" href=\"https:\/\/www.armaton.com\/sv\/mp-tillbehor\/\" \/>\n<meta property=\"og:locale\" content=\"sv_SE\" \/>\n<meta property=\"og:type\" content=\"article\" \/>\n<meta property=\"og:title\" content=\"Tillbeh\u00f6r Modular Platform - Armaton\" \/>\n<meta property=\"og:description\" content=\"Det finns m\u00e5nga olika tillbeh\u00f6r till Armaton Modular Platform. L\u00e4s mer om vad som finns h\u00e4r.\" \/>\n<meta property=\"og:url\" content=\"https:\/\/www.armaton.com\/sv\/mp-tillbehor\/\" \/>\n<meta property=\"og:site_name\" content=\"Armaton\" \/>\n<meta property=\"article:modified_time\" content=\"2025-09-15T09:32:01+00:00\" \/>\n<meta name=\"twitter:card\" content=\"summary_large_image\" \/>\n<meta name=\"twitter:label1\" content=\"Ber\u00e4knad l\u00e4stid\" \/>\n\t<meta name=\"twitter:data1\" content=\"1 minut\" \/>\n<script type=\"application\/ld+json\" class=\"yoast-schema-graph\">{\"@context\":\"https:\/\/schema.org\",\"@graph\":[{\"@type\":\"WebPage\",\"@id\":\"https:\/\/www.armaton.com\/sv\/mp-tillbehor\/\",\"url\":\"https:\/\/www.armaton.com\/sv\/mp-tillbehor\/\",\"name\":\"Tillbeh\u00f6r Modular Platform - Armaton\",\"isPartOf\":{\"@id\":\"https:\/\/www.armaton.com\/#website\"},\"datePublished\":\"2021-11-10T09:51:56+00:00\",\"dateModified\":\"2025-09-15T09:32:01+00:00\",\"description\":\"Det finns m\u00e5nga olika tillbeh\u00f6r till Armaton Modular Platform. L\u00e4s mer om vad som finns h\u00e4r.\",\"breadcrumb\":{\"@id\":\"https:\/\/www.armaton.com\/sv\/mp-tillbehor\/#breadcrumb\"},\"inLanguage\":\"sv-SE\",\"potentialAction\":[{\"@type\":\"ReadAction\",\"target\":[\"https:\/\/www.armaton.com\/sv\/mp-tillbehor\/\"]}]},{\"@type\":\"BreadcrumbList\",\"@id\":\"https:\/\/www.armaton.com\/sv\/mp-tillbehor\/#breadcrumb\",\"itemListElement\":[{\"@type\":\"ListItem\",\"position\":1,\"name\":\"Home\",\"item\":\"https:\/\/www.armaton.com\/sv\/\"},{\"@type\":\"ListItem\",\"position\":2,\"name\":\"Tillbeh\u00f6r Modular Platform\"}]},{\"@type\":\"WebSite\",\"@id\":\"https:\/\/www.armaton.com\/#website\",\"url\":\"https:\/\/www.armaton.com\/\",\"name\":\"Armaton\",\"description\":\"Armaton Solutions \u2013 Desire To Improve\",\"potentialAction\":[{\"@type\":\"SearchAction\",\"target\":{\"@type\":\"EntryPoint\",\"urlTemplate\":\"https:\/\/www.armaton.com\/?s={search_term_string}\"},\"query-input\":\"required name=search_term_string\"}],\"inLanguage\":\"sv-SE\"}]}<\/script>\n<!-- \/ Yoast SEO plugin. -->","yoast_head_json":{"title":"Tillbeh\u00f6r Modular Platform - Armaton","description":"Det finns m\u00e5nga olika tillbeh\u00f6r till Armaton Modular Platform. L\u00e4s mer om vad som finns h\u00e4r.","robots":{"index":"index","follow":"follow","max-snippet":"max-snippet:-1","max-image-preview":"max-image-preview:large","max-video-preview":"max-video-preview:-1"},"canonical":"https:\/\/www.armaton.com\/sv\/mp-tillbehor\/","og_locale":"sv_SE","og_type":"article","og_title":"Tillbeh\u00f6r Modular Platform - Armaton","og_description":"Det finns m\u00e5nga olika tillbeh\u00f6r till Armaton Modular Platform. L\u00e4s mer om vad som finns h\u00e4r.","og_url":"https:\/\/www.armaton.com\/sv\/mp-tillbehor\/","og_site_name":"Armaton","article_modified_time":"2025-09-15T09:32:01+00:00","twitter_card":"summary_large_image","twitter_misc":{"Ber\u00e4knad l\u00e4stid":"1 minut"},"schema":{"@context":"https:\/\/schema.org","@graph":[{"@type":"WebPage","@id":"https:\/\/www.armaton.com\/sv\/mp-tillbehor\/","url":"https:\/\/www.armaton.com\/sv\/mp-tillbehor\/","name":"Tillbeh\u00f6r Modular Platform - Armaton","isPartOf":{"@id":"https:\/\/www.armaton.com\/#website"},"datePublished":"2021-11-10T09:51:56+00:00","dateModified":"2025-09-15T09:32:01+00:00","description":"Det finns m\u00e5nga olika tillbeh\u00f6r till Armaton Modular Platform. L\u00e4s mer om vad som finns h\u00e4r.","breadcrumb":{"@id":"https:\/\/www.armaton.com\/sv\/mp-tillbehor\/#breadcrumb"},"inLanguage":"sv-SE","potentialAction":[{"@type":"ReadAction","target":["https:\/\/www.armaton.com\/sv\/mp-tillbehor\/"]}]},{"@type":"BreadcrumbList","@id":"https:\/\/www.armaton.com\/sv\/mp-tillbehor\/#breadcrumb","itemListElement":[{"@type":"ListItem","position":1,"name":"Home","item":"https:\/\/www.armaton.com\/sv\/"},{"@type":"ListItem","position":2,"name":"Tillbeh\u00f6r Modular Platform"}]},{"@type":"WebSite","@id":"https:\/\/www.armaton.com\/#website","url":"https:\/\/www.armaton.com\/","name":"Armaton","description":"Armaton Solutions \u2013 Desire To Improve","potentialAction":[{"@type":"SearchAction","target":{"@type":"EntryPoint","urlTemplate":"https:\/\/www.armaton.com\/?s={search_term_string}"},"query-input":"required name=search_term_string"}],"inLanguage":"sv-SE"}]}},"_links":{"self":[{"href":"https:\/\/www.armaton.com\/sv\/wp-json\/wp\/v2\/pages\/9013","targetHints":{"allow":["GET"]}}],"collection":[{"href":"https:\/\/www.armaton.com\/sv\/wp-json\/wp\/v2\/pages"}],"about":[{"href":"https:\/\/www.armaton.com\/sv\/wp-json\/wp\/v2\/types\/page"}],"author":[{"embeddable":true,"href":"https:\/\/www.armaton.com\/sv\/wp-json\/wp\/v2\/users\/2"}],"replies":[{"embeddable":true,"href":"https:\/\/www.armaton.com\/sv\/wp-json\/wp\/v2\/comments?post=9013"}],"version-history":[{"count":27,"href":"https:\/\/www.armaton.com\/sv\/wp-json\/wp\/v2\/pages\/9013\/revisions"}],"predecessor-version":[{"id":14026,"href":"https:\/\/www.armaton.com\/sv\/wp-json\/wp\/v2\/pages\/9013\/revisions\/14026"}],"wp:attachment":[{"href":"https:\/\/www.armaton.com\/sv\/wp-json\/wp\/v2\/media?parent=9013"}],"curies":[{"name":"wp","href":"https:\/\/api.w.org\/{rel}","templated":true}]}}